{"id":107066,"date":"2024-10-21T15:24:50","date_gmt":"2024-10-21T13:24:50","guid":{"rendered":"https:\/\/letrame.com\/catalogo\/?post_type=product&#038;p=107066"},"modified":"2026-01-28T16:30:14","modified_gmt":"2026-01-28T15:30:14","slug":"la-elegida-del-mal","status":"publish","type":"product","link":"https:\/\/letrame.com\/catalogo\/producto\/la-elegida-del-mal\/","title":{"rendered":"La elegida del mal. 4\u00ba Edici\u00f3n"},"content":{"rendered":"<p class=\"p1\">ISBN: 979-13-7029-190-7<\/p>\n<p class=\"p1\">T\u00edtulo: La elegida del mal. El exorcismo de Sara<br \/>\nFecha: 2024<br \/>\nP\u00e1ginas: 268<\/p>\n<p class=\"p1\">SINOPSIS<\/p>\n<p>La vida de la joven Sara da un giro aterrador al ser pose\u00edda por un ente diab\u00f3lico que amenaza con acabar con su vida y arrastrar su alma hasta lo m\u00e1s profundo del infierno. Desesperadamente, sus padres recurren a la Iglesia como \u00faltima tabla de salvaci\u00f3n. Un sacerdote, especialista en exorcismos, junto con su equipo formado por su fiel amigo, el doctor Amadeo Subirats, y una joven e inexperta novicia, la hermana Luz, luchar\u00e1n contra todos los elementos para intentar salvar el alma de la joven de las garras del diablo.<\/p>\n<p>Al mismo tiempo, dos polic\u00edas locales se inmiscuir\u00e1n en la investigaci\u00f3n de los sobrecogedores hechos paranormales que envuelven el misterioso exorcismo en la ciudad de Callosa de Segura.<\/p>\n<p>La trama sacro-policial se desarrolla en tres importantes ciudades de la provincia de Alicante: Elche, Orihuela y Callosa de Segura; poblaciones que esconden oscuros secretos, desde tiempo inmemoriales, que aderezar\u00e1n el suspense y la intriga en cada recoveco de la novela.<\/p>\n<p>Ra\u00fal Olivares Sepulcre nos ofrece en <em>La elegida del mal<\/em> una inquietante narrativa que sumergir\u00e1 al lector en el mundo de los exorcismos, intentando respetar los aspectos teol\u00f3gicos relacionados con el mundo de los \u00e1ngeles ca\u00eddos as\u00ed como los estipulados en el Ritual Romano de Exorcismos, con la pretensi\u00f3n de generar en el lector una sensaci\u00f3n de terror psicol\u00f3gico que inunde sus pensamientos y le permita reflexionar sobre la delgada l\u00ednea que separa el bien del mal, el cielo del infierno, en definitiva, Dios del diablo.<\/p>\n<p>&nbsp;<\/p>\n","protected":false},"excerpt":{"rendered":"<p class=\"p1\">ISBN: 979-13-7029-190-7<\/p>\n<p class=\"p1\">SINOPSIS<\/p>\n<p>La vida de la joven Sara da un giro aterrador al ser pose\u00edda por un ente diab\u00f3lico que amenaza con acabar con su vida y arrastrar su alma hasta lo m\u00e1s profundo del infierno. Desesperadamente, sus padres recurren a la Iglesia como \u00faltima tabla de salvaci\u00f3n. Un sacerdote, especialista en exorcismos, junto con su equipo formado por su fiel amigo, el doctor Amadeo Subirats, y una joven e inexperta novicia, la hermana Luz, luchar\u00e1n contra todos los elementos para intentar salvar el alma de la joven de las garras del diablo.<\/p>\n<p>&nbsp;<\/p>\n<p>Al mismo tiempo, dos polic\u00edas locales se inmiscuir\u00e1n en la investigaci\u00f3n de los sobrecogedores hechos paranormales que envuelven el misterioso exorcismo en la ciudad de Callosa de Segura.<\/p>\n<p>&nbsp;<\/p>\n<p>La trama sacro-policial se desarrolla en tres importantes ciudades de la provincia de Alicante: Elche, Orihuela y Callosa de Segura; poblaciones que esconden oscuros secretos, desde tiempo inmemoriales, que aderezar\u00e1n el suspense y la intriga en cada recoveco de la novela.<\/p>\n<p>&nbsp;<\/p>\n<p>Ra\u00fal Olivares Sepulcre nos ofrece en <em>La elegida del mal<\/em> una inquietante narrativa que sumergir\u00e1 al lector en el mundo de los exorcismos, intentando respetar los aspectos teol\u00f3gicos relacionados con el mundo de los \u00e1ngeles ca\u00eddos as\u00ed como los estipulados en el Ritual Romano de Exorcismos, con la pretensi\u00f3n de generar en el lector una sensaci\u00f3n de terror psicol\u00f3gico que inunde sus pensamientos y le permita reflexionar sobre la delgada l\u00ednea que separa el bien del mal, el cielo del infierno, en definitiva, Dios del diablo.<\/p>\n<p>&nbsp;<\/p>\n","protected":false},"featured_media":110898,"comment_status":"open","ping_status":"closed","template":"","meta":{"_acf_changed":false},"libro":[],"product_brand":[],"product_cat":[132],"product_tag":[],"class_list":{"0":"post-107066","1":"product","2":"type-product","3":"status-publish","4":"has-post-thumbnail","6":"product_cat-terror","8":"first","9":"instock","10":"shipping-taxable","11":"product-type-simple"},"acf":{"autor":[107067],"enlace_de_compra":"https:\/\/www.amazon.es\/elegida-del-mal-exorcismo-Sara\/dp\/B0G25T6PP2\/ref=sr_1_1?__mk_es_ES=%C3%85M%C3%85%C5%BD%C3%95%C3%91&crid=23WWIBR4BZ0WJ&dib=eyJ2IjoiMSJ9.Jhhqp3_m_Zvqjgc1TV4Qjw.j-mBboHbfEh6eNELRPu9KpqN0_l7nfzwqBlUZIxxGCk&dib_tag=se&keywords=9791370291907&qid=1769613989&sprefix=9791370291907%2Caps%2C289&sr=8-1"},"yoast_head":"<!-- This site is optimized with the Yoast SEO plugin v26.6 - https:\/\/yoast.com\/wordpress\/plugins\/seo\/ -->\n<title>La elegida del mal. 4\u00ba Edici\u00f3n - Catalogo | Letrame Grupo Editorial<\/title>\n<meta name=\"robots\" content=\"index, follow, max-snippet:-1, max-image-preview:large, max-video-preview:-1\" \/>\n<link rel=\"canonical\" href=\"https:\/\/letrame.com\/catalogo\/producto\/la-elegida-del-mal\/\" \/>\n<meta property=\"og:locale\" content=\"es_ES\" \/>\n<meta property=\"og:type\" content=\"article\" \/>\n<meta property=\"og:title\" content=\"La elegida del mal. 4\u00ba Edici\u00f3n - Catalogo | Letrame Grupo Editorial\" \/>\n<meta property=\"og:description\" content=\"ISBN: 979-13-7029-190-7 SINOPSIS La vida de la joven Sara da un giro aterrador al ser pose\u00edda por un ente diab\u00f3lico que amenaza con acabar con su vida y arrastrar su alma hasta lo m\u00e1s profundo del infierno. Desesperadamente, sus padres recurren a la Iglesia como \u00faltima tabla de salvaci\u00f3n. Un sacerdote, especialista en exorcismos, junto con su equipo formado por su fiel amigo, el doctor Amadeo Subirats, y una joven e inexperta novicia, la hermana Luz, luchar\u00e1n contra todos los elementos para intentar salvar el alma de la joven de las garras del diablo.  &nbsp;  Al mismo tiempo, dos polic\u00edas locales se inmiscuir\u00e1n en la investigaci\u00f3n de los sobrecogedores hechos paranormales que envuelven el misterioso exorcismo en la ciudad de Callosa de Segura.  &nbsp;  La trama sacro-policial se desarrolla en tres importantes ciudades de la provincia de Alicante: Elche, Orihuela y Callosa de Segura; poblaciones que esconden oscuros secretos, desde tiempo inmemoriales, que aderezar\u00e1n el suspense y la intriga en cada recoveco de la novela.  &nbsp;  Ra\u00fal Olivares Sepulcre nos ofrece en La elegida del mal una inquietante narrativa que sumergir\u00e1 al lector en el mundo de los exorcismos, intentando respetar los aspectos teol\u00f3gicos relacionados con el mundo de los \u00e1ngeles ca\u00eddos as\u00ed como los estipulados en el Ritual Romano de Exorcismos, con la pretensi\u00f3n de generar en el lector una sensaci\u00f3n de terror psicol\u00f3gico que inunde sus pensamientos y le permita reflexionar sobre la delgada l\u00ednea que separa el bien del mal, el cielo del infierno, en definitiva, Dios del diablo.  &nbsp;\" \/>\n<meta property=\"og:url\" content=\"https:\/\/letrame.com\/catalogo\/producto\/la-elegida-del-mal\/\" \/>\n<meta property=\"og:site_name\" content=\"Catalogo | Letrame Grupo Editorial\" \/>\n<meta property=\"article:modified_time\" content=\"2026-01-28T15:30:14+00:00\" \/>\n<meta property=\"og:image\" content=\"https:\/\/letrame.com\/catalogo\/wp-content\/uploads\/2024\/10\/nueva_laelegidadelmal_1343mm4-scaled.jpg\" \/>\n\t<meta property=\"og:image:width\" content=\"1745\" \/>\n\t<meta property=\"og:image:height\" content=\"2560\" \/>\n\t<meta property=\"og:image:type\" content=\"image\/jpeg\" \/>\n<meta name=\"twitter:card\" content=\"summary_large_image\" \/>\n<meta name=\"twitter:label1\" content=\"Tiempo de lectura\" \/>\n\t<meta name=\"twitter:data1\" content=\"2 minutos\" \/>\n<script type=\"application\/ld+json\" class=\"yoast-schema-graph\">{\"@context\":\"https:\/\/schema.org\",\"@graph\":[{\"@type\":\"WebPage\",\"@id\":\"https:\/\/letrame.com\/catalogo\/producto\/la-elegida-del-mal\/\",\"url\":\"https:\/\/letrame.com\/catalogo\/producto\/la-elegida-del-mal\/\",\"name\":\"La elegida del mal. 4\u00ba Edici\u00f3n - Catalogo | Letrame Grupo Editorial\",\"isPartOf\":{\"@id\":\"https:\/\/letrame.com\/catalogo\/#website\"},\"primaryImageOfPage\":{\"@id\":\"https:\/\/letrame.com\/catalogo\/producto\/la-elegida-del-mal\/#primaryimage\"},\"image\":{\"@id\":\"https:\/\/letrame.com\/catalogo\/producto\/la-elegida-del-mal\/#primaryimage\"},\"thumbnailUrl\":\"https:\/\/letrame.com\/catalogo\/wp-content\/uploads\/2024\/10\/nueva_laelegidadelmal_1343mm4-scaled.jpg\",\"datePublished\":\"2024-10-21T13:24:50+00:00\",\"dateModified\":\"2026-01-28T15:30:14+00:00\",\"breadcrumb\":{\"@id\":\"https:\/\/letrame.com\/catalogo\/producto\/la-elegida-del-mal\/#breadcrumb\"},\"inLanguage\":\"es\",\"potentialAction\":[{\"@type\":\"ReadAction\",\"target\":[\"https:\/\/letrame.com\/catalogo\/producto\/la-elegida-del-mal\/\"]}]},{\"@type\":\"ImageObject\",\"inLanguage\":\"es\",\"@id\":\"https:\/\/letrame.com\/catalogo\/producto\/la-elegida-del-mal\/#primaryimage\",\"url\":\"https:\/\/letrame.com\/catalogo\/wp-content\/uploads\/2024\/10\/nueva_laelegidadelmal_1343mm4-scaled.jpg\",\"contentUrl\":\"https:\/\/letrame.com\/catalogo\/wp-content\/uploads\/2024\/10\/nueva_laelegidadelmal_1343mm4-scaled.jpg\",\"width\":1745,\"height\":2560},{\"@type\":\"BreadcrumbList\",\"@id\":\"https:\/\/letrame.com\/catalogo\/producto\/la-elegida-del-mal\/#breadcrumb\",\"itemListElement\":[{\"@type\":\"ListItem\",\"position\":1,\"name\":\"Portada\",\"item\":\"https:\/\/letrame.com\/catalogo\/\"},{\"@type\":\"ListItem\",\"position\":2,\"name\":\"Cat\u00e1logo\",\"item\":\"https:\/\/letrame.com\/catalogo\/\"},{\"@type\":\"ListItem\",\"position\":3,\"name\":\"La elegida del mal. 4\u00ba Edici\u00f3n\"}]},{\"@type\":\"WebSite\",\"@id\":\"https:\/\/letrame.com\/catalogo\/#website\",\"url\":\"https:\/\/letrame.com\/catalogo\/\",\"name\":\"Catalogo | Letrame Grupo Editorial\",\"description\":\"\",\"publisher\":{\"@id\":\"https:\/\/letrame.com\/catalogo\/#organization\"},\"potentialAction\":[{\"@type\":\"SearchAction\",\"target\":{\"@type\":\"EntryPoint\",\"urlTemplate\":\"https:\/\/letrame.com\/catalogo\/?s={search_term_string}\"},\"query-input\":{\"@type\":\"PropertyValueSpecification\",\"valueRequired\":true,\"valueName\":\"search_term_string\"}}],\"inLanguage\":\"es\"},{\"@type\":\"Organization\",\"@id\":\"https:\/\/letrame.com\/catalogo\/#organization\",\"name\":\"Catalogo | Letrame Grupo Editorial\",\"url\":\"https:\/\/letrame.com\/catalogo\/\",\"logo\":{\"@type\":\"ImageObject\",\"inLanguage\":\"es\",\"@id\":\"https:\/\/letrame.com\/catalogo\/#\/schema\/logo\/image\/\",\"url\":\"https:\/\/letrame.com\/catalogo\/wp-content\/uploads\/2024\/03\/logo2.webp\",\"contentUrl\":\"https:\/\/letrame.com\/catalogo\/wp-content\/uploads\/2024\/03\/logo2.webp\",\"width\":394,\"height\":128,\"caption\":\"Catalogo | Letrame Grupo Editorial\"},\"image\":{\"@id\":\"https:\/\/letrame.com\/catalogo\/#\/schema\/logo\/image\/\"}}]}<\/script>\n<!-- \/ Yoast SEO plugin. -->","yoast_head_json":{"title":"La elegida del mal. 4\u00ba Edici\u00f3n - Catalogo | Letrame Grupo Editorial","robots":{"index":"index","follow":"follow","max-snippet":"max-snippet:-1","max-image-preview":"max-image-preview:large","max-video-preview":"max-video-preview:-1"},"canonical":"https:\/\/letrame.com\/catalogo\/producto\/la-elegida-del-mal\/","og_locale":"es_ES","og_type":"article","og_title":"La elegida del mal. 4\u00ba Edici\u00f3n - Catalogo | Letrame Grupo Editorial","og_description":"ISBN: 979-13-7029-190-7 SINOPSIS La vida de la joven Sara da un giro aterrador al ser pose\u00edda por un ente diab\u00f3lico que amenaza con acabar con su vida y arrastrar su alma hasta lo m\u00e1s profundo del infierno. Desesperadamente, sus padres recurren a la Iglesia como \u00faltima tabla de salvaci\u00f3n. Un sacerdote, especialista en exorcismos, junto con su equipo formado por su fiel amigo, el doctor Amadeo Subirats, y una joven e inexperta novicia, la hermana Luz, luchar\u00e1n contra todos los elementos para intentar salvar el alma de la joven de las garras del diablo.  &nbsp;  Al mismo tiempo, dos polic\u00edas locales se inmiscuir\u00e1n en la investigaci\u00f3n de los sobrecogedores hechos paranormales que envuelven el misterioso exorcismo en la ciudad de Callosa de Segura.  &nbsp;  La trama sacro-policial se desarrolla en tres importantes ciudades de la provincia de Alicante: Elche, Orihuela y Callosa de Segura; poblaciones que esconden oscuros secretos, desde tiempo inmemoriales, que aderezar\u00e1n el suspense y la intriga en cada recoveco de la novela.  &nbsp;  Ra\u00fal Olivares Sepulcre nos ofrece en La elegida del mal una inquietante narrativa que sumergir\u00e1 al lector en el mundo de los exorcismos, intentando respetar los aspectos teol\u00f3gicos relacionados con el mundo de los \u00e1ngeles ca\u00eddos as\u00ed como los estipulados en el Ritual Romano de Exorcismos, con la pretensi\u00f3n de generar en el lector una sensaci\u00f3n de terror psicol\u00f3gico que inunde sus pensamientos y le permita reflexionar sobre la delgada l\u00ednea que separa el bien del mal, el cielo del infierno, en definitiva, Dios del diablo.  &nbsp;","og_url":"https:\/\/letrame.com\/catalogo\/producto\/la-elegida-del-mal\/","og_site_name":"Catalogo | Letrame Grupo Editorial","article_modified_time":"2026-01-28T15:30:14+00:00","og_image":[{"width":1745,"height":2560,"url":"https:\/\/letrame.com\/catalogo\/wp-content\/uploads\/2024\/10\/nueva_laelegidadelmal_1343mm4-scaled.jpg","type":"image\/jpeg"}],"twitter_card":"summary_large_image","twitter_misc":{"Tiempo de lectura":"2 minutos"},"schema":{"@context":"https:\/\/schema.org","@graph":[{"@type":"WebPage","@id":"https:\/\/letrame.com\/catalogo\/producto\/la-elegida-del-mal\/","url":"https:\/\/letrame.com\/catalogo\/producto\/la-elegida-del-mal\/","name":"La elegida del mal. 4\u00ba Edici\u00f3n - Catalogo | Letrame Grupo Editorial","isPartOf":{"@id":"https:\/\/letrame.com\/catalogo\/#website"},"primaryImageOfPage":{"@id":"https:\/\/letrame.com\/catalogo\/producto\/la-elegida-del-mal\/#primaryimage"},"image":{"@id":"https:\/\/letrame.com\/catalogo\/producto\/la-elegida-del-mal\/#primaryimage"},"thumbnailUrl":"https:\/\/letrame.com\/catalogo\/wp-content\/uploads\/2024\/10\/nueva_laelegidadelmal_1343mm4-scaled.jpg","datePublished":"2024-10-21T13:24:50+00:00","dateModified":"2026-01-28T15:30:14+00:00","breadcrumb":{"@id":"https:\/\/letrame.com\/catalogo\/producto\/la-elegida-del-mal\/#breadcrumb"},"inLanguage":"es","potentialAction":[{"@type":"ReadAction","target":["https:\/\/letrame.com\/catalogo\/producto\/la-elegida-del-mal\/"]}]},{"@type":"ImageObject","inLanguage":"es","@id":"https:\/\/letrame.com\/catalogo\/producto\/la-elegida-del-mal\/#primaryimage","url":"https:\/\/letrame.com\/catalogo\/wp-content\/uploads\/2024\/10\/nueva_laelegidadelmal_1343mm4-scaled.jpg","contentUrl":"https:\/\/letrame.com\/catalogo\/wp-content\/uploads\/2024\/10\/nueva_laelegidadelmal_1343mm4-scaled.jpg","width":1745,"height":2560},{"@type":"BreadcrumbList","@id":"https:\/\/letrame.com\/catalogo\/producto\/la-elegida-del-mal\/#breadcrumb","itemListElement":[{"@type":"ListItem","position":1,"name":"Portada","item":"https:\/\/letrame.com\/catalogo\/"},{"@type":"ListItem","position":2,"name":"Cat\u00e1logo","item":"https:\/\/letrame.com\/catalogo\/"},{"@type":"ListItem","position":3,"name":"La elegida del mal. 4\u00ba Edici\u00f3n"}]},{"@type":"WebSite","@id":"https:\/\/letrame.com\/catalogo\/#website","url":"https:\/\/letrame.com\/catalogo\/","name":"Catalogo | Letrame Grupo Editorial","description":"","publisher":{"@id":"https:\/\/letrame.com\/catalogo\/#organization"},"potentialAction":[{"@type":"SearchAction","target":{"@type":"EntryPoint","urlTemplate":"https:\/\/letrame.com\/catalogo\/?s={search_term_string}"},"query-input":{"@type":"PropertyValueSpecification","valueRequired":true,"valueName":"search_term_string"}}],"inLanguage":"es"},{"@type":"Organization","@id":"https:\/\/letrame.com\/catalogo\/#organization","name":"Catalogo | Letrame Grupo Editorial","url":"https:\/\/letrame.com\/catalogo\/","logo":{"@type":"ImageObject","inLanguage":"es","@id":"https:\/\/letrame.com\/catalogo\/#\/schema\/logo\/image\/","url":"https:\/\/letrame.com\/catalogo\/wp-content\/uploads\/2024\/03\/logo2.webp","contentUrl":"https:\/\/letrame.com\/catalogo\/wp-content\/uploads\/2024\/03\/logo2.webp","width":394,"height":128,"caption":"Catalogo | Letrame Grupo Editorial"},"image":{"@id":"https:\/\/letrame.com\/catalogo\/#\/schema\/logo\/image\/"}}]}},"_links":{"self":[{"href":"https:\/\/letrame.com\/catalogo\/wp-json\/wp\/v2\/product\/107066","targetHints":{"allow":["GET"]}}],"collection":[{"href":"https:\/\/letrame.com\/catalogo\/wp-json\/wp\/v2\/product"}],"about":[{"href":"https:\/\/letrame.com\/catalogo\/wp-json\/wp\/v2\/types\/product"}],"replies":[{"embeddable":true,"href":"https:\/\/letrame.com\/catalogo\/wp-json\/wp\/v2\/comments?post=107066"}],"acf:post":[{"embeddable":true,"href":"https:\/\/letrame.com\/catalogo\/wp-json\/wp\/v2\/author_book\/107067"}],"wp:featuredmedia":[{"embeddable":true,"href":"https:\/\/letrame.com\/catalogo\/wp-json\/wp\/v2\/media\/110898"}],"wp:attachment":[{"href":"https:\/\/letrame.com\/catalogo\/wp-json\/wp\/v2\/media?parent=107066"}],"wp:term":[{"taxonomy":"libro","embeddable":true,"href":"https:\/\/letrame.com\/catalogo\/wp-json\/wp\/v2\/libro?post=107066"},{"taxonomy":"product_brand","embeddable":true,"href":"https:\/\/letrame.com\/catalogo\/wp-json\/wp\/v2\/product_brand?post=107066"},{"taxonomy":"product_cat","embeddable":true,"href":"https:\/\/letrame.com\/catalogo\/wp-json\/wp\/v2\/product_cat?post=107066"},{"taxonomy":"product_tag","embeddable":true,"href":"https:\/\/letrame.com\/catalogo\/wp-json\/wp\/v2\/product_tag?post=107066"}],"curies":[{"name":"wp","href":"https:\/\/api.w.org\/{rel}","templated":true}]}}