{"id":107053,"date":"2024-10-18T13:12:30","date_gmt":"2024-10-18T11:12:30","guid":{"rendered":"https:\/\/letrame.com\/catalogo\/?post_type=product&#038;p=107053"},"modified":"2024-10-18T13:17:30","modified_gmt":"2024-10-18T11:17:30","slug":"algun-dia-seras-mia","status":"publish","type":"product","link":"https:\/\/letrame.com\/catalogo\/producto\/algun-dia-seras-mia\/","title":{"rendered":"Alg\u00fan d\u00eda, ser\u00e1s m\u00eda"},"content":{"rendered":"<p class=\"p1\">ISBN:\u00a0 9788410890640<\/p>\n<p class=\"p1\">T\u00edtulo: Alg\u00fan d\u00eda, ser\u00e1s m\u00eda. T\u00fa eres eso que nunca quiero perder<br \/>\nFecha: 2024<br \/>\nP\u00e1ginas: 448<\/p>\n<p class=\"p1\">SINOPSIS<\/p>\n<p>Con este libro er\u00f3tico, sensual, divertido, rom\u00e1ntico, llegu\u00e9 a la conclusi\u00f3n de que quienes leemos o escribimos sobre el amor es porque tal vez en nuestra memoria lectora hubo alg\u00fan libro de g\u00e9nero que nos marc\u00f3.<br \/>\nEs una novela que re\u00fane las fantas\u00edas de muchas mujeres, se basa en estimular la imaginaci\u00f3n y despertar curiosidad y que alborote las hormonas y haga revivir el deseo sexual leyendo.<\/p>\n","protected":false},"excerpt":{"rendered":"<p class=\"p1\">ISBN:\u00a0 9788410890640<\/p>\n<p class=\"p1\">SINOPSIS<\/p>\n<p>Con este libro er\u00f3tico, sensual, divertido, rom\u00e1ntico, llegu\u00e9 a la conclusi\u00f3n de que quienes leemos o escribimos sobre el amor es porque tal vez en nuestra memoria lectora hubo alg\u00fan libro de g\u00e9nero que nos marc\u00f3.<br \/>\nEs una novela que re\u00fane las fantas\u00edas de muchas mujeres, se basa en estimular la imaginaci\u00f3n y despertar curiosidad y que alborote las hormonas y haga revivir el deseo sexual leyendo.<\/p>\n","protected":false},"featured_media":107055,"comment_status":"open","ping_status":"closed","template":"","meta":{"_acf_changed":false},"libro":[],"product_brand":[],"product_cat":[50],"product_tag":[],"class_list":{"0":"post-107053","1":"product","2":"type-product","3":"status-publish","4":"has-post-thumbnail","6":"product_cat-novela-romantica","8":"first","9":"instock","10":"shipping-taxable","11":"product-type-simple"},"acf":{"autor":[77012],"enlace_de_compra":"https:\/\/amzn.to\/4haD2Sr"},"yoast_head":"<!-- This site is optimized with the Yoast SEO plugin v27.4 - https:\/\/yoast.com\/product\/yoast-seo-wordpress\/ -->\n<title>Alg\u00fan d\u00eda, ser\u00e1s m\u00eda - Catalogo | Letrame Grupo Editorial<\/title>\n<meta name=\"robots\" content=\"index, follow, max-snippet:-1, max-image-preview:large, max-video-preview:-1\" \/>\n<link rel=\"canonical\" href=\"https:\/\/letrame.com\/catalogo\/producto\/algun-dia-seras-mia\/\" \/>\n<meta property=\"og:locale\" content=\"es_ES\" \/>\n<meta property=\"og:type\" content=\"article\" \/>\n<meta property=\"og:title\" content=\"Alg\u00fan d\u00eda, ser\u00e1s m\u00eda - Catalogo | Letrame Grupo Editorial\" \/>\n<meta property=\"og:description\" content=\"ISBN:\u00a0 9788410890640 SINOPSIS Con este libro er\u00f3tico, sensual, divertido, rom\u00e1ntico, llegu\u00e9 a la conclusi\u00f3n de que quienes leemos o escribimos sobre el amor es porque tal vez en nuestra memoria lectora hubo alg\u00fan libro de g\u00e9nero que nos marc\u00f3. Es una novela que re\u00fane las fantas\u00edas de muchas mujeres, se basa en estimular la imaginaci\u00f3n y despertar curiosidad y que alborote las hormonas y haga revivir el deseo sexual leyendo.\" \/>\n<meta property=\"og:url\" content=\"https:\/\/letrame.com\/catalogo\/producto\/algun-dia-seras-mia\/\" \/>\n<meta property=\"og:site_name\" content=\"Catalogo | Letrame Grupo Editorial\" \/>\n<meta property=\"article:modified_time\" content=\"2024-10-18T11:17:30+00:00\" \/>\n<meta property=\"og:image\" content=\"https:\/\/letrame.com\/catalogo\/wp-content\/uploads\/2024\/10\/algundiaseras_2173mmv24-scaled.jpg\" \/>\n\t<meta property=\"og:image:width\" content=\"1746\" \/>\n\t<meta property=\"og:image:height\" content=\"2560\" \/>\n\t<meta property=\"og:image:type\" content=\"image\/jpeg\" \/>\n<meta name=\"twitter:card\" content=\"summary_large_image\" \/>\n<meta name=\"twitter:label1\" content=\"Tiempo de lectura\" \/>\n\t<meta name=\"twitter:data1\" content=\"1 minuto\" \/>\n<script type=\"application\/ld+json\" class=\"yoast-schema-graph\">{\"@context\":\"https:\\\/\\\/schema.org\",\"@graph\":[{\"@type\":\"WebPage\",\"@id\":\"https:\\\/\\\/letrame.com\\\/catalogo\\\/producto\\\/algun-dia-seras-mia\\\/\",\"url\":\"https:\\\/\\\/letrame.com\\\/catalogo\\\/producto\\\/algun-dia-seras-mia\\\/\",\"name\":\"Alg\u00fan d\u00eda, ser\u00e1s m\u00eda - Catalogo | Letrame Grupo Editorial\",\"isPartOf\":{\"@id\":\"https:\\\/\\\/letrame.com\\\/catalogo\\\/#website\"},\"primaryImageOfPage\":{\"@id\":\"https:\\\/\\\/letrame.com\\\/catalogo\\\/producto\\\/algun-dia-seras-mia\\\/#primaryimage\"},\"image\":{\"@id\":\"https:\\\/\\\/letrame.com\\\/catalogo\\\/producto\\\/algun-dia-seras-mia\\\/#primaryimage\"},\"thumbnailUrl\":\"https:\\\/\\\/letrame.com\\\/catalogo\\\/wp-content\\\/uploads\\\/2024\\\/10\\\/algundiaseras_2173mmv24-scaled.jpg\",\"datePublished\":\"2024-10-18T11:12:30+00:00\",\"dateModified\":\"2024-10-18T11:17:30+00:00\",\"breadcrumb\":{\"@id\":\"https:\\\/\\\/letrame.com\\\/catalogo\\\/producto\\\/algun-dia-seras-mia\\\/#breadcrumb\"},\"inLanguage\":\"es\",\"potentialAction\":[{\"@type\":\"ReadAction\",\"target\":[\"https:\\\/\\\/letrame.com\\\/catalogo\\\/producto\\\/algun-dia-seras-mia\\\/\"]}]},{\"@type\":\"ImageObject\",\"inLanguage\":\"es\",\"@id\":\"https:\\\/\\\/letrame.com\\\/catalogo\\\/producto\\\/algun-dia-seras-mia\\\/#primaryimage\",\"url\":\"https:\\\/\\\/letrame.com\\\/catalogo\\\/wp-content\\\/uploads\\\/2024\\\/10\\\/algundiaseras_2173mmv24-scaled.jpg\",\"contentUrl\":\"https:\\\/\\\/letrame.com\\\/catalogo\\\/wp-content\\\/uploads\\\/2024\\\/10\\\/algundiaseras_2173mmv24-scaled.jpg\",\"width\":1746,\"height\":2560},{\"@type\":\"BreadcrumbList\",\"@id\":\"https:\\\/\\\/letrame.com\\\/catalogo\\\/producto\\\/algun-dia-seras-mia\\\/#breadcrumb\",\"itemListElement\":[{\"@type\":\"ListItem\",\"position\":1,\"name\":\"Portada\",\"item\":\"https:\\\/\\\/letrame.com\\\/catalogo\\\/\"},{\"@type\":\"ListItem\",\"position\":2,\"name\":\"Cat\u00e1logo\",\"item\":\"https:\\\/\\\/letrame.com\\\/catalogo\\\/\"},{\"@type\":\"ListItem\",\"position\":3,\"name\":\"Alg\u00fan d\u00eda, ser\u00e1s m\u00eda\"}]},{\"@type\":\"WebSite\",\"@id\":\"https:\\\/\\\/letrame.com\\\/catalogo\\\/#website\",\"url\":\"https:\\\/\\\/letrame.com\\\/catalogo\\\/\",\"name\":\"Catalogo | Letrame Grupo Editorial\",\"description\":\"\",\"publisher\":{\"@id\":\"https:\\\/\\\/letrame.com\\\/catalogo\\\/#organization\"},\"potentialAction\":[{\"@type\":\"SearchAction\",\"target\":{\"@type\":\"EntryPoint\",\"urlTemplate\":\"https:\\\/\\\/letrame.com\\\/catalogo\\\/?s={search_term_string}\"},\"query-input\":{\"@type\":\"PropertyValueSpecification\",\"valueRequired\":true,\"valueName\":\"search_term_string\"}}],\"inLanguage\":\"es\"},{\"@type\":\"Organization\",\"@id\":\"https:\\\/\\\/letrame.com\\\/catalogo\\\/#organization\",\"name\":\"Catalogo | Letrame Grupo Editorial\",\"url\":\"https:\\\/\\\/letrame.com\\\/catalogo\\\/\",\"logo\":{\"@type\":\"ImageObject\",\"inLanguage\":\"es\",\"@id\":\"https:\\\/\\\/letrame.com\\\/catalogo\\\/#\\\/schema\\\/logo\\\/image\\\/\",\"url\":\"https:\\\/\\\/letrame.com\\\/catalogo\\\/wp-content\\\/uploads\\\/2024\\\/03\\\/logo2.webp\",\"contentUrl\":\"https:\\\/\\\/letrame.com\\\/catalogo\\\/wp-content\\\/uploads\\\/2024\\\/03\\\/logo2.webp\",\"width\":394,\"height\":128,\"caption\":\"Catalogo | Letrame Grupo Editorial\"},\"image\":{\"@id\":\"https:\\\/\\\/letrame.com\\\/catalogo\\\/#\\\/schema\\\/logo\\\/image\\\/\"}}]}<\/script>\n<!-- \/ Yoast SEO plugin. -->","yoast_head_json":{"title":"Alg\u00fan d\u00eda, ser\u00e1s m\u00eda - Catalogo | Letrame Grupo Editorial","robots":{"index":"index","follow":"follow","max-snippet":"max-snippet:-1","max-image-preview":"max-image-preview:large","max-video-preview":"max-video-preview:-1"},"canonical":"https:\/\/letrame.com\/catalogo\/producto\/algun-dia-seras-mia\/","og_locale":"es_ES","og_type":"article","og_title":"Alg\u00fan d\u00eda, ser\u00e1s m\u00eda - Catalogo | Letrame Grupo Editorial","og_description":"ISBN:\u00a0 9788410890640 SINOPSIS Con este libro er\u00f3tico, sensual, divertido, rom\u00e1ntico, llegu\u00e9 a la conclusi\u00f3n de que quienes leemos o escribimos sobre el amor es porque tal vez en nuestra memoria lectora hubo alg\u00fan libro de g\u00e9nero que nos marc\u00f3. Es una novela que re\u00fane las fantas\u00edas de muchas mujeres, se basa en estimular la imaginaci\u00f3n y despertar curiosidad y que alborote las hormonas y haga revivir el deseo sexual leyendo.","og_url":"https:\/\/letrame.com\/catalogo\/producto\/algun-dia-seras-mia\/","og_site_name":"Catalogo | Letrame Grupo Editorial","article_modified_time":"2024-10-18T11:17:30+00:00","og_image":[{"width":1746,"height":2560,"url":"https:\/\/letrame.com\/catalogo\/wp-content\/uploads\/2024\/10\/algundiaseras_2173mmv24-scaled.jpg","type":"image\/jpeg"}],"twitter_card":"summary_large_image","twitter_misc":{"Tiempo de lectura":"1 minuto"},"schema":{"@context":"https:\/\/schema.org","@graph":[{"@type":"WebPage","@id":"https:\/\/letrame.com\/catalogo\/producto\/algun-dia-seras-mia\/","url":"https:\/\/letrame.com\/catalogo\/producto\/algun-dia-seras-mia\/","name":"Alg\u00fan d\u00eda, ser\u00e1s m\u00eda - Catalogo | Letrame Grupo Editorial","isPartOf":{"@id":"https:\/\/letrame.com\/catalogo\/#website"},"primaryImageOfPage":{"@id":"https:\/\/letrame.com\/catalogo\/producto\/algun-dia-seras-mia\/#primaryimage"},"image":{"@id":"https:\/\/letrame.com\/catalogo\/producto\/algun-dia-seras-mia\/#primaryimage"},"thumbnailUrl":"https:\/\/letrame.com\/catalogo\/wp-content\/uploads\/2024\/10\/algundiaseras_2173mmv24-scaled.jpg","datePublished":"2024-10-18T11:12:30+00:00","dateModified":"2024-10-18T11:17:30+00:00","breadcrumb":{"@id":"https:\/\/letrame.com\/catalogo\/producto\/algun-dia-seras-mia\/#breadcrumb"},"inLanguage":"es","potentialAction":[{"@type":"ReadAction","target":["https:\/\/letrame.com\/catalogo\/producto\/algun-dia-seras-mia\/"]}]},{"@type":"ImageObject","inLanguage":"es","@id":"https:\/\/letrame.com\/catalogo\/producto\/algun-dia-seras-mia\/#primaryimage","url":"https:\/\/letrame.com\/catalogo\/wp-content\/uploads\/2024\/10\/algundiaseras_2173mmv24-scaled.jpg","contentUrl":"https:\/\/letrame.com\/catalogo\/wp-content\/uploads\/2024\/10\/algundiaseras_2173mmv24-scaled.jpg","width":1746,"height":2560},{"@type":"BreadcrumbList","@id":"https:\/\/letrame.com\/catalogo\/producto\/algun-dia-seras-mia\/#breadcrumb","itemListElement":[{"@type":"ListItem","position":1,"name":"Portada","item":"https:\/\/letrame.com\/catalogo\/"},{"@type":"ListItem","position":2,"name":"Cat\u00e1logo","item":"https:\/\/letrame.com\/catalogo\/"},{"@type":"ListItem","position":3,"name":"Alg\u00fan d\u00eda, ser\u00e1s m\u00eda"}]},{"@type":"WebSite","@id":"https:\/\/letrame.com\/catalogo\/#website","url":"https:\/\/letrame.com\/catalogo\/","name":"Catalogo | Letrame Grupo Editorial","description":"","publisher":{"@id":"https:\/\/letrame.com\/catalogo\/#organization"},"potentialAction":[{"@type":"SearchAction","target":{"@type":"EntryPoint","urlTemplate":"https:\/\/letrame.com\/catalogo\/?s={search_term_string}"},"query-input":{"@type":"PropertyValueSpecification","valueRequired":true,"valueName":"search_term_string"}}],"inLanguage":"es"},{"@type":"Organization","@id":"https:\/\/letrame.com\/catalogo\/#organization","name":"Catalogo | Letrame Grupo Editorial","url":"https:\/\/letrame.com\/catalogo\/","logo":{"@type":"ImageObject","inLanguage":"es","@id":"https:\/\/letrame.com\/catalogo\/#\/schema\/logo\/image\/","url":"https:\/\/letrame.com\/catalogo\/wp-content\/uploads\/2024\/03\/logo2.webp","contentUrl":"https:\/\/letrame.com\/catalogo\/wp-content\/uploads\/2024\/03\/logo2.webp","width":394,"height":128,"caption":"Catalogo | Letrame Grupo Editorial"},"image":{"@id":"https:\/\/letrame.com\/catalogo\/#\/schema\/logo\/image\/"}}]}},"_links":{"self":[{"href":"https:\/\/letrame.com\/catalogo\/wp-json\/wp\/v2\/product\/107053","targetHints":{"allow":["GET"]}}],"collection":[{"href":"https:\/\/letrame.com\/catalogo\/wp-json\/wp\/v2\/product"}],"about":[{"href":"https:\/\/letrame.com\/catalogo\/wp-json\/wp\/v2\/types\/product"}],"replies":[{"embeddable":true,"href":"https:\/\/letrame.com\/catalogo\/wp-json\/wp\/v2\/comments?post=107053"}],"acf:post":[{"embeddable":true,"href":"https:\/\/letrame.com\/catalogo\/wp-json\/wp\/v2\/author_book\/77012"}],"wp:featuredmedia":[{"embeddable":true,"href":"https:\/\/letrame.com\/catalogo\/wp-json\/wp\/v2\/media\/107055"}],"wp:attachment":[{"href":"https:\/\/letrame.com\/catalogo\/wp-json\/wp\/v2\/media?parent=107053"}],"wp:term":[{"taxonomy":"libro","embeddable":true,"href":"https:\/\/letrame.com\/catalogo\/wp-json\/wp\/v2\/libro?post=107053"},{"taxonomy":"product_brand","embeddable":true,"href":"https:\/\/letrame.com\/catalogo\/wp-json\/wp\/v2\/product_brand?post=107053"},{"taxonomy":"product_cat","embeddable":true,"href":"https:\/\/letrame.com\/catalogo\/wp-json\/wp\/v2\/product_cat?post=107053"},{"taxonomy":"product_tag","embeddable":true,"href":"https:\/\/letrame.com\/catalogo\/wp-json\/wp\/v2\/product_tag?post=107053"}],"curies":[{"name":"wp","href":"https:\/\/api.w.org\/{rel}","templated":true}]}}