{"id":107048,"date":"2024-10-18T12:47:02","date_gmt":"2024-10-18T10:47:02","guid":{"rendered":"https:\/\/letrame.com\/catalogo\/?post_type=product&#038;p=107048"},"modified":"2024-10-18T12:51:03","modified_gmt":"2024-10-18T10:51:03","slug":"mi-hijo-tiene-paralisis-cerebral","status":"publish","type":"product","link":"https:\/\/letrame.com\/catalogo\/producto\/mi-hijo-tiene-paralisis-cerebral\/","title":{"rendered":"\u00bfMi hijo tiene par\u00e1lisis cerebral?"},"content":{"rendered":"<p class=\"p1\">ISBN: 9788410890459<\/p>\n<p class=\"p1\">T\u00edtulo: \u00bfMi hijo tiene par\u00e1lisis cerebral? El caso de Pablo, el joven que aprendi\u00f3 a controlar su espasticidad<br \/>\nFecha: 2024<br \/>\nP\u00e1ginas: 118<\/p>\n<p class=\"p1\">SINOPSIS<\/p>\n<p>Pablo es un joven que naci\u00f3 prematuro, con tan solo treinta semanas de gestaci\u00f3n, riesgo agravado por la negligencia m\u00e9dica que acompa\u00f1\u00f3 su nacimiento. Fue diagnosticado con par\u00e1lisis cerebral esp\u00e1stica del tipo cuadriparesia; esto es, una lesi\u00f3n de su cerebro que no aumenta en el tiempo, pero implica la alteraci\u00f3n del movimiento y el bloqueo de todo su cuerpo. Desde que naci\u00f3, se vio expuesto a tratamientos de rehabilitaci\u00f3n integral.<br \/>\nA los cinco a\u00f1os de edad, sin ver resultados en los tratamientos recibidos, Yuli, la madre de Pablo, decidi\u00f3 seguir la propuesta planteada por Susana, fisioterapeuta domiciliaria de turno, asignada por la instituci\u00f3n de salud de la cual depend\u00eda la atenci\u00f3n del ni\u00f1o. Ella le present\u00f3 una hip\u00f3tesis propia para empezar a desbloquear el cuerpo del ni\u00f1o. Ambas, como equipo, empezaron a realizar un trabajo disciplinado, comprometido, exigente y dedicado, de tal manera que, con el tiempo, no solo vieron cambios en la liberaci\u00f3n del cuerpo de Pablo, sino tambi\u00e9n la posibilidad de que adquiriera habilidades motrices que, seg\u00fan criterio m\u00e9dico, nunca alcanzar\u00eda.<br \/>\nDespu\u00e9s de quince a\u00f1os de trabajo insistente y persistente, Pablo pas\u00f3 de ser un ni\u00f1o cien por ciento dependiente, del cual no se esperaba ning\u00fan avance a nivel f\u00edsico ni cognitivo, a ser un joven con gran independencia que puede asumir todas las posiciones corporales b\u00e1sicas, logra rodar, gatear, subir y bajar escaleras y caminar incluso fuera de su casa en diferentes terrenos, , ayudado por un andador. Por otro lado, estudi\u00f3 en un colegio regular y est\u00e1 ilusionado con la posibilidad de iniciar una carrera universitaria.<br \/>\nEste libro cuenta la experiencia vivida durante la evoluci\u00f3n del desarrollo motor del chico desde el punto de vista de la madre, el entrenador personal, la terapeuta f\u00edsica y del mismo joven; pero adem\u00e1s, muestra la trayectoria y la forma de trabajo que se sigui\u00f3 para lograr romper el paradigma de que la espasticidad no se puede controlar.<br \/>\n\u00a1Si Pablo lo logr\u00f3&#8230; todos podemos romper nuestros propios paradigmas, afrontando nuestros particulares demonios con conocimiento, trabajo, constancia y amor!<\/p>\n","protected":false},"excerpt":{"rendered":"<p class=\"p1\">ISBN: 9788410890459<\/p>\n<p class=\"p1\">SINOPSIS<\/p>\n<p>Pablo es un joven que naci\u00f3 prematuro, con tan solo treinta semanas de gestaci\u00f3n, riesgo agravado por la negligencia m\u00e9dica que acompa\u00f1\u00f3 su nacimiento. Fue diagnosticado con par\u00e1lisis cerebral esp\u00e1stica del tipo cuadriparesia; esto es, una lesi\u00f3n de su cerebro que no aumenta en el tiempo, pero implica la alteraci\u00f3n del movimiento y el bloqueo de todo su cuerpo. Desde que naci\u00f3, se vio expuesto a tratamientos de rehabilitaci\u00f3n integral.<br \/>\nA los cinco a\u00f1os de edad, sin ver resultados en los tratamientos recibidos, Yuli, la madre de Pablo, decidi\u00f3 seguir la propuesta planteada por Susana, fisioterapeuta domiciliaria de turno, asignada por la instituci\u00f3n de salud de la cual depend\u00eda la atenci\u00f3n del ni\u00f1o. Ella le present\u00f3 una hip\u00f3tesis propia para empezar a desbloquear el cuerpo del ni\u00f1o. Ambas, como equipo, empezaron a realizar un trabajo disciplinado, comprometido, exigente y dedicado, de tal manera que, con el tiempo, no solo vieron cambios en la liberaci\u00f3n del cuerpo de Pablo, sino tambi\u00e9n la posibilidad de que adquiriera habilidades motrices que, seg\u00fan criterio m\u00e9dico, nunca alcanzar\u00eda.<br \/>\nDespu\u00e9s de quince a\u00f1os de trabajo insistente y persistente, Pablo pas\u00f3 de ser un ni\u00f1o cien por ciento dependiente, del cual no se esperaba ning\u00fan avance a nivel f\u00edsico ni cognitivo, a ser un joven con gran independencia que puede asumir todas las posiciones corporales b\u00e1sicas, logra rodar, gatear, subir y bajar escaleras y caminar incluso fuera de su casa en diferentes terrenos, , ayudado por un andador. Por otro lado, estudi\u00f3 en un colegio regular y est\u00e1 ilusionado con la posibilidad de iniciar una carrera universitaria.<br \/>\nEste libro cuenta la experiencia vivida durante la evoluci\u00f3n del desarrollo motor del chico desde el punto de vista de la madre, el entrenador personal, la terapeuta f\u00edsica y del mismo joven; pero adem\u00e1s, muestra la trayectoria y la forma de trabajo que se sigui\u00f3 para lograr romper el paradigma de que la espasticidad no se puede controlar.<br \/>\n\u00a1Si Pablo lo logr\u00f3&#8230; todos podemos romper nuestros propios paradigmas, afrontando nuestros particulares demonios con conocimiento, trabajo, constancia y amor!<\/p>\n","protected":false},"featured_media":107050,"comment_status":"open","ping_status":"closed","template":"","meta":{"_acf_changed":false},"libro":[],"product_brand":[],"product_cat":[18],"product_tag":[],"class_list":{"0":"post-107048","1":"product","2":"type-product","3":"status-publish","4":"has-post-thumbnail","6":"product_cat-autoayuda","8":"first","9":"instock","10":"shipping-taxable","11":"product-type-simple"},"acf":{"autor":[107047],"enlace_de_compra":"https:\/\/amzn.to\/4042wel"},"yoast_head":"<!-- This site is optimized with the Yoast SEO plugin v26.6 - https:\/\/yoast.com\/wordpress\/plugins\/seo\/ -->\n<title>\u00bfMi hijo tiene par\u00e1lisis cerebral? - Catalogo | Letrame Grupo Editorial<\/title>\n<meta name=\"robots\" content=\"index, follow, max-snippet:-1, max-image-preview:large, max-video-preview:-1\" \/>\n<link rel=\"canonical\" href=\"https:\/\/letrame.com\/catalogo\/producto\/mi-hijo-tiene-paralisis-cerebral\/\" \/>\n<meta property=\"og:locale\" content=\"es_ES\" \/>\n<meta property=\"og:type\" content=\"article\" \/>\n<meta property=\"og:title\" content=\"\u00bfMi hijo tiene par\u00e1lisis cerebral? - Catalogo | Letrame Grupo Editorial\" \/>\n<meta property=\"og:description\" content=\"ISBN: 9788410890459 SINOPSIS Pablo es un joven que naci\u00f3 prematuro, con tan solo treinta semanas de gestaci\u00f3n, riesgo agravado por la negligencia m\u00e9dica que acompa\u00f1\u00f3 su nacimiento. Fue diagnosticado con par\u00e1lisis cerebral esp\u00e1stica del tipo cuadriparesia; esto es, una lesi\u00f3n de su cerebro que no aumenta en el tiempo, pero implica la alteraci\u00f3n del movimiento y el bloqueo de todo su cuerpo. Desde que naci\u00f3, se vio expuesto a tratamientos de rehabilitaci\u00f3n integral. A los cinco a\u00f1os de edad, sin ver resultados en los tratamientos recibidos, Yuli, la madre de Pablo, decidi\u00f3 seguir la propuesta planteada por Susana, fisioterapeuta domiciliaria de turno, asignada por la instituci\u00f3n de salud de la cual depend\u00eda la atenci\u00f3n del ni\u00f1o. Ella le present\u00f3 una hip\u00f3tesis propia para empezar a desbloquear el cuerpo del ni\u00f1o. Ambas, como equipo, empezaron a realizar un trabajo disciplinado, comprometido, exigente y dedicado, de tal manera que, con el tiempo, no solo vieron cambios en la liberaci\u00f3n del cuerpo de Pablo, sino tambi\u00e9n la posibilidad de que adquiriera habilidades motrices que, seg\u00fan criterio m\u00e9dico, nunca alcanzar\u00eda. Despu\u00e9s de quince a\u00f1os de trabajo insistente y persistente, Pablo pas\u00f3 de ser un ni\u00f1o cien por ciento dependiente, del cual no se esperaba ning\u00fan avance a nivel f\u00edsico ni cognitivo, a ser un joven con gran independencia que puede asumir todas las posiciones corporales b\u00e1sicas, logra rodar, gatear, subir y bajar escaleras y caminar incluso fuera de su casa en diferentes terrenos, , ayudado por un andador. Por otro lado, estudi\u00f3 en un colegio regular y est\u00e1 ilusionado con la posibilidad de iniciar una carrera universitaria. Este libro cuenta la experiencia vivida durante la evoluci\u00f3n del desarrollo motor del chico desde el punto de vista de la madre, el entrenador personal, la terapeuta f\u00edsica y del mismo joven; pero adem\u00e1s, muestra la trayectoria y la forma de trabajo que se sigui\u00f3 para lograr romper el paradigma de que la espasticidad no se puede controlar. \u00a1Si Pablo lo logr\u00f3... todos podemos romper nuestros propios paradigmas, afrontando nuestros particulares demonios con conocimiento, trabajo, constancia y amor!\" \/>\n<meta property=\"og:url\" content=\"https:\/\/letrame.com\/catalogo\/producto\/mi-hijo-tiene-paralisis-cerebral\/\" \/>\n<meta property=\"og:site_name\" content=\"Catalogo | Letrame Grupo Editorial\" \/>\n<meta property=\"article:modified_time\" content=\"2024-10-18T10:51:03+00:00\" \/>\n<meta property=\"og:image\" content=\"https:\/\/letrame.com\/catalogo\/wp-content\/uploads\/2024\/10\/pablo_72mmv24-732x1024.jpg\" \/>\n\t<meta property=\"og:image:width\" content=\"732\" \/>\n\t<meta property=\"og:image:height\" content=\"1024\" \/>\n\t<meta property=\"og:image:type\" content=\"image\/jpeg\" \/>\n<meta name=\"twitter:card\" content=\"summary_large_image\" \/>\n<meta name=\"twitter:label1\" content=\"Tiempo de lectura\" \/>\n\t<meta name=\"twitter:data1\" content=\"2 minutos\" \/>\n<script type=\"application\/ld+json\" class=\"yoast-schema-graph\">{\"@context\":\"https:\/\/schema.org\",\"@graph\":[{\"@type\":\"WebPage\",\"@id\":\"https:\/\/letrame.com\/catalogo\/producto\/mi-hijo-tiene-paralisis-cerebral\/\",\"url\":\"https:\/\/letrame.com\/catalogo\/producto\/mi-hijo-tiene-paralisis-cerebral\/\",\"name\":\"\u00bfMi hijo tiene par\u00e1lisis cerebral? - Catalogo | Letrame Grupo Editorial\",\"isPartOf\":{\"@id\":\"https:\/\/letrame.com\/catalogo\/#website\"},\"primaryImageOfPage\":{\"@id\":\"https:\/\/letrame.com\/catalogo\/producto\/mi-hijo-tiene-paralisis-cerebral\/#primaryimage\"},\"image\":{\"@id\":\"https:\/\/letrame.com\/catalogo\/producto\/mi-hijo-tiene-paralisis-cerebral\/#primaryimage\"},\"thumbnailUrl\":\"https:\/\/letrame.com\/catalogo\/wp-content\/uploads\/2024\/10\/pablo_72mmv24.jpg\",\"datePublished\":\"2024-10-18T10:47:02+00:00\",\"dateModified\":\"2024-10-18T10:51:03+00:00\",\"breadcrumb\":{\"@id\":\"https:\/\/letrame.com\/catalogo\/producto\/mi-hijo-tiene-paralisis-cerebral\/#breadcrumb\"},\"inLanguage\":\"es\",\"potentialAction\":[{\"@type\":\"ReadAction\",\"target\":[\"https:\/\/letrame.com\/catalogo\/producto\/mi-hijo-tiene-paralisis-cerebral\/\"]}]},{\"@type\":\"ImageObject\",\"inLanguage\":\"es\",\"@id\":\"https:\/\/letrame.com\/catalogo\/producto\/mi-hijo-tiene-paralisis-cerebral\/#primaryimage\",\"url\":\"https:\/\/letrame.com\/catalogo\/wp-content\/uploads\/2024\/10\/pablo_72mmv24.jpg\",\"contentUrl\":\"https:\/\/letrame.com\/catalogo\/wp-content\/uploads\/2024\/10\/pablo_72mmv24.jpg\",\"width\":1772,\"height\":2480},{\"@type\":\"BreadcrumbList\",\"@id\":\"https:\/\/letrame.com\/catalogo\/producto\/mi-hijo-tiene-paralisis-cerebral\/#breadcrumb\",\"itemListElement\":[{\"@type\":\"ListItem\",\"position\":1,\"name\":\"Portada\",\"item\":\"https:\/\/letrame.com\/catalogo\/\"},{\"@type\":\"ListItem\",\"position\":2,\"name\":\"Cat\u00e1logo\",\"item\":\"https:\/\/letrame.com\/catalogo\/\"},{\"@type\":\"ListItem\",\"position\":3,\"name\":\"\u00bfMi hijo tiene par\u00e1lisis cerebral?\"}]},{\"@type\":\"WebSite\",\"@id\":\"https:\/\/letrame.com\/catalogo\/#website\",\"url\":\"https:\/\/letrame.com\/catalogo\/\",\"name\":\"Catalogo | Letrame Grupo Editorial\",\"description\":\"\",\"publisher\":{\"@id\":\"https:\/\/letrame.com\/catalogo\/#organization\"},\"potentialAction\":[{\"@type\":\"SearchAction\",\"target\":{\"@type\":\"EntryPoint\",\"urlTemplate\":\"https:\/\/letrame.com\/catalogo\/?s={search_term_string}\"},\"query-input\":{\"@type\":\"PropertyValueSpecification\",\"valueRequired\":true,\"valueName\":\"search_term_string\"}}],\"inLanguage\":\"es\"},{\"@type\":\"Organization\",\"@id\":\"https:\/\/letrame.com\/catalogo\/#organization\",\"name\":\"Catalogo | Letrame Grupo Editorial\",\"url\":\"https:\/\/letrame.com\/catalogo\/\",\"logo\":{\"@type\":\"ImageObject\",\"inLanguage\":\"es\",\"@id\":\"https:\/\/letrame.com\/catalogo\/#\/schema\/logo\/image\/\",\"url\":\"https:\/\/letrame.com\/catalogo\/wp-content\/uploads\/2024\/03\/logo2.webp\",\"contentUrl\":\"https:\/\/letrame.com\/catalogo\/wp-content\/uploads\/2024\/03\/logo2.webp\",\"width\":394,\"height\":128,\"caption\":\"Catalogo | Letrame Grupo Editorial\"},\"image\":{\"@id\":\"https:\/\/letrame.com\/catalogo\/#\/schema\/logo\/image\/\"}}]}<\/script>\n<!-- \/ Yoast SEO plugin. -->","yoast_head_json":{"title":"\u00bfMi hijo tiene par\u00e1lisis cerebral? - Catalogo | Letrame Grupo Editorial","robots":{"index":"index","follow":"follow","max-snippet":"max-snippet:-1","max-image-preview":"max-image-preview:large","max-video-preview":"max-video-preview:-1"},"canonical":"https:\/\/letrame.com\/catalogo\/producto\/mi-hijo-tiene-paralisis-cerebral\/","og_locale":"es_ES","og_type":"article","og_title":"\u00bfMi hijo tiene par\u00e1lisis cerebral? - Catalogo | Letrame Grupo Editorial","og_description":"ISBN: 9788410890459 SINOPSIS Pablo es un joven que naci\u00f3 prematuro, con tan solo treinta semanas de gestaci\u00f3n, riesgo agravado por la negligencia m\u00e9dica que acompa\u00f1\u00f3 su nacimiento. Fue diagnosticado con par\u00e1lisis cerebral esp\u00e1stica del tipo cuadriparesia; esto es, una lesi\u00f3n de su cerebro que no aumenta en el tiempo, pero implica la alteraci\u00f3n del movimiento y el bloqueo de todo su cuerpo. Desde que naci\u00f3, se vio expuesto a tratamientos de rehabilitaci\u00f3n integral. A los cinco a\u00f1os de edad, sin ver resultados en los tratamientos recibidos, Yuli, la madre de Pablo, decidi\u00f3 seguir la propuesta planteada por Susana, fisioterapeuta domiciliaria de turno, asignada por la instituci\u00f3n de salud de la cual depend\u00eda la atenci\u00f3n del ni\u00f1o. Ella le present\u00f3 una hip\u00f3tesis propia para empezar a desbloquear el cuerpo del ni\u00f1o. Ambas, como equipo, empezaron a realizar un trabajo disciplinado, comprometido, exigente y dedicado, de tal manera que, con el tiempo, no solo vieron cambios en la liberaci\u00f3n del cuerpo de Pablo, sino tambi\u00e9n la posibilidad de que adquiriera habilidades motrices que, seg\u00fan criterio m\u00e9dico, nunca alcanzar\u00eda. Despu\u00e9s de quince a\u00f1os de trabajo insistente y persistente, Pablo pas\u00f3 de ser un ni\u00f1o cien por ciento dependiente, del cual no se esperaba ning\u00fan avance a nivel f\u00edsico ni cognitivo, a ser un joven con gran independencia que puede asumir todas las posiciones corporales b\u00e1sicas, logra rodar, gatear, subir y bajar escaleras y caminar incluso fuera de su casa en diferentes terrenos, , ayudado por un andador. Por otro lado, estudi\u00f3 en un colegio regular y est\u00e1 ilusionado con la posibilidad de iniciar una carrera universitaria. Este libro cuenta la experiencia vivida durante la evoluci\u00f3n del desarrollo motor del chico desde el punto de vista de la madre, el entrenador personal, la terapeuta f\u00edsica y del mismo joven; pero adem\u00e1s, muestra la trayectoria y la forma de trabajo que se sigui\u00f3 para lograr romper el paradigma de que la espasticidad no se puede controlar. \u00a1Si Pablo lo logr\u00f3... todos podemos romper nuestros propios paradigmas, afrontando nuestros particulares demonios con conocimiento, trabajo, constancia y amor!","og_url":"https:\/\/letrame.com\/catalogo\/producto\/mi-hijo-tiene-paralisis-cerebral\/","og_site_name":"Catalogo | Letrame Grupo Editorial","article_modified_time":"2024-10-18T10:51:03+00:00","og_image":[{"width":732,"height":1024,"url":"https:\/\/letrame.com\/catalogo\/wp-content\/uploads\/2024\/10\/pablo_72mmv24-732x1024.jpg","type":"image\/jpeg"}],"twitter_card":"summary_large_image","twitter_misc":{"Tiempo de lectura":"2 minutos"},"schema":{"@context":"https:\/\/schema.org","@graph":[{"@type":"WebPage","@id":"https:\/\/letrame.com\/catalogo\/producto\/mi-hijo-tiene-paralisis-cerebral\/","url":"https:\/\/letrame.com\/catalogo\/producto\/mi-hijo-tiene-paralisis-cerebral\/","name":"\u00bfMi hijo tiene par\u00e1lisis cerebral? - Catalogo | Letrame Grupo Editorial","isPartOf":{"@id":"https:\/\/letrame.com\/catalogo\/#website"},"primaryImageOfPage":{"@id":"https:\/\/letrame.com\/catalogo\/producto\/mi-hijo-tiene-paralisis-cerebral\/#primaryimage"},"image":{"@id":"https:\/\/letrame.com\/catalogo\/producto\/mi-hijo-tiene-paralisis-cerebral\/#primaryimage"},"thumbnailUrl":"https:\/\/letrame.com\/catalogo\/wp-content\/uploads\/2024\/10\/pablo_72mmv24.jpg","datePublished":"2024-10-18T10:47:02+00:00","dateModified":"2024-10-18T10:51:03+00:00","breadcrumb":{"@id":"https:\/\/letrame.com\/catalogo\/producto\/mi-hijo-tiene-paralisis-cerebral\/#breadcrumb"},"inLanguage":"es","potentialAction":[{"@type":"ReadAction","target":["https:\/\/letrame.com\/catalogo\/producto\/mi-hijo-tiene-paralisis-cerebral\/"]}]},{"@type":"ImageObject","inLanguage":"es","@id":"https:\/\/letrame.com\/catalogo\/producto\/mi-hijo-tiene-paralisis-cerebral\/#primaryimage","url":"https:\/\/letrame.com\/catalogo\/wp-content\/uploads\/2024\/10\/pablo_72mmv24.jpg","contentUrl":"https:\/\/letrame.com\/catalogo\/wp-content\/uploads\/2024\/10\/pablo_72mmv24.jpg","width":1772,"height":2480},{"@type":"BreadcrumbList","@id":"https:\/\/letrame.com\/catalogo\/producto\/mi-hijo-tiene-paralisis-cerebral\/#breadcrumb","itemListElement":[{"@type":"ListItem","position":1,"name":"Portada","item":"https:\/\/letrame.com\/catalogo\/"},{"@type":"ListItem","position":2,"name":"Cat\u00e1logo","item":"https:\/\/letrame.com\/catalogo\/"},{"@type":"ListItem","position":3,"name":"\u00bfMi hijo tiene par\u00e1lisis cerebral?"}]},{"@type":"WebSite","@id":"https:\/\/letrame.com\/catalogo\/#website","url":"https:\/\/letrame.com\/catalogo\/","name":"Catalogo | Letrame Grupo Editorial","description":"","publisher":{"@id":"https:\/\/letrame.com\/catalogo\/#organization"},"potentialAction":[{"@type":"SearchAction","target":{"@type":"EntryPoint","urlTemplate":"https:\/\/letrame.com\/catalogo\/?s={search_term_string}"},"query-input":{"@type":"PropertyValueSpecification","valueRequired":true,"valueName":"search_term_string"}}],"inLanguage":"es"},{"@type":"Organization","@id":"https:\/\/letrame.com\/catalogo\/#organization","name":"Catalogo | Letrame Grupo Editorial","url":"https:\/\/letrame.com\/catalogo\/","logo":{"@type":"ImageObject","inLanguage":"es","@id":"https:\/\/letrame.com\/catalogo\/#\/schema\/logo\/image\/","url":"https:\/\/letrame.com\/catalogo\/wp-content\/uploads\/2024\/03\/logo2.webp","contentUrl":"https:\/\/letrame.com\/catalogo\/wp-content\/uploads\/2024\/03\/logo2.webp","width":394,"height":128,"caption":"Catalogo | Letrame Grupo Editorial"},"image":{"@id":"https:\/\/letrame.com\/catalogo\/#\/schema\/logo\/image\/"}}]}},"_links":{"self":[{"href":"https:\/\/letrame.com\/catalogo\/wp-json\/wp\/v2\/product\/107048","targetHints":{"allow":["GET"]}}],"collection":[{"href":"https:\/\/letrame.com\/catalogo\/wp-json\/wp\/v2\/product"}],"about":[{"href":"https:\/\/letrame.com\/catalogo\/wp-json\/wp\/v2\/types\/product"}],"replies":[{"embeddable":true,"href":"https:\/\/letrame.com\/catalogo\/wp-json\/wp\/v2\/comments?post=107048"}],"acf:post":[{"embeddable":true,"href":"https:\/\/letrame.com\/catalogo\/wp-json\/wp\/v2\/author_book\/107047"}],"wp:featuredmedia":[{"embeddable":true,"href":"https:\/\/letrame.com\/catalogo\/wp-json\/wp\/v2\/media\/107050"}],"wp:attachment":[{"href":"https:\/\/letrame.com\/catalogo\/wp-json\/wp\/v2\/media?parent=107048"}],"wp:term":[{"taxonomy":"libro","embeddable":true,"href":"https:\/\/letrame.com\/catalogo\/wp-json\/wp\/v2\/libro?post=107048"},{"taxonomy":"product_brand","embeddable":true,"href":"https:\/\/letrame.com\/catalogo\/wp-json\/wp\/v2\/product_brand?post=107048"},{"taxonomy":"product_cat","embeddable":true,"href":"https:\/\/letrame.com\/catalogo\/wp-json\/wp\/v2\/product_cat?post=107048"},{"taxonomy":"product_tag","embeddable":true,"href":"https:\/\/letrame.com\/catalogo\/wp-json\/wp\/v2\/product_tag?post=107048"}],"curies":[{"name":"wp","href":"https:\/\/api.w.org\/{rel}","templated":true}]}}