{"id":107042,"date":"2024-10-18T12:28:40","date_gmt":"2024-10-18T10:28:40","guid":{"rendered":"https:\/\/letrame.com\/catalogo\/?post_type=product&#038;p=107042"},"modified":"2024-10-18T12:35:38","modified_gmt":"2024-10-18T10:35:38","slug":"2001-y-mas-alla","status":"publish","type":"product","link":"https:\/\/letrame.com\/catalogo\/producto\/2001-y-mas-alla\/","title":{"rendered":"2001 y m\u00e1s all\u00e1"},"content":{"rendered":"<p class=\"p1\">ISBN:\u00a0 9788410890473<\/p>\n<p class=\"p1\">T\u00edtulo: 2001 y m\u00e1s all\u00e1. \u00bfFicci\u00f3n o realidad?<br \/>\nFecha: 2024<br \/>\nP\u00e1ginas: 106<\/p>\n<p class=\"p1\">SINOPSIS<\/p>\n<p>En la \u00e9poca inmediatamente anterior al a\u00f1o 2001, cuando la humanidad entraba en un nuevo siglo y un nuevo milenio, empezaron a difundirse numerosas teor\u00edas basadas, algunas, en el trabajo de supuestos adivinos como Nostradamus, que distingu\u00edan esta fecha como determinante para la historia. Lo que todas estas hip\u00f3tesis ten\u00edan en com\u00fan era que el fin del mundo, o al menos tal y como lo conoc\u00edamos, estaba pr\u00f3ximo.<br \/>\n2001 y m\u00e1s all\u00e1. \u00bfFicci\u00f3n o realidad? hace un repaso de la situaci\u00f3n global de la humanidad y en especial de estas teor\u00edas m\u00e1s o menos conspiratorias en los albores del siglo XXI y del tercer milenio. A pesar de que haya transcurrido casi un cuarto de siglo desde el 2001, hoy que nos encontramos en lo que parece ser de nuevo un momento bisagra, este an\u00e1lisis sigue resultando actual en muchos de sus aspectos.<\/p>\n","protected":false},"excerpt":{"rendered":"<p class=\"p1\">ISBN:\u00a0 9788410890473<\/p>\n<p class=\"p1\">SINOPSIS<\/p>\n<p>En la \u00e9poca inmediatamente anterior al a\u00f1o 2001, cuando la humanidad entraba en un nuevo siglo y un nuevo milenio, empezaron a difundirse numerosas teor\u00edas basadas, algunas, en el trabajo de supuestos adivinos como Nostradamus, que distingu\u00edan esta fecha como determinante para la historia. Lo que todas estas hip\u00f3tesis ten\u00edan en com\u00fan era que el fin del mundo, o al menos tal y como lo conoc\u00edamos, estaba pr\u00f3ximo.<br \/>\n2001 y m\u00e1s all\u00e1. \u00bfFicci\u00f3n o realidad? hace un repaso de la situaci\u00f3n global de la humanidad y en especial de estas teor\u00edas m\u00e1s o menos conspiratorias en los albores del siglo XXI y del tercer milenio. A pesar de que haya transcurrido casi un cuarto de siglo desde el 2001, hoy que nos encontramos en lo que parece ser de nuevo un momento bisagra, este an\u00e1lisis sigue resultando actual en muchos de sus aspectos.<\/p>\n","protected":false},"featured_media":107045,"comment_status":"open","ping_status":"closed","template":"","meta":{"_acf_changed":false},"libro":[],"product_brand":[],"product_cat":[16],"product_tag":[],"class_list":{"0":"post-107042","1":"product","2":"type-product","3":"status-publish","4":"has-post-thumbnail","6":"product_cat-novela","8":"first","9":"instock","10":"shipping-taxable","11":"product-type-simple"},"acf":{"autor":[107043],"enlace_de_compra":"https:\/\/amzn.to\/4eLNrm1"},"yoast_head":"<!-- This site is optimized with the Yoast SEO plugin v26.6 - https:\/\/yoast.com\/wordpress\/plugins\/seo\/ -->\n<title>2001 y m\u00e1s all\u00e1 - Catalogo | Letrame Grupo Editorial<\/title>\n<meta name=\"robots\" content=\"index, follow, max-snippet:-1, max-image-preview:large, max-video-preview:-1\" \/>\n<link rel=\"canonical\" href=\"https:\/\/letrame.com\/catalogo\/producto\/2001-y-mas-alla\/\" \/>\n<meta property=\"og:locale\" content=\"es_ES\" \/>\n<meta property=\"og:type\" content=\"article\" \/>\n<meta property=\"og:title\" content=\"2001 y m\u00e1s all\u00e1 - Catalogo | Letrame Grupo Editorial\" \/>\n<meta property=\"og:description\" content=\"ISBN:\u00a0 9788410890473 SINOPSIS En la \u00e9poca inmediatamente anterior al a\u00f1o 2001, cuando la humanidad entraba en un nuevo siglo y un nuevo milenio, empezaron a difundirse numerosas teor\u00edas basadas, algunas, en el trabajo de supuestos adivinos como Nostradamus, que distingu\u00edan esta fecha como determinante para la historia. Lo que todas estas hip\u00f3tesis ten\u00edan en com\u00fan era que el fin del mundo, o al menos tal y como lo conoc\u00edamos, estaba pr\u00f3ximo. 2001 y m\u00e1s all\u00e1. \u00bfFicci\u00f3n o realidad? hace un repaso de la situaci\u00f3n global de la humanidad y en especial de estas teor\u00edas m\u00e1s o menos conspiratorias en los albores del siglo XXI y del tercer milenio. A pesar de que haya transcurrido casi un cuarto de siglo desde el 2001, hoy que nos encontramos en lo que parece ser de nuevo un momento bisagra, este an\u00e1lisis sigue resultando actual en muchos de sus aspectos.\" \/>\n<meta property=\"og:url\" content=\"https:\/\/letrame.com\/catalogo\/producto\/2001-y-mas-alla\/\" \/>\n<meta property=\"og:site_name\" content=\"Catalogo | Letrame Grupo Editorial\" \/>\n<meta property=\"article:modified_time\" content=\"2024-10-18T10:35:38+00:00\" \/>\n<meta property=\"og:image\" content=\"https:\/\/letrame.com\/catalogo\/wp-content\/uploads\/2024\/10\/2001ymasalla_938mmv34-732x1024.jpg\" \/>\n\t<meta property=\"og:image:width\" content=\"732\" \/>\n\t<meta property=\"og:image:height\" content=\"1024\" \/>\n\t<meta property=\"og:image:type\" content=\"image\/jpeg\" \/>\n<meta name=\"twitter:card\" content=\"summary_large_image\" \/>\n<meta name=\"twitter:label1\" content=\"Tiempo de lectura\" \/>\n\t<meta name=\"twitter:data1\" content=\"1 minuto\" \/>\n<script type=\"application\/ld+json\" class=\"yoast-schema-graph\">{\"@context\":\"https:\/\/schema.org\",\"@graph\":[{\"@type\":\"WebPage\",\"@id\":\"https:\/\/letrame.com\/catalogo\/producto\/2001-y-mas-alla\/\",\"url\":\"https:\/\/letrame.com\/catalogo\/producto\/2001-y-mas-alla\/\",\"name\":\"2001 y m\u00e1s all\u00e1 - Catalogo | Letrame Grupo Editorial\",\"isPartOf\":{\"@id\":\"https:\/\/letrame.com\/catalogo\/#website\"},\"primaryImageOfPage\":{\"@id\":\"https:\/\/letrame.com\/catalogo\/producto\/2001-y-mas-alla\/#primaryimage\"},\"image\":{\"@id\":\"https:\/\/letrame.com\/catalogo\/producto\/2001-y-mas-alla\/#primaryimage\"},\"thumbnailUrl\":\"https:\/\/letrame.com\/catalogo\/wp-content\/uploads\/2024\/10\/2001ymasalla_938mmv34.jpg\",\"datePublished\":\"2024-10-18T10:28:40+00:00\",\"dateModified\":\"2024-10-18T10:35:38+00:00\",\"breadcrumb\":{\"@id\":\"https:\/\/letrame.com\/catalogo\/producto\/2001-y-mas-alla\/#breadcrumb\"},\"inLanguage\":\"es\",\"potentialAction\":[{\"@type\":\"ReadAction\",\"target\":[\"https:\/\/letrame.com\/catalogo\/producto\/2001-y-mas-alla\/\"]}]},{\"@type\":\"ImageObject\",\"inLanguage\":\"es\",\"@id\":\"https:\/\/letrame.com\/catalogo\/producto\/2001-y-mas-alla\/#primaryimage\",\"url\":\"https:\/\/letrame.com\/catalogo\/wp-content\/uploads\/2024\/10\/2001ymasalla_938mmv34.jpg\",\"contentUrl\":\"https:\/\/letrame.com\/catalogo\/wp-content\/uploads\/2024\/10\/2001ymasalla_938mmv34.jpg\",\"width\":1772,\"height\":2480},{\"@type\":\"BreadcrumbList\",\"@id\":\"https:\/\/letrame.com\/catalogo\/producto\/2001-y-mas-alla\/#breadcrumb\",\"itemListElement\":[{\"@type\":\"ListItem\",\"position\":1,\"name\":\"Portada\",\"item\":\"https:\/\/letrame.com\/catalogo\/\"},{\"@type\":\"ListItem\",\"position\":2,\"name\":\"Cat\u00e1logo\",\"item\":\"https:\/\/letrame.com\/catalogo\/\"},{\"@type\":\"ListItem\",\"position\":3,\"name\":\"2001 y m\u00e1s all\u00e1\"}]},{\"@type\":\"WebSite\",\"@id\":\"https:\/\/letrame.com\/catalogo\/#website\",\"url\":\"https:\/\/letrame.com\/catalogo\/\",\"name\":\"Catalogo | Letrame Grupo Editorial\",\"description\":\"\",\"publisher\":{\"@id\":\"https:\/\/letrame.com\/catalogo\/#organization\"},\"potentialAction\":[{\"@type\":\"SearchAction\",\"target\":{\"@type\":\"EntryPoint\",\"urlTemplate\":\"https:\/\/letrame.com\/catalogo\/?s={search_term_string}\"},\"query-input\":{\"@type\":\"PropertyValueSpecification\",\"valueRequired\":true,\"valueName\":\"search_term_string\"}}],\"inLanguage\":\"es\"},{\"@type\":\"Organization\",\"@id\":\"https:\/\/letrame.com\/catalogo\/#organization\",\"name\":\"Catalogo | Letrame Grupo Editorial\",\"url\":\"https:\/\/letrame.com\/catalogo\/\",\"logo\":{\"@type\":\"ImageObject\",\"inLanguage\":\"es\",\"@id\":\"https:\/\/letrame.com\/catalogo\/#\/schema\/logo\/image\/\",\"url\":\"https:\/\/letrame.com\/catalogo\/wp-content\/uploads\/2024\/03\/logo2.webp\",\"contentUrl\":\"https:\/\/letrame.com\/catalogo\/wp-content\/uploads\/2024\/03\/logo2.webp\",\"width\":394,\"height\":128,\"caption\":\"Catalogo | Letrame Grupo Editorial\"},\"image\":{\"@id\":\"https:\/\/letrame.com\/catalogo\/#\/schema\/logo\/image\/\"}}]}<\/script>\n<!-- \/ Yoast SEO plugin. -->","yoast_head_json":{"title":"2001 y m\u00e1s all\u00e1 - Catalogo | Letrame Grupo Editorial","robots":{"index":"index","follow":"follow","max-snippet":"max-snippet:-1","max-image-preview":"max-image-preview:large","max-video-preview":"max-video-preview:-1"},"canonical":"https:\/\/letrame.com\/catalogo\/producto\/2001-y-mas-alla\/","og_locale":"es_ES","og_type":"article","og_title":"2001 y m\u00e1s all\u00e1 - Catalogo | Letrame Grupo Editorial","og_description":"ISBN:\u00a0 9788410890473 SINOPSIS En la \u00e9poca inmediatamente anterior al a\u00f1o 2001, cuando la humanidad entraba en un nuevo siglo y un nuevo milenio, empezaron a difundirse numerosas teor\u00edas basadas, algunas, en el trabajo de supuestos adivinos como Nostradamus, que distingu\u00edan esta fecha como determinante para la historia. Lo que todas estas hip\u00f3tesis ten\u00edan en com\u00fan era que el fin del mundo, o al menos tal y como lo conoc\u00edamos, estaba pr\u00f3ximo. 2001 y m\u00e1s all\u00e1. \u00bfFicci\u00f3n o realidad? hace un repaso de la situaci\u00f3n global de la humanidad y en especial de estas teor\u00edas m\u00e1s o menos conspiratorias en los albores del siglo XXI y del tercer milenio. A pesar de que haya transcurrido casi un cuarto de siglo desde el 2001, hoy que nos encontramos en lo que parece ser de nuevo un momento bisagra, este an\u00e1lisis sigue resultando actual en muchos de sus aspectos.","og_url":"https:\/\/letrame.com\/catalogo\/producto\/2001-y-mas-alla\/","og_site_name":"Catalogo | Letrame Grupo Editorial","article_modified_time":"2024-10-18T10:35:38+00:00","og_image":[{"width":732,"height":1024,"url":"https:\/\/letrame.com\/catalogo\/wp-content\/uploads\/2024\/10\/2001ymasalla_938mmv34-732x1024.jpg","type":"image\/jpeg"}],"twitter_card":"summary_large_image","twitter_misc":{"Tiempo de lectura":"1 minuto"},"schema":{"@context":"https:\/\/schema.org","@graph":[{"@type":"WebPage","@id":"https:\/\/letrame.com\/catalogo\/producto\/2001-y-mas-alla\/","url":"https:\/\/letrame.com\/catalogo\/producto\/2001-y-mas-alla\/","name":"2001 y m\u00e1s all\u00e1 - Catalogo | Letrame Grupo Editorial","isPartOf":{"@id":"https:\/\/letrame.com\/catalogo\/#website"},"primaryImageOfPage":{"@id":"https:\/\/letrame.com\/catalogo\/producto\/2001-y-mas-alla\/#primaryimage"},"image":{"@id":"https:\/\/letrame.com\/catalogo\/producto\/2001-y-mas-alla\/#primaryimage"},"thumbnailUrl":"https:\/\/letrame.com\/catalogo\/wp-content\/uploads\/2024\/10\/2001ymasalla_938mmv34.jpg","datePublished":"2024-10-18T10:28:40+00:00","dateModified":"2024-10-18T10:35:38+00:00","breadcrumb":{"@id":"https:\/\/letrame.com\/catalogo\/producto\/2001-y-mas-alla\/#breadcrumb"},"inLanguage":"es","potentialAction":[{"@type":"ReadAction","target":["https:\/\/letrame.com\/catalogo\/producto\/2001-y-mas-alla\/"]}]},{"@type":"ImageObject","inLanguage":"es","@id":"https:\/\/letrame.com\/catalogo\/producto\/2001-y-mas-alla\/#primaryimage","url":"https:\/\/letrame.com\/catalogo\/wp-content\/uploads\/2024\/10\/2001ymasalla_938mmv34.jpg","contentUrl":"https:\/\/letrame.com\/catalogo\/wp-content\/uploads\/2024\/10\/2001ymasalla_938mmv34.jpg","width":1772,"height":2480},{"@type":"BreadcrumbList","@id":"https:\/\/letrame.com\/catalogo\/producto\/2001-y-mas-alla\/#breadcrumb","itemListElement":[{"@type":"ListItem","position":1,"name":"Portada","item":"https:\/\/letrame.com\/catalogo\/"},{"@type":"ListItem","position":2,"name":"Cat\u00e1logo","item":"https:\/\/letrame.com\/catalogo\/"},{"@type":"ListItem","position":3,"name":"2001 y m\u00e1s all\u00e1"}]},{"@type":"WebSite","@id":"https:\/\/letrame.com\/catalogo\/#website","url":"https:\/\/letrame.com\/catalogo\/","name":"Catalogo | Letrame Grupo Editorial","description":"","publisher":{"@id":"https:\/\/letrame.com\/catalogo\/#organization"},"potentialAction":[{"@type":"SearchAction","target":{"@type":"EntryPoint","urlTemplate":"https:\/\/letrame.com\/catalogo\/?s={search_term_string}"},"query-input":{"@type":"PropertyValueSpecification","valueRequired":true,"valueName":"search_term_string"}}],"inLanguage":"es"},{"@type":"Organization","@id":"https:\/\/letrame.com\/catalogo\/#organization","name":"Catalogo | Letrame Grupo Editorial","url":"https:\/\/letrame.com\/catalogo\/","logo":{"@type":"ImageObject","inLanguage":"es","@id":"https:\/\/letrame.com\/catalogo\/#\/schema\/logo\/image\/","url":"https:\/\/letrame.com\/catalogo\/wp-content\/uploads\/2024\/03\/logo2.webp","contentUrl":"https:\/\/letrame.com\/catalogo\/wp-content\/uploads\/2024\/03\/logo2.webp","width":394,"height":128,"caption":"Catalogo | Letrame Grupo Editorial"},"image":{"@id":"https:\/\/letrame.com\/catalogo\/#\/schema\/logo\/image\/"}}]}},"_links":{"self":[{"href":"https:\/\/letrame.com\/catalogo\/wp-json\/wp\/v2\/product\/107042","targetHints":{"allow":["GET"]}}],"collection":[{"href":"https:\/\/letrame.com\/catalogo\/wp-json\/wp\/v2\/product"}],"about":[{"href":"https:\/\/letrame.com\/catalogo\/wp-json\/wp\/v2\/types\/product"}],"replies":[{"embeddable":true,"href":"https:\/\/letrame.com\/catalogo\/wp-json\/wp\/v2\/comments?post=107042"}],"acf:post":[{"embeddable":true,"href":"https:\/\/letrame.com\/catalogo\/wp-json\/wp\/v2\/author_book\/107043"}],"wp:featuredmedia":[{"embeddable":true,"href":"https:\/\/letrame.com\/catalogo\/wp-json\/wp\/v2\/media\/107045"}],"wp:attachment":[{"href":"https:\/\/letrame.com\/catalogo\/wp-json\/wp\/v2\/media?parent=107042"}],"wp:term":[{"taxonomy":"libro","embeddable":true,"href":"https:\/\/letrame.com\/catalogo\/wp-json\/wp\/v2\/libro?post=107042"},{"taxonomy":"product_brand","embeddable":true,"href":"https:\/\/letrame.com\/catalogo\/wp-json\/wp\/v2\/product_brand?post=107042"},{"taxonomy":"product_cat","embeddable":true,"href":"https:\/\/letrame.com\/catalogo\/wp-json\/wp\/v2\/product_cat?post=107042"},{"taxonomy":"product_tag","embeddable":true,"href":"https:\/\/letrame.com\/catalogo\/wp-json\/wp\/v2\/product_tag?post=107042"}],"curies":[{"name":"wp","href":"https:\/\/api.w.org\/{rel}","templated":true}]}}