{"id":107038,"date":"2024-10-18T12:03:56","date_gmt":"2024-10-18T10:03:56","guid":{"rendered":"https:\/\/letrame.com\/catalogo\/?post_type=product&#038;p=107038"},"modified":"2024-10-18T12:15:35","modified_gmt":"2024-10-18T10:15:35","slug":"lo-que-digo-cuando-quiero-decir","status":"publish","type":"product","link":"https:\/\/letrame.com\/catalogo\/producto\/lo-que-digo-cuando-quiero-decir\/","title":{"rendered":"Lo que digo cu\u00e1ndo quiero decir"},"content":{"rendered":"<p class=\"p1\">ISBN: 9788410685673<\/p>\n<p class=\"p1\">T\u00edtulo: Lo que digo cu\u00e1ndo quiero decir<br \/>\nFecha: 2024<br \/>\nP\u00e1ginas: 130<\/p>\n<p class=\"p1\">SINOPSIS<\/p>\n<p>Desplaz\u00e1ndose entre la poes\u00eda y la prosa po\u00e9tica, Lo que digo cuando quiero decir es, como indica su autor, un compendio de ejercicios intertextuales que dialogan con autores como G\u00f3mez Jattin, Pessoa, Rimbaud, Barba Jacob, Ginsberg o Kavafis. Abarcan temas universales como son el amor perdido, la revisi\u00f3n de la infancia desde la edad adulta, el descubrimiento de la sexualidad y la articulaci\u00f3n de la identidad queer.<br \/>\nEn una introducci\u00f3n amena pero rigurosa, se insiste en este concepto de intertextualidad como uno de los principales mecanismos de que se sirve la literatura: unos textos beben de otros, version\u00e1ndose y enriqueci\u00e9ndose, formando una red de infinitas constelaciones. Solo en el acto de la lectura el texto cobra un sentido, siempre mutable, dependiendo de qui\u00e9n lo lea y en qu\u00e9 momento, de la historia o de su propia vida.<\/p>\n","protected":false},"excerpt":{"rendered":"<p class=\"p1\">ISBN: 9788410685673<\/p>\n<p class=\"p1\">SINOPSIS<\/p>\n<p>Desplaz\u00e1ndose entre la poes\u00eda y la prosa po\u00e9tica, Lo que digo cuando quiero decir es, como indica su autor, un compendio de ejercicios intertextuales que dialogan con autores como G\u00f3mez Jattin, Pessoa, Rimbaud, Barba Jacob, Ginsberg o Kavafis. Abarcan temas universales como son el amor perdido, la revisi\u00f3n de la infancia desde la edad adulta, el descubrimiento de la sexualidad y la articulaci\u00f3n de la identidad queer.<br \/>\nEn una introducci\u00f3n amena pero rigurosa, se insiste en este concepto de intertextualidad como uno de los principales mecanismos de que se sirve la literatura: unos textos beben de otros, version\u00e1ndose y enriqueci\u00e9ndose, formando una red de infinitas constelaciones. Solo en el acto de la lectura el texto cobra un sentido, siempre mutable, dependiendo de qui\u00e9n lo lea y en qu\u00e9 momento, de la historia o de su propia vida.<\/p>\n","protected":false},"featured_media":107040,"comment_status":"open","ping_status":"closed","template":"","meta":{"_acf_changed":false},"libro":[],"product_brand":[],"product_cat":[20,15],"product_tag":[],"class_list":{"0":"post-107038","1":"product","2":"type-product","3":"status-publish","4":"has-post-thumbnail","6":"product_cat-poesia","7":"product_cat-sin-categorizar","9":"first","10":"instock","11":"shipping-taxable","12":"product-type-simple"},"acf":{"autor":[107039],"enlace_de_compra":"https:\/\/amzn.to\/3zUxX06"},"yoast_head":"<!-- This site is optimized with the Yoast SEO plugin v27.4 - https:\/\/yoast.com\/product\/yoast-seo-wordpress\/ -->\n<title>Lo que digo cu\u00e1ndo quiero decir - Catalogo | Letrame Grupo Editorial<\/title>\n<meta name=\"robots\" content=\"index, follow, max-snippet:-1, max-image-preview:large, max-video-preview:-1\" \/>\n<link rel=\"canonical\" href=\"https:\/\/letrame.com\/catalogo\/producto\/lo-que-digo-cuando-quiero-decir\/\" \/>\n<meta property=\"og:locale\" content=\"es_ES\" \/>\n<meta property=\"og:type\" content=\"article\" \/>\n<meta property=\"og:title\" content=\"Lo que digo cu\u00e1ndo quiero decir - Catalogo | Letrame Grupo Editorial\" \/>\n<meta property=\"og:description\" content=\"ISBN: 9788410685673 SINOPSIS Desplaz\u00e1ndose entre la poes\u00eda y la prosa po\u00e9tica, Lo que digo cuando quiero decir es, como indica su autor, un compendio de ejercicios intertextuales que dialogan con autores como G\u00f3mez Jattin, Pessoa, Rimbaud, Barba Jacob, Ginsberg o Kavafis. Abarcan temas universales como son el amor perdido, la revisi\u00f3n de la infancia desde la edad adulta, el descubrimiento de la sexualidad y la articulaci\u00f3n de la identidad queer. En una introducci\u00f3n amena pero rigurosa, se insiste en este concepto de intertextualidad como uno de los principales mecanismos de que se sirve la literatura: unos textos beben de otros, version\u00e1ndose y enriqueci\u00e9ndose, formando una red de infinitas constelaciones. Solo en el acto de la lectura el texto cobra un sentido, siempre mutable, dependiendo de qui\u00e9n lo lea y en qu\u00e9 momento, de la historia o de su propia vida.\" \/>\n<meta property=\"og:url\" content=\"https:\/\/letrame.com\/catalogo\/producto\/lo-que-digo-cuando-quiero-decir\/\" \/>\n<meta property=\"og:site_name\" content=\"Catalogo | Letrame Grupo Editorial\" \/>\n<meta property=\"article:modified_time\" content=\"2024-10-18T10:15:35+00:00\" \/>\n<meta property=\"og:image\" content=\"https:\/\/letrame.com\/catalogo\/wp-content\/uploads\/2024\/10\/loquedigo_7mm4.jpg\" \/>\n\t<meta property=\"og:image:width\" content=\"1772\" \/>\n\t<meta property=\"og:image:height\" content=\"2480\" \/>\n\t<meta property=\"og:image:type\" content=\"image\/jpeg\" \/>\n<meta name=\"twitter:card\" content=\"summary_large_image\" \/>\n<meta name=\"twitter:label1\" content=\"Tiempo de lectura\" \/>\n\t<meta name=\"twitter:data1\" content=\"1 minuto\" \/>\n<script type=\"application\/ld+json\" class=\"yoast-schema-graph\">{\"@context\":\"https:\\\/\\\/schema.org\",\"@graph\":[{\"@type\":\"WebPage\",\"@id\":\"https:\\\/\\\/letrame.com\\\/catalogo\\\/producto\\\/lo-que-digo-cuando-quiero-decir\\\/\",\"url\":\"https:\\\/\\\/letrame.com\\\/catalogo\\\/producto\\\/lo-que-digo-cuando-quiero-decir\\\/\",\"name\":\"Lo que digo cu\u00e1ndo quiero decir - Catalogo | Letrame Grupo Editorial\",\"isPartOf\":{\"@id\":\"https:\\\/\\\/letrame.com\\\/catalogo\\\/#website\"},\"primaryImageOfPage\":{\"@id\":\"https:\\\/\\\/letrame.com\\\/catalogo\\\/producto\\\/lo-que-digo-cuando-quiero-decir\\\/#primaryimage\"},\"image\":{\"@id\":\"https:\\\/\\\/letrame.com\\\/catalogo\\\/producto\\\/lo-que-digo-cuando-quiero-decir\\\/#primaryimage\"},\"thumbnailUrl\":\"https:\\\/\\\/letrame.com\\\/catalogo\\\/wp-content\\\/uploads\\\/2024\\\/10\\\/loquedigo_7mm4.jpg\",\"datePublished\":\"2024-10-18T10:03:56+00:00\",\"dateModified\":\"2024-10-18T10:15:35+00:00\",\"breadcrumb\":{\"@id\":\"https:\\\/\\\/letrame.com\\\/catalogo\\\/producto\\\/lo-que-digo-cuando-quiero-decir\\\/#breadcrumb\"},\"inLanguage\":\"es\",\"potentialAction\":[{\"@type\":\"ReadAction\",\"target\":[\"https:\\\/\\\/letrame.com\\\/catalogo\\\/producto\\\/lo-que-digo-cuando-quiero-decir\\\/\"]}]},{\"@type\":\"ImageObject\",\"inLanguage\":\"es\",\"@id\":\"https:\\\/\\\/letrame.com\\\/catalogo\\\/producto\\\/lo-que-digo-cuando-quiero-decir\\\/#primaryimage\",\"url\":\"https:\\\/\\\/letrame.com\\\/catalogo\\\/wp-content\\\/uploads\\\/2024\\\/10\\\/loquedigo_7mm4.jpg\",\"contentUrl\":\"https:\\\/\\\/letrame.com\\\/catalogo\\\/wp-content\\\/uploads\\\/2024\\\/10\\\/loquedigo_7mm4.jpg\",\"width\":1772,\"height\":2480},{\"@type\":\"BreadcrumbList\",\"@id\":\"https:\\\/\\\/letrame.com\\\/catalogo\\\/producto\\\/lo-que-digo-cuando-quiero-decir\\\/#breadcrumb\",\"itemListElement\":[{\"@type\":\"ListItem\",\"position\":1,\"name\":\"Portada\",\"item\":\"https:\\\/\\\/letrame.com\\\/catalogo\\\/\"},{\"@type\":\"ListItem\",\"position\":2,\"name\":\"Cat\u00e1logo\",\"item\":\"https:\\\/\\\/letrame.com\\\/catalogo\\\/\"},{\"@type\":\"ListItem\",\"position\":3,\"name\":\"Lo que digo cu\u00e1ndo quiero decir\"}]},{\"@type\":\"WebSite\",\"@id\":\"https:\\\/\\\/letrame.com\\\/catalogo\\\/#website\",\"url\":\"https:\\\/\\\/letrame.com\\\/catalogo\\\/\",\"name\":\"Catalogo | Letrame Grupo Editorial\",\"description\":\"\",\"publisher\":{\"@id\":\"https:\\\/\\\/letrame.com\\\/catalogo\\\/#organization\"},\"potentialAction\":[{\"@type\":\"SearchAction\",\"target\":{\"@type\":\"EntryPoint\",\"urlTemplate\":\"https:\\\/\\\/letrame.com\\\/catalogo\\\/?s={search_term_string}\"},\"query-input\":{\"@type\":\"PropertyValueSpecification\",\"valueRequired\":true,\"valueName\":\"search_term_string\"}}],\"inLanguage\":\"es\"},{\"@type\":\"Organization\",\"@id\":\"https:\\\/\\\/letrame.com\\\/catalogo\\\/#organization\",\"name\":\"Catalogo | Letrame Grupo Editorial\",\"url\":\"https:\\\/\\\/letrame.com\\\/catalogo\\\/\",\"logo\":{\"@type\":\"ImageObject\",\"inLanguage\":\"es\",\"@id\":\"https:\\\/\\\/letrame.com\\\/catalogo\\\/#\\\/schema\\\/logo\\\/image\\\/\",\"url\":\"https:\\\/\\\/letrame.com\\\/catalogo\\\/wp-content\\\/uploads\\\/2024\\\/03\\\/logo2.webp\",\"contentUrl\":\"https:\\\/\\\/letrame.com\\\/catalogo\\\/wp-content\\\/uploads\\\/2024\\\/03\\\/logo2.webp\",\"width\":394,\"height\":128,\"caption\":\"Catalogo | Letrame Grupo Editorial\"},\"image\":{\"@id\":\"https:\\\/\\\/letrame.com\\\/catalogo\\\/#\\\/schema\\\/logo\\\/image\\\/\"}}]}<\/script>\n<!-- \/ Yoast SEO plugin. -->","yoast_head_json":{"title":"Lo que digo cu\u00e1ndo quiero decir - Catalogo | Letrame Grupo Editorial","robots":{"index":"index","follow":"follow","max-snippet":"max-snippet:-1","max-image-preview":"max-image-preview:large","max-video-preview":"max-video-preview:-1"},"canonical":"https:\/\/letrame.com\/catalogo\/producto\/lo-que-digo-cuando-quiero-decir\/","og_locale":"es_ES","og_type":"article","og_title":"Lo que digo cu\u00e1ndo quiero decir - Catalogo | Letrame Grupo Editorial","og_description":"ISBN: 9788410685673 SINOPSIS Desplaz\u00e1ndose entre la poes\u00eda y la prosa po\u00e9tica, Lo que digo cuando quiero decir es, como indica su autor, un compendio de ejercicios intertextuales que dialogan con autores como G\u00f3mez Jattin, Pessoa, Rimbaud, Barba Jacob, Ginsberg o Kavafis. Abarcan temas universales como son el amor perdido, la revisi\u00f3n de la infancia desde la edad adulta, el descubrimiento de la sexualidad y la articulaci\u00f3n de la identidad queer. En una introducci\u00f3n amena pero rigurosa, se insiste en este concepto de intertextualidad como uno de los principales mecanismos de que se sirve la literatura: unos textos beben de otros, version\u00e1ndose y enriqueci\u00e9ndose, formando una red de infinitas constelaciones. Solo en el acto de la lectura el texto cobra un sentido, siempre mutable, dependiendo de qui\u00e9n lo lea y en qu\u00e9 momento, de la historia o de su propia vida.","og_url":"https:\/\/letrame.com\/catalogo\/producto\/lo-que-digo-cuando-quiero-decir\/","og_site_name":"Catalogo | Letrame Grupo Editorial","article_modified_time":"2024-10-18T10:15:35+00:00","og_image":[{"width":1772,"height":2480,"url":"https:\/\/letrame.com\/catalogo\/wp-content\/uploads\/2024\/10\/loquedigo_7mm4.jpg","type":"image\/jpeg"}],"twitter_card":"summary_large_image","twitter_misc":{"Tiempo de lectura":"1 minuto"},"schema":{"@context":"https:\/\/schema.org","@graph":[{"@type":"WebPage","@id":"https:\/\/letrame.com\/catalogo\/producto\/lo-que-digo-cuando-quiero-decir\/","url":"https:\/\/letrame.com\/catalogo\/producto\/lo-que-digo-cuando-quiero-decir\/","name":"Lo que digo cu\u00e1ndo quiero decir - Catalogo | Letrame Grupo Editorial","isPartOf":{"@id":"https:\/\/letrame.com\/catalogo\/#website"},"primaryImageOfPage":{"@id":"https:\/\/letrame.com\/catalogo\/producto\/lo-que-digo-cuando-quiero-decir\/#primaryimage"},"image":{"@id":"https:\/\/letrame.com\/catalogo\/producto\/lo-que-digo-cuando-quiero-decir\/#primaryimage"},"thumbnailUrl":"https:\/\/letrame.com\/catalogo\/wp-content\/uploads\/2024\/10\/loquedigo_7mm4.jpg","datePublished":"2024-10-18T10:03:56+00:00","dateModified":"2024-10-18T10:15:35+00:00","breadcrumb":{"@id":"https:\/\/letrame.com\/catalogo\/producto\/lo-que-digo-cuando-quiero-decir\/#breadcrumb"},"inLanguage":"es","potentialAction":[{"@type":"ReadAction","target":["https:\/\/letrame.com\/catalogo\/producto\/lo-que-digo-cuando-quiero-decir\/"]}]},{"@type":"ImageObject","inLanguage":"es","@id":"https:\/\/letrame.com\/catalogo\/producto\/lo-que-digo-cuando-quiero-decir\/#primaryimage","url":"https:\/\/letrame.com\/catalogo\/wp-content\/uploads\/2024\/10\/loquedigo_7mm4.jpg","contentUrl":"https:\/\/letrame.com\/catalogo\/wp-content\/uploads\/2024\/10\/loquedigo_7mm4.jpg","width":1772,"height":2480},{"@type":"BreadcrumbList","@id":"https:\/\/letrame.com\/catalogo\/producto\/lo-que-digo-cuando-quiero-decir\/#breadcrumb","itemListElement":[{"@type":"ListItem","position":1,"name":"Portada","item":"https:\/\/letrame.com\/catalogo\/"},{"@type":"ListItem","position":2,"name":"Cat\u00e1logo","item":"https:\/\/letrame.com\/catalogo\/"},{"@type":"ListItem","position":3,"name":"Lo que digo cu\u00e1ndo quiero decir"}]},{"@type":"WebSite","@id":"https:\/\/letrame.com\/catalogo\/#website","url":"https:\/\/letrame.com\/catalogo\/","name":"Catalogo | Letrame Grupo Editorial","description":"","publisher":{"@id":"https:\/\/letrame.com\/catalogo\/#organization"},"potentialAction":[{"@type":"SearchAction","target":{"@type":"EntryPoint","urlTemplate":"https:\/\/letrame.com\/catalogo\/?s={search_term_string}"},"query-input":{"@type":"PropertyValueSpecification","valueRequired":true,"valueName":"search_term_string"}}],"inLanguage":"es"},{"@type":"Organization","@id":"https:\/\/letrame.com\/catalogo\/#organization","name":"Catalogo | Letrame Grupo Editorial","url":"https:\/\/letrame.com\/catalogo\/","logo":{"@type":"ImageObject","inLanguage":"es","@id":"https:\/\/letrame.com\/catalogo\/#\/schema\/logo\/image\/","url":"https:\/\/letrame.com\/catalogo\/wp-content\/uploads\/2024\/03\/logo2.webp","contentUrl":"https:\/\/letrame.com\/catalogo\/wp-content\/uploads\/2024\/03\/logo2.webp","width":394,"height":128,"caption":"Catalogo | Letrame Grupo Editorial"},"image":{"@id":"https:\/\/letrame.com\/catalogo\/#\/schema\/logo\/image\/"}}]}},"_links":{"self":[{"href":"https:\/\/letrame.com\/catalogo\/wp-json\/wp\/v2\/product\/107038","targetHints":{"allow":["GET"]}}],"collection":[{"href":"https:\/\/letrame.com\/catalogo\/wp-json\/wp\/v2\/product"}],"about":[{"href":"https:\/\/letrame.com\/catalogo\/wp-json\/wp\/v2\/types\/product"}],"replies":[{"embeddable":true,"href":"https:\/\/letrame.com\/catalogo\/wp-json\/wp\/v2\/comments?post=107038"}],"acf:post":[{"embeddable":true,"href":"https:\/\/letrame.com\/catalogo\/wp-json\/wp\/v2\/author_book\/107039"}],"wp:featuredmedia":[{"embeddable":true,"href":"https:\/\/letrame.com\/catalogo\/wp-json\/wp\/v2\/media\/107040"}],"wp:attachment":[{"href":"https:\/\/letrame.com\/catalogo\/wp-json\/wp\/v2\/media?parent=107038"}],"wp:term":[{"taxonomy":"libro","embeddable":true,"href":"https:\/\/letrame.com\/catalogo\/wp-json\/wp\/v2\/libro?post=107038"},{"taxonomy":"product_brand","embeddable":true,"href":"https:\/\/letrame.com\/catalogo\/wp-json\/wp\/v2\/product_brand?post=107038"},{"taxonomy":"product_cat","embeddable":true,"href":"https:\/\/letrame.com\/catalogo\/wp-json\/wp\/v2\/product_cat?post=107038"},{"taxonomy":"product_tag","embeddable":true,"href":"https:\/\/letrame.com\/catalogo\/wp-json\/wp\/v2\/product_tag?post=107038"}],"curies":[{"name":"wp","href":"https:\/\/api.w.org\/{rel}","templated":true}]}}