{"id":107016,"date":"2024-10-16T12:26:35","date_gmt":"2024-10-16T10:26:35","guid":{"rendered":"https:\/\/letrame.com\/catalogo\/?post_type=product&#038;p=107016"},"modified":"2024-10-16T12:29:00","modified_gmt":"2024-10-16T10:29:00","slug":"ascension-a-pleroma","status":"publish","type":"product","link":"https:\/\/letrame.com\/catalogo\/producto\/ascension-a-pleroma\/","title":{"rendered":"Ascensi\u00f3n a Pleroma"},"content":{"rendered":"<p class=\"p1\">ISBN:\u00a0 9788410890008<\/p>\n<p class=\"p1\">T\u00edtulo: Ascensi\u00f3n a Pleroma<br \/>\nFecha: 2024<br \/>\nP\u00e1ginas: 398<\/p>\n<p class=\"p1\">SINOPSIS<\/p>\n<p>Cuando Lucy decide entrar a la tercera dimensi\u00f3n no esperaba que el velo del olvido fuera tan fuerte, siendo una joven universitaria de veinte a\u00f1os, esconde un secreto: su forma humana es solo una m\u00e1scara. Criada por tres demonios -Astaroth, Balzak y Belceb\u00fa- su misi\u00f3n es despertar, recordar su verdadera esencia y cumplir su destino: descrear el Universo. Sin embargo, el plan se complica cuando Los Siete, los grandes arquitectos logran manifestarse en la Tierra, anunciando una necesaria guerra entre<br \/>\nambas fuerzas.<br \/>\nLos Siete comienzan una carrera contra reloj cuando se unen al cuerpo del gran<br \/>\nHeredero de La Hermandad Blanca qui\u00e9n es el nuevo mes\u00edas y est\u00e1 destinado a aniquilar a Lucy. Sangre, lealtad, amor, amistad, muerte, olvido y dolor invaden la danza de este teatro divino entre la luz y la ausencia de ella.<\/p>\n<p>Con una narrativa rica en misticismo y un trasfondo filos\u00f3fico, Alejandrina Badillo nos adentra en una \u00e9pica lucha por el destino del Universo, desafiando las barreras de lo humano y lo divino. Ascensi\u00f3n a Pleroma es una obra que invita a cuestionar la realidad y explorar los rincones m\u00e1s oscuros del alma.<\/p>\n","protected":false},"excerpt":{"rendered":"<p class=\"p1\">ISBN:\u00a0 9788410890008<\/p>\n<p class=\"p1\">SINOPSIS<\/p>\n<p>Cuando Lucy decide entrar a la tercera dimensi\u00f3n no esperaba que el velo del olvido fuera tan fuerte, siendo una joven universitaria de veinte a\u00f1os, esconde un secreto: su forma humana es solo una m\u00e1scara. Criada por tres demonios -Astaroth, Balzak y Belceb\u00fa- su misi\u00f3n es despertar, recordar su verdadera esencia y cumplir su destino: descrear el Universo. Sin embargo, el plan se complica cuando Los Siete, los grandes arquitectos logran manifestarse en la Tierra, anunciando una necesaria guerra entre<br \/>\nambas fuerzas.<br \/>\nLos Siete comienzan una carrera contra reloj cuando se unen al cuerpo del gran<br \/>\nHeredero de La Hermandad Blanca qui\u00e9n es el nuevo mes\u00edas y est\u00e1 destinado a aniquilar a Lucy. Sangre, lealtad, amor, amistad, muerte, olvido y dolor invaden la danza de este teatro divino entre la luz y la ausencia de ella.<\/p>\n<p>Con una narrativa rica en misticismo y un trasfondo filos\u00f3fico, Alejandrina Badillo nos adentra en una \u00e9pica lucha por el destino del Universo, desafiando las barreras de lo humano y lo divino. Ascensi\u00f3n a Pleroma es una obra que invita a cuestionar la realidad y explorar los rincones m\u00e1s oscuros del alma.<\/p>\n","protected":false},"featured_media":107017,"comment_status":"open","ping_status":"closed","template":"","meta":{"_acf_changed":false},"libro":[],"product_brand":[],"product_cat":[47],"product_tag":[],"class_list":{"0":"post-107016","1":"product","2":"type-product","3":"status-publish","4":"has-post-thumbnail","6":"product_cat-ciencia-ficcion-misterio","8":"first","9":"instock","10":"shipping-taxable","11":"product-type-simple"},"acf":{"autor":[107015],"enlace_de_compra":"https:\/\/amzn.to\/4h5NQBw"},"yoast_head":"<!-- This site is optimized with the Yoast SEO plugin v27.4 - https:\/\/yoast.com\/product\/yoast-seo-wordpress\/ -->\n<title>Ascensi\u00f3n a Pleroma - Catalogo | Letrame Grupo Editorial<\/title>\n<meta name=\"robots\" content=\"index, follow, max-snippet:-1, max-image-preview:large, max-video-preview:-1\" \/>\n<link rel=\"canonical\" href=\"https:\/\/letrame.com\/catalogo\/producto\/ascension-a-pleroma\/\" \/>\n<meta property=\"og:locale\" content=\"es_ES\" \/>\n<meta property=\"og:type\" content=\"article\" \/>\n<meta property=\"og:title\" content=\"Ascensi\u00f3n a Pleroma - Catalogo | Letrame Grupo Editorial\" \/>\n<meta property=\"og:description\" content=\"ISBN:\u00a0 9788410890008 SINOPSIS Cuando Lucy decide entrar a la tercera dimensi\u00f3n no esperaba que el velo del olvido fuera tan fuerte, siendo una joven universitaria de veinte a\u00f1os, esconde un secreto: su forma humana es solo una m\u00e1scara. Criada por tres demonios -Astaroth, Balzak y Belceb\u00fa- su misi\u00f3n es despertar, recordar su verdadera esencia y cumplir su destino: descrear el Universo. Sin embargo, el plan se complica cuando Los Siete, los grandes arquitectos logran manifestarse en la Tierra, anunciando una necesaria guerra entre ambas fuerzas. Los Siete comienzan una carrera contra reloj cuando se unen al cuerpo del gran Heredero de La Hermandad Blanca qui\u00e9n es el nuevo mes\u00edas y est\u00e1 destinado a aniquilar a Lucy. Sangre, lealtad, amor, amistad, muerte, olvido y dolor invaden la danza de este teatro divino entre la luz y la ausencia de ella.  Con una narrativa rica en misticismo y un trasfondo filos\u00f3fico, Alejandrina Badillo nos adentra en una \u00e9pica lucha por el destino del Universo, desafiando las barreras de lo humano y lo divino. Ascensi\u00f3n a Pleroma es una obra que invita a cuestionar la realidad y explorar los rincones m\u00e1s oscuros del alma.\" \/>\n<meta property=\"og:url\" content=\"https:\/\/letrame.com\/catalogo\/producto\/ascension-a-pleroma\/\" \/>\n<meta property=\"og:site_name\" content=\"Catalogo | Letrame Grupo Editorial\" \/>\n<meta property=\"article:modified_time\" content=\"2024-10-16T10:29:00+00:00\" \/>\n<meta property=\"og:image\" content=\"https:\/\/letrame.com\/catalogo\/wp-content\/uploads\/2024\/10\/ascensionapleroma_1943mmv44-scaled.jpg\" \/>\n\t<meta property=\"og:image:width\" content=\"1746\" \/>\n\t<meta property=\"og:image:height\" content=\"2560\" \/>\n\t<meta property=\"og:image:type\" content=\"image\/jpeg\" \/>\n<meta name=\"twitter:card\" content=\"summary_large_image\" \/>\n<meta name=\"twitter:label1\" content=\"Tiempo de lectura\" \/>\n\t<meta name=\"twitter:data1\" content=\"2 minutos\" \/>\n<script type=\"application\/ld+json\" class=\"yoast-schema-graph\">{\"@context\":\"https:\\\/\\\/schema.org\",\"@graph\":[{\"@type\":\"WebPage\",\"@id\":\"https:\\\/\\\/letrame.com\\\/catalogo\\\/producto\\\/ascension-a-pleroma\\\/\",\"url\":\"https:\\\/\\\/letrame.com\\\/catalogo\\\/producto\\\/ascension-a-pleroma\\\/\",\"name\":\"Ascensi\u00f3n a Pleroma - Catalogo | Letrame Grupo Editorial\",\"isPartOf\":{\"@id\":\"https:\\\/\\\/letrame.com\\\/catalogo\\\/#website\"},\"primaryImageOfPage\":{\"@id\":\"https:\\\/\\\/letrame.com\\\/catalogo\\\/producto\\\/ascension-a-pleroma\\\/#primaryimage\"},\"image\":{\"@id\":\"https:\\\/\\\/letrame.com\\\/catalogo\\\/producto\\\/ascension-a-pleroma\\\/#primaryimage\"},\"thumbnailUrl\":\"https:\\\/\\\/letrame.com\\\/catalogo\\\/wp-content\\\/uploads\\\/2024\\\/10\\\/ascensionapleroma_1943mmv44-scaled.jpg\",\"datePublished\":\"2024-10-16T10:26:35+00:00\",\"dateModified\":\"2024-10-16T10:29:00+00:00\",\"breadcrumb\":{\"@id\":\"https:\\\/\\\/letrame.com\\\/catalogo\\\/producto\\\/ascension-a-pleroma\\\/#breadcrumb\"},\"inLanguage\":\"es\",\"potentialAction\":[{\"@type\":\"ReadAction\",\"target\":[\"https:\\\/\\\/letrame.com\\\/catalogo\\\/producto\\\/ascension-a-pleroma\\\/\"]}]},{\"@type\":\"ImageObject\",\"inLanguage\":\"es\",\"@id\":\"https:\\\/\\\/letrame.com\\\/catalogo\\\/producto\\\/ascension-a-pleroma\\\/#primaryimage\",\"url\":\"https:\\\/\\\/letrame.com\\\/catalogo\\\/wp-content\\\/uploads\\\/2024\\\/10\\\/ascensionapleroma_1943mmv44-scaled.jpg\",\"contentUrl\":\"https:\\\/\\\/letrame.com\\\/catalogo\\\/wp-content\\\/uploads\\\/2024\\\/10\\\/ascensionapleroma_1943mmv44-scaled.jpg\",\"width\":1746,\"height\":2560},{\"@type\":\"BreadcrumbList\",\"@id\":\"https:\\\/\\\/letrame.com\\\/catalogo\\\/producto\\\/ascension-a-pleroma\\\/#breadcrumb\",\"itemListElement\":[{\"@type\":\"ListItem\",\"position\":1,\"name\":\"Portada\",\"item\":\"https:\\\/\\\/letrame.com\\\/catalogo\\\/\"},{\"@type\":\"ListItem\",\"position\":2,\"name\":\"Cat\u00e1logo\",\"item\":\"https:\\\/\\\/letrame.com\\\/catalogo\\\/\"},{\"@type\":\"ListItem\",\"position\":3,\"name\":\"Ascensi\u00f3n a Pleroma\"}]},{\"@type\":\"WebSite\",\"@id\":\"https:\\\/\\\/letrame.com\\\/catalogo\\\/#website\",\"url\":\"https:\\\/\\\/letrame.com\\\/catalogo\\\/\",\"name\":\"Catalogo | Letrame Grupo Editorial\",\"description\":\"\",\"publisher\":{\"@id\":\"https:\\\/\\\/letrame.com\\\/catalogo\\\/#organization\"},\"potentialAction\":[{\"@type\":\"SearchAction\",\"target\":{\"@type\":\"EntryPoint\",\"urlTemplate\":\"https:\\\/\\\/letrame.com\\\/catalogo\\\/?s={search_term_string}\"},\"query-input\":{\"@type\":\"PropertyValueSpecification\",\"valueRequired\":true,\"valueName\":\"search_term_string\"}}],\"inLanguage\":\"es\"},{\"@type\":\"Organization\",\"@id\":\"https:\\\/\\\/letrame.com\\\/catalogo\\\/#organization\",\"name\":\"Catalogo | Letrame Grupo Editorial\",\"url\":\"https:\\\/\\\/letrame.com\\\/catalogo\\\/\",\"logo\":{\"@type\":\"ImageObject\",\"inLanguage\":\"es\",\"@id\":\"https:\\\/\\\/letrame.com\\\/catalogo\\\/#\\\/schema\\\/logo\\\/image\\\/\",\"url\":\"https:\\\/\\\/letrame.com\\\/catalogo\\\/wp-content\\\/uploads\\\/2024\\\/03\\\/logo2.webp\",\"contentUrl\":\"https:\\\/\\\/letrame.com\\\/catalogo\\\/wp-content\\\/uploads\\\/2024\\\/03\\\/logo2.webp\",\"width\":394,\"height\":128,\"caption\":\"Catalogo | Letrame Grupo Editorial\"},\"image\":{\"@id\":\"https:\\\/\\\/letrame.com\\\/catalogo\\\/#\\\/schema\\\/logo\\\/image\\\/\"}}]}<\/script>\n<!-- \/ Yoast SEO plugin. -->","yoast_head_json":{"title":"Ascensi\u00f3n a Pleroma - Catalogo | Letrame Grupo Editorial","robots":{"index":"index","follow":"follow","max-snippet":"max-snippet:-1","max-image-preview":"max-image-preview:large","max-video-preview":"max-video-preview:-1"},"canonical":"https:\/\/letrame.com\/catalogo\/producto\/ascension-a-pleroma\/","og_locale":"es_ES","og_type":"article","og_title":"Ascensi\u00f3n a Pleroma - Catalogo | Letrame Grupo Editorial","og_description":"ISBN:\u00a0 9788410890008 SINOPSIS Cuando Lucy decide entrar a la tercera dimensi\u00f3n no esperaba que el velo del olvido fuera tan fuerte, siendo una joven universitaria de veinte a\u00f1os, esconde un secreto: su forma humana es solo una m\u00e1scara. Criada por tres demonios -Astaroth, Balzak y Belceb\u00fa- su misi\u00f3n es despertar, recordar su verdadera esencia y cumplir su destino: descrear el Universo. Sin embargo, el plan se complica cuando Los Siete, los grandes arquitectos logran manifestarse en la Tierra, anunciando una necesaria guerra entre ambas fuerzas. Los Siete comienzan una carrera contra reloj cuando se unen al cuerpo del gran Heredero de La Hermandad Blanca qui\u00e9n es el nuevo mes\u00edas y est\u00e1 destinado a aniquilar a Lucy. Sangre, lealtad, amor, amistad, muerte, olvido y dolor invaden la danza de este teatro divino entre la luz y la ausencia de ella.  Con una narrativa rica en misticismo y un trasfondo filos\u00f3fico, Alejandrina Badillo nos adentra en una \u00e9pica lucha por el destino del Universo, desafiando las barreras de lo humano y lo divino. Ascensi\u00f3n a Pleroma es una obra que invita a cuestionar la realidad y explorar los rincones m\u00e1s oscuros del alma.","og_url":"https:\/\/letrame.com\/catalogo\/producto\/ascension-a-pleroma\/","og_site_name":"Catalogo | Letrame Grupo Editorial","article_modified_time":"2024-10-16T10:29:00+00:00","og_image":[{"width":1746,"height":2560,"url":"https:\/\/letrame.com\/catalogo\/wp-content\/uploads\/2024\/10\/ascensionapleroma_1943mmv44-scaled.jpg","type":"image\/jpeg"}],"twitter_card":"summary_large_image","twitter_misc":{"Tiempo de lectura":"2 minutos"},"schema":{"@context":"https:\/\/schema.org","@graph":[{"@type":"WebPage","@id":"https:\/\/letrame.com\/catalogo\/producto\/ascension-a-pleroma\/","url":"https:\/\/letrame.com\/catalogo\/producto\/ascension-a-pleroma\/","name":"Ascensi\u00f3n a Pleroma - Catalogo | Letrame Grupo Editorial","isPartOf":{"@id":"https:\/\/letrame.com\/catalogo\/#website"},"primaryImageOfPage":{"@id":"https:\/\/letrame.com\/catalogo\/producto\/ascension-a-pleroma\/#primaryimage"},"image":{"@id":"https:\/\/letrame.com\/catalogo\/producto\/ascension-a-pleroma\/#primaryimage"},"thumbnailUrl":"https:\/\/letrame.com\/catalogo\/wp-content\/uploads\/2024\/10\/ascensionapleroma_1943mmv44-scaled.jpg","datePublished":"2024-10-16T10:26:35+00:00","dateModified":"2024-10-16T10:29:00+00:00","breadcrumb":{"@id":"https:\/\/letrame.com\/catalogo\/producto\/ascension-a-pleroma\/#breadcrumb"},"inLanguage":"es","potentialAction":[{"@type":"ReadAction","target":["https:\/\/letrame.com\/catalogo\/producto\/ascension-a-pleroma\/"]}]},{"@type":"ImageObject","inLanguage":"es","@id":"https:\/\/letrame.com\/catalogo\/producto\/ascension-a-pleroma\/#primaryimage","url":"https:\/\/letrame.com\/catalogo\/wp-content\/uploads\/2024\/10\/ascensionapleroma_1943mmv44-scaled.jpg","contentUrl":"https:\/\/letrame.com\/catalogo\/wp-content\/uploads\/2024\/10\/ascensionapleroma_1943mmv44-scaled.jpg","width":1746,"height":2560},{"@type":"BreadcrumbList","@id":"https:\/\/letrame.com\/catalogo\/producto\/ascension-a-pleroma\/#breadcrumb","itemListElement":[{"@type":"ListItem","position":1,"name":"Portada","item":"https:\/\/letrame.com\/catalogo\/"},{"@type":"ListItem","position":2,"name":"Cat\u00e1logo","item":"https:\/\/letrame.com\/catalogo\/"},{"@type":"ListItem","position":3,"name":"Ascensi\u00f3n a Pleroma"}]},{"@type":"WebSite","@id":"https:\/\/letrame.com\/catalogo\/#website","url":"https:\/\/letrame.com\/catalogo\/","name":"Catalogo | Letrame Grupo Editorial","description":"","publisher":{"@id":"https:\/\/letrame.com\/catalogo\/#organization"},"potentialAction":[{"@type":"SearchAction","target":{"@type":"EntryPoint","urlTemplate":"https:\/\/letrame.com\/catalogo\/?s={search_term_string}"},"query-input":{"@type":"PropertyValueSpecification","valueRequired":true,"valueName":"search_term_string"}}],"inLanguage":"es"},{"@type":"Organization","@id":"https:\/\/letrame.com\/catalogo\/#organization","name":"Catalogo | Letrame Grupo Editorial","url":"https:\/\/letrame.com\/catalogo\/","logo":{"@type":"ImageObject","inLanguage":"es","@id":"https:\/\/letrame.com\/catalogo\/#\/schema\/logo\/image\/","url":"https:\/\/letrame.com\/catalogo\/wp-content\/uploads\/2024\/03\/logo2.webp","contentUrl":"https:\/\/letrame.com\/catalogo\/wp-content\/uploads\/2024\/03\/logo2.webp","width":394,"height":128,"caption":"Catalogo | Letrame Grupo Editorial"},"image":{"@id":"https:\/\/letrame.com\/catalogo\/#\/schema\/logo\/image\/"}}]}},"_links":{"self":[{"href":"https:\/\/letrame.com\/catalogo\/wp-json\/wp\/v2\/product\/107016","targetHints":{"allow":["GET"]}}],"collection":[{"href":"https:\/\/letrame.com\/catalogo\/wp-json\/wp\/v2\/product"}],"about":[{"href":"https:\/\/letrame.com\/catalogo\/wp-json\/wp\/v2\/types\/product"}],"replies":[{"embeddable":true,"href":"https:\/\/letrame.com\/catalogo\/wp-json\/wp\/v2\/comments?post=107016"}],"acf:post":[{"embeddable":true,"href":"https:\/\/letrame.com\/catalogo\/wp-json\/wp\/v2\/author_book\/107015"}],"wp:featuredmedia":[{"embeddable":true,"href":"https:\/\/letrame.com\/catalogo\/wp-json\/wp\/v2\/media\/107017"}],"wp:attachment":[{"href":"https:\/\/letrame.com\/catalogo\/wp-json\/wp\/v2\/media?parent=107016"}],"wp:term":[{"taxonomy":"libro","embeddable":true,"href":"https:\/\/letrame.com\/catalogo\/wp-json\/wp\/v2\/libro?post=107016"},{"taxonomy":"product_brand","embeddable":true,"href":"https:\/\/letrame.com\/catalogo\/wp-json\/wp\/v2\/product_brand?post=107016"},{"taxonomy":"product_cat","embeddable":true,"href":"https:\/\/letrame.com\/catalogo\/wp-json\/wp\/v2\/product_cat?post=107016"},{"taxonomy":"product_tag","embeddable":true,"href":"https:\/\/letrame.com\/catalogo\/wp-json\/wp\/v2\/product_tag?post=107016"}],"curies":[{"name":"wp","href":"https:\/\/api.w.org\/{rel}","templated":true}]}}