{"id":107010,"date":"2024-10-16T12:05:39","date_gmt":"2024-10-16T10:05:39","guid":{"rendered":"https:\/\/letrame.com\/catalogo\/?post_type=product&#038;p=107010"},"modified":"2024-10-16T12:08:25","modified_gmt":"2024-10-16T10:08:25","slug":"alegria-en-etiopia","status":"publish","type":"product","link":"https:\/\/letrame.com\/catalogo\/producto\/alegria-en-etiopia\/","title":{"rendered":"Alegr\u00eda en Etiop\u00eda"},"content":{"rendered":"<p class=\"p1\">ISBN: 9788410682955<\/p>\n<p class=\"p1\">T\u00edtulo: Alegr\u00eda en Etiop\u00eda<br \/>\nFecha: 2024<br \/>\nP\u00e1ginas: 108<\/p>\n<p class=\"p1\">SINOPSIS<\/p>\n<p>En esta cautivadora novela, el autor, el pediatra y coordinador m\u00e9dico del Hospital General Rural de Gambo, comparte con el lector sus reflexiones derivadas de las experiencias diarias en el hospital. Tras agotadoras jornadas laborales, plasma en el papel las diversas caras, edades, circunstancias y enfermedades que encuentra, tratando a cada persona con respeto, profesionalismo y dedicaci\u00f3n. El relato destaca el trabajo de un equipo comprometido en brindar atenci\u00f3n con alegr\u00eda y eficacia, reflejo de una profunda motivaci\u00f3n y entrega.<\/p>\n<p>A lo largo de esta conmovedora obra, el lector se sumerge en una realidad a menudo silenciada u olvidada, que nos resulta desconocida y, en muchos casos, injustamente ajena. La ambulancia impulsada por un burro, las camas compartidas entre pacientes y las limitaciones en suministro el\u00e9ctrico y ox\u00edgeno son ejemplos de las dificultades cotidianas que enfrenta este equipo profesional. Sorprendentemente, estas adversidades no disminuyen su energ\u00eda ni su determinaci\u00f3n para luchar diariamente por la salud de los habitantes de Gambo. La esperanza que prevalece en el hospital se convierte en una fuente de energ\u00eda a\u00fan m\u00e1s poderosa que el generador de electricidad a base de carburante utilizado para obtener luz.<\/p>\n<p>La obra revela una forma de cooperaci\u00f3n que va m\u00e1s all\u00e1 del paternalismo, expres\u00e1ndose como una relaci\u00f3n \u00abde igual a igual, de t\u00fa a t\u00fa\u00bb. Adem\u00e1s, nos recuerda principios fundamentales que los m\u00e9dicos no deben perder de vista: la humanizaci\u00f3n inherente a la medicina, la responsabilidad del estudio como compromiso con los pacientes, cuya salud depende en gran medida de los conocimientos m\u00e9dicos; y el acto m\u00e9dico entendido como un acto de amor hacia quienes sufren.<\/p>\n<p>I\u00f1aki Alegr\u00eda busca rendir homenaje a sus colegas hospitalarios con esta impactante novela, destacando la labor admirable que realizan, mientras invita a los lectores a unirse a esta transformadora experiencia, modificando nuestra perspectiva y nuestros corazones.<\/p>\n<p>El hillo conductor del libro, al igual que la vida del autor, es la compasi\u00f3n y el entusiasmo. Valores que forjan el camino que da sentido a sula vida en la entrega al pr\u00f3jimo<\/p>\n","protected":false},"excerpt":{"rendered":"<p class=\"p1\">ISBN: 9788410682955<\/p>\n<p class=\"p1\">SINOPSIS<\/p>\n<p>En esta cautivadora novela, el autor, el pediatra y coordinador m\u00e9dico del Hospital General Rural de Gambo, comparte con el lector sus reflexiones derivadas de las experiencias diarias en el hospital. Tras agotadoras jornadas laborales, plasma en el papel las diversas caras, edades, circunstancias y enfermedades que encuentra, tratando a cada persona con respeto, profesionalismo y dedicaci\u00f3n. El relato destaca el trabajo de un equipo comprometido en brindar atenci\u00f3n con alegr\u00eda y eficacia, reflejo de una profunda motivaci\u00f3n y entrega.<\/p>\n<p>A lo largo de esta conmovedora obra, el lector se sumerge en una realidad a menudo silenciada u olvidada, que nos resulta desconocida y, en muchos casos, injustamente ajena. La ambulancia impulsada por un burro, las camas compartidas entre pacientes y las limitaciones en suministro el\u00e9ctrico y ox\u00edgeno son ejemplos de las dificultades cotidianas que enfrenta este equipo profesional. Sorprendentemente, estas adversidades no disminuyen su energ\u00eda ni su determinaci\u00f3n para luchar diariamente por la salud de los habitantes de Gambo. La esperanza que prevalece en el hospital se convierte en una fuente de energ\u00eda a\u00fan m\u00e1s poderosa que el generador de electricidad a base de carburante utilizado para obtener luz.<\/p>\n<p>La obra revela una forma de cooperaci\u00f3n que va m\u00e1s all\u00e1 del paternalismo, expres\u00e1ndose como una relaci\u00f3n \u00abde igual a igual, de t\u00fa a t\u00fa\u00bb. Adem\u00e1s, nos recuerda principios fundamentales que los m\u00e9dicos no deben perder de vista: la humanizaci\u00f3n inherente a la medicina, la responsabilidad del estudio como compromiso con los pacientes, cuya salud depende en gran medida de los conocimientos m\u00e9dicos; y el acto m\u00e9dico entendido como un acto de amor hacia quienes sufren.<\/p>\n<p>I\u00f1aki Alegr\u00eda busca rendir homenaje a sus colegas hospitalarios con esta impactante novela, destacando la labor admirable que realizan, mientras invita a los lectores a unirse a esta transformadora experiencia, modificando nuestra perspectiva y nuestros corazones.<\/p>\n<p>El hillo conductor del libro, al igual que la vida del autor, es la compasi\u00f3n y el entusiasmo. Valores que forjan el camino que da sentido a sula vida en la entrega al pr\u00f3jimo<\/p>\n","protected":false},"featured_media":107011,"comment_status":"open","ping_status":"closed","template":"","meta":{"_acf_changed":false},"libro":[],"product_brand":[],"product_cat":[102],"product_tag":[],"class_list":{"0":"post-107010","1":"product","2":"type-product","3":"status-publish","4":"has-post-thumbnail","6":"product_cat-biografia","8":"first","9":"instock","10":"shipping-taxable","11":"product-type-simple"},"acf":{"autor":[107013],"enlace_de_compra":"https:\/\/amzn.to\/3Yb8ebT"},"yoast_head":"<!-- This site is optimized with the Yoast SEO plugin v26.6 - https:\/\/yoast.com\/wordpress\/plugins\/seo\/ -->\n<title>Alegr\u00eda en Etiop\u00eda - Catalogo | Letrame Grupo Editorial<\/title>\n<meta name=\"robots\" content=\"index, follow, max-snippet:-1, max-image-preview:large, max-video-preview:-1\" \/>\n<link rel=\"canonical\" href=\"https:\/\/letrame.com\/catalogo\/producto\/alegria-en-etiopia\/\" \/>\n<meta property=\"og:locale\" content=\"es_ES\" \/>\n<meta property=\"og:type\" content=\"article\" \/>\n<meta property=\"og:title\" content=\"Alegr\u00eda en Etiop\u00eda - Catalogo | Letrame Grupo Editorial\" \/>\n<meta property=\"og:description\" content=\"ISBN: 9788410682955 SINOPSIS En esta cautivadora novela, el autor, el pediatra y coordinador m\u00e9dico del Hospital General Rural de Gambo, comparte con el lector sus reflexiones derivadas de las experiencias diarias en el hospital. Tras agotadoras jornadas laborales, plasma en el papel las diversas caras, edades, circunstancias y enfermedades que encuentra, tratando a cada persona con respeto, profesionalismo y dedicaci\u00f3n. El relato destaca el trabajo de un equipo comprometido en brindar atenci\u00f3n con alegr\u00eda y eficacia, reflejo de una profunda motivaci\u00f3n y entrega.  A lo largo de esta conmovedora obra, el lector se sumerge en una realidad a menudo silenciada u olvidada, que nos resulta desconocida y, en muchos casos, injustamente ajena. La ambulancia impulsada por un burro, las camas compartidas entre pacientes y las limitaciones en suministro el\u00e9ctrico y ox\u00edgeno son ejemplos de las dificultades cotidianas que enfrenta este equipo profesional. Sorprendentemente, estas adversidades no disminuyen su energ\u00eda ni su determinaci\u00f3n para luchar diariamente por la salud de los habitantes de Gambo. La esperanza que prevalece en el hospital se convierte en una fuente de energ\u00eda a\u00fan m\u00e1s poderosa que el generador de electricidad a base de carburante utilizado para obtener luz.  La obra revela una forma de cooperaci\u00f3n que va m\u00e1s all\u00e1 del paternalismo, expres\u00e1ndose como una relaci\u00f3n &quot;de igual a igual, de t\u00fa a t\u00fa&quot;. Adem\u00e1s, nos recuerda principios fundamentales que los m\u00e9dicos no deben perder de vista: la humanizaci\u00f3n inherente a la medicina, la responsabilidad del estudio como compromiso con los pacientes, cuya salud depende en gran medida de los conocimientos m\u00e9dicos; y el acto m\u00e9dico entendido como un acto de amor hacia quienes sufren.  I\u00f1aki Alegr\u00eda busca rendir homenaje a sus colegas hospitalarios con esta impactante novela, destacando la labor admirable que realizan, mientras invita a los lectores a unirse a esta transformadora experiencia, modificando nuestra perspectiva y nuestros corazones.  El hillo conductor del libro, al igual que la vida del autor, es la compasi\u00f3n y el entusiasmo. Valores que forjan el camino que da sentido a sula vida en la entrega al pr\u00f3jimo\" \/>\n<meta property=\"og:url\" content=\"https:\/\/letrame.com\/catalogo\/producto\/alegria-en-etiopia\/\" \/>\n<meta property=\"og:site_name\" content=\"Catalogo | Letrame Grupo Editorial\" \/>\n<meta property=\"article:modified_time\" content=\"2024-10-16T10:08:25+00:00\" \/>\n<meta property=\"og:image\" content=\"https:\/\/letrame.com\/catalogo\/wp-content\/uploads\/2024\/10\/p_alegriaenetiopia_668mm.jpg\" \/>\n\t<meta property=\"og:image:width\" content=\"1594\" \/>\n\t<meta property=\"og:image:height\" content=\"2303\" \/>\n\t<meta property=\"og:image:type\" content=\"image\/jpeg\" \/>\n<meta name=\"twitter:card\" content=\"summary_large_image\" \/>\n<meta name=\"twitter:label1\" content=\"Tiempo de lectura\" \/>\n\t<meta name=\"twitter:data1\" content=\"2 minutos\" \/>\n<script type=\"application\/ld+json\" class=\"yoast-schema-graph\">{\"@context\":\"https:\/\/schema.org\",\"@graph\":[{\"@type\":\"WebPage\",\"@id\":\"https:\/\/letrame.com\/catalogo\/producto\/alegria-en-etiopia\/\",\"url\":\"https:\/\/letrame.com\/catalogo\/producto\/alegria-en-etiopia\/\",\"name\":\"Alegr\u00eda en Etiop\u00eda - Catalogo | Letrame Grupo Editorial\",\"isPartOf\":{\"@id\":\"https:\/\/letrame.com\/catalogo\/#website\"},\"primaryImageOfPage\":{\"@id\":\"https:\/\/letrame.com\/catalogo\/producto\/alegria-en-etiopia\/#primaryimage\"},\"image\":{\"@id\":\"https:\/\/letrame.com\/catalogo\/producto\/alegria-en-etiopia\/#primaryimage\"},\"thumbnailUrl\":\"https:\/\/letrame.com\/catalogo\/wp-content\/uploads\/2024\/10\/p_alegriaenetiopia_668mm.jpg\",\"datePublished\":\"2024-10-16T10:05:39+00:00\",\"dateModified\":\"2024-10-16T10:08:25+00:00\",\"breadcrumb\":{\"@id\":\"https:\/\/letrame.com\/catalogo\/producto\/alegria-en-etiopia\/#breadcrumb\"},\"inLanguage\":\"es\",\"potentialAction\":[{\"@type\":\"ReadAction\",\"target\":[\"https:\/\/letrame.com\/catalogo\/producto\/alegria-en-etiopia\/\"]}]},{\"@type\":\"ImageObject\",\"inLanguage\":\"es\",\"@id\":\"https:\/\/letrame.com\/catalogo\/producto\/alegria-en-etiopia\/#primaryimage\",\"url\":\"https:\/\/letrame.com\/catalogo\/wp-content\/uploads\/2024\/10\/p_alegriaenetiopia_668mm.jpg\",\"contentUrl\":\"https:\/\/letrame.com\/catalogo\/wp-content\/uploads\/2024\/10\/p_alegriaenetiopia_668mm.jpg\",\"width\":1594,\"height\":2303},{\"@type\":\"BreadcrumbList\",\"@id\":\"https:\/\/letrame.com\/catalogo\/producto\/alegria-en-etiopia\/#breadcrumb\",\"itemListElement\":[{\"@type\":\"ListItem\",\"position\":1,\"name\":\"Portada\",\"item\":\"https:\/\/letrame.com\/catalogo\/\"},{\"@type\":\"ListItem\",\"position\":2,\"name\":\"Cat\u00e1logo\",\"item\":\"https:\/\/letrame.com\/catalogo\/\"},{\"@type\":\"ListItem\",\"position\":3,\"name\":\"Alegr\u00eda en Etiop\u00eda\"}]},{\"@type\":\"WebSite\",\"@id\":\"https:\/\/letrame.com\/catalogo\/#website\",\"url\":\"https:\/\/letrame.com\/catalogo\/\",\"name\":\"Catalogo | Letrame Grupo Editorial\",\"description\":\"\",\"publisher\":{\"@id\":\"https:\/\/letrame.com\/catalogo\/#organization\"},\"potentialAction\":[{\"@type\":\"SearchAction\",\"target\":{\"@type\":\"EntryPoint\",\"urlTemplate\":\"https:\/\/letrame.com\/catalogo\/?s={search_term_string}\"},\"query-input\":{\"@type\":\"PropertyValueSpecification\",\"valueRequired\":true,\"valueName\":\"search_term_string\"}}],\"inLanguage\":\"es\"},{\"@type\":\"Organization\",\"@id\":\"https:\/\/letrame.com\/catalogo\/#organization\",\"name\":\"Catalogo | Letrame Grupo Editorial\",\"url\":\"https:\/\/letrame.com\/catalogo\/\",\"logo\":{\"@type\":\"ImageObject\",\"inLanguage\":\"es\",\"@id\":\"https:\/\/letrame.com\/catalogo\/#\/schema\/logo\/image\/\",\"url\":\"https:\/\/letrame.com\/catalogo\/wp-content\/uploads\/2024\/03\/logo2.webp\",\"contentUrl\":\"https:\/\/letrame.com\/catalogo\/wp-content\/uploads\/2024\/03\/logo2.webp\",\"width\":394,\"height\":128,\"caption\":\"Catalogo | Letrame Grupo Editorial\"},\"image\":{\"@id\":\"https:\/\/letrame.com\/catalogo\/#\/schema\/logo\/image\/\"}}]}<\/script>\n<!-- \/ Yoast SEO plugin. -->","yoast_head_json":{"title":"Alegr\u00eda en Etiop\u00eda - Catalogo | Letrame Grupo Editorial","robots":{"index":"index","follow":"follow","max-snippet":"max-snippet:-1","max-image-preview":"max-image-preview:large","max-video-preview":"max-video-preview:-1"},"canonical":"https:\/\/letrame.com\/catalogo\/producto\/alegria-en-etiopia\/","og_locale":"es_ES","og_type":"article","og_title":"Alegr\u00eda en Etiop\u00eda - Catalogo | Letrame Grupo Editorial","og_description":"ISBN: 9788410682955 SINOPSIS En esta cautivadora novela, el autor, el pediatra y coordinador m\u00e9dico del Hospital General Rural de Gambo, comparte con el lector sus reflexiones derivadas de las experiencias diarias en el hospital. Tras agotadoras jornadas laborales, plasma en el papel las diversas caras, edades, circunstancias y enfermedades que encuentra, tratando a cada persona con respeto, profesionalismo y dedicaci\u00f3n. El relato destaca el trabajo de un equipo comprometido en brindar atenci\u00f3n con alegr\u00eda y eficacia, reflejo de una profunda motivaci\u00f3n y entrega.  A lo largo de esta conmovedora obra, el lector se sumerge en una realidad a menudo silenciada u olvidada, que nos resulta desconocida y, en muchos casos, injustamente ajena. La ambulancia impulsada por un burro, las camas compartidas entre pacientes y las limitaciones en suministro el\u00e9ctrico y ox\u00edgeno son ejemplos de las dificultades cotidianas que enfrenta este equipo profesional. Sorprendentemente, estas adversidades no disminuyen su energ\u00eda ni su determinaci\u00f3n para luchar diariamente por la salud de los habitantes de Gambo. La esperanza que prevalece en el hospital se convierte en una fuente de energ\u00eda a\u00fan m\u00e1s poderosa que el generador de electricidad a base de carburante utilizado para obtener luz.  La obra revela una forma de cooperaci\u00f3n que va m\u00e1s all\u00e1 del paternalismo, expres\u00e1ndose como una relaci\u00f3n \"de igual a igual, de t\u00fa a t\u00fa\". Adem\u00e1s, nos recuerda principios fundamentales que los m\u00e9dicos no deben perder de vista: la humanizaci\u00f3n inherente a la medicina, la responsabilidad del estudio como compromiso con los pacientes, cuya salud depende en gran medida de los conocimientos m\u00e9dicos; y el acto m\u00e9dico entendido como un acto de amor hacia quienes sufren.  I\u00f1aki Alegr\u00eda busca rendir homenaje a sus colegas hospitalarios con esta impactante novela, destacando la labor admirable que realizan, mientras invita a los lectores a unirse a esta transformadora experiencia, modificando nuestra perspectiva y nuestros corazones.  El hillo conductor del libro, al igual que la vida del autor, es la compasi\u00f3n y el entusiasmo. Valores que forjan el camino que da sentido a sula vida en la entrega al pr\u00f3jimo","og_url":"https:\/\/letrame.com\/catalogo\/producto\/alegria-en-etiopia\/","og_site_name":"Catalogo | Letrame Grupo Editorial","article_modified_time":"2024-10-16T10:08:25+00:00","og_image":[{"width":1594,"height":2303,"url":"https:\/\/letrame.com\/catalogo\/wp-content\/uploads\/2024\/10\/p_alegriaenetiopia_668mm.jpg","type":"image\/jpeg"}],"twitter_card":"summary_large_image","twitter_misc":{"Tiempo de lectura":"2 minutos"},"schema":{"@context":"https:\/\/schema.org","@graph":[{"@type":"WebPage","@id":"https:\/\/letrame.com\/catalogo\/producto\/alegria-en-etiopia\/","url":"https:\/\/letrame.com\/catalogo\/producto\/alegria-en-etiopia\/","name":"Alegr\u00eda en Etiop\u00eda - Catalogo | Letrame Grupo Editorial","isPartOf":{"@id":"https:\/\/letrame.com\/catalogo\/#website"},"primaryImageOfPage":{"@id":"https:\/\/letrame.com\/catalogo\/producto\/alegria-en-etiopia\/#primaryimage"},"image":{"@id":"https:\/\/letrame.com\/catalogo\/producto\/alegria-en-etiopia\/#primaryimage"},"thumbnailUrl":"https:\/\/letrame.com\/catalogo\/wp-content\/uploads\/2024\/10\/p_alegriaenetiopia_668mm.jpg","datePublished":"2024-10-16T10:05:39+00:00","dateModified":"2024-10-16T10:08:25+00:00","breadcrumb":{"@id":"https:\/\/letrame.com\/catalogo\/producto\/alegria-en-etiopia\/#breadcrumb"},"inLanguage":"es","potentialAction":[{"@type":"ReadAction","target":["https:\/\/letrame.com\/catalogo\/producto\/alegria-en-etiopia\/"]}]},{"@type":"ImageObject","inLanguage":"es","@id":"https:\/\/letrame.com\/catalogo\/producto\/alegria-en-etiopia\/#primaryimage","url":"https:\/\/letrame.com\/catalogo\/wp-content\/uploads\/2024\/10\/p_alegriaenetiopia_668mm.jpg","contentUrl":"https:\/\/letrame.com\/catalogo\/wp-content\/uploads\/2024\/10\/p_alegriaenetiopia_668mm.jpg","width":1594,"height":2303},{"@type":"BreadcrumbList","@id":"https:\/\/letrame.com\/catalogo\/producto\/alegria-en-etiopia\/#breadcrumb","itemListElement":[{"@type":"ListItem","position":1,"name":"Portada","item":"https:\/\/letrame.com\/catalogo\/"},{"@type":"ListItem","position":2,"name":"Cat\u00e1logo","item":"https:\/\/letrame.com\/catalogo\/"},{"@type":"ListItem","position":3,"name":"Alegr\u00eda en Etiop\u00eda"}]},{"@type":"WebSite","@id":"https:\/\/letrame.com\/catalogo\/#website","url":"https:\/\/letrame.com\/catalogo\/","name":"Catalogo | Letrame Grupo Editorial","description":"","publisher":{"@id":"https:\/\/letrame.com\/catalogo\/#organization"},"potentialAction":[{"@type":"SearchAction","target":{"@type":"EntryPoint","urlTemplate":"https:\/\/letrame.com\/catalogo\/?s={search_term_string}"},"query-input":{"@type":"PropertyValueSpecification","valueRequired":true,"valueName":"search_term_string"}}],"inLanguage":"es"},{"@type":"Organization","@id":"https:\/\/letrame.com\/catalogo\/#organization","name":"Catalogo | Letrame Grupo Editorial","url":"https:\/\/letrame.com\/catalogo\/","logo":{"@type":"ImageObject","inLanguage":"es","@id":"https:\/\/letrame.com\/catalogo\/#\/schema\/logo\/image\/","url":"https:\/\/letrame.com\/catalogo\/wp-content\/uploads\/2024\/03\/logo2.webp","contentUrl":"https:\/\/letrame.com\/catalogo\/wp-content\/uploads\/2024\/03\/logo2.webp","width":394,"height":128,"caption":"Catalogo | Letrame Grupo Editorial"},"image":{"@id":"https:\/\/letrame.com\/catalogo\/#\/schema\/logo\/image\/"}}]}},"_links":{"self":[{"href":"https:\/\/letrame.com\/catalogo\/wp-json\/wp\/v2\/product\/107010","targetHints":{"allow":["GET"]}}],"collection":[{"href":"https:\/\/letrame.com\/catalogo\/wp-json\/wp\/v2\/product"}],"about":[{"href":"https:\/\/letrame.com\/catalogo\/wp-json\/wp\/v2\/types\/product"}],"replies":[{"embeddable":true,"href":"https:\/\/letrame.com\/catalogo\/wp-json\/wp\/v2\/comments?post=107010"}],"acf:post":[{"embeddable":true,"href":"https:\/\/letrame.com\/catalogo\/wp-json\/wp\/v2\/author_book\/107013"}],"wp:featuredmedia":[{"embeddable":true,"href":"https:\/\/letrame.com\/catalogo\/wp-json\/wp\/v2\/media\/107011"}],"wp:attachment":[{"href":"https:\/\/letrame.com\/catalogo\/wp-json\/wp\/v2\/media?parent=107010"}],"wp:term":[{"taxonomy":"libro","embeddable":true,"href":"https:\/\/letrame.com\/catalogo\/wp-json\/wp\/v2\/libro?post=107010"},{"taxonomy":"product_brand","embeddable":true,"href":"https:\/\/letrame.com\/catalogo\/wp-json\/wp\/v2\/product_brand?post=107010"},{"taxonomy":"product_cat","embeddable":true,"href":"https:\/\/letrame.com\/catalogo\/wp-json\/wp\/v2\/product_cat?post=107010"},{"taxonomy":"product_tag","embeddable":true,"href":"https:\/\/letrame.com\/catalogo\/wp-json\/wp\/v2\/product_tag?post=107010"}],"curies":[{"name":"wp","href":"https:\/\/api.w.org\/{rel}","templated":true}]}}