{"id":106990,"date":"2024-10-15T16:00:06","date_gmt":"2024-10-15T14:00:06","guid":{"rendered":"https:\/\/letrame.com\/catalogo\/?post_type=product&#038;p=106990"},"modified":"2024-10-15T16:05:34","modified_gmt":"2024-10-15T14:05:34","slug":"el-proposito","status":"publish","type":"product","link":"https:\/\/letrame.com\/catalogo\/producto\/el-proposito\/","title":{"rendered":"El prop\u00f3sito"},"content":{"rendered":"<p class=\"p1\">ISBN:\u00a0 9788410689909<\/p>\n<p class=\"p1\">T\u00edtulo: El prop\u00f3sito<br \/>\nFecha: 2024<br \/>\nP\u00e1ginas: 138<\/p>\n<p class=\"p1\">SINOPSIS<\/p>\n<p>Este libro habla de una historia real, de personas reales con sentimientos reales. Sentimientos que ninguno de ellos es capaz de controlar o esconder, porque, por m\u00e1s que queramos o lo intentamos, no se puede. De c\u00f3mo hay personas que llegan a nuestra vida con un prop\u00f3sito y se van cuando el trabajo ya est\u00e1 hecho y la lecci\u00f3n aprendida. En mi breve per\u00edodo en la ciudad de Los \u00c1ngeles, lo que iban a ser unas clases de boxeo se convirtieron en un despertar de emociones pasadas, haci\u00e9ndome analizar y entender qui\u00e9n soy hoy y por qu\u00e9. El despertar de algo que ni siquiera sab\u00eda que estaba ah\u00ed pero que me hab\u00eda acompa\u00f1ado durante toda mi vida, y que ten\u00eda que conocer y afrontar antes de empezar mi nueva etapa adulta. Lo mejor y lo peor del dolor es que se olvida. Podemos dejarlo atr\u00e1s, en el olvido, creyendo que el lugar al que pertenece es all\u00e1 donde alg\u00fan d\u00eda lo sentimos. Pero es ah\u00ed cuando seguir\u00e1 a nuestro lado hasta que hagamos las paces con \u00e9l, hasta que le hablemos mir\u00e1ndolo a los ojos y el dolor que llevamos dentro salga hacia fuera para que no impregne de sufrimiento nuestro futuro con un dolor que pertenece al pasado.<\/p>\n","protected":false},"excerpt":{"rendered":"<p class=\"p1\">ISBN:\u00a0 9788410689909<\/p>\n<p class=\"p1\">T\u00edtulo: El prop\u00f3sito<br \/>\nFecha: 2024<br \/>\nP\u00e1ginas: 138<\/p>\n<p class=\"p1\">SINOPSIS<\/p>\n<p>Este libro habla de una historia real, de personas reales con sentimientos reales. Sentimientos que ninguno de ellos es capaz de controlar o esconder, porque, por m\u00e1s que queramos o lo intentamos, no se puede. De c\u00f3mo hay personas que llegan a nuestra vida con un prop\u00f3sito y se van cuando el trabajo ya est\u00e1 hecho y la lecci\u00f3n aprendida. En mi breve per\u00edodo en la ciudad de Los \u00c1ngeles, lo que iban a ser unas clases de boxeo se convirtieron en un despertar de emociones pasadas, haci\u00e9ndome analizar y entender qui\u00e9n soy hoy y por qu\u00e9. El despertar de algo que ni siquiera sab\u00eda que estaba ah\u00ed pero que me hab\u00eda acompa\u00f1ado durante toda mi vida, y que ten\u00eda que conocer y afrontar antes de empezar mi nueva etapa adulta. Lo mejor y lo peor del dolor es que se olvida. Podemos dejarlo atr\u00e1s, en el olvido, creyendo que el lugar al que pertenece es all\u00e1 donde alg\u00fan d\u00eda lo sentimos. Pero es ah\u00ed cuando seguir\u00e1 a nuestro lado hasta que hagamos las paces con \u00e9l, hasta que le hablemos mir\u00e1ndolo a los ojos y el dolor que llevamos dentro salga hacia fuera para que no impregne de sufrimiento nuestro futuro con un dolor que pertenece al pasado.<\/p>\n","protected":false},"featured_media":106992,"comment_status":"open","ping_status":"closed","template":"","meta":{"_acf_changed":false},"libro":[],"product_brand":[],"product_cat":[110],"product_tag":[],"class_list":{"0":"post-106990","1":"product","2":"type-product","3":"status-publish","4":"has-post-thumbnail","6":"product_cat-hechos-reales","8":"first","9":"instock","10":"shipping-taxable","11":"product-type-simple"},"acf":{"autor":[106991],"enlace_de_compra":"https:\/\/amzn.to\/48b5TCo"},"yoast_head":"<!-- This site is optimized with the Yoast SEO plugin v27.4 - https:\/\/yoast.com\/product\/yoast-seo-wordpress\/ -->\n<title>El prop\u00f3sito - Catalogo | Letrame Grupo Editorial<\/title>\n<meta name=\"robots\" content=\"index, follow, max-snippet:-1, max-image-preview:large, max-video-preview:-1\" \/>\n<link rel=\"canonical\" href=\"https:\/\/letrame.com\/catalogo\/producto\/el-proposito\/\" \/>\n<meta property=\"og:locale\" content=\"es_ES\" \/>\n<meta property=\"og:type\" content=\"article\" \/>\n<meta property=\"og:title\" content=\"El prop\u00f3sito - Catalogo | Letrame Grupo Editorial\" \/>\n<meta property=\"og:description\" content=\"ISBN:\u00a0 9788410689909 T\u00edtulo: El prop\u00f3sito Fecha: 2024 P\u00e1ginas: 138 SINOPSIS Este libro habla de una historia real, de personas reales con sentimientos reales. Sentimientos que ninguno de ellos es capaz de controlar o esconder, porque, por m\u00e1s que queramos o lo intentamos, no se puede. De c\u00f3mo hay personas que llegan a nuestra vida con un prop\u00f3sito y se van cuando el trabajo ya est\u00e1 hecho y la lecci\u00f3n aprendida. En mi breve per\u00edodo en la ciudad de Los \u00c1ngeles, lo que iban a ser unas clases de boxeo se convirtieron en un despertar de emociones pasadas, haci\u00e9ndome analizar y entender qui\u00e9n soy hoy y por qu\u00e9. El despertar de algo que ni siquiera sab\u00eda que estaba ah\u00ed pero que me hab\u00eda acompa\u00f1ado durante toda mi vida, y que ten\u00eda que conocer y afrontar antes de empezar mi nueva etapa adulta. Lo mejor y lo peor del dolor es que se olvida. Podemos dejarlo atr\u00e1s, en el olvido, creyendo que el lugar al que pertenece es all\u00e1 donde alg\u00fan d\u00eda lo sentimos. Pero es ah\u00ed cuando seguir\u00e1 a nuestro lado hasta que hagamos las paces con \u00e9l, hasta que le hablemos mir\u00e1ndolo a los ojos y el dolor que llevamos dentro salga hacia fuera para que no impregne de sufrimiento nuestro futuro con un dolor que pertenece al pasado.\" \/>\n<meta property=\"og:url\" content=\"https:\/\/letrame.com\/catalogo\/producto\/el-proposito\/\" \/>\n<meta property=\"og:site_name\" content=\"Catalogo | Letrame Grupo Editorial\" \/>\n<meta property=\"article:modified_time\" content=\"2024-10-15T14:05:34+00:00\" \/>\n<meta property=\"og:image\" content=\"https:\/\/letrame.com\/catalogo\/wp-content\/uploads\/2024\/10\/elproposito_824mmv24.jpg\" \/>\n\t<meta property=\"og:image:width\" content=\"1748\" \/>\n\t<meta property=\"og:image:height\" content=\"2480\" \/>\n\t<meta property=\"og:image:type\" content=\"image\/jpeg\" \/>\n<meta name=\"twitter:card\" content=\"summary_large_image\" \/>\n<meta name=\"twitter:label1\" content=\"Tiempo de lectura\" \/>\n\t<meta name=\"twitter:data1\" content=\"2 minutos\" \/>\n<script type=\"application\/ld+json\" class=\"yoast-schema-graph\">{\"@context\":\"https:\\\/\\\/schema.org\",\"@graph\":[{\"@type\":\"WebPage\",\"@id\":\"https:\\\/\\\/letrame.com\\\/catalogo\\\/producto\\\/el-proposito\\\/\",\"url\":\"https:\\\/\\\/letrame.com\\\/catalogo\\\/producto\\\/el-proposito\\\/\",\"name\":\"El prop\u00f3sito - Catalogo | Letrame Grupo Editorial\",\"isPartOf\":{\"@id\":\"https:\\\/\\\/letrame.com\\\/catalogo\\\/#website\"},\"primaryImageOfPage\":{\"@id\":\"https:\\\/\\\/letrame.com\\\/catalogo\\\/producto\\\/el-proposito\\\/#primaryimage\"},\"image\":{\"@id\":\"https:\\\/\\\/letrame.com\\\/catalogo\\\/producto\\\/el-proposito\\\/#primaryimage\"},\"thumbnailUrl\":\"https:\\\/\\\/letrame.com\\\/catalogo\\\/wp-content\\\/uploads\\\/2024\\\/10\\\/elproposito_824mmv24.jpg\",\"datePublished\":\"2024-10-15T14:00:06+00:00\",\"dateModified\":\"2024-10-15T14:05:34+00:00\",\"breadcrumb\":{\"@id\":\"https:\\\/\\\/letrame.com\\\/catalogo\\\/producto\\\/el-proposito\\\/#breadcrumb\"},\"inLanguage\":\"es\",\"potentialAction\":[{\"@type\":\"ReadAction\",\"target\":[\"https:\\\/\\\/letrame.com\\\/catalogo\\\/producto\\\/el-proposito\\\/\"]}]},{\"@type\":\"ImageObject\",\"inLanguage\":\"es\",\"@id\":\"https:\\\/\\\/letrame.com\\\/catalogo\\\/producto\\\/el-proposito\\\/#primaryimage\",\"url\":\"https:\\\/\\\/letrame.com\\\/catalogo\\\/wp-content\\\/uploads\\\/2024\\\/10\\\/elproposito_824mmv24.jpg\",\"contentUrl\":\"https:\\\/\\\/letrame.com\\\/catalogo\\\/wp-content\\\/uploads\\\/2024\\\/10\\\/elproposito_824mmv24.jpg\",\"width\":1748,\"height\":2480},{\"@type\":\"BreadcrumbList\",\"@id\":\"https:\\\/\\\/letrame.com\\\/catalogo\\\/producto\\\/el-proposito\\\/#breadcrumb\",\"itemListElement\":[{\"@type\":\"ListItem\",\"position\":1,\"name\":\"Portada\",\"item\":\"https:\\\/\\\/letrame.com\\\/catalogo\\\/\"},{\"@type\":\"ListItem\",\"position\":2,\"name\":\"Cat\u00e1logo\",\"item\":\"https:\\\/\\\/letrame.com\\\/catalogo\\\/\"},{\"@type\":\"ListItem\",\"position\":3,\"name\":\"El prop\u00f3sito\"}]},{\"@type\":\"WebSite\",\"@id\":\"https:\\\/\\\/letrame.com\\\/catalogo\\\/#website\",\"url\":\"https:\\\/\\\/letrame.com\\\/catalogo\\\/\",\"name\":\"Catalogo | Letrame Grupo Editorial\",\"description\":\"\",\"publisher\":{\"@id\":\"https:\\\/\\\/letrame.com\\\/catalogo\\\/#organization\"},\"potentialAction\":[{\"@type\":\"SearchAction\",\"target\":{\"@type\":\"EntryPoint\",\"urlTemplate\":\"https:\\\/\\\/letrame.com\\\/catalogo\\\/?s={search_term_string}\"},\"query-input\":{\"@type\":\"PropertyValueSpecification\",\"valueRequired\":true,\"valueName\":\"search_term_string\"}}],\"inLanguage\":\"es\"},{\"@type\":\"Organization\",\"@id\":\"https:\\\/\\\/letrame.com\\\/catalogo\\\/#organization\",\"name\":\"Catalogo | Letrame Grupo Editorial\",\"url\":\"https:\\\/\\\/letrame.com\\\/catalogo\\\/\",\"logo\":{\"@type\":\"ImageObject\",\"inLanguage\":\"es\",\"@id\":\"https:\\\/\\\/letrame.com\\\/catalogo\\\/#\\\/schema\\\/logo\\\/image\\\/\",\"url\":\"https:\\\/\\\/letrame.com\\\/catalogo\\\/wp-content\\\/uploads\\\/2024\\\/03\\\/logo2.webp\",\"contentUrl\":\"https:\\\/\\\/letrame.com\\\/catalogo\\\/wp-content\\\/uploads\\\/2024\\\/03\\\/logo2.webp\",\"width\":394,\"height\":128,\"caption\":\"Catalogo | Letrame Grupo Editorial\"},\"image\":{\"@id\":\"https:\\\/\\\/letrame.com\\\/catalogo\\\/#\\\/schema\\\/logo\\\/image\\\/\"}}]}<\/script>\n<!-- \/ Yoast SEO plugin. -->","yoast_head_json":{"title":"El prop\u00f3sito - Catalogo | Letrame Grupo Editorial","robots":{"index":"index","follow":"follow","max-snippet":"max-snippet:-1","max-image-preview":"max-image-preview:large","max-video-preview":"max-video-preview:-1"},"canonical":"https:\/\/letrame.com\/catalogo\/producto\/el-proposito\/","og_locale":"es_ES","og_type":"article","og_title":"El prop\u00f3sito - Catalogo | Letrame Grupo Editorial","og_description":"ISBN:\u00a0 9788410689909 T\u00edtulo: El prop\u00f3sito Fecha: 2024 P\u00e1ginas: 138 SINOPSIS Este libro habla de una historia real, de personas reales con sentimientos reales. Sentimientos que ninguno de ellos es capaz de controlar o esconder, porque, por m\u00e1s que queramos o lo intentamos, no se puede. De c\u00f3mo hay personas que llegan a nuestra vida con un prop\u00f3sito y se van cuando el trabajo ya est\u00e1 hecho y la lecci\u00f3n aprendida. En mi breve per\u00edodo en la ciudad de Los \u00c1ngeles, lo que iban a ser unas clases de boxeo se convirtieron en un despertar de emociones pasadas, haci\u00e9ndome analizar y entender qui\u00e9n soy hoy y por qu\u00e9. El despertar de algo que ni siquiera sab\u00eda que estaba ah\u00ed pero que me hab\u00eda acompa\u00f1ado durante toda mi vida, y que ten\u00eda que conocer y afrontar antes de empezar mi nueva etapa adulta. Lo mejor y lo peor del dolor es que se olvida. Podemos dejarlo atr\u00e1s, en el olvido, creyendo que el lugar al que pertenece es all\u00e1 donde alg\u00fan d\u00eda lo sentimos. Pero es ah\u00ed cuando seguir\u00e1 a nuestro lado hasta que hagamos las paces con \u00e9l, hasta que le hablemos mir\u00e1ndolo a los ojos y el dolor que llevamos dentro salga hacia fuera para que no impregne de sufrimiento nuestro futuro con un dolor que pertenece al pasado.","og_url":"https:\/\/letrame.com\/catalogo\/producto\/el-proposito\/","og_site_name":"Catalogo | Letrame Grupo Editorial","article_modified_time":"2024-10-15T14:05:34+00:00","og_image":[{"width":1748,"height":2480,"url":"https:\/\/letrame.com\/catalogo\/wp-content\/uploads\/2024\/10\/elproposito_824mmv24.jpg","type":"image\/jpeg"}],"twitter_card":"summary_large_image","twitter_misc":{"Tiempo de lectura":"2 minutos"},"schema":{"@context":"https:\/\/schema.org","@graph":[{"@type":"WebPage","@id":"https:\/\/letrame.com\/catalogo\/producto\/el-proposito\/","url":"https:\/\/letrame.com\/catalogo\/producto\/el-proposito\/","name":"El prop\u00f3sito - Catalogo | Letrame Grupo Editorial","isPartOf":{"@id":"https:\/\/letrame.com\/catalogo\/#website"},"primaryImageOfPage":{"@id":"https:\/\/letrame.com\/catalogo\/producto\/el-proposito\/#primaryimage"},"image":{"@id":"https:\/\/letrame.com\/catalogo\/producto\/el-proposito\/#primaryimage"},"thumbnailUrl":"https:\/\/letrame.com\/catalogo\/wp-content\/uploads\/2024\/10\/elproposito_824mmv24.jpg","datePublished":"2024-10-15T14:00:06+00:00","dateModified":"2024-10-15T14:05:34+00:00","breadcrumb":{"@id":"https:\/\/letrame.com\/catalogo\/producto\/el-proposito\/#breadcrumb"},"inLanguage":"es","potentialAction":[{"@type":"ReadAction","target":["https:\/\/letrame.com\/catalogo\/producto\/el-proposito\/"]}]},{"@type":"ImageObject","inLanguage":"es","@id":"https:\/\/letrame.com\/catalogo\/producto\/el-proposito\/#primaryimage","url":"https:\/\/letrame.com\/catalogo\/wp-content\/uploads\/2024\/10\/elproposito_824mmv24.jpg","contentUrl":"https:\/\/letrame.com\/catalogo\/wp-content\/uploads\/2024\/10\/elproposito_824mmv24.jpg","width":1748,"height":2480},{"@type":"BreadcrumbList","@id":"https:\/\/letrame.com\/catalogo\/producto\/el-proposito\/#breadcrumb","itemListElement":[{"@type":"ListItem","position":1,"name":"Portada","item":"https:\/\/letrame.com\/catalogo\/"},{"@type":"ListItem","position":2,"name":"Cat\u00e1logo","item":"https:\/\/letrame.com\/catalogo\/"},{"@type":"ListItem","position":3,"name":"El prop\u00f3sito"}]},{"@type":"WebSite","@id":"https:\/\/letrame.com\/catalogo\/#website","url":"https:\/\/letrame.com\/catalogo\/","name":"Catalogo | Letrame Grupo Editorial","description":"","publisher":{"@id":"https:\/\/letrame.com\/catalogo\/#organization"},"potentialAction":[{"@type":"SearchAction","target":{"@type":"EntryPoint","urlTemplate":"https:\/\/letrame.com\/catalogo\/?s={search_term_string}"},"query-input":{"@type":"PropertyValueSpecification","valueRequired":true,"valueName":"search_term_string"}}],"inLanguage":"es"},{"@type":"Organization","@id":"https:\/\/letrame.com\/catalogo\/#organization","name":"Catalogo | Letrame Grupo Editorial","url":"https:\/\/letrame.com\/catalogo\/","logo":{"@type":"ImageObject","inLanguage":"es","@id":"https:\/\/letrame.com\/catalogo\/#\/schema\/logo\/image\/","url":"https:\/\/letrame.com\/catalogo\/wp-content\/uploads\/2024\/03\/logo2.webp","contentUrl":"https:\/\/letrame.com\/catalogo\/wp-content\/uploads\/2024\/03\/logo2.webp","width":394,"height":128,"caption":"Catalogo | Letrame Grupo Editorial"},"image":{"@id":"https:\/\/letrame.com\/catalogo\/#\/schema\/logo\/image\/"}}]}},"_links":{"self":[{"href":"https:\/\/letrame.com\/catalogo\/wp-json\/wp\/v2\/product\/106990","targetHints":{"allow":["GET"]}}],"collection":[{"href":"https:\/\/letrame.com\/catalogo\/wp-json\/wp\/v2\/product"}],"about":[{"href":"https:\/\/letrame.com\/catalogo\/wp-json\/wp\/v2\/types\/product"}],"replies":[{"embeddable":true,"href":"https:\/\/letrame.com\/catalogo\/wp-json\/wp\/v2\/comments?post=106990"}],"acf:post":[{"embeddable":true,"href":"https:\/\/letrame.com\/catalogo\/wp-json\/wp\/v2\/author_book\/106991"}],"wp:featuredmedia":[{"embeddable":true,"href":"https:\/\/letrame.com\/catalogo\/wp-json\/wp\/v2\/media\/106992"}],"wp:attachment":[{"href":"https:\/\/letrame.com\/catalogo\/wp-json\/wp\/v2\/media?parent=106990"}],"wp:term":[{"taxonomy":"libro","embeddable":true,"href":"https:\/\/letrame.com\/catalogo\/wp-json\/wp\/v2\/libro?post=106990"},{"taxonomy":"product_brand","embeddable":true,"href":"https:\/\/letrame.com\/catalogo\/wp-json\/wp\/v2\/product_brand?post=106990"},{"taxonomy":"product_cat","embeddable":true,"href":"https:\/\/letrame.com\/catalogo\/wp-json\/wp\/v2\/product_cat?post=106990"},{"taxonomy":"product_tag","embeddable":true,"href":"https:\/\/letrame.com\/catalogo\/wp-json\/wp\/v2\/product_tag?post=106990"}],"curies":[{"name":"wp","href":"https:\/\/api.w.org\/{rel}","templated":true}]}}