{"id":106890,"date":"2024-10-08T09:10:01","date_gmt":"2024-10-08T07:10:01","guid":{"rendered":"https:\/\/letrame.com\/catalogo\/?post_type=product&#038;p=106890"},"modified":"2024-10-08T09:11:02","modified_gmt":"2024-10-08T07:11:02","slug":"sexualidad-el-arte-de-unir-y-crear","status":"publish","type":"product","link":"https:\/\/letrame.com\/catalogo\/producto\/sexualidad-el-arte-de-unir-y-crear\/","title":{"rendered":"Sexualidad. El arte de unir y crear"},"content":{"rendered":"<p class=\"p1\"><b>ISBN:\u00a0<\/b>978-84-1068-887-2<\/p>\n<p class=\"p1\"><b>T\u00edtulo:\u00a0<\/b>Sexualidad. El arte de unir y crear<\/p>\n<p class=\"p1\"><b>A\u00f1o:\u00a0<\/b>2024<\/p>\n<p class=\"p1\"><b>P\u00e1ginas:\u00a0<\/b>340<\/p>\n<p class=\"p1\"><b>SINOPSIS<\/b><\/p>\n<p><strong>Jaione Fern\u00e1ndez de Jauregui <\/strong><strong>\u2014poetisa y narradora<\/strong><strong>\u2014<\/strong><\/p>\n<p>y <strong>Natalia Urteaga <\/strong><strong>\u2014bioqu\u00edmica y sex\u00f3loga evolutiva<\/strong><strong>\u2014<\/strong><\/p>\n<p>unen en este ensayo intimista<\/p>\n<p>Ciencia y Arte, Raz\u00f3n y Sentimientos, Poes\u00eda y Sexolog\u00eda<\/p>\n<p>con el objetivo de reflexionar, sentir y dialogar<\/p>\n<p>en torno a uno de los artes m\u00e1s bellos:<\/p>\n<p><strong>El Arte de Unir y Crear. La Sexualidad.<\/strong><\/p>\n<p>&nbsp;<\/p>\n<p>El di\u00e1logo sensual y reflexivo que las autoras mantienen<\/p>\n<p>a trav\u00e9s de la Literatura y la Sexolog\u00eda Evolutiva<\/p>\n<p>permite entender c\u00f3mo se ha desarrollado la sexualidad humana,<\/p>\n<p>qu\u00e9 sentido tienen los placeres y deseos er\u00f3ticos,<\/p>\n<p>qu\u00e9 es la conciencia relacional,<\/p>\n<p>por qu\u00e9 es importante la Filosof\u00eda de la Sexualidad<\/p>\n","protected":false},"excerpt":{"rendered":"<p class=\"p1\"><b>ISBN:\u00a0<\/b>978-84-1068-887-2<\/p>\n<p class=\"p1\"><b>SINOPSIS<\/b><\/p>\n<p><strong>Jaione Fern\u00e1ndez de Jauregui <\/strong><strong>\u2014poetisa y narradora<\/strong><strong>\u2014<\/strong><\/p>\n<p>y <strong>Natalia Urteaga <\/strong><strong>\u2014bioqu\u00edmica y sex\u00f3loga evolutiva<\/strong><strong>\u2014<\/strong><\/p>\n<p>unen en este ensayo intimista<\/p>\n<p>Ciencia y Arte, Raz\u00f3n y Sentimientos, Poes\u00eda y Sexolog\u00eda<\/p>\n<p>con el objetivo de reflexionar, sentir y dialogar<\/p>\n<p>en torno a uno de los artes m\u00e1s bellos:<\/p>\n<p><strong>El Arte de Unir y Crear. La Sexualidad.<\/strong><\/p>\n<p>&nbsp;<\/p>\n<p>El di\u00e1logo sensual y reflexivo que las autoras mantienen<\/p>\n<p>a trav\u00e9s de la Literatura y la Sexolog\u00eda Evolutiva<\/p>\n<p>permite entender c\u00f3mo se ha desarrollado la sexualidad humana,<\/p>\n<p>qu\u00e9 sentido tienen los placeres y deseos er\u00f3ticos,<\/p>\n<p>qu\u00e9 es la conciencia relacional,<\/p>\n<p>por qu\u00e9 es importante la Filosof\u00eda de la Sexualidad<\/p>\n","protected":false},"featured_media":106896,"comment_status":"open","ping_status":"closed","template":"","meta":{"_acf_changed":false},"libro":[],"product_brand":[],"product_cat":[20],"product_tag":[],"class_list":{"0":"post-106890","1":"product","2":"type-product","3":"status-publish","4":"has-post-thumbnail","6":"product_cat-poesia","8":"first","9":"instock","10":"shipping-taxable","11":"product-type-simple"},"acf":{"autor":[106889,106893],"enlace_de_compra":"https:\/\/amzn.to\/480TEs0"},"yoast_head":"<!-- This site is optimized with the Yoast SEO plugin v26.6 - https:\/\/yoast.com\/wordpress\/plugins\/seo\/ -->\n<title>Sexualidad. El arte de unir y crear - Catalogo | Letrame Grupo Editorial<\/title>\n<meta name=\"robots\" content=\"index, follow, max-snippet:-1, max-image-preview:large, max-video-preview:-1\" \/>\n<link rel=\"canonical\" href=\"https:\/\/letrame.com\/catalogo\/producto\/sexualidad-el-arte-de-unir-y-crear\/\" \/>\n<meta property=\"og:locale\" content=\"es_ES\" \/>\n<meta property=\"og:type\" content=\"article\" \/>\n<meta property=\"og:title\" content=\"Sexualidad. El arte de unir y crear - Catalogo | Letrame Grupo Editorial\" \/>\n<meta property=\"og:description\" content=\"ISBN:\u00a0978-84-1068-887-2 SINOPSIS Jaione Fern\u00e1ndez de Jauregui \u2014poetisa y narradora\u2014  y Natalia Urteaga \u2014bioqu\u00edmica y sex\u00f3loga evolutiva\u2014  unen en este ensayo intimista  Ciencia y Arte, Raz\u00f3n y Sentimientos, Poes\u00eda y Sexolog\u00eda  con el objetivo de reflexionar, sentir y dialogar  en torno a uno de los artes m\u00e1s bellos:  El Arte de Unir y Crear. La Sexualidad.  &nbsp;  El di\u00e1logo sensual y reflexivo que las autoras mantienen  a trav\u00e9s de la Literatura y la Sexolog\u00eda Evolutiva  permite entender c\u00f3mo se ha desarrollado la sexualidad humana,  qu\u00e9 sentido tienen los placeres y deseos er\u00f3ticos,  qu\u00e9 es la conciencia relacional,  por qu\u00e9 es importante la Filosof\u00eda de la Sexualidad\" \/>\n<meta property=\"og:url\" content=\"https:\/\/letrame.com\/catalogo\/producto\/sexualidad-el-arte-de-unir-y-crear\/\" \/>\n<meta property=\"og:site_name\" content=\"Catalogo | Letrame Grupo Editorial\" \/>\n<meta property=\"article:modified_time\" content=\"2024-10-08T07:11:02+00:00\" \/>\n<meta property=\"og:image\" content=\"https:\/\/letrame.com\/catalogo\/wp-content\/uploads\/2024\/10\/p_sexualidad_1675mm-732x1024.jpg\" \/>\n\t<meta property=\"og:image:width\" content=\"732\" \/>\n\t<meta property=\"og:image:height\" content=\"1024\" \/>\n\t<meta property=\"og:image:type\" content=\"image\/jpeg\" \/>\n<meta name=\"twitter:card\" content=\"summary_large_image\" \/>\n<meta name=\"twitter:label1\" content=\"Tiempo de lectura\" \/>\n\t<meta name=\"twitter:data1\" content=\"1 minuto\" \/>\n<script type=\"application\/ld+json\" class=\"yoast-schema-graph\">{\"@context\":\"https:\/\/schema.org\",\"@graph\":[{\"@type\":\"WebPage\",\"@id\":\"https:\/\/letrame.com\/catalogo\/producto\/sexualidad-el-arte-de-unir-y-crear\/\",\"url\":\"https:\/\/letrame.com\/catalogo\/producto\/sexualidad-el-arte-de-unir-y-crear\/\",\"name\":\"Sexualidad. El arte de unir y crear - Catalogo | Letrame Grupo Editorial\",\"isPartOf\":{\"@id\":\"https:\/\/letrame.com\/catalogo\/#website\"},\"primaryImageOfPage\":{\"@id\":\"https:\/\/letrame.com\/catalogo\/producto\/sexualidad-el-arte-de-unir-y-crear\/#primaryimage\"},\"image\":{\"@id\":\"https:\/\/letrame.com\/catalogo\/producto\/sexualidad-el-arte-de-unir-y-crear\/#primaryimage\"},\"thumbnailUrl\":\"https:\/\/letrame.com\/catalogo\/wp-content\/uploads\/2024\/10\/p_sexualidad_1675mm.jpg\",\"datePublished\":\"2024-10-08T07:10:01+00:00\",\"dateModified\":\"2024-10-08T07:11:02+00:00\",\"breadcrumb\":{\"@id\":\"https:\/\/letrame.com\/catalogo\/producto\/sexualidad-el-arte-de-unir-y-crear\/#breadcrumb\"},\"inLanguage\":\"es\",\"potentialAction\":[{\"@type\":\"ReadAction\",\"target\":[\"https:\/\/letrame.com\/catalogo\/producto\/sexualidad-el-arte-de-unir-y-crear\/\"]}]},{\"@type\":\"ImageObject\",\"inLanguage\":\"es\",\"@id\":\"https:\/\/letrame.com\/catalogo\/producto\/sexualidad-el-arte-de-unir-y-crear\/#primaryimage\",\"url\":\"https:\/\/letrame.com\/catalogo\/wp-content\/uploads\/2024\/10\/p_sexualidad_1675mm.jpg\",\"contentUrl\":\"https:\/\/letrame.com\/catalogo\/wp-content\/uploads\/2024\/10\/p_sexualidad_1675mm.jpg\",\"width\":1772,\"height\":2480},{\"@type\":\"BreadcrumbList\",\"@id\":\"https:\/\/letrame.com\/catalogo\/producto\/sexualidad-el-arte-de-unir-y-crear\/#breadcrumb\",\"itemListElement\":[{\"@type\":\"ListItem\",\"position\":1,\"name\":\"Portada\",\"item\":\"https:\/\/letrame.com\/catalogo\/\"},{\"@type\":\"ListItem\",\"position\":2,\"name\":\"Cat\u00e1logo\",\"item\":\"https:\/\/letrame.com\/catalogo\/\"},{\"@type\":\"ListItem\",\"position\":3,\"name\":\"Sexualidad. El arte de unir y crear\"}]},{\"@type\":\"WebSite\",\"@id\":\"https:\/\/letrame.com\/catalogo\/#website\",\"url\":\"https:\/\/letrame.com\/catalogo\/\",\"name\":\"Catalogo | Letrame Grupo Editorial\",\"description\":\"\",\"publisher\":{\"@id\":\"https:\/\/letrame.com\/catalogo\/#organization\"},\"potentialAction\":[{\"@type\":\"SearchAction\",\"target\":{\"@type\":\"EntryPoint\",\"urlTemplate\":\"https:\/\/letrame.com\/catalogo\/?s={search_term_string}\"},\"query-input\":{\"@type\":\"PropertyValueSpecification\",\"valueRequired\":true,\"valueName\":\"search_term_string\"}}],\"inLanguage\":\"es\"},{\"@type\":\"Organization\",\"@id\":\"https:\/\/letrame.com\/catalogo\/#organization\",\"name\":\"Catalogo | Letrame Grupo Editorial\",\"url\":\"https:\/\/letrame.com\/catalogo\/\",\"logo\":{\"@type\":\"ImageObject\",\"inLanguage\":\"es\",\"@id\":\"https:\/\/letrame.com\/catalogo\/#\/schema\/logo\/image\/\",\"url\":\"https:\/\/letrame.com\/catalogo\/wp-content\/uploads\/2024\/03\/logo2.webp\",\"contentUrl\":\"https:\/\/letrame.com\/catalogo\/wp-content\/uploads\/2024\/03\/logo2.webp\",\"width\":394,\"height\":128,\"caption\":\"Catalogo | Letrame Grupo Editorial\"},\"image\":{\"@id\":\"https:\/\/letrame.com\/catalogo\/#\/schema\/logo\/image\/\"}}]}<\/script>\n<!-- \/ Yoast SEO plugin. -->","yoast_head_json":{"title":"Sexualidad. El arte de unir y crear - Catalogo | Letrame Grupo Editorial","robots":{"index":"index","follow":"follow","max-snippet":"max-snippet:-1","max-image-preview":"max-image-preview:large","max-video-preview":"max-video-preview:-1"},"canonical":"https:\/\/letrame.com\/catalogo\/producto\/sexualidad-el-arte-de-unir-y-crear\/","og_locale":"es_ES","og_type":"article","og_title":"Sexualidad. El arte de unir y crear - Catalogo | Letrame Grupo Editorial","og_description":"ISBN:\u00a0978-84-1068-887-2 SINOPSIS Jaione Fern\u00e1ndez de Jauregui \u2014poetisa y narradora\u2014  y Natalia Urteaga \u2014bioqu\u00edmica y sex\u00f3loga evolutiva\u2014  unen en este ensayo intimista  Ciencia y Arte, Raz\u00f3n y Sentimientos, Poes\u00eda y Sexolog\u00eda  con el objetivo de reflexionar, sentir y dialogar  en torno a uno de los artes m\u00e1s bellos:  El Arte de Unir y Crear. La Sexualidad.  &nbsp;  El di\u00e1logo sensual y reflexivo que las autoras mantienen  a trav\u00e9s de la Literatura y la Sexolog\u00eda Evolutiva  permite entender c\u00f3mo se ha desarrollado la sexualidad humana,  qu\u00e9 sentido tienen los placeres y deseos er\u00f3ticos,  qu\u00e9 es la conciencia relacional,  por qu\u00e9 es importante la Filosof\u00eda de la Sexualidad","og_url":"https:\/\/letrame.com\/catalogo\/producto\/sexualidad-el-arte-de-unir-y-crear\/","og_site_name":"Catalogo | Letrame Grupo Editorial","article_modified_time":"2024-10-08T07:11:02+00:00","og_image":[{"width":732,"height":1024,"url":"https:\/\/letrame.com\/catalogo\/wp-content\/uploads\/2024\/10\/p_sexualidad_1675mm-732x1024.jpg","type":"image\/jpeg"}],"twitter_card":"summary_large_image","twitter_misc":{"Tiempo de lectura":"1 minuto"},"schema":{"@context":"https:\/\/schema.org","@graph":[{"@type":"WebPage","@id":"https:\/\/letrame.com\/catalogo\/producto\/sexualidad-el-arte-de-unir-y-crear\/","url":"https:\/\/letrame.com\/catalogo\/producto\/sexualidad-el-arte-de-unir-y-crear\/","name":"Sexualidad. El arte de unir y crear - Catalogo | Letrame Grupo Editorial","isPartOf":{"@id":"https:\/\/letrame.com\/catalogo\/#website"},"primaryImageOfPage":{"@id":"https:\/\/letrame.com\/catalogo\/producto\/sexualidad-el-arte-de-unir-y-crear\/#primaryimage"},"image":{"@id":"https:\/\/letrame.com\/catalogo\/producto\/sexualidad-el-arte-de-unir-y-crear\/#primaryimage"},"thumbnailUrl":"https:\/\/letrame.com\/catalogo\/wp-content\/uploads\/2024\/10\/p_sexualidad_1675mm.jpg","datePublished":"2024-10-08T07:10:01+00:00","dateModified":"2024-10-08T07:11:02+00:00","breadcrumb":{"@id":"https:\/\/letrame.com\/catalogo\/producto\/sexualidad-el-arte-de-unir-y-crear\/#breadcrumb"},"inLanguage":"es","potentialAction":[{"@type":"ReadAction","target":["https:\/\/letrame.com\/catalogo\/producto\/sexualidad-el-arte-de-unir-y-crear\/"]}]},{"@type":"ImageObject","inLanguage":"es","@id":"https:\/\/letrame.com\/catalogo\/producto\/sexualidad-el-arte-de-unir-y-crear\/#primaryimage","url":"https:\/\/letrame.com\/catalogo\/wp-content\/uploads\/2024\/10\/p_sexualidad_1675mm.jpg","contentUrl":"https:\/\/letrame.com\/catalogo\/wp-content\/uploads\/2024\/10\/p_sexualidad_1675mm.jpg","width":1772,"height":2480},{"@type":"BreadcrumbList","@id":"https:\/\/letrame.com\/catalogo\/producto\/sexualidad-el-arte-de-unir-y-crear\/#breadcrumb","itemListElement":[{"@type":"ListItem","position":1,"name":"Portada","item":"https:\/\/letrame.com\/catalogo\/"},{"@type":"ListItem","position":2,"name":"Cat\u00e1logo","item":"https:\/\/letrame.com\/catalogo\/"},{"@type":"ListItem","position":3,"name":"Sexualidad. El arte de unir y crear"}]},{"@type":"WebSite","@id":"https:\/\/letrame.com\/catalogo\/#website","url":"https:\/\/letrame.com\/catalogo\/","name":"Catalogo | Letrame Grupo Editorial","description":"","publisher":{"@id":"https:\/\/letrame.com\/catalogo\/#organization"},"potentialAction":[{"@type":"SearchAction","target":{"@type":"EntryPoint","urlTemplate":"https:\/\/letrame.com\/catalogo\/?s={search_term_string}"},"query-input":{"@type":"PropertyValueSpecification","valueRequired":true,"valueName":"search_term_string"}}],"inLanguage":"es"},{"@type":"Organization","@id":"https:\/\/letrame.com\/catalogo\/#organization","name":"Catalogo | Letrame Grupo Editorial","url":"https:\/\/letrame.com\/catalogo\/","logo":{"@type":"ImageObject","inLanguage":"es","@id":"https:\/\/letrame.com\/catalogo\/#\/schema\/logo\/image\/","url":"https:\/\/letrame.com\/catalogo\/wp-content\/uploads\/2024\/03\/logo2.webp","contentUrl":"https:\/\/letrame.com\/catalogo\/wp-content\/uploads\/2024\/03\/logo2.webp","width":394,"height":128,"caption":"Catalogo | Letrame Grupo Editorial"},"image":{"@id":"https:\/\/letrame.com\/catalogo\/#\/schema\/logo\/image\/"}}]}},"_links":{"self":[{"href":"https:\/\/letrame.com\/catalogo\/wp-json\/wp\/v2\/product\/106890","targetHints":{"allow":["GET"]}}],"collection":[{"href":"https:\/\/letrame.com\/catalogo\/wp-json\/wp\/v2\/product"}],"about":[{"href":"https:\/\/letrame.com\/catalogo\/wp-json\/wp\/v2\/types\/product"}],"replies":[{"embeddable":true,"href":"https:\/\/letrame.com\/catalogo\/wp-json\/wp\/v2\/comments?post=106890"}],"acf:post":[{"embeddable":true,"href":"https:\/\/letrame.com\/catalogo\/wp-json\/wp\/v2\/author_book\/106893"},{"embeddable":true,"href":"https:\/\/letrame.com\/catalogo\/wp-json\/wp\/v2\/author_book\/106889"}],"wp:featuredmedia":[{"embeddable":true,"href":"https:\/\/letrame.com\/catalogo\/wp-json\/wp\/v2\/media\/106896"}],"wp:attachment":[{"href":"https:\/\/letrame.com\/catalogo\/wp-json\/wp\/v2\/media?parent=106890"}],"wp:term":[{"taxonomy":"libro","embeddable":true,"href":"https:\/\/letrame.com\/catalogo\/wp-json\/wp\/v2\/libro?post=106890"},{"taxonomy":"product_brand","embeddable":true,"href":"https:\/\/letrame.com\/catalogo\/wp-json\/wp\/v2\/product_brand?post=106890"},{"taxonomy":"product_cat","embeddable":true,"href":"https:\/\/letrame.com\/catalogo\/wp-json\/wp\/v2\/product_cat?post=106890"},{"taxonomy":"product_tag","embeddable":true,"href":"https:\/\/letrame.com\/catalogo\/wp-json\/wp\/v2\/product_tag?post=106890"}],"curies":[{"name":"wp","href":"https:\/\/api.w.org\/{rel}","templated":true}]}}