{"id":106862,"date":"2024-10-08T08:35:10","date_gmt":"2024-10-08T06:35:10","guid":{"rendered":"https:\/\/letrame.com\/catalogo\/?post_type=product&#038;p=106862"},"modified":"2024-12-03T13:52:00","modified_gmt":"2024-12-03T12:52:00","slug":"del-suelo-al-cielo","status":"publish","type":"product","link":"https:\/\/letrame.com\/catalogo\/producto\/del-suelo-al-cielo\/","title":{"rendered":"Del suelo al cielo 2\u00ba Ed"},"content":{"rendered":"<p class=\"p1\"><b>ISBN: <\/b>978-84-1089-517-1<\/p>\n<p class=\"p1\"><b>T\u00edtulo:\u00a0<\/b>Del suelo al cielo<\/p>\n<p class=\"p1\"><b>A\u00f1o:\u00a0<\/b>2024<\/p>\n<p class=\"p1\"><b>P\u00e1ginas:\u00a0<\/b>226<\/p>\n<p class=\"p1\"><b>SINOPSIS<\/b><\/p>\n<p><em>Del suelo al cielo<\/em> es m\u00e1s que un libro; es una traves\u00eda muy personal y reveladora a trav\u00e9s de la resiliencia, la reinvenci\u00f3n y la b\u00fasqueda del prop\u00f3sito. El autor te conduce por su propio camino de descenso al abismo de la desesperaci\u00f3n, donde perdi\u00f3 todo lo que hab\u00eda logrado en su carrera profesional y personal. Desde su ca\u00edda libre, sin frenos, hasta el hallazgo de una nueva vocaci\u00f3n como orientador laboral, cada p\u00e1gina est\u00e1 impregnada de historias de fracasos y renacimientos. Este libro es una conversaci\u00f3n de alma a alma, dise\u00f1ada para devolver la ilusi\u00f3n a aquellos que sienten que han perdido el rumbo, demostrando que siempre hay un nuevo camino para recuperar el sentido de la vida. A trav\u00e9s de experiencias personales y consejos pr\u00e1cticos, <em>Del suelo al cielo<\/em> nos invita a creer en nuestra capacidad para crear nuestra propia suerte y alcanzar la vida que merecemos.<\/p>\n","protected":false},"excerpt":{"rendered":"<p class=\"p1\"><b>ISBN: <\/b>978-84-1089-517-1<\/p>\n<p class=\"p1\"><b>SINOPSIS<\/b><\/p>\n<p><em>Del suelo al cielo<\/em> es m\u00e1s que un libro; es una traves\u00eda muy personal y reveladora a trav\u00e9s de la resiliencia, la reinvenci\u00f3n y la b\u00fasqueda del prop\u00f3sito. El autor te conduce por su propio camino de descenso al abismo de la desesperaci\u00f3n, donde perdi\u00f3 todo lo que hab\u00eda logrado en su carrera profesional y personal. Desde su ca\u00edda libre, sin frenos, hasta el hallazgo de una nueva vocaci\u00f3n como orientador laboral, cada p\u00e1gina est\u00e1 impregnada de historias de fracasos y renacimientos. Este libro es una conversaci\u00f3n de alma a alma, dise\u00f1ada para devolver la ilusi\u00f3n a aquellos que sienten que han perdido el rumbo, demostrando que siempre hay un nuevo camino para recuperar el sentido de la vida. A trav\u00e9s de experiencias personales y consejos pr\u00e1cticos, <em>Del suelo al cielo<\/em> nos invita a creer en nuestra capacidad para crear nuestra propia suerte y alcanzar la vida que merecemos.<\/p>\n","protected":false},"featured_media":107345,"comment_status":"open","ping_status":"closed","template":"","meta":{"_acf_changed":false},"libro":[],"product_brand":[],"product_cat":[30],"product_tag":[],"class_list":{"0":"post-106862","1":"product","2":"type-product","3":"status-publish","4":"has-post-thumbnail","6":"product_cat-desarrollo-personal-y-autoconocimiento","8":"first","9":"instock","10":"shipping-taxable","11":"product-type-simple"},"acf":{"autor":[106861],"enlace_de_compra":"https:\/\/amzn.to\/48eBl2F"},"yoast_head":"<!-- This site is optimized with the Yoast SEO plugin v27.4 - https:\/\/yoast.com\/product\/yoast-seo-wordpress\/ -->\n<title>Del suelo al cielo 2\u00ba Ed - Catalogo | Letrame Grupo Editorial<\/title>\n<meta name=\"robots\" content=\"index, follow, max-snippet:-1, max-image-preview:large, max-video-preview:-1\" \/>\n<link rel=\"canonical\" href=\"https:\/\/letrame.com\/catalogo\/producto\/del-suelo-al-cielo\/\" \/>\n<meta property=\"og:locale\" content=\"es_ES\" \/>\n<meta property=\"og:type\" content=\"article\" \/>\n<meta property=\"og:title\" content=\"Del suelo al cielo 2\u00ba Ed - Catalogo | Letrame Grupo Editorial\" \/>\n<meta property=\"og:description\" content=\"ISBN: 978-84-1089-517-1 SINOPSIS Del suelo al cielo es m\u00e1s que un libro; es una traves\u00eda muy personal y reveladora a trav\u00e9s de la resiliencia, la reinvenci\u00f3n y la b\u00fasqueda del prop\u00f3sito. El autor te conduce por su propio camino de descenso al abismo de la desesperaci\u00f3n, donde perdi\u00f3 todo lo que hab\u00eda logrado en su carrera profesional y personal. Desde su ca\u00edda libre, sin frenos, hasta el hallazgo de una nueva vocaci\u00f3n como orientador laboral, cada p\u00e1gina est\u00e1 impregnada de historias de fracasos y renacimientos. Este libro es una conversaci\u00f3n de alma a alma, dise\u00f1ada para devolver la ilusi\u00f3n a aquellos que sienten que han perdido el rumbo, demostrando que siempre hay un nuevo camino para recuperar el sentido de la vida. A trav\u00e9s de experiencias personales y consejos pr\u00e1cticos, Del suelo al cielo nos invita a creer en nuestra capacidad para crear nuestra propia suerte y alcanzar la vida que merecemos.\" \/>\n<meta property=\"og:url\" content=\"https:\/\/letrame.com\/catalogo\/producto\/del-suelo-al-cielo\/\" \/>\n<meta property=\"og:site_name\" content=\"Catalogo | Letrame Grupo Editorial\" \/>\n<meta property=\"article:modified_time\" content=\"2024-12-03T12:52:00+00:00\" \/>\n<meta property=\"og:image\" content=\"https:\/\/letrame.com\/catalogo\/wp-content\/uploads\/2024\/10\/z2edip_delsueloalcielo_1271mm.jpg\" \/>\n\t<meta property=\"og:image:width\" content=\"950\" \/>\n\t<meta property=\"og:image:height\" content=\"1397\" \/>\n\t<meta property=\"og:image:type\" content=\"image\/jpeg\" \/>\n<meta name=\"twitter:card\" content=\"summary_large_image\" \/>\n<meta name=\"twitter:label1\" content=\"Tiempo de lectura\" \/>\n\t<meta name=\"twitter:data1\" content=\"1 minuto\" \/>\n<script type=\"application\/ld+json\" class=\"yoast-schema-graph\">{\"@context\":\"https:\\\/\\\/schema.org\",\"@graph\":[{\"@type\":\"WebPage\",\"@id\":\"https:\\\/\\\/letrame.com\\\/catalogo\\\/producto\\\/del-suelo-al-cielo\\\/\",\"url\":\"https:\\\/\\\/letrame.com\\\/catalogo\\\/producto\\\/del-suelo-al-cielo\\\/\",\"name\":\"Del suelo al cielo 2\u00ba Ed - Catalogo | Letrame Grupo Editorial\",\"isPartOf\":{\"@id\":\"https:\\\/\\\/letrame.com\\\/catalogo\\\/#website\"},\"primaryImageOfPage\":{\"@id\":\"https:\\\/\\\/letrame.com\\\/catalogo\\\/producto\\\/del-suelo-al-cielo\\\/#primaryimage\"},\"image\":{\"@id\":\"https:\\\/\\\/letrame.com\\\/catalogo\\\/producto\\\/del-suelo-al-cielo\\\/#primaryimage\"},\"thumbnailUrl\":\"https:\\\/\\\/letrame.com\\\/catalogo\\\/wp-content\\\/uploads\\\/2024\\\/10\\\/z2edip_delsueloalcielo_1271mm.jpg\",\"datePublished\":\"2024-10-08T06:35:10+00:00\",\"dateModified\":\"2024-12-03T12:52:00+00:00\",\"breadcrumb\":{\"@id\":\"https:\\\/\\\/letrame.com\\\/catalogo\\\/producto\\\/del-suelo-al-cielo\\\/#breadcrumb\"},\"inLanguage\":\"es\",\"potentialAction\":[{\"@type\":\"ReadAction\",\"target\":[\"https:\\\/\\\/letrame.com\\\/catalogo\\\/producto\\\/del-suelo-al-cielo\\\/\"]}]},{\"@type\":\"ImageObject\",\"inLanguage\":\"es\",\"@id\":\"https:\\\/\\\/letrame.com\\\/catalogo\\\/producto\\\/del-suelo-al-cielo\\\/#primaryimage\",\"url\":\"https:\\\/\\\/letrame.com\\\/catalogo\\\/wp-content\\\/uploads\\\/2024\\\/10\\\/z2edip_delsueloalcielo_1271mm.jpg\",\"contentUrl\":\"https:\\\/\\\/letrame.com\\\/catalogo\\\/wp-content\\\/uploads\\\/2024\\\/10\\\/z2edip_delsueloalcielo_1271mm.jpg\",\"width\":950,\"height\":1397},{\"@type\":\"BreadcrumbList\",\"@id\":\"https:\\\/\\\/letrame.com\\\/catalogo\\\/producto\\\/del-suelo-al-cielo\\\/#breadcrumb\",\"itemListElement\":[{\"@type\":\"ListItem\",\"position\":1,\"name\":\"Portada\",\"item\":\"https:\\\/\\\/letrame.com\\\/catalogo\\\/\"},{\"@type\":\"ListItem\",\"position\":2,\"name\":\"Cat\u00e1logo\",\"item\":\"https:\\\/\\\/letrame.com\\\/catalogo\\\/\"},{\"@type\":\"ListItem\",\"position\":3,\"name\":\"Del suelo al cielo 2\u00ba Ed\"}]},{\"@type\":\"WebSite\",\"@id\":\"https:\\\/\\\/letrame.com\\\/catalogo\\\/#website\",\"url\":\"https:\\\/\\\/letrame.com\\\/catalogo\\\/\",\"name\":\"Catalogo | Letrame Grupo Editorial\",\"description\":\"\",\"publisher\":{\"@id\":\"https:\\\/\\\/letrame.com\\\/catalogo\\\/#organization\"},\"potentialAction\":[{\"@type\":\"SearchAction\",\"target\":{\"@type\":\"EntryPoint\",\"urlTemplate\":\"https:\\\/\\\/letrame.com\\\/catalogo\\\/?s={search_term_string}\"},\"query-input\":{\"@type\":\"PropertyValueSpecification\",\"valueRequired\":true,\"valueName\":\"search_term_string\"}}],\"inLanguage\":\"es\"},{\"@type\":\"Organization\",\"@id\":\"https:\\\/\\\/letrame.com\\\/catalogo\\\/#organization\",\"name\":\"Catalogo | Letrame Grupo Editorial\",\"url\":\"https:\\\/\\\/letrame.com\\\/catalogo\\\/\",\"logo\":{\"@type\":\"ImageObject\",\"inLanguage\":\"es\",\"@id\":\"https:\\\/\\\/letrame.com\\\/catalogo\\\/#\\\/schema\\\/logo\\\/image\\\/\",\"url\":\"https:\\\/\\\/letrame.com\\\/catalogo\\\/wp-content\\\/uploads\\\/2024\\\/03\\\/logo2.webp\",\"contentUrl\":\"https:\\\/\\\/letrame.com\\\/catalogo\\\/wp-content\\\/uploads\\\/2024\\\/03\\\/logo2.webp\",\"width\":394,\"height\":128,\"caption\":\"Catalogo | Letrame Grupo Editorial\"},\"image\":{\"@id\":\"https:\\\/\\\/letrame.com\\\/catalogo\\\/#\\\/schema\\\/logo\\\/image\\\/\"}}]}<\/script>\n<!-- \/ Yoast SEO plugin. -->","yoast_head_json":{"title":"Del suelo al cielo 2\u00ba Ed - Catalogo | Letrame Grupo Editorial","robots":{"index":"index","follow":"follow","max-snippet":"max-snippet:-1","max-image-preview":"max-image-preview:large","max-video-preview":"max-video-preview:-1"},"canonical":"https:\/\/letrame.com\/catalogo\/producto\/del-suelo-al-cielo\/","og_locale":"es_ES","og_type":"article","og_title":"Del suelo al cielo 2\u00ba Ed - Catalogo | Letrame Grupo Editorial","og_description":"ISBN: 978-84-1089-517-1 SINOPSIS Del suelo al cielo es m\u00e1s que un libro; es una traves\u00eda muy personal y reveladora a trav\u00e9s de la resiliencia, la reinvenci\u00f3n y la b\u00fasqueda del prop\u00f3sito. El autor te conduce por su propio camino de descenso al abismo de la desesperaci\u00f3n, donde perdi\u00f3 todo lo que hab\u00eda logrado en su carrera profesional y personal. Desde su ca\u00edda libre, sin frenos, hasta el hallazgo de una nueva vocaci\u00f3n como orientador laboral, cada p\u00e1gina est\u00e1 impregnada de historias de fracasos y renacimientos. Este libro es una conversaci\u00f3n de alma a alma, dise\u00f1ada para devolver la ilusi\u00f3n a aquellos que sienten que han perdido el rumbo, demostrando que siempre hay un nuevo camino para recuperar el sentido de la vida. A trav\u00e9s de experiencias personales y consejos pr\u00e1cticos, Del suelo al cielo nos invita a creer en nuestra capacidad para crear nuestra propia suerte y alcanzar la vida que merecemos.","og_url":"https:\/\/letrame.com\/catalogo\/producto\/del-suelo-al-cielo\/","og_site_name":"Catalogo | Letrame Grupo Editorial","article_modified_time":"2024-12-03T12:52:00+00:00","og_image":[{"width":950,"height":1397,"url":"https:\/\/letrame.com\/catalogo\/wp-content\/uploads\/2024\/10\/z2edip_delsueloalcielo_1271mm.jpg","type":"image\/jpeg"}],"twitter_card":"summary_large_image","twitter_misc":{"Tiempo de lectura":"1 minuto"},"schema":{"@context":"https:\/\/schema.org","@graph":[{"@type":"WebPage","@id":"https:\/\/letrame.com\/catalogo\/producto\/del-suelo-al-cielo\/","url":"https:\/\/letrame.com\/catalogo\/producto\/del-suelo-al-cielo\/","name":"Del suelo al cielo 2\u00ba Ed - Catalogo | Letrame Grupo Editorial","isPartOf":{"@id":"https:\/\/letrame.com\/catalogo\/#website"},"primaryImageOfPage":{"@id":"https:\/\/letrame.com\/catalogo\/producto\/del-suelo-al-cielo\/#primaryimage"},"image":{"@id":"https:\/\/letrame.com\/catalogo\/producto\/del-suelo-al-cielo\/#primaryimage"},"thumbnailUrl":"https:\/\/letrame.com\/catalogo\/wp-content\/uploads\/2024\/10\/z2edip_delsueloalcielo_1271mm.jpg","datePublished":"2024-10-08T06:35:10+00:00","dateModified":"2024-12-03T12:52:00+00:00","breadcrumb":{"@id":"https:\/\/letrame.com\/catalogo\/producto\/del-suelo-al-cielo\/#breadcrumb"},"inLanguage":"es","potentialAction":[{"@type":"ReadAction","target":["https:\/\/letrame.com\/catalogo\/producto\/del-suelo-al-cielo\/"]}]},{"@type":"ImageObject","inLanguage":"es","@id":"https:\/\/letrame.com\/catalogo\/producto\/del-suelo-al-cielo\/#primaryimage","url":"https:\/\/letrame.com\/catalogo\/wp-content\/uploads\/2024\/10\/z2edip_delsueloalcielo_1271mm.jpg","contentUrl":"https:\/\/letrame.com\/catalogo\/wp-content\/uploads\/2024\/10\/z2edip_delsueloalcielo_1271mm.jpg","width":950,"height":1397},{"@type":"BreadcrumbList","@id":"https:\/\/letrame.com\/catalogo\/producto\/del-suelo-al-cielo\/#breadcrumb","itemListElement":[{"@type":"ListItem","position":1,"name":"Portada","item":"https:\/\/letrame.com\/catalogo\/"},{"@type":"ListItem","position":2,"name":"Cat\u00e1logo","item":"https:\/\/letrame.com\/catalogo\/"},{"@type":"ListItem","position":3,"name":"Del suelo al cielo 2\u00ba Ed"}]},{"@type":"WebSite","@id":"https:\/\/letrame.com\/catalogo\/#website","url":"https:\/\/letrame.com\/catalogo\/","name":"Catalogo | Letrame Grupo Editorial","description":"","publisher":{"@id":"https:\/\/letrame.com\/catalogo\/#organization"},"potentialAction":[{"@type":"SearchAction","target":{"@type":"EntryPoint","urlTemplate":"https:\/\/letrame.com\/catalogo\/?s={search_term_string}"},"query-input":{"@type":"PropertyValueSpecification","valueRequired":true,"valueName":"search_term_string"}}],"inLanguage":"es"},{"@type":"Organization","@id":"https:\/\/letrame.com\/catalogo\/#organization","name":"Catalogo | Letrame Grupo Editorial","url":"https:\/\/letrame.com\/catalogo\/","logo":{"@type":"ImageObject","inLanguage":"es","@id":"https:\/\/letrame.com\/catalogo\/#\/schema\/logo\/image\/","url":"https:\/\/letrame.com\/catalogo\/wp-content\/uploads\/2024\/03\/logo2.webp","contentUrl":"https:\/\/letrame.com\/catalogo\/wp-content\/uploads\/2024\/03\/logo2.webp","width":394,"height":128,"caption":"Catalogo | Letrame Grupo Editorial"},"image":{"@id":"https:\/\/letrame.com\/catalogo\/#\/schema\/logo\/image\/"}}]}},"_links":{"self":[{"href":"https:\/\/letrame.com\/catalogo\/wp-json\/wp\/v2\/product\/106862","targetHints":{"allow":["GET"]}}],"collection":[{"href":"https:\/\/letrame.com\/catalogo\/wp-json\/wp\/v2\/product"}],"about":[{"href":"https:\/\/letrame.com\/catalogo\/wp-json\/wp\/v2\/types\/product"}],"replies":[{"embeddable":true,"href":"https:\/\/letrame.com\/catalogo\/wp-json\/wp\/v2\/comments?post=106862"}],"acf:post":[{"embeddable":true,"href":"https:\/\/letrame.com\/catalogo\/wp-json\/wp\/v2\/author_book\/106861"}],"wp:featuredmedia":[{"embeddable":true,"href":"https:\/\/letrame.com\/catalogo\/wp-json\/wp\/v2\/media\/107345"}],"wp:attachment":[{"href":"https:\/\/letrame.com\/catalogo\/wp-json\/wp\/v2\/media?parent=106862"}],"wp:term":[{"taxonomy":"libro","embeddable":true,"href":"https:\/\/letrame.com\/catalogo\/wp-json\/wp\/v2\/libro?post=106862"},{"taxonomy":"product_brand","embeddable":true,"href":"https:\/\/letrame.com\/catalogo\/wp-json\/wp\/v2\/product_brand?post=106862"},{"taxonomy":"product_cat","embeddable":true,"href":"https:\/\/letrame.com\/catalogo\/wp-json\/wp\/v2\/product_cat?post=106862"},{"taxonomy":"product_tag","embeddable":true,"href":"https:\/\/letrame.com\/catalogo\/wp-json\/wp\/v2\/product_tag?post=106862"}],"curies":[{"name":"wp","href":"https:\/\/api.w.org\/{rel}","templated":true}]}}