{"id":106852,"date":"2024-10-08T08:21:09","date_gmt":"2024-10-08T06:21:09","guid":{"rendered":"https:\/\/letrame.com\/catalogo\/?post_type=product&#038;p=106852"},"modified":"2024-10-08T08:21:10","modified_gmt":"2024-10-08T06:21:10","slug":"secretos-que-no-se-pueden-contar","status":"publish","type":"product","link":"https:\/\/letrame.com\/catalogo\/producto\/secretos-que-no-se-pueden-contar\/","title":{"rendered":"Secretos que no se pueden contar"},"content":{"rendered":"<p class=\"p1\"><b>ISBN:\u00a0<\/b>978-84-1068-874-2<\/p>\n<p class=\"p1\"><b>T\u00edtulo: <\/b>Secretos que no se pueden contar<\/p>\n<p class=\"p1\"><b>A\u00f1o:\u00a0<\/b>2024<\/p>\n<p class=\"p1\"><b>P\u00e1ginas:\u00a0<\/b>144<\/p>\n<p class=\"p1\"><b>SINOPSIS<\/b><\/p>\n<p><strong><em>ODIPAR<\/em><\/strong> es la historia de Marc, el hijo de un pescador que sue\u00f1a con conocer al pez vela, un pez volador del que le habla su padre. Cuando lo ve, vivir\u00e1 con \u00e9l aventuras incre\u00edbles y se convertir\u00e1 en su mejor amigo.<\/p>\n<p>\u00abEs una obra que cautiva al lector desde el principio y deja una impresi\u00f3n duradera gracias a su habilidad para combinar la belleza del lenguaje con la profundidad del contenido\u00bb, equipo de Letrame.<\/p>\n<p>La historia de <strong><em>EL \u00daLTIMO BARCO PIRATA<\/em><\/strong> tiene lugar en Mallorca, una isla poblada de cuevas costeras donde los piratas escond\u00edan sus tesoros en los siglos XVI y XVII. Luis y sus amigos visitan la cueva de Canyamel y, por casualidad, descubren algo insospechado, un gale\u00f3n antiguo y un ni\u00f1o pirata que vive en \u00e9l. Regresar\u00e1n varias veces, lo que les ocurre despu\u00e9s, como dice el t\u00edtulo de la obra, son secretos que no se pueden contar. Para averiguarlo, hay que leerlo hasta el final.<\/p>\n<p>\u00abEl \u00faltimo barco pirata es un cuento que combina h\u00e1bilmente elementos de aventura, misterio y fantas\u00eda para crear una experiencia de lectura emocionante y memorable para ni\u00f1os y adultos por igual\u00bb, equipo de Letrame.<\/p>\n","protected":false},"excerpt":{"rendered":"<p class=\"p1\"><b>ISBN:\u00a0<\/b>978-84-1068-874-2<\/p>\n<p class=\"p1\"><b>SINOPSIS<\/b><\/p>\n<p><strong><em>ODIPAR<\/em><\/strong> es la historia de Marc, el hijo de un pescador que sue\u00f1a con conocer al pez vela, un pez volador del que le habla su padre. Cuando lo ve, vivir\u00e1 con \u00e9l aventuras incre\u00edbles y se convertir\u00e1 en su mejor amigo.<\/p>\n<p>\u00abEs una obra que cautiva al lector desde el principio y deja una impresi\u00f3n duradera gracias a su habilidad para combinar la belleza del lenguaje con la profundidad del contenido\u00bb, equipo de Letrame.<\/p>\n<p>La historia de <strong><em>EL \u00daLTIMO BARCO PIRATA<\/em><\/strong> tiene lugar en Mallorca, una isla poblada de cuevas costeras donde los piratas escond\u00edan sus tesoros en los siglos XVI y XVII. Luis y sus amigos visitan la cueva de Canyamel y, por casualidad, descubren algo insospechado, un gale\u00f3n antiguo y un ni\u00f1o pirata que vive en \u00e9l. Regresar\u00e1n varias veces, lo que les ocurre despu\u00e9s, como dice el t\u00edtulo de la obra, son secretos que no se pueden contar. Para averiguarlo, hay que leerlo hasta el final.<\/p>\n<p>\u00abEl \u00faltimo barco pirata es un cuento que combina h\u00e1bilmente elementos de aventura, misterio y fantas\u00eda para crear una experiencia de lectura emocionante y memorable para ni\u00f1os y adultos por igual\u00bb, equipo de Letrame.<\/p>\n","protected":false},"featured_media":106854,"comment_status":"open","ping_status":"closed","template":"","meta":{"_acf_changed":false},"libro":[],"product_brand":[],"product_cat":[53,52],"product_tag":[],"class_list":{"0":"post-106852","1":"product","2":"type-product","3":"status-publish","4":"has-post-thumbnail","6":"product_cat-novela-infantil","7":"product_cat-novela-juvenil","9":"first","10":"instock","11":"shipping-taxable","12":"product-type-simple"},"acf":{"autor":[76937],"enlace_de_compra":"https:\/\/amzn.to\/3YcILzY"},"yoast_head":"<!-- This site is optimized with the Yoast SEO plugin v27.4 - https:\/\/yoast.com\/product\/yoast-seo-wordpress\/ -->\n<title>Secretos que no se pueden contar - Catalogo | Letrame Grupo Editorial<\/title>\n<meta name=\"robots\" content=\"index, follow, max-snippet:-1, max-image-preview:large, max-video-preview:-1\" \/>\n<link rel=\"canonical\" href=\"https:\/\/letrame.com\/catalogo\/producto\/secretos-que-no-se-pueden-contar\/\" \/>\n<meta property=\"og:locale\" content=\"es_ES\" \/>\n<meta property=\"og:type\" content=\"article\" \/>\n<meta property=\"og:title\" content=\"Secretos que no se pueden contar - Catalogo | Letrame Grupo Editorial\" \/>\n<meta property=\"og:description\" content=\"ISBN:\u00a0978-84-1068-874-2 SINOPSIS ODIPAR es la historia de Marc, el hijo de un pescador que sue\u00f1a con conocer al pez vela, un pez volador del que le habla su padre. Cuando lo ve, vivir\u00e1 con \u00e9l aventuras incre\u00edbles y se convertir\u00e1 en su mejor amigo.  \u00abEs una obra que cautiva al lector desde el principio y deja una impresi\u00f3n duradera gracias a su habilidad para combinar la belleza del lenguaje con la profundidad del contenido\u00bb, equipo de Letrame.  La historia de EL \u00daLTIMO BARCO PIRATA tiene lugar en Mallorca, una isla poblada de cuevas costeras donde los piratas escond\u00edan sus tesoros en los siglos XVI y XVII. Luis y sus amigos visitan la cueva de Canyamel y, por casualidad, descubren algo insospechado, un gale\u00f3n antiguo y un ni\u00f1o pirata que vive en \u00e9l. Regresar\u00e1n varias veces, lo que les ocurre despu\u00e9s, como dice el t\u00edtulo de la obra, son secretos que no se pueden contar. Para averiguarlo, hay que leerlo hasta el final.  \u00abEl \u00faltimo barco pirata es un cuento que combina h\u00e1bilmente elementos de aventura, misterio y fantas\u00eda para crear una experiencia de lectura emocionante y memorable para ni\u00f1os y adultos por igual\u00bb, equipo de Letrame.\" \/>\n<meta property=\"og:url\" content=\"https:\/\/letrame.com\/catalogo\/producto\/secretos-que-no-se-pueden-contar\/\" \/>\n<meta property=\"og:site_name\" content=\"Catalogo | Letrame Grupo Editorial\" \/>\n<meta property=\"article:modified_time\" content=\"2024-10-08T06:21:10+00:00\" \/>\n<meta property=\"og:image\" content=\"https:\/\/letrame.com\/catalogo\/wp-content\/uploads\/2024\/10\/zsecretosqueno_865mmv24.jpg\" \/>\n\t<meta property=\"og:image:width\" content=\"550\" \/>\n\t<meta property=\"og:image:height\" content=\"806\" \/>\n\t<meta property=\"og:image:type\" content=\"image\/jpeg\" \/>\n<meta name=\"twitter:card\" content=\"summary_large_image\" \/>\n<meta name=\"twitter:label1\" content=\"Tiempo de lectura\" \/>\n\t<meta name=\"twitter:data1\" content=\"2 minutos\" \/>\n<script type=\"application\/ld+json\" class=\"yoast-schema-graph\">{\"@context\":\"https:\\\/\\\/schema.org\",\"@graph\":[{\"@type\":\"WebPage\",\"@id\":\"https:\\\/\\\/letrame.com\\\/catalogo\\\/producto\\\/secretos-que-no-se-pueden-contar\\\/\",\"url\":\"https:\\\/\\\/letrame.com\\\/catalogo\\\/producto\\\/secretos-que-no-se-pueden-contar\\\/\",\"name\":\"Secretos que no se pueden contar - Catalogo | Letrame Grupo Editorial\",\"isPartOf\":{\"@id\":\"https:\\\/\\\/letrame.com\\\/catalogo\\\/#website\"},\"primaryImageOfPage\":{\"@id\":\"https:\\\/\\\/letrame.com\\\/catalogo\\\/producto\\\/secretos-que-no-se-pueden-contar\\\/#primaryimage\"},\"image\":{\"@id\":\"https:\\\/\\\/letrame.com\\\/catalogo\\\/producto\\\/secretos-que-no-se-pueden-contar\\\/#primaryimage\"},\"thumbnailUrl\":\"https:\\\/\\\/letrame.com\\\/catalogo\\\/wp-content\\\/uploads\\\/2024\\\/10\\\/zsecretosqueno_865mmv24.jpg\",\"datePublished\":\"2024-10-08T06:21:09+00:00\",\"dateModified\":\"2024-10-08T06:21:10+00:00\",\"breadcrumb\":{\"@id\":\"https:\\\/\\\/letrame.com\\\/catalogo\\\/producto\\\/secretos-que-no-se-pueden-contar\\\/#breadcrumb\"},\"inLanguage\":\"es\",\"potentialAction\":[{\"@type\":\"ReadAction\",\"target\":[\"https:\\\/\\\/letrame.com\\\/catalogo\\\/producto\\\/secretos-que-no-se-pueden-contar\\\/\"]}]},{\"@type\":\"ImageObject\",\"inLanguage\":\"es\",\"@id\":\"https:\\\/\\\/letrame.com\\\/catalogo\\\/producto\\\/secretos-que-no-se-pueden-contar\\\/#primaryimage\",\"url\":\"https:\\\/\\\/letrame.com\\\/catalogo\\\/wp-content\\\/uploads\\\/2024\\\/10\\\/zsecretosqueno_865mmv24.jpg\",\"contentUrl\":\"https:\\\/\\\/letrame.com\\\/catalogo\\\/wp-content\\\/uploads\\\/2024\\\/10\\\/zsecretosqueno_865mmv24.jpg\",\"width\":550,\"height\":806},{\"@type\":\"BreadcrumbList\",\"@id\":\"https:\\\/\\\/letrame.com\\\/catalogo\\\/producto\\\/secretos-que-no-se-pueden-contar\\\/#breadcrumb\",\"itemListElement\":[{\"@type\":\"ListItem\",\"position\":1,\"name\":\"Portada\",\"item\":\"https:\\\/\\\/letrame.com\\\/catalogo\\\/\"},{\"@type\":\"ListItem\",\"position\":2,\"name\":\"Cat\u00e1logo\",\"item\":\"https:\\\/\\\/letrame.com\\\/catalogo\\\/\"},{\"@type\":\"ListItem\",\"position\":3,\"name\":\"Secretos que no se pueden contar\"}]},{\"@type\":\"WebSite\",\"@id\":\"https:\\\/\\\/letrame.com\\\/catalogo\\\/#website\",\"url\":\"https:\\\/\\\/letrame.com\\\/catalogo\\\/\",\"name\":\"Catalogo | Letrame Grupo Editorial\",\"description\":\"\",\"publisher\":{\"@id\":\"https:\\\/\\\/letrame.com\\\/catalogo\\\/#organization\"},\"potentialAction\":[{\"@type\":\"SearchAction\",\"target\":{\"@type\":\"EntryPoint\",\"urlTemplate\":\"https:\\\/\\\/letrame.com\\\/catalogo\\\/?s={search_term_string}\"},\"query-input\":{\"@type\":\"PropertyValueSpecification\",\"valueRequired\":true,\"valueName\":\"search_term_string\"}}],\"inLanguage\":\"es\"},{\"@type\":\"Organization\",\"@id\":\"https:\\\/\\\/letrame.com\\\/catalogo\\\/#organization\",\"name\":\"Catalogo | Letrame Grupo Editorial\",\"url\":\"https:\\\/\\\/letrame.com\\\/catalogo\\\/\",\"logo\":{\"@type\":\"ImageObject\",\"inLanguage\":\"es\",\"@id\":\"https:\\\/\\\/letrame.com\\\/catalogo\\\/#\\\/schema\\\/logo\\\/image\\\/\",\"url\":\"https:\\\/\\\/letrame.com\\\/catalogo\\\/wp-content\\\/uploads\\\/2024\\\/03\\\/logo2.webp\",\"contentUrl\":\"https:\\\/\\\/letrame.com\\\/catalogo\\\/wp-content\\\/uploads\\\/2024\\\/03\\\/logo2.webp\",\"width\":394,\"height\":128,\"caption\":\"Catalogo | Letrame Grupo Editorial\"},\"image\":{\"@id\":\"https:\\\/\\\/letrame.com\\\/catalogo\\\/#\\\/schema\\\/logo\\\/image\\\/\"}}]}<\/script>\n<!-- \/ Yoast SEO plugin. -->","yoast_head_json":{"title":"Secretos que no se pueden contar - Catalogo | Letrame Grupo Editorial","robots":{"index":"index","follow":"follow","max-snippet":"max-snippet:-1","max-image-preview":"max-image-preview:large","max-video-preview":"max-video-preview:-1"},"canonical":"https:\/\/letrame.com\/catalogo\/producto\/secretos-que-no-se-pueden-contar\/","og_locale":"es_ES","og_type":"article","og_title":"Secretos que no se pueden contar - Catalogo | Letrame Grupo Editorial","og_description":"ISBN:\u00a0978-84-1068-874-2 SINOPSIS ODIPAR es la historia de Marc, el hijo de un pescador que sue\u00f1a con conocer al pez vela, un pez volador del que le habla su padre. Cuando lo ve, vivir\u00e1 con \u00e9l aventuras incre\u00edbles y se convertir\u00e1 en su mejor amigo.  \u00abEs una obra que cautiva al lector desde el principio y deja una impresi\u00f3n duradera gracias a su habilidad para combinar la belleza del lenguaje con la profundidad del contenido\u00bb, equipo de Letrame.  La historia de EL \u00daLTIMO BARCO PIRATA tiene lugar en Mallorca, una isla poblada de cuevas costeras donde los piratas escond\u00edan sus tesoros en los siglos XVI y XVII. Luis y sus amigos visitan la cueva de Canyamel y, por casualidad, descubren algo insospechado, un gale\u00f3n antiguo y un ni\u00f1o pirata que vive en \u00e9l. Regresar\u00e1n varias veces, lo que les ocurre despu\u00e9s, como dice el t\u00edtulo de la obra, son secretos que no se pueden contar. Para averiguarlo, hay que leerlo hasta el final.  \u00abEl \u00faltimo barco pirata es un cuento que combina h\u00e1bilmente elementos de aventura, misterio y fantas\u00eda para crear una experiencia de lectura emocionante y memorable para ni\u00f1os y adultos por igual\u00bb, equipo de Letrame.","og_url":"https:\/\/letrame.com\/catalogo\/producto\/secretos-que-no-se-pueden-contar\/","og_site_name":"Catalogo | Letrame Grupo Editorial","article_modified_time":"2024-10-08T06:21:10+00:00","og_image":[{"width":550,"height":806,"url":"https:\/\/letrame.com\/catalogo\/wp-content\/uploads\/2024\/10\/zsecretosqueno_865mmv24.jpg","type":"image\/jpeg"}],"twitter_card":"summary_large_image","twitter_misc":{"Tiempo de lectura":"2 minutos"},"schema":{"@context":"https:\/\/schema.org","@graph":[{"@type":"WebPage","@id":"https:\/\/letrame.com\/catalogo\/producto\/secretos-que-no-se-pueden-contar\/","url":"https:\/\/letrame.com\/catalogo\/producto\/secretos-que-no-se-pueden-contar\/","name":"Secretos que no se pueden contar - Catalogo | Letrame Grupo Editorial","isPartOf":{"@id":"https:\/\/letrame.com\/catalogo\/#website"},"primaryImageOfPage":{"@id":"https:\/\/letrame.com\/catalogo\/producto\/secretos-que-no-se-pueden-contar\/#primaryimage"},"image":{"@id":"https:\/\/letrame.com\/catalogo\/producto\/secretos-que-no-se-pueden-contar\/#primaryimage"},"thumbnailUrl":"https:\/\/letrame.com\/catalogo\/wp-content\/uploads\/2024\/10\/zsecretosqueno_865mmv24.jpg","datePublished":"2024-10-08T06:21:09+00:00","dateModified":"2024-10-08T06:21:10+00:00","breadcrumb":{"@id":"https:\/\/letrame.com\/catalogo\/producto\/secretos-que-no-se-pueden-contar\/#breadcrumb"},"inLanguage":"es","potentialAction":[{"@type":"ReadAction","target":["https:\/\/letrame.com\/catalogo\/producto\/secretos-que-no-se-pueden-contar\/"]}]},{"@type":"ImageObject","inLanguage":"es","@id":"https:\/\/letrame.com\/catalogo\/producto\/secretos-que-no-se-pueden-contar\/#primaryimage","url":"https:\/\/letrame.com\/catalogo\/wp-content\/uploads\/2024\/10\/zsecretosqueno_865mmv24.jpg","contentUrl":"https:\/\/letrame.com\/catalogo\/wp-content\/uploads\/2024\/10\/zsecretosqueno_865mmv24.jpg","width":550,"height":806},{"@type":"BreadcrumbList","@id":"https:\/\/letrame.com\/catalogo\/producto\/secretos-que-no-se-pueden-contar\/#breadcrumb","itemListElement":[{"@type":"ListItem","position":1,"name":"Portada","item":"https:\/\/letrame.com\/catalogo\/"},{"@type":"ListItem","position":2,"name":"Cat\u00e1logo","item":"https:\/\/letrame.com\/catalogo\/"},{"@type":"ListItem","position":3,"name":"Secretos que no se pueden contar"}]},{"@type":"WebSite","@id":"https:\/\/letrame.com\/catalogo\/#website","url":"https:\/\/letrame.com\/catalogo\/","name":"Catalogo | Letrame Grupo Editorial","description":"","publisher":{"@id":"https:\/\/letrame.com\/catalogo\/#organization"},"potentialAction":[{"@type":"SearchAction","target":{"@type":"EntryPoint","urlTemplate":"https:\/\/letrame.com\/catalogo\/?s={search_term_string}"},"query-input":{"@type":"PropertyValueSpecification","valueRequired":true,"valueName":"search_term_string"}}],"inLanguage":"es"},{"@type":"Organization","@id":"https:\/\/letrame.com\/catalogo\/#organization","name":"Catalogo | Letrame Grupo Editorial","url":"https:\/\/letrame.com\/catalogo\/","logo":{"@type":"ImageObject","inLanguage":"es","@id":"https:\/\/letrame.com\/catalogo\/#\/schema\/logo\/image\/","url":"https:\/\/letrame.com\/catalogo\/wp-content\/uploads\/2024\/03\/logo2.webp","contentUrl":"https:\/\/letrame.com\/catalogo\/wp-content\/uploads\/2024\/03\/logo2.webp","width":394,"height":128,"caption":"Catalogo | Letrame Grupo Editorial"},"image":{"@id":"https:\/\/letrame.com\/catalogo\/#\/schema\/logo\/image\/"}}]}},"_links":{"self":[{"href":"https:\/\/letrame.com\/catalogo\/wp-json\/wp\/v2\/product\/106852","targetHints":{"allow":["GET"]}}],"collection":[{"href":"https:\/\/letrame.com\/catalogo\/wp-json\/wp\/v2\/product"}],"about":[{"href":"https:\/\/letrame.com\/catalogo\/wp-json\/wp\/v2\/types\/product"}],"replies":[{"embeddable":true,"href":"https:\/\/letrame.com\/catalogo\/wp-json\/wp\/v2\/comments?post=106852"}],"acf:post":[{"embeddable":true,"href":"https:\/\/letrame.com\/catalogo\/wp-json\/wp\/v2\/author_book\/76937"}],"wp:featuredmedia":[{"embeddable":true,"href":"https:\/\/letrame.com\/catalogo\/wp-json\/wp\/v2\/media\/106854"}],"wp:attachment":[{"href":"https:\/\/letrame.com\/catalogo\/wp-json\/wp\/v2\/media?parent=106852"}],"wp:term":[{"taxonomy":"libro","embeddable":true,"href":"https:\/\/letrame.com\/catalogo\/wp-json\/wp\/v2\/libro?post=106852"},{"taxonomy":"product_brand","embeddable":true,"href":"https:\/\/letrame.com\/catalogo\/wp-json\/wp\/v2\/product_brand?post=106852"},{"taxonomy":"product_cat","embeddable":true,"href":"https:\/\/letrame.com\/catalogo\/wp-json\/wp\/v2\/product_cat?post=106852"},{"taxonomy":"product_tag","embeddable":true,"href":"https:\/\/letrame.com\/catalogo\/wp-json\/wp\/v2\/product_tag?post=106852"}],"curies":[{"name":"wp","href":"https:\/\/api.w.org\/{rel}","templated":true}]}}