{"id":106843,"date":"2024-10-07T10:17:57","date_gmt":"2024-10-07T08:17:57","guid":{"rendered":"https:\/\/letrame.com\/catalogo\/?post_type=product&#038;p=106843"},"modified":"2024-10-07T10:17:58","modified_gmt":"2024-10-07T08:17:58","slug":"la-ruta-de-la-seda-y-sus-caravanserais","status":"publish","type":"product","link":"https:\/\/letrame.com\/catalogo\/producto\/la-ruta-de-la-seda-y-sus-caravanserais\/","title":{"rendered":"La ruta de la seda y sus caravanserais"},"content":{"rendered":"<p class=\"p1\"><b>ISBN:\u00a0<\/b> 978-84-1068-907-7<\/p>\n<p class=\"p1\"><b>T\u00edtulo:<\/b> La ruta de la seda y sus caravanserais<\/p>\n<p class=\"p1\"><b>A\u00f1o:<\/b> 2024<\/p>\n<p class=\"p1\"><b>P\u00e1ginas:\u00a0<\/b>228<\/p>\n<p class=\"p1\"><b>SINOPSIS<\/b><\/p>\n<p>En La Ruta de la Seda y sus caravanserais, fruto de sus viajes, Vicente Roig visita once pa\u00edses asi\u00e1ticos que se encuentran a lo largo de lo que fue la famosa Ruta de la Seda. Partiendo de China para terminar en Turqu\u00eda, este original v\u00eddeo-libro fotogr\u00e1fico muestra la magia y el esplendor de los remotos escenarios que recorrieron los comerciantes de anta\u00f1o, deteni\u00e9ndose especialmente en la belleza de los caravanserais, estructuras localizadas en puntos estrat\u00e9gicos de la Ruta de la Seda para dar cobijo a los viajeros. Una experiencia visual perfecta para los apasionados de los viajes y la historia.<br \/>\nA trav\u00e9s del objetivo de Vicente Roig, descubrimos los impactantes paisajes de Asia Central y la rica herencia cultural de los pueblos que habitan estos territorios. Viajando por los bulliciosos mercados de Samarcanda hasta los serenos desiertos de Ir\u00e1n, cada imagen y v\u00eddeo nos invita a explorar y a reflexionar sobre la diversidad y la continuidad de la historia humana.<br \/>\nAdem\u00e1s de las fotograf\u00edas, el libro incluye textos descriptivos y c\u00f3digos QR que enlazan a v\u00eddeos con m\u00e1s contenido visual y musical, proporcionando una experiencia inmersiva que va m\u00e1s all\u00e1 de las p\u00e1ginas. Este formato innovador nos permite interactuar con la obra de manera din\u00e1mica, haciendo que cada cap\u00edtulo sea una puerta abierta a nuevas aventuras y conocimientos.<\/p>\n","protected":false},"excerpt":{"rendered":"<p class=\"p1\"><b>ISBN:\u00a0<\/b> 978-84-1068-907-7<\/p>\n<p class=\"p1\"><b>SINOPSIS<\/b><\/p>\n<p>En La Ruta de la Seda y sus caravanserais, fruto de sus viajes, Vicente Roig visita once pa\u00edses asi\u00e1ticos que se encuentran a lo largo de lo que fue la famosa Ruta de la Seda. Partiendo de China para terminar en Turqu\u00eda, este original v\u00eddeo-libro fotogr\u00e1fico muestra la magia y el esplendor de los remotos escenarios que recorrieron los comerciantes de anta\u00f1o, deteni\u00e9ndose especialmente en la belleza de los caravanserais, estructuras localizadas en puntos estrat\u00e9gicos de la Ruta de la Seda para dar cobijo a los viajeros. Una experiencia visual perfecta para los apasionados de los viajes y la historia.<br \/>\nA trav\u00e9s del objetivo de Vicente Roig, descubrimos los impactantes paisajes de Asia Central y la rica herencia cultural de los pueblos que habitan estos territorios. Viajando por los bulliciosos mercados de Samarcanda hasta los serenos desiertos de Ir\u00e1n, cada imagen y v\u00eddeo nos invita a explorar y a reflexionar sobre la diversidad y la continuidad de la historia humana.<br \/>\nAdem\u00e1s de las fotograf\u00edas, el libro incluye textos descriptivos y c\u00f3digos QR que enlazan a v\u00eddeos con m\u00e1s contenido visual y musical, proporcionando una experiencia inmersiva que va m\u00e1s all\u00e1 de las p\u00e1ginas. Este formato innovador nos permite interactuar con la obra de manera din\u00e1mica, haciendo que cada cap\u00edtulo sea una puerta abierta a nuevas aventuras y conocimientos.<\/p>\n","protected":false},"featured_media":106846,"comment_status":"open","ping_status":"closed","template":"","meta":{"_acf_changed":false},"libro":[],"product_brand":[],"product_cat":[24],"product_tag":[],"class_list":{"0":"post-106843","1":"product","2":"type-product","3":"status-publish","4":"has-post-thumbnail","6":"product_cat-viajes","8":"first","9":"instock","10":"shipping-taxable","11":"product-type-simple"},"acf":{"autor":[106842],"enlace_de_compra":"https:\/\/amzn.to\/47X35sg"},"yoast_head":"<!-- This site is optimized with the Yoast SEO plugin v26.6 - https:\/\/yoast.com\/wordpress\/plugins\/seo\/ -->\n<title>La ruta de la seda y sus caravanserais - Catalogo | Letrame Grupo Editorial<\/title>\n<meta name=\"robots\" content=\"index, follow, max-snippet:-1, max-image-preview:large, max-video-preview:-1\" \/>\n<link rel=\"canonical\" href=\"https:\/\/letrame.com\/catalogo\/producto\/la-ruta-de-la-seda-y-sus-caravanserais\/\" \/>\n<meta property=\"og:locale\" content=\"es_ES\" \/>\n<meta property=\"og:type\" content=\"article\" \/>\n<meta property=\"og:title\" content=\"La ruta de la seda y sus caravanserais - Catalogo | Letrame Grupo Editorial\" \/>\n<meta property=\"og:description\" content=\"ISBN:\u00a0 978-84-1068-907-7 SINOPSIS En La Ruta de la Seda y sus caravanserais, fruto de sus viajes, Vicente Roig visita once pa\u00edses asi\u00e1ticos que se encuentran a lo largo de lo que fue la famosa Ruta de la Seda. Partiendo de China para terminar en Turqu\u00eda, este original v\u00eddeo-libro fotogr\u00e1fico muestra la magia y el esplendor de los remotos escenarios que recorrieron los comerciantes de anta\u00f1o, deteni\u00e9ndose especialmente en la belleza de los caravanserais, estructuras localizadas en puntos estrat\u00e9gicos de la Ruta de la Seda para dar cobijo a los viajeros. Una experiencia visual perfecta para los apasionados de los viajes y la historia. A trav\u00e9s del objetivo de Vicente Roig, descubrimos los impactantes paisajes de Asia Central y la rica herencia cultural de los pueblos que habitan estos territorios. Viajando por los bulliciosos mercados de Samarcanda hasta los serenos desiertos de Ir\u00e1n, cada imagen y v\u00eddeo nos invita a explorar y a reflexionar sobre la diversidad y la continuidad de la historia humana. Adem\u00e1s de las fotograf\u00edas, el libro incluye textos descriptivos y c\u00f3digos QR que enlazan a v\u00eddeos con m\u00e1s contenido visual y musical, proporcionando una experiencia inmersiva que va m\u00e1s all\u00e1 de las p\u00e1ginas. Este formato innovador nos permite interactuar con la obra de manera din\u00e1mica, haciendo que cada cap\u00edtulo sea una puerta abierta a nuevas aventuras y conocimientos.\" \/>\n<meta property=\"og:url\" content=\"https:\/\/letrame.com\/catalogo\/producto\/la-ruta-de-la-seda-y-sus-caravanserais\/\" \/>\n<meta property=\"og:site_name\" content=\"Catalogo | Letrame Grupo Editorial\" \/>\n<meta property=\"article:modified_time\" content=\"2024-10-07T08:17:58+00:00\" \/>\n<meta property=\"og:image\" content=\"https:\/\/letrame.com\/catalogo\/wp-content\/uploads\/2024\/10\/zlarutadelaseda_1513mmv43.jpg\" \/>\n\t<meta property=\"og:image:width\" content=\"600\" \/>\n\t<meta property=\"og:image:height\" content=\"424\" \/>\n\t<meta property=\"og:image:type\" content=\"image\/jpeg\" \/>\n<meta name=\"twitter:card\" content=\"summary_large_image\" \/>\n<meta name=\"twitter:label1\" content=\"Tiempo de lectura\" \/>\n\t<meta name=\"twitter:data1\" content=\"2 minutos\" \/>\n<script type=\"application\/ld+json\" class=\"yoast-schema-graph\">{\"@context\":\"https:\/\/schema.org\",\"@graph\":[{\"@type\":\"WebPage\",\"@id\":\"https:\/\/letrame.com\/catalogo\/producto\/la-ruta-de-la-seda-y-sus-caravanserais\/\",\"url\":\"https:\/\/letrame.com\/catalogo\/producto\/la-ruta-de-la-seda-y-sus-caravanserais\/\",\"name\":\"La ruta de la seda y sus caravanserais - Catalogo | Letrame Grupo Editorial\",\"isPartOf\":{\"@id\":\"https:\/\/letrame.com\/catalogo\/#website\"},\"primaryImageOfPage\":{\"@id\":\"https:\/\/letrame.com\/catalogo\/producto\/la-ruta-de-la-seda-y-sus-caravanserais\/#primaryimage\"},\"image\":{\"@id\":\"https:\/\/letrame.com\/catalogo\/producto\/la-ruta-de-la-seda-y-sus-caravanserais\/#primaryimage\"},\"thumbnailUrl\":\"https:\/\/letrame.com\/catalogo\/wp-content\/uploads\/2024\/10\/zlarutadelaseda_1513mmv43.jpg\",\"datePublished\":\"2024-10-07T08:17:57+00:00\",\"dateModified\":\"2024-10-07T08:17:58+00:00\",\"breadcrumb\":{\"@id\":\"https:\/\/letrame.com\/catalogo\/producto\/la-ruta-de-la-seda-y-sus-caravanserais\/#breadcrumb\"},\"inLanguage\":\"es\",\"potentialAction\":[{\"@type\":\"ReadAction\",\"target\":[\"https:\/\/letrame.com\/catalogo\/producto\/la-ruta-de-la-seda-y-sus-caravanserais\/\"]}]},{\"@type\":\"ImageObject\",\"inLanguage\":\"es\",\"@id\":\"https:\/\/letrame.com\/catalogo\/producto\/la-ruta-de-la-seda-y-sus-caravanserais\/#primaryimage\",\"url\":\"https:\/\/letrame.com\/catalogo\/wp-content\/uploads\/2024\/10\/zlarutadelaseda_1513mmv43.jpg\",\"contentUrl\":\"https:\/\/letrame.com\/catalogo\/wp-content\/uploads\/2024\/10\/zlarutadelaseda_1513mmv43.jpg\",\"width\":600,\"height\":424},{\"@type\":\"BreadcrumbList\",\"@id\":\"https:\/\/letrame.com\/catalogo\/producto\/la-ruta-de-la-seda-y-sus-caravanserais\/#breadcrumb\",\"itemListElement\":[{\"@type\":\"ListItem\",\"position\":1,\"name\":\"Portada\",\"item\":\"https:\/\/letrame.com\/catalogo\/\"},{\"@type\":\"ListItem\",\"position\":2,\"name\":\"Cat\u00e1logo\",\"item\":\"https:\/\/letrame.com\/catalogo\/\"},{\"@type\":\"ListItem\",\"position\":3,\"name\":\"La ruta de la seda y sus caravanserais\"}]},{\"@type\":\"WebSite\",\"@id\":\"https:\/\/letrame.com\/catalogo\/#website\",\"url\":\"https:\/\/letrame.com\/catalogo\/\",\"name\":\"Catalogo | Letrame Grupo Editorial\",\"description\":\"\",\"publisher\":{\"@id\":\"https:\/\/letrame.com\/catalogo\/#organization\"},\"potentialAction\":[{\"@type\":\"SearchAction\",\"target\":{\"@type\":\"EntryPoint\",\"urlTemplate\":\"https:\/\/letrame.com\/catalogo\/?s={search_term_string}\"},\"query-input\":{\"@type\":\"PropertyValueSpecification\",\"valueRequired\":true,\"valueName\":\"search_term_string\"}}],\"inLanguage\":\"es\"},{\"@type\":\"Organization\",\"@id\":\"https:\/\/letrame.com\/catalogo\/#organization\",\"name\":\"Catalogo | Letrame Grupo Editorial\",\"url\":\"https:\/\/letrame.com\/catalogo\/\",\"logo\":{\"@type\":\"ImageObject\",\"inLanguage\":\"es\",\"@id\":\"https:\/\/letrame.com\/catalogo\/#\/schema\/logo\/image\/\",\"url\":\"https:\/\/letrame.com\/catalogo\/wp-content\/uploads\/2024\/03\/logo2.webp\",\"contentUrl\":\"https:\/\/letrame.com\/catalogo\/wp-content\/uploads\/2024\/03\/logo2.webp\",\"width\":394,\"height\":128,\"caption\":\"Catalogo | Letrame Grupo Editorial\"},\"image\":{\"@id\":\"https:\/\/letrame.com\/catalogo\/#\/schema\/logo\/image\/\"}}]}<\/script>\n<!-- \/ Yoast SEO plugin. -->","yoast_head_json":{"title":"La ruta de la seda y sus caravanserais - Catalogo | Letrame Grupo Editorial","robots":{"index":"index","follow":"follow","max-snippet":"max-snippet:-1","max-image-preview":"max-image-preview:large","max-video-preview":"max-video-preview:-1"},"canonical":"https:\/\/letrame.com\/catalogo\/producto\/la-ruta-de-la-seda-y-sus-caravanserais\/","og_locale":"es_ES","og_type":"article","og_title":"La ruta de la seda y sus caravanserais - Catalogo | Letrame Grupo Editorial","og_description":"ISBN:\u00a0 978-84-1068-907-7 SINOPSIS En La Ruta de la Seda y sus caravanserais, fruto de sus viajes, Vicente Roig visita once pa\u00edses asi\u00e1ticos que se encuentran a lo largo de lo que fue la famosa Ruta de la Seda. Partiendo de China para terminar en Turqu\u00eda, este original v\u00eddeo-libro fotogr\u00e1fico muestra la magia y el esplendor de los remotos escenarios que recorrieron los comerciantes de anta\u00f1o, deteni\u00e9ndose especialmente en la belleza de los caravanserais, estructuras localizadas en puntos estrat\u00e9gicos de la Ruta de la Seda para dar cobijo a los viajeros. Una experiencia visual perfecta para los apasionados de los viajes y la historia. A trav\u00e9s del objetivo de Vicente Roig, descubrimos los impactantes paisajes de Asia Central y la rica herencia cultural de los pueblos que habitan estos territorios. Viajando por los bulliciosos mercados de Samarcanda hasta los serenos desiertos de Ir\u00e1n, cada imagen y v\u00eddeo nos invita a explorar y a reflexionar sobre la diversidad y la continuidad de la historia humana. Adem\u00e1s de las fotograf\u00edas, el libro incluye textos descriptivos y c\u00f3digos QR que enlazan a v\u00eddeos con m\u00e1s contenido visual y musical, proporcionando una experiencia inmersiva que va m\u00e1s all\u00e1 de las p\u00e1ginas. Este formato innovador nos permite interactuar con la obra de manera din\u00e1mica, haciendo que cada cap\u00edtulo sea una puerta abierta a nuevas aventuras y conocimientos.","og_url":"https:\/\/letrame.com\/catalogo\/producto\/la-ruta-de-la-seda-y-sus-caravanserais\/","og_site_name":"Catalogo | Letrame Grupo Editorial","article_modified_time":"2024-10-07T08:17:58+00:00","og_image":[{"width":600,"height":424,"url":"https:\/\/letrame.com\/catalogo\/wp-content\/uploads\/2024\/10\/zlarutadelaseda_1513mmv43.jpg","type":"image\/jpeg"}],"twitter_card":"summary_large_image","twitter_misc":{"Tiempo de lectura":"2 minutos"},"schema":{"@context":"https:\/\/schema.org","@graph":[{"@type":"WebPage","@id":"https:\/\/letrame.com\/catalogo\/producto\/la-ruta-de-la-seda-y-sus-caravanserais\/","url":"https:\/\/letrame.com\/catalogo\/producto\/la-ruta-de-la-seda-y-sus-caravanserais\/","name":"La ruta de la seda y sus caravanserais - Catalogo | Letrame Grupo Editorial","isPartOf":{"@id":"https:\/\/letrame.com\/catalogo\/#website"},"primaryImageOfPage":{"@id":"https:\/\/letrame.com\/catalogo\/producto\/la-ruta-de-la-seda-y-sus-caravanserais\/#primaryimage"},"image":{"@id":"https:\/\/letrame.com\/catalogo\/producto\/la-ruta-de-la-seda-y-sus-caravanserais\/#primaryimage"},"thumbnailUrl":"https:\/\/letrame.com\/catalogo\/wp-content\/uploads\/2024\/10\/zlarutadelaseda_1513mmv43.jpg","datePublished":"2024-10-07T08:17:57+00:00","dateModified":"2024-10-07T08:17:58+00:00","breadcrumb":{"@id":"https:\/\/letrame.com\/catalogo\/producto\/la-ruta-de-la-seda-y-sus-caravanserais\/#breadcrumb"},"inLanguage":"es","potentialAction":[{"@type":"ReadAction","target":["https:\/\/letrame.com\/catalogo\/producto\/la-ruta-de-la-seda-y-sus-caravanserais\/"]}]},{"@type":"ImageObject","inLanguage":"es","@id":"https:\/\/letrame.com\/catalogo\/producto\/la-ruta-de-la-seda-y-sus-caravanserais\/#primaryimage","url":"https:\/\/letrame.com\/catalogo\/wp-content\/uploads\/2024\/10\/zlarutadelaseda_1513mmv43.jpg","contentUrl":"https:\/\/letrame.com\/catalogo\/wp-content\/uploads\/2024\/10\/zlarutadelaseda_1513mmv43.jpg","width":600,"height":424},{"@type":"BreadcrumbList","@id":"https:\/\/letrame.com\/catalogo\/producto\/la-ruta-de-la-seda-y-sus-caravanserais\/#breadcrumb","itemListElement":[{"@type":"ListItem","position":1,"name":"Portada","item":"https:\/\/letrame.com\/catalogo\/"},{"@type":"ListItem","position":2,"name":"Cat\u00e1logo","item":"https:\/\/letrame.com\/catalogo\/"},{"@type":"ListItem","position":3,"name":"La ruta de la seda y sus caravanserais"}]},{"@type":"WebSite","@id":"https:\/\/letrame.com\/catalogo\/#website","url":"https:\/\/letrame.com\/catalogo\/","name":"Catalogo | Letrame Grupo Editorial","description":"","publisher":{"@id":"https:\/\/letrame.com\/catalogo\/#organization"},"potentialAction":[{"@type":"SearchAction","target":{"@type":"EntryPoint","urlTemplate":"https:\/\/letrame.com\/catalogo\/?s={search_term_string}"},"query-input":{"@type":"PropertyValueSpecification","valueRequired":true,"valueName":"search_term_string"}}],"inLanguage":"es"},{"@type":"Organization","@id":"https:\/\/letrame.com\/catalogo\/#organization","name":"Catalogo | Letrame Grupo Editorial","url":"https:\/\/letrame.com\/catalogo\/","logo":{"@type":"ImageObject","inLanguage":"es","@id":"https:\/\/letrame.com\/catalogo\/#\/schema\/logo\/image\/","url":"https:\/\/letrame.com\/catalogo\/wp-content\/uploads\/2024\/03\/logo2.webp","contentUrl":"https:\/\/letrame.com\/catalogo\/wp-content\/uploads\/2024\/03\/logo2.webp","width":394,"height":128,"caption":"Catalogo | Letrame Grupo Editorial"},"image":{"@id":"https:\/\/letrame.com\/catalogo\/#\/schema\/logo\/image\/"}}]}},"_links":{"self":[{"href":"https:\/\/letrame.com\/catalogo\/wp-json\/wp\/v2\/product\/106843","targetHints":{"allow":["GET"]}}],"collection":[{"href":"https:\/\/letrame.com\/catalogo\/wp-json\/wp\/v2\/product"}],"about":[{"href":"https:\/\/letrame.com\/catalogo\/wp-json\/wp\/v2\/types\/product"}],"replies":[{"embeddable":true,"href":"https:\/\/letrame.com\/catalogo\/wp-json\/wp\/v2\/comments?post=106843"}],"acf:post":[{"embeddable":true,"href":"https:\/\/letrame.com\/catalogo\/wp-json\/wp\/v2\/author_book\/106842"}],"wp:featuredmedia":[{"embeddable":true,"href":"https:\/\/letrame.com\/catalogo\/wp-json\/wp\/v2\/media\/106846"}],"wp:attachment":[{"href":"https:\/\/letrame.com\/catalogo\/wp-json\/wp\/v2\/media?parent=106843"}],"wp:term":[{"taxonomy":"libro","embeddable":true,"href":"https:\/\/letrame.com\/catalogo\/wp-json\/wp\/v2\/libro?post=106843"},{"taxonomy":"product_brand","embeddable":true,"href":"https:\/\/letrame.com\/catalogo\/wp-json\/wp\/v2\/product_brand?post=106843"},{"taxonomy":"product_cat","embeddable":true,"href":"https:\/\/letrame.com\/catalogo\/wp-json\/wp\/v2\/product_cat?post=106843"},{"taxonomy":"product_tag","embeddable":true,"href":"https:\/\/letrame.com\/catalogo\/wp-json\/wp\/v2\/product_tag?post=106843"}],"curies":[{"name":"wp","href":"https:\/\/api.w.org\/{rel}","templated":true}]}}