{"id":106795,"date":"2024-09-30T14:26:34","date_gmt":"2024-09-30T12:26:34","guid":{"rendered":"https:\/\/letrame.com\/catalogo\/?post_type=product&#038;p=106795"},"modified":"2024-09-30T14:26:34","modified_gmt":"2024-09-30T12:26:34","slug":"aqui-mando-yo-un-espectacular-viaje-desde-la-resiliencia-hasta-la-ilusion","status":"publish","type":"product","link":"https:\/\/letrame.com\/catalogo\/producto\/aqui-mando-yo-un-espectacular-viaje-desde-la-resiliencia-hasta-la-ilusion\/","title":{"rendered":"\u00a1Aqui\u0301 Mando Yo! Un espectacular viaje desde la Resiliencia hasta la ilusio\u0301n"},"content":{"rendered":"<p class=\"p1\"><b>ISBN:\u00a0 <\/b>978-84-1068-808-7<\/p>\n<p class=\"p1\"><b>T\u00edtulo: <\/b>\u00a1Aqui\u0301 Mando Yo! Un espectacular viaje desde la Resiliencia hasta la ilusio\u0301n<\/p>\n<p class=\"p1\"><b>A\u00f1o:\u00a0<\/b>2024<\/p>\n<p class=\"p1\"><b>P\u00e1ginas:<\/b> 612<\/p>\n<p class=\"p1\"><b>SINOPSIS<\/b><\/p>\n<p>Este libro te presenta de manera pormenorizada la teor\u00eda en la que se basa el modelo GPR\u00a9 (Global Program for Human Resilience), un programa innovador y pr\u00e1ctico que a\u00fana a\u00f1os de investigaci\u00f3n rigurosa en neurociencia y resiliencia aplicadas a potenciar de forma creativa el capital humano.<\/p>\n<p>Implementar este potente proyecto de transformaci\u00f3n estrat\u00e9gica nos lleva a la excelencia desde el saber ser, gracias a la plasticidad cerebral y al entrenamiento del talento. Con el modelo GPR\u00a9 aprendemos c\u00f3mo hacer realidad lo que todos queremos: vidas m\u00e1s plenas y alineadas con nuestros valores, empleados m\u00e1s motivados y vinculados con la cultura de la empresa, directivos y equipos enfocados en alcanzar los objetivos cultivando mejores relaciones interpersonales. No son sue\u00f1os: son objetivos alcanzables que hemos visto realizados cuando se ha aprendido \u00abc\u00f3mo\u00bb hacerlo.<\/p>\n<p>En esto se sustenta este libro y el propio modelo GPR\u00a9: Cabeza, Coraz\u00f3n, Acci\u00f3n.<\/p>\n<p>\u00a1Entr\u00e9nalo con nosotros!<\/p>\n","protected":false},"excerpt":{"rendered":"<p class=\"p1\"><b>ISBN:\u00a0 <\/b>978-84-1068-808-7<\/p>\n<p class=\"p1\"><b>SINOPSIS<\/b><\/p>\n<p>Este libro te presenta de manera pormenorizada la teor\u00eda en la que se basa el modelo GPR\u00a9 (Global Program for Human Resilience), un programa innovador y pr\u00e1ctico que a\u00fana a\u00f1os de investigaci\u00f3n rigurosa en neurociencia y resiliencia aplicadas a potenciar de forma creativa el capital humano.<\/p>\n<p>Implementar este potente proyecto de transformaci\u00f3n estrat\u00e9gica nos lleva a la excelencia desde el saber ser, gracias a la plasticidad cerebral y al entrenamiento del talento. Con el modelo GPR\u00a9 aprendemos c\u00f3mo hacer realidad lo que todos queremos: vidas m\u00e1s plenas y alineadas con nuestros valores, empleados m\u00e1s motivados y vinculados con la cultura de la empresa, directivos y equipos enfocados en alcanzar los objetivos cultivando mejores relaciones interpersonales. No son sue\u00f1os: son objetivos alcanzables que hemos visto realizados cuando se ha aprendido \u00abc\u00f3mo\u00bb hacerlo.<\/p>\n<p>En esto se sustenta este libro y el propio modelo GPR\u00a9: Cabeza, Coraz\u00f3n, Acci\u00f3n.<\/p>\n<p>\u00a1Entr\u00e9nalo con nosotros!<\/p>\n","protected":false},"featured_media":106796,"comment_status":"open","ping_status":"closed","template":"","meta":{"_acf_changed":false},"libro":[],"product_brand":[],"product_cat":[36],"product_tag":[],"class_list":{"0":"post-106795","1":"product","2":"type-product","3":"status-publish","4":"has-post-thumbnail","6":"product_cat-investigacion","8":"first","9":"instock","10":"shipping-taxable","11":"product-type-simple"},"acf":{"autor":[74879],"enlace_de_compra":"https:\/\/amzn.to\/4eFUDQg"},"yoast_head":"<!-- This site is optimized with the Yoast SEO plugin v26.6 - https:\/\/yoast.com\/wordpress\/plugins\/seo\/ -->\n<title>\u00a1Aqui\u0301 Mando Yo! Un espectacular viaje desde la Resiliencia hasta la ilusio\u0301n - Catalogo | Letrame Grupo Editorial<\/title>\n<meta name=\"robots\" content=\"index, follow, max-snippet:-1, max-image-preview:large, max-video-preview:-1\" \/>\n<link rel=\"canonical\" href=\"https:\/\/letrame.com\/catalogo\/producto\/aqui-mando-yo-un-espectacular-viaje-desde-la-resiliencia-hasta-la-ilusion\/\" \/>\n<meta property=\"og:locale\" content=\"es_ES\" \/>\n<meta property=\"og:type\" content=\"article\" \/>\n<meta property=\"og:title\" content=\"\u00a1Aqui\u0301 Mando Yo! Un espectacular viaje desde la Resiliencia hasta la ilusio\u0301n - Catalogo | Letrame Grupo Editorial\" \/>\n<meta property=\"og:description\" content=\"ISBN:\u00a0 978-84-1068-808-7 SINOPSIS Este libro te presenta de manera pormenorizada la teor\u00eda en la que se basa el modelo GPR\u00a9 (Global Program for Human Resilience), un programa innovador y pr\u00e1ctico que a\u00fana a\u00f1os de investigaci\u00f3n rigurosa en neurociencia y resiliencia aplicadas a potenciar de forma creativa el capital humano.  Implementar este potente proyecto de transformaci\u00f3n estrat\u00e9gica nos lleva a la excelencia desde el saber ser, gracias a la plasticidad cerebral y al entrenamiento del talento. Con el modelo GPR\u00a9 aprendemos c\u00f3mo hacer realidad lo que todos queremos: vidas m\u00e1s plenas y alineadas con nuestros valores, empleados m\u00e1s motivados y vinculados con la cultura de la empresa, directivos y equipos enfocados en alcanzar los objetivos cultivando mejores relaciones interpersonales. No son sue\u00f1os: son objetivos alcanzables que hemos visto realizados cuando se ha aprendido \u00abc\u00f3mo\u00bb hacerlo.  En esto se sustenta este libro y el propio modelo GPR\u00a9: Cabeza, Coraz\u00f3n, Acci\u00f3n.  \u00a1Entr\u00e9nalo con nosotros!\" \/>\n<meta property=\"og:url\" content=\"https:\/\/letrame.com\/catalogo\/producto\/aqui-mando-yo-un-espectacular-viaje-desde-la-resiliencia-hasta-la-ilusion\/\" \/>\n<meta property=\"og:site_name\" content=\"Catalogo | Letrame Grupo Editorial\" \/>\n<meta property=\"og:image\" content=\"https:\/\/letrame.com\/catalogo\/wp-content\/uploads\/2024\/09\/zaquimandoyo_285mm.jpg\" \/>\n\t<meta property=\"og:image:width\" content=\"750\" \/>\n\t<meta property=\"og:image:height\" content=\"1100\" \/>\n\t<meta property=\"og:image:type\" content=\"image\/jpeg\" \/>\n<meta name=\"twitter:card\" content=\"summary_large_image\" \/>\n<meta name=\"twitter:label1\" content=\"Tiempo de lectura\" \/>\n\t<meta name=\"twitter:data1\" content=\"1 minuto\" \/>\n<script type=\"application\/ld+json\" class=\"yoast-schema-graph\">{\"@context\":\"https:\/\/schema.org\",\"@graph\":[{\"@type\":\"WebPage\",\"@id\":\"https:\/\/letrame.com\/catalogo\/producto\/aqui-mando-yo-un-espectacular-viaje-desde-la-resiliencia-hasta-la-ilusion\/\",\"url\":\"https:\/\/letrame.com\/catalogo\/producto\/aqui-mando-yo-un-espectacular-viaje-desde-la-resiliencia-hasta-la-ilusion\/\",\"name\":\"\u00a1Aqui\u0301 Mando Yo! Un espectacular viaje desde la Resiliencia hasta la ilusio\u0301n - Catalogo | Letrame Grupo Editorial\",\"isPartOf\":{\"@id\":\"https:\/\/letrame.com\/catalogo\/#website\"},\"primaryImageOfPage\":{\"@id\":\"https:\/\/letrame.com\/catalogo\/producto\/aqui-mando-yo-un-espectacular-viaje-desde-la-resiliencia-hasta-la-ilusion\/#primaryimage\"},\"image\":{\"@id\":\"https:\/\/letrame.com\/catalogo\/producto\/aqui-mando-yo-un-espectacular-viaje-desde-la-resiliencia-hasta-la-ilusion\/#primaryimage\"},\"thumbnailUrl\":\"https:\/\/letrame.com\/catalogo\/wp-content\/uploads\/2024\/09\/zaquimandoyo_285mm.jpg\",\"datePublished\":\"2024-09-30T12:26:34+00:00\",\"breadcrumb\":{\"@id\":\"https:\/\/letrame.com\/catalogo\/producto\/aqui-mando-yo-un-espectacular-viaje-desde-la-resiliencia-hasta-la-ilusion\/#breadcrumb\"},\"inLanguage\":\"es\",\"potentialAction\":[{\"@type\":\"ReadAction\",\"target\":[\"https:\/\/letrame.com\/catalogo\/producto\/aqui-mando-yo-un-espectacular-viaje-desde-la-resiliencia-hasta-la-ilusion\/\"]}]},{\"@type\":\"ImageObject\",\"inLanguage\":\"es\",\"@id\":\"https:\/\/letrame.com\/catalogo\/producto\/aqui-mando-yo-un-espectacular-viaje-desde-la-resiliencia-hasta-la-ilusion\/#primaryimage\",\"url\":\"https:\/\/letrame.com\/catalogo\/wp-content\/uploads\/2024\/09\/zaquimandoyo_285mm.jpg\",\"contentUrl\":\"https:\/\/letrame.com\/catalogo\/wp-content\/uploads\/2024\/09\/zaquimandoyo_285mm.jpg\",\"width\":750,\"height\":1100},{\"@type\":\"BreadcrumbList\",\"@id\":\"https:\/\/letrame.com\/catalogo\/producto\/aqui-mando-yo-un-espectacular-viaje-desde-la-resiliencia-hasta-la-ilusion\/#breadcrumb\",\"itemListElement\":[{\"@type\":\"ListItem\",\"position\":1,\"name\":\"Portada\",\"item\":\"https:\/\/letrame.com\/catalogo\/\"},{\"@type\":\"ListItem\",\"position\":2,\"name\":\"Cat\u00e1logo\",\"item\":\"https:\/\/letrame.com\/catalogo\/\"},{\"@type\":\"ListItem\",\"position\":3,\"name\":\"\u00a1Aqui\u0301 Mando Yo! Un espectacular viaje desde la Resiliencia hasta la ilusio\u0301n\"}]},{\"@type\":\"WebSite\",\"@id\":\"https:\/\/letrame.com\/catalogo\/#website\",\"url\":\"https:\/\/letrame.com\/catalogo\/\",\"name\":\"Catalogo | Letrame Grupo Editorial\",\"description\":\"\",\"publisher\":{\"@id\":\"https:\/\/letrame.com\/catalogo\/#organization\"},\"potentialAction\":[{\"@type\":\"SearchAction\",\"target\":{\"@type\":\"EntryPoint\",\"urlTemplate\":\"https:\/\/letrame.com\/catalogo\/?s={search_term_string}\"},\"query-input\":{\"@type\":\"PropertyValueSpecification\",\"valueRequired\":true,\"valueName\":\"search_term_string\"}}],\"inLanguage\":\"es\"},{\"@type\":\"Organization\",\"@id\":\"https:\/\/letrame.com\/catalogo\/#organization\",\"name\":\"Catalogo | Letrame Grupo Editorial\",\"url\":\"https:\/\/letrame.com\/catalogo\/\",\"logo\":{\"@type\":\"ImageObject\",\"inLanguage\":\"es\",\"@id\":\"https:\/\/letrame.com\/catalogo\/#\/schema\/logo\/image\/\",\"url\":\"https:\/\/letrame.com\/catalogo\/wp-content\/uploads\/2024\/03\/logo2.webp\",\"contentUrl\":\"https:\/\/letrame.com\/catalogo\/wp-content\/uploads\/2024\/03\/logo2.webp\",\"width\":394,\"height\":128,\"caption\":\"Catalogo | Letrame Grupo Editorial\"},\"image\":{\"@id\":\"https:\/\/letrame.com\/catalogo\/#\/schema\/logo\/image\/\"}}]}<\/script>\n<!-- \/ Yoast SEO plugin. -->","yoast_head_json":{"title":"\u00a1Aqui\u0301 Mando Yo! Un espectacular viaje desde la Resiliencia hasta la ilusio\u0301n - Catalogo | Letrame Grupo Editorial","robots":{"index":"index","follow":"follow","max-snippet":"max-snippet:-1","max-image-preview":"max-image-preview:large","max-video-preview":"max-video-preview:-1"},"canonical":"https:\/\/letrame.com\/catalogo\/producto\/aqui-mando-yo-un-espectacular-viaje-desde-la-resiliencia-hasta-la-ilusion\/","og_locale":"es_ES","og_type":"article","og_title":"\u00a1Aqui\u0301 Mando Yo! Un espectacular viaje desde la Resiliencia hasta la ilusio\u0301n - Catalogo | Letrame Grupo Editorial","og_description":"ISBN:\u00a0 978-84-1068-808-7 SINOPSIS Este libro te presenta de manera pormenorizada la teor\u00eda en la que se basa el modelo GPR\u00a9 (Global Program for Human Resilience), un programa innovador y pr\u00e1ctico que a\u00fana a\u00f1os de investigaci\u00f3n rigurosa en neurociencia y resiliencia aplicadas a potenciar de forma creativa el capital humano.  Implementar este potente proyecto de transformaci\u00f3n estrat\u00e9gica nos lleva a la excelencia desde el saber ser, gracias a la plasticidad cerebral y al entrenamiento del talento. Con el modelo GPR\u00a9 aprendemos c\u00f3mo hacer realidad lo que todos queremos: vidas m\u00e1s plenas y alineadas con nuestros valores, empleados m\u00e1s motivados y vinculados con la cultura de la empresa, directivos y equipos enfocados en alcanzar los objetivos cultivando mejores relaciones interpersonales. No son sue\u00f1os: son objetivos alcanzables que hemos visto realizados cuando se ha aprendido \u00abc\u00f3mo\u00bb hacerlo.  En esto se sustenta este libro y el propio modelo GPR\u00a9: Cabeza, Coraz\u00f3n, Acci\u00f3n.  \u00a1Entr\u00e9nalo con nosotros!","og_url":"https:\/\/letrame.com\/catalogo\/producto\/aqui-mando-yo-un-espectacular-viaje-desde-la-resiliencia-hasta-la-ilusion\/","og_site_name":"Catalogo | Letrame Grupo Editorial","og_image":[{"width":750,"height":1100,"url":"https:\/\/letrame.com\/catalogo\/wp-content\/uploads\/2024\/09\/zaquimandoyo_285mm.jpg","type":"image\/jpeg"}],"twitter_card":"summary_large_image","twitter_misc":{"Tiempo de lectura":"1 minuto"},"schema":{"@context":"https:\/\/schema.org","@graph":[{"@type":"WebPage","@id":"https:\/\/letrame.com\/catalogo\/producto\/aqui-mando-yo-un-espectacular-viaje-desde-la-resiliencia-hasta-la-ilusion\/","url":"https:\/\/letrame.com\/catalogo\/producto\/aqui-mando-yo-un-espectacular-viaje-desde-la-resiliencia-hasta-la-ilusion\/","name":"\u00a1Aqui\u0301 Mando Yo! Un espectacular viaje desde la Resiliencia hasta la ilusio\u0301n - Catalogo | Letrame Grupo Editorial","isPartOf":{"@id":"https:\/\/letrame.com\/catalogo\/#website"},"primaryImageOfPage":{"@id":"https:\/\/letrame.com\/catalogo\/producto\/aqui-mando-yo-un-espectacular-viaje-desde-la-resiliencia-hasta-la-ilusion\/#primaryimage"},"image":{"@id":"https:\/\/letrame.com\/catalogo\/producto\/aqui-mando-yo-un-espectacular-viaje-desde-la-resiliencia-hasta-la-ilusion\/#primaryimage"},"thumbnailUrl":"https:\/\/letrame.com\/catalogo\/wp-content\/uploads\/2024\/09\/zaquimandoyo_285mm.jpg","datePublished":"2024-09-30T12:26:34+00:00","breadcrumb":{"@id":"https:\/\/letrame.com\/catalogo\/producto\/aqui-mando-yo-un-espectacular-viaje-desde-la-resiliencia-hasta-la-ilusion\/#breadcrumb"},"inLanguage":"es","potentialAction":[{"@type":"ReadAction","target":["https:\/\/letrame.com\/catalogo\/producto\/aqui-mando-yo-un-espectacular-viaje-desde-la-resiliencia-hasta-la-ilusion\/"]}]},{"@type":"ImageObject","inLanguage":"es","@id":"https:\/\/letrame.com\/catalogo\/producto\/aqui-mando-yo-un-espectacular-viaje-desde-la-resiliencia-hasta-la-ilusion\/#primaryimage","url":"https:\/\/letrame.com\/catalogo\/wp-content\/uploads\/2024\/09\/zaquimandoyo_285mm.jpg","contentUrl":"https:\/\/letrame.com\/catalogo\/wp-content\/uploads\/2024\/09\/zaquimandoyo_285mm.jpg","width":750,"height":1100},{"@type":"BreadcrumbList","@id":"https:\/\/letrame.com\/catalogo\/producto\/aqui-mando-yo-un-espectacular-viaje-desde-la-resiliencia-hasta-la-ilusion\/#breadcrumb","itemListElement":[{"@type":"ListItem","position":1,"name":"Portada","item":"https:\/\/letrame.com\/catalogo\/"},{"@type":"ListItem","position":2,"name":"Cat\u00e1logo","item":"https:\/\/letrame.com\/catalogo\/"},{"@type":"ListItem","position":3,"name":"\u00a1Aqui\u0301 Mando Yo! Un espectacular viaje desde la Resiliencia hasta la ilusio\u0301n"}]},{"@type":"WebSite","@id":"https:\/\/letrame.com\/catalogo\/#website","url":"https:\/\/letrame.com\/catalogo\/","name":"Catalogo | Letrame Grupo Editorial","description":"","publisher":{"@id":"https:\/\/letrame.com\/catalogo\/#organization"},"potentialAction":[{"@type":"SearchAction","target":{"@type":"EntryPoint","urlTemplate":"https:\/\/letrame.com\/catalogo\/?s={search_term_string}"},"query-input":{"@type":"PropertyValueSpecification","valueRequired":true,"valueName":"search_term_string"}}],"inLanguage":"es"},{"@type":"Organization","@id":"https:\/\/letrame.com\/catalogo\/#organization","name":"Catalogo | Letrame Grupo Editorial","url":"https:\/\/letrame.com\/catalogo\/","logo":{"@type":"ImageObject","inLanguage":"es","@id":"https:\/\/letrame.com\/catalogo\/#\/schema\/logo\/image\/","url":"https:\/\/letrame.com\/catalogo\/wp-content\/uploads\/2024\/03\/logo2.webp","contentUrl":"https:\/\/letrame.com\/catalogo\/wp-content\/uploads\/2024\/03\/logo2.webp","width":394,"height":128,"caption":"Catalogo | Letrame Grupo Editorial"},"image":{"@id":"https:\/\/letrame.com\/catalogo\/#\/schema\/logo\/image\/"}}]}},"_links":{"self":[{"href":"https:\/\/letrame.com\/catalogo\/wp-json\/wp\/v2\/product\/106795","targetHints":{"allow":["GET"]}}],"collection":[{"href":"https:\/\/letrame.com\/catalogo\/wp-json\/wp\/v2\/product"}],"about":[{"href":"https:\/\/letrame.com\/catalogo\/wp-json\/wp\/v2\/types\/product"}],"replies":[{"embeddable":true,"href":"https:\/\/letrame.com\/catalogo\/wp-json\/wp\/v2\/comments?post=106795"}],"acf:post":[{"embeddable":true,"href":"https:\/\/letrame.com\/catalogo\/wp-json\/wp\/v2\/author_book\/74879"}],"wp:featuredmedia":[{"embeddable":true,"href":"https:\/\/letrame.com\/catalogo\/wp-json\/wp\/v2\/media\/106796"}],"wp:attachment":[{"href":"https:\/\/letrame.com\/catalogo\/wp-json\/wp\/v2\/media?parent=106795"}],"wp:term":[{"taxonomy":"libro","embeddable":true,"href":"https:\/\/letrame.com\/catalogo\/wp-json\/wp\/v2\/libro?post=106795"},{"taxonomy":"product_brand","embeddable":true,"href":"https:\/\/letrame.com\/catalogo\/wp-json\/wp\/v2\/product_brand?post=106795"},{"taxonomy":"product_cat","embeddable":true,"href":"https:\/\/letrame.com\/catalogo\/wp-json\/wp\/v2\/product_cat?post=106795"},{"taxonomy":"product_tag","embeddable":true,"href":"https:\/\/letrame.com\/catalogo\/wp-json\/wp\/v2\/product_tag?post=106795"}],"curies":[{"name":"wp","href":"https:\/\/api.w.org\/{rel}","templated":true}]}}