{"id":106783,"date":"2024-09-30T14:08:39","date_gmt":"2024-09-30T12:08:39","guid":{"rendered":"https:\/\/letrame.com\/catalogo\/?post_type=product&#038;p=106783"},"modified":"2024-09-30T14:12:45","modified_gmt":"2024-09-30T12:12:45","slug":"otro-ingenioso-manchego","status":"publish","type":"product","link":"https:\/\/letrame.com\/catalogo\/producto\/otro-ingenioso-manchego\/","title":{"rendered":"Otro ingenioso manchego"},"content":{"rendered":"<p class=\"p1\"><b>ISBN: <\/b>978-84-1068-858-2<\/p>\n<p class=\"p1\"><b>T\u00edtulo:\u00a0<\/b>Otro ingenioso manchego<\/p>\n<p class=\"p1\"><b>A\u00f1o:\u00a0<\/b>2024<\/p>\n<p class=\"p1\"><b>P\u00e1ginas:\u00a0<\/b>210<\/p>\n<p class=\"p1\"><b>SINOPSIS<\/b><\/p>\n<p>\u00bfC\u00f3mo puede un ni\u00f1o nacido en un peque\u00f1o pueblo de la Mancha en los duros a\u00f1os de la posguerra ampliar sus horizontes y usar su ingenio en busca de sus objetivos?<\/p>\n<p>Con un estilo llano y directo, no exento de humor, que en parte nos recuerda lo mejor de la picaresca espa\u00f1ola, Carlos Mu\u00f1oz Lozano nos relata sus peripecias y sus logros, en una vida en la que no faltaron desaf\u00edos, \u00e9xitos deportivos y comerciales, sin que nada de esto prevalezca sobre el amor por su familia, sus amigos y su querido C\u00f3zar natal.<\/p>\n","protected":false},"excerpt":{"rendered":"<p class=\"p1\"><b>ISBN: <\/b>978-84-1068-858-2<\/p>\n<p class=\"p1\"><b>SINOPSIS<\/b><\/p>\n<p>\u00bfC\u00f3mo puede un ni\u00f1o nacido en un peque\u00f1o pueblo de la Mancha en los duros a\u00f1os de la posguerra ampliar sus horizontes y usar su ingenio en busca de sus objetivos?<\/p>\n<p>Con un estilo llano y directo, no exento de humor, que en parte nos recuerda lo mejor de la picaresca espa\u00f1ola, Carlos Mu\u00f1oz Lozano nos relata sus peripecias y sus logros, en una vida en la que no faltaron desaf\u00edos, \u00e9xitos deportivos y comerciales, sin que nada de esto prevalezca sobre el amor por su familia, sus amigos y su querido C\u00f3zar natal.<\/p>\n","protected":false},"featured_media":106786,"comment_status":"open","ping_status":"closed","template":"","meta":{"_acf_changed":false},"libro":[],"product_brand":[],"product_cat":[110],"product_tag":[],"class_list":{"0":"post-106783","1":"product","2":"type-product","3":"status-publish","4":"has-post-thumbnail","6":"product_cat-hechos-reales","8":"first","9":"instock","10":"shipping-taxable","11":"product-type-simple"},"acf":{"autor":[106782],"enlace_de_compra":"https:\/\/amzn.to\/3zFw5YQ"},"yoast_head":"<!-- This site is optimized with the Yoast SEO plugin v27.4 - https:\/\/yoast.com\/product\/yoast-seo-wordpress\/ -->\n<title>Otro ingenioso manchego - Catalogo | Letrame Grupo Editorial<\/title>\n<meta name=\"robots\" content=\"index, follow, max-snippet:-1, max-image-preview:large, max-video-preview:-1\" \/>\n<link rel=\"canonical\" href=\"https:\/\/letrame.com\/catalogo\/producto\/otro-ingenioso-manchego\/\" \/>\n<meta property=\"og:locale\" content=\"es_ES\" \/>\n<meta property=\"og:type\" content=\"article\" \/>\n<meta property=\"og:title\" content=\"Otro ingenioso manchego - Catalogo | Letrame Grupo Editorial\" \/>\n<meta property=\"og:description\" content=\"ISBN: 978-84-1068-858-2 SINOPSIS \u00bfC\u00f3mo puede un ni\u00f1o nacido en un peque\u00f1o pueblo de la Mancha en los duros a\u00f1os de la posguerra ampliar sus horizontes y usar su ingenio en busca de sus objetivos?  Con un estilo llano y directo, no exento de humor, que en parte nos recuerda lo mejor de la picaresca espa\u00f1ola, Carlos Mu\u00f1oz Lozano nos relata sus peripecias y sus logros, en una vida en la que no faltaron desaf\u00edos, \u00e9xitos deportivos y comerciales, sin que nada de esto prevalezca sobre el amor por su familia, sus amigos y su querido C\u00f3zar natal.\" \/>\n<meta property=\"og:url\" content=\"https:\/\/letrame.com\/catalogo\/producto\/otro-ingenioso-manchego\/\" \/>\n<meta property=\"og:site_name\" content=\"Catalogo | Letrame Grupo Editorial\" \/>\n<meta property=\"article:modified_time\" content=\"2024-09-30T12:12:45+00:00\" \/>\n<meta property=\"og:image\" content=\"https:\/\/letrame.com\/catalogo\/wp-content\/uploads\/2024\/09\/zotroingenioso_1076mmv24.jpg\" \/>\n\t<meta property=\"og:image:width\" content=\"550\" \/>\n\t<meta property=\"og:image:height\" content=\"770\" \/>\n\t<meta property=\"og:image:type\" content=\"image\/jpeg\" \/>\n<meta name=\"twitter:card\" content=\"summary_large_image\" \/>\n<meta name=\"twitter:label1\" content=\"Tiempo de lectura\" \/>\n\t<meta name=\"twitter:data1\" content=\"1 minuto\" \/>\n<script type=\"application\/ld+json\" class=\"yoast-schema-graph\">{\"@context\":\"https:\\\/\\\/schema.org\",\"@graph\":[{\"@type\":\"WebPage\",\"@id\":\"https:\\\/\\\/letrame.com\\\/catalogo\\\/producto\\\/otro-ingenioso-manchego\\\/\",\"url\":\"https:\\\/\\\/letrame.com\\\/catalogo\\\/producto\\\/otro-ingenioso-manchego\\\/\",\"name\":\"Otro ingenioso manchego - Catalogo | Letrame Grupo Editorial\",\"isPartOf\":{\"@id\":\"https:\\\/\\\/letrame.com\\\/catalogo\\\/#website\"},\"primaryImageOfPage\":{\"@id\":\"https:\\\/\\\/letrame.com\\\/catalogo\\\/producto\\\/otro-ingenioso-manchego\\\/#primaryimage\"},\"image\":{\"@id\":\"https:\\\/\\\/letrame.com\\\/catalogo\\\/producto\\\/otro-ingenioso-manchego\\\/#primaryimage\"},\"thumbnailUrl\":\"https:\\\/\\\/letrame.com\\\/catalogo\\\/wp-content\\\/uploads\\\/2024\\\/09\\\/zotroingenioso_1076mmv24.jpg\",\"datePublished\":\"2024-09-30T12:08:39+00:00\",\"dateModified\":\"2024-09-30T12:12:45+00:00\",\"breadcrumb\":{\"@id\":\"https:\\\/\\\/letrame.com\\\/catalogo\\\/producto\\\/otro-ingenioso-manchego\\\/#breadcrumb\"},\"inLanguage\":\"es\",\"potentialAction\":[{\"@type\":\"ReadAction\",\"target\":[\"https:\\\/\\\/letrame.com\\\/catalogo\\\/producto\\\/otro-ingenioso-manchego\\\/\"]}]},{\"@type\":\"ImageObject\",\"inLanguage\":\"es\",\"@id\":\"https:\\\/\\\/letrame.com\\\/catalogo\\\/producto\\\/otro-ingenioso-manchego\\\/#primaryimage\",\"url\":\"https:\\\/\\\/letrame.com\\\/catalogo\\\/wp-content\\\/uploads\\\/2024\\\/09\\\/zotroingenioso_1076mmv24.jpg\",\"contentUrl\":\"https:\\\/\\\/letrame.com\\\/catalogo\\\/wp-content\\\/uploads\\\/2024\\\/09\\\/zotroingenioso_1076mmv24.jpg\",\"width\":550,\"height\":770},{\"@type\":\"BreadcrumbList\",\"@id\":\"https:\\\/\\\/letrame.com\\\/catalogo\\\/producto\\\/otro-ingenioso-manchego\\\/#breadcrumb\",\"itemListElement\":[{\"@type\":\"ListItem\",\"position\":1,\"name\":\"Portada\",\"item\":\"https:\\\/\\\/letrame.com\\\/catalogo\\\/\"},{\"@type\":\"ListItem\",\"position\":2,\"name\":\"Cat\u00e1logo\",\"item\":\"https:\\\/\\\/letrame.com\\\/catalogo\\\/\"},{\"@type\":\"ListItem\",\"position\":3,\"name\":\"Otro ingenioso manchego\"}]},{\"@type\":\"WebSite\",\"@id\":\"https:\\\/\\\/letrame.com\\\/catalogo\\\/#website\",\"url\":\"https:\\\/\\\/letrame.com\\\/catalogo\\\/\",\"name\":\"Catalogo | Letrame Grupo Editorial\",\"description\":\"\",\"publisher\":{\"@id\":\"https:\\\/\\\/letrame.com\\\/catalogo\\\/#organization\"},\"potentialAction\":[{\"@type\":\"SearchAction\",\"target\":{\"@type\":\"EntryPoint\",\"urlTemplate\":\"https:\\\/\\\/letrame.com\\\/catalogo\\\/?s={search_term_string}\"},\"query-input\":{\"@type\":\"PropertyValueSpecification\",\"valueRequired\":true,\"valueName\":\"search_term_string\"}}],\"inLanguage\":\"es\"},{\"@type\":\"Organization\",\"@id\":\"https:\\\/\\\/letrame.com\\\/catalogo\\\/#organization\",\"name\":\"Catalogo | Letrame Grupo Editorial\",\"url\":\"https:\\\/\\\/letrame.com\\\/catalogo\\\/\",\"logo\":{\"@type\":\"ImageObject\",\"inLanguage\":\"es\",\"@id\":\"https:\\\/\\\/letrame.com\\\/catalogo\\\/#\\\/schema\\\/logo\\\/image\\\/\",\"url\":\"https:\\\/\\\/letrame.com\\\/catalogo\\\/wp-content\\\/uploads\\\/2024\\\/03\\\/logo2.webp\",\"contentUrl\":\"https:\\\/\\\/letrame.com\\\/catalogo\\\/wp-content\\\/uploads\\\/2024\\\/03\\\/logo2.webp\",\"width\":394,\"height\":128,\"caption\":\"Catalogo | Letrame Grupo Editorial\"},\"image\":{\"@id\":\"https:\\\/\\\/letrame.com\\\/catalogo\\\/#\\\/schema\\\/logo\\\/image\\\/\"}}]}<\/script>\n<!-- \/ Yoast SEO plugin. -->","yoast_head_json":{"title":"Otro ingenioso manchego - Catalogo | Letrame Grupo Editorial","robots":{"index":"index","follow":"follow","max-snippet":"max-snippet:-1","max-image-preview":"max-image-preview:large","max-video-preview":"max-video-preview:-1"},"canonical":"https:\/\/letrame.com\/catalogo\/producto\/otro-ingenioso-manchego\/","og_locale":"es_ES","og_type":"article","og_title":"Otro ingenioso manchego - Catalogo | Letrame Grupo Editorial","og_description":"ISBN: 978-84-1068-858-2 SINOPSIS \u00bfC\u00f3mo puede un ni\u00f1o nacido en un peque\u00f1o pueblo de la Mancha en los duros a\u00f1os de la posguerra ampliar sus horizontes y usar su ingenio en busca de sus objetivos?  Con un estilo llano y directo, no exento de humor, que en parte nos recuerda lo mejor de la picaresca espa\u00f1ola, Carlos Mu\u00f1oz Lozano nos relata sus peripecias y sus logros, en una vida en la que no faltaron desaf\u00edos, \u00e9xitos deportivos y comerciales, sin que nada de esto prevalezca sobre el amor por su familia, sus amigos y su querido C\u00f3zar natal.","og_url":"https:\/\/letrame.com\/catalogo\/producto\/otro-ingenioso-manchego\/","og_site_name":"Catalogo | Letrame Grupo Editorial","article_modified_time":"2024-09-30T12:12:45+00:00","og_image":[{"width":550,"height":770,"url":"https:\/\/letrame.com\/catalogo\/wp-content\/uploads\/2024\/09\/zotroingenioso_1076mmv24.jpg","type":"image\/jpeg"}],"twitter_card":"summary_large_image","twitter_misc":{"Tiempo de lectura":"1 minuto"},"schema":{"@context":"https:\/\/schema.org","@graph":[{"@type":"WebPage","@id":"https:\/\/letrame.com\/catalogo\/producto\/otro-ingenioso-manchego\/","url":"https:\/\/letrame.com\/catalogo\/producto\/otro-ingenioso-manchego\/","name":"Otro ingenioso manchego - Catalogo | Letrame Grupo Editorial","isPartOf":{"@id":"https:\/\/letrame.com\/catalogo\/#website"},"primaryImageOfPage":{"@id":"https:\/\/letrame.com\/catalogo\/producto\/otro-ingenioso-manchego\/#primaryimage"},"image":{"@id":"https:\/\/letrame.com\/catalogo\/producto\/otro-ingenioso-manchego\/#primaryimage"},"thumbnailUrl":"https:\/\/letrame.com\/catalogo\/wp-content\/uploads\/2024\/09\/zotroingenioso_1076mmv24.jpg","datePublished":"2024-09-30T12:08:39+00:00","dateModified":"2024-09-30T12:12:45+00:00","breadcrumb":{"@id":"https:\/\/letrame.com\/catalogo\/producto\/otro-ingenioso-manchego\/#breadcrumb"},"inLanguage":"es","potentialAction":[{"@type":"ReadAction","target":["https:\/\/letrame.com\/catalogo\/producto\/otro-ingenioso-manchego\/"]}]},{"@type":"ImageObject","inLanguage":"es","@id":"https:\/\/letrame.com\/catalogo\/producto\/otro-ingenioso-manchego\/#primaryimage","url":"https:\/\/letrame.com\/catalogo\/wp-content\/uploads\/2024\/09\/zotroingenioso_1076mmv24.jpg","contentUrl":"https:\/\/letrame.com\/catalogo\/wp-content\/uploads\/2024\/09\/zotroingenioso_1076mmv24.jpg","width":550,"height":770},{"@type":"BreadcrumbList","@id":"https:\/\/letrame.com\/catalogo\/producto\/otro-ingenioso-manchego\/#breadcrumb","itemListElement":[{"@type":"ListItem","position":1,"name":"Portada","item":"https:\/\/letrame.com\/catalogo\/"},{"@type":"ListItem","position":2,"name":"Cat\u00e1logo","item":"https:\/\/letrame.com\/catalogo\/"},{"@type":"ListItem","position":3,"name":"Otro ingenioso manchego"}]},{"@type":"WebSite","@id":"https:\/\/letrame.com\/catalogo\/#website","url":"https:\/\/letrame.com\/catalogo\/","name":"Catalogo | Letrame Grupo Editorial","description":"","publisher":{"@id":"https:\/\/letrame.com\/catalogo\/#organization"},"potentialAction":[{"@type":"SearchAction","target":{"@type":"EntryPoint","urlTemplate":"https:\/\/letrame.com\/catalogo\/?s={search_term_string}"},"query-input":{"@type":"PropertyValueSpecification","valueRequired":true,"valueName":"search_term_string"}}],"inLanguage":"es"},{"@type":"Organization","@id":"https:\/\/letrame.com\/catalogo\/#organization","name":"Catalogo | Letrame Grupo Editorial","url":"https:\/\/letrame.com\/catalogo\/","logo":{"@type":"ImageObject","inLanguage":"es","@id":"https:\/\/letrame.com\/catalogo\/#\/schema\/logo\/image\/","url":"https:\/\/letrame.com\/catalogo\/wp-content\/uploads\/2024\/03\/logo2.webp","contentUrl":"https:\/\/letrame.com\/catalogo\/wp-content\/uploads\/2024\/03\/logo2.webp","width":394,"height":128,"caption":"Catalogo | Letrame Grupo Editorial"},"image":{"@id":"https:\/\/letrame.com\/catalogo\/#\/schema\/logo\/image\/"}}]}},"_links":{"self":[{"href":"https:\/\/letrame.com\/catalogo\/wp-json\/wp\/v2\/product\/106783","targetHints":{"allow":["GET"]}}],"collection":[{"href":"https:\/\/letrame.com\/catalogo\/wp-json\/wp\/v2\/product"}],"about":[{"href":"https:\/\/letrame.com\/catalogo\/wp-json\/wp\/v2\/types\/product"}],"replies":[{"embeddable":true,"href":"https:\/\/letrame.com\/catalogo\/wp-json\/wp\/v2\/comments?post=106783"}],"acf:post":[{"embeddable":true,"href":"https:\/\/letrame.com\/catalogo\/wp-json\/wp\/v2\/author_book\/106782"}],"wp:featuredmedia":[{"embeddable":true,"href":"https:\/\/letrame.com\/catalogo\/wp-json\/wp\/v2\/media\/106786"}],"wp:attachment":[{"href":"https:\/\/letrame.com\/catalogo\/wp-json\/wp\/v2\/media?parent=106783"}],"wp:term":[{"taxonomy":"libro","embeddable":true,"href":"https:\/\/letrame.com\/catalogo\/wp-json\/wp\/v2\/libro?post=106783"},{"taxonomy":"product_brand","embeddable":true,"href":"https:\/\/letrame.com\/catalogo\/wp-json\/wp\/v2\/product_brand?post=106783"},{"taxonomy":"product_cat","embeddable":true,"href":"https:\/\/letrame.com\/catalogo\/wp-json\/wp\/v2\/product_cat?post=106783"},{"taxonomy":"product_tag","embeddable":true,"href":"https:\/\/letrame.com\/catalogo\/wp-json\/wp\/v2\/product_tag?post=106783"}],"curies":[{"name":"wp","href":"https:\/\/api.w.org\/{rel}","templated":true}]}}