{"id":106777,"date":"2024-09-30T14:01:17","date_gmt":"2024-09-30T12:01:17","guid":{"rendered":"https:\/\/letrame.com\/catalogo\/?post_type=product&#038;p=106777"},"modified":"2024-09-30T14:01:17","modified_gmt":"2024-09-30T12:01:17","slug":"neopoesia","status":"publish","type":"product","link":"https:\/\/letrame.com\/catalogo\/producto\/neopoesia\/","title":{"rendered":"Neopoes\u00eda"},"content":{"rendered":"<p class=\"p1\"><b>ISBN:\u00a0<\/b>978-84-1068-839-1<\/p>\n<p class=\"p1\"><b>T\u00edtulo:\u00a0<\/b>Neopoes\u00eda<\/p>\n<p class=\"p1\"><b>A\u00f1o:<\/b> 2024<\/p>\n<p class=\"p1\"><b>P\u00e1ginas:\u00a0<\/b>96<\/p>\n<p class=\"p1\"><b>SINOPSIS<\/b><\/p>\n<p>La poes\u00eda es quedarse en pelotas frente al cielo y el infierno. Hay lectores propensos a la risa, a esconderse, ellos nunca lo har\u00e1n; otros, en cambio, buscan la belleza de carne y hueso o de \u00e1nima (salvarse o condenarse). O nada porque, a la postre, estar desnudos o vestidos deber\u00eda ser algo m\u00e1s del yo mismo. <em>Neopoes\u00eda <\/em>es un intento fallido de no ser yo, no ser recuerdos, no ser lujuria, ni amor, felicidad o desamor, buscar por buscar; un intento fallido.<\/p>\n<p>Tras mi poemario er\u00f3tico, <em>\u00cdntimos y Tocamientos<\/em>, brot\u00f3 <em>Ma\u00f1anitas<\/em> y tocaba <em>Tardes de grises<\/em>, ya en el tintero. Pero me salt\u00e9 el orden, en la vida de cada cual, cada cual es su propio dios. Si es que Dios existe, si de existir, nos deja.<\/p>\n","protected":false},"excerpt":{"rendered":"<p class=\"p1\"><b>ISBN:\u00a0<\/b>978-84-1068-839-1<\/p>\n<p class=\"p1\">\n<p class=\"p1\"><b>SINOPSIS<\/b><\/p>\n<p>La poes\u00eda es quedarse en pelotas frente al cielo y el infierno. Hay lectores propensos a la risa, a esconderse, ellos nunca lo har\u00e1n; otros, en cambio, buscan la belleza de carne y hueso o de \u00e1nima (salvarse o condenarse). O nada porque, a la postre, estar desnudos o vestidos deber\u00eda ser algo m\u00e1s del yo mismo. <em>Neopoes\u00eda <\/em>es un intento fallido de no ser yo, no ser recuerdos, no ser lujuria, ni amor, felicidad o desamor, buscar por buscar; un intento fallido.<\/p>\n<p>Tras mi poemario er\u00f3tico, <em>\u00cdntimos y Tocamientos<\/em>, brot\u00f3 <em>Ma\u00f1anitas<\/em> y tocaba <em>Tardes de grises<\/em>, ya en el tintero. Pero me salt\u00e9 el orden, en la vida de cada cual, cada cual es su propio dios. Si es que Dios existe, si de existir, nos deja.<\/p>\n","protected":false},"featured_media":106780,"comment_status":"open","ping_status":"closed","template":"","meta":{"_acf_changed":false},"libro":[],"product_brand":[],"product_cat":[20],"product_tag":[],"class_list":{"0":"post-106777","1":"product","2":"type-product","3":"status-publish","4":"has-post-thumbnail","6":"product_cat-poesia","8":"first","9":"instock","10":"shipping-taxable","11":"product-type-simple"},"acf":{"autor":[106776],"enlace_de_compra":"https:\/\/amzn.to\/3BosHlz"},"yoast_head":"<!-- This site is optimized with the Yoast SEO plugin v27.4 - https:\/\/yoast.com\/product\/yoast-seo-wordpress\/ -->\n<title>Neopoes\u00eda - Catalogo | Letrame Grupo Editorial<\/title>\n<meta name=\"robots\" content=\"index, follow, max-snippet:-1, max-image-preview:large, max-video-preview:-1\" \/>\n<link rel=\"canonical\" href=\"https:\/\/letrame.com\/catalogo\/producto\/neopoesia\/\" \/>\n<meta property=\"og:locale\" content=\"es_ES\" \/>\n<meta property=\"og:type\" content=\"article\" \/>\n<meta property=\"og:title\" content=\"Neopoes\u00eda - Catalogo | Letrame Grupo Editorial\" \/>\n<meta property=\"og:description\" content=\"ISBN:\u00a0978-84-1068-839-1  SINOPSIS La poes\u00eda es quedarse en pelotas frente al cielo y el infierno. Hay lectores propensos a la risa, a esconderse, ellos nunca lo har\u00e1n; otros, en cambio, buscan la belleza de carne y hueso o de \u00e1nima (salvarse o condenarse). O nada porque, a la postre, estar desnudos o vestidos deber\u00eda ser algo m\u00e1s del yo mismo. Neopoes\u00eda es un intento fallido de no ser yo, no ser recuerdos, no ser lujuria, ni amor, felicidad o desamor, buscar por buscar; un intento fallido.  Tras mi poemario er\u00f3tico, \u00cdntimos y Tocamientos, brot\u00f3 Ma\u00f1anitas y tocaba Tardes de grises, ya en el tintero. Pero me salt\u00e9 el orden, en la vida de cada cual, cada cual es su propio dios. Si es que Dios existe, si de existir, nos deja.\" \/>\n<meta property=\"og:url\" content=\"https:\/\/letrame.com\/catalogo\/producto\/neopoesia\/\" \/>\n<meta property=\"og:site_name\" content=\"Catalogo | Letrame Grupo Editorial\" \/>\n<meta property=\"og:image\" content=\"https:\/\/letrame.com\/catalogo\/wp-content\/uploads\/2024\/09\/zneopoesia_61mm4.jpg\" \/>\n\t<meta property=\"og:image:width\" content=\"440\" \/>\n\t<meta property=\"og:image:height\" content=\"616\" \/>\n\t<meta property=\"og:image:type\" content=\"image\/jpeg\" \/>\n<meta name=\"twitter:card\" content=\"summary_large_image\" \/>\n<meta name=\"twitter:label1\" content=\"Tiempo de lectura\" \/>\n\t<meta name=\"twitter:data1\" content=\"1 minuto\" \/>\n<script type=\"application\/ld+json\" class=\"yoast-schema-graph\">{\"@context\":\"https:\\\/\\\/schema.org\",\"@graph\":[{\"@type\":\"WebPage\",\"@id\":\"https:\\\/\\\/letrame.com\\\/catalogo\\\/producto\\\/neopoesia\\\/\",\"url\":\"https:\\\/\\\/letrame.com\\\/catalogo\\\/producto\\\/neopoesia\\\/\",\"name\":\"Neopoes\u00eda - Catalogo | Letrame Grupo Editorial\",\"isPartOf\":{\"@id\":\"https:\\\/\\\/letrame.com\\\/catalogo\\\/#website\"},\"primaryImageOfPage\":{\"@id\":\"https:\\\/\\\/letrame.com\\\/catalogo\\\/producto\\\/neopoesia\\\/#primaryimage\"},\"image\":{\"@id\":\"https:\\\/\\\/letrame.com\\\/catalogo\\\/producto\\\/neopoesia\\\/#primaryimage\"},\"thumbnailUrl\":\"https:\\\/\\\/letrame.com\\\/catalogo\\\/wp-content\\\/uploads\\\/2024\\\/09\\\/zneopoesia_61mm4.jpg\",\"datePublished\":\"2024-09-30T12:01:17+00:00\",\"breadcrumb\":{\"@id\":\"https:\\\/\\\/letrame.com\\\/catalogo\\\/producto\\\/neopoesia\\\/#breadcrumb\"},\"inLanguage\":\"es\",\"potentialAction\":[{\"@type\":\"ReadAction\",\"target\":[\"https:\\\/\\\/letrame.com\\\/catalogo\\\/producto\\\/neopoesia\\\/\"]}]},{\"@type\":\"ImageObject\",\"inLanguage\":\"es\",\"@id\":\"https:\\\/\\\/letrame.com\\\/catalogo\\\/producto\\\/neopoesia\\\/#primaryimage\",\"url\":\"https:\\\/\\\/letrame.com\\\/catalogo\\\/wp-content\\\/uploads\\\/2024\\\/09\\\/zneopoesia_61mm4.jpg\",\"contentUrl\":\"https:\\\/\\\/letrame.com\\\/catalogo\\\/wp-content\\\/uploads\\\/2024\\\/09\\\/zneopoesia_61mm4.jpg\",\"width\":440,\"height\":616},{\"@type\":\"BreadcrumbList\",\"@id\":\"https:\\\/\\\/letrame.com\\\/catalogo\\\/producto\\\/neopoesia\\\/#breadcrumb\",\"itemListElement\":[{\"@type\":\"ListItem\",\"position\":1,\"name\":\"Portada\",\"item\":\"https:\\\/\\\/letrame.com\\\/catalogo\\\/\"},{\"@type\":\"ListItem\",\"position\":2,\"name\":\"Cat\u00e1logo\",\"item\":\"https:\\\/\\\/letrame.com\\\/catalogo\\\/\"},{\"@type\":\"ListItem\",\"position\":3,\"name\":\"Neopoes\u00eda\"}]},{\"@type\":\"WebSite\",\"@id\":\"https:\\\/\\\/letrame.com\\\/catalogo\\\/#website\",\"url\":\"https:\\\/\\\/letrame.com\\\/catalogo\\\/\",\"name\":\"Catalogo | Letrame Grupo Editorial\",\"description\":\"\",\"publisher\":{\"@id\":\"https:\\\/\\\/letrame.com\\\/catalogo\\\/#organization\"},\"potentialAction\":[{\"@type\":\"SearchAction\",\"target\":{\"@type\":\"EntryPoint\",\"urlTemplate\":\"https:\\\/\\\/letrame.com\\\/catalogo\\\/?s={search_term_string}\"},\"query-input\":{\"@type\":\"PropertyValueSpecification\",\"valueRequired\":true,\"valueName\":\"search_term_string\"}}],\"inLanguage\":\"es\"},{\"@type\":\"Organization\",\"@id\":\"https:\\\/\\\/letrame.com\\\/catalogo\\\/#organization\",\"name\":\"Catalogo | Letrame Grupo Editorial\",\"url\":\"https:\\\/\\\/letrame.com\\\/catalogo\\\/\",\"logo\":{\"@type\":\"ImageObject\",\"inLanguage\":\"es\",\"@id\":\"https:\\\/\\\/letrame.com\\\/catalogo\\\/#\\\/schema\\\/logo\\\/image\\\/\",\"url\":\"https:\\\/\\\/letrame.com\\\/catalogo\\\/wp-content\\\/uploads\\\/2024\\\/03\\\/logo2.webp\",\"contentUrl\":\"https:\\\/\\\/letrame.com\\\/catalogo\\\/wp-content\\\/uploads\\\/2024\\\/03\\\/logo2.webp\",\"width\":394,\"height\":128,\"caption\":\"Catalogo | Letrame Grupo Editorial\"},\"image\":{\"@id\":\"https:\\\/\\\/letrame.com\\\/catalogo\\\/#\\\/schema\\\/logo\\\/image\\\/\"}}]}<\/script>\n<!-- \/ Yoast SEO plugin. -->","yoast_head_json":{"title":"Neopoes\u00eda - Catalogo | Letrame Grupo Editorial","robots":{"index":"index","follow":"follow","max-snippet":"max-snippet:-1","max-image-preview":"max-image-preview:large","max-video-preview":"max-video-preview:-1"},"canonical":"https:\/\/letrame.com\/catalogo\/producto\/neopoesia\/","og_locale":"es_ES","og_type":"article","og_title":"Neopoes\u00eda - Catalogo | Letrame Grupo Editorial","og_description":"ISBN:\u00a0978-84-1068-839-1  SINOPSIS La poes\u00eda es quedarse en pelotas frente al cielo y el infierno. Hay lectores propensos a la risa, a esconderse, ellos nunca lo har\u00e1n; otros, en cambio, buscan la belleza de carne y hueso o de \u00e1nima (salvarse o condenarse). O nada porque, a la postre, estar desnudos o vestidos deber\u00eda ser algo m\u00e1s del yo mismo. Neopoes\u00eda es un intento fallido de no ser yo, no ser recuerdos, no ser lujuria, ni amor, felicidad o desamor, buscar por buscar; un intento fallido.  Tras mi poemario er\u00f3tico, \u00cdntimos y Tocamientos, brot\u00f3 Ma\u00f1anitas y tocaba Tardes de grises, ya en el tintero. Pero me salt\u00e9 el orden, en la vida de cada cual, cada cual es su propio dios. Si es que Dios existe, si de existir, nos deja.","og_url":"https:\/\/letrame.com\/catalogo\/producto\/neopoesia\/","og_site_name":"Catalogo | Letrame Grupo Editorial","og_image":[{"width":440,"height":616,"url":"https:\/\/letrame.com\/catalogo\/wp-content\/uploads\/2024\/09\/zneopoesia_61mm4.jpg","type":"image\/jpeg"}],"twitter_card":"summary_large_image","twitter_misc":{"Tiempo de lectura":"1 minuto"},"schema":{"@context":"https:\/\/schema.org","@graph":[{"@type":"WebPage","@id":"https:\/\/letrame.com\/catalogo\/producto\/neopoesia\/","url":"https:\/\/letrame.com\/catalogo\/producto\/neopoesia\/","name":"Neopoes\u00eda - Catalogo | Letrame Grupo Editorial","isPartOf":{"@id":"https:\/\/letrame.com\/catalogo\/#website"},"primaryImageOfPage":{"@id":"https:\/\/letrame.com\/catalogo\/producto\/neopoesia\/#primaryimage"},"image":{"@id":"https:\/\/letrame.com\/catalogo\/producto\/neopoesia\/#primaryimage"},"thumbnailUrl":"https:\/\/letrame.com\/catalogo\/wp-content\/uploads\/2024\/09\/zneopoesia_61mm4.jpg","datePublished":"2024-09-30T12:01:17+00:00","breadcrumb":{"@id":"https:\/\/letrame.com\/catalogo\/producto\/neopoesia\/#breadcrumb"},"inLanguage":"es","potentialAction":[{"@type":"ReadAction","target":["https:\/\/letrame.com\/catalogo\/producto\/neopoesia\/"]}]},{"@type":"ImageObject","inLanguage":"es","@id":"https:\/\/letrame.com\/catalogo\/producto\/neopoesia\/#primaryimage","url":"https:\/\/letrame.com\/catalogo\/wp-content\/uploads\/2024\/09\/zneopoesia_61mm4.jpg","contentUrl":"https:\/\/letrame.com\/catalogo\/wp-content\/uploads\/2024\/09\/zneopoesia_61mm4.jpg","width":440,"height":616},{"@type":"BreadcrumbList","@id":"https:\/\/letrame.com\/catalogo\/producto\/neopoesia\/#breadcrumb","itemListElement":[{"@type":"ListItem","position":1,"name":"Portada","item":"https:\/\/letrame.com\/catalogo\/"},{"@type":"ListItem","position":2,"name":"Cat\u00e1logo","item":"https:\/\/letrame.com\/catalogo\/"},{"@type":"ListItem","position":3,"name":"Neopoes\u00eda"}]},{"@type":"WebSite","@id":"https:\/\/letrame.com\/catalogo\/#website","url":"https:\/\/letrame.com\/catalogo\/","name":"Catalogo | Letrame Grupo Editorial","description":"","publisher":{"@id":"https:\/\/letrame.com\/catalogo\/#organization"},"potentialAction":[{"@type":"SearchAction","target":{"@type":"EntryPoint","urlTemplate":"https:\/\/letrame.com\/catalogo\/?s={search_term_string}"},"query-input":{"@type":"PropertyValueSpecification","valueRequired":true,"valueName":"search_term_string"}}],"inLanguage":"es"},{"@type":"Organization","@id":"https:\/\/letrame.com\/catalogo\/#organization","name":"Catalogo | Letrame Grupo Editorial","url":"https:\/\/letrame.com\/catalogo\/","logo":{"@type":"ImageObject","inLanguage":"es","@id":"https:\/\/letrame.com\/catalogo\/#\/schema\/logo\/image\/","url":"https:\/\/letrame.com\/catalogo\/wp-content\/uploads\/2024\/03\/logo2.webp","contentUrl":"https:\/\/letrame.com\/catalogo\/wp-content\/uploads\/2024\/03\/logo2.webp","width":394,"height":128,"caption":"Catalogo | Letrame Grupo Editorial"},"image":{"@id":"https:\/\/letrame.com\/catalogo\/#\/schema\/logo\/image\/"}}]}},"_links":{"self":[{"href":"https:\/\/letrame.com\/catalogo\/wp-json\/wp\/v2\/product\/106777","targetHints":{"allow":["GET"]}}],"collection":[{"href":"https:\/\/letrame.com\/catalogo\/wp-json\/wp\/v2\/product"}],"about":[{"href":"https:\/\/letrame.com\/catalogo\/wp-json\/wp\/v2\/types\/product"}],"replies":[{"embeddable":true,"href":"https:\/\/letrame.com\/catalogo\/wp-json\/wp\/v2\/comments?post=106777"}],"acf:post":[{"embeddable":true,"href":"https:\/\/letrame.com\/catalogo\/wp-json\/wp\/v2\/author_book\/106776"}],"wp:featuredmedia":[{"embeddable":true,"href":"https:\/\/letrame.com\/catalogo\/wp-json\/wp\/v2\/media\/106780"}],"wp:attachment":[{"href":"https:\/\/letrame.com\/catalogo\/wp-json\/wp\/v2\/media?parent=106777"}],"wp:term":[{"taxonomy":"libro","embeddable":true,"href":"https:\/\/letrame.com\/catalogo\/wp-json\/wp\/v2\/libro?post=106777"},{"taxonomy":"product_brand","embeddable":true,"href":"https:\/\/letrame.com\/catalogo\/wp-json\/wp\/v2\/product_brand?post=106777"},{"taxonomy":"product_cat","embeddable":true,"href":"https:\/\/letrame.com\/catalogo\/wp-json\/wp\/v2\/product_cat?post=106777"},{"taxonomy":"product_tag","embeddable":true,"href":"https:\/\/letrame.com\/catalogo\/wp-json\/wp\/v2\/product_tag?post=106777"}],"curies":[{"name":"wp","href":"https:\/\/api.w.org\/{rel}","templated":true}]}}