{"id":106761,"date":"2024-09-30T12:51:29","date_gmt":"2024-09-30T10:51:29","guid":{"rendered":"https:\/\/letrame.com\/catalogo\/?post_type=product&#038;p=106761"},"modified":"2024-09-30T12:51:29","modified_gmt":"2024-09-30T10:51:29","slug":"como-transformar-el-dolor-en-exito","status":"publish","type":"product","link":"https:\/\/letrame.com\/catalogo\/producto\/como-transformar-el-dolor-en-exito\/","title":{"rendered":"Co\u0301mo transformar el DOLOR en E\u0301XITO"},"content":{"rendered":"<p class=\"p1\"><b>ISBN:\u00a0<\/b> 978-84-1068-906-0<\/p>\n<p class=\"p1\"><b>T\u00edtulo: <\/b>Co\u0301mo transformar el DOLOR en E\u0301XITO<\/p>\n<p class=\"p1\"><b>A\u00f1o:<\/b> 2024<\/p>\n<p class=\"p1\"><b>P\u00e1ginas:<\/b> 470<\/p>\n<p class=\"p1\"><b>SINOPSIS<\/b><\/p>\n<p>Una poderosa historia de resiliencia y empoderamiento.<\/p>\n<p>Ana, a trav\u00e9s de su lucha como madre, demuestra que, incluso estando sola y con hijos, se puede lograr una vida plena y digna. Nos ense\u00f1a que nunca es tarde para tomar las riendas de nuestro camino y que el verdadero poder reside en no depender de nadie m\u00e1s que de uno mismo.<\/p>\n<p>A pesar de las adversidades que Ana sufre como esposa y mujer, nos instruye que siempre es posible reconstruirse y alcanzar el \u00e9xito a trav\u00e9s de la autodeterminaci\u00f3n y el aprendizaje continuo.<\/p>\n<p>Nos muestra que, aun teniendo miedo, si damos el paso hacia la vida que queremos, es la \u00fanica forma para lograr ser realmente felices, nos har\u00e1 m\u00e1s valientes y fuertes que nunca, demostr\u00e1ndonos que el poder para cambiar nuestra vida est\u00e1 en nuestras manos para poder convertir nuestro dolor en \u00e9xito. \ud83d\udcaa<\/p>\n","protected":false},"excerpt":{"rendered":"<p class=\"p1\"><b>ISBN:\u00a0<\/b> 978-84-1068-906-0<\/p>\n<p class=\"p1\"><b>SINOPSIS<\/b><\/p>\n<p>Una poderosa historia de resiliencia y empoderamiento.<\/p>\n<p>Ana, a trav\u00e9s de su lucha como madre, demuestra que, incluso estando sola y con hijos, se puede lograr una vida plena y digna. Nos ense\u00f1a que nunca es tarde para tomar las riendas de nuestro camino y que el verdadero poder reside en no depender de nadie m\u00e1s que de uno mismo.<\/p>\n<p>A pesar de las adversidades que Ana sufre como esposa y mujer, nos instruye que siempre es posible reconstruirse y alcanzar el \u00e9xito a trav\u00e9s de la autodeterminaci\u00f3n y el aprendizaje continuo.<\/p>\n<p>Nos muestra que, aun teniendo miedo, si damos el paso hacia la vida que queremos, es la \u00fanica forma para lograr ser realmente felices, nos har\u00e1 m\u00e1s valientes y fuertes que nunca, demostr\u00e1ndonos que el poder para cambiar nuestra vida est\u00e1 en nuestras manos para poder convertir nuestro dolor en \u00e9xito. \ud83d\udcaa<\/p>\n","protected":false},"featured_media":106763,"comment_status":"open","ping_status":"closed","template":"","meta":{"_acf_changed":false},"libro":[],"product_brand":[],"product_cat":[18],"product_tag":[],"class_list":{"0":"post-106761","1":"product","2":"type-product","3":"status-publish","4":"has-post-thumbnail","6":"product_cat-autoayuda","8":"first","9":"instock","10":"shipping-taxable","11":"product-type-simple"},"acf":{"autor":[106760],"enlace_de_compra":"https:\/\/amzn.to\/3ZPBVSh"},"yoast_head":"<!-- This site is optimized with the Yoast SEO plugin v27.4 - https:\/\/yoast.com\/product\/yoast-seo-wordpress\/ -->\n<title>Co\u0301mo transformar el DOLOR en E\u0301XITO - Catalogo | Letrame Grupo Editorial<\/title>\n<meta name=\"robots\" content=\"index, follow, max-snippet:-1, max-image-preview:large, max-video-preview:-1\" \/>\n<link rel=\"canonical\" href=\"https:\/\/letrame.com\/catalogo\/producto\/como-transformar-el-dolor-en-exito\/\" \/>\n<meta property=\"og:locale\" content=\"es_ES\" \/>\n<meta property=\"og:type\" content=\"article\" \/>\n<meta property=\"og:title\" content=\"Co\u0301mo transformar el DOLOR en E\u0301XITO - Catalogo | Letrame Grupo Editorial\" \/>\n<meta property=\"og:description\" content=\"ISBN:\u00a0 978-84-1068-906-0 SINOPSIS Una poderosa historia de resiliencia y empoderamiento.  Ana, a trav\u00e9s de su lucha como madre, demuestra que, incluso estando sola y con hijos, se puede lograr una vida plena y digna. Nos ense\u00f1a que nunca es tarde para tomar las riendas de nuestro camino y que el verdadero poder reside en no depender de nadie m\u00e1s que de uno mismo.  A pesar de las adversidades que Ana sufre como esposa y mujer, nos instruye que siempre es posible reconstruirse y alcanzar el \u00e9xito a trav\u00e9s de la autodeterminaci\u00f3n y el aprendizaje continuo.  Nos muestra que, aun teniendo miedo, si damos el paso hacia la vida que queremos, es la \u00fanica forma para lograr ser realmente felices, nos har\u00e1 m\u00e1s valientes y fuertes que nunca, demostr\u00e1ndonos que el poder para cambiar nuestra vida est\u00e1 en nuestras manos para poder convertir nuestro dolor en \u00e9xito. \ud83d\udcaa\" \/>\n<meta property=\"og:url\" content=\"https:\/\/letrame.com\/catalogo\/producto\/como-transformar-el-dolor-en-exito\/\" \/>\n<meta property=\"og:site_name\" content=\"Catalogo | Letrame Grupo Editorial\" \/>\n<meta property=\"og:image\" content=\"https:\/\/letrame.com\/catalogo\/wp-content\/uploads\/2024\/09\/zp_comotransformar_2256mm.jpg\" \/>\n\t<meta property=\"og:image:width\" content=\"450\" \/>\n\t<meta property=\"og:image:height\" content=\"660\" \/>\n\t<meta property=\"og:image:type\" content=\"image\/jpeg\" \/>\n<meta name=\"twitter:card\" content=\"summary_large_image\" \/>\n<meta name=\"twitter:label1\" content=\"Tiempo de lectura\" \/>\n\t<meta name=\"twitter:data1\" content=\"1 minuto\" \/>\n<script type=\"application\/ld+json\" class=\"yoast-schema-graph\">{\"@context\":\"https:\\\/\\\/schema.org\",\"@graph\":[{\"@type\":\"WebPage\",\"@id\":\"https:\\\/\\\/letrame.com\\\/catalogo\\\/producto\\\/como-transformar-el-dolor-en-exito\\\/\",\"url\":\"https:\\\/\\\/letrame.com\\\/catalogo\\\/producto\\\/como-transformar-el-dolor-en-exito\\\/\",\"name\":\"Co\u0301mo transformar el DOLOR en E\u0301XITO - Catalogo | Letrame Grupo Editorial\",\"isPartOf\":{\"@id\":\"https:\\\/\\\/letrame.com\\\/catalogo\\\/#website\"},\"primaryImageOfPage\":{\"@id\":\"https:\\\/\\\/letrame.com\\\/catalogo\\\/producto\\\/como-transformar-el-dolor-en-exito\\\/#primaryimage\"},\"image\":{\"@id\":\"https:\\\/\\\/letrame.com\\\/catalogo\\\/producto\\\/como-transformar-el-dolor-en-exito\\\/#primaryimage\"},\"thumbnailUrl\":\"https:\\\/\\\/letrame.com\\\/catalogo\\\/wp-content\\\/uploads\\\/2024\\\/09\\\/zp_comotransformar_2256mm.jpg\",\"datePublished\":\"2024-09-30T10:51:29+00:00\",\"breadcrumb\":{\"@id\":\"https:\\\/\\\/letrame.com\\\/catalogo\\\/producto\\\/como-transformar-el-dolor-en-exito\\\/#breadcrumb\"},\"inLanguage\":\"es\",\"potentialAction\":[{\"@type\":\"ReadAction\",\"target\":[\"https:\\\/\\\/letrame.com\\\/catalogo\\\/producto\\\/como-transformar-el-dolor-en-exito\\\/\"]}]},{\"@type\":\"ImageObject\",\"inLanguage\":\"es\",\"@id\":\"https:\\\/\\\/letrame.com\\\/catalogo\\\/producto\\\/como-transformar-el-dolor-en-exito\\\/#primaryimage\",\"url\":\"https:\\\/\\\/letrame.com\\\/catalogo\\\/wp-content\\\/uploads\\\/2024\\\/09\\\/zp_comotransformar_2256mm.jpg\",\"contentUrl\":\"https:\\\/\\\/letrame.com\\\/catalogo\\\/wp-content\\\/uploads\\\/2024\\\/09\\\/zp_comotransformar_2256mm.jpg\",\"width\":450,\"height\":660},{\"@type\":\"BreadcrumbList\",\"@id\":\"https:\\\/\\\/letrame.com\\\/catalogo\\\/producto\\\/como-transformar-el-dolor-en-exito\\\/#breadcrumb\",\"itemListElement\":[{\"@type\":\"ListItem\",\"position\":1,\"name\":\"Portada\",\"item\":\"https:\\\/\\\/letrame.com\\\/catalogo\\\/\"},{\"@type\":\"ListItem\",\"position\":2,\"name\":\"Cat\u00e1logo\",\"item\":\"https:\\\/\\\/letrame.com\\\/catalogo\\\/\"},{\"@type\":\"ListItem\",\"position\":3,\"name\":\"Co\u0301mo transformar el DOLOR en E\u0301XITO\"}]},{\"@type\":\"WebSite\",\"@id\":\"https:\\\/\\\/letrame.com\\\/catalogo\\\/#website\",\"url\":\"https:\\\/\\\/letrame.com\\\/catalogo\\\/\",\"name\":\"Catalogo | Letrame Grupo Editorial\",\"description\":\"\",\"publisher\":{\"@id\":\"https:\\\/\\\/letrame.com\\\/catalogo\\\/#organization\"},\"potentialAction\":[{\"@type\":\"SearchAction\",\"target\":{\"@type\":\"EntryPoint\",\"urlTemplate\":\"https:\\\/\\\/letrame.com\\\/catalogo\\\/?s={search_term_string}\"},\"query-input\":{\"@type\":\"PropertyValueSpecification\",\"valueRequired\":true,\"valueName\":\"search_term_string\"}}],\"inLanguage\":\"es\"},{\"@type\":\"Organization\",\"@id\":\"https:\\\/\\\/letrame.com\\\/catalogo\\\/#organization\",\"name\":\"Catalogo | Letrame Grupo Editorial\",\"url\":\"https:\\\/\\\/letrame.com\\\/catalogo\\\/\",\"logo\":{\"@type\":\"ImageObject\",\"inLanguage\":\"es\",\"@id\":\"https:\\\/\\\/letrame.com\\\/catalogo\\\/#\\\/schema\\\/logo\\\/image\\\/\",\"url\":\"https:\\\/\\\/letrame.com\\\/catalogo\\\/wp-content\\\/uploads\\\/2024\\\/03\\\/logo2.webp\",\"contentUrl\":\"https:\\\/\\\/letrame.com\\\/catalogo\\\/wp-content\\\/uploads\\\/2024\\\/03\\\/logo2.webp\",\"width\":394,\"height\":128,\"caption\":\"Catalogo | Letrame Grupo Editorial\"},\"image\":{\"@id\":\"https:\\\/\\\/letrame.com\\\/catalogo\\\/#\\\/schema\\\/logo\\\/image\\\/\"}}]}<\/script>\n<!-- \/ Yoast SEO plugin. -->","yoast_head_json":{"title":"Co\u0301mo transformar el DOLOR en E\u0301XITO - Catalogo | Letrame Grupo Editorial","robots":{"index":"index","follow":"follow","max-snippet":"max-snippet:-1","max-image-preview":"max-image-preview:large","max-video-preview":"max-video-preview:-1"},"canonical":"https:\/\/letrame.com\/catalogo\/producto\/como-transformar-el-dolor-en-exito\/","og_locale":"es_ES","og_type":"article","og_title":"Co\u0301mo transformar el DOLOR en E\u0301XITO - Catalogo | Letrame Grupo Editorial","og_description":"ISBN:\u00a0 978-84-1068-906-0 SINOPSIS Una poderosa historia de resiliencia y empoderamiento.  Ana, a trav\u00e9s de su lucha como madre, demuestra que, incluso estando sola y con hijos, se puede lograr una vida plena y digna. Nos ense\u00f1a que nunca es tarde para tomar las riendas de nuestro camino y que el verdadero poder reside en no depender de nadie m\u00e1s que de uno mismo.  A pesar de las adversidades que Ana sufre como esposa y mujer, nos instruye que siempre es posible reconstruirse y alcanzar el \u00e9xito a trav\u00e9s de la autodeterminaci\u00f3n y el aprendizaje continuo.  Nos muestra que, aun teniendo miedo, si damos el paso hacia la vida que queremos, es la \u00fanica forma para lograr ser realmente felices, nos har\u00e1 m\u00e1s valientes y fuertes que nunca, demostr\u00e1ndonos que el poder para cambiar nuestra vida est\u00e1 en nuestras manos para poder convertir nuestro dolor en \u00e9xito. \ud83d\udcaa","og_url":"https:\/\/letrame.com\/catalogo\/producto\/como-transformar-el-dolor-en-exito\/","og_site_name":"Catalogo | Letrame Grupo Editorial","og_image":[{"width":450,"height":660,"url":"https:\/\/letrame.com\/catalogo\/wp-content\/uploads\/2024\/09\/zp_comotransformar_2256mm.jpg","type":"image\/jpeg"}],"twitter_card":"summary_large_image","twitter_misc":{"Tiempo de lectura":"1 minuto"},"schema":{"@context":"https:\/\/schema.org","@graph":[{"@type":"WebPage","@id":"https:\/\/letrame.com\/catalogo\/producto\/como-transformar-el-dolor-en-exito\/","url":"https:\/\/letrame.com\/catalogo\/producto\/como-transformar-el-dolor-en-exito\/","name":"Co\u0301mo transformar el DOLOR en E\u0301XITO - Catalogo | Letrame Grupo Editorial","isPartOf":{"@id":"https:\/\/letrame.com\/catalogo\/#website"},"primaryImageOfPage":{"@id":"https:\/\/letrame.com\/catalogo\/producto\/como-transformar-el-dolor-en-exito\/#primaryimage"},"image":{"@id":"https:\/\/letrame.com\/catalogo\/producto\/como-transformar-el-dolor-en-exito\/#primaryimage"},"thumbnailUrl":"https:\/\/letrame.com\/catalogo\/wp-content\/uploads\/2024\/09\/zp_comotransformar_2256mm.jpg","datePublished":"2024-09-30T10:51:29+00:00","breadcrumb":{"@id":"https:\/\/letrame.com\/catalogo\/producto\/como-transformar-el-dolor-en-exito\/#breadcrumb"},"inLanguage":"es","potentialAction":[{"@type":"ReadAction","target":["https:\/\/letrame.com\/catalogo\/producto\/como-transformar-el-dolor-en-exito\/"]}]},{"@type":"ImageObject","inLanguage":"es","@id":"https:\/\/letrame.com\/catalogo\/producto\/como-transformar-el-dolor-en-exito\/#primaryimage","url":"https:\/\/letrame.com\/catalogo\/wp-content\/uploads\/2024\/09\/zp_comotransformar_2256mm.jpg","contentUrl":"https:\/\/letrame.com\/catalogo\/wp-content\/uploads\/2024\/09\/zp_comotransformar_2256mm.jpg","width":450,"height":660},{"@type":"BreadcrumbList","@id":"https:\/\/letrame.com\/catalogo\/producto\/como-transformar-el-dolor-en-exito\/#breadcrumb","itemListElement":[{"@type":"ListItem","position":1,"name":"Portada","item":"https:\/\/letrame.com\/catalogo\/"},{"@type":"ListItem","position":2,"name":"Cat\u00e1logo","item":"https:\/\/letrame.com\/catalogo\/"},{"@type":"ListItem","position":3,"name":"Co\u0301mo transformar el DOLOR en E\u0301XITO"}]},{"@type":"WebSite","@id":"https:\/\/letrame.com\/catalogo\/#website","url":"https:\/\/letrame.com\/catalogo\/","name":"Catalogo | Letrame Grupo Editorial","description":"","publisher":{"@id":"https:\/\/letrame.com\/catalogo\/#organization"},"potentialAction":[{"@type":"SearchAction","target":{"@type":"EntryPoint","urlTemplate":"https:\/\/letrame.com\/catalogo\/?s={search_term_string}"},"query-input":{"@type":"PropertyValueSpecification","valueRequired":true,"valueName":"search_term_string"}}],"inLanguage":"es"},{"@type":"Organization","@id":"https:\/\/letrame.com\/catalogo\/#organization","name":"Catalogo | Letrame Grupo Editorial","url":"https:\/\/letrame.com\/catalogo\/","logo":{"@type":"ImageObject","inLanguage":"es","@id":"https:\/\/letrame.com\/catalogo\/#\/schema\/logo\/image\/","url":"https:\/\/letrame.com\/catalogo\/wp-content\/uploads\/2024\/03\/logo2.webp","contentUrl":"https:\/\/letrame.com\/catalogo\/wp-content\/uploads\/2024\/03\/logo2.webp","width":394,"height":128,"caption":"Catalogo | Letrame Grupo Editorial"},"image":{"@id":"https:\/\/letrame.com\/catalogo\/#\/schema\/logo\/image\/"}}]}},"_links":{"self":[{"href":"https:\/\/letrame.com\/catalogo\/wp-json\/wp\/v2\/product\/106761","targetHints":{"allow":["GET"]}}],"collection":[{"href":"https:\/\/letrame.com\/catalogo\/wp-json\/wp\/v2\/product"}],"about":[{"href":"https:\/\/letrame.com\/catalogo\/wp-json\/wp\/v2\/types\/product"}],"replies":[{"embeddable":true,"href":"https:\/\/letrame.com\/catalogo\/wp-json\/wp\/v2\/comments?post=106761"}],"acf:post":[{"embeddable":true,"href":"https:\/\/letrame.com\/catalogo\/wp-json\/wp\/v2\/author_book\/106760"}],"wp:featuredmedia":[{"embeddable":true,"href":"https:\/\/letrame.com\/catalogo\/wp-json\/wp\/v2\/media\/106763"}],"wp:attachment":[{"href":"https:\/\/letrame.com\/catalogo\/wp-json\/wp\/v2\/media?parent=106761"}],"wp:term":[{"taxonomy":"libro","embeddable":true,"href":"https:\/\/letrame.com\/catalogo\/wp-json\/wp\/v2\/libro?post=106761"},{"taxonomy":"product_brand","embeddable":true,"href":"https:\/\/letrame.com\/catalogo\/wp-json\/wp\/v2\/product_brand?post=106761"},{"taxonomy":"product_cat","embeddable":true,"href":"https:\/\/letrame.com\/catalogo\/wp-json\/wp\/v2\/product_cat?post=106761"},{"taxonomy":"product_tag","embeddable":true,"href":"https:\/\/letrame.com\/catalogo\/wp-json\/wp\/v2\/product_tag?post=106761"}],"curies":[{"name":"wp","href":"https:\/\/api.w.org\/{rel}","templated":true}]}}