{"id":106736,"date":"2024-09-30T12:21:17","date_gmt":"2024-09-30T10:21:17","guid":{"rendered":"https:\/\/letrame.com\/catalogo\/?post_type=product&#038;p=106736"},"modified":"2024-09-30T12:21:17","modified_gmt":"2024-09-30T10:21:17","slug":"la-baraja-espanola","status":"publish","type":"product","link":"https:\/\/letrame.com\/catalogo\/producto\/la-baraja-espanola\/","title":{"rendered":"La baraja espa\u00f1ola"},"content":{"rendered":"<p class=\"p1\"><b>ISBN: <\/b>978-84-1068-953-4<\/p>\n<p class=\"p1\"><b>T\u00edtulo:\u00a0<\/b>La baraja espa\u00f1ola<\/p>\n<p class=\"p1\"><b>A\u00f1o:\u00a0<\/b>2024<\/p>\n<p class=\"p1\"><b>P\u00e1ginas:<\/b> 94<\/p>\n<p class=\"p1\"><b>SINOPSIS<\/b><\/p>\n<p><em>La Baraja Espa\u00f1ola: una interpretaci\u00f3n moderna<\/em> es fruto de la pr\u00e1ctica y el estudio constante de la autora, \u00c1ngela Patricia Acosta Villar, durante m\u00e1s de treinta a\u00f1os como cartomante, que le ha permitido arribar a su propia manera de interpretar las cartas espa\u00f1olas como medio adivinatorio. Organizado en cuatro cap\u00edtulos, este libro se detiene en c\u00f3mo hacer una tirada de la Baraja seg\u00fan la manera propia de la autora, los significados de los naipes y sus diversas combinaciones y finalmente muestra un ejemplo de interpretaci\u00f3n en una consulta espec\u00edfica.<\/p>\n<p>El antiguo esquema de Cruz, utilizado con un nuevo enfoque, permite complejizar la lectura de los naipes gracias a las varias posibilidades que este ofrece, llevadas a un punto de m\u00e1xima eficacia. Aunque parte respetuosamente de la tradici\u00f3n, este m\u00e9todo asume aqu\u00ed nuevas interpretaciones, a partir de una observaci\u00f3n atenta que se apoya en los valores simb\u00f3licos de las cartas y la manera en que estos se modifican para adquirir mayores precisiones. Las valiosas informaciones que la autora identifica en el esquema de Cruz constituyen una herramienta para clarificar con mayor detalle los mensajes de las diferentes combinaciones de cartas.<\/p>\n<p>Este libro constituye un aporte serio y novedoso a la bibliograf\u00eda sobre el tema, porque es el feliz resultado del trabajo de alguien que no se ha conformado s\u00f3lo con su don natural, sino que ha estudiado el medio adivinatorio usando procedimientos racionales, en pos de mejores resultados que puedan ser \u00fatiles a cartomantes y aficionados. Sus nuevas interpretaciones, m\u00e1s pr\u00e1cticas y contempor\u00e1neas, entran en correspondencia con el mundo moderno y los problemas y necesidades actuales.<\/p>\n","protected":false},"excerpt":{"rendered":"<p class=\"p1\"><b>ISBN: <\/b>978-84-1068-953-4<\/p>\n<p class=\"p1\"><b>SINOPSIS<\/b><\/p>\n<p><em>La Baraja Espa\u00f1ola: una interpretaci\u00f3n moderna<\/em> es fruto de la pr\u00e1ctica y el estudio constante de la autora, \u00c1ngela Patricia Acosta Villar, durante m\u00e1s de treinta a\u00f1os como cartomante, que le ha permitido arribar a su propia manera de interpretar las cartas espa\u00f1olas como medio adivinatorio. Organizado en cuatro cap\u00edtulos, este libro se detiene en c\u00f3mo hacer una tirada de la Baraja seg\u00fan la manera propia de la autora, los significados de los naipes y sus diversas combinaciones y finalmente muestra un ejemplo de interpretaci\u00f3n en una consulta espec\u00edfica.<\/p>\n<p>El antiguo esquema de Cruz, utilizado con un nuevo enfoque, permite complejizar la lectura de los naipes gracias a las varias posibilidades que este ofrece, llevadas a un punto de m\u00e1xima eficacia. Aunque parte respetuosamente de la tradici\u00f3n, este m\u00e9todo asume aqu\u00ed nuevas interpretaciones, a partir de una observaci\u00f3n atenta que se apoya en los valores simb\u00f3licos de las cartas y la manera en que estos se modifican para adquirir mayores precisiones. Las valiosas informaciones que la autora identifica en el esquema de Cruz constituyen una herramienta para clarificar con mayor detalle los mensajes de las diferentes combinaciones de cartas.<\/p>\n<p>Este libro constituye un aporte serio y novedoso a la bibliograf\u00eda sobre el tema, porque es el feliz resultado del trabajo de alguien que no se ha conformado s\u00f3lo con su don natural, sino que ha estudiado el medio adivinatorio usando procedimientos racionales, en pos de mejores resultados que puedan ser \u00fatiles a cartomantes y aficionados. Sus nuevas interpretaciones, m\u00e1s pr\u00e1cticas y contempor\u00e1neas, entran en correspondencia con el mundo moderno y los problemas y necesidades actuales.<\/p>\n","protected":false},"featured_media":106740,"comment_status":"open","ping_status":"closed","template":"","meta":{"_acf_changed":false},"libro":[],"product_brand":[],"product_cat":[25],"product_tag":[],"class_list":{"0":"post-106736","1":"product","2":"type-product","3":"status-publish","4":"has-post-thumbnail","6":"product_cat-religion-y-espiritualidad","8":"first","9":"instock","10":"shipping-taxable","11":"product-type-simple"},"acf":{"autor":[106735],"enlace_de_compra":""},"yoast_head":"<!-- This site is optimized with the Yoast SEO plugin v27.4 - https:\/\/yoast.com\/product\/yoast-seo-wordpress\/ -->\n<title>La baraja espa\u00f1ola - Catalogo | Letrame Grupo Editorial<\/title>\n<meta name=\"robots\" content=\"index, follow, max-snippet:-1, max-image-preview:large, max-video-preview:-1\" \/>\n<link rel=\"canonical\" href=\"https:\/\/letrame.com\/catalogo\/producto\/la-baraja-espanola\/\" \/>\n<meta property=\"og:locale\" content=\"es_ES\" \/>\n<meta property=\"og:type\" content=\"article\" \/>\n<meta property=\"og:title\" content=\"La baraja espa\u00f1ola - Catalogo | Letrame Grupo Editorial\" \/>\n<meta property=\"og:description\" content=\"ISBN: 978-84-1068-953-4 SINOPSIS La Baraja Espa\u00f1ola: una interpretaci\u00f3n moderna es fruto de la pr\u00e1ctica y el estudio constante de la autora, \u00c1ngela Patricia Acosta Villar, durante m\u00e1s de treinta a\u00f1os como cartomante, que le ha permitido arribar a su propia manera de interpretar las cartas espa\u00f1olas como medio adivinatorio. Organizado en cuatro cap\u00edtulos, este libro se detiene en c\u00f3mo hacer una tirada de la Baraja seg\u00fan la manera propia de la autora, los significados de los naipes y sus diversas combinaciones y finalmente muestra un ejemplo de interpretaci\u00f3n en una consulta espec\u00edfica.  El antiguo esquema de Cruz, utilizado con un nuevo enfoque, permite complejizar la lectura de los naipes gracias a las varias posibilidades que este ofrece, llevadas a un punto de m\u00e1xima eficacia. Aunque parte respetuosamente de la tradici\u00f3n, este m\u00e9todo asume aqu\u00ed nuevas interpretaciones, a partir de una observaci\u00f3n atenta que se apoya en los valores simb\u00f3licos de las cartas y la manera en que estos se modifican para adquirir mayores precisiones. Las valiosas informaciones que la autora identifica en el esquema de Cruz constituyen una herramienta para clarificar con mayor detalle los mensajes de las diferentes combinaciones de cartas.  Este libro constituye un aporte serio y novedoso a la bibliograf\u00eda sobre el tema, porque es el feliz resultado del trabajo de alguien que no se ha conformado s\u00f3lo con su don natural, sino que ha estudiado el medio adivinatorio usando procedimientos racionales, en pos de mejores resultados que puedan ser \u00fatiles a cartomantes y aficionados. Sus nuevas interpretaciones, m\u00e1s pr\u00e1cticas y contempor\u00e1neas, entran en correspondencia con el mundo moderno y los problemas y necesidades actuales.\" \/>\n<meta property=\"og:url\" content=\"https:\/\/letrame.com\/catalogo\/producto\/la-baraja-espanola\/\" \/>\n<meta property=\"og:site_name\" content=\"Catalogo | Letrame Grupo Editorial\" \/>\n<meta property=\"og:image\" content=\"https:\/\/letrame.com\/catalogo\/wp-content\/uploads\/2024\/09\/zlabarajaespanola_541mmv44.jpg\" \/>\n\t<meta property=\"og:image:width\" content=\"550\" \/>\n\t<meta property=\"og:image:height\" content=\"795\" \/>\n\t<meta property=\"og:image:type\" content=\"image\/jpeg\" \/>\n<meta name=\"twitter:card\" content=\"summary_large_image\" \/>\n<meta name=\"twitter:label1\" content=\"Tiempo de lectura\" \/>\n\t<meta name=\"twitter:data1\" content=\"2 minutos\" \/>\n<script type=\"application\/ld+json\" class=\"yoast-schema-graph\">{\"@context\":\"https:\\\/\\\/schema.org\",\"@graph\":[{\"@type\":\"WebPage\",\"@id\":\"https:\\\/\\\/letrame.com\\\/catalogo\\\/producto\\\/la-baraja-espanola\\\/\",\"url\":\"https:\\\/\\\/letrame.com\\\/catalogo\\\/producto\\\/la-baraja-espanola\\\/\",\"name\":\"La baraja espa\u00f1ola - Catalogo | Letrame Grupo Editorial\",\"isPartOf\":{\"@id\":\"https:\\\/\\\/letrame.com\\\/catalogo\\\/#website\"},\"primaryImageOfPage\":{\"@id\":\"https:\\\/\\\/letrame.com\\\/catalogo\\\/producto\\\/la-baraja-espanola\\\/#primaryimage\"},\"image\":{\"@id\":\"https:\\\/\\\/letrame.com\\\/catalogo\\\/producto\\\/la-baraja-espanola\\\/#primaryimage\"},\"thumbnailUrl\":\"https:\\\/\\\/letrame.com\\\/catalogo\\\/wp-content\\\/uploads\\\/2024\\\/09\\\/zlabarajaespanola_541mmv44.jpg\",\"datePublished\":\"2024-09-30T10:21:17+00:00\",\"breadcrumb\":{\"@id\":\"https:\\\/\\\/letrame.com\\\/catalogo\\\/producto\\\/la-baraja-espanola\\\/#breadcrumb\"},\"inLanguage\":\"es\",\"potentialAction\":[{\"@type\":\"ReadAction\",\"target\":[\"https:\\\/\\\/letrame.com\\\/catalogo\\\/producto\\\/la-baraja-espanola\\\/\"]}]},{\"@type\":\"ImageObject\",\"inLanguage\":\"es\",\"@id\":\"https:\\\/\\\/letrame.com\\\/catalogo\\\/producto\\\/la-baraja-espanola\\\/#primaryimage\",\"url\":\"https:\\\/\\\/letrame.com\\\/catalogo\\\/wp-content\\\/uploads\\\/2024\\\/09\\\/zlabarajaespanola_541mmv44.jpg\",\"contentUrl\":\"https:\\\/\\\/letrame.com\\\/catalogo\\\/wp-content\\\/uploads\\\/2024\\\/09\\\/zlabarajaespanola_541mmv44.jpg\",\"width\":550,\"height\":795},{\"@type\":\"BreadcrumbList\",\"@id\":\"https:\\\/\\\/letrame.com\\\/catalogo\\\/producto\\\/la-baraja-espanola\\\/#breadcrumb\",\"itemListElement\":[{\"@type\":\"ListItem\",\"position\":1,\"name\":\"Portada\",\"item\":\"https:\\\/\\\/letrame.com\\\/catalogo\\\/\"},{\"@type\":\"ListItem\",\"position\":2,\"name\":\"Cat\u00e1logo\",\"item\":\"https:\\\/\\\/letrame.com\\\/catalogo\\\/\"},{\"@type\":\"ListItem\",\"position\":3,\"name\":\"La baraja espa\u00f1ola\"}]},{\"@type\":\"WebSite\",\"@id\":\"https:\\\/\\\/letrame.com\\\/catalogo\\\/#website\",\"url\":\"https:\\\/\\\/letrame.com\\\/catalogo\\\/\",\"name\":\"Catalogo | Letrame Grupo Editorial\",\"description\":\"\",\"publisher\":{\"@id\":\"https:\\\/\\\/letrame.com\\\/catalogo\\\/#organization\"},\"potentialAction\":[{\"@type\":\"SearchAction\",\"target\":{\"@type\":\"EntryPoint\",\"urlTemplate\":\"https:\\\/\\\/letrame.com\\\/catalogo\\\/?s={search_term_string}\"},\"query-input\":{\"@type\":\"PropertyValueSpecification\",\"valueRequired\":true,\"valueName\":\"search_term_string\"}}],\"inLanguage\":\"es\"},{\"@type\":\"Organization\",\"@id\":\"https:\\\/\\\/letrame.com\\\/catalogo\\\/#organization\",\"name\":\"Catalogo | Letrame Grupo Editorial\",\"url\":\"https:\\\/\\\/letrame.com\\\/catalogo\\\/\",\"logo\":{\"@type\":\"ImageObject\",\"inLanguage\":\"es\",\"@id\":\"https:\\\/\\\/letrame.com\\\/catalogo\\\/#\\\/schema\\\/logo\\\/image\\\/\",\"url\":\"https:\\\/\\\/letrame.com\\\/catalogo\\\/wp-content\\\/uploads\\\/2024\\\/03\\\/logo2.webp\",\"contentUrl\":\"https:\\\/\\\/letrame.com\\\/catalogo\\\/wp-content\\\/uploads\\\/2024\\\/03\\\/logo2.webp\",\"width\":394,\"height\":128,\"caption\":\"Catalogo | Letrame Grupo Editorial\"},\"image\":{\"@id\":\"https:\\\/\\\/letrame.com\\\/catalogo\\\/#\\\/schema\\\/logo\\\/image\\\/\"}}]}<\/script>\n<!-- \/ Yoast SEO plugin. -->","yoast_head_json":{"title":"La baraja espa\u00f1ola - Catalogo | Letrame Grupo Editorial","robots":{"index":"index","follow":"follow","max-snippet":"max-snippet:-1","max-image-preview":"max-image-preview:large","max-video-preview":"max-video-preview:-1"},"canonical":"https:\/\/letrame.com\/catalogo\/producto\/la-baraja-espanola\/","og_locale":"es_ES","og_type":"article","og_title":"La baraja espa\u00f1ola - Catalogo | Letrame Grupo Editorial","og_description":"ISBN: 978-84-1068-953-4 SINOPSIS La Baraja Espa\u00f1ola: una interpretaci\u00f3n moderna es fruto de la pr\u00e1ctica y el estudio constante de la autora, \u00c1ngela Patricia Acosta Villar, durante m\u00e1s de treinta a\u00f1os como cartomante, que le ha permitido arribar a su propia manera de interpretar las cartas espa\u00f1olas como medio adivinatorio. Organizado en cuatro cap\u00edtulos, este libro se detiene en c\u00f3mo hacer una tirada de la Baraja seg\u00fan la manera propia de la autora, los significados de los naipes y sus diversas combinaciones y finalmente muestra un ejemplo de interpretaci\u00f3n en una consulta espec\u00edfica.  El antiguo esquema de Cruz, utilizado con un nuevo enfoque, permite complejizar la lectura de los naipes gracias a las varias posibilidades que este ofrece, llevadas a un punto de m\u00e1xima eficacia. Aunque parte respetuosamente de la tradici\u00f3n, este m\u00e9todo asume aqu\u00ed nuevas interpretaciones, a partir de una observaci\u00f3n atenta que se apoya en los valores simb\u00f3licos de las cartas y la manera en que estos se modifican para adquirir mayores precisiones. Las valiosas informaciones que la autora identifica en el esquema de Cruz constituyen una herramienta para clarificar con mayor detalle los mensajes de las diferentes combinaciones de cartas.  Este libro constituye un aporte serio y novedoso a la bibliograf\u00eda sobre el tema, porque es el feliz resultado del trabajo de alguien que no se ha conformado s\u00f3lo con su don natural, sino que ha estudiado el medio adivinatorio usando procedimientos racionales, en pos de mejores resultados que puedan ser \u00fatiles a cartomantes y aficionados. Sus nuevas interpretaciones, m\u00e1s pr\u00e1cticas y contempor\u00e1neas, entran en correspondencia con el mundo moderno y los problemas y necesidades actuales.","og_url":"https:\/\/letrame.com\/catalogo\/producto\/la-baraja-espanola\/","og_site_name":"Catalogo | Letrame Grupo Editorial","og_image":[{"width":550,"height":795,"url":"https:\/\/letrame.com\/catalogo\/wp-content\/uploads\/2024\/09\/zlabarajaespanola_541mmv44.jpg","type":"image\/jpeg"}],"twitter_card":"summary_large_image","twitter_misc":{"Tiempo de lectura":"2 minutos"},"schema":{"@context":"https:\/\/schema.org","@graph":[{"@type":"WebPage","@id":"https:\/\/letrame.com\/catalogo\/producto\/la-baraja-espanola\/","url":"https:\/\/letrame.com\/catalogo\/producto\/la-baraja-espanola\/","name":"La baraja espa\u00f1ola - Catalogo | Letrame Grupo Editorial","isPartOf":{"@id":"https:\/\/letrame.com\/catalogo\/#website"},"primaryImageOfPage":{"@id":"https:\/\/letrame.com\/catalogo\/producto\/la-baraja-espanola\/#primaryimage"},"image":{"@id":"https:\/\/letrame.com\/catalogo\/producto\/la-baraja-espanola\/#primaryimage"},"thumbnailUrl":"https:\/\/letrame.com\/catalogo\/wp-content\/uploads\/2024\/09\/zlabarajaespanola_541mmv44.jpg","datePublished":"2024-09-30T10:21:17+00:00","breadcrumb":{"@id":"https:\/\/letrame.com\/catalogo\/producto\/la-baraja-espanola\/#breadcrumb"},"inLanguage":"es","potentialAction":[{"@type":"ReadAction","target":["https:\/\/letrame.com\/catalogo\/producto\/la-baraja-espanola\/"]}]},{"@type":"ImageObject","inLanguage":"es","@id":"https:\/\/letrame.com\/catalogo\/producto\/la-baraja-espanola\/#primaryimage","url":"https:\/\/letrame.com\/catalogo\/wp-content\/uploads\/2024\/09\/zlabarajaespanola_541mmv44.jpg","contentUrl":"https:\/\/letrame.com\/catalogo\/wp-content\/uploads\/2024\/09\/zlabarajaespanola_541mmv44.jpg","width":550,"height":795},{"@type":"BreadcrumbList","@id":"https:\/\/letrame.com\/catalogo\/producto\/la-baraja-espanola\/#breadcrumb","itemListElement":[{"@type":"ListItem","position":1,"name":"Portada","item":"https:\/\/letrame.com\/catalogo\/"},{"@type":"ListItem","position":2,"name":"Cat\u00e1logo","item":"https:\/\/letrame.com\/catalogo\/"},{"@type":"ListItem","position":3,"name":"La baraja espa\u00f1ola"}]},{"@type":"WebSite","@id":"https:\/\/letrame.com\/catalogo\/#website","url":"https:\/\/letrame.com\/catalogo\/","name":"Catalogo | Letrame Grupo Editorial","description":"","publisher":{"@id":"https:\/\/letrame.com\/catalogo\/#organization"},"potentialAction":[{"@type":"SearchAction","target":{"@type":"EntryPoint","urlTemplate":"https:\/\/letrame.com\/catalogo\/?s={search_term_string}"},"query-input":{"@type":"PropertyValueSpecification","valueRequired":true,"valueName":"search_term_string"}}],"inLanguage":"es"},{"@type":"Organization","@id":"https:\/\/letrame.com\/catalogo\/#organization","name":"Catalogo | Letrame Grupo Editorial","url":"https:\/\/letrame.com\/catalogo\/","logo":{"@type":"ImageObject","inLanguage":"es","@id":"https:\/\/letrame.com\/catalogo\/#\/schema\/logo\/image\/","url":"https:\/\/letrame.com\/catalogo\/wp-content\/uploads\/2024\/03\/logo2.webp","contentUrl":"https:\/\/letrame.com\/catalogo\/wp-content\/uploads\/2024\/03\/logo2.webp","width":394,"height":128,"caption":"Catalogo | Letrame Grupo Editorial"},"image":{"@id":"https:\/\/letrame.com\/catalogo\/#\/schema\/logo\/image\/"}}]}},"_links":{"self":[{"href":"https:\/\/letrame.com\/catalogo\/wp-json\/wp\/v2\/product\/106736","targetHints":{"allow":["GET"]}}],"collection":[{"href":"https:\/\/letrame.com\/catalogo\/wp-json\/wp\/v2\/product"}],"about":[{"href":"https:\/\/letrame.com\/catalogo\/wp-json\/wp\/v2\/types\/product"}],"replies":[{"embeddable":true,"href":"https:\/\/letrame.com\/catalogo\/wp-json\/wp\/v2\/comments?post=106736"}],"acf:post":[{"embeddable":true,"href":"https:\/\/letrame.com\/catalogo\/wp-json\/wp\/v2\/author_book\/106735"}],"wp:featuredmedia":[{"embeddable":true,"href":"https:\/\/letrame.com\/catalogo\/wp-json\/wp\/v2\/media\/106740"}],"wp:attachment":[{"href":"https:\/\/letrame.com\/catalogo\/wp-json\/wp\/v2\/media?parent=106736"}],"wp:term":[{"taxonomy":"libro","embeddable":true,"href":"https:\/\/letrame.com\/catalogo\/wp-json\/wp\/v2\/libro?post=106736"},{"taxonomy":"product_brand","embeddable":true,"href":"https:\/\/letrame.com\/catalogo\/wp-json\/wp\/v2\/product_brand?post=106736"},{"taxonomy":"product_cat","embeddable":true,"href":"https:\/\/letrame.com\/catalogo\/wp-json\/wp\/v2\/product_cat?post=106736"},{"taxonomy":"product_tag","embeddable":true,"href":"https:\/\/letrame.com\/catalogo\/wp-json\/wp\/v2\/product_tag?post=106736"}],"curies":[{"name":"wp","href":"https:\/\/api.w.org\/{rel}","templated":true}]}}