{"id":106724,"date":"2024-09-30T12:07:14","date_gmt":"2024-09-30T10:07:14","guid":{"rendered":"https:\/\/letrame.com\/catalogo\/?post_type=product&#038;p=106724"},"modified":"2024-09-30T12:07:14","modified_gmt":"2024-09-30T10:07:14","slug":"7-pasos-para-construir-tu-autodisciplina-del-exito","status":"publish","type":"product","link":"https:\/\/letrame.com\/catalogo\/producto\/7-pasos-para-construir-tu-autodisciplina-del-exito\/","title":{"rendered":"7 pasos para construir tu autodisciplina del E\u0301XITO"},"content":{"rendered":"<p class=\"p1\"><b>ISBN: <\/b>978-84-1181-242-9<\/p>\n<p class=\"p1\"><b>T\u00edtulo:\u00a0<\/b>7 pasos para construir tu autodisciplina del E\u0301XITO<\/p>\n<div class=\"page\" title=\"Page 5\">\n<div class=\"layoutArea\">\n<div class=\"column\">\n<p><b>A\u00f1o:\u00a0<\/b>2024<\/p>\n<\/div>\n<\/div>\n<\/div>\n<p class=\"p1\"><b>P\u00e1ginas:\u00a0<\/b>84<\/p>\n<p class=\"p1\"><b>SINOPSIS<\/b><\/p>\n<p>Jorge A. Sanjuan nos muestra\u00a0 en su obra c\u00f3mo la gran mayor\u00eda de personas en el mundo tienen sus metas y prioridades en la vida \u00fanicamente en su cabeza. No las colocan por escrito sobre un papel con una fecha l\u00edmite de cumplimiento. No se dan cuenta de c\u00f3mo se comportan y viajan a la deriva. Nunca consiguen nada en su vida.<\/p>\n<p>Cuando descubres que cada ser humano tiene sus propias prioridades, solo que sus prioridades est\u00e1n mal enfocadas en tomar alcohol, fumar, ver mucha televisi\u00f3n, comer mucha comida chatarra y gastar todo su dinero en cosas que no generan ingresos para su familia, aprendes y dejas de discutir con esas personas. Descubres que no son conscientes de lo mal que est\u00e1n definidas sus prioridades hasta que las colocan por escrito en un diario y ven en una semana, un mes en qu\u00e9 gastan su valioso tiempo y su dinero.<\/p>\n<p>Una disciplina de concentraci\u00f3n profunda sin distracciones durante m\u00e1s de 60 minutos en un tema de estudio o nueva habilidad, como aprender un idioma, tocar un instrumento te acerca a dominar esa nueva habilidad m\u00e1s r\u00e1pido que el resto de las personas.<\/p>\n<p>Debes tener muy bien definido lo que quieres, el precio que te va a costar y luego te obligas a pagar ese precio. Debes vacunarte contra la pandemia de la \u00a0\u00abExcusitis\u00bb, \u00a0que causa la mayor cantidad de muertes de sue\u00f1os en el mundo.<\/p>\n<p>\u00abCada persona que se comprometa y tome acci\u00f3n ahora alcanza el \u00e9xito\u00bb.\u00a0 Jorge A. Sanjuan<\/p>\n","protected":false},"excerpt":{"rendered":"<p class=\"p1\"><b>ISBN: <\/b>978-84-1181-242-9<\/p>\n<p class=\"p1\"><b>SINOPSIS<\/b><\/p>\n<p>Jorge A. Sanjuan nos muestra\u00a0 en su obra c\u00f3mo la gran mayor\u00eda de personas en el mundo tienen sus metas y prioridades en la vida \u00fanicamente en su cabeza. No las colocan por escrito sobre un papel con una fecha l\u00edmite de cumplimiento. No se dan cuenta de c\u00f3mo se comportan y viajan a la deriva. Nunca consiguen nada en su vida.<\/p>\n<p>Cuando descubres que cada ser humano tiene sus propias prioridades, solo que sus prioridades est\u00e1n mal enfocadas en tomar alcohol, fumar, ver mucha televisi\u00f3n, comer mucha comida chatarra y gastar todo su dinero en cosas que no generan ingresos para su familia, aprendes y dejas de discutir con esas personas. Descubres que no son conscientes de lo mal que est\u00e1n definidas sus prioridades hasta que las colocan por escrito en un diario y ven en una semana, un mes en qu\u00e9 gastan su valioso tiempo y su dinero.<\/p>\n<p>Una disciplina de concentraci\u00f3n profunda sin distracciones durante m\u00e1s de 60 minutos en un tema de estudio o nueva habilidad, como aprender un idioma, tocar un instrumento te acerca a dominar esa nueva habilidad m\u00e1s r\u00e1pido que el resto de las personas.<\/p>\n<p>Debes tener muy bien definido lo que quieres, el precio que te va a costar y luego te obligas a pagar ese precio. Debes vacunarte contra la pandemia de la \u00a0\u00abExcusitis\u00bb, \u00a0que causa la mayor cantidad de muertes de sue\u00f1os en el mundo.<\/p>\n<p>\u00abCada persona que se comprometa y tome acci\u00f3n ahora alcanza el \u00e9xito\u00bb.\u00a0 Jorge A. Sanjuan<\/p>\n","protected":false},"featured_media":106727,"comment_status":"open","ping_status":"closed","template":"","meta":{"_acf_changed":false},"libro":[],"product_brand":[],"product_cat":[40],"product_tag":[],"class_list":{"0":"post-106724","1":"product","2":"type-product","3":"status-publish","4":"has-post-thumbnail","6":"product_cat-economia","8":"first","9":"instock","10":"shipping-taxable","11":"product-type-simple"},"acf":{"autor":[106723],"enlace_de_compra":"https:\/\/amzn.to\/47KRMDg"},"yoast_head":"<!-- This site is optimized with the Yoast SEO plugin v26.6 - https:\/\/yoast.com\/wordpress\/plugins\/seo\/ -->\n<title>7 pasos para construir tu autodisciplina del E\u0301XITO - Catalogo | Letrame Grupo Editorial<\/title>\n<meta name=\"robots\" content=\"index, follow, max-snippet:-1, max-image-preview:large, max-video-preview:-1\" \/>\n<link rel=\"canonical\" href=\"https:\/\/letrame.com\/catalogo\/producto\/7-pasos-para-construir-tu-autodisciplina-del-exito\/\" \/>\n<meta property=\"og:locale\" content=\"es_ES\" \/>\n<meta property=\"og:type\" content=\"article\" \/>\n<meta property=\"og:title\" content=\"7 pasos para construir tu autodisciplina del E\u0301XITO - Catalogo | Letrame Grupo Editorial\" \/>\n<meta property=\"og:description\" content=\"ISBN: 978-84-1181-242-9 SINOPSIS Jorge A. Sanjuan nos muestra\u00a0 en su obra c\u00f3mo la gran mayor\u00eda de personas en el mundo tienen sus metas y prioridades en la vida \u00fanicamente en su cabeza. No las colocan por escrito sobre un papel con una fecha l\u00edmite de cumplimiento. No se dan cuenta de c\u00f3mo se comportan y viajan a la deriva. Nunca consiguen nada en su vida.  Cuando descubres que cada ser humano tiene sus propias prioridades, solo que sus prioridades est\u00e1n mal enfocadas en tomar alcohol, fumar, ver mucha televisi\u00f3n, comer mucha comida chatarra y gastar todo su dinero en cosas que no generan ingresos para su familia, aprendes y dejas de discutir con esas personas. Descubres que no son conscientes de lo mal que est\u00e1n definidas sus prioridades hasta que las colocan por escrito en un diario y ven en una semana, un mes en qu\u00e9 gastan su valioso tiempo y su dinero.  Una disciplina de concentraci\u00f3n profunda sin distracciones durante m\u00e1s de 60 minutos en un tema de estudio o nueva habilidad, como aprender un idioma, tocar un instrumento te acerca a dominar esa nueva habilidad m\u00e1s r\u00e1pido que el resto de las personas.  Debes tener muy bien definido lo que quieres, el precio que te va a costar y luego te obligas a pagar ese precio. Debes vacunarte contra la pandemia de la \u00a0\u00abExcusitis\u00bb, \u00a0que causa la mayor cantidad de muertes de sue\u00f1os en el mundo.  \u00abCada persona que se comprometa y tome acci\u00f3n ahora alcanza el \u00e9xito\u00bb.\u00a0 Jorge A. Sanjuan\" \/>\n<meta property=\"og:url\" content=\"https:\/\/letrame.com\/catalogo\/producto\/7-pasos-para-construir-tu-autodisciplina-del-exito\/\" \/>\n<meta property=\"og:site_name\" content=\"Catalogo | Letrame Grupo Editorial\" \/>\n<meta property=\"og:image\" content=\"https:\/\/letrame.com\/catalogo\/wp-content\/uploads\/2024\/09\/zBM_7pasosparacontruir_5mm.jpg\" \/>\n\t<meta property=\"og:image:width\" content=\"1000\" \/>\n\t<meta property=\"og:image:height\" content=\"1506\" \/>\n\t<meta property=\"og:image:type\" content=\"image\/jpeg\" \/>\n<meta name=\"twitter:card\" content=\"summary_large_image\" \/>\n<meta name=\"twitter:label1\" content=\"Tiempo de lectura\" \/>\n\t<meta name=\"twitter:data1\" content=\"2 minutos\" \/>\n<script type=\"application\/ld+json\" class=\"yoast-schema-graph\">{\"@context\":\"https:\/\/schema.org\",\"@graph\":[{\"@type\":\"WebPage\",\"@id\":\"https:\/\/letrame.com\/catalogo\/producto\/7-pasos-para-construir-tu-autodisciplina-del-exito\/\",\"url\":\"https:\/\/letrame.com\/catalogo\/producto\/7-pasos-para-construir-tu-autodisciplina-del-exito\/\",\"name\":\"7 pasos para construir tu autodisciplina del E\u0301XITO - Catalogo | Letrame Grupo Editorial\",\"isPartOf\":{\"@id\":\"https:\/\/letrame.com\/catalogo\/#website\"},\"primaryImageOfPage\":{\"@id\":\"https:\/\/letrame.com\/catalogo\/producto\/7-pasos-para-construir-tu-autodisciplina-del-exito\/#primaryimage\"},\"image\":{\"@id\":\"https:\/\/letrame.com\/catalogo\/producto\/7-pasos-para-construir-tu-autodisciplina-del-exito\/#primaryimage\"},\"thumbnailUrl\":\"https:\/\/letrame.com\/catalogo\/wp-content\/uploads\/2024\/09\/zBM_7pasosparacontruir_5mm.jpg\",\"datePublished\":\"2024-09-30T10:07:14+00:00\",\"breadcrumb\":{\"@id\":\"https:\/\/letrame.com\/catalogo\/producto\/7-pasos-para-construir-tu-autodisciplina-del-exito\/#breadcrumb\"},\"inLanguage\":\"es\",\"potentialAction\":[{\"@type\":\"ReadAction\",\"target\":[\"https:\/\/letrame.com\/catalogo\/producto\/7-pasos-para-construir-tu-autodisciplina-del-exito\/\"]}]},{\"@type\":\"ImageObject\",\"inLanguage\":\"es\",\"@id\":\"https:\/\/letrame.com\/catalogo\/producto\/7-pasos-para-construir-tu-autodisciplina-del-exito\/#primaryimage\",\"url\":\"https:\/\/letrame.com\/catalogo\/wp-content\/uploads\/2024\/09\/zBM_7pasosparacontruir_5mm.jpg\",\"contentUrl\":\"https:\/\/letrame.com\/catalogo\/wp-content\/uploads\/2024\/09\/zBM_7pasosparacontruir_5mm.jpg\",\"width\":1000,\"height\":1506},{\"@type\":\"BreadcrumbList\",\"@id\":\"https:\/\/letrame.com\/catalogo\/producto\/7-pasos-para-construir-tu-autodisciplina-del-exito\/#breadcrumb\",\"itemListElement\":[{\"@type\":\"ListItem\",\"position\":1,\"name\":\"Portada\",\"item\":\"https:\/\/letrame.com\/catalogo\/\"},{\"@type\":\"ListItem\",\"position\":2,\"name\":\"Cat\u00e1logo\",\"item\":\"https:\/\/letrame.com\/catalogo\/\"},{\"@type\":\"ListItem\",\"position\":3,\"name\":\"7 pasos para construir tu autodisciplina del E\u0301XITO\"}]},{\"@type\":\"WebSite\",\"@id\":\"https:\/\/letrame.com\/catalogo\/#website\",\"url\":\"https:\/\/letrame.com\/catalogo\/\",\"name\":\"Catalogo | Letrame Grupo Editorial\",\"description\":\"\",\"publisher\":{\"@id\":\"https:\/\/letrame.com\/catalogo\/#organization\"},\"potentialAction\":[{\"@type\":\"SearchAction\",\"target\":{\"@type\":\"EntryPoint\",\"urlTemplate\":\"https:\/\/letrame.com\/catalogo\/?s={search_term_string}\"},\"query-input\":{\"@type\":\"PropertyValueSpecification\",\"valueRequired\":true,\"valueName\":\"search_term_string\"}}],\"inLanguage\":\"es\"},{\"@type\":\"Organization\",\"@id\":\"https:\/\/letrame.com\/catalogo\/#organization\",\"name\":\"Catalogo | Letrame Grupo Editorial\",\"url\":\"https:\/\/letrame.com\/catalogo\/\",\"logo\":{\"@type\":\"ImageObject\",\"inLanguage\":\"es\",\"@id\":\"https:\/\/letrame.com\/catalogo\/#\/schema\/logo\/image\/\",\"url\":\"https:\/\/letrame.com\/catalogo\/wp-content\/uploads\/2024\/03\/logo2.webp\",\"contentUrl\":\"https:\/\/letrame.com\/catalogo\/wp-content\/uploads\/2024\/03\/logo2.webp\",\"width\":394,\"height\":128,\"caption\":\"Catalogo | Letrame Grupo Editorial\"},\"image\":{\"@id\":\"https:\/\/letrame.com\/catalogo\/#\/schema\/logo\/image\/\"}}]}<\/script>\n<!-- \/ Yoast SEO plugin. -->","yoast_head_json":{"title":"7 pasos para construir tu autodisciplina del E\u0301XITO - Catalogo | Letrame Grupo Editorial","robots":{"index":"index","follow":"follow","max-snippet":"max-snippet:-1","max-image-preview":"max-image-preview:large","max-video-preview":"max-video-preview:-1"},"canonical":"https:\/\/letrame.com\/catalogo\/producto\/7-pasos-para-construir-tu-autodisciplina-del-exito\/","og_locale":"es_ES","og_type":"article","og_title":"7 pasos para construir tu autodisciplina del E\u0301XITO - Catalogo | Letrame Grupo Editorial","og_description":"ISBN: 978-84-1181-242-9 SINOPSIS Jorge A. Sanjuan nos muestra\u00a0 en su obra c\u00f3mo la gran mayor\u00eda de personas en el mundo tienen sus metas y prioridades en la vida \u00fanicamente en su cabeza. No las colocan por escrito sobre un papel con una fecha l\u00edmite de cumplimiento. No se dan cuenta de c\u00f3mo se comportan y viajan a la deriva. Nunca consiguen nada en su vida.  Cuando descubres que cada ser humano tiene sus propias prioridades, solo que sus prioridades est\u00e1n mal enfocadas en tomar alcohol, fumar, ver mucha televisi\u00f3n, comer mucha comida chatarra y gastar todo su dinero en cosas que no generan ingresos para su familia, aprendes y dejas de discutir con esas personas. Descubres que no son conscientes de lo mal que est\u00e1n definidas sus prioridades hasta que las colocan por escrito en un diario y ven en una semana, un mes en qu\u00e9 gastan su valioso tiempo y su dinero.  Una disciplina de concentraci\u00f3n profunda sin distracciones durante m\u00e1s de 60 minutos en un tema de estudio o nueva habilidad, como aprender un idioma, tocar un instrumento te acerca a dominar esa nueva habilidad m\u00e1s r\u00e1pido que el resto de las personas.  Debes tener muy bien definido lo que quieres, el precio que te va a costar y luego te obligas a pagar ese precio. Debes vacunarte contra la pandemia de la \u00a0\u00abExcusitis\u00bb, \u00a0que causa la mayor cantidad de muertes de sue\u00f1os en el mundo.  \u00abCada persona que se comprometa y tome acci\u00f3n ahora alcanza el \u00e9xito\u00bb.\u00a0 Jorge A. Sanjuan","og_url":"https:\/\/letrame.com\/catalogo\/producto\/7-pasos-para-construir-tu-autodisciplina-del-exito\/","og_site_name":"Catalogo | Letrame Grupo Editorial","og_image":[{"width":1000,"height":1506,"url":"https:\/\/letrame.com\/catalogo\/wp-content\/uploads\/2024\/09\/zBM_7pasosparacontruir_5mm.jpg","type":"image\/jpeg"}],"twitter_card":"summary_large_image","twitter_misc":{"Tiempo de lectura":"2 minutos"},"schema":{"@context":"https:\/\/schema.org","@graph":[{"@type":"WebPage","@id":"https:\/\/letrame.com\/catalogo\/producto\/7-pasos-para-construir-tu-autodisciplina-del-exito\/","url":"https:\/\/letrame.com\/catalogo\/producto\/7-pasos-para-construir-tu-autodisciplina-del-exito\/","name":"7 pasos para construir tu autodisciplina del E\u0301XITO - Catalogo | Letrame Grupo Editorial","isPartOf":{"@id":"https:\/\/letrame.com\/catalogo\/#website"},"primaryImageOfPage":{"@id":"https:\/\/letrame.com\/catalogo\/producto\/7-pasos-para-construir-tu-autodisciplina-del-exito\/#primaryimage"},"image":{"@id":"https:\/\/letrame.com\/catalogo\/producto\/7-pasos-para-construir-tu-autodisciplina-del-exito\/#primaryimage"},"thumbnailUrl":"https:\/\/letrame.com\/catalogo\/wp-content\/uploads\/2024\/09\/zBM_7pasosparacontruir_5mm.jpg","datePublished":"2024-09-30T10:07:14+00:00","breadcrumb":{"@id":"https:\/\/letrame.com\/catalogo\/producto\/7-pasos-para-construir-tu-autodisciplina-del-exito\/#breadcrumb"},"inLanguage":"es","potentialAction":[{"@type":"ReadAction","target":["https:\/\/letrame.com\/catalogo\/producto\/7-pasos-para-construir-tu-autodisciplina-del-exito\/"]}]},{"@type":"ImageObject","inLanguage":"es","@id":"https:\/\/letrame.com\/catalogo\/producto\/7-pasos-para-construir-tu-autodisciplina-del-exito\/#primaryimage","url":"https:\/\/letrame.com\/catalogo\/wp-content\/uploads\/2024\/09\/zBM_7pasosparacontruir_5mm.jpg","contentUrl":"https:\/\/letrame.com\/catalogo\/wp-content\/uploads\/2024\/09\/zBM_7pasosparacontruir_5mm.jpg","width":1000,"height":1506},{"@type":"BreadcrumbList","@id":"https:\/\/letrame.com\/catalogo\/producto\/7-pasos-para-construir-tu-autodisciplina-del-exito\/#breadcrumb","itemListElement":[{"@type":"ListItem","position":1,"name":"Portada","item":"https:\/\/letrame.com\/catalogo\/"},{"@type":"ListItem","position":2,"name":"Cat\u00e1logo","item":"https:\/\/letrame.com\/catalogo\/"},{"@type":"ListItem","position":3,"name":"7 pasos para construir tu autodisciplina del E\u0301XITO"}]},{"@type":"WebSite","@id":"https:\/\/letrame.com\/catalogo\/#website","url":"https:\/\/letrame.com\/catalogo\/","name":"Catalogo | Letrame Grupo Editorial","description":"","publisher":{"@id":"https:\/\/letrame.com\/catalogo\/#organization"},"potentialAction":[{"@type":"SearchAction","target":{"@type":"EntryPoint","urlTemplate":"https:\/\/letrame.com\/catalogo\/?s={search_term_string}"},"query-input":{"@type":"PropertyValueSpecification","valueRequired":true,"valueName":"search_term_string"}}],"inLanguage":"es"},{"@type":"Organization","@id":"https:\/\/letrame.com\/catalogo\/#organization","name":"Catalogo | Letrame Grupo Editorial","url":"https:\/\/letrame.com\/catalogo\/","logo":{"@type":"ImageObject","inLanguage":"es","@id":"https:\/\/letrame.com\/catalogo\/#\/schema\/logo\/image\/","url":"https:\/\/letrame.com\/catalogo\/wp-content\/uploads\/2024\/03\/logo2.webp","contentUrl":"https:\/\/letrame.com\/catalogo\/wp-content\/uploads\/2024\/03\/logo2.webp","width":394,"height":128,"caption":"Catalogo | Letrame Grupo Editorial"},"image":{"@id":"https:\/\/letrame.com\/catalogo\/#\/schema\/logo\/image\/"}}]}},"_links":{"self":[{"href":"https:\/\/letrame.com\/catalogo\/wp-json\/wp\/v2\/product\/106724","targetHints":{"allow":["GET"]}}],"collection":[{"href":"https:\/\/letrame.com\/catalogo\/wp-json\/wp\/v2\/product"}],"about":[{"href":"https:\/\/letrame.com\/catalogo\/wp-json\/wp\/v2\/types\/product"}],"replies":[{"embeddable":true,"href":"https:\/\/letrame.com\/catalogo\/wp-json\/wp\/v2\/comments?post=106724"}],"acf:post":[{"embeddable":true,"href":"https:\/\/letrame.com\/catalogo\/wp-json\/wp\/v2\/author_book\/106723"}],"wp:featuredmedia":[{"embeddable":true,"href":"https:\/\/letrame.com\/catalogo\/wp-json\/wp\/v2\/media\/106727"}],"wp:attachment":[{"href":"https:\/\/letrame.com\/catalogo\/wp-json\/wp\/v2\/media?parent=106724"}],"wp:term":[{"taxonomy":"libro","embeddable":true,"href":"https:\/\/letrame.com\/catalogo\/wp-json\/wp\/v2\/libro?post=106724"},{"taxonomy":"product_brand","embeddable":true,"href":"https:\/\/letrame.com\/catalogo\/wp-json\/wp\/v2\/product_brand?post=106724"},{"taxonomy":"product_cat","embeddable":true,"href":"https:\/\/letrame.com\/catalogo\/wp-json\/wp\/v2\/product_cat?post=106724"},{"taxonomy":"product_tag","embeddable":true,"href":"https:\/\/letrame.com\/catalogo\/wp-json\/wp\/v2\/product_tag?post=106724"}],"curies":[{"name":"wp","href":"https:\/\/api.w.org\/{rel}","templated":true}]}}