{"id":106695,"date":"2024-09-30T11:02:17","date_gmt":"2024-09-30T09:02:17","guid":{"rendered":"https:\/\/letrame.com\/catalogo\/?post_type=product&#038;p=106695"},"modified":"2024-09-30T11:02:18","modified_gmt":"2024-09-30T09:02:18","slug":"la-naturalista-emocional-castellano","status":"publish","type":"product","link":"https:\/\/letrame.com\/catalogo\/producto\/la-naturalista-emocional-castellano\/","title":{"rendered":"La naturalista emocional (castellano)"},"content":{"rendered":"<p class=\"p1\"><b>ISBN:\u00a0<\/b>978-84-1068-876-6<\/p>\n<p class=\"p1\"><b>T\u00edtulo:\u00a0<\/b>La naturalista emocional (castellano)<\/p>\n<p class=\"p1\"><b>A\u00f1o:<\/b> 2024<\/p>\n<p class=\"p1\"><b>P\u00e1ginas:<\/b> 68<\/p>\n<p class=\"p1\"><b>SINOPSIS<\/b><\/p>\n<p>M\u00e1s que un libro, <em>La naturalista emocional<\/em> es una forma de entender la vida. Siguiendo los pasos de Arlet, la escritora nos invita a participar de un canto particular a la naturaleza. Un canto de respeto, de curiosidad y b\u00fasqueda de peque\u00f1os logros que definen al personaje principal. El libro transita un camino trazado con mucho cuidado a partir de im\u00e1genes precisas y, cuando es necesario, de mitos, cuentos y f\u00e1bulas de todo el mundo y de creaci\u00f3n propia. Eva Rodellas es una persona viajera que ha sabido componer un relato delicado, aunando elementos de diferentes culturas, apropi\u00e1ndoselos con inteligencia y traduci\u00e9ndolos en el pensamiento \u2014el que se expresa y lo que se esconde\u2014 y en los gestos de su protagonista.<\/p>\n","protected":false},"excerpt":{"rendered":"<p class=\"p1\"><b>ISBN:\u00a0<\/b>978-84-1068-876-6<\/p>\n<p class=\"p1\"><b>SINOPSIS<\/b><\/p>\n<p>M\u00e1s que un libro, <em>La naturalista emocional<\/em> es una forma de entender la vida. Siguiendo los pasos de Arlet, la escritora nos invita a participar de un canto particular a la naturaleza. Un canto de respeto, de curiosidad y b\u00fasqueda de peque\u00f1os logros que definen al personaje principal. El libro transita un camino trazado con mucho cuidado a partir de im\u00e1genes precisas y, cuando es necesario, de mitos, cuentos y f\u00e1bulas de todo el mundo y de creaci\u00f3n propia. Eva Rodellas es una persona viajera que ha sabido componer un relato delicado, aunando elementos de diferentes culturas, apropi\u00e1ndoselos con inteligencia y traduci\u00e9ndolos en el pensamiento \u2014el que se expresa y lo que se esconde\u2014 y en los gestos de su protagonista.<\/p>\n","protected":false},"featured_media":106698,"comment_status":"open","ping_status":"closed","template":"","meta":{"_acf_changed":false},"libro":[],"product_brand":[],"product_cat":[47],"product_tag":[],"class_list":{"0":"post-106695","1":"product","2":"type-product","3":"status-publish","4":"has-post-thumbnail","6":"product_cat-ciencia-ficcion-misterio","8":"first","9":"instock","10":"shipping-taxable","11":"product-type-simple"},"acf":{"autor":[101841],"enlace_de_compra":"https:\/\/amzn.to\/4dtDEQi"},"yoast_head":"<!-- This site is optimized with the Yoast SEO plugin v27.4 - https:\/\/yoast.com\/product\/yoast-seo-wordpress\/ -->\n<title>La naturalista emocional (castellano) - Catalogo | Letrame Grupo Editorial<\/title>\n<meta name=\"robots\" content=\"index, follow, max-snippet:-1, max-image-preview:large, max-video-preview:-1\" \/>\n<link rel=\"canonical\" href=\"https:\/\/letrame.com\/catalogo\/producto\/la-naturalista-emocional-castellano\/\" \/>\n<meta property=\"og:locale\" content=\"es_ES\" \/>\n<meta property=\"og:type\" content=\"article\" \/>\n<meta property=\"og:title\" content=\"La naturalista emocional (castellano) - Catalogo | Letrame Grupo Editorial\" \/>\n<meta property=\"og:description\" content=\"ISBN:\u00a0978-84-1068-876-6 SINOPSIS M\u00e1s que un libro, La naturalista emocional es una forma de entender la vida. Siguiendo los pasos de Arlet, la escritora nos invita a participar de un canto particular a la naturaleza. Un canto de respeto, de curiosidad y b\u00fasqueda de peque\u00f1os logros que definen al personaje principal. El libro transita un camino trazado con mucho cuidado a partir de im\u00e1genes precisas y, cuando es necesario, de mitos, cuentos y f\u00e1bulas de todo el mundo y de creaci\u00f3n propia. Eva Rodellas es una persona viajera que ha sabido componer un relato delicado, aunando elementos de diferentes culturas, apropi\u00e1ndoselos con inteligencia y traduci\u00e9ndolos en el pensamiento \u2014el que se expresa y lo que se esconde\u2014 y en los gestos de su protagonista.\" \/>\n<meta property=\"og:url\" content=\"https:\/\/letrame.com\/catalogo\/producto\/la-naturalista-emocional-castellano\/\" \/>\n<meta property=\"og:site_name\" content=\"Catalogo | Letrame Grupo Editorial\" \/>\n<meta property=\"article:modified_time\" content=\"2024-09-30T09:02:18+00:00\" \/>\n<meta property=\"og:image\" content=\"https:\/\/letrame.com\/catalogo\/wp-content\/uploads\/2024\/09\/zp_lanturalista_519mm.jpg\" \/>\n\t<meta property=\"og:image:width\" content=\"400\" \/>\n\t<meta property=\"og:image:height\" content=\"571\" \/>\n\t<meta property=\"og:image:type\" content=\"image\/jpeg\" \/>\n<meta name=\"twitter:card\" content=\"summary_large_image\" \/>\n<meta name=\"twitter:label1\" content=\"Tiempo de lectura\" \/>\n\t<meta name=\"twitter:data1\" content=\"1 minuto\" \/>\n<script type=\"application\/ld+json\" class=\"yoast-schema-graph\">{\"@context\":\"https:\\\/\\\/schema.org\",\"@graph\":[{\"@type\":\"WebPage\",\"@id\":\"https:\\\/\\\/letrame.com\\\/catalogo\\\/producto\\\/la-naturalista-emocional-castellano\\\/\",\"url\":\"https:\\\/\\\/letrame.com\\\/catalogo\\\/producto\\\/la-naturalista-emocional-castellano\\\/\",\"name\":\"La naturalista emocional (castellano) - Catalogo | Letrame Grupo Editorial\",\"isPartOf\":{\"@id\":\"https:\\\/\\\/letrame.com\\\/catalogo\\\/#website\"},\"primaryImageOfPage\":{\"@id\":\"https:\\\/\\\/letrame.com\\\/catalogo\\\/producto\\\/la-naturalista-emocional-castellano\\\/#primaryimage\"},\"image\":{\"@id\":\"https:\\\/\\\/letrame.com\\\/catalogo\\\/producto\\\/la-naturalista-emocional-castellano\\\/#primaryimage\"},\"thumbnailUrl\":\"https:\\\/\\\/letrame.com\\\/catalogo\\\/wp-content\\\/uploads\\\/2024\\\/09\\\/zp_lanturalista_519mm.jpg\",\"datePublished\":\"2024-09-30T09:02:17+00:00\",\"dateModified\":\"2024-09-30T09:02:18+00:00\",\"breadcrumb\":{\"@id\":\"https:\\\/\\\/letrame.com\\\/catalogo\\\/producto\\\/la-naturalista-emocional-castellano\\\/#breadcrumb\"},\"inLanguage\":\"es\",\"potentialAction\":[{\"@type\":\"ReadAction\",\"target\":[\"https:\\\/\\\/letrame.com\\\/catalogo\\\/producto\\\/la-naturalista-emocional-castellano\\\/\"]}]},{\"@type\":\"ImageObject\",\"inLanguage\":\"es\",\"@id\":\"https:\\\/\\\/letrame.com\\\/catalogo\\\/producto\\\/la-naturalista-emocional-castellano\\\/#primaryimage\",\"url\":\"https:\\\/\\\/letrame.com\\\/catalogo\\\/wp-content\\\/uploads\\\/2024\\\/09\\\/zp_lanturalista_519mm.jpg\",\"contentUrl\":\"https:\\\/\\\/letrame.com\\\/catalogo\\\/wp-content\\\/uploads\\\/2024\\\/09\\\/zp_lanturalista_519mm.jpg\",\"width\":400,\"height\":571},{\"@type\":\"BreadcrumbList\",\"@id\":\"https:\\\/\\\/letrame.com\\\/catalogo\\\/producto\\\/la-naturalista-emocional-castellano\\\/#breadcrumb\",\"itemListElement\":[{\"@type\":\"ListItem\",\"position\":1,\"name\":\"Portada\",\"item\":\"https:\\\/\\\/letrame.com\\\/catalogo\\\/\"},{\"@type\":\"ListItem\",\"position\":2,\"name\":\"Cat\u00e1logo\",\"item\":\"https:\\\/\\\/letrame.com\\\/catalogo\\\/\"},{\"@type\":\"ListItem\",\"position\":3,\"name\":\"La naturalista emocional (castellano)\"}]},{\"@type\":\"WebSite\",\"@id\":\"https:\\\/\\\/letrame.com\\\/catalogo\\\/#website\",\"url\":\"https:\\\/\\\/letrame.com\\\/catalogo\\\/\",\"name\":\"Catalogo | Letrame Grupo Editorial\",\"description\":\"\",\"publisher\":{\"@id\":\"https:\\\/\\\/letrame.com\\\/catalogo\\\/#organization\"},\"potentialAction\":[{\"@type\":\"SearchAction\",\"target\":{\"@type\":\"EntryPoint\",\"urlTemplate\":\"https:\\\/\\\/letrame.com\\\/catalogo\\\/?s={search_term_string}\"},\"query-input\":{\"@type\":\"PropertyValueSpecification\",\"valueRequired\":true,\"valueName\":\"search_term_string\"}}],\"inLanguage\":\"es\"},{\"@type\":\"Organization\",\"@id\":\"https:\\\/\\\/letrame.com\\\/catalogo\\\/#organization\",\"name\":\"Catalogo | Letrame Grupo Editorial\",\"url\":\"https:\\\/\\\/letrame.com\\\/catalogo\\\/\",\"logo\":{\"@type\":\"ImageObject\",\"inLanguage\":\"es\",\"@id\":\"https:\\\/\\\/letrame.com\\\/catalogo\\\/#\\\/schema\\\/logo\\\/image\\\/\",\"url\":\"https:\\\/\\\/letrame.com\\\/catalogo\\\/wp-content\\\/uploads\\\/2024\\\/03\\\/logo2.webp\",\"contentUrl\":\"https:\\\/\\\/letrame.com\\\/catalogo\\\/wp-content\\\/uploads\\\/2024\\\/03\\\/logo2.webp\",\"width\":394,\"height\":128,\"caption\":\"Catalogo | Letrame Grupo Editorial\"},\"image\":{\"@id\":\"https:\\\/\\\/letrame.com\\\/catalogo\\\/#\\\/schema\\\/logo\\\/image\\\/\"}}]}<\/script>\n<!-- \/ Yoast SEO plugin. -->","yoast_head_json":{"title":"La naturalista emocional (castellano) - Catalogo | Letrame Grupo Editorial","robots":{"index":"index","follow":"follow","max-snippet":"max-snippet:-1","max-image-preview":"max-image-preview:large","max-video-preview":"max-video-preview:-1"},"canonical":"https:\/\/letrame.com\/catalogo\/producto\/la-naturalista-emocional-castellano\/","og_locale":"es_ES","og_type":"article","og_title":"La naturalista emocional (castellano) - Catalogo | Letrame Grupo Editorial","og_description":"ISBN:\u00a0978-84-1068-876-6 SINOPSIS M\u00e1s que un libro, La naturalista emocional es una forma de entender la vida. Siguiendo los pasos de Arlet, la escritora nos invita a participar de un canto particular a la naturaleza. Un canto de respeto, de curiosidad y b\u00fasqueda de peque\u00f1os logros que definen al personaje principal. El libro transita un camino trazado con mucho cuidado a partir de im\u00e1genes precisas y, cuando es necesario, de mitos, cuentos y f\u00e1bulas de todo el mundo y de creaci\u00f3n propia. Eva Rodellas es una persona viajera que ha sabido componer un relato delicado, aunando elementos de diferentes culturas, apropi\u00e1ndoselos con inteligencia y traduci\u00e9ndolos en el pensamiento \u2014el que se expresa y lo que se esconde\u2014 y en los gestos de su protagonista.","og_url":"https:\/\/letrame.com\/catalogo\/producto\/la-naturalista-emocional-castellano\/","og_site_name":"Catalogo | Letrame Grupo Editorial","article_modified_time":"2024-09-30T09:02:18+00:00","og_image":[{"width":400,"height":571,"url":"https:\/\/letrame.com\/catalogo\/wp-content\/uploads\/2024\/09\/zp_lanturalista_519mm.jpg","type":"image\/jpeg"}],"twitter_card":"summary_large_image","twitter_misc":{"Tiempo de lectura":"1 minuto"},"schema":{"@context":"https:\/\/schema.org","@graph":[{"@type":"WebPage","@id":"https:\/\/letrame.com\/catalogo\/producto\/la-naturalista-emocional-castellano\/","url":"https:\/\/letrame.com\/catalogo\/producto\/la-naturalista-emocional-castellano\/","name":"La naturalista emocional (castellano) - Catalogo | Letrame Grupo Editorial","isPartOf":{"@id":"https:\/\/letrame.com\/catalogo\/#website"},"primaryImageOfPage":{"@id":"https:\/\/letrame.com\/catalogo\/producto\/la-naturalista-emocional-castellano\/#primaryimage"},"image":{"@id":"https:\/\/letrame.com\/catalogo\/producto\/la-naturalista-emocional-castellano\/#primaryimage"},"thumbnailUrl":"https:\/\/letrame.com\/catalogo\/wp-content\/uploads\/2024\/09\/zp_lanturalista_519mm.jpg","datePublished":"2024-09-30T09:02:17+00:00","dateModified":"2024-09-30T09:02:18+00:00","breadcrumb":{"@id":"https:\/\/letrame.com\/catalogo\/producto\/la-naturalista-emocional-castellano\/#breadcrumb"},"inLanguage":"es","potentialAction":[{"@type":"ReadAction","target":["https:\/\/letrame.com\/catalogo\/producto\/la-naturalista-emocional-castellano\/"]}]},{"@type":"ImageObject","inLanguage":"es","@id":"https:\/\/letrame.com\/catalogo\/producto\/la-naturalista-emocional-castellano\/#primaryimage","url":"https:\/\/letrame.com\/catalogo\/wp-content\/uploads\/2024\/09\/zp_lanturalista_519mm.jpg","contentUrl":"https:\/\/letrame.com\/catalogo\/wp-content\/uploads\/2024\/09\/zp_lanturalista_519mm.jpg","width":400,"height":571},{"@type":"BreadcrumbList","@id":"https:\/\/letrame.com\/catalogo\/producto\/la-naturalista-emocional-castellano\/#breadcrumb","itemListElement":[{"@type":"ListItem","position":1,"name":"Portada","item":"https:\/\/letrame.com\/catalogo\/"},{"@type":"ListItem","position":2,"name":"Cat\u00e1logo","item":"https:\/\/letrame.com\/catalogo\/"},{"@type":"ListItem","position":3,"name":"La naturalista emocional (castellano)"}]},{"@type":"WebSite","@id":"https:\/\/letrame.com\/catalogo\/#website","url":"https:\/\/letrame.com\/catalogo\/","name":"Catalogo | Letrame Grupo Editorial","description":"","publisher":{"@id":"https:\/\/letrame.com\/catalogo\/#organization"},"potentialAction":[{"@type":"SearchAction","target":{"@type":"EntryPoint","urlTemplate":"https:\/\/letrame.com\/catalogo\/?s={search_term_string}"},"query-input":{"@type":"PropertyValueSpecification","valueRequired":true,"valueName":"search_term_string"}}],"inLanguage":"es"},{"@type":"Organization","@id":"https:\/\/letrame.com\/catalogo\/#organization","name":"Catalogo | Letrame Grupo Editorial","url":"https:\/\/letrame.com\/catalogo\/","logo":{"@type":"ImageObject","inLanguage":"es","@id":"https:\/\/letrame.com\/catalogo\/#\/schema\/logo\/image\/","url":"https:\/\/letrame.com\/catalogo\/wp-content\/uploads\/2024\/03\/logo2.webp","contentUrl":"https:\/\/letrame.com\/catalogo\/wp-content\/uploads\/2024\/03\/logo2.webp","width":394,"height":128,"caption":"Catalogo | Letrame Grupo Editorial"},"image":{"@id":"https:\/\/letrame.com\/catalogo\/#\/schema\/logo\/image\/"}}]}},"_links":{"self":[{"href":"https:\/\/letrame.com\/catalogo\/wp-json\/wp\/v2\/product\/106695","targetHints":{"allow":["GET"]}}],"collection":[{"href":"https:\/\/letrame.com\/catalogo\/wp-json\/wp\/v2\/product"}],"about":[{"href":"https:\/\/letrame.com\/catalogo\/wp-json\/wp\/v2\/types\/product"}],"replies":[{"embeddable":true,"href":"https:\/\/letrame.com\/catalogo\/wp-json\/wp\/v2\/comments?post=106695"}],"acf:post":[{"embeddable":true,"href":"https:\/\/letrame.com\/catalogo\/wp-json\/wp\/v2\/author_book\/101841"}],"wp:featuredmedia":[{"embeddable":true,"href":"https:\/\/letrame.com\/catalogo\/wp-json\/wp\/v2\/media\/106698"}],"wp:attachment":[{"href":"https:\/\/letrame.com\/catalogo\/wp-json\/wp\/v2\/media?parent=106695"}],"wp:term":[{"taxonomy":"libro","embeddable":true,"href":"https:\/\/letrame.com\/catalogo\/wp-json\/wp\/v2\/libro?post=106695"},{"taxonomy":"product_brand","embeddable":true,"href":"https:\/\/letrame.com\/catalogo\/wp-json\/wp\/v2\/product_brand?post=106695"},{"taxonomy":"product_cat","embeddable":true,"href":"https:\/\/letrame.com\/catalogo\/wp-json\/wp\/v2\/product_cat?post=106695"},{"taxonomy":"product_tag","embeddable":true,"href":"https:\/\/letrame.com\/catalogo\/wp-json\/wp\/v2\/product_tag?post=106695"}],"curies":[{"name":"wp","href":"https:\/\/api.w.org\/{rel}","templated":true}]}}