{"id":106618,"date":"2024-09-20T13:50:21","date_gmt":"2024-09-20T11:50:21","guid":{"rendered":"https:\/\/letrame.com\/catalogo\/?post_type=product&#038;p=106618"},"modified":"2024-09-20T13:50:21","modified_gmt":"2024-09-20T11:50:21","slug":"el-legado-que-dejaste","status":"publish","type":"product","link":"https:\/\/letrame.com\/catalogo\/producto\/el-legado-que-dejaste\/","title":{"rendered":"El legado que dejaste"},"content":{"rendered":"<div class=\"page\" title=\"Page 6\">\n<div class=\"layoutArea\">\n<div class=\"column\">\n<p>ISBN: 978-84-1068-854-4<\/p>\n<\/div>\n<\/div>\n<\/div>\n<p class=\"p1\">T\u00edtulo: El legado que dejaste<\/p>\n<p class=\"p1\">A\u00f1o: 2024<\/p>\n<p class=\"p1\">P\u00e1ginas: 246<\/p>\n<p class=\"p1\">SINOPSIS<\/p>\n<p>La historia de la familia de Antoine contin\u00faa. Tras ver c\u00f3mo la guerra golpe\u00f3 a una familia entera llev\u00e1ndola hasta el extremo, esta segunda parte viene cargada de nuevas aventuras en una lucha por la supervivencia, esta vez contada por otro personaje importante presente en la primera entrega. Contada desde una mayor madurez, veremos c\u00f3mo el protagonista no solo tendr\u00e1 que luchar contra toda una guerra y sus dificultades, sino que esta vez tendr\u00e1 que lidiar contra una de las peores personas con las que jam\u00e1s se hab\u00eda cruzado con anterioridad.<\/p>\n<p>As\u00ed, se ver\u00e1 que, aunque en <em>Siempre queda una esperanza<\/em> el motor de Antoine es ese ansia por volver a casa, por reencontrarse con su familia, en esta entrega el protagonista se ver\u00e1 tan afectado por ese villano que eclipsar\u00e1 sus objetivos con sed de venganza.<\/p>\n","protected":false},"excerpt":{"rendered":"<div class=\"page\" title=\"Page 6\">\n<div class=\"layoutArea\">\n<div class=\"column\">\n<p>ISBN: 978-84-1068-854-4<\/p>\n<\/div>\n<\/div>\n<\/div>\n<p class=\"p1\">\n<p class=\"p1\">SINOPSIS<\/p>\n<p>La historia de la familia de Antoine contin\u00faa. Tras ver c\u00f3mo la guerra golpe\u00f3 a una familia entera llev\u00e1ndola hasta el extremo, esta segunda parte viene cargada de nuevas aventuras en una lucha por la supervivencia, esta vez contada por otro personaje importante presente en la primera entrega. Contada desde una mayor madurez, veremos c\u00f3mo el protagonista no solo tendr\u00e1 que luchar contra toda una guerra y sus dificultades, sino que esta vez tendr\u00e1 que lidiar contra una de las peores personas con las que jam\u00e1s se hab\u00eda cruzado con anterioridad.<\/p>\n<p>As\u00ed, se ver\u00e1 que, aunque en <em>Siempre queda una esperanza<\/em> el motor de Antoine es ese ansia por volver a casa, por reencontrarse con su familia, en esta entrega el protagonista se ver\u00e1 tan afectado por ese villano que eclipsar\u00e1 sus objetivos con sed de venganza.<\/p>\n","protected":false},"featured_media":106621,"comment_status":"open","ping_status":"closed","template":"","meta":{"_acf_changed":false},"libro":[],"product_brand":[],"product_cat":[29],"product_tag":[],"class_list":{"0":"post-106618","1":"product","2":"type-product","3":"status-publish","4":"has-post-thumbnail","6":"product_cat-novela-historica","8":"first","9":"instock","10":"shipping-taxable","11":"product-type-simple"},"acf":{"autor":[106617],"enlace_de_compra":"https:\/\/www.agapea.com\/Mario-Martin-Azabal\/El-legado-que-dejaste-9788410688544-i.htm?srsltid=AfmBOoqJGgs7NKVbqvFKDQtKqI82XScabgTuR-qmqkQghPx3mXjAkQQV"},"yoast_head":"<!-- This site is optimized with the Yoast SEO plugin v26.6 - https:\/\/yoast.com\/wordpress\/plugins\/seo\/ -->\n<title>El legado que dejaste - Catalogo | Letrame Grupo Editorial<\/title>\n<meta name=\"robots\" content=\"index, follow, max-snippet:-1, max-image-preview:large, max-video-preview:-1\" \/>\n<link rel=\"canonical\" href=\"https:\/\/letrame.com\/catalogo\/producto\/el-legado-que-dejaste\/\" \/>\n<meta property=\"og:locale\" content=\"es_ES\" \/>\n<meta property=\"og:type\" content=\"article\" \/>\n<meta property=\"og:title\" content=\"El legado que dejaste - Catalogo | Letrame Grupo Editorial\" \/>\n<meta property=\"og:description\" content=\"ISBN: 978-84-1068-854-4      SINOPSIS La historia de la familia de Antoine contin\u00faa. Tras ver c\u00f3mo la guerra golpe\u00f3 a una familia entera llev\u00e1ndola hasta el extremo, esta segunda parte viene cargada de nuevas aventuras en una lucha por la supervivencia, esta vez contada por otro personaje importante presente en la primera entrega. Contada desde una mayor madurez, veremos c\u00f3mo el protagonista no solo tendr\u00e1 que luchar contra toda una guerra y sus dificultades, sino que esta vez tendr\u00e1 que lidiar contra una de las peores personas con las que jam\u00e1s se hab\u00eda cruzado con anterioridad.  As\u00ed, se ver\u00e1 que, aunque en Siempre queda una esperanza el motor de Antoine es ese ansia por volver a casa, por reencontrarse con su familia, en esta entrega el protagonista se ver\u00e1 tan afectado por ese villano que eclipsar\u00e1 sus objetivos con sed de venganza.\" \/>\n<meta property=\"og:url\" content=\"https:\/\/letrame.com\/catalogo\/producto\/el-legado-que-dejaste\/\" \/>\n<meta property=\"og:site_name\" content=\"Catalogo | Letrame Grupo Editorial\" \/>\n<meta property=\"og:image\" content=\"https:\/\/letrame.com\/catalogo\/wp-content\/uploads\/2024\/09\/zellegadoquedejaste_1242mm4-1.jpg\" \/>\n\t<meta property=\"og:image:width\" content=\"575\" \/>\n\t<meta property=\"og:image:height\" content=\"843\" \/>\n\t<meta property=\"og:image:type\" content=\"image\/jpeg\" \/>\n<meta name=\"twitter:card\" content=\"summary_large_image\" \/>\n<meta name=\"twitter:label1\" content=\"Tiempo de lectura\" \/>\n\t<meta name=\"twitter:data1\" content=\"1 minuto\" \/>\n<script type=\"application\/ld+json\" class=\"yoast-schema-graph\">{\"@context\":\"https:\/\/schema.org\",\"@graph\":[{\"@type\":\"WebPage\",\"@id\":\"https:\/\/letrame.com\/catalogo\/producto\/el-legado-que-dejaste\/\",\"url\":\"https:\/\/letrame.com\/catalogo\/producto\/el-legado-que-dejaste\/\",\"name\":\"El legado que dejaste - Catalogo | Letrame Grupo Editorial\",\"isPartOf\":{\"@id\":\"https:\/\/letrame.com\/catalogo\/#website\"},\"primaryImageOfPage\":{\"@id\":\"https:\/\/letrame.com\/catalogo\/producto\/el-legado-que-dejaste\/#primaryimage\"},\"image\":{\"@id\":\"https:\/\/letrame.com\/catalogo\/producto\/el-legado-que-dejaste\/#primaryimage\"},\"thumbnailUrl\":\"https:\/\/letrame.com\/catalogo\/wp-content\/uploads\/2024\/09\/zellegadoquedejaste_1242mm4-1.jpg\",\"datePublished\":\"2024-09-20T11:50:21+00:00\",\"breadcrumb\":{\"@id\":\"https:\/\/letrame.com\/catalogo\/producto\/el-legado-que-dejaste\/#breadcrumb\"},\"inLanguage\":\"es\",\"potentialAction\":[{\"@type\":\"ReadAction\",\"target\":[\"https:\/\/letrame.com\/catalogo\/producto\/el-legado-que-dejaste\/\"]}]},{\"@type\":\"ImageObject\",\"inLanguage\":\"es\",\"@id\":\"https:\/\/letrame.com\/catalogo\/producto\/el-legado-que-dejaste\/#primaryimage\",\"url\":\"https:\/\/letrame.com\/catalogo\/wp-content\/uploads\/2024\/09\/zellegadoquedejaste_1242mm4-1.jpg\",\"contentUrl\":\"https:\/\/letrame.com\/catalogo\/wp-content\/uploads\/2024\/09\/zellegadoquedejaste_1242mm4-1.jpg\",\"width\":575,\"height\":843},{\"@type\":\"BreadcrumbList\",\"@id\":\"https:\/\/letrame.com\/catalogo\/producto\/el-legado-que-dejaste\/#breadcrumb\",\"itemListElement\":[{\"@type\":\"ListItem\",\"position\":1,\"name\":\"Portada\",\"item\":\"https:\/\/letrame.com\/catalogo\/\"},{\"@type\":\"ListItem\",\"position\":2,\"name\":\"Cat\u00e1logo\",\"item\":\"https:\/\/letrame.com\/catalogo\/\"},{\"@type\":\"ListItem\",\"position\":3,\"name\":\"El legado que dejaste\"}]},{\"@type\":\"WebSite\",\"@id\":\"https:\/\/letrame.com\/catalogo\/#website\",\"url\":\"https:\/\/letrame.com\/catalogo\/\",\"name\":\"Catalogo | Letrame Grupo Editorial\",\"description\":\"\",\"publisher\":{\"@id\":\"https:\/\/letrame.com\/catalogo\/#organization\"},\"potentialAction\":[{\"@type\":\"SearchAction\",\"target\":{\"@type\":\"EntryPoint\",\"urlTemplate\":\"https:\/\/letrame.com\/catalogo\/?s={search_term_string}\"},\"query-input\":{\"@type\":\"PropertyValueSpecification\",\"valueRequired\":true,\"valueName\":\"search_term_string\"}}],\"inLanguage\":\"es\"},{\"@type\":\"Organization\",\"@id\":\"https:\/\/letrame.com\/catalogo\/#organization\",\"name\":\"Catalogo | Letrame Grupo Editorial\",\"url\":\"https:\/\/letrame.com\/catalogo\/\",\"logo\":{\"@type\":\"ImageObject\",\"inLanguage\":\"es\",\"@id\":\"https:\/\/letrame.com\/catalogo\/#\/schema\/logo\/image\/\",\"url\":\"https:\/\/letrame.com\/catalogo\/wp-content\/uploads\/2024\/03\/logo2.webp\",\"contentUrl\":\"https:\/\/letrame.com\/catalogo\/wp-content\/uploads\/2024\/03\/logo2.webp\",\"width\":394,\"height\":128,\"caption\":\"Catalogo | Letrame Grupo Editorial\"},\"image\":{\"@id\":\"https:\/\/letrame.com\/catalogo\/#\/schema\/logo\/image\/\"}}]}<\/script>\n<!-- \/ Yoast SEO plugin. -->","yoast_head_json":{"title":"El legado que dejaste - Catalogo | Letrame Grupo Editorial","robots":{"index":"index","follow":"follow","max-snippet":"max-snippet:-1","max-image-preview":"max-image-preview:large","max-video-preview":"max-video-preview:-1"},"canonical":"https:\/\/letrame.com\/catalogo\/producto\/el-legado-que-dejaste\/","og_locale":"es_ES","og_type":"article","og_title":"El legado que dejaste - Catalogo | Letrame Grupo Editorial","og_description":"ISBN: 978-84-1068-854-4      SINOPSIS La historia de la familia de Antoine contin\u00faa. Tras ver c\u00f3mo la guerra golpe\u00f3 a una familia entera llev\u00e1ndola hasta el extremo, esta segunda parte viene cargada de nuevas aventuras en una lucha por la supervivencia, esta vez contada por otro personaje importante presente en la primera entrega. Contada desde una mayor madurez, veremos c\u00f3mo el protagonista no solo tendr\u00e1 que luchar contra toda una guerra y sus dificultades, sino que esta vez tendr\u00e1 que lidiar contra una de las peores personas con las que jam\u00e1s se hab\u00eda cruzado con anterioridad.  As\u00ed, se ver\u00e1 que, aunque en Siempre queda una esperanza el motor de Antoine es ese ansia por volver a casa, por reencontrarse con su familia, en esta entrega el protagonista se ver\u00e1 tan afectado por ese villano que eclipsar\u00e1 sus objetivos con sed de venganza.","og_url":"https:\/\/letrame.com\/catalogo\/producto\/el-legado-que-dejaste\/","og_site_name":"Catalogo | Letrame Grupo Editorial","og_image":[{"width":575,"height":843,"url":"https:\/\/letrame.com\/catalogo\/wp-content\/uploads\/2024\/09\/zellegadoquedejaste_1242mm4-1.jpg","type":"image\/jpeg"}],"twitter_card":"summary_large_image","twitter_misc":{"Tiempo de lectura":"1 minuto"},"schema":{"@context":"https:\/\/schema.org","@graph":[{"@type":"WebPage","@id":"https:\/\/letrame.com\/catalogo\/producto\/el-legado-que-dejaste\/","url":"https:\/\/letrame.com\/catalogo\/producto\/el-legado-que-dejaste\/","name":"El legado que dejaste - Catalogo | Letrame Grupo Editorial","isPartOf":{"@id":"https:\/\/letrame.com\/catalogo\/#website"},"primaryImageOfPage":{"@id":"https:\/\/letrame.com\/catalogo\/producto\/el-legado-que-dejaste\/#primaryimage"},"image":{"@id":"https:\/\/letrame.com\/catalogo\/producto\/el-legado-que-dejaste\/#primaryimage"},"thumbnailUrl":"https:\/\/letrame.com\/catalogo\/wp-content\/uploads\/2024\/09\/zellegadoquedejaste_1242mm4-1.jpg","datePublished":"2024-09-20T11:50:21+00:00","breadcrumb":{"@id":"https:\/\/letrame.com\/catalogo\/producto\/el-legado-que-dejaste\/#breadcrumb"},"inLanguage":"es","potentialAction":[{"@type":"ReadAction","target":["https:\/\/letrame.com\/catalogo\/producto\/el-legado-que-dejaste\/"]}]},{"@type":"ImageObject","inLanguage":"es","@id":"https:\/\/letrame.com\/catalogo\/producto\/el-legado-que-dejaste\/#primaryimage","url":"https:\/\/letrame.com\/catalogo\/wp-content\/uploads\/2024\/09\/zellegadoquedejaste_1242mm4-1.jpg","contentUrl":"https:\/\/letrame.com\/catalogo\/wp-content\/uploads\/2024\/09\/zellegadoquedejaste_1242mm4-1.jpg","width":575,"height":843},{"@type":"BreadcrumbList","@id":"https:\/\/letrame.com\/catalogo\/producto\/el-legado-que-dejaste\/#breadcrumb","itemListElement":[{"@type":"ListItem","position":1,"name":"Portada","item":"https:\/\/letrame.com\/catalogo\/"},{"@type":"ListItem","position":2,"name":"Cat\u00e1logo","item":"https:\/\/letrame.com\/catalogo\/"},{"@type":"ListItem","position":3,"name":"El legado que dejaste"}]},{"@type":"WebSite","@id":"https:\/\/letrame.com\/catalogo\/#website","url":"https:\/\/letrame.com\/catalogo\/","name":"Catalogo | Letrame Grupo Editorial","description":"","publisher":{"@id":"https:\/\/letrame.com\/catalogo\/#organization"},"potentialAction":[{"@type":"SearchAction","target":{"@type":"EntryPoint","urlTemplate":"https:\/\/letrame.com\/catalogo\/?s={search_term_string}"},"query-input":{"@type":"PropertyValueSpecification","valueRequired":true,"valueName":"search_term_string"}}],"inLanguage":"es"},{"@type":"Organization","@id":"https:\/\/letrame.com\/catalogo\/#organization","name":"Catalogo | Letrame Grupo Editorial","url":"https:\/\/letrame.com\/catalogo\/","logo":{"@type":"ImageObject","inLanguage":"es","@id":"https:\/\/letrame.com\/catalogo\/#\/schema\/logo\/image\/","url":"https:\/\/letrame.com\/catalogo\/wp-content\/uploads\/2024\/03\/logo2.webp","contentUrl":"https:\/\/letrame.com\/catalogo\/wp-content\/uploads\/2024\/03\/logo2.webp","width":394,"height":128,"caption":"Catalogo | Letrame Grupo Editorial"},"image":{"@id":"https:\/\/letrame.com\/catalogo\/#\/schema\/logo\/image\/"}}]}},"_links":{"self":[{"href":"https:\/\/letrame.com\/catalogo\/wp-json\/wp\/v2\/product\/106618","targetHints":{"allow":["GET"]}}],"collection":[{"href":"https:\/\/letrame.com\/catalogo\/wp-json\/wp\/v2\/product"}],"about":[{"href":"https:\/\/letrame.com\/catalogo\/wp-json\/wp\/v2\/types\/product"}],"replies":[{"embeddable":true,"href":"https:\/\/letrame.com\/catalogo\/wp-json\/wp\/v2\/comments?post=106618"}],"acf:post":[{"embeddable":true,"href":"https:\/\/letrame.com\/catalogo\/wp-json\/wp\/v2\/author_book\/106617"}],"wp:featuredmedia":[{"embeddable":true,"href":"https:\/\/letrame.com\/catalogo\/wp-json\/wp\/v2\/media\/106621"}],"wp:attachment":[{"href":"https:\/\/letrame.com\/catalogo\/wp-json\/wp\/v2\/media?parent=106618"}],"wp:term":[{"taxonomy":"libro","embeddable":true,"href":"https:\/\/letrame.com\/catalogo\/wp-json\/wp\/v2\/libro?post=106618"},{"taxonomy":"product_brand","embeddable":true,"href":"https:\/\/letrame.com\/catalogo\/wp-json\/wp\/v2\/product_brand?post=106618"},{"taxonomy":"product_cat","embeddable":true,"href":"https:\/\/letrame.com\/catalogo\/wp-json\/wp\/v2\/product_cat?post=106618"},{"taxonomy":"product_tag","embeddable":true,"href":"https:\/\/letrame.com\/catalogo\/wp-json\/wp\/v2\/product_tag?post=106618"}],"curies":[{"name":"wp","href":"https:\/\/api.w.org\/{rel}","templated":true}]}}