{"id":106590,"date":"2024-09-20T13:22:18","date_gmt":"2024-09-20T11:22:18","guid":{"rendered":"https:\/\/letrame.com\/catalogo\/?post_type=product&#038;p=106590"},"modified":"2024-09-20T13:22:18","modified_gmt":"2024-09-20T11:22:18","slug":"mi-cicatriz-ya-no-llora","status":"publish","type":"product","link":"https:\/\/letrame.com\/catalogo\/producto\/mi-cicatriz-ya-no-llora\/","title":{"rendered":"Mi cicatriz ya no llora"},"content":{"rendered":"<div class=\"page\" title=\"Page 6\">\n<div class=\"layoutArea\">\n<div class=\"column\">\n<p>ISBN: 978-84-1068-841-4<\/p>\n<\/div>\n<\/div>\n<\/div>\n<p class=\"p1\">T\u00edtulo: Mi cicatriz ya no llora<\/p>\n<p class=\"p1\">A\u00f1o: 2024<\/p>\n<p class=\"p1\">P\u00e1ginas: 186<\/p>\n<p class=\"p1\">SINOPSIS<\/p>\n<p>\u00bfQu\u00e9 buscas exactamente o esperas encontrar en un libro?<\/p>\n<p>&nbsp;<\/p>\n<p>Es una pregunta dif\u00edcil. Imagino que buscas lo mismo que yo o quiz\u00e1s no.<\/p>\n<p>&nbsp;<\/p>\n<p>En este caso hablaremos de la salud mental. Hoy en d\u00eda no es ninguna novedad, pero,<\/p>\n<p>&nbsp;<\/p>\n<p>\u00bfqui\u00e9n est\u00e1 ah\u00ed cuando ni siquiera t\u00fa mismo\/a est\u00e1s?<\/p>\n<p>&nbsp;<\/p>\n<p>Interactuaremos para cicatrizar, sonreiremos para superar y lloraremos para sanar.<\/p>\n<p>&nbsp;<\/p>\n<p>Este libro te habla de la familia, el amor, el desamor, la ansiedad, la depresi\u00f3n, la traici\u00f3n, la soledad.<\/p>\n<p>&nbsp;<\/p>\n<p>Y\u2026 simplemente va a ser necesario leerme para que nuestra cicatriz saturada y no suturada<\/p>\n<p>&nbsp;<\/p>\n<p>empiece a sanar.<\/p>\n<p>&nbsp;<\/p>\n<p>Estas p\u00e1ginas te abrazar\u00e1n y comprender\u00e1n aquello que tanto te cuesta sacar por miedo a perder<\/p>\n<p>&nbsp;<\/p>\n<p>por decir la verdad.<\/p>\n","protected":false},"excerpt":{"rendered":"<div class=\"page\" title=\"Page 6\">\n<div class=\"layoutArea\">\n<div class=\"column\">\n<p>ISBN: 978-84-1068-841-4<\/p>\n<\/div>\n<\/div>\n<\/div>\n<p class=\"p1\">\n<p class=\"p1\">SINOPSIS<\/p>\n<p>\u00bfQu\u00e9 buscas exactamente o esperas encontrar en un libro?<\/p>\n<p>&nbsp;<\/p>\n<p>Es una pregunta dif\u00edcil. Imagino que buscas lo mismo que yo o quiz\u00e1s no.<\/p>\n<p>&nbsp;<\/p>\n<p>En este caso hablaremos de la salud mental. Hoy en d\u00eda no es ninguna novedad, pero,<\/p>\n<p>&nbsp;<\/p>\n<p>\u00bfqui\u00e9n est\u00e1 ah\u00ed cuando ni siquiera t\u00fa mismo\/a est\u00e1s?<\/p>\n<p>&nbsp;<\/p>\n<p>Interactuaremos para cicatrizar, sonreiremos para superar y lloraremos para sanar.<\/p>\n<p>&nbsp;<\/p>\n<p>Este libro te habla de la familia, el amor, el desamor, la ansiedad, la depresi\u00f3n, la traici\u00f3n, la soledad.<\/p>\n<p>&nbsp;<\/p>\n<p>Y\u2026 simplemente va a ser necesario leerme para que nuestra cicatriz saturada y no suturada<\/p>\n<p>&nbsp;<\/p>\n<p>empiece a sanar.<\/p>\n<p>&nbsp;<\/p>\n<p>Estas p\u00e1ginas te abrazar\u00e1n y comprender\u00e1n aquello que tanto te cuesta sacar por miedo a perder<\/p>\n<p>&nbsp;<\/p>\n<p>por decir la verdad.<\/p>\n","protected":false},"featured_media":106591,"comment_status":"open","ping_status":"closed","template":"","meta":{"_acf_changed":false},"libro":[],"product_brand":[],"product_cat":[20],"product_tag":[],"class_list":{"0":"post-106590","1":"product","2":"type-product","3":"status-publish","4":"has-post-thumbnail","6":"product_cat-poesia","8":"first","9":"instock","10":"shipping-taxable","11":"product-type-simple"},"acf":{"autor":[77192],"enlace_de_compra":"https:\/\/amzn.to\/3Baw5k9"},"yoast_head":"<!-- This site is optimized with the Yoast SEO plugin v27.4 - https:\/\/yoast.com\/product\/yoast-seo-wordpress\/ -->\n<title>Mi cicatriz ya no llora - Catalogo | Letrame Grupo Editorial<\/title>\n<meta name=\"robots\" content=\"index, follow, max-snippet:-1, max-image-preview:large, max-video-preview:-1\" \/>\n<link rel=\"canonical\" href=\"https:\/\/letrame.com\/catalogo\/producto\/mi-cicatriz-ya-no-llora\/\" \/>\n<meta property=\"og:locale\" content=\"es_ES\" \/>\n<meta property=\"og:type\" content=\"article\" \/>\n<meta property=\"og:title\" content=\"Mi cicatriz ya no llora - Catalogo | Letrame Grupo Editorial\" \/>\n<meta property=\"og:description\" content=\"ISBN: 978-84-1068-841-4      SINOPSIS \u00bfQu\u00e9 buscas exactamente o esperas encontrar en un libro?  &nbsp;  Es una pregunta dif\u00edcil. Imagino que buscas lo mismo que yo o quiz\u00e1s no.  &nbsp;  En este caso hablaremos de la salud mental. Hoy en d\u00eda no es ninguna novedad, pero,  &nbsp;  \u00bfqui\u00e9n est\u00e1 ah\u00ed cuando ni siquiera t\u00fa mismo\/a est\u00e1s?  &nbsp;  Interactuaremos para cicatrizar, sonreiremos para superar y lloraremos para sanar.  &nbsp;  Este libro te habla de la familia, el amor, el desamor, la ansiedad, la depresi\u00f3n, la traici\u00f3n, la soledad.  &nbsp;  Y\u2026 simplemente va a ser necesario leerme para que nuestra cicatriz saturada y no suturada  &nbsp;  empiece a sanar.  &nbsp;  Estas p\u00e1ginas te abrazar\u00e1n y comprender\u00e1n aquello que tanto te cuesta sacar por miedo a perder  &nbsp;  por decir la verdad.\" \/>\n<meta property=\"og:url\" content=\"https:\/\/letrame.com\/catalogo\/producto\/mi-cicatriz-ya-no-llora\/\" \/>\n<meta property=\"og:site_name\" content=\"Catalogo | Letrame Grupo Editorial\" \/>\n<meta property=\"og:image\" content=\"https:\/\/letrame.com\/catalogo\/wp-content\/uploads\/2024\/09\/zp_micicatriz_1073mm.jpg\" \/>\n\t<meta property=\"og:image:width\" content=\"500\" \/>\n\t<meta property=\"og:image:height\" content=\"722\" \/>\n\t<meta property=\"og:image:type\" content=\"image\/jpeg\" \/>\n<meta name=\"twitter:card\" content=\"summary_large_image\" \/>\n<meta name=\"twitter:label1\" content=\"Tiempo de lectura\" \/>\n\t<meta name=\"twitter:data1\" content=\"1 minuto\" \/>\n<script type=\"application\/ld+json\" class=\"yoast-schema-graph\">{\"@context\":\"https:\\\/\\\/schema.org\",\"@graph\":[{\"@type\":\"WebPage\",\"@id\":\"https:\\\/\\\/letrame.com\\\/catalogo\\\/producto\\\/mi-cicatriz-ya-no-llora\\\/\",\"url\":\"https:\\\/\\\/letrame.com\\\/catalogo\\\/producto\\\/mi-cicatriz-ya-no-llora\\\/\",\"name\":\"Mi cicatriz ya no llora - Catalogo | Letrame Grupo Editorial\",\"isPartOf\":{\"@id\":\"https:\\\/\\\/letrame.com\\\/catalogo\\\/#website\"},\"primaryImageOfPage\":{\"@id\":\"https:\\\/\\\/letrame.com\\\/catalogo\\\/producto\\\/mi-cicatriz-ya-no-llora\\\/#primaryimage\"},\"image\":{\"@id\":\"https:\\\/\\\/letrame.com\\\/catalogo\\\/producto\\\/mi-cicatriz-ya-no-llora\\\/#primaryimage\"},\"thumbnailUrl\":\"https:\\\/\\\/letrame.com\\\/catalogo\\\/wp-content\\\/uploads\\\/2024\\\/09\\\/zp_micicatriz_1073mm.jpg\",\"datePublished\":\"2024-09-20T11:22:18+00:00\",\"breadcrumb\":{\"@id\":\"https:\\\/\\\/letrame.com\\\/catalogo\\\/producto\\\/mi-cicatriz-ya-no-llora\\\/#breadcrumb\"},\"inLanguage\":\"es\",\"potentialAction\":[{\"@type\":\"ReadAction\",\"target\":[\"https:\\\/\\\/letrame.com\\\/catalogo\\\/producto\\\/mi-cicatriz-ya-no-llora\\\/\"]}]},{\"@type\":\"ImageObject\",\"inLanguage\":\"es\",\"@id\":\"https:\\\/\\\/letrame.com\\\/catalogo\\\/producto\\\/mi-cicatriz-ya-no-llora\\\/#primaryimage\",\"url\":\"https:\\\/\\\/letrame.com\\\/catalogo\\\/wp-content\\\/uploads\\\/2024\\\/09\\\/zp_micicatriz_1073mm.jpg\",\"contentUrl\":\"https:\\\/\\\/letrame.com\\\/catalogo\\\/wp-content\\\/uploads\\\/2024\\\/09\\\/zp_micicatriz_1073mm.jpg\",\"width\":500,\"height\":722},{\"@type\":\"BreadcrumbList\",\"@id\":\"https:\\\/\\\/letrame.com\\\/catalogo\\\/producto\\\/mi-cicatriz-ya-no-llora\\\/#breadcrumb\",\"itemListElement\":[{\"@type\":\"ListItem\",\"position\":1,\"name\":\"Portada\",\"item\":\"https:\\\/\\\/letrame.com\\\/catalogo\\\/\"},{\"@type\":\"ListItem\",\"position\":2,\"name\":\"Cat\u00e1logo\",\"item\":\"https:\\\/\\\/letrame.com\\\/catalogo\\\/\"},{\"@type\":\"ListItem\",\"position\":3,\"name\":\"Mi cicatriz ya no llora\"}]},{\"@type\":\"WebSite\",\"@id\":\"https:\\\/\\\/letrame.com\\\/catalogo\\\/#website\",\"url\":\"https:\\\/\\\/letrame.com\\\/catalogo\\\/\",\"name\":\"Catalogo | Letrame Grupo Editorial\",\"description\":\"\",\"publisher\":{\"@id\":\"https:\\\/\\\/letrame.com\\\/catalogo\\\/#organization\"},\"potentialAction\":[{\"@type\":\"SearchAction\",\"target\":{\"@type\":\"EntryPoint\",\"urlTemplate\":\"https:\\\/\\\/letrame.com\\\/catalogo\\\/?s={search_term_string}\"},\"query-input\":{\"@type\":\"PropertyValueSpecification\",\"valueRequired\":true,\"valueName\":\"search_term_string\"}}],\"inLanguage\":\"es\"},{\"@type\":\"Organization\",\"@id\":\"https:\\\/\\\/letrame.com\\\/catalogo\\\/#organization\",\"name\":\"Catalogo | Letrame Grupo Editorial\",\"url\":\"https:\\\/\\\/letrame.com\\\/catalogo\\\/\",\"logo\":{\"@type\":\"ImageObject\",\"inLanguage\":\"es\",\"@id\":\"https:\\\/\\\/letrame.com\\\/catalogo\\\/#\\\/schema\\\/logo\\\/image\\\/\",\"url\":\"https:\\\/\\\/letrame.com\\\/catalogo\\\/wp-content\\\/uploads\\\/2024\\\/03\\\/logo2.webp\",\"contentUrl\":\"https:\\\/\\\/letrame.com\\\/catalogo\\\/wp-content\\\/uploads\\\/2024\\\/03\\\/logo2.webp\",\"width\":394,\"height\":128,\"caption\":\"Catalogo | Letrame Grupo Editorial\"},\"image\":{\"@id\":\"https:\\\/\\\/letrame.com\\\/catalogo\\\/#\\\/schema\\\/logo\\\/image\\\/\"}}]}<\/script>\n<!-- \/ Yoast SEO plugin. -->","yoast_head_json":{"title":"Mi cicatriz ya no llora - Catalogo | Letrame Grupo Editorial","robots":{"index":"index","follow":"follow","max-snippet":"max-snippet:-1","max-image-preview":"max-image-preview:large","max-video-preview":"max-video-preview:-1"},"canonical":"https:\/\/letrame.com\/catalogo\/producto\/mi-cicatriz-ya-no-llora\/","og_locale":"es_ES","og_type":"article","og_title":"Mi cicatriz ya no llora - Catalogo | Letrame Grupo Editorial","og_description":"ISBN: 978-84-1068-841-4      SINOPSIS \u00bfQu\u00e9 buscas exactamente o esperas encontrar en un libro?  &nbsp;  Es una pregunta dif\u00edcil. Imagino que buscas lo mismo que yo o quiz\u00e1s no.  &nbsp;  En este caso hablaremos de la salud mental. Hoy en d\u00eda no es ninguna novedad, pero,  &nbsp;  \u00bfqui\u00e9n est\u00e1 ah\u00ed cuando ni siquiera t\u00fa mismo\/a est\u00e1s?  &nbsp;  Interactuaremos para cicatrizar, sonreiremos para superar y lloraremos para sanar.  &nbsp;  Este libro te habla de la familia, el amor, el desamor, la ansiedad, la depresi\u00f3n, la traici\u00f3n, la soledad.  &nbsp;  Y\u2026 simplemente va a ser necesario leerme para que nuestra cicatriz saturada y no suturada  &nbsp;  empiece a sanar.  &nbsp;  Estas p\u00e1ginas te abrazar\u00e1n y comprender\u00e1n aquello que tanto te cuesta sacar por miedo a perder  &nbsp;  por decir la verdad.","og_url":"https:\/\/letrame.com\/catalogo\/producto\/mi-cicatriz-ya-no-llora\/","og_site_name":"Catalogo | Letrame Grupo Editorial","og_image":[{"width":500,"height":722,"url":"https:\/\/letrame.com\/catalogo\/wp-content\/uploads\/2024\/09\/zp_micicatriz_1073mm.jpg","type":"image\/jpeg"}],"twitter_card":"summary_large_image","twitter_misc":{"Tiempo de lectura":"1 minuto"},"schema":{"@context":"https:\/\/schema.org","@graph":[{"@type":"WebPage","@id":"https:\/\/letrame.com\/catalogo\/producto\/mi-cicatriz-ya-no-llora\/","url":"https:\/\/letrame.com\/catalogo\/producto\/mi-cicatriz-ya-no-llora\/","name":"Mi cicatriz ya no llora - Catalogo | Letrame Grupo Editorial","isPartOf":{"@id":"https:\/\/letrame.com\/catalogo\/#website"},"primaryImageOfPage":{"@id":"https:\/\/letrame.com\/catalogo\/producto\/mi-cicatriz-ya-no-llora\/#primaryimage"},"image":{"@id":"https:\/\/letrame.com\/catalogo\/producto\/mi-cicatriz-ya-no-llora\/#primaryimage"},"thumbnailUrl":"https:\/\/letrame.com\/catalogo\/wp-content\/uploads\/2024\/09\/zp_micicatriz_1073mm.jpg","datePublished":"2024-09-20T11:22:18+00:00","breadcrumb":{"@id":"https:\/\/letrame.com\/catalogo\/producto\/mi-cicatriz-ya-no-llora\/#breadcrumb"},"inLanguage":"es","potentialAction":[{"@type":"ReadAction","target":["https:\/\/letrame.com\/catalogo\/producto\/mi-cicatriz-ya-no-llora\/"]}]},{"@type":"ImageObject","inLanguage":"es","@id":"https:\/\/letrame.com\/catalogo\/producto\/mi-cicatriz-ya-no-llora\/#primaryimage","url":"https:\/\/letrame.com\/catalogo\/wp-content\/uploads\/2024\/09\/zp_micicatriz_1073mm.jpg","contentUrl":"https:\/\/letrame.com\/catalogo\/wp-content\/uploads\/2024\/09\/zp_micicatriz_1073mm.jpg","width":500,"height":722},{"@type":"BreadcrumbList","@id":"https:\/\/letrame.com\/catalogo\/producto\/mi-cicatriz-ya-no-llora\/#breadcrumb","itemListElement":[{"@type":"ListItem","position":1,"name":"Portada","item":"https:\/\/letrame.com\/catalogo\/"},{"@type":"ListItem","position":2,"name":"Cat\u00e1logo","item":"https:\/\/letrame.com\/catalogo\/"},{"@type":"ListItem","position":3,"name":"Mi cicatriz ya no llora"}]},{"@type":"WebSite","@id":"https:\/\/letrame.com\/catalogo\/#website","url":"https:\/\/letrame.com\/catalogo\/","name":"Catalogo | Letrame Grupo Editorial","description":"","publisher":{"@id":"https:\/\/letrame.com\/catalogo\/#organization"},"potentialAction":[{"@type":"SearchAction","target":{"@type":"EntryPoint","urlTemplate":"https:\/\/letrame.com\/catalogo\/?s={search_term_string}"},"query-input":{"@type":"PropertyValueSpecification","valueRequired":true,"valueName":"search_term_string"}}],"inLanguage":"es"},{"@type":"Organization","@id":"https:\/\/letrame.com\/catalogo\/#organization","name":"Catalogo | Letrame Grupo Editorial","url":"https:\/\/letrame.com\/catalogo\/","logo":{"@type":"ImageObject","inLanguage":"es","@id":"https:\/\/letrame.com\/catalogo\/#\/schema\/logo\/image\/","url":"https:\/\/letrame.com\/catalogo\/wp-content\/uploads\/2024\/03\/logo2.webp","contentUrl":"https:\/\/letrame.com\/catalogo\/wp-content\/uploads\/2024\/03\/logo2.webp","width":394,"height":128,"caption":"Catalogo | Letrame Grupo Editorial"},"image":{"@id":"https:\/\/letrame.com\/catalogo\/#\/schema\/logo\/image\/"}}]}},"_links":{"self":[{"href":"https:\/\/letrame.com\/catalogo\/wp-json\/wp\/v2\/product\/106590","targetHints":{"allow":["GET"]}}],"collection":[{"href":"https:\/\/letrame.com\/catalogo\/wp-json\/wp\/v2\/product"}],"about":[{"href":"https:\/\/letrame.com\/catalogo\/wp-json\/wp\/v2\/types\/product"}],"replies":[{"embeddable":true,"href":"https:\/\/letrame.com\/catalogo\/wp-json\/wp\/v2\/comments?post=106590"}],"acf:post":[{"embeddable":true,"href":"https:\/\/letrame.com\/catalogo\/wp-json\/wp\/v2\/author_book\/77192"}],"wp:featuredmedia":[{"embeddable":true,"href":"https:\/\/letrame.com\/catalogo\/wp-json\/wp\/v2\/media\/106591"}],"wp:attachment":[{"href":"https:\/\/letrame.com\/catalogo\/wp-json\/wp\/v2\/media?parent=106590"}],"wp:term":[{"taxonomy":"libro","embeddable":true,"href":"https:\/\/letrame.com\/catalogo\/wp-json\/wp\/v2\/libro?post=106590"},{"taxonomy":"product_brand","embeddable":true,"href":"https:\/\/letrame.com\/catalogo\/wp-json\/wp\/v2\/product_brand?post=106590"},{"taxonomy":"product_cat","embeddable":true,"href":"https:\/\/letrame.com\/catalogo\/wp-json\/wp\/v2\/product_cat?post=106590"},{"taxonomy":"product_tag","embeddable":true,"href":"https:\/\/letrame.com\/catalogo\/wp-json\/wp\/v2\/product_tag?post=106590"}],"curies":[{"name":"wp","href":"https:\/\/api.w.org\/{rel}","templated":true}]}}