{"id":106562,"date":"2024-09-20T12:50:45","date_gmt":"2024-09-20T10:50:45","guid":{"rendered":"https:\/\/letrame.com\/catalogo\/?post_type=product&#038;p=106562"},"modified":"2024-09-20T12:50:45","modified_gmt":"2024-09-20T10:50:45","slug":"el-mundo-empieza-contigo","status":"publish","type":"product","link":"https:\/\/letrame.com\/catalogo\/producto\/el-mundo-empieza-contigo\/","title":{"rendered":"El mundo empieza contigo"},"content":{"rendered":"<div class=\"page\" title=\"Page 6\">\n<div class=\"layoutArea\">\n<div class=\"column\">\n<p>ISBN: 978-84-1068-855-1<\/p>\n<\/div>\n<\/div>\n<\/div>\n<p class=\"p1\">T\u00edtulo: El mundo empieza contigo<\/p>\n<p class=\"p1\">A\u00f1o: 2024<\/p>\n<p class=\"p1\">P\u00e1ginas: 174<\/p>\n<p class=\"p1\">SINOPSIS<\/p>\n<p>La autora habla en profundidad sobre la inteligencia emocional, la gesti\u00f3n de las emociones y los pensamientos, dando al lector herramientas muy \u00fatiles de coaching para aplicar cada d\u00eda. El lector puede aprender a transformar sus creencias limitantes y estados emocionales que le impiden avanzar para lograr m\u00e1s en la vida y alcanzar sus metas con mejores estrategias. El libro tambi\u00e9n trata sobre el amor propio y c\u00f3mo construir una relaci\u00f3n de pareja feliz y saludable. Es un libro muy pr\u00e1ctico y escrito desde el coraz\u00f3n. La autora tambi\u00e9n abarca los temas de la espiritualidad moderna, las emociones y enfermedades, meditaci\u00f3n, yoga, elongaci\u00f3n y el balance entre cuerpo, mente y esp\u00edritu. Tambi\u00e9n es un libro de inspiraci\u00f3n y motivaci\u00f3n.<\/p>\n","protected":false},"excerpt":{"rendered":"<div class=\"page\" title=\"Page 6\">\n<div class=\"layoutArea\">\n<div class=\"column\">\n<p>ISBN: 978-84-1068-855-1<\/p>\n<\/div>\n<\/div>\n<\/div>\n<p class=\"p1\">\n<p class=\"p1\">SINOPSIS<\/p>\n<p>La autora habla en profundidad sobre la inteligencia emocional, la gesti\u00f3n de las emociones y los pensamientos, dando al lector herramientas muy \u00fatiles de coaching para aplicar cada d\u00eda. El lector puede aprender a transformar sus creencias limitantes y estados emocionales que le impiden avanzar para lograr m\u00e1s en la vida y alcanzar sus metas con mejores estrategias. El libro tambi\u00e9n trata sobre el amor propio y c\u00f3mo construir una relaci\u00f3n de pareja feliz y saludable. Es un libro muy pr\u00e1ctico y escrito desde el coraz\u00f3n. La autora tambi\u00e9n abarca los temas de la espiritualidad moderna, las emociones y enfermedades, meditaci\u00f3n, yoga, elongaci\u00f3n y el balance entre cuerpo, mente y esp\u00edritu. Tambi\u00e9n es un libro de inspiraci\u00f3n y motivaci\u00f3n.<\/p>\n","protected":false},"featured_media":106565,"comment_status":"open","ping_status":"closed","template":"","meta":{"_acf_changed":false},"libro":[],"product_brand":[],"product_cat":[18],"product_tag":[],"class_list":{"0":"post-106562","1":"product","2":"type-product","3":"status-publish","4":"has-post-thumbnail","6":"product_cat-autoayuda","8":"first","9":"instock","10":"shipping-taxable","11":"product-type-simple"},"acf":{"autor":[106561],"enlace_de_compra":"https:\/\/amzn.to\/3zqLDzu"},"yoast_head":"<!-- This site is optimized with the Yoast SEO plugin v27.4 - https:\/\/yoast.com\/product\/yoast-seo-wordpress\/ -->\n<title>El mundo empieza contigo - Catalogo | Letrame Grupo Editorial<\/title>\n<meta name=\"robots\" content=\"index, follow, max-snippet:-1, max-image-preview:large, max-video-preview:-1\" \/>\n<link rel=\"canonical\" href=\"https:\/\/letrame.com\/catalogo\/producto\/el-mundo-empieza-contigo\/\" \/>\n<meta property=\"og:locale\" content=\"es_ES\" \/>\n<meta property=\"og:type\" content=\"article\" \/>\n<meta property=\"og:title\" content=\"El mundo empieza contigo - Catalogo | Letrame Grupo Editorial\" \/>\n<meta property=\"og:description\" content=\"ISBN: 978-84-1068-855-1      SINOPSIS La autora habla en profundidad sobre la inteligencia emocional, la gesti\u00f3n de las emociones y los pensamientos, dando al lector herramientas muy \u00fatiles de coaching para aplicar cada d\u00eda. El lector puede aprender a transformar sus creencias limitantes y estados emocionales que le impiden avanzar para lograr m\u00e1s en la vida y alcanzar sus metas con mejores estrategias. El libro tambi\u00e9n trata sobre el amor propio y c\u00f3mo construir una relaci\u00f3n de pareja feliz y saludable. Es un libro muy pr\u00e1ctico y escrito desde el coraz\u00f3n. La autora tambi\u00e9n abarca los temas de la espiritualidad moderna, las emociones y enfermedades, meditaci\u00f3n, yoga, elongaci\u00f3n y el balance entre cuerpo, mente y esp\u00edritu. Tambi\u00e9n es un libro de inspiraci\u00f3n y motivaci\u00f3n.\" \/>\n<meta property=\"og:url\" content=\"https:\/\/letrame.com\/catalogo\/producto\/el-mundo-empieza-contigo\/\" \/>\n<meta property=\"og:site_name\" content=\"Catalogo | Letrame Grupo Editorial\" \/>\n<meta property=\"og:image\" content=\"https:\/\/letrame.com\/catalogo\/wp-content\/uploads\/2024\/09\/zelmundoempiezacontigo_1011mm4.jpg\" \/>\n\t<meta property=\"og:image:width\" content=\"675\" \/>\n\t<meta property=\"og:image:height\" content=\"990\" \/>\n\t<meta property=\"og:image:type\" content=\"image\/jpeg\" \/>\n<meta name=\"twitter:card\" content=\"summary_large_image\" \/>\n<meta name=\"twitter:label1\" content=\"Tiempo de lectura\" \/>\n\t<meta name=\"twitter:data1\" content=\"1 minuto\" \/>\n<script type=\"application\/ld+json\" class=\"yoast-schema-graph\">{\"@context\":\"https:\\\/\\\/schema.org\",\"@graph\":[{\"@type\":\"WebPage\",\"@id\":\"https:\\\/\\\/letrame.com\\\/catalogo\\\/producto\\\/el-mundo-empieza-contigo\\\/\",\"url\":\"https:\\\/\\\/letrame.com\\\/catalogo\\\/producto\\\/el-mundo-empieza-contigo\\\/\",\"name\":\"El mundo empieza contigo - Catalogo | Letrame Grupo Editorial\",\"isPartOf\":{\"@id\":\"https:\\\/\\\/letrame.com\\\/catalogo\\\/#website\"},\"primaryImageOfPage\":{\"@id\":\"https:\\\/\\\/letrame.com\\\/catalogo\\\/producto\\\/el-mundo-empieza-contigo\\\/#primaryimage\"},\"image\":{\"@id\":\"https:\\\/\\\/letrame.com\\\/catalogo\\\/producto\\\/el-mundo-empieza-contigo\\\/#primaryimage\"},\"thumbnailUrl\":\"https:\\\/\\\/letrame.com\\\/catalogo\\\/wp-content\\\/uploads\\\/2024\\\/09\\\/zelmundoempiezacontigo_1011mm4.jpg\",\"datePublished\":\"2024-09-20T10:50:45+00:00\",\"breadcrumb\":{\"@id\":\"https:\\\/\\\/letrame.com\\\/catalogo\\\/producto\\\/el-mundo-empieza-contigo\\\/#breadcrumb\"},\"inLanguage\":\"es\",\"potentialAction\":[{\"@type\":\"ReadAction\",\"target\":[\"https:\\\/\\\/letrame.com\\\/catalogo\\\/producto\\\/el-mundo-empieza-contigo\\\/\"]}]},{\"@type\":\"ImageObject\",\"inLanguage\":\"es\",\"@id\":\"https:\\\/\\\/letrame.com\\\/catalogo\\\/producto\\\/el-mundo-empieza-contigo\\\/#primaryimage\",\"url\":\"https:\\\/\\\/letrame.com\\\/catalogo\\\/wp-content\\\/uploads\\\/2024\\\/09\\\/zelmundoempiezacontigo_1011mm4.jpg\",\"contentUrl\":\"https:\\\/\\\/letrame.com\\\/catalogo\\\/wp-content\\\/uploads\\\/2024\\\/09\\\/zelmundoempiezacontigo_1011mm4.jpg\",\"width\":675,\"height\":990},{\"@type\":\"BreadcrumbList\",\"@id\":\"https:\\\/\\\/letrame.com\\\/catalogo\\\/producto\\\/el-mundo-empieza-contigo\\\/#breadcrumb\",\"itemListElement\":[{\"@type\":\"ListItem\",\"position\":1,\"name\":\"Portada\",\"item\":\"https:\\\/\\\/letrame.com\\\/catalogo\\\/\"},{\"@type\":\"ListItem\",\"position\":2,\"name\":\"Cat\u00e1logo\",\"item\":\"https:\\\/\\\/letrame.com\\\/catalogo\\\/\"},{\"@type\":\"ListItem\",\"position\":3,\"name\":\"El mundo empieza contigo\"}]},{\"@type\":\"WebSite\",\"@id\":\"https:\\\/\\\/letrame.com\\\/catalogo\\\/#website\",\"url\":\"https:\\\/\\\/letrame.com\\\/catalogo\\\/\",\"name\":\"Catalogo | Letrame Grupo Editorial\",\"description\":\"\",\"publisher\":{\"@id\":\"https:\\\/\\\/letrame.com\\\/catalogo\\\/#organization\"},\"potentialAction\":[{\"@type\":\"SearchAction\",\"target\":{\"@type\":\"EntryPoint\",\"urlTemplate\":\"https:\\\/\\\/letrame.com\\\/catalogo\\\/?s={search_term_string}\"},\"query-input\":{\"@type\":\"PropertyValueSpecification\",\"valueRequired\":true,\"valueName\":\"search_term_string\"}}],\"inLanguage\":\"es\"},{\"@type\":\"Organization\",\"@id\":\"https:\\\/\\\/letrame.com\\\/catalogo\\\/#organization\",\"name\":\"Catalogo | Letrame Grupo Editorial\",\"url\":\"https:\\\/\\\/letrame.com\\\/catalogo\\\/\",\"logo\":{\"@type\":\"ImageObject\",\"inLanguage\":\"es\",\"@id\":\"https:\\\/\\\/letrame.com\\\/catalogo\\\/#\\\/schema\\\/logo\\\/image\\\/\",\"url\":\"https:\\\/\\\/letrame.com\\\/catalogo\\\/wp-content\\\/uploads\\\/2024\\\/03\\\/logo2.webp\",\"contentUrl\":\"https:\\\/\\\/letrame.com\\\/catalogo\\\/wp-content\\\/uploads\\\/2024\\\/03\\\/logo2.webp\",\"width\":394,\"height\":128,\"caption\":\"Catalogo | Letrame Grupo Editorial\"},\"image\":{\"@id\":\"https:\\\/\\\/letrame.com\\\/catalogo\\\/#\\\/schema\\\/logo\\\/image\\\/\"}}]}<\/script>\n<!-- \/ Yoast SEO plugin. -->","yoast_head_json":{"title":"El mundo empieza contigo - Catalogo | Letrame Grupo Editorial","robots":{"index":"index","follow":"follow","max-snippet":"max-snippet:-1","max-image-preview":"max-image-preview:large","max-video-preview":"max-video-preview:-1"},"canonical":"https:\/\/letrame.com\/catalogo\/producto\/el-mundo-empieza-contigo\/","og_locale":"es_ES","og_type":"article","og_title":"El mundo empieza contigo - Catalogo | Letrame Grupo Editorial","og_description":"ISBN: 978-84-1068-855-1      SINOPSIS La autora habla en profundidad sobre la inteligencia emocional, la gesti\u00f3n de las emociones y los pensamientos, dando al lector herramientas muy \u00fatiles de coaching para aplicar cada d\u00eda. El lector puede aprender a transformar sus creencias limitantes y estados emocionales que le impiden avanzar para lograr m\u00e1s en la vida y alcanzar sus metas con mejores estrategias. El libro tambi\u00e9n trata sobre el amor propio y c\u00f3mo construir una relaci\u00f3n de pareja feliz y saludable. Es un libro muy pr\u00e1ctico y escrito desde el coraz\u00f3n. La autora tambi\u00e9n abarca los temas de la espiritualidad moderna, las emociones y enfermedades, meditaci\u00f3n, yoga, elongaci\u00f3n y el balance entre cuerpo, mente y esp\u00edritu. Tambi\u00e9n es un libro de inspiraci\u00f3n y motivaci\u00f3n.","og_url":"https:\/\/letrame.com\/catalogo\/producto\/el-mundo-empieza-contigo\/","og_site_name":"Catalogo | Letrame Grupo Editorial","og_image":[{"width":675,"height":990,"url":"https:\/\/letrame.com\/catalogo\/wp-content\/uploads\/2024\/09\/zelmundoempiezacontigo_1011mm4.jpg","type":"image\/jpeg"}],"twitter_card":"summary_large_image","twitter_misc":{"Tiempo de lectura":"1 minuto"},"schema":{"@context":"https:\/\/schema.org","@graph":[{"@type":"WebPage","@id":"https:\/\/letrame.com\/catalogo\/producto\/el-mundo-empieza-contigo\/","url":"https:\/\/letrame.com\/catalogo\/producto\/el-mundo-empieza-contigo\/","name":"El mundo empieza contigo - Catalogo | Letrame Grupo Editorial","isPartOf":{"@id":"https:\/\/letrame.com\/catalogo\/#website"},"primaryImageOfPage":{"@id":"https:\/\/letrame.com\/catalogo\/producto\/el-mundo-empieza-contigo\/#primaryimage"},"image":{"@id":"https:\/\/letrame.com\/catalogo\/producto\/el-mundo-empieza-contigo\/#primaryimage"},"thumbnailUrl":"https:\/\/letrame.com\/catalogo\/wp-content\/uploads\/2024\/09\/zelmundoempiezacontigo_1011mm4.jpg","datePublished":"2024-09-20T10:50:45+00:00","breadcrumb":{"@id":"https:\/\/letrame.com\/catalogo\/producto\/el-mundo-empieza-contigo\/#breadcrumb"},"inLanguage":"es","potentialAction":[{"@type":"ReadAction","target":["https:\/\/letrame.com\/catalogo\/producto\/el-mundo-empieza-contigo\/"]}]},{"@type":"ImageObject","inLanguage":"es","@id":"https:\/\/letrame.com\/catalogo\/producto\/el-mundo-empieza-contigo\/#primaryimage","url":"https:\/\/letrame.com\/catalogo\/wp-content\/uploads\/2024\/09\/zelmundoempiezacontigo_1011mm4.jpg","contentUrl":"https:\/\/letrame.com\/catalogo\/wp-content\/uploads\/2024\/09\/zelmundoempiezacontigo_1011mm4.jpg","width":675,"height":990},{"@type":"BreadcrumbList","@id":"https:\/\/letrame.com\/catalogo\/producto\/el-mundo-empieza-contigo\/#breadcrumb","itemListElement":[{"@type":"ListItem","position":1,"name":"Portada","item":"https:\/\/letrame.com\/catalogo\/"},{"@type":"ListItem","position":2,"name":"Cat\u00e1logo","item":"https:\/\/letrame.com\/catalogo\/"},{"@type":"ListItem","position":3,"name":"El mundo empieza contigo"}]},{"@type":"WebSite","@id":"https:\/\/letrame.com\/catalogo\/#website","url":"https:\/\/letrame.com\/catalogo\/","name":"Catalogo | Letrame Grupo Editorial","description":"","publisher":{"@id":"https:\/\/letrame.com\/catalogo\/#organization"},"potentialAction":[{"@type":"SearchAction","target":{"@type":"EntryPoint","urlTemplate":"https:\/\/letrame.com\/catalogo\/?s={search_term_string}"},"query-input":{"@type":"PropertyValueSpecification","valueRequired":true,"valueName":"search_term_string"}}],"inLanguage":"es"},{"@type":"Organization","@id":"https:\/\/letrame.com\/catalogo\/#organization","name":"Catalogo | Letrame Grupo Editorial","url":"https:\/\/letrame.com\/catalogo\/","logo":{"@type":"ImageObject","inLanguage":"es","@id":"https:\/\/letrame.com\/catalogo\/#\/schema\/logo\/image\/","url":"https:\/\/letrame.com\/catalogo\/wp-content\/uploads\/2024\/03\/logo2.webp","contentUrl":"https:\/\/letrame.com\/catalogo\/wp-content\/uploads\/2024\/03\/logo2.webp","width":394,"height":128,"caption":"Catalogo | Letrame Grupo Editorial"},"image":{"@id":"https:\/\/letrame.com\/catalogo\/#\/schema\/logo\/image\/"}}]}},"_links":{"self":[{"href":"https:\/\/letrame.com\/catalogo\/wp-json\/wp\/v2\/product\/106562","targetHints":{"allow":["GET"]}}],"collection":[{"href":"https:\/\/letrame.com\/catalogo\/wp-json\/wp\/v2\/product"}],"about":[{"href":"https:\/\/letrame.com\/catalogo\/wp-json\/wp\/v2\/types\/product"}],"replies":[{"embeddable":true,"href":"https:\/\/letrame.com\/catalogo\/wp-json\/wp\/v2\/comments?post=106562"}],"acf:post":[{"embeddable":true,"href":"https:\/\/letrame.com\/catalogo\/wp-json\/wp\/v2\/author_book\/106561"}],"wp:featuredmedia":[{"embeddable":true,"href":"https:\/\/letrame.com\/catalogo\/wp-json\/wp\/v2\/media\/106565"}],"wp:attachment":[{"href":"https:\/\/letrame.com\/catalogo\/wp-json\/wp\/v2\/media?parent=106562"}],"wp:term":[{"taxonomy":"libro","embeddable":true,"href":"https:\/\/letrame.com\/catalogo\/wp-json\/wp\/v2\/libro?post=106562"},{"taxonomy":"product_brand","embeddable":true,"href":"https:\/\/letrame.com\/catalogo\/wp-json\/wp\/v2\/product_brand?post=106562"},{"taxonomy":"product_cat","embeddable":true,"href":"https:\/\/letrame.com\/catalogo\/wp-json\/wp\/v2\/product_cat?post=106562"},{"taxonomy":"product_tag","embeddable":true,"href":"https:\/\/letrame.com\/catalogo\/wp-json\/wp\/v2\/product_tag?post=106562"}],"curies":[{"name":"wp","href":"https:\/\/api.w.org\/{rel}","templated":true}]}}