{"id":106497,"date":"2024-09-20T08:46:08","date_gmt":"2024-09-20T06:46:08","guid":{"rendered":"https:\/\/letrame.com\/catalogo\/?post_type=product&#038;p=106497"},"modified":"2024-09-20T08:50:18","modified_gmt":"2024-09-20T06:50:18","slug":"nonino","status":"publish","type":"product","link":"https:\/\/letrame.com\/catalogo\/producto\/nonino\/","title":{"rendered":"NONINO\u0301"},"content":{"rendered":"<p class=\"p1\">ISBN: 978-84-1068-809-4<\/p>\n<p class=\"p1\">T\u00edtulo: NONINO\u0301<\/p>\n<p class=\"p1\">A\u00f1o: 2024<\/p>\n<p class=\"p1\">P\u00e1ginas: 204<\/p>\n<p class=\"p1\">SINOPSIS<\/p>\n<p>La novel\u00b7la que vos present, Nonin\u00f3, conta la hist\u00f2ria d\u2019una fam\u00edlia sollerica de comen\u00e7ament de segle XX. La fam\u00edlia, cara l\u2019exterior, est\u00e0 dins la normalitat d\u2019una fam\u00edlia respectable de poble, amb reputaci\u00f3 i solv\u00e8ncia; per\u00f2, per dedins, \u00e9s un polvor\u00ed.<\/p>\n<p>La hist\u00f2ria es va teixint i va descobrint les llums i les ombres dels personatges. La mare guarda un secret inconfessable que afecta tota la fam\u00edlia i, especialment, a na Joana, la filla segona. El pare \u00e9s un ser fosc, masclista i violent que t\u00e9 atemorida la fam\u00edlia.<\/p>\n<p>Davant el drama familiar, cada fill esclata de manera diferent: la filla gran, se fa m\u00e9s forta; la filla segona, amb una imaginaci\u00f3 desbordant, se perd dins la seva ment; i el fill menor se refugia en els llibres. Na Joana, la segona, transita l\u2019espai que hi ha entre la seva radical innoc\u00e8ncia i la bogeria. La seva imaginaci\u00f3 i bondat fan que sigui ella, la que descobreix el secret de la mare. Aquest fet, li permet comprendre el que passa i fer un canvi radical a la seva vida i viure la llibertat i l\u2019amor.<\/p>\n<p>Nonin\u00f3, \u00e9s un viatge per la Mallorca tradicional i modernista de comen\u00e7ament de segle, amb els avan\u00e7os industrials de l\u2019\u00e8poca, i la mentalitat m\u00e9s oberta i liberal d\u2019alguns en contraposici\u00f3 a les tradicions m\u00e9s conservadores i arrelades de la majoria. \u00c9s un passeig per Palma, per la Vall de S\u00f3ller i les relacions comercials i culturals amb Fran\u00e7a i altres pa\u00efsos sud-americans que obriren nous camins.<\/p>\n<p>A mesura que l\u2019obra avan\u00e7a, hi ha un despla\u00e7ament d\u2019una manera m\u00e9s fatalista de veure la vida i les obligacions que ens coarten, cap a la vict\u00f2ria d\u2019una actitud m\u00e9s innocent i espont\u00e0nia. Finalment, l\u2019alegria s\u2019imposa a qualsevol convencionalisme que condemna conductes considerades de bojos per una majoria, quan potser el m\u00e9s assenyat que podem fer \u00e9s deixar sortir el que, veritablement, som.<\/p>\n<p>&nbsp;<\/p>\n","protected":false},"excerpt":{"rendered":"<p class=\"p1\">ISBN: 978-84-1068-809-4<\/p>\n<p class=\"p1\">SINOPSIS<\/p>\n<p>La novel\u00b7la que vos present, Nonin\u00f3, conta la hist\u00f2ria d\u2019una fam\u00edlia sollerica de comen\u00e7ament de segle XX. La fam\u00edlia, cara l\u2019exterior, est\u00e0 dins la normalitat d\u2019una fam\u00edlia respectable de poble, amb reputaci\u00f3 i solv\u00e8ncia; per\u00f2, per dedins, \u00e9s un polvor\u00ed.<\/p>\n<p>La hist\u00f2ria es va teixint i va descobrint les llums i les ombres dels personatges. La mare guarda un secret inconfessable que afecta tota la fam\u00edlia i, especialment, a na Joana, la filla segona. El pare \u00e9s un ser fosc, masclista i violent que t\u00e9 atemorida la fam\u00edlia.<\/p>\n<p>Davant el drama familiar, cada fill esclata de manera diferent: la filla gran, se fa m\u00e9s forta; la filla segona, amb una imaginaci\u00f3 desbordant, se perd dins la seva ment; i el fill menor se refugia en els llibres. Na Joana, la segona, transita l\u2019espai que hi ha entre la seva radical innoc\u00e8ncia i la bogeria. La seva imaginaci\u00f3 i bondat fan que sigui ella, la que descobreix el secret de la mare. Aquest fet, li permet comprendre el que passa i fer un canvi radical a la seva vida i viure la llibertat i l\u2019amor.<\/p>\n<p>Nonin\u00f3, \u00e9s un viatge per la Mallorca tradicional i modernista de comen\u00e7ament de segle, amb els avan\u00e7os industrials de l\u2019\u00e8poca, i la mentalitat m\u00e9s oberta i liberal d\u2019alguns en contraposici\u00f3 a les tradicions m\u00e9s conservadores i arrelades de la majoria. \u00c9s un passeig per Palma, per la Vall de S\u00f3ller i les relacions comercials i culturals amb Fran\u00e7a i altres pa\u00efsos sud-americans que obriren nous camins.<\/p>\n<p>A mesura que l\u2019obra avan\u00e7a, hi ha un despla\u00e7ament d\u2019una manera m\u00e9s fatalista de veure la vida i les obligacions que ens coarten, cap a la vict\u00f2ria d\u2019una actitud m\u00e9s innocent i espont\u00e0nia. Finalment, l\u2019alegria s\u2019imposa a qualsevol convencionalisme que condemna conductes considerades de bojos per una majoria, quan potser el m\u00e9s assenyat que podem fer \u00e9s deixar sortir el que, veritablement, som.<\/p>\n<p>&nbsp;<\/p>\n","protected":false},"featured_media":106502,"comment_status":"open","ping_status":"closed","template":"","meta":{"_acf_changed":false},"libro":[],"product_brand":[],"product_cat":[110],"product_tag":[],"class_list":{"0":"post-106497","1":"product","2":"type-product","3":"status-publish","4":"has-post-thumbnail","6":"product_cat-hechos-reales","8":"first","9":"instock","10":"shipping-taxable","11":"product-type-simple"},"acf":{"autor":[106498],"enlace_de_compra":""},"yoast_head":"<!-- This site is optimized with the Yoast SEO plugin v26.6 - https:\/\/yoast.com\/wordpress\/plugins\/seo\/ -->\n<title>NONINO\u0301 - Catalogo | Letrame Grupo Editorial<\/title>\n<meta name=\"robots\" content=\"index, follow, max-snippet:-1, max-image-preview:large, max-video-preview:-1\" \/>\n<link rel=\"canonical\" href=\"https:\/\/letrame.com\/catalogo\/producto\/nonino\/\" \/>\n<meta property=\"og:locale\" content=\"es_ES\" \/>\n<meta property=\"og:type\" content=\"article\" \/>\n<meta property=\"og:title\" content=\"NONINO\u0301 - Catalogo | Letrame Grupo Editorial\" \/>\n<meta property=\"og:description\" content=\"ISBN: 978-84-1068-809-4 SINOPSIS La novel\u00b7la que vos present, Nonin\u00f3, conta la hist\u00f2ria d\u2019una fam\u00edlia sollerica de comen\u00e7ament de segle XX. La fam\u00edlia, cara l\u2019exterior, est\u00e0 dins la normalitat d\u2019una fam\u00edlia respectable de poble, amb reputaci\u00f3 i solv\u00e8ncia; per\u00f2, per dedins, \u00e9s un polvor\u00ed.  La hist\u00f2ria es va teixint i va descobrint les llums i les ombres dels personatges. La mare guarda un secret inconfessable que afecta tota la fam\u00edlia i, especialment, a na Joana, la filla segona. El pare \u00e9s un ser fosc, masclista i violent que t\u00e9 atemorida la fam\u00edlia.  Davant el drama familiar, cada fill esclata de manera diferent: la filla gran, se fa m\u00e9s forta; la filla segona, amb una imaginaci\u00f3 desbordant, se perd dins la seva ment; i el fill menor se refugia en els llibres. Na Joana, la segona, transita l\u2019espai que hi ha entre la seva radical innoc\u00e8ncia i la bogeria. La seva imaginaci\u00f3 i bondat fan que sigui ella, la que descobreix el secret de la mare. Aquest fet, li permet comprendre el que passa i fer un canvi radical a la seva vida i viure la llibertat i l\u2019amor.  Nonin\u00f3, \u00e9s un viatge per la Mallorca tradicional i modernista de comen\u00e7ament de segle, amb els avan\u00e7os industrials de l\u2019\u00e8poca, i la mentalitat m\u00e9s oberta i liberal d\u2019alguns en contraposici\u00f3 a les tradicions m\u00e9s conservadores i arrelades de la majoria. \u00c9s un passeig per Palma, per la Vall de S\u00f3ller i les relacions comercials i culturals amb Fran\u00e7a i altres pa\u00efsos sud-americans que obriren nous camins.  A mesura que l\u2019obra avan\u00e7a, hi ha un despla\u00e7ament d\u2019una manera m\u00e9s fatalista de veure la vida i les obligacions que ens coarten, cap a la vict\u00f2ria d\u2019una actitud m\u00e9s innocent i espont\u00e0nia. Finalment, l\u2019alegria s\u2019imposa a qualsevol convencionalisme que condemna conductes considerades de bojos per una majoria, quan potser el m\u00e9s assenyat que podem fer \u00e9s deixar sortir el que, veritablement, som.  &nbsp;\" \/>\n<meta property=\"og:url\" content=\"https:\/\/letrame.com\/catalogo\/producto\/nonino\/\" \/>\n<meta property=\"og:site_name\" content=\"Catalogo | Letrame Grupo Editorial\" \/>\n<meta property=\"article:modified_time\" content=\"2024-09-20T06:50:18+00:00\" \/>\n<meta property=\"og:image\" content=\"https:\/\/letrame.com\/catalogo\/wp-content\/uploads\/2024\/09\/znonino_10mm4.jpg\" \/>\n\t<meta property=\"og:image:width\" content=\"525\" \/>\n\t<meta property=\"og:image:height\" content=\"770\" \/>\n\t<meta property=\"og:image:type\" content=\"image\/jpeg\" \/>\n<meta name=\"twitter:card\" content=\"summary_large_image\" \/>\n<meta name=\"twitter:label1\" content=\"Tiempo de lectura\" \/>\n\t<meta name=\"twitter:data1\" content=\"2 minutos\" \/>\n<script type=\"application\/ld+json\" class=\"yoast-schema-graph\">{\"@context\":\"https:\/\/schema.org\",\"@graph\":[{\"@type\":\"WebPage\",\"@id\":\"https:\/\/letrame.com\/catalogo\/producto\/nonino\/\",\"url\":\"https:\/\/letrame.com\/catalogo\/producto\/nonino\/\",\"name\":\"NONINO\u0301 - Catalogo | Letrame Grupo Editorial\",\"isPartOf\":{\"@id\":\"https:\/\/letrame.com\/catalogo\/#website\"},\"primaryImageOfPage\":{\"@id\":\"https:\/\/letrame.com\/catalogo\/producto\/nonino\/#primaryimage\"},\"image\":{\"@id\":\"https:\/\/letrame.com\/catalogo\/producto\/nonino\/#primaryimage\"},\"thumbnailUrl\":\"https:\/\/letrame.com\/catalogo\/wp-content\/uploads\/2024\/09\/znonino_10mm4.jpg\",\"datePublished\":\"2024-09-20T06:46:08+00:00\",\"dateModified\":\"2024-09-20T06:50:18+00:00\",\"breadcrumb\":{\"@id\":\"https:\/\/letrame.com\/catalogo\/producto\/nonino\/#breadcrumb\"},\"inLanguage\":\"es\",\"potentialAction\":[{\"@type\":\"ReadAction\",\"target\":[\"https:\/\/letrame.com\/catalogo\/producto\/nonino\/\"]}]},{\"@type\":\"ImageObject\",\"inLanguage\":\"es\",\"@id\":\"https:\/\/letrame.com\/catalogo\/producto\/nonino\/#primaryimage\",\"url\":\"https:\/\/letrame.com\/catalogo\/wp-content\/uploads\/2024\/09\/znonino_10mm4.jpg\",\"contentUrl\":\"https:\/\/letrame.com\/catalogo\/wp-content\/uploads\/2024\/09\/znonino_10mm4.jpg\",\"width\":525,\"height\":770},{\"@type\":\"BreadcrumbList\",\"@id\":\"https:\/\/letrame.com\/catalogo\/producto\/nonino\/#breadcrumb\",\"itemListElement\":[{\"@type\":\"ListItem\",\"position\":1,\"name\":\"Portada\",\"item\":\"https:\/\/letrame.com\/catalogo\/\"},{\"@type\":\"ListItem\",\"position\":2,\"name\":\"Cat\u00e1logo\",\"item\":\"https:\/\/letrame.com\/catalogo\/\"},{\"@type\":\"ListItem\",\"position\":3,\"name\":\"NONINO\u0301\"}]},{\"@type\":\"WebSite\",\"@id\":\"https:\/\/letrame.com\/catalogo\/#website\",\"url\":\"https:\/\/letrame.com\/catalogo\/\",\"name\":\"Catalogo | Letrame Grupo Editorial\",\"description\":\"\",\"publisher\":{\"@id\":\"https:\/\/letrame.com\/catalogo\/#organization\"},\"potentialAction\":[{\"@type\":\"SearchAction\",\"target\":{\"@type\":\"EntryPoint\",\"urlTemplate\":\"https:\/\/letrame.com\/catalogo\/?s={search_term_string}\"},\"query-input\":{\"@type\":\"PropertyValueSpecification\",\"valueRequired\":true,\"valueName\":\"search_term_string\"}}],\"inLanguage\":\"es\"},{\"@type\":\"Organization\",\"@id\":\"https:\/\/letrame.com\/catalogo\/#organization\",\"name\":\"Catalogo | Letrame Grupo Editorial\",\"url\":\"https:\/\/letrame.com\/catalogo\/\",\"logo\":{\"@type\":\"ImageObject\",\"inLanguage\":\"es\",\"@id\":\"https:\/\/letrame.com\/catalogo\/#\/schema\/logo\/image\/\",\"url\":\"https:\/\/letrame.com\/catalogo\/wp-content\/uploads\/2024\/03\/logo2.webp\",\"contentUrl\":\"https:\/\/letrame.com\/catalogo\/wp-content\/uploads\/2024\/03\/logo2.webp\",\"width\":394,\"height\":128,\"caption\":\"Catalogo | Letrame Grupo Editorial\"},\"image\":{\"@id\":\"https:\/\/letrame.com\/catalogo\/#\/schema\/logo\/image\/\"}}]}<\/script>\n<!-- \/ Yoast SEO plugin. -->","yoast_head_json":{"title":"NONINO\u0301 - Catalogo | Letrame Grupo Editorial","robots":{"index":"index","follow":"follow","max-snippet":"max-snippet:-1","max-image-preview":"max-image-preview:large","max-video-preview":"max-video-preview:-1"},"canonical":"https:\/\/letrame.com\/catalogo\/producto\/nonino\/","og_locale":"es_ES","og_type":"article","og_title":"NONINO\u0301 - Catalogo | Letrame Grupo Editorial","og_description":"ISBN: 978-84-1068-809-4 SINOPSIS La novel\u00b7la que vos present, Nonin\u00f3, conta la hist\u00f2ria d\u2019una fam\u00edlia sollerica de comen\u00e7ament de segle XX. La fam\u00edlia, cara l\u2019exterior, est\u00e0 dins la normalitat d\u2019una fam\u00edlia respectable de poble, amb reputaci\u00f3 i solv\u00e8ncia; per\u00f2, per dedins, \u00e9s un polvor\u00ed.  La hist\u00f2ria es va teixint i va descobrint les llums i les ombres dels personatges. La mare guarda un secret inconfessable que afecta tota la fam\u00edlia i, especialment, a na Joana, la filla segona. El pare \u00e9s un ser fosc, masclista i violent que t\u00e9 atemorida la fam\u00edlia.  Davant el drama familiar, cada fill esclata de manera diferent: la filla gran, se fa m\u00e9s forta; la filla segona, amb una imaginaci\u00f3 desbordant, se perd dins la seva ment; i el fill menor se refugia en els llibres. Na Joana, la segona, transita l\u2019espai que hi ha entre la seva radical innoc\u00e8ncia i la bogeria. La seva imaginaci\u00f3 i bondat fan que sigui ella, la que descobreix el secret de la mare. Aquest fet, li permet comprendre el que passa i fer un canvi radical a la seva vida i viure la llibertat i l\u2019amor.  Nonin\u00f3, \u00e9s un viatge per la Mallorca tradicional i modernista de comen\u00e7ament de segle, amb els avan\u00e7os industrials de l\u2019\u00e8poca, i la mentalitat m\u00e9s oberta i liberal d\u2019alguns en contraposici\u00f3 a les tradicions m\u00e9s conservadores i arrelades de la majoria. \u00c9s un passeig per Palma, per la Vall de S\u00f3ller i les relacions comercials i culturals amb Fran\u00e7a i altres pa\u00efsos sud-americans que obriren nous camins.  A mesura que l\u2019obra avan\u00e7a, hi ha un despla\u00e7ament d\u2019una manera m\u00e9s fatalista de veure la vida i les obligacions que ens coarten, cap a la vict\u00f2ria d\u2019una actitud m\u00e9s innocent i espont\u00e0nia. Finalment, l\u2019alegria s\u2019imposa a qualsevol convencionalisme que condemna conductes considerades de bojos per una majoria, quan potser el m\u00e9s assenyat que podem fer \u00e9s deixar sortir el que, veritablement, som.  &nbsp;","og_url":"https:\/\/letrame.com\/catalogo\/producto\/nonino\/","og_site_name":"Catalogo | Letrame Grupo Editorial","article_modified_time":"2024-09-20T06:50:18+00:00","og_image":[{"width":525,"height":770,"url":"https:\/\/letrame.com\/catalogo\/wp-content\/uploads\/2024\/09\/znonino_10mm4.jpg","type":"image\/jpeg"}],"twitter_card":"summary_large_image","twitter_misc":{"Tiempo de lectura":"2 minutos"},"schema":{"@context":"https:\/\/schema.org","@graph":[{"@type":"WebPage","@id":"https:\/\/letrame.com\/catalogo\/producto\/nonino\/","url":"https:\/\/letrame.com\/catalogo\/producto\/nonino\/","name":"NONINO\u0301 - Catalogo | Letrame Grupo Editorial","isPartOf":{"@id":"https:\/\/letrame.com\/catalogo\/#website"},"primaryImageOfPage":{"@id":"https:\/\/letrame.com\/catalogo\/producto\/nonino\/#primaryimage"},"image":{"@id":"https:\/\/letrame.com\/catalogo\/producto\/nonino\/#primaryimage"},"thumbnailUrl":"https:\/\/letrame.com\/catalogo\/wp-content\/uploads\/2024\/09\/znonino_10mm4.jpg","datePublished":"2024-09-20T06:46:08+00:00","dateModified":"2024-09-20T06:50:18+00:00","breadcrumb":{"@id":"https:\/\/letrame.com\/catalogo\/producto\/nonino\/#breadcrumb"},"inLanguage":"es","potentialAction":[{"@type":"ReadAction","target":["https:\/\/letrame.com\/catalogo\/producto\/nonino\/"]}]},{"@type":"ImageObject","inLanguage":"es","@id":"https:\/\/letrame.com\/catalogo\/producto\/nonino\/#primaryimage","url":"https:\/\/letrame.com\/catalogo\/wp-content\/uploads\/2024\/09\/znonino_10mm4.jpg","contentUrl":"https:\/\/letrame.com\/catalogo\/wp-content\/uploads\/2024\/09\/znonino_10mm4.jpg","width":525,"height":770},{"@type":"BreadcrumbList","@id":"https:\/\/letrame.com\/catalogo\/producto\/nonino\/#breadcrumb","itemListElement":[{"@type":"ListItem","position":1,"name":"Portada","item":"https:\/\/letrame.com\/catalogo\/"},{"@type":"ListItem","position":2,"name":"Cat\u00e1logo","item":"https:\/\/letrame.com\/catalogo\/"},{"@type":"ListItem","position":3,"name":"NONINO\u0301"}]},{"@type":"WebSite","@id":"https:\/\/letrame.com\/catalogo\/#website","url":"https:\/\/letrame.com\/catalogo\/","name":"Catalogo | Letrame Grupo Editorial","description":"","publisher":{"@id":"https:\/\/letrame.com\/catalogo\/#organization"},"potentialAction":[{"@type":"SearchAction","target":{"@type":"EntryPoint","urlTemplate":"https:\/\/letrame.com\/catalogo\/?s={search_term_string}"},"query-input":{"@type":"PropertyValueSpecification","valueRequired":true,"valueName":"search_term_string"}}],"inLanguage":"es"},{"@type":"Organization","@id":"https:\/\/letrame.com\/catalogo\/#organization","name":"Catalogo | Letrame Grupo Editorial","url":"https:\/\/letrame.com\/catalogo\/","logo":{"@type":"ImageObject","inLanguage":"es","@id":"https:\/\/letrame.com\/catalogo\/#\/schema\/logo\/image\/","url":"https:\/\/letrame.com\/catalogo\/wp-content\/uploads\/2024\/03\/logo2.webp","contentUrl":"https:\/\/letrame.com\/catalogo\/wp-content\/uploads\/2024\/03\/logo2.webp","width":394,"height":128,"caption":"Catalogo | Letrame Grupo Editorial"},"image":{"@id":"https:\/\/letrame.com\/catalogo\/#\/schema\/logo\/image\/"}}]}},"_links":{"self":[{"href":"https:\/\/letrame.com\/catalogo\/wp-json\/wp\/v2\/product\/106497","targetHints":{"allow":["GET"]}}],"collection":[{"href":"https:\/\/letrame.com\/catalogo\/wp-json\/wp\/v2\/product"}],"about":[{"href":"https:\/\/letrame.com\/catalogo\/wp-json\/wp\/v2\/types\/product"}],"replies":[{"embeddable":true,"href":"https:\/\/letrame.com\/catalogo\/wp-json\/wp\/v2\/comments?post=106497"}],"acf:post":[{"embeddable":true,"href":"https:\/\/letrame.com\/catalogo\/wp-json\/wp\/v2\/author_book\/106498"}],"wp:featuredmedia":[{"embeddable":true,"href":"https:\/\/letrame.com\/catalogo\/wp-json\/wp\/v2\/media\/106502"}],"wp:attachment":[{"href":"https:\/\/letrame.com\/catalogo\/wp-json\/wp\/v2\/media?parent=106497"}],"wp:term":[{"taxonomy":"libro","embeddable":true,"href":"https:\/\/letrame.com\/catalogo\/wp-json\/wp\/v2\/libro?post=106497"},{"taxonomy":"product_brand","embeddable":true,"href":"https:\/\/letrame.com\/catalogo\/wp-json\/wp\/v2\/product_brand?post=106497"},{"taxonomy":"product_cat","embeddable":true,"href":"https:\/\/letrame.com\/catalogo\/wp-json\/wp\/v2\/product_cat?post=106497"},{"taxonomy":"product_tag","embeddable":true,"href":"https:\/\/letrame.com\/catalogo\/wp-json\/wp\/v2\/product_tag?post=106497"}],"curies":[{"name":"wp","href":"https:\/\/api.w.org\/{rel}","templated":true}]}}