{"id":106470,"date":"2024-09-19T16:10:54","date_gmt":"2024-09-19T14:10:54","guid":{"rendered":"https:\/\/letrame.com\/catalogo\/?post_type=product&#038;p=106470"},"modified":"2026-04-17T11:41:05","modified_gmt":"2026-04-17T09:41:05","slug":"el-vals-de-las-abejas","status":"publish","type":"product","link":"https:\/\/letrame.com\/catalogo\/producto\/el-vals-de-las-abejas\/","title":{"rendered":"El vals de las abejas"},"content":{"rendered":"<p class=\"p1\">ISBN: 978-84-1068-082-1<\/p>\n<p class=\"p1\">T\u00edtulo: El vals de las abejas<\/p>\n<p class=\"p1\">A\u00f1o: 2024<\/p>\n<p class=\"p1\">P\u00e1ginas:\u00a0 186<\/p>\n<p class=\"p1\">SINOPSIS<\/p>\n<p>\u201cYa se van los pastores a la Extremadura, ya se queda la sierra triste y oscura\u201d.<\/p>\n<p>As\u00ed dec\u00eda la canci\u00f3n.<\/p>\n<p>Y es que los pastores riojanos se pasaban la vida yendo y viniendo de la trashumancia. As\u00ed a\u00f1o tras a\u00f1o. Hasta que un d\u00eda dejaron de hacerlo. Unos porque murieron, otros porque se jubilaron y otros porque se vieron forzados a buscar un oficio m\u00e1s amable.<\/p>\n<p>Pero alguno queda todav\u00eda en nuestros pueblos y aldeas, demostrando que son no solo necesarios, sino imprescindibles para mantener vivas unas costumbres, una cultura, un folclore y hasta una forma de ser que define a esta tierra y que la hace reconocible, admirada y querida en todo el mundo.<\/p>\n<p>Por ello, nuestro deseo es que no se vayan y que se queden. Que se queden para siempre. Con nosotros. Entre nosotros. Por nosotros.<\/p>\n","protected":false},"excerpt":{"rendered":"<p class=\"p1\">ISBN: 978-84-1068-082-1<\/p>\n<p class=\"p1\">SINOPSIS<\/p>\n<p>\u201cYa se van los pastores a la Extremadura, ya se queda la sierra triste y oscura\u201d.<\/p>\n<p>As\u00ed dec\u00eda la canci\u00f3n.<\/p>\n<p>Y es que los pastores riojanos se pasaban la vida yendo y viniendo de la trashumancia. As\u00ed a\u00f1o tras a\u00f1o. Hasta que un d\u00eda dejaron de hacerlo. Unos porque murieron, otros porque se jubilaron y otros porque se vieron forzados a buscar un oficio m\u00e1s amable.<\/p>\n<p>Pero alguno queda todav\u00eda en nuestros pueblos y aldeas, demostrando que son no solo necesarios, sino imprescindibles para mantener vivas unas costumbres, una cultura, un folclore y hasta una forma de ser que define a esta tierra y que la hace reconocible, admirada y querida en todo el mundo.<\/p>\n<p>Por ello, nuestro deseo es que no se vayan y que se queden. Que se queden para siempre. Con nosotros. Entre nosotros. Por nosotros.<\/p>\n","protected":false},"featured_media":106473,"comment_status":"open","ping_status":"closed","template":"","meta":{"_acf_changed":false},"libro":[],"product_brand":[],"product_cat":[16],"product_tag":[],"class_list":{"0":"post-106470","1":"product","2":"type-product","3":"status-publish","4":"has-post-thumbnail","6":"product_cat-novela","8":"first","9":"instock","10":"shipping-taxable","11":"product-type-simple"},"acf":{"autor":[76091],"enlace_de_compra":""},"yoast_head":"<!-- This site is optimized with the Yoast SEO plugin v27.4 - https:\/\/yoast.com\/product\/yoast-seo-wordpress\/ -->\n<title>El vals de las abejas - Catalogo | Letrame Grupo Editorial<\/title>\n<meta name=\"robots\" content=\"index, follow, max-snippet:-1, max-image-preview:large, max-video-preview:-1\" \/>\n<link rel=\"canonical\" href=\"https:\/\/letrame.com\/catalogo\/producto\/el-vals-de-las-abejas\/\" \/>\n<meta property=\"og:locale\" content=\"es_ES\" \/>\n<meta property=\"og:type\" content=\"article\" \/>\n<meta property=\"og:title\" content=\"El vals de las abejas - Catalogo | Letrame Grupo Editorial\" \/>\n<meta property=\"og:description\" content=\"ISBN: 978-84-1068-082-1 SINOPSIS \u201cYa se van los pastores a la Extremadura, ya se queda la sierra triste y oscura\u201d.  As\u00ed dec\u00eda la canci\u00f3n.  Y es que los pastores riojanos se pasaban la vida yendo y viniendo de la trashumancia. As\u00ed a\u00f1o tras a\u00f1o. Hasta que un d\u00eda dejaron de hacerlo. Unos porque murieron, otros porque se jubilaron y otros porque se vieron forzados a buscar un oficio m\u00e1s amable.  Pero alguno queda todav\u00eda en nuestros pueblos y aldeas, demostrando que son no solo necesarios, sino imprescindibles para mantener vivas unas costumbres, una cultura, un folclore y hasta una forma de ser que define a esta tierra y que la hace reconocible, admirada y querida en todo el mundo.  Por ello, nuestro deseo es que no se vayan y que se queden. Que se queden para siempre. Con nosotros. Entre nosotros. Por nosotros.\" \/>\n<meta property=\"og:url\" content=\"https:\/\/letrame.com\/catalogo\/producto\/el-vals-de-las-abejas\/\" \/>\n<meta property=\"og:site_name\" content=\"Catalogo | Letrame Grupo Editorial\" \/>\n<meta property=\"article:modified_time\" content=\"2026-04-17T09:41:05+00:00\" \/>\n<meta property=\"og:image\" content=\"https:\/\/letrame.com\/catalogo\/wp-content\/uploads\/2024\/09\/zwebp_elvalsdelasabejas_1073mm.jpg\" \/>\n\t<meta property=\"og:image:width\" content=\"400\" \/>\n\t<meta property=\"og:image:height\" content=\"586\" \/>\n\t<meta property=\"og:image:type\" content=\"image\/jpeg\" \/>\n<meta name=\"twitter:card\" content=\"summary_large_image\" \/>\n<meta name=\"twitter:label1\" content=\"Tiempo de lectura\" \/>\n\t<meta name=\"twitter:data1\" content=\"1 minuto\" \/>\n<script type=\"application\/ld+json\" class=\"yoast-schema-graph\">{\"@context\":\"https:\\\/\\\/schema.org\",\"@graph\":[{\"@type\":\"WebPage\",\"@id\":\"https:\\\/\\\/letrame.com\\\/catalogo\\\/producto\\\/el-vals-de-las-abejas\\\/\",\"url\":\"https:\\\/\\\/letrame.com\\\/catalogo\\\/producto\\\/el-vals-de-las-abejas\\\/\",\"name\":\"El vals de las abejas - Catalogo | Letrame Grupo Editorial\",\"isPartOf\":{\"@id\":\"https:\\\/\\\/letrame.com\\\/catalogo\\\/#website\"},\"primaryImageOfPage\":{\"@id\":\"https:\\\/\\\/letrame.com\\\/catalogo\\\/producto\\\/el-vals-de-las-abejas\\\/#primaryimage\"},\"image\":{\"@id\":\"https:\\\/\\\/letrame.com\\\/catalogo\\\/producto\\\/el-vals-de-las-abejas\\\/#primaryimage\"},\"thumbnailUrl\":\"https:\\\/\\\/letrame.com\\\/catalogo\\\/wp-content\\\/uploads\\\/2024\\\/09\\\/zwebp_elvalsdelasabejas_1073mm.jpg\",\"datePublished\":\"2024-09-19T14:10:54+00:00\",\"dateModified\":\"2026-04-17T09:41:05+00:00\",\"breadcrumb\":{\"@id\":\"https:\\\/\\\/letrame.com\\\/catalogo\\\/producto\\\/el-vals-de-las-abejas\\\/#breadcrumb\"},\"inLanguage\":\"es\",\"potentialAction\":[{\"@type\":\"ReadAction\",\"target\":[\"https:\\\/\\\/letrame.com\\\/catalogo\\\/producto\\\/el-vals-de-las-abejas\\\/\"]}]},{\"@type\":\"ImageObject\",\"inLanguage\":\"es\",\"@id\":\"https:\\\/\\\/letrame.com\\\/catalogo\\\/producto\\\/el-vals-de-las-abejas\\\/#primaryimage\",\"url\":\"https:\\\/\\\/letrame.com\\\/catalogo\\\/wp-content\\\/uploads\\\/2024\\\/09\\\/zwebp_elvalsdelasabejas_1073mm.jpg\",\"contentUrl\":\"https:\\\/\\\/letrame.com\\\/catalogo\\\/wp-content\\\/uploads\\\/2024\\\/09\\\/zwebp_elvalsdelasabejas_1073mm.jpg\",\"width\":400,\"height\":586},{\"@type\":\"BreadcrumbList\",\"@id\":\"https:\\\/\\\/letrame.com\\\/catalogo\\\/producto\\\/el-vals-de-las-abejas\\\/#breadcrumb\",\"itemListElement\":[{\"@type\":\"ListItem\",\"position\":1,\"name\":\"Portada\",\"item\":\"https:\\\/\\\/letrame.com\\\/catalogo\\\/\"},{\"@type\":\"ListItem\",\"position\":2,\"name\":\"Cat\u00e1logo\",\"item\":\"https:\\\/\\\/letrame.com\\\/catalogo\\\/\"},{\"@type\":\"ListItem\",\"position\":3,\"name\":\"El vals de las abejas\"}]},{\"@type\":\"WebSite\",\"@id\":\"https:\\\/\\\/letrame.com\\\/catalogo\\\/#website\",\"url\":\"https:\\\/\\\/letrame.com\\\/catalogo\\\/\",\"name\":\"Catalogo | Letrame Grupo Editorial\",\"description\":\"\",\"publisher\":{\"@id\":\"https:\\\/\\\/letrame.com\\\/catalogo\\\/#organization\"},\"potentialAction\":[{\"@type\":\"SearchAction\",\"target\":{\"@type\":\"EntryPoint\",\"urlTemplate\":\"https:\\\/\\\/letrame.com\\\/catalogo\\\/?s={search_term_string}\"},\"query-input\":{\"@type\":\"PropertyValueSpecification\",\"valueRequired\":true,\"valueName\":\"search_term_string\"}}],\"inLanguage\":\"es\"},{\"@type\":\"Organization\",\"@id\":\"https:\\\/\\\/letrame.com\\\/catalogo\\\/#organization\",\"name\":\"Catalogo | Letrame Grupo Editorial\",\"url\":\"https:\\\/\\\/letrame.com\\\/catalogo\\\/\",\"logo\":{\"@type\":\"ImageObject\",\"inLanguage\":\"es\",\"@id\":\"https:\\\/\\\/letrame.com\\\/catalogo\\\/#\\\/schema\\\/logo\\\/image\\\/\",\"url\":\"https:\\\/\\\/letrame.com\\\/catalogo\\\/wp-content\\\/uploads\\\/2024\\\/03\\\/logo2.webp\",\"contentUrl\":\"https:\\\/\\\/letrame.com\\\/catalogo\\\/wp-content\\\/uploads\\\/2024\\\/03\\\/logo2.webp\",\"width\":394,\"height\":128,\"caption\":\"Catalogo | Letrame Grupo Editorial\"},\"image\":{\"@id\":\"https:\\\/\\\/letrame.com\\\/catalogo\\\/#\\\/schema\\\/logo\\\/image\\\/\"}}]}<\/script>\n<!-- \/ Yoast SEO plugin. -->","yoast_head_json":{"title":"El vals de las abejas - Catalogo | Letrame Grupo Editorial","robots":{"index":"index","follow":"follow","max-snippet":"max-snippet:-1","max-image-preview":"max-image-preview:large","max-video-preview":"max-video-preview:-1"},"canonical":"https:\/\/letrame.com\/catalogo\/producto\/el-vals-de-las-abejas\/","og_locale":"es_ES","og_type":"article","og_title":"El vals de las abejas - Catalogo | Letrame Grupo Editorial","og_description":"ISBN: 978-84-1068-082-1 SINOPSIS \u201cYa se van los pastores a la Extremadura, ya se queda la sierra triste y oscura\u201d.  As\u00ed dec\u00eda la canci\u00f3n.  Y es que los pastores riojanos se pasaban la vida yendo y viniendo de la trashumancia. As\u00ed a\u00f1o tras a\u00f1o. Hasta que un d\u00eda dejaron de hacerlo. Unos porque murieron, otros porque se jubilaron y otros porque se vieron forzados a buscar un oficio m\u00e1s amable.  Pero alguno queda todav\u00eda en nuestros pueblos y aldeas, demostrando que son no solo necesarios, sino imprescindibles para mantener vivas unas costumbres, una cultura, un folclore y hasta una forma de ser que define a esta tierra y que la hace reconocible, admirada y querida en todo el mundo.  Por ello, nuestro deseo es que no se vayan y que se queden. Que se queden para siempre. Con nosotros. Entre nosotros. Por nosotros.","og_url":"https:\/\/letrame.com\/catalogo\/producto\/el-vals-de-las-abejas\/","og_site_name":"Catalogo | Letrame Grupo Editorial","article_modified_time":"2026-04-17T09:41:05+00:00","og_image":[{"width":400,"height":586,"url":"https:\/\/letrame.com\/catalogo\/wp-content\/uploads\/2024\/09\/zwebp_elvalsdelasabejas_1073mm.jpg","type":"image\/jpeg"}],"twitter_card":"summary_large_image","twitter_misc":{"Tiempo de lectura":"1 minuto"},"schema":{"@context":"https:\/\/schema.org","@graph":[{"@type":"WebPage","@id":"https:\/\/letrame.com\/catalogo\/producto\/el-vals-de-las-abejas\/","url":"https:\/\/letrame.com\/catalogo\/producto\/el-vals-de-las-abejas\/","name":"El vals de las abejas - Catalogo | Letrame Grupo Editorial","isPartOf":{"@id":"https:\/\/letrame.com\/catalogo\/#website"},"primaryImageOfPage":{"@id":"https:\/\/letrame.com\/catalogo\/producto\/el-vals-de-las-abejas\/#primaryimage"},"image":{"@id":"https:\/\/letrame.com\/catalogo\/producto\/el-vals-de-las-abejas\/#primaryimage"},"thumbnailUrl":"https:\/\/letrame.com\/catalogo\/wp-content\/uploads\/2024\/09\/zwebp_elvalsdelasabejas_1073mm.jpg","datePublished":"2024-09-19T14:10:54+00:00","dateModified":"2026-04-17T09:41:05+00:00","breadcrumb":{"@id":"https:\/\/letrame.com\/catalogo\/producto\/el-vals-de-las-abejas\/#breadcrumb"},"inLanguage":"es","potentialAction":[{"@type":"ReadAction","target":["https:\/\/letrame.com\/catalogo\/producto\/el-vals-de-las-abejas\/"]}]},{"@type":"ImageObject","inLanguage":"es","@id":"https:\/\/letrame.com\/catalogo\/producto\/el-vals-de-las-abejas\/#primaryimage","url":"https:\/\/letrame.com\/catalogo\/wp-content\/uploads\/2024\/09\/zwebp_elvalsdelasabejas_1073mm.jpg","contentUrl":"https:\/\/letrame.com\/catalogo\/wp-content\/uploads\/2024\/09\/zwebp_elvalsdelasabejas_1073mm.jpg","width":400,"height":586},{"@type":"BreadcrumbList","@id":"https:\/\/letrame.com\/catalogo\/producto\/el-vals-de-las-abejas\/#breadcrumb","itemListElement":[{"@type":"ListItem","position":1,"name":"Portada","item":"https:\/\/letrame.com\/catalogo\/"},{"@type":"ListItem","position":2,"name":"Cat\u00e1logo","item":"https:\/\/letrame.com\/catalogo\/"},{"@type":"ListItem","position":3,"name":"El vals de las abejas"}]},{"@type":"WebSite","@id":"https:\/\/letrame.com\/catalogo\/#website","url":"https:\/\/letrame.com\/catalogo\/","name":"Catalogo | Letrame Grupo Editorial","description":"","publisher":{"@id":"https:\/\/letrame.com\/catalogo\/#organization"},"potentialAction":[{"@type":"SearchAction","target":{"@type":"EntryPoint","urlTemplate":"https:\/\/letrame.com\/catalogo\/?s={search_term_string}"},"query-input":{"@type":"PropertyValueSpecification","valueRequired":true,"valueName":"search_term_string"}}],"inLanguage":"es"},{"@type":"Organization","@id":"https:\/\/letrame.com\/catalogo\/#organization","name":"Catalogo | Letrame Grupo Editorial","url":"https:\/\/letrame.com\/catalogo\/","logo":{"@type":"ImageObject","inLanguage":"es","@id":"https:\/\/letrame.com\/catalogo\/#\/schema\/logo\/image\/","url":"https:\/\/letrame.com\/catalogo\/wp-content\/uploads\/2024\/03\/logo2.webp","contentUrl":"https:\/\/letrame.com\/catalogo\/wp-content\/uploads\/2024\/03\/logo2.webp","width":394,"height":128,"caption":"Catalogo | Letrame Grupo Editorial"},"image":{"@id":"https:\/\/letrame.com\/catalogo\/#\/schema\/logo\/image\/"}}]}},"_links":{"self":[{"href":"https:\/\/letrame.com\/catalogo\/wp-json\/wp\/v2\/product\/106470","targetHints":{"allow":["GET"]}}],"collection":[{"href":"https:\/\/letrame.com\/catalogo\/wp-json\/wp\/v2\/product"}],"about":[{"href":"https:\/\/letrame.com\/catalogo\/wp-json\/wp\/v2\/types\/product"}],"replies":[{"embeddable":true,"href":"https:\/\/letrame.com\/catalogo\/wp-json\/wp\/v2\/comments?post=106470"}],"acf:post":[{"embeddable":true,"href":"https:\/\/letrame.com\/catalogo\/wp-json\/wp\/v2\/author_book\/76091"}],"wp:featuredmedia":[{"embeddable":true,"href":"https:\/\/letrame.com\/catalogo\/wp-json\/wp\/v2\/media\/106473"}],"wp:attachment":[{"href":"https:\/\/letrame.com\/catalogo\/wp-json\/wp\/v2\/media?parent=106470"}],"wp:term":[{"taxonomy":"libro","embeddable":true,"href":"https:\/\/letrame.com\/catalogo\/wp-json\/wp\/v2\/libro?post=106470"},{"taxonomy":"product_brand","embeddable":true,"href":"https:\/\/letrame.com\/catalogo\/wp-json\/wp\/v2\/product_brand?post=106470"},{"taxonomy":"product_cat","embeddable":true,"href":"https:\/\/letrame.com\/catalogo\/wp-json\/wp\/v2\/product_cat?post=106470"},{"taxonomy":"product_tag","embeddable":true,"href":"https:\/\/letrame.com\/catalogo\/wp-json\/wp\/v2\/product_tag?post=106470"}],"curies":[{"name":"wp","href":"https:\/\/api.w.org\/{rel}","templated":true}]}}