{"id":106466,"date":"2024-09-19T16:01:47","date_gmt":"2024-09-19T14:01:47","guid":{"rendered":"https:\/\/letrame.com\/catalogo\/?post_type=product&#038;p=106466"},"modified":"2024-09-19T16:01:48","modified_gmt":"2024-09-19T14:01:48","slug":"son-de-lirios","status":"publish","type":"product","link":"https:\/\/letrame.com\/catalogo\/producto\/son-de-lirios\/","title":{"rendered":"Son de lirios"},"content":{"rendered":"<p class=\"p1\">ISBN:978-84-18362-18-7<\/p>\n<p class=\"p1\">T\u00edtulo:\u00a0Son de lirios<\/p>\n<p class=\"p1\">A\u00f1o: 2020<\/p>\n<p class=\"p1\">P\u00e1ginas: 332<\/p>\n<p class=\"p1\">SINOPSIS<\/p>\n<p>Bienvenido a un viaje de ciento noventa y un historias, tantas como<\/p>\n<p>compartiera Eduardo Galeano\u00a0en\u00a0<em>El libro de los abrazos<\/em>\u00a0all\u00e1 por 1989<em>.\u00a0<\/em><\/p>\n<p>Nacen estas hojas para homenajear su treinta aniversario.<\/p>\n<p>Historias calladas, an\u00e9cdotas compartidas, homenajes necesarios, confesiones, secretos despertados, celebridades an\u00f3nimas y reflexiones prohibidas.<\/p>\n<p><em>Son de lirios<\/em> surge de entreverar el dif\u00edcil don de escuchar con el af\u00e1n de ahondar en la indolora e insaciable llaga de la curiosidad.<\/p>\n<p>\u00abHay una antigua leyenda que dice que cuando no hay nadie<\/p>\n<p>cerca de los lirios, ellos entonan una preciosa melod\u00eda<\/p>\n<p>que jam\u00e1s se ha logrado escuchar\u00bb.<\/p>\n<p>Son de lirios. Son delirios.<\/p>\n","protected":false},"excerpt":{"rendered":"<p class=\"p1\">ISBN:978-84-18362-18-7<\/p>\n<p class=\"p1\">SINOPSIS<\/p>\n<p>Bienvenido a un viaje de ciento noventa y un historias, tantas como<\/p>\n<p>compartiera Eduardo Galeano\u00a0en\u00a0<em>El libro de los abrazos<\/em>\u00a0all\u00e1 por 1989<em>.\u00a0<\/em><\/p>\n<p>Nacen estas hojas para homenajear su treinta aniversario.<\/p>\n<p>Historias calladas, an\u00e9cdotas compartidas, homenajes necesarios, confesiones, secretos despertados, celebridades an\u00f3nimas y reflexiones prohibidas.<\/p>\n<p><em>Son de lirios<\/em> surge de entreverar el dif\u00edcil don de escuchar con el af\u00e1n de ahondar en la indolora e insaciable llaga de la curiosidad.<\/p>\n<p>\u00abHay una antigua leyenda que dice que cuando no hay nadie<\/p>\n<p>cerca de los lirios, ellos entonan una preciosa melod\u00eda<\/p>\n<p>que jam\u00e1s se ha logrado escuchar\u00bb.<\/p>\n<p>Son de lirios. Son delirios.<\/p>\n","protected":false},"featured_media":106467,"comment_status":"open","ping_status":"closed","template":"","meta":{"_acf_changed":false},"libro":[],"product_brand":[],"product_cat":[16],"product_tag":[],"class_list":{"0":"post-106466","1":"product","2":"type-product","3":"status-publish","4":"has-post-thumbnail","6":"product_cat-novela","8":"first","9":"instock","10":"shipping-taxable","11":"product-type-simple"},"acf":{"autor":[72784],"enlace_de_compra":"https:\/\/amzn.to\/3XOLpvp"},"yoast_head":"<!-- This site is optimized with the Yoast SEO plugin v27.4 - https:\/\/yoast.com\/product\/yoast-seo-wordpress\/ -->\n<title>Son de lirios - Catalogo | Letrame Grupo Editorial<\/title>\n<meta name=\"robots\" content=\"index, follow, max-snippet:-1, max-image-preview:large, max-video-preview:-1\" \/>\n<link rel=\"canonical\" href=\"https:\/\/letrame.com\/catalogo\/producto\/son-de-lirios\/\" \/>\n<meta property=\"og:locale\" content=\"es_ES\" \/>\n<meta property=\"og:type\" content=\"article\" \/>\n<meta property=\"og:title\" content=\"Son de lirios - Catalogo | Letrame Grupo Editorial\" \/>\n<meta property=\"og:description\" content=\"ISBN:978-84-18362-18-7 SINOPSIS Bienvenido a un viaje de ciento noventa y un historias, tantas como  compartiera Eduardo Galeano\u00a0en\u00a0El libro de los abrazos\u00a0all\u00e1 por 1989.\u00a0  Nacen estas hojas para homenajear su treinta aniversario.  Historias calladas, an\u00e9cdotas compartidas, homenajes necesarios, confesiones, secretos despertados, celebridades an\u00f3nimas y reflexiones prohibidas.  Son de lirios surge de entreverar el dif\u00edcil don de escuchar con el af\u00e1n de ahondar en la indolora e insaciable llaga de la curiosidad.  \u00abHay una antigua leyenda que dice que cuando no hay nadie  cerca de los lirios, ellos entonan una preciosa melod\u00eda  que jam\u00e1s se ha logrado escuchar\u00bb.  Son de lirios. Son delirios.\" \/>\n<meta property=\"og:url\" content=\"https:\/\/letrame.com\/catalogo\/producto\/son-de-lirios\/\" \/>\n<meta property=\"og:site_name\" content=\"Catalogo | Letrame Grupo Editorial\" \/>\n<meta property=\"article:modified_time\" content=\"2024-09-19T14:01:48+00:00\" \/>\n<meta property=\"og:image\" content=\"https:\/\/letrame.com\/catalogo\/wp-content\/uploads\/2024\/09\/zzportada_sondelirios_1642mm.jpg\" \/>\n\t<meta property=\"og:image:width\" content=\"450\" \/>\n\t<meta property=\"og:image:height\" content=\"660\" \/>\n\t<meta property=\"og:image:type\" content=\"image\/jpeg\" \/>\n<meta name=\"twitter:card\" content=\"summary_large_image\" \/>\n<meta name=\"twitter:label1\" content=\"Tiempo de lectura\" \/>\n\t<meta name=\"twitter:data1\" content=\"1 minuto\" \/>\n<script type=\"application\/ld+json\" class=\"yoast-schema-graph\">{\"@context\":\"https:\\\/\\\/schema.org\",\"@graph\":[{\"@type\":\"WebPage\",\"@id\":\"https:\\\/\\\/letrame.com\\\/catalogo\\\/producto\\\/son-de-lirios\\\/\",\"url\":\"https:\\\/\\\/letrame.com\\\/catalogo\\\/producto\\\/son-de-lirios\\\/\",\"name\":\"Son de lirios - Catalogo | Letrame Grupo Editorial\",\"isPartOf\":{\"@id\":\"https:\\\/\\\/letrame.com\\\/catalogo\\\/#website\"},\"primaryImageOfPage\":{\"@id\":\"https:\\\/\\\/letrame.com\\\/catalogo\\\/producto\\\/son-de-lirios\\\/#primaryimage\"},\"image\":{\"@id\":\"https:\\\/\\\/letrame.com\\\/catalogo\\\/producto\\\/son-de-lirios\\\/#primaryimage\"},\"thumbnailUrl\":\"https:\\\/\\\/letrame.com\\\/catalogo\\\/wp-content\\\/uploads\\\/2024\\\/09\\\/zzportada_sondelirios_1642mm.jpg\",\"datePublished\":\"2024-09-19T14:01:47+00:00\",\"dateModified\":\"2024-09-19T14:01:48+00:00\",\"breadcrumb\":{\"@id\":\"https:\\\/\\\/letrame.com\\\/catalogo\\\/producto\\\/son-de-lirios\\\/#breadcrumb\"},\"inLanguage\":\"es\",\"potentialAction\":[{\"@type\":\"ReadAction\",\"target\":[\"https:\\\/\\\/letrame.com\\\/catalogo\\\/producto\\\/son-de-lirios\\\/\"]}]},{\"@type\":\"ImageObject\",\"inLanguage\":\"es\",\"@id\":\"https:\\\/\\\/letrame.com\\\/catalogo\\\/producto\\\/son-de-lirios\\\/#primaryimage\",\"url\":\"https:\\\/\\\/letrame.com\\\/catalogo\\\/wp-content\\\/uploads\\\/2024\\\/09\\\/zzportada_sondelirios_1642mm.jpg\",\"contentUrl\":\"https:\\\/\\\/letrame.com\\\/catalogo\\\/wp-content\\\/uploads\\\/2024\\\/09\\\/zzportada_sondelirios_1642mm.jpg\",\"width\":450,\"height\":660},{\"@type\":\"BreadcrumbList\",\"@id\":\"https:\\\/\\\/letrame.com\\\/catalogo\\\/producto\\\/son-de-lirios\\\/#breadcrumb\",\"itemListElement\":[{\"@type\":\"ListItem\",\"position\":1,\"name\":\"Portada\",\"item\":\"https:\\\/\\\/letrame.com\\\/catalogo\\\/\"},{\"@type\":\"ListItem\",\"position\":2,\"name\":\"Cat\u00e1logo\",\"item\":\"https:\\\/\\\/letrame.com\\\/catalogo\\\/\"},{\"@type\":\"ListItem\",\"position\":3,\"name\":\"Son de lirios\"}]},{\"@type\":\"WebSite\",\"@id\":\"https:\\\/\\\/letrame.com\\\/catalogo\\\/#website\",\"url\":\"https:\\\/\\\/letrame.com\\\/catalogo\\\/\",\"name\":\"Catalogo | Letrame Grupo Editorial\",\"description\":\"\",\"publisher\":{\"@id\":\"https:\\\/\\\/letrame.com\\\/catalogo\\\/#organization\"},\"potentialAction\":[{\"@type\":\"SearchAction\",\"target\":{\"@type\":\"EntryPoint\",\"urlTemplate\":\"https:\\\/\\\/letrame.com\\\/catalogo\\\/?s={search_term_string}\"},\"query-input\":{\"@type\":\"PropertyValueSpecification\",\"valueRequired\":true,\"valueName\":\"search_term_string\"}}],\"inLanguage\":\"es\"},{\"@type\":\"Organization\",\"@id\":\"https:\\\/\\\/letrame.com\\\/catalogo\\\/#organization\",\"name\":\"Catalogo | Letrame Grupo Editorial\",\"url\":\"https:\\\/\\\/letrame.com\\\/catalogo\\\/\",\"logo\":{\"@type\":\"ImageObject\",\"inLanguage\":\"es\",\"@id\":\"https:\\\/\\\/letrame.com\\\/catalogo\\\/#\\\/schema\\\/logo\\\/image\\\/\",\"url\":\"https:\\\/\\\/letrame.com\\\/catalogo\\\/wp-content\\\/uploads\\\/2024\\\/03\\\/logo2.webp\",\"contentUrl\":\"https:\\\/\\\/letrame.com\\\/catalogo\\\/wp-content\\\/uploads\\\/2024\\\/03\\\/logo2.webp\",\"width\":394,\"height\":128,\"caption\":\"Catalogo | Letrame Grupo Editorial\"},\"image\":{\"@id\":\"https:\\\/\\\/letrame.com\\\/catalogo\\\/#\\\/schema\\\/logo\\\/image\\\/\"}}]}<\/script>\n<!-- \/ Yoast SEO plugin. -->","yoast_head_json":{"title":"Son de lirios - Catalogo | Letrame Grupo Editorial","robots":{"index":"index","follow":"follow","max-snippet":"max-snippet:-1","max-image-preview":"max-image-preview:large","max-video-preview":"max-video-preview:-1"},"canonical":"https:\/\/letrame.com\/catalogo\/producto\/son-de-lirios\/","og_locale":"es_ES","og_type":"article","og_title":"Son de lirios - Catalogo | Letrame Grupo Editorial","og_description":"ISBN:978-84-18362-18-7 SINOPSIS Bienvenido a un viaje de ciento noventa y un historias, tantas como  compartiera Eduardo Galeano\u00a0en\u00a0El libro de los abrazos\u00a0all\u00e1 por 1989.\u00a0  Nacen estas hojas para homenajear su treinta aniversario.  Historias calladas, an\u00e9cdotas compartidas, homenajes necesarios, confesiones, secretos despertados, celebridades an\u00f3nimas y reflexiones prohibidas.  Son de lirios surge de entreverar el dif\u00edcil don de escuchar con el af\u00e1n de ahondar en la indolora e insaciable llaga de la curiosidad.  \u00abHay una antigua leyenda que dice que cuando no hay nadie  cerca de los lirios, ellos entonan una preciosa melod\u00eda  que jam\u00e1s se ha logrado escuchar\u00bb.  Son de lirios. Son delirios.","og_url":"https:\/\/letrame.com\/catalogo\/producto\/son-de-lirios\/","og_site_name":"Catalogo | Letrame Grupo Editorial","article_modified_time":"2024-09-19T14:01:48+00:00","og_image":[{"width":450,"height":660,"url":"https:\/\/letrame.com\/catalogo\/wp-content\/uploads\/2024\/09\/zzportada_sondelirios_1642mm.jpg","type":"image\/jpeg"}],"twitter_card":"summary_large_image","twitter_misc":{"Tiempo de lectura":"1 minuto"},"schema":{"@context":"https:\/\/schema.org","@graph":[{"@type":"WebPage","@id":"https:\/\/letrame.com\/catalogo\/producto\/son-de-lirios\/","url":"https:\/\/letrame.com\/catalogo\/producto\/son-de-lirios\/","name":"Son de lirios - Catalogo | Letrame Grupo Editorial","isPartOf":{"@id":"https:\/\/letrame.com\/catalogo\/#website"},"primaryImageOfPage":{"@id":"https:\/\/letrame.com\/catalogo\/producto\/son-de-lirios\/#primaryimage"},"image":{"@id":"https:\/\/letrame.com\/catalogo\/producto\/son-de-lirios\/#primaryimage"},"thumbnailUrl":"https:\/\/letrame.com\/catalogo\/wp-content\/uploads\/2024\/09\/zzportada_sondelirios_1642mm.jpg","datePublished":"2024-09-19T14:01:47+00:00","dateModified":"2024-09-19T14:01:48+00:00","breadcrumb":{"@id":"https:\/\/letrame.com\/catalogo\/producto\/son-de-lirios\/#breadcrumb"},"inLanguage":"es","potentialAction":[{"@type":"ReadAction","target":["https:\/\/letrame.com\/catalogo\/producto\/son-de-lirios\/"]}]},{"@type":"ImageObject","inLanguage":"es","@id":"https:\/\/letrame.com\/catalogo\/producto\/son-de-lirios\/#primaryimage","url":"https:\/\/letrame.com\/catalogo\/wp-content\/uploads\/2024\/09\/zzportada_sondelirios_1642mm.jpg","contentUrl":"https:\/\/letrame.com\/catalogo\/wp-content\/uploads\/2024\/09\/zzportada_sondelirios_1642mm.jpg","width":450,"height":660},{"@type":"BreadcrumbList","@id":"https:\/\/letrame.com\/catalogo\/producto\/son-de-lirios\/#breadcrumb","itemListElement":[{"@type":"ListItem","position":1,"name":"Portada","item":"https:\/\/letrame.com\/catalogo\/"},{"@type":"ListItem","position":2,"name":"Cat\u00e1logo","item":"https:\/\/letrame.com\/catalogo\/"},{"@type":"ListItem","position":3,"name":"Son de lirios"}]},{"@type":"WebSite","@id":"https:\/\/letrame.com\/catalogo\/#website","url":"https:\/\/letrame.com\/catalogo\/","name":"Catalogo | Letrame Grupo Editorial","description":"","publisher":{"@id":"https:\/\/letrame.com\/catalogo\/#organization"},"potentialAction":[{"@type":"SearchAction","target":{"@type":"EntryPoint","urlTemplate":"https:\/\/letrame.com\/catalogo\/?s={search_term_string}"},"query-input":{"@type":"PropertyValueSpecification","valueRequired":true,"valueName":"search_term_string"}}],"inLanguage":"es"},{"@type":"Organization","@id":"https:\/\/letrame.com\/catalogo\/#organization","name":"Catalogo | Letrame Grupo Editorial","url":"https:\/\/letrame.com\/catalogo\/","logo":{"@type":"ImageObject","inLanguage":"es","@id":"https:\/\/letrame.com\/catalogo\/#\/schema\/logo\/image\/","url":"https:\/\/letrame.com\/catalogo\/wp-content\/uploads\/2024\/03\/logo2.webp","contentUrl":"https:\/\/letrame.com\/catalogo\/wp-content\/uploads\/2024\/03\/logo2.webp","width":394,"height":128,"caption":"Catalogo | Letrame Grupo Editorial"},"image":{"@id":"https:\/\/letrame.com\/catalogo\/#\/schema\/logo\/image\/"}}]}},"_links":{"self":[{"href":"https:\/\/letrame.com\/catalogo\/wp-json\/wp\/v2\/product\/106466","targetHints":{"allow":["GET"]}}],"collection":[{"href":"https:\/\/letrame.com\/catalogo\/wp-json\/wp\/v2\/product"}],"about":[{"href":"https:\/\/letrame.com\/catalogo\/wp-json\/wp\/v2\/types\/product"}],"replies":[{"embeddable":true,"href":"https:\/\/letrame.com\/catalogo\/wp-json\/wp\/v2\/comments?post=106466"}],"acf:post":[{"embeddable":true,"href":"https:\/\/letrame.com\/catalogo\/wp-json\/wp\/v2\/author_book\/72784"}],"wp:featuredmedia":[{"embeddable":true,"href":"https:\/\/letrame.com\/catalogo\/wp-json\/wp\/v2\/media\/106467"}],"wp:attachment":[{"href":"https:\/\/letrame.com\/catalogo\/wp-json\/wp\/v2\/media?parent=106466"}],"wp:term":[{"taxonomy":"libro","embeddable":true,"href":"https:\/\/letrame.com\/catalogo\/wp-json\/wp\/v2\/libro?post=106466"},{"taxonomy":"product_brand","embeddable":true,"href":"https:\/\/letrame.com\/catalogo\/wp-json\/wp\/v2\/product_brand?post=106466"},{"taxonomy":"product_cat","embeddable":true,"href":"https:\/\/letrame.com\/catalogo\/wp-json\/wp\/v2\/product_cat?post=106466"},{"taxonomy":"product_tag","embeddable":true,"href":"https:\/\/letrame.com\/catalogo\/wp-json\/wp\/v2\/product_tag?post=106466"}],"curies":[{"name":"wp","href":"https:\/\/api.w.org\/{rel}","templated":true}]}}