{"id":106427,"date":"2024-09-19T09:25:44","date_gmt":"2024-09-19T07:25:44","guid":{"rendered":"https:\/\/letrame.com\/catalogo\/?post_type=product&#038;p=106427"},"modified":"2024-09-19T11:08:39","modified_gmt":"2024-09-19T09:08:39","slug":"el-camino-de-magdalena","status":"publish","type":"product","link":"https:\/\/letrame.com\/catalogo\/producto\/el-camino-de-magdalena\/","title":{"rendered":"El camino de Magdalena"},"content":{"rendered":"<p class=\"p1\">ISBN:\u00a0978-84-1068-798-1<\/p>\n<p class=\"p1\">T\u00edtulo:\u00a0El camino de Magdalena<\/p>\n<p class=\"p1\">A\u00f1o: 2024<\/p>\n<p class=\"p1\">P\u00e1ginas: 232<\/p>\n<p class=\"p1\">SINOPSIS<\/p>\n<p><em>El camino de Magdalena<\/em> ofrece una gu\u00eda de ruta n\u00edtida y vibrante para las mujeres que transitan el sendero espiritual de regreso a su Ser.<\/p>\n<p>La intensidad amorosa de las palabras que Mar\u00eda Magdalena dedica a sus lectoras, solo se iguala a la fuerza de sus radicales cuestionamientos al orden patriarcal y las trampas que este a\u00fan tiende al despertar espiritual en clave femenina.<\/p>\n<p>Su propuesta, el camino que invita a transitar, es asimismo radical: el goce y el amor incondicional como soporte, y no como resultado, de todo proceso de sanaci\u00f3n emocional.<\/p>\n<p>Aunque ha sido propuesto como una gu\u00eda de autosanaci\u00f3n, el contexto y los recursos pr\u00e1cticos que ofrece hacen de <em>El camino de Magdalena<\/em> un valioso apoyo para terapeutas y profesionales de la salud mental que trabajan con mujeres.<\/p>\n<p>En un lenguaje simple y po\u00e9tico, Magdalena \u2014a trav\u00e9s de la Pame Arluz\u2014 entrega este verdadero \u00abmanual de amor propio y autocompasi\u00f3n\u00bb para acompa\u00f1ar la b\u00fasqueda m\u00e1s significativa que una mujer del siglo XXI pueda iniciar: encarnar poderosamente su radiante singularidad femenina.<\/p>\n","protected":false},"excerpt":{"rendered":"<p class=\"p1\">ISBN:\u00a0978-84-1068-798-1<\/p>\n<p class=\"p1\">SINOPSIS<\/p>\n<p><em>El camino de Magdalena<\/em> ofrece una gu\u00eda de ruta n\u00edtida y vibrante para las mujeres que transitan el sendero espiritual de regreso a su Ser.<\/p>\n<p>La intensidad amorosa de las palabras que Mar\u00eda Magdalena dedica a sus lectoras, solo se iguala a la fuerza de sus radicales cuestionamientos al orden patriarcal y las trampas que este a\u00fan tiende al despertar espiritual en clave femenina.<\/p>\n<p>Su propuesta, el camino que invita a transitar, es asimismo radical: el goce y el amor incondicional como soporte, y no como resultado, de todo proceso de sanaci\u00f3n emocional.<\/p>\n<p>Aunque ha sido propuesto como una gu\u00eda de autosanaci\u00f3n, el contexto y los recursos pr\u00e1cticos que ofrece hacen de <em>El camino de Magdalena<\/em> un valioso apoyo para terapeutas y profesionales de la salud mental que trabajan con mujeres.<\/p>\n<p>En un lenguaje simple y po\u00e9tico, Magdalena \u2014a trav\u00e9s de la Pame Arluz\u2014 entrega este verdadero \u00abmanual de amor propio y autocompasi\u00f3n\u00bb para acompa\u00f1ar la b\u00fasqueda m\u00e1s significativa que una mujer del siglo XXI pueda iniciar: encarnar poderosamente su radiante singularidad femenina.<\/p>\n","protected":false},"featured_media":106431,"comment_status":"open","ping_status":"closed","template":"","meta":{"_acf_changed":false},"libro":[],"product_brand":[],"product_cat":[18],"product_tag":[],"class_list":{"0":"post-106427","1":"product","2":"type-product","3":"status-publish","4":"has-post-thumbnail","6":"product_cat-autoayuda","8":"first","9":"instock","10":"shipping-taxable","11":"product-type-simple"},"acf":{"autor":[106426],"enlace_de_compra":"https:\/\/amzn.to\/47F0eUH"},"yoast_head":"<!-- This site is optimized with the Yoast SEO plugin v27.4 - https:\/\/yoast.com\/product\/yoast-seo-wordpress\/ -->\n<title>El camino de Magdalena - Catalogo | Letrame Grupo Editorial<\/title>\n<meta name=\"robots\" content=\"index, follow, max-snippet:-1, max-image-preview:large, max-video-preview:-1\" \/>\n<link rel=\"canonical\" href=\"https:\/\/letrame.com\/catalogo\/producto\/el-camino-de-magdalena\/\" \/>\n<meta property=\"og:locale\" content=\"es_ES\" \/>\n<meta property=\"og:type\" content=\"article\" \/>\n<meta property=\"og:title\" content=\"El camino de Magdalena - Catalogo | Letrame Grupo Editorial\" \/>\n<meta property=\"og:description\" content=\"ISBN:\u00a0978-84-1068-798-1 SINOPSIS El camino de Magdalena ofrece una gu\u00eda de ruta n\u00edtida y vibrante para las mujeres que transitan el sendero espiritual de regreso a su Ser.  La intensidad amorosa de las palabras que Mar\u00eda Magdalena dedica a sus lectoras, solo se iguala a la fuerza de sus radicales cuestionamientos al orden patriarcal y las trampas que este a\u00fan tiende al despertar espiritual en clave femenina.  Su propuesta, el camino que invita a transitar, es asimismo radical: el goce y el amor incondicional como soporte, y no como resultado, de todo proceso de sanaci\u00f3n emocional.  Aunque ha sido propuesto como una gu\u00eda de autosanaci\u00f3n, el contexto y los recursos pr\u00e1cticos que ofrece hacen de El camino de Magdalena un valioso apoyo para terapeutas y profesionales de la salud mental que trabajan con mujeres.  En un lenguaje simple y po\u00e9tico, Magdalena \u2014a trav\u00e9s de la Pame Arluz\u2014 entrega este verdadero \u00abmanual de amor propio y autocompasi\u00f3n\u00bb para acompa\u00f1ar la b\u00fasqueda m\u00e1s significativa que una mujer del siglo XXI pueda iniciar: encarnar poderosamente su radiante singularidad femenina.\" \/>\n<meta property=\"og:url\" content=\"https:\/\/letrame.com\/catalogo\/producto\/el-camino-de-magdalena\/\" \/>\n<meta property=\"og:site_name\" content=\"Catalogo | Letrame Grupo Editorial\" \/>\n<meta property=\"article:modified_time\" content=\"2024-09-19T09:08:39+00:00\" \/>\n<meta property=\"og:image\" content=\"https:\/\/letrame.com\/catalogo\/wp-content\/uploads\/2024\/09\/zelcaminodemagdalena_1177mm4.jpg\" \/>\n\t<meta property=\"og:image:width\" content=\"1000\" \/>\n\t<meta property=\"og:image:height\" content=\"1428\" \/>\n\t<meta property=\"og:image:type\" content=\"image\/jpeg\" \/>\n<meta name=\"twitter:card\" content=\"summary_large_image\" \/>\n<meta name=\"twitter:label1\" content=\"Tiempo de lectura\" \/>\n\t<meta name=\"twitter:data1\" content=\"2 minutos\" \/>\n<script type=\"application\/ld+json\" class=\"yoast-schema-graph\">{\"@context\":\"https:\\\/\\\/schema.org\",\"@graph\":[{\"@type\":\"WebPage\",\"@id\":\"https:\\\/\\\/letrame.com\\\/catalogo\\\/producto\\\/el-camino-de-magdalena\\\/\",\"url\":\"https:\\\/\\\/letrame.com\\\/catalogo\\\/producto\\\/el-camino-de-magdalena\\\/\",\"name\":\"El camino de Magdalena - Catalogo | Letrame Grupo Editorial\",\"isPartOf\":{\"@id\":\"https:\\\/\\\/letrame.com\\\/catalogo\\\/#website\"},\"primaryImageOfPage\":{\"@id\":\"https:\\\/\\\/letrame.com\\\/catalogo\\\/producto\\\/el-camino-de-magdalena\\\/#primaryimage\"},\"image\":{\"@id\":\"https:\\\/\\\/letrame.com\\\/catalogo\\\/producto\\\/el-camino-de-magdalena\\\/#primaryimage\"},\"thumbnailUrl\":\"https:\\\/\\\/letrame.com\\\/catalogo\\\/wp-content\\\/uploads\\\/2024\\\/09\\\/zelcaminodemagdalena_1177mm4.jpg\",\"datePublished\":\"2024-09-19T07:25:44+00:00\",\"dateModified\":\"2024-09-19T09:08:39+00:00\",\"breadcrumb\":{\"@id\":\"https:\\\/\\\/letrame.com\\\/catalogo\\\/producto\\\/el-camino-de-magdalena\\\/#breadcrumb\"},\"inLanguage\":\"es\",\"potentialAction\":[{\"@type\":\"ReadAction\",\"target\":[\"https:\\\/\\\/letrame.com\\\/catalogo\\\/producto\\\/el-camino-de-magdalena\\\/\"]}]},{\"@type\":\"ImageObject\",\"inLanguage\":\"es\",\"@id\":\"https:\\\/\\\/letrame.com\\\/catalogo\\\/producto\\\/el-camino-de-magdalena\\\/#primaryimage\",\"url\":\"https:\\\/\\\/letrame.com\\\/catalogo\\\/wp-content\\\/uploads\\\/2024\\\/09\\\/zelcaminodemagdalena_1177mm4.jpg\",\"contentUrl\":\"https:\\\/\\\/letrame.com\\\/catalogo\\\/wp-content\\\/uploads\\\/2024\\\/09\\\/zelcaminodemagdalena_1177mm4.jpg\",\"width\":1000,\"height\":1428},{\"@type\":\"BreadcrumbList\",\"@id\":\"https:\\\/\\\/letrame.com\\\/catalogo\\\/producto\\\/el-camino-de-magdalena\\\/#breadcrumb\",\"itemListElement\":[{\"@type\":\"ListItem\",\"position\":1,\"name\":\"Portada\",\"item\":\"https:\\\/\\\/letrame.com\\\/catalogo\\\/\"},{\"@type\":\"ListItem\",\"position\":2,\"name\":\"Cat\u00e1logo\",\"item\":\"https:\\\/\\\/letrame.com\\\/catalogo\\\/\"},{\"@type\":\"ListItem\",\"position\":3,\"name\":\"El camino de Magdalena\"}]},{\"@type\":\"WebSite\",\"@id\":\"https:\\\/\\\/letrame.com\\\/catalogo\\\/#website\",\"url\":\"https:\\\/\\\/letrame.com\\\/catalogo\\\/\",\"name\":\"Catalogo | Letrame Grupo Editorial\",\"description\":\"\",\"publisher\":{\"@id\":\"https:\\\/\\\/letrame.com\\\/catalogo\\\/#organization\"},\"potentialAction\":[{\"@type\":\"SearchAction\",\"target\":{\"@type\":\"EntryPoint\",\"urlTemplate\":\"https:\\\/\\\/letrame.com\\\/catalogo\\\/?s={search_term_string}\"},\"query-input\":{\"@type\":\"PropertyValueSpecification\",\"valueRequired\":true,\"valueName\":\"search_term_string\"}}],\"inLanguage\":\"es\"},{\"@type\":\"Organization\",\"@id\":\"https:\\\/\\\/letrame.com\\\/catalogo\\\/#organization\",\"name\":\"Catalogo | Letrame Grupo Editorial\",\"url\":\"https:\\\/\\\/letrame.com\\\/catalogo\\\/\",\"logo\":{\"@type\":\"ImageObject\",\"inLanguage\":\"es\",\"@id\":\"https:\\\/\\\/letrame.com\\\/catalogo\\\/#\\\/schema\\\/logo\\\/image\\\/\",\"url\":\"https:\\\/\\\/letrame.com\\\/catalogo\\\/wp-content\\\/uploads\\\/2024\\\/03\\\/logo2.webp\",\"contentUrl\":\"https:\\\/\\\/letrame.com\\\/catalogo\\\/wp-content\\\/uploads\\\/2024\\\/03\\\/logo2.webp\",\"width\":394,\"height\":128,\"caption\":\"Catalogo | Letrame Grupo Editorial\"},\"image\":{\"@id\":\"https:\\\/\\\/letrame.com\\\/catalogo\\\/#\\\/schema\\\/logo\\\/image\\\/\"}}]}<\/script>\n<!-- \/ Yoast SEO plugin. -->","yoast_head_json":{"title":"El camino de Magdalena - Catalogo | Letrame Grupo Editorial","robots":{"index":"index","follow":"follow","max-snippet":"max-snippet:-1","max-image-preview":"max-image-preview:large","max-video-preview":"max-video-preview:-1"},"canonical":"https:\/\/letrame.com\/catalogo\/producto\/el-camino-de-magdalena\/","og_locale":"es_ES","og_type":"article","og_title":"El camino de Magdalena - Catalogo | Letrame Grupo Editorial","og_description":"ISBN:\u00a0978-84-1068-798-1 SINOPSIS El camino de Magdalena ofrece una gu\u00eda de ruta n\u00edtida y vibrante para las mujeres que transitan el sendero espiritual de regreso a su Ser.  La intensidad amorosa de las palabras que Mar\u00eda Magdalena dedica a sus lectoras, solo se iguala a la fuerza de sus radicales cuestionamientos al orden patriarcal y las trampas que este a\u00fan tiende al despertar espiritual en clave femenina.  Su propuesta, el camino que invita a transitar, es asimismo radical: el goce y el amor incondicional como soporte, y no como resultado, de todo proceso de sanaci\u00f3n emocional.  Aunque ha sido propuesto como una gu\u00eda de autosanaci\u00f3n, el contexto y los recursos pr\u00e1cticos que ofrece hacen de El camino de Magdalena un valioso apoyo para terapeutas y profesionales de la salud mental que trabajan con mujeres.  En un lenguaje simple y po\u00e9tico, Magdalena \u2014a trav\u00e9s de la Pame Arluz\u2014 entrega este verdadero \u00abmanual de amor propio y autocompasi\u00f3n\u00bb para acompa\u00f1ar la b\u00fasqueda m\u00e1s significativa que una mujer del siglo XXI pueda iniciar: encarnar poderosamente su radiante singularidad femenina.","og_url":"https:\/\/letrame.com\/catalogo\/producto\/el-camino-de-magdalena\/","og_site_name":"Catalogo | Letrame Grupo Editorial","article_modified_time":"2024-09-19T09:08:39+00:00","og_image":[{"width":1000,"height":1428,"url":"https:\/\/letrame.com\/catalogo\/wp-content\/uploads\/2024\/09\/zelcaminodemagdalena_1177mm4.jpg","type":"image\/jpeg"}],"twitter_card":"summary_large_image","twitter_misc":{"Tiempo de lectura":"2 minutos"},"schema":{"@context":"https:\/\/schema.org","@graph":[{"@type":"WebPage","@id":"https:\/\/letrame.com\/catalogo\/producto\/el-camino-de-magdalena\/","url":"https:\/\/letrame.com\/catalogo\/producto\/el-camino-de-magdalena\/","name":"El camino de Magdalena - Catalogo | Letrame Grupo Editorial","isPartOf":{"@id":"https:\/\/letrame.com\/catalogo\/#website"},"primaryImageOfPage":{"@id":"https:\/\/letrame.com\/catalogo\/producto\/el-camino-de-magdalena\/#primaryimage"},"image":{"@id":"https:\/\/letrame.com\/catalogo\/producto\/el-camino-de-magdalena\/#primaryimage"},"thumbnailUrl":"https:\/\/letrame.com\/catalogo\/wp-content\/uploads\/2024\/09\/zelcaminodemagdalena_1177mm4.jpg","datePublished":"2024-09-19T07:25:44+00:00","dateModified":"2024-09-19T09:08:39+00:00","breadcrumb":{"@id":"https:\/\/letrame.com\/catalogo\/producto\/el-camino-de-magdalena\/#breadcrumb"},"inLanguage":"es","potentialAction":[{"@type":"ReadAction","target":["https:\/\/letrame.com\/catalogo\/producto\/el-camino-de-magdalena\/"]}]},{"@type":"ImageObject","inLanguage":"es","@id":"https:\/\/letrame.com\/catalogo\/producto\/el-camino-de-magdalena\/#primaryimage","url":"https:\/\/letrame.com\/catalogo\/wp-content\/uploads\/2024\/09\/zelcaminodemagdalena_1177mm4.jpg","contentUrl":"https:\/\/letrame.com\/catalogo\/wp-content\/uploads\/2024\/09\/zelcaminodemagdalena_1177mm4.jpg","width":1000,"height":1428},{"@type":"BreadcrumbList","@id":"https:\/\/letrame.com\/catalogo\/producto\/el-camino-de-magdalena\/#breadcrumb","itemListElement":[{"@type":"ListItem","position":1,"name":"Portada","item":"https:\/\/letrame.com\/catalogo\/"},{"@type":"ListItem","position":2,"name":"Cat\u00e1logo","item":"https:\/\/letrame.com\/catalogo\/"},{"@type":"ListItem","position":3,"name":"El camino de Magdalena"}]},{"@type":"WebSite","@id":"https:\/\/letrame.com\/catalogo\/#website","url":"https:\/\/letrame.com\/catalogo\/","name":"Catalogo | Letrame Grupo Editorial","description":"","publisher":{"@id":"https:\/\/letrame.com\/catalogo\/#organization"},"potentialAction":[{"@type":"SearchAction","target":{"@type":"EntryPoint","urlTemplate":"https:\/\/letrame.com\/catalogo\/?s={search_term_string}"},"query-input":{"@type":"PropertyValueSpecification","valueRequired":true,"valueName":"search_term_string"}}],"inLanguage":"es"},{"@type":"Organization","@id":"https:\/\/letrame.com\/catalogo\/#organization","name":"Catalogo | Letrame Grupo Editorial","url":"https:\/\/letrame.com\/catalogo\/","logo":{"@type":"ImageObject","inLanguage":"es","@id":"https:\/\/letrame.com\/catalogo\/#\/schema\/logo\/image\/","url":"https:\/\/letrame.com\/catalogo\/wp-content\/uploads\/2024\/03\/logo2.webp","contentUrl":"https:\/\/letrame.com\/catalogo\/wp-content\/uploads\/2024\/03\/logo2.webp","width":394,"height":128,"caption":"Catalogo | Letrame Grupo Editorial"},"image":{"@id":"https:\/\/letrame.com\/catalogo\/#\/schema\/logo\/image\/"}}]}},"_links":{"self":[{"href":"https:\/\/letrame.com\/catalogo\/wp-json\/wp\/v2\/product\/106427","targetHints":{"allow":["GET"]}}],"collection":[{"href":"https:\/\/letrame.com\/catalogo\/wp-json\/wp\/v2\/product"}],"about":[{"href":"https:\/\/letrame.com\/catalogo\/wp-json\/wp\/v2\/types\/product"}],"replies":[{"embeddable":true,"href":"https:\/\/letrame.com\/catalogo\/wp-json\/wp\/v2\/comments?post=106427"}],"acf:post":[{"embeddable":true,"href":"https:\/\/letrame.com\/catalogo\/wp-json\/wp\/v2\/author_book\/106426"}],"wp:featuredmedia":[{"embeddable":true,"href":"https:\/\/letrame.com\/catalogo\/wp-json\/wp\/v2\/media\/106431"}],"wp:attachment":[{"href":"https:\/\/letrame.com\/catalogo\/wp-json\/wp\/v2\/media?parent=106427"}],"wp:term":[{"taxonomy":"libro","embeddable":true,"href":"https:\/\/letrame.com\/catalogo\/wp-json\/wp\/v2\/libro?post=106427"},{"taxonomy":"product_brand","embeddable":true,"href":"https:\/\/letrame.com\/catalogo\/wp-json\/wp\/v2\/product_brand?post=106427"},{"taxonomy":"product_cat","embeddable":true,"href":"https:\/\/letrame.com\/catalogo\/wp-json\/wp\/v2\/product_cat?post=106427"},{"taxonomy":"product_tag","embeddable":true,"href":"https:\/\/letrame.com\/catalogo\/wp-json\/wp\/v2\/product_tag?post=106427"}],"curies":[{"name":"wp","href":"https:\/\/api.w.org\/{rel}","templated":true}]}}