{"id":106365,"date":"2024-09-17T08:48:38","date_gmt":"2024-09-17T06:48:38","guid":{"rendered":"https:\/\/letrame.com\/catalogo\/?post_type=product&#038;p=106365"},"modified":"2024-09-17T08:48:38","modified_gmt":"2024-09-17T06:48:38","slug":"la-iglesia-hoy","status":"publish","type":"product","link":"https:\/\/letrame.com\/catalogo\/producto\/la-iglesia-hoy\/","title":{"rendered":"La Iglesia hoy"},"content":{"rendered":"<p class=\"p1\">ISBN:\u00a0978-84-1068-186-6<\/p>\n<p class=\"p1\">T\u00edtulo: La Iglesia hoy<\/p>\n<p class=\"p1\">A\u00f1o: 2024<\/p>\n<p class=\"p1\">P\u00e1ginas: 340<\/p>\n<p class=\"p1\">SINOPSIS<\/p>\n<p>Estamos viviendo momentos dif\u00edciles y complicados para nuestro mundo, las necesidades crecen, no solo las materiales sino tambi\u00e9n las afectivas e espirituales. La Iglesia tiene un papel importante encomendado por el Se\u00f1or Jes\u00fas: predicar la buena nueva del reino de Dios, y esa buena nueva es para traer sanidad, restauraci\u00f3n, renovaci\u00f3n para todos los que quieran la reconciliaci\u00f3n y la estabilidad que el hombre y la sociedad necesitan. La Iglesia de Cristo es el instrumento para transmitir y desarrollar todo lo que Dios ha ordenado en su palabra en beneficio del hombre y de la sociedad.<\/p>\n<p>Este libro trata sobre el papel de la Iglesia y las herramientas que Dios ha dispuesto para ella, con el fin de dar a conocer el amor y el poder de Dios en la sociedad. La Iglesia de Cristo ha de despertarse y ponerse en el lugar que le corresponde, porque en estos \u00faltimos tiempos ha perdido parte de la credibilidad y la fuerza por motivos de varios \u00edndoles. La Iglesia se ha visto muy influenciada por las filosof\u00edas, movimientos, leyes, acontecimientos y un sinf\u00edn de cosas que ha condicionado su eficacia y su papel en la sociedad. Por ello es importante que la Iglesia hoy pueda despertarse y levantarse. El tiempo de actuar ha llegado y el momento se\u00f1alado por Dios ya esta aqu\u00ed. Este libro es simplemente un peque\u00f1o empuje recordatorio a la Iglesia de Cristo, que no es tiempo de seguir claudicando y jugando, sino tiempo de actuar y de cumplir con el mandato divino. Dios ama a su Iglesia y Cristo es su cabeza, y su voluntad es ver a su Iglesia viva, eficaz, despierta y poderosa.<\/p>\n","protected":false},"excerpt":{"rendered":"<p class=\"p1\">ISBN:\u00a0978-84-1068-186-6<\/p>\n<p class=\"p1\">SINOPSIS<\/p>\n<p>Estamos viviendo momentos dif\u00edciles y complicados para nuestro mundo, las necesidades crecen, no solo las materiales sino tambi\u00e9n las afectivas e espirituales. La Iglesia tiene un papel importante encomendado por el Se\u00f1or Jes\u00fas: predicar la buena nueva del reino de Dios, y esa buena nueva es para traer sanidad, restauraci\u00f3n, renovaci\u00f3n para todos los que quieran la reconciliaci\u00f3n y la estabilidad que el hombre y la sociedad necesitan. La Iglesia de Cristo es el instrumento para transmitir y desarrollar todo lo que Dios ha ordenado en su palabra en beneficio del hombre y de la sociedad.<\/p>\n<p>Este libro trata sobre el papel de la Iglesia y las herramientas que Dios ha dispuesto para ella, con el fin de dar a conocer el amor y el poder de Dios en la sociedad. La Iglesia de Cristo ha de despertarse y ponerse en el lugar que le corresponde, porque en estos \u00faltimos tiempos ha perdido parte de la credibilidad y la fuerza por motivos de varios \u00edndoles. La Iglesia se ha visto muy influenciada por las filosof\u00edas, movimientos, leyes, acontecimientos y un sinf\u00edn de cosas que ha condicionado su eficacia y su papel en la sociedad. Por ello es importante que la Iglesia hoy pueda despertarse y levantarse. El tiempo de actuar ha llegado y el momento se\u00f1alado por Dios ya esta aqu\u00ed. Este libro es simplemente un peque\u00f1o empuje recordatorio a la Iglesia de Cristo, que no es tiempo de seguir claudicando y jugando, sino tiempo de actuar y de cumplir con el mandato divino. Dios ama a su Iglesia y Cristo es su cabeza, y su voluntad es ver a su Iglesia viva, eficaz, despierta y poderosa.<\/p>\n","protected":false},"featured_media":106368,"comment_status":"open","ping_status":"closed","template":"","meta":{"_acf_changed":false},"libro":[],"product_brand":[],"product_cat":[25],"product_tag":[],"class_list":{"0":"post-106365","1":"product","2":"type-product","3":"status-publish","4":"has-post-thumbnail","6":"product_cat-religion-y-espiritualidad","8":"first","9":"instock","10":"shipping-taxable","11":"product-type-simple"},"acf":{"autor":[106366],"enlace_de_compra":"https:\/\/amzn.to\/3Xs7heO"},"yoast_head":"<!-- This site is optimized with the Yoast SEO plugin v26.6 - https:\/\/yoast.com\/wordpress\/plugins\/seo\/ -->\n<title>La Iglesia hoy - Catalogo | Letrame Grupo Editorial<\/title>\n<meta name=\"robots\" content=\"index, follow, max-snippet:-1, max-image-preview:large, max-video-preview:-1\" \/>\n<link rel=\"canonical\" href=\"https:\/\/letrame.com\/catalogo\/producto\/la-iglesia-hoy\/\" \/>\n<meta property=\"og:locale\" content=\"es_ES\" \/>\n<meta property=\"og:type\" content=\"article\" \/>\n<meta property=\"og:title\" content=\"La Iglesia hoy - Catalogo | Letrame Grupo Editorial\" \/>\n<meta property=\"og:description\" content=\"ISBN:\u00a0978-84-1068-186-6 SINOPSIS Estamos viviendo momentos dif\u00edciles y complicados para nuestro mundo, las necesidades crecen, no solo las materiales sino tambi\u00e9n las afectivas e espirituales. La Iglesia tiene un papel importante encomendado por el Se\u00f1or Jes\u00fas: predicar la buena nueva del reino de Dios, y esa buena nueva es para traer sanidad, restauraci\u00f3n, renovaci\u00f3n para todos los que quieran la reconciliaci\u00f3n y la estabilidad que el hombre y la sociedad necesitan. La Iglesia de Cristo es el instrumento para transmitir y desarrollar todo lo que Dios ha ordenado en su palabra en beneficio del hombre y de la sociedad.  Este libro trata sobre el papel de la Iglesia y las herramientas que Dios ha dispuesto para ella, con el fin de dar a conocer el amor y el poder de Dios en la sociedad. La Iglesia de Cristo ha de despertarse y ponerse en el lugar que le corresponde, porque en estos \u00faltimos tiempos ha perdido parte de la credibilidad y la fuerza por motivos de varios \u00edndoles. La Iglesia se ha visto muy influenciada por las filosof\u00edas, movimientos, leyes, acontecimientos y un sinf\u00edn de cosas que ha condicionado su eficacia y su papel en la sociedad. Por ello es importante que la Iglesia hoy pueda despertarse y levantarse. El tiempo de actuar ha llegado y el momento se\u00f1alado por Dios ya esta aqu\u00ed. Este libro es simplemente un peque\u00f1o empuje recordatorio a la Iglesia de Cristo, que no es tiempo de seguir claudicando y jugando, sino tiempo de actuar y de cumplir con el mandato divino. Dios ama a su Iglesia y Cristo es su cabeza, y su voluntad es ver a su Iglesia viva, eficaz, despierta y poderosa.\" \/>\n<meta property=\"og:url\" content=\"https:\/\/letrame.com\/catalogo\/producto\/la-iglesia-hoy\/\" \/>\n<meta property=\"og:site_name\" content=\"Catalogo | Letrame Grupo Editorial\" \/>\n<meta property=\"og:image\" content=\"https:\/\/letrame.com\/catalogo\/wp-content\/uploads\/2024\/09\/webp_laiglesiahoy_1675mm.jpg\" \/>\n\t<meta property=\"og:image:width\" content=\"600\" \/>\n\t<meta property=\"og:image:height\" content=\"880\" \/>\n\t<meta property=\"og:image:type\" content=\"image\/jpeg\" \/>\n<meta name=\"twitter:card\" content=\"summary_large_image\" \/>\n<meta name=\"twitter:label1\" content=\"Tiempo de lectura\" \/>\n\t<meta name=\"twitter:data1\" content=\"2 minutos\" \/>\n<script type=\"application\/ld+json\" class=\"yoast-schema-graph\">{\"@context\":\"https:\/\/schema.org\",\"@graph\":[{\"@type\":\"WebPage\",\"@id\":\"https:\/\/letrame.com\/catalogo\/producto\/la-iglesia-hoy\/\",\"url\":\"https:\/\/letrame.com\/catalogo\/producto\/la-iglesia-hoy\/\",\"name\":\"La Iglesia hoy - Catalogo | Letrame Grupo Editorial\",\"isPartOf\":{\"@id\":\"https:\/\/letrame.com\/catalogo\/#website\"},\"primaryImageOfPage\":{\"@id\":\"https:\/\/letrame.com\/catalogo\/producto\/la-iglesia-hoy\/#primaryimage\"},\"image\":{\"@id\":\"https:\/\/letrame.com\/catalogo\/producto\/la-iglesia-hoy\/#primaryimage\"},\"thumbnailUrl\":\"https:\/\/letrame.com\/catalogo\/wp-content\/uploads\/2024\/09\/webp_laiglesiahoy_1675mm.jpg\",\"datePublished\":\"2024-09-17T06:48:38+00:00\",\"breadcrumb\":{\"@id\":\"https:\/\/letrame.com\/catalogo\/producto\/la-iglesia-hoy\/#breadcrumb\"},\"inLanguage\":\"es\",\"potentialAction\":[{\"@type\":\"ReadAction\",\"target\":[\"https:\/\/letrame.com\/catalogo\/producto\/la-iglesia-hoy\/\"]}]},{\"@type\":\"ImageObject\",\"inLanguage\":\"es\",\"@id\":\"https:\/\/letrame.com\/catalogo\/producto\/la-iglesia-hoy\/#primaryimage\",\"url\":\"https:\/\/letrame.com\/catalogo\/wp-content\/uploads\/2024\/09\/webp_laiglesiahoy_1675mm.jpg\",\"contentUrl\":\"https:\/\/letrame.com\/catalogo\/wp-content\/uploads\/2024\/09\/webp_laiglesiahoy_1675mm.jpg\",\"width\":600,\"height\":880},{\"@type\":\"BreadcrumbList\",\"@id\":\"https:\/\/letrame.com\/catalogo\/producto\/la-iglesia-hoy\/#breadcrumb\",\"itemListElement\":[{\"@type\":\"ListItem\",\"position\":1,\"name\":\"Portada\",\"item\":\"https:\/\/letrame.com\/catalogo\/\"},{\"@type\":\"ListItem\",\"position\":2,\"name\":\"Cat\u00e1logo\",\"item\":\"https:\/\/letrame.com\/catalogo\/\"},{\"@type\":\"ListItem\",\"position\":3,\"name\":\"La Iglesia hoy\"}]},{\"@type\":\"WebSite\",\"@id\":\"https:\/\/letrame.com\/catalogo\/#website\",\"url\":\"https:\/\/letrame.com\/catalogo\/\",\"name\":\"Catalogo | Letrame Grupo Editorial\",\"description\":\"\",\"publisher\":{\"@id\":\"https:\/\/letrame.com\/catalogo\/#organization\"},\"potentialAction\":[{\"@type\":\"SearchAction\",\"target\":{\"@type\":\"EntryPoint\",\"urlTemplate\":\"https:\/\/letrame.com\/catalogo\/?s={search_term_string}\"},\"query-input\":{\"@type\":\"PropertyValueSpecification\",\"valueRequired\":true,\"valueName\":\"search_term_string\"}}],\"inLanguage\":\"es\"},{\"@type\":\"Organization\",\"@id\":\"https:\/\/letrame.com\/catalogo\/#organization\",\"name\":\"Catalogo | Letrame Grupo Editorial\",\"url\":\"https:\/\/letrame.com\/catalogo\/\",\"logo\":{\"@type\":\"ImageObject\",\"inLanguage\":\"es\",\"@id\":\"https:\/\/letrame.com\/catalogo\/#\/schema\/logo\/image\/\",\"url\":\"https:\/\/letrame.com\/catalogo\/wp-content\/uploads\/2024\/03\/logo2.webp\",\"contentUrl\":\"https:\/\/letrame.com\/catalogo\/wp-content\/uploads\/2024\/03\/logo2.webp\",\"width\":394,\"height\":128,\"caption\":\"Catalogo | Letrame Grupo Editorial\"},\"image\":{\"@id\":\"https:\/\/letrame.com\/catalogo\/#\/schema\/logo\/image\/\"}}]}<\/script>\n<!-- \/ Yoast SEO plugin. -->","yoast_head_json":{"title":"La Iglesia hoy - Catalogo | Letrame Grupo Editorial","robots":{"index":"index","follow":"follow","max-snippet":"max-snippet:-1","max-image-preview":"max-image-preview:large","max-video-preview":"max-video-preview:-1"},"canonical":"https:\/\/letrame.com\/catalogo\/producto\/la-iglesia-hoy\/","og_locale":"es_ES","og_type":"article","og_title":"La Iglesia hoy - Catalogo | Letrame Grupo Editorial","og_description":"ISBN:\u00a0978-84-1068-186-6 SINOPSIS Estamos viviendo momentos dif\u00edciles y complicados para nuestro mundo, las necesidades crecen, no solo las materiales sino tambi\u00e9n las afectivas e espirituales. La Iglesia tiene un papel importante encomendado por el Se\u00f1or Jes\u00fas: predicar la buena nueva del reino de Dios, y esa buena nueva es para traer sanidad, restauraci\u00f3n, renovaci\u00f3n para todos los que quieran la reconciliaci\u00f3n y la estabilidad que el hombre y la sociedad necesitan. La Iglesia de Cristo es el instrumento para transmitir y desarrollar todo lo que Dios ha ordenado en su palabra en beneficio del hombre y de la sociedad.  Este libro trata sobre el papel de la Iglesia y las herramientas que Dios ha dispuesto para ella, con el fin de dar a conocer el amor y el poder de Dios en la sociedad. La Iglesia de Cristo ha de despertarse y ponerse en el lugar que le corresponde, porque en estos \u00faltimos tiempos ha perdido parte de la credibilidad y la fuerza por motivos de varios \u00edndoles. La Iglesia se ha visto muy influenciada por las filosof\u00edas, movimientos, leyes, acontecimientos y un sinf\u00edn de cosas que ha condicionado su eficacia y su papel en la sociedad. Por ello es importante que la Iglesia hoy pueda despertarse y levantarse. El tiempo de actuar ha llegado y el momento se\u00f1alado por Dios ya esta aqu\u00ed. Este libro es simplemente un peque\u00f1o empuje recordatorio a la Iglesia de Cristo, que no es tiempo de seguir claudicando y jugando, sino tiempo de actuar y de cumplir con el mandato divino. Dios ama a su Iglesia y Cristo es su cabeza, y su voluntad es ver a su Iglesia viva, eficaz, despierta y poderosa.","og_url":"https:\/\/letrame.com\/catalogo\/producto\/la-iglesia-hoy\/","og_site_name":"Catalogo | Letrame Grupo Editorial","og_image":[{"width":600,"height":880,"url":"https:\/\/letrame.com\/catalogo\/wp-content\/uploads\/2024\/09\/webp_laiglesiahoy_1675mm.jpg","type":"image\/jpeg"}],"twitter_card":"summary_large_image","twitter_misc":{"Tiempo de lectura":"2 minutos"},"schema":{"@context":"https:\/\/schema.org","@graph":[{"@type":"WebPage","@id":"https:\/\/letrame.com\/catalogo\/producto\/la-iglesia-hoy\/","url":"https:\/\/letrame.com\/catalogo\/producto\/la-iglesia-hoy\/","name":"La Iglesia hoy - Catalogo | Letrame Grupo Editorial","isPartOf":{"@id":"https:\/\/letrame.com\/catalogo\/#website"},"primaryImageOfPage":{"@id":"https:\/\/letrame.com\/catalogo\/producto\/la-iglesia-hoy\/#primaryimage"},"image":{"@id":"https:\/\/letrame.com\/catalogo\/producto\/la-iglesia-hoy\/#primaryimage"},"thumbnailUrl":"https:\/\/letrame.com\/catalogo\/wp-content\/uploads\/2024\/09\/webp_laiglesiahoy_1675mm.jpg","datePublished":"2024-09-17T06:48:38+00:00","breadcrumb":{"@id":"https:\/\/letrame.com\/catalogo\/producto\/la-iglesia-hoy\/#breadcrumb"},"inLanguage":"es","potentialAction":[{"@type":"ReadAction","target":["https:\/\/letrame.com\/catalogo\/producto\/la-iglesia-hoy\/"]}]},{"@type":"ImageObject","inLanguage":"es","@id":"https:\/\/letrame.com\/catalogo\/producto\/la-iglesia-hoy\/#primaryimage","url":"https:\/\/letrame.com\/catalogo\/wp-content\/uploads\/2024\/09\/webp_laiglesiahoy_1675mm.jpg","contentUrl":"https:\/\/letrame.com\/catalogo\/wp-content\/uploads\/2024\/09\/webp_laiglesiahoy_1675mm.jpg","width":600,"height":880},{"@type":"BreadcrumbList","@id":"https:\/\/letrame.com\/catalogo\/producto\/la-iglesia-hoy\/#breadcrumb","itemListElement":[{"@type":"ListItem","position":1,"name":"Portada","item":"https:\/\/letrame.com\/catalogo\/"},{"@type":"ListItem","position":2,"name":"Cat\u00e1logo","item":"https:\/\/letrame.com\/catalogo\/"},{"@type":"ListItem","position":3,"name":"La Iglesia hoy"}]},{"@type":"WebSite","@id":"https:\/\/letrame.com\/catalogo\/#website","url":"https:\/\/letrame.com\/catalogo\/","name":"Catalogo | Letrame Grupo Editorial","description":"","publisher":{"@id":"https:\/\/letrame.com\/catalogo\/#organization"},"potentialAction":[{"@type":"SearchAction","target":{"@type":"EntryPoint","urlTemplate":"https:\/\/letrame.com\/catalogo\/?s={search_term_string}"},"query-input":{"@type":"PropertyValueSpecification","valueRequired":true,"valueName":"search_term_string"}}],"inLanguage":"es"},{"@type":"Organization","@id":"https:\/\/letrame.com\/catalogo\/#organization","name":"Catalogo | Letrame Grupo Editorial","url":"https:\/\/letrame.com\/catalogo\/","logo":{"@type":"ImageObject","inLanguage":"es","@id":"https:\/\/letrame.com\/catalogo\/#\/schema\/logo\/image\/","url":"https:\/\/letrame.com\/catalogo\/wp-content\/uploads\/2024\/03\/logo2.webp","contentUrl":"https:\/\/letrame.com\/catalogo\/wp-content\/uploads\/2024\/03\/logo2.webp","width":394,"height":128,"caption":"Catalogo | Letrame Grupo Editorial"},"image":{"@id":"https:\/\/letrame.com\/catalogo\/#\/schema\/logo\/image\/"}}]}},"_links":{"self":[{"href":"https:\/\/letrame.com\/catalogo\/wp-json\/wp\/v2\/product\/106365","targetHints":{"allow":["GET"]}}],"collection":[{"href":"https:\/\/letrame.com\/catalogo\/wp-json\/wp\/v2\/product"}],"about":[{"href":"https:\/\/letrame.com\/catalogo\/wp-json\/wp\/v2\/types\/product"}],"replies":[{"embeddable":true,"href":"https:\/\/letrame.com\/catalogo\/wp-json\/wp\/v2\/comments?post=106365"}],"acf:post":[{"embeddable":true,"href":"https:\/\/letrame.com\/catalogo\/wp-json\/wp\/v2\/author_book\/106366"}],"wp:featuredmedia":[{"embeddable":true,"href":"https:\/\/letrame.com\/catalogo\/wp-json\/wp\/v2\/media\/106368"}],"wp:attachment":[{"href":"https:\/\/letrame.com\/catalogo\/wp-json\/wp\/v2\/media?parent=106365"}],"wp:term":[{"taxonomy":"libro","embeddable":true,"href":"https:\/\/letrame.com\/catalogo\/wp-json\/wp\/v2\/libro?post=106365"},{"taxonomy":"product_brand","embeddable":true,"href":"https:\/\/letrame.com\/catalogo\/wp-json\/wp\/v2\/product_brand?post=106365"},{"taxonomy":"product_cat","embeddable":true,"href":"https:\/\/letrame.com\/catalogo\/wp-json\/wp\/v2\/product_cat?post=106365"},{"taxonomy":"product_tag","embeddable":true,"href":"https:\/\/letrame.com\/catalogo\/wp-json\/wp\/v2\/product_tag?post=106365"}],"curies":[{"name":"wp","href":"https:\/\/api.w.org\/{rel}","templated":true}]}}