{"id":106308,"date":"2024-09-12T08:52:01","date_gmt":"2024-09-12T06:52:01","guid":{"rendered":"https:\/\/letrame.com\/catalogo\/?post_type=product&#038;p=106308"},"modified":"2024-10-10T16:33:15","modified_gmt":"2024-10-10T14:33:15","slug":"las-aventuras-de-cairo-y-cris-2oedicion","status":"publish","type":"product","link":"https:\/\/letrame.com\/catalogo\/producto\/las-aventuras-de-cairo-y-cris-2oedicion\/","title":{"rendered":"Las aventuras de Cairo y Cris 2\u00aa Edici\u00f3n"},"content":{"rendered":"<p class=\"p1\">ISBN:\u00a0978-84-1068-974-9<\/p>\n<p class=\"p1\">T\u00edtulo: Las aventuras de Cairo y Cris<\/p>\n<p class=\"p1\">A\u00f1o: 2024<\/p>\n<p class=\"p1\">P\u00e1ginas: 224<\/p>\n<p class=\"p1\">SINOPSIS<\/p>\n<p>Cristina Cot es estudiante de primer a\u00f1o de arqueolog\u00eda en la universidad de Zaragoza. El mismo d\u00eda que termina los ex\u00e1menes y da comienzo su verano, se encuentra un cachorro en la calle y juntos emprenden una aventura por el camino de Santiago. Junto a los nuevos amigos que hacen mientras caminan, deciden visitar las cuevas de Altamira, haciendo un alto en el camino. Sin embargo, tras un peque\u00f1o contratiempo, presencian algo que les cambia totalmente los planes. Su esp\u00edritu aventurero les lleva entonces a buscar respuestas a trav\u00e9s de famosos lugares de la costa asturiana, en un intento de resolver el misterio que han presenciado. \u00bfLo conseguir\u00e1n?<\/p>\n","protected":false},"excerpt":{"rendered":"<p class=\"p1\">ISBN:\u00a0978-84-1068-974-9<\/p>\n<p class=\"p1\">SINOPSIS<\/p>\n<p>Cristina Cot es estudiante de primer a\u00f1o de arqueolog\u00eda en la universidad de Zaragoza. El mismo d\u00eda que termina los ex\u00e1menes y da comienzo su verano, se encuentra un cachorro en la calle y juntos emprenden una aventura por el camino de Santiago. Junto a los nuevos amigos que hacen mientras caminan, deciden visitar las cuevas de Altamira, haciendo un alto en el camino. Sin embargo, tras un peque\u00f1o contratiempo, presencian algo que les cambia totalmente los planes. Su esp\u00edritu aventurero les lleva entonces a buscar respuestas a trav\u00e9s de famosos lugares de la costa asturiana, en un intento de resolver el misterio que han presenciado. \u00bfLo conseguir\u00e1n?<\/p>\n","protected":false},"featured_media":106311,"comment_status":"open","ping_status":"closed","template":"","meta":{"_acf_changed":false},"libro":[],"product_brand":[],"product_cat":[35],"product_tag":[],"class_list":{"0":"post-106308","1":"product","2":"type-product","3":"status-publish","4":"has-post-thumbnail","6":"product_cat-cuento-infantil","8":"first","9":"instock","10":"shipping-taxable","11":"product-type-simple"},"acf":{"autor":[106307],"enlace_de_compra":"https:\/\/amzn.to\/3XYQ7pu"},"yoast_head":"<!-- This site is optimized with the Yoast SEO plugin v26.6 - https:\/\/yoast.com\/wordpress\/plugins\/seo\/ -->\n<title>Las aventuras de Cairo y Cris 2\u00aa Edici\u00f3n - Catalogo | Letrame Grupo Editorial<\/title>\n<meta name=\"robots\" content=\"index, follow, max-snippet:-1, max-image-preview:large, max-video-preview:-1\" \/>\n<link rel=\"canonical\" href=\"https:\/\/letrame.com\/catalogo\/producto\/las-aventuras-de-cairo-y-cris-2oedicion\/\" \/>\n<meta property=\"og:locale\" content=\"es_ES\" \/>\n<meta property=\"og:type\" content=\"article\" \/>\n<meta property=\"og:title\" content=\"Las aventuras de Cairo y Cris 2\u00aa Edici\u00f3n - Catalogo | Letrame Grupo Editorial\" \/>\n<meta property=\"og:description\" content=\"ISBN:\u00a0978-84-1068-974-9 SINOPSIS Cristina Cot es estudiante de primer a\u00f1o de arqueolog\u00eda en la universidad de Zaragoza. El mismo d\u00eda que termina los ex\u00e1menes y da comienzo su verano, se encuentra un cachorro en la calle y juntos emprenden una aventura por el camino de Santiago. Junto a los nuevos amigos que hacen mientras caminan, deciden visitar las cuevas de Altamira, haciendo un alto en el camino. Sin embargo, tras un peque\u00f1o contratiempo, presencian algo que les cambia totalmente los planes. Su esp\u00edritu aventurero les lleva entonces a buscar respuestas a trav\u00e9s de famosos lugares de la costa asturiana, en un intento de resolver el misterio que han presenciado. \u00bfLo conseguir\u00e1n?\" \/>\n<meta property=\"og:url\" content=\"https:\/\/letrame.com\/catalogo\/producto\/las-aventuras-de-cairo-y-cris-2oedicion\/\" \/>\n<meta property=\"og:site_name\" content=\"Catalogo | Letrame Grupo Editorial\" \/>\n<meta property=\"article:modified_time\" content=\"2024-10-10T14:33:15+00:00\" \/>\n<meta property=\"og:image\" content=\"https:\/\/letrame.com\/catalogo\/wp-content\/uploads\/2024\/09\/zlasaventuras_117mmv44.jpg\" \/>\n\t<meta property=\"og:image:width\" content=\"800\" \/>\n\t<meta property=\"og:image:height\" content=\"1120\" \/>\n\t<meta property=\"og:image:type\" content=\"image\/jpeg\" \/>\n<meta name=\"twitter:card\" content=\"summary_large_image\" \/>\n<meta name=\"twitter:label1\" content=\"Tiempo de lectura\" \/>\n\t<meta name=\"twitter:data1\" content=\"1 minuto\" \/>\n<script type=\"application\/ld+json\" class=\"yoast-schema-graph\">{\"@context\":\"https:\/\/schema.org\",\"@graph\":[{\"@type\":\"WebPage\",\"@id\":\"https:\/\/letrame.com\/catalogo\/producto\/las-aventuras-de-cairo-y-cris-2oedicion\/\",\"url\":\"https:\/\/letrame.com\/catalogo\/producto\/las-aventuras-de-cairo-y-cris-2oedicion\/\",\"name\":\"Las aventuras de Cairo y Cris 2\u00aa Edici\u00f3n - Catalogo | Letrame Grupo Editorial\",\"isPartOf\":{\"@id\":\"https:\/\/letrame.com\/catalogo\/#website\"},\"primaryImageOfPage\":{\"@id\":\"https:\/\/letrame.com\/catalogo\/producto\/las-aventuras-de-cairo-y-cris-2oedicion\/#primaryimage\"},\"image\":{\"@id\":\"https:\/\/letrame.com\/catalogo\/producto\/las-aventuras-de-cairo-y-cris-2oedicion\/#primaryimage\"},\"thumbnailUrl\":\"https:\/\/letrame.com\/catalogo\/wp-content\/uploads\/2024\/09\/zlasaventuras_117mmv44.jpg\",\"datePublished\":\"2024-09-12T06:52:01+00:00\",\"dateModified\":\"2024-10-10T14:33:15+00:00\",\"breadcrumb\":{\"@id\":\"https:\/\/letrame.com\/catalogo\/producto\/las-aventuras-de-cairo-y-cris-2oedicion\/#breadcrumb\"},\"inLanguage\":\"es\",\"potentialAction\":[{\"@type\":\"ReadAction\",\"target\":[\"https:\/\/letrame.com\/catalogo\/producto\/las-aventuras-de-cairo-y-cris-2oedicion\/\"]}]},{\"@type\":\"ImageObject\",\"inLanguage\":\"es\",\"@id\":\"https:\/\/letrame.com\/catalogo\/producto\/las-aventuras-de-cairo-y-cris-2oedicion\/#primaryimage\",\"url\":\"https:\/\/letrame.com\/catalogo\/wp-content\/uploads\/2024\/09\/zlasaventuras_117mmv44.jpg\",\"contentUrl\":\"https:\/\/letrame.com\/catalogo\/wp-content\/uploads\/2024\/09\/zlasaventuras_117mmv44.jpg\",\"width\":800,\"height\":1120},{\"@type\":\"BreadcrumbList\",\"@id\":\"https:\/\/letrame.com\/catalogo\/producto\/las-aventuras-de-cairo-y-cris-2oedicion\/#breadcrumb\",\"itemListElement\":[{\"@type\":\"ListItem\",\"position\":1,\"name\":\"Portada\",\"item\":\"https:\/\/letrame.com\/catalogo\/\"},{\"@type\":\"ListItem\",\"position\":2,\"name\":\"Cat\u00e1logo\",\"item\":\"https:\/\/letrame.com\/catalogo\/\"},{\"@type\":\"ListItem\",\"position\":3,\"name\":\"Las aventuras de Cairo y Cris 2\u00aa Edici\u00f3n\"}]},{\"@type\":\"WebSite\",\"@id\":\"https:\/\/letrame.com\/catalogo\/#website\",\"url\":\"https:\/\/letrame.com\/catalogo\/\",\"name\":\"Catalogo | Letrame Grupo Editorial\",\"description\":\"\",\"publisher\":{\"@id\":\"https:\/\/letrame.com\/catalogo\/#organization\"},\"potentialAction\":[{\"@type\":\"SearchAction\",\"target\":{\"@type\":\"EntryPoint\",\"urlTemplate\":\"https:\/\/letrame.com\/catalogo\/?s={search_term_string}\"},\"query-input\":{\"@type\":\"PropertyValueSpecification\",\"valueRequired\":true,\"valueName\":\"search_term_string\"}}],\"inLanguage\":\"es\"},{\"@type\":\"Organization\",\"@id\":\"https:\/\/letrame.com\/catalogo\/#organization\",\"name\":\"Catalogo | Letrame Grupo Editorial\",\"url\":\"https:\/\/letrame.com\/catalogo\/\",\"logo\":{\"@type\":\"ImageObject\",\"inLanguage\":\"es\",\"@id\":\"https:\/\/letrame.com\/catalogo\/#\/schema\/logo\/image\/\",\"url\":\"https:\/\/letrame.com\/catalogo\/wp-content\/uploads\/2024\/03\/logo2.webp\",\"contentUrl\":\"https:\/\/letrame.com\/catalogo\/wp-content\/uploads\/2024\/03\/logo2.webp\",\"width\":394,\"height\":128,\"caption\":\"Catalogo | Letrame Grupo Editorial\"},\"image\":{\"@id\":\"https:\/\/letrame.com\/catalogo\/#\/schema\/logo\/image\/\"}}]}<\/script>\n<!-- \/ Yoast SEO plugin. -->","yoast_head_json":{"title":"Las aventuras de Cairo y Cris 2\u00aa Edici\u00f3n - Catalogo | Letrame Grupo Editorial","robots":{"index":"index","follow":"follow","max-snippet":"max-snippet:-1","max-image-preview":"max-image-preview:large","max-video-preview":"max-video-preview:-1"},"canonical":"https:\/\/letrame.com\/catalogo\/producto\/las-aventuras-de-cairo-y-cris-2oedicion\/","og_locale":"es_ES","og_type":"article","og_title":"Las aventuras de Cairo y Cris 2\u00aa Edici\u00f3n - Catalogo | Letrame Grupo Editorial","og_description":"ISBN:\u00a0978-84-1068-974-9 SINOPSIS Cristina Cot es estudiante de primer a\u00f1o de arqueolog\u00eda en la universidad de Zaragoza. El mismo d\u00eda que termina los ex\u00e1menes y da comienzo su verano, se encuentra un cachorro en la calle y juntos emprenden una aventura por el camino de Santiago. Junto a los nuevos amigos que hacen mientras caminan, deciden visitar las cuevas de Altamira, haciendo un alto en el camino. Sin embargo, tras un peque\u00f1o contratiempo, presencian algo que les cambia totalmente los planes. Su esp\u00edritu aventurero les lleva entonces a buscar respuestas a trav\u00e9s de famosos lugares de la costa asturiana, en un intento de resolver el misterio que han presenciado. \u00bfLo conseguir\u00e1n?","og_url":"https:\/\/letrame.com\/catalogo\/producto\/las-aventuras-de-cairo-y-cris-2oedicion\/","og_site_name":"Catalogo | Letrame Grupo Editorial","article_modified_time":"2024-10-10T14:33:15+00:00","og_image":[{"width":800,"height":1120,"url":"https:\/\/letrame.com\/catalogo\/wp-content\/uploads\/2024\/09\/zlasaventuras_117mmv44.jpg","type":"image\/jpeg"}],"twitter_card":"summary_large_image","twitter_misc":{"Tiempo de lectura":"1 minuto"},"schema":{"@context":"https:\/\/schema.org","@graph":[{"@type":"WebPage","@id":"https:\/\/letrame.com\/catalogo\/producto\/las-aventuras-de-cairo-y-cris-2oedicion\/","url":"https:\/\/letrame.com\/catalogo\/producto\/las-aventuras-de-cairo-y-cris-2oedicion\/","name":"Las aventuras de Cairo y Cris 2\u00aa Edici\u00f3n - Catalogo | Letrame Grupo Editorial","isPartOf":{"@id":"https:\/\/letrame.com\/catalogo\/#website"},"primaryImageOfPage":{"@id":"https:\/\/letrame.com\/catalogo\/producto\/las-aventuras-de-cairo-y-cris-2oedicion\/#primaryimage"},"image":{"@id":"https:\/\/letrame.com\/catalogo\/producto\/las-aventuras-de-cairo-y-cris-2oedicion\/#primaryimage"},"thumbnailUrl":"https:\/\/letrame.com\/catalogo\/wp-content\/uploads\/2024\/09\/zlasaventuras_117mmv44.jpg","datePublished":"2024-09-12T06:52:01+00:00","dateModified":"2024-10-10T14:33:15+00:00","breadcrumb":{"@id":"https:\/\/letrame.com\/catalogo\/producto\/las-aventuras-de-cairo-y-cris-2oedicion\/#breadcrumb"},"inLanguage":"es","potentialAction":[{"@type":"ReadAction","target":["https:\/\/letrame.com\/catalogo\/producto\/las-aventuras-de-cairo-y-cris-2oedicion\/"]}]},{"@type":"ImageObject","inLanguage":"es","@id":"https:\/\/letrame.com\/catalogo\/producto\/las-aventuras-de-cairo-y-cris-2oedicion\/#primaryimage","url":"https:\/\/letrame.com\/catalogo\/wp-content\/uploads\/2024\/09\/zlasaventuras_117mmv44.jpg","contentUrl":"https:\/\/letrame.com\/catalogo\/wp-content\/uploads\/2024\/09\/zlasaventuras_117mmv44.jpg","width":800,"height":1120},{"@type":"BreadcrumbList","@id":"https:\/\/letrame.com\/catalogo\/producto\/las-aventuras-de-cairo-y-cris-2oedicion\/#breadcrumb","itemListElement":[{"@type":"ListItem","position":1,"name":"Portada","item":"https:\/\/letrame.com\/catalogo\/"},{"@type":"ListItem","position":2,"name":"Cat\u00e1logo","item":"https:\/\/letrame.com\/catalogo\/"},{"@type":"ListItem","position":3,"name":"Las aventuras de Cairo y Cris 2\u00aa Edici\u00f3n"}]},{"@type":"WebSite","@id":"https:\/\/letrame.com\/catalogo\/#website","url":"https:\/\/letrame.com\/catalogo\/","name":"Catalogo | Letrame Grupo Editorial","description":"","publisher":{"@id":"https:\/\/letrame.com\/catalogo\/#organization"},"potentialAction":[{"@type":"SearchAction","target":{"@type":"EntryPoint","urlTemplate":"https:\/\/letrame.com\/catalogo\/?s={search_term_string}"},"query-input":{"@type":"PropertyValueSpecification","valueRequired":true,"valueName":"search_term_string"}}],"inLanguage":"es"},{"@type":"Organization","@id":"https:\/\/letrame.com\/catalogo\/#organization","name":"Catalogo | Letrame Grupo Editorial","url":"https:\/\/letrame.com\/catalogo\/","logo":{"@type":"ImageObject","inLanguage":"es","@id":"https:\/\/letrame.com\/catalogo\/#\/schema\/logo\/image\/","url":"https:\/\/letrame.com\/catalogo\/wp-content\/uploads\/2024\/03\/logo2.webp","contentUrl":"https:\/\/letrame.com\/catalogo\/wp-content\/uploads\/2024\/03\/logo2.webp","width":394,"height":128,"caption":"Catalogo | Letrame Grupo Editorial"},"image":{"@id":"https:\/\/letrame.com\/catalogo\/#\/schema\/logo\/image\/"}}]}},"_links":{"self":[{"href":"https:\/\/letrame.com\/catalogo\/wp-json\/wp\/v2\/product\/106308","targetHints":{"allow":["GET"]}}],"collection":[{"href":"https:\/\/letrame.com\/catalogo\/wp-json\/wp\/v2\/product"}],"about":[{"href":"https:\/\/letrame.com\/catalogo\/wp-json\/wp\/v2\/types\/product"}],"replies":[{"embeddable":true,"href":"https:\/\/letrame.com\/catalogo\/wp-json\/wp\/v2\/comments?post=106308"}],"acf:post":[{"embeddable":true,"href":"https:\/\/letrame.com\/catalogo\/wp-json\/wp\/v2\/author_book\/106307"}],"wp:featuredmedia":[{"embeddable":true,"href":"https:\/\/letrame.com\/catalogo\/wp-json\/wp\/v2\/media\/106311"}],"wp:attachment":[{"href":"https:\/\/letrame.com\/catalogo\/wp-json\/wp\/v2\/media?parent=106308"}],"wp:term":[{"taxonomy":"libro","embeddable":true,"href":"https:\/\/letrame.com\/catalogo\/wp-json\/wp\/v2\/libro?post=106308"},{"taxonomy":"product_brand","embeddable":true,"href":"https:\/\/letrame.com\/catalogo\/wp-json\/wp\/v2\/product_brand?post=106308"},{"taxonomy":"product_cat","embeddable":true,"href":"https:\/\/letrame.com\/catalogo\/wp-json\/wp\/v2\/product_cat?post=106308"},{"taxonomy":"product_tag","embeddable":true,"href":"https:\/\/letrame.com\/catalogo\/wp-json\/wp\/v2\/product_tag?post=106308"}],"curies":[{"name":"wp","href":"https:\/\/api.w.org\/{rel}","templated":true}]}}