{"id":106289,"date":"2024-09-11T13:25:30","date_gmt":"2024-09-11T11:25:30","guid":{"rendered":"https:\/\/letrame.com\/catalogo\/?post_type=product&#038;p=106289"},"modified":"2024-09-11T13:26:53","modified_gmt":"2024-09-11T11:26:53","slug":"106289","status":"publish","type":"product","link":"https:\/\/letrame.com\/catalogo\/producto\/106289\/","title":{"rendered":"Relatos de mi div\u00e1n"},"content":{"rendered":"<p class=\"p1\">ISBN:\u00a0978-84-1068-857-5<\/p>\n<p class=\"p1\">T\u00edtulo: Relatos de mi div\u00e1n<\/p>\n<p class=\"p1\">A\u00f1o: 2024<\/p>\n<p class=\"p1\">P\u00e1ginas:114<\/p>\n<p class=\"p1\">SINOPSIS<\/p>\n<p>Cuando vemos el mobiliario de una estancia nunca nos paramos a pensar en las historias que han visto, escuchado y vivido. Detr\u00e1s de cada sill\u00f3n, div\u00e1n, cama y silla hay historias emocionantes que no conocemos.<\/p>\n<p>Esta obra es una recopilaci\u00f3n de historias de la consulta de una psic\u00f3loga, algunas son una mezcla de varias historias reales, otras son consultas con un toque ficticio para salvaguardar la confidencialidad de los pacientes, pero todas ellas est\u00e1n llenas de emociones, historias y l\u00e1grimas, donde el lector se adentrar\u00e1 en lo m\u00e1s profundo de la mente de estos pacientes y ser\u00e1 parte de su evoluci\u00f3n.<\/p>\n<p>El div\u00e1n de la consulta de Ana es quien relata cada una de las historias para visibilizar y normalizar la salud mental, exponiendo aquellos signos de alarma y herramientas para afrontar diferentes problem\u00e1ticas (TEA, TDAH, depresi\u00f3n, suicidio, acoso escolar&#8230;).<\/p>\n<p>Acompa\u00f1a a Ana y su div\u00e1n hacia lo m\u00e1s profundo del alma de sus pacientes, te prometo que el viaje merecer\u00e1 la pena.<\/p>\n","protected":false},"excerpt":{"rendered":"<p class=\"p1\">ISBN:\u00a0978-84-1068-857-5<\/p>\n<p class=\"p1\">SINOPSIS<\/p>\n<p>Cuando vemos el mobiliario de una estancia nunca nos paramos a pensar en las historias que han visto, escuchado y vivido. Detr\u00e1s de cada sill\u00f3n, div\u00e1n, cama y silla hay historias emocionantes que no conocemos.<\/p>\n<p>Esta obra es una recopilaci\u00f3n de historias de la consulta de una psic\u00f3loga, algunas son una mezcla de varias historias reales, otras son consultas con un toque ficticio para salvaguardar la confidencialidad de los pacientes, pero todas ellas est\u00e1n llenas de emociones, historias y l\u00e1grimas, donde el lector se adentrar\u00e1 en lo m\u00e1s profundo de la mente de estos pacientes y ser\u00e1 parte de su evoluci\u00f3n.<\/p>\n<p>El div\u00e1n de la consulta de Ana es quien relata cada una de las historias para visibilizar y normalizar la salud mental, exponiendo aquellos signos de alarma y herramientas para afrontar diferentes problem\u00e1ticas (TEA, TDAH, depresi\u00f3n, suicidio, acoso escolar&#8230;).<\/p>\n<p>Acompa\u00f1a a Ana y su div\u00e1n hacia lo m\u00e1s profundo del alma de sus pacientes, te prometo que el viaje merecer\u00e1 la pena.<\/p>\n","protected":false},"featured_media":106293,"comment_status":"open","ping_status":"closed","template":"","meta":{"_acf_changed":false},"libro":[],"product_brand":[],"product_cat":[124],"product_tag":[],"class_list":{"0":"post-106289","1":"product","2":"type-product","3":"status-publish","4":"has-post-thumbnail","6":"product_cat-psicologia","8":"first","9":"instock","10":"shipping-taxable","11":"product-type-simple"},"acf":{"autor":[106290],"enlace_de_compra":"https:\/\/amzn.to\/3TnQYOO"},"yoast_head":"<!-- This site is optimized with the Yoast SEO plugin v26.6 - https:\/\/yoast.com\/wordpress\/plugins\/seo\/ -->\n<title>Relatos de mi div\u00e1n - Catalogo | Letrame Grupo Editorial<\/title>\n<meta name=\"robots\" content=\"index, follow, max-snippet:-1, max-image-preview:large, max-video-preview:-1\" \/>\n<link rel=\"canonical\" href=\"https:\/\/letrame.com\/catalogo\/producto\/106289\/\" \/>\n<meta property=\"og:locale\" content=\"es_ES\" \/>\n<meta property=\"og:type\" content=\"article\" \/>\n<meta property=\"og:title\" content=\"Relatos de mi div\u00e1n - Catalogo | Letrame Grupo Editorial\" \/>\n<meta property=\"og:description\" content=\"ISBN:\u00a0978-84-1068-857-5 SINOPSIS Cuando vemos el mobiliario de una estancia nunca nos paramos a pensar en las historias que han visto, escuchado y vivido. Detr\u00e1s de cada sill\u00f3n, div\u00e1n, cama y silla hay historias emocionantes que no conocemos.  Esta obra es una recopilaci\u00f3n de historias de la consulta de una psic\u00f3loga, algunas son una mezcla de varias historias reales, otras son consultas con un toque ficticio para salvaguardar la confidencialidad de los pacientes, pero todas ellas est\u00e1n llenas de emociones, historias y l\u00e1grimas, donde el lector se adentrar\u00e1 en lo m\u00e1s profundo de la mente de estos pacientes y ser\u00e1 parte de su evoluci\u00f3n.  El div\u00e1n de la consulta de Ana es quien relata cada una de las historias para visibilizar y normalizar la salud mental, exponiendo aquellos signos de alarma y herramientas para afrontar diferentes problem\u00e1ticas (TEA, TDAH, depresi\u00f3n, suicidio, acoso escolar...).  Acompa\u00f1a a Ana y su div\u00e1n hacia lo m\u00e1s profundo del alma de sus pacientes, te prometo que el viaje merecer\u00e1 la pena.\" \/>\n<meta property=\"og:url\" content=\"https:\/\/letrame.com\/catalogo\/producto\/106289\/\" \/>\n<meta property=\"og:site_name\" content=\"Catalogo | Letrame Grupo Editorial\" \/>\n<meta property=\"article:modified_time\" content=\"2024-09-11T11:26:53+00:00\" \/>\n<meta property=\"og:image\" content=\"https:\/\/letrame.com\/catalogo\/wp-content\/uploads\/2024\/09\/relatosdesdemidivan_633mmv44-compressed-scaled.jpg\" \/>\n\t<meta property=\"og:image:width\" content=\"1746\" \/>\n\t<meta property=\"og:image:height\" content=\"2560\" \/>\n\t<meta property=\"og:image:type\" content=\"image\/jpeg\" \/>\n<meta name=\"twitter:card\" content=\"summary_large_image\" \/>\n<meta name=\"twitter:label1\" content=\"Tiempo de lectura\" \/>\n\t<meta name=\"twitter:data1\" content=\"1 minuto\" \/>\n<script type=\"application\/ld+json\" class=\"yoast-schema-graph\">{\"@context\":\"https:\/\/schema.org\",\"@graph\":[{\"@type\":\"WebPage\",\"@id\":\"https:\/\/letrame.com\/catalogo\/producto\/106289\/\",\"url\":\"https:\/\/letrame.com\/catalogo\/producto\/106289\/\",\"name\":\"Relatos de mi div\u00e1n - Catalogo | Letrame Grupo Editorial\",\"isPartOf\":{\"@id\":\"https:\/\/letrame.com\/catalogo\/#website\"},\"primaryImageOfPage\":{\"@id\":\"https:\/\/letrame.com\/catalogo\/producto\/106289\/#primaryimage\"},\"image\":{\"@id\":\"https:\/\/letrame.com\/catalogo\/producto\/106289\/#primaryimage\"},\"thumbnailUrl\":\"https:\/\/letrame.com\/catalogo\/wp-content\/uploads\/2024\/09\/relatosdesdemidivan_633mmv44-compressed-scaled.jpg\",\"datePublished\":\"2024-09-11T11:25:30+00:00\",\"dateModified\":\"2024-09-11T11:26:53+00:00\",\"breadcrumb\":{\"@id\":\"https:\/\/letrame.com\/catalogo\/producto\/106289\/#breadcrumb\"},\"inLanguage\":\"es\",\"potentialAction\":[{\"@type\":\"ReadAction\",\"target\":[\"https:\/\/letrame.com\/catalogo\/producto\/106289\/\"]}]},{\"@type\":\"ImageObject\",\"inLanguage\":\"es\",\"@id\":\"https:\/\/letrame.com\/catalogo\/producto\/106289\/#primaryimage\",\"url\":\"https:\/\/letrame.com\/catalogo\/wp-content\/uploads\/2024\/09\/relatosdesdemidivan_633mmv44-compressed-scaled.jpg\",\"contentUrl\":\"https:\/\/letrame.com\/catalogo\/wp-content\/uploads\/2024\/09\/relatosdesdemidivan_633mmv44-compressed-scaled.jpg\",\"width\":1746,\"height\":2560},{\"@type\":\"BreadcrumbList\",\"@id\":\"https:\/\/letrame.com\/catalogo\/producto\/106289\/#breadcrumb\",\"itemListElement\":[{\"@type\":\"ListItem\",\"position\":1,\"name\":\"Portada\",\"item\":\"https:\/\/letrame.com\/catalogo\/\"},{\"@type\":\"ListItem\",\"position\":2,\"name\":\"Cat\u00e1logo\",\"item\":\"https:\/\/letrame.com\/catalogo\/\"},{\"@type\":\"ListItem\",\"position\":3,\"name\":\"Relatos de mi div\u00e1n\"}]},{\"@type\":\"WebSite\",\"@id\":\"https:\/\/letrame.com\/catalogo\/#website\",\"url\":\"https:\/\/letrame.com\/catalogo\/\",\"name\":\"Catalogo | Letrame Grupo Editorial\",\"description\":\"\",\"publisher\":{\"@id\":\"https:\/\/letrame.com\/catalogo\/#organization\"},\"potentialAction\":[{\"@type\":\"SearchAction\",\"target\":{\"@type\":\"EntryPoint\",\"urlTemplate\":\"https:\/\/letrame.com\/catalogo\/?s={search_term_string}\"},\"query-input\":{\"@type\":\"PropertyValueSpecification\",\"valueRequired\":true,\"valueName\":\"search_term_string\"}}],\"inLanguage\":\"es\"},{\"@type\":\"Organization\",\"@id\":\"https:\/\/letrame.com\/catalogo\/#organization\",\"name\":\"Catalogo | Letrame Grupo Editorial\",\"url\":\"https:\/\/letrame.com\/catalogo\/\",\"logo\":{\"@type\":\"ImageObject\",\"inLanguage\":\"es\",\"@id\":\"https:\/\/letrame.com\/catalogo\/#\/schema\/logo\/image\/\",\"url\":\"https:\/\/letrame.com\/catalogo\/wp-content\/uploads\/2024\/03\/logo2.webp\",\"contentUrl\":\"https:\/\/letrame.com\/catalogo\/wp-content\/uploads\/2024\/03\/logo2.webp\",\"width\":394,\"height\":128,\"caption\":\"Catalogo | Letrame Grupo Editorial\"},\"image\":{\"@id\":\"https:\/\/letrame.com\/catalogo\/#\/schema\/logo\/image\/\"}}]}<\/script>\n<!-- \/ Yoast SEO plugin. -->","yoast_head_json":{"title":"Relatos de mi div\u00e1n - Catalogo | Letrame Grupo Editorial","robots":{"index":"index","follow":"follow","max-snippet":"max-snippet:-1","max-image-preview":"max-image-preview:large","max-video-preview":"max-video-preview:-1"},"canonical":"https:\/\/letrame.com\/catalogo\/producto\/106289\/","og_locale":"es_ES","og_type":"article","og_title":"Relatos de mi div\u00e1n - Catalogo | Letrame Grupo Editorial","og_description":"ISBN:\u00a0978-84-1068-857-5 SINOPSIS Cuando vemos el mobiliario de una estancia nunca nos paramos a pensar en las historias que han visto, escuchado y vivido. Detr\u00e1s de cada sill\u00f3n, div\u00e1n, cama y silla hay historias emocionantes que no conocemos.  Esta obra es una recopilaci\u00f3n de historias de la consulta de una psic\u00f3loga, algunas son una mezcla de varias historias reales, otras son consultas con un toque ficticio para salvaguardar la confidencialidad de los pacientes, pero todas ellas est\u00e1n llenas de emociones, historias y l\u00e1grimas, donde el lector se adentrar\u00e1 en lo m\u00e1s profundo de la mente de estos pacientes y ser\u00e1 parte de su evoluci\u00f3n.  El div\u00e1n de la consulta de Ana es quien relata cada una de las historias para visibilizar y normalizar la salud mental, exponiendo aquellos signos de alarma y herramientas para afrontar diferentes problem\u00e1ticas (TEA, TDAH, depresi\u00f3n, suicidio, acoso escolar...).  Acompa\u00f1a a Ana y su div\u00e1n hacia lo m\u00e1s profundo del alma de sus pacientes, te prometo que el viaje merecer\u00e1 la pena.","og_url":"https:\/\/letrame.com\/catalogo\/producto\/106289\/","og_site_name":"Catalogo | Letrame Grupo Editorial","article_modified_time":"2024-09-11T11:26:53+00:00","og_image":[{"width":1746,"height":2560,"url":"https:\/\/letrame.com\/catalogo\/wp-content\/uploads\/2024\/09\/relatosdesdemidivan_633mmv44-compressed-scaled.jpg","type":"image\/jpeg"}],"twitter_card":"summary_large_image","twitter_misc":{"Tiempo de lectura":"1 minuto"},"schema":{"@context":"https:\/\/schema.org","@graph":[{"@type":"WebPage","@id":"https:\/\/letrame.com\/catalogo\/producto\/106289\/","url":"https:\/\/letrame.com\/catalogo\/producto\/106289\/","name":"Relatos de mi div\u00e1n - Catalogo | Letrame Grupo Editorial","isPartOf":{"@id":"https:\/\/letrame.com\/catalogo\/#website"},"primaryImageOfPage":{"@id":"https:\/\/letrame.com\/catalogo\/producto\/106289\/#primaryimage"},"image":{"@id":"https:\/\/letrame.com\/catalogo\/producto\/106289\/#primaryimage"},"thumbnailUrl":"https:\/\/letrame.com\/catalogo\/wp-content\/uploads\/2024\/09\/relatosdesdemidivan_633mmv44-compressed-scaled.jpg","datePublished":"2024-09-11T11:25:30+00:00","dateModified":"2024-09-11T11:26:53+00:00","breadcrumb":{"@id":"https:\/\/letrame.com\/catalogo\/producto\/106289\/#breadcrumb"},"inLanguage":"es","potentialAction":[{"@type":"ReadAction","target":["https:\/\/letrame.com\/catalogo\/producto\/106289\/"]}]},{"@type":"ImageObject","inLanguage":"es","@id":"https:\/\/letrame.com\/catalogo\/producto\/106289\/#primaryimage","url":"https:\/\/letrame.com\/catalogo\/wp-content\/uploads\/2024\/09\/relatosdesdemidivan_633mmv44-compressed-scaled.jpg","contentUrl":"https:\/\/letrame.com\/catalogo\/wp-content\/uploads\/2024\/09\/relatosdesdemidivan_633mmv44-compressed-scaled.jpg","width":1746,"height":2560},{"@type":"BreadcrumbList","@id":"https:\/\/letrame.com\/catalogo\/producto\/106289\/#breadcrumb","itemListElement":[{"@type":"ListItem","position":1,"name":"Portada","item":"https:\/\/letrame.com\/catalogo\/"},{"@type":"ListItem","position":2,"name":"Cat\u00e1logo","item":"https:\/\/letrame.com\/catalogo\/"},{"@type":"ListItem","position":3,"name":"Relatos de mi div\u00e1n"}]},{"@type":"WebSite","@id":"https:\/\/letrame.com\/catalogo\/#website","url":"https:\/\/letrame.com\/catalogo\/","name":"Catalogo | Letrame Grupo Editorial","description":"","publisher":{"@id":"https:\/\/letrame.com\/catalogo\/#organization"},"potentialAction":[{"@type":"SearchAction","target":{"@type":"EntryPoint","urlTemplate":"https:\/\/letrame.com\/catalogo\/?s={search_term_string}"},"query-input":{"@type":"PropertyValueSpecification","valueRequired":true,"valueName":"search_term_string"}}],"inLanguage":"es"},{"@type":"Organization","@id":"https:\/\/letrame.com\/catalogo\/#organization","name":"Catalogo | Letrame Grupo Editorial","url":"https:\/\/letrame.com\/catalogo\/","logo":{"@type":"ImageObject","inLanguage":"es","@id":"https:\/\/letrame.com\/catalogo\/#\/schema\/logo\/image\/","url":"https:\/\/letrame.com\/catalogo\/wp-content\/uploads\/2024\/03\/logo2.webp","contentUrl":"https:\/\/letrame.com\/catalogo\/wp-content\/uploads\/2024\/03\/logo2.webp","width":394,"height":128,"caption":"Catalogo | Letrame Grupo Editorial"},"image":{"@id":"https:\/\/letrame.com\/catalogo\/#\/schema\/logo\/image\/"}}]}},"_links":{"self":[{"href":"https:\/\/letrame.com\/catalogo\/wp-json\/wp\/v2\/product\/106289","targetHints":{"allow":["GET"]}}],"collection":[{"href":"https:\/\/letrame.com\/catalogo\/wp-json\/wp\/v2\/product"}],"about":[{"href":"https:\/\/letrame.com\/catalogo\/wp-json\/wp\/v2\/types\/product"}],"replies":[{"embeddable":true,"href":"https:\/\/letrame.com\/catalogo\/wp-json\/wp\/v2\/comments?post=106289"}],"acf:post":[{"embeddable":true,"href":"https:\/\/letrame.com\/catalogo\/wp-json\/wp\/v2\/author_book\/106290"}],"wp:featuredmedia":[{"embeddable":true,"href":"https:\/\/letrame.com\/catalogo\/wp-json\/wp\/v2\/media\/106293"}],"wp:attachment":[{"href":"https:\/\/letrame.com\/catalogo\/wp-json\/wp\/v2\/media?parent=106289"}],"wp:term":[{"taxonomy":"libro","embeddable":true,"href":"https:\/\/letrame.com\/catalogo\/wp-json\/wp\/v2\/libro?post=106289"},{"taxonomy":"product_brand","embeddable":true,"href":"https:\/\/letrame.com\/catalogo\/wp-json\/wp\/v2\/product_brand?post=106289"},{"taxonomy":"product_cat","embeddable":true,"href":"https:\/\/letrame.com\/catalogo\/wp-json\/wp\/v2\/product_cat?post=106289"},{"taxonomy":"product_tag","embeddable":true,"href":"https:\/\/letrame.com\/catalogo\/wp-json\/wp\/v2\/product_tag?post=106289"}],"curies":[{"name":"wp","href":"https:\/\/api.w.org\/{rel}","templated":true}]}}