{"id":106283,"date":"2024-09-10T16:24:06","date_gmt":"2024-09-10T14:24:06","guid":{"rendered":"https:\/\/letrame.com\/catalogo\/?post_type=product&#038;p=106283"},"modified":"2024-09-10T16:24:06","modified_gmt":"2024-09-10T14:24:06","slug":"el-jarama-prosopopeya-de-un-rio-o-alusion-metaforica-del-franquismo-literatura-semiotica-y-hermeneutica","status":"publish","type":"product","link":"https:\/\/letrame.com\/catalogo\/producto\/el-jarama-prosopopeya-de-un-rio-o-alusion-metaforica-del-franquismo-literatura-semiotica-y-hermeneutica\/","title":{"rendered":"El Jarama. \u00bfProsopopeya de un r\u00edo o alusi\u00f3n metaf\u00f3rica del franquismo? Literatura, semi\u00f3tica y hermen\u00e9utica"},"content":{"rendered":"<p class=\"p1\">ISBN:\u00a0978-84-1068-412-6<\/p>\n<p class=\"p1\">T\u00edtulo: El Jarama. \u00bfProsopopeya de un r\u00edo o alusi\u00f3n metaf\u00f3rica del franquismo? Literatura, semi\u00f3tica y hermen\u00e9utica<\/p>\n<p class=\"p1\">A\u00f1o: 2024<\/p>\n<p class=\"p1\">P\u00e1ginas: 296<\/p>\n<p class=\"p1\">SINOPSIS<\/p>\n<p>Esta obra se propone \u00abencontrar un procedimiento de investigaci\u00f3n literaria a tono con una cr\u00edtica integradora, pluralista, comprensiva y buscadora de sentidos para aplicarlo a una novela que por su lenguaje, actitud y configuraci\u00f3n simb\u00f3lica exige un tratamiento muy particular\u00bb: <em>El Jarama<\/em>, del Premio Cervantes de Literatura Rafael S\u00e1nchez Ferlosio, digno representante de la generaci\u00f3n del medio siglo o los ni\u00f1os de la guerra.<\/p>\n<p>En tal sentido, el autor nos ofrece una visi\u00f3n panor\u00e1mica del desarrollo de la literatura espa\u00f1ola en el contexto de la dictadura franquista destacando la actividad de los j\u00f3venes novelistas de la generaci\u00f3n del medio siglo. Asimismo, partiendo del m\u00e9todo sist\u00e9mico integral propuesto por B\u00f3rev y tras la argumentaci\u00f3n de la necesidad de un acercamiento semiohermen\u00e9utico para acometer el an\u00e1lisis del discurso narrativo literario, presenta una lectura o reescritura de la novela objeto de estudio que, de seguro, ofrecer\u00e1 al lector una nueva experiencia enriquecedora del goce est\u00e9tico en su contacto con la novela a trav\u00e9s de la siguiente propuesta:<\/p>\n<p><em>El Jarama<\/em>, m\u00e1s que la referencia a un r\u00edo de Espa\u00f1a, constituye una alusi\u00f3n metaf\u00f3rica (simb\u00f3lica) a la historia de este pa\u00eds. En consecuencia, ese \u00abr\u00edo\u00bb que se alude deviene en prosopopeya del franquismo como per\u00edodo hist\u00f3rico concreto que cambia los destinos de la naci\u00f3n.<\/p>\n<p>Para demostrar esta hip\u00f3tesis de trabajo, el autor avanza tras las huellas de varias isotop\u00edas o direcciones de lectura que concurren en el texto a trav\u00e9s de la decodificaci\u00f3n del sentido supuestamente oculto.<\/p>\n<p>Esta labor ha sido posible procediendo regresivamente (desde el texto al enunciado) y a trav\u00e9s de la adopci\u00f3n de la \u00f3ptica vertical que enlaza la superficie del texto con las \u00abestructuras profundas\u00bb; y estableciendo las relaciones entre el texto y su contexto, entre lo sintagm\u00e1tico y lo paradigm\u00e1tico. El resultado es la propuesta de una interpretaci\u00f3n que garantiza la eficacia del an\u00e1lisis textual del discurso narrativo literario de gran extensi\u00f3n.<\/p>\n<p>&nbsp;<\/p>\n","protected":false},"excerpt":{"rendered":"<p class=\"p1\">ISBN:\u00a0978-84-1068-412-6<\/p>\n<p class=\"p1\">SINOPSIS<\/p>\n<p>Esta obra se propone \u00abencontrar un procedimiento de investigaci\u00f3n literaria a tono con una cr\u00edtica integradora, pluralista, comprensiva y buscadora de sentidos para aplicarlo a una novela que por su lenguaje, actitud y configuraci\u00f3n simb\u00f3lica exige un tratamiento muy particular\u00bb: <em>El Jarama<\/em>, del Premio Cervantes de Literatura Rafael S\u00e1nchez Ferlosio, digno representante de la generaci\u00f3n del medio siglo o los ni\u00f1os de la guerra.<\/p>\n<p>En tal sentido, el autor nos ofrece una visi\u00f3n panor\u00e1mica del desarrollo de la literatura espa\u00f1ola en el contexto de la dictadura franquista destacando la actividad de los j\u00f3venes novelistas de la generaci\u00f3n del medio siglo. Asimismo, partiendo del m\u00e9todo sist\u00e9mico integral propuesto por B\u00f3rev y tras la argumentaci\u00f3n de la necesidad de un acercamiento semiohermen\u00e9utico para acometer el an\u00e1lisis del discurso narrativo literario, presenta una lectura o reescritura de la novela objeto de estudio que, de seguro, ofrecer\u00e1 al lector una nueva experiencia enriquecedora del goce est\u00e9tico en su contacto con la novela a trav\u00e9s de la siguiente propuesta:<\/p>\n<p><em>El Jarama<\/em>, m\u00e1s que la referencia a un r\u00edo de Espa\u00f1a, constituye una alusi\u00f3n metaf\u00f3rica (simb\u00f3lica) a la historia de este pa\u00eds. En consecuencia, ese \u00abr\u00edo\u00bb que se alude deviene en prosopopeya del franquismo como per\u00edodo hist\u00f3rico concreto que cambia los destinos de la naci\u00f3n.<\/p>\n<p>Para demostrar esta hip\u00f3tesis de trabajo, el autor avanza tras las huellas de varias isotop\u00edas o direcciones de lectura que concurren en el texto a trav\u00e9s de la decodificaci\u00f3n del sentido supuestamente oculto.<\/p>\n<p>Esta labor ha sido posible procediendo regresivamente (desde el texto al enunciado) y a trav\u00e9s de la adopci\u00f3n de la \u00f3ptica vertical que enlaza la superficie del texto con las \u00abestructuras profundas\u00bb; y estableciendo las relaciones entre el texto y su contexto, entre lo sintagm\u00e1tico y lo paradigm\u00e1tico. El resultado es la propuesta de una interpretaci\u00f3n que garantiza la eficacia del an\u00e1lisis textual del discurso narrativo literario de gran extensi\u00f3n.<\/p>\n<p>&nbsp;<\/p>\n","protected":false},"featured_media":106286,"comment_status":"open","ping_status":"closed","template":"","meta":{"_acf_changed":false},"libro":[],"product_brand":[],"product_cat":[23],"product_tag":[],"class_list":{"0":"post-106283","1":"product","2":"type-product","3":"status-publish","4":"has-post-thumbnail","6":"product_cat-ensayos","8":"first","9":"instock","10":"shipping-taxable","11":"product-type-simple"},"acf":{"autor":[106282],"enlace_de_compra":"https:\/\/amzn.to\/4dYvHn2"},"yoast_head":"<!-- This site is optimized with the Yoast SEO plugin v26.6 - https:\/\/yoast.com\/wordpress\/plugins\/seo\/ -->\n<title>El Jarama. \u00bfProsopopeya de un r\u00edo o alusi\u00f3n metaf\u00f3rica del franquismo? Literatura, semi\u00f3tica y hermen\u00e9utica - Catalogo | Letrame Grupo Editorial<\/title>\n<meta name=\"robots\" content=\"index, follow, max-snippet:-1, max-image-preview:large, max-video-preview:-1\" \/>\n<link rel=\"canonical\" href=\"https:\/\/letrame.com\/catalogo\/producto\/el-jarama-prosopopeya-de-un-rio-o-alusion-metaforica-del-franquismo-literatura-semiotica-y-hermeneutica\/\" \/>\n<meta property=\"og:locale\" content=\"es_ES\" \/>\n<meta property=\"og:type\" content=\"article\" \/>\n<meta property=\"og:title\" content=\"El Jarama. \u00bfProsopopeya de un r\u00edo o alusi\u00f3n metaf\u00f3rica del franquismo? Literatura, semi\u00f3tica y hermen\u00e9utica - Catalogo | Letrame Grupo Editorial\" \/>\n<meta property=\"og:description\" content=\"ISBN:\u00a0978-84-1068-412-6 SINOPSIS Esta obra se propone \u00abencontrar un procedimiento de investigaci\u00f3n literaria a tono con una cr\u00edtica integradora, pluralista, comprensiva y buscadora de sentidos para aplicarlo a una novela que por su lenguaje, actitud y configuraci\u00f3n simb\u00f3lica exige un tratamiento muy particular\u00bb: El Jarama, del Premio Cervantes de Literatura Rafael S\u00e1nchez Ferlosio, digno representante de la generaci\u00f3n del medio siglo o los ni\u00f1os de la guerra.  En tal sentido, el autor nos ofrece una visi\u00f3n panor\u00e1mica del desarrollo de la literatura espa\u00f1ola en el contexto de la dictadura franquista destacando la actividad de los j\u00f3venes novelistas de la generaci\u00f3n del medio siglo. Asimismo, partiendo del m\u00e9todo sist\u00e9mico integral propuesto por B\u00f3rev y tras la argumentaci\u00f3n de la necesidad de un acercamiento semiohermen\u00e9utico para acometer el an\u00e1lisis del discurso narrativo literario, presenta una lectura o reescritura de la novela objeto de estudio que, de seguro, ofrecer\u00e1 al lector una nueva experiencia enriquecedora del goce est\u00e9tico en su contacto con la novela a trav\u00e9s de la siguiente propuesta:  El Jarama, m\u00e1s que la referencia a un r\u00edo de Espa\u00f1a, constituye una alusi\u00f3n metaf\u00f3rica (simb\u00f3lica) a la historia de este pa\u00eds. En consecuencia, ese \u00abr\u00edo\u00bb que se alude deviene en prosopopeya del franquismo como per\u00edodo hist\u00f3rico concreto que cambia los destinos de la naci\u00f3n.  Para demostrar esta hip\u00f3tesis de trabajo, el autor avanza tras las huellas de varias isotop\u00edas o direcciones de lectura que concurren en el texto a trav\u00e9s de la decodificaci\u00f3n del sentido supuestamente oculto.  Esta labor ha sido posible procediendo regresivamente (desde el texto al enunciado) y a trav\u00e9s de la adopci\u00f3n de la \u00f3ptica vertical que enlaza la superficie del texto con las \u00abestructuras profundas\u00bb; y estableciendo las relaciones entre el texto y su contexto, entre lo sintagm\u00e1tico y lo paradigm\u00e1tico. El resultado es la propuesta de una interpretaci\u00f3n que garantiza la eficacia del an\u00e1lisis textual del discurso narrativo literario de gran extensi\u00f3n.  &nbsp;\" \/>\n<meta property=\"og:url\" content=\"https:\/\/letrame.com\/catalogo\/producto\/el-jarama-prosopopeya-de-un-rio-o-alusion-metaforica-del-franquismo-literatura-semiotica-y-hermeneutica\/\" \/>\n<meta property=\"og:site_name\" content=\"Catalogo | Letrame Grupo Editorial\" \/>\n<meta property=\"og:image\" content=\"https:\/\/letrame.com\/catalogo\/wp-content\/uploads\/2024\/09\/p_eljarama_161mm.jpg\" \/>\n\t<meta property=\"og:image:width\" content=\"650\" \/>\n\t<meta property=\"og:image:height\" content=\"953\" \/>\n\t<meta property=\"og:image:type\" content=\"image\/jpeg\" \/>\n<meta name=\"twitter:card\" content=\"summary_large_image\" \/>\n<meta name=\"twitter:label1\" content=\"Tiempo de lectura\" \/>\n\t<meta name=\"twitter:data1\" content=\"2 minutos\" \/>\n<script type=\"application\/ld+json\" class=\"yoast-schema-graph\">{\"@context\":\"https:\/\/schema.org\",\"@graph\":[{\"@type\":\"WebPage\",\"@id\":\"https:\/\/letrame.com\/catalogo\/producto\/el-jarama-prosopopeya-de-un-rio-o-alusion-metaforica-del-franquismo-literatura-semiotica-y-hermeneutica\/\",\"url\":\"https:\/\/letrame.com\/catalogo\/producto\/el-jarama-prosopopeya-de-un-rio-o-alusion-metaforica-del-franquismo-literatura-semiotica-y-hermeneutica\/\",\"name\":\"El Jarama. \u00bfProsopopeya de un r\u00edo o alusi\u00f3n metaf\u00f3rica del franquismo? Literatura, semi\u00f3tica y hermen\u00e9utica - Catalogo | Letrame Grupo Editorial\",\"isPartOf\":{\"@id\":\"https:\/\/letrame.com\/catalogo\/#website\"},\"primaryImageOfPage\":{\"@id\":\"https:\/\/letrame.com\/catalogo\/producto\/el-jarama-prosopopeya-de-un-rio-o-alusion-metaforica-del-franquismo-literatura-semiotica-y-hermeneutica\/#primaryimage\"},\"image\":{\"@id\":\"https:\/\/letrame.com\/catalogo\/producto\/el-jarama-prosopopeya-de-un-rio-o-alusion-metaforica-del-franquismo-literatura-semiotica-y-hermeneutica\/#primaryimage\"},\"thumbnailUrl\":\"https:\/\/letrame.com\/catalogo\/wp-content\/uploads\/2024\/09\/p_eljarama_161mm.jpg\",\"datePublished\":\"2024-09-10T14:24:06+00:00\",\"breadcrumb\":{\"@id\":\"https:\/\/letrame.com\/catalogo\/producto\/el-jarama-prosopopeya-de-un-rio-o-alusion-metaforica-del-franquismo-literatura-semiotica-y-hermeneutica\/#breadcrumb\"},\"inLanguage\":\"es\",\"potentialAction\":[{\"@type\":\"ReadAction\",\"target\":[\"https:\/\/letrame.com\/catalogo\/producto\/el-jarama-prosopopeya-de-un-rio-o-alusion-metaforica-del-franquismo-literatura-semiotica-y-hermeneutica\/\"]}]},{\"@type\":\"ImageObject\",\"inLanguage\":\"es\",\"@id\":\"https:\/\/letrame.com\/catalogo\/producto\/el-jarama-prosopopeya-de-un-rio-o-alusion-metaforica-del-franquismo-literatura-semiotica-y-hermeneutica\/#primaryimage\",\"url\":\"https:\/\/letrame.com\/catalogo\/wp-content\/uploads\/2024\/09\/p_eljarama_161mm.jpg\",\"contentUrl\":\"https:\/\/letrame.com\/catalogo\/wp-content\/uploads\/2024\/09\/p_eljarama_161mm.jpg\",\"width\":650,\"height\":953},{\"@type\":\"BreadcrumbList\",\"@id\":\"https:\/\/letrame.com\/catalogo\/producto\/el-jarama-prosopopeya-de-un-rio-o-alusion-metaforica-del-franquismo-literatura-semiotica-y-hermeneutica\/#breadcrumb\",\"itemListElement\":[{\"@type\":\"ListItem\",\"position\":1,\"name\":\"Portada\",\"item\":\"https:\/\/letrame.com\/catalogo\/\"},{\"@type\":\"ListItem\",\"position\":2,\"name\":\"Cat\u00e1logo\",\"item\":\"https:\/\/letrame.com\/catalogo\/\"},{\"@type\":\"ListItem\",\"position\":3,\"name\":\"El Jarama. \u00bfProsopopeya de un r\u00edo o alusi\u00f3n metaf\u00f3rica del franquismo? Literatura, semi\u00f3tica y hermen\u00e9utica\"}]},{\"@type\":\"WebSite\",\"@id\":\"https:\/\/letrame.com\/catalogo\/#website\",\"url\":\"https:\/\/letrame.com\/catalogo\/\",\"name\":\"Catalogo | Letrame Grupo Editorial\",\"description\":\"\",\"publisher\":{\"@id\":\"https:\/\/letrame.com\/catalogo\/#organization\"},\"potentialAction\":[{\"@type\":\"SearchAction\",\"target\":{\"@type\":\"EntryPoint\",\"urlTemplate\":\"https:\/\/letrame.com\/catalogo\/?s={search_term_string}\"},\"query-input\":{\"@type\":\"PropertyValueSpecification\",\"valueRequired\":true,\"valueName\":\"search_term_string\"}}],\"inLanguage\":\"es\"},{\"@type\":\"Organization\",\"@id\":\"https:\/\/letrame.com\/catalogo\/#organization\",\"name\":\"Catalogo | Letrame Grupo Editorial\",\"url\":\"https:\/\/letrame.com\/catalogo\/\",\"logo\":{\"@type\":\"ImageObject\",\"inLanguage\":\"es\",\"@id\":\"https:\/\/letrame.com\/catalogo\/#\/schema\/logo\/image\/\",\"url\":\"https:\/\/letrame.com\/catalogo\/wp-content\/uploads\/2024\/03\/logo2.webp\",\"contentUrl\":\"https:\/\/letrame.com\/catalogo\/wp-content\/uploads\/2024\/03\/logo2.webp\",\"width\":394,\"height\":128,\"caption\":\"Catalogo | Letrame Grupo Editorial\"},\"image\":{\"@id\":\"https:\/\/letrame.com\/catalogo\/#\/schema\/logo\/image\/\"}}]}<\/script>\n<!-- \/ Yoast SEO plugin. -->","yoast_head_json":{"title":"El Jarama. \u00bfProsopopeya de un r\u00edo o alusi\u00f3n metaf\u00f3rica del franquismo? Literatura, semi\u00f3tica y hermen\u00e9utica - Catalogo | Letrame Grupo Editorial","robots":{"index":"index","follow":"follow","max-snippet":"max-snippet:-1","max-image-preview":"max-image-preview:large","max-video-preview":"max-video-preview:-1"},"canonical":"https:\/\/letrame.com\/catalogo\/producto\/el-jarama-prosopopeya-de-un-rio-o-alusion-metaforica-del-franquismo-literatura-semiotica-y-hermeneutica\/","og_locale":"es_ES","og_type":"article","og_title":"El Jarama. \u00bfProsopopeya de un r\u00edo o alusi\u00f3n metaf\u00f3rica del franquismo? Literatura, semi\u00f3tica y hermen\u00e9utica - Catalogo | Letrame Grupo Editorial","og_description":"ISBN:\u00a0978-84-1068-412-6 SINOPSIS Esta obra se propone \u00abencontrar un procedimiento de investigaci\u00f3n literaria a tono con una cr\u00edtica integradora, pluralista, comprensiva y buscadora de sentidos para aplicarlo a una novela que por su lenguaje, actitud y configuraci\u00f3n simb\u00f3lica exige un tratamiento muy particular\u00bb: El Jarama, del Premio Cervantes de Literatura Rafael S\u00e1nchez Ferlosio, digno representante de la generaci\u00f3n del medio siglo o los ni\u00f1os de la guerra.  En tal sentido, el autor nos ofrece una visi\u00f3n panor\u00e1mica del desarrollo de la literatura espa\u00f1ola en el contexto de la dictadura franquista destacando la actividad de los j\u00f3venes novelistas de la generaci\u00f3n del medio siglo. Asimismo, partiendo del m\u00e9todo sist\u00e9mico integral propuesto por B\u00f3rev y tras la argumentaci\u00f3n de la necesidad de un acercamiento semiohermen\u00e9utico para acometer el an\u00e1lisis del discurso narrativo literario, presenta una lectura o reescritura de la novela objeto de estudio que, de seguro, ofrecer\u00e1 al lector una nueva experiencia enriquecedora del goce est\u00e9tico en su contacto con la novela a trav\u00e9s de la siguiente propuesta:  El Jarama, m\u00e1s que la referencia a un r\u00edo de Espa\u00f1a, constituye una alusi\u00f3n metaf\u00f3rica (simb\u00f3lica) a la historia de este pa\u00eds. En consecuencia, ese \u00abr\u00edo\u00bb que se alude deviene en prosopopeya del franquismo como per\u00edodo hist\u00f3rico concreto que cambia los destinos de la naci\u00f3n.  Para demostrar esta hip\u00f3tesis de trabajo, el autor avanza tras las huellas de varias isotop\u00edas o direcciones de lectura que concurren en el texto a trav\u00e9s de la decodificaci\u00f3n del sentido supuestamente oculto.  Esta labor ha sido posible procediendo regresivamente (desde el texto al enunciado) y a trav\u00e9s de la adopci\u00f3n de la \u00f3ptica vertical que enlaza la superficie del texto con las \u00abestructuras profundas\u00bb; y estableciendo las relaciones entre el texto y su contexto, entre lo sintagm\u00e1tico y lo paradigm\u00e1tico. El resultado es la propuesta de una interpretaci\u00f3n que garantiza la eficacia del an\u00e1lisis textual del discurso narrativo literario de gran extensi\u00f3n.  &nbsp;","og_url":"https:\/\/letrame.com\/catalogo\/producto\/el-jarama-prosopopeya-de-un-rio-o-alusion-metaforica-del-franquismo-literatura-semiotica-y-hermeneutica\/","og_site_name":"Catalogo | Letrame Grupo Editorial","og_image":[{"width":650,"height":953,"url":"https:\/\/letrame.com\/catalogo\/wp-content\/uploads\/2024\/09\/p_eljarama_161mm.jpg","type":"image\/jpeg"}],"twitter_card":"summary_large_image","twitter_misc":{"Tiempo de lectura":"2 minutos"},"schema":{"@context":"https:\/\/schema.org","@graph":[{"@type":"WebPage","@id":"https:\/\/letrame.com\/catalogo\/producto\/el-jarama-prosopopeya-de-un-rio-o-alusion-metaforica-del-franquismo-literatura-semiotica-y-hermeneutica\/","url":"https:\/\/letrame.com\/catalogo\/producto\/el-jarama-prosopopeya-de-un-rio-o-alusion-metaforica-del-franquismo-literatura-semiotica-y-hermeneutica\/","name":"El Jarama. \u00bfProsopopeya de un r\u00edo o alusi\u00f3n metaf\u00f3rica del franquismo? Literatura, semi\u00f3tica y hermen\u00e9utica - Catalogo | Letrame Grupo Editorial","isPartOf":{"@id":"https:\/\/letrame.com\/catalogo\/#website"},"primaryImageOfPage":{"@id":"https:\/\/letrame.com\/catalogo\/producto\/el-jarama-prosopopeya-de-un-rio-o-alusion-metaforica-del-franquismo-literatura-semiotica-y-hermeneutica\/#primaryimage"},"image":{"@id":"https:\/\/letrame.com\/catalogo\/producto\/el-jarama-prosopopeya-de-un-rio-o-alusion-metaforica-del-franquismo-literatura-semiotica-y-hermeneutica\/#primaryimage"},"thumbnailUrl":"https:\/\/letrame.com\/catalogo\/wp-content\/uploads\/2024\/09\/p_eljarama_161mm.jpg","datePublished":"2024-09-10T14:24:06+00:00","breadcrumb":{"@id":"https:\/\/letrame.com\/catalogo\/producto\/el-jarama-prosopopeya-de-un-rio-o-alusion-metaforica-del-franquismo-literatura-semiotica-y-hermeneutica\/#breadcrumb"},"inLanguage":"es","potentialAction":[{"@type":"ReadAction","target":["https:\/\/letrame.com\/catalogo\/producto\/el-jarama-prosopopeya-de-un-rio-o-alusion-metaforica-del-franquismo-literatura-semiotica-y-hermeneutica\/"]}]},{"@type":"ImageObject","inLanguage":"es","@id":"https:\/\/letrame.com\/catalogo\/producto\/el-jarama-prosopopeya-de-un-rio-o-alusion-metaforica-del-franquismo-literatura-semiotica-y-hermeneutica\/#primaryimage","url":"https:\/\/letrame.com\/catalogo\/wp-content\/uploads\/2024\/09\/p_eljarama_161mm.jpg","contentUrl":"https:\/\/letrame.com\/catalogo\/wp-content\/uploads\/2024\/09\/p_eljarama_161mm.jpg","width":650,"height":953},{"@type":"BreadcrumbList","@id":"https:\/\/letrame.com\/catalogo\/producto\/el-jarama-prosopopeya-de-un-rio-o-alusion-metaforica-del-franquismo-literatura-semiotica-y-hermeneutica\/#breadcrumb","itemListElement":[{"@type":"ListItem","position":1,"name":"Portada","item":"https:\/\/letrame.com\/catalogo\/"},{"@type":"ListItem","position":2,"name":"Cat\u00e1logo","item":"https:\/\/letrame.com\/catalogo\/"},{"@type":"ListItem","position":3,"name":"El Jarama. \u00bfProsopopeya de un r\u00edo o alusi\u00f3n metaf\u00f3rica del franquismo? Literatura, semi\u00f3tica y hermen\u00e9utica"}]},{"@type":"WebSite","@id":"https:\/\/letrame.com\/catalogo\/#website","url":"https:\/\/letrame.com\/catalogo\/","name":"Catalogo | Letrame Grupo Editorial","description":"","publisher":{"@id":"https:\/\/letrame.com\/catalogo\/#organization"},"potentialAction":[{"@type":"SearchAction","target":{"@type":"EntryPoint","urlTemplate":"https:\/\/letrame.com\/catalogo\/?s={search_term_string}"},"query-input":{"@type":"PropertyValueSpecification","valueRequired":true,"valueName":"search_term_string"}}],"inLanguage":"es"},{"@type":"Organization","@id":"https:\/\/letrame.com\/catalogo\/#organization","name":"Catalogo | Letrame Grupo Editorial","url":"https:\/\/letrame.com\/catalogo\/","logo":{"@type":"ImageObject","inLanguage":"es","@id":"https:\/\/letrame.com\/catalogo\/#\/schema\/logo\/image\/","url":"https:\/\/letrame.com\/catalogo\/wp-content\/uploads\/2024\/03\/logo2.webp","contentUrl":"https:\/\/letrame.com\/catalogo\/wp-content\/uploads\/2024\/03\/logo2.webp","width":394,"height":128,"caption":"Catalogo | Letrame Grupo Editorial"},"image":{"@id":"https:\/\/letrame.com\/catalogo\/#\/schema\/logo\/image\/"}}]}},"_links":{"self":[{"href":"https:\/\/letrame.com\/catalogo\/wp-json\/wp\/v2\/product\/106283","targetHints":{"allow":["GET"]}}],"collection":[{"href":"https:\/\/letrame.com\/catalogo\/wp-json\/wp\/v2\/product"}],"about":[{"href":"https:\/\/letrame.com\/catalogo\/wp-json\/wp\/v2\/types\/product"}],"replies":[{"embeddable":true,"href":"https:\/\/letrame.com\/catalogo\/wp-json\/wp\/v2\/comments?post=106283"}],"acf:post":[{"embeddable":true,"href":"https:\/\/letrame.com\/catalogo\/wp-json\/wp\/v2\/author_book\/106282"}],"wp:featuredmedia":[{"embeddable":true,"href":"https:\/\/letrame.com\/catalogo\/wp-json\/wp\/v2\/media\/106286"}],"wp:attachment":[{"href":"https:\/\/letrame.com\/catalogo\/wp-json\/wp\/v2\/media?parent=106283"}],"wp:term":[{"taxonomy":"libro","embeddable":true,"href":"https:\/\/letrame.com\/catalogo\/wp-json\/wp\/v2\/libro?post=106283"},{"taxonomy":"product_brand","embeddable":true,"href":"https:\/\/letrame.com\/catalogo\/wp-json\/wp\/v2\/product_brand?post=106283"},{"taxonomy":"product_cat","embeddable":true,"href":"https:\/\/letrame.com\/catalogo\/wp-json\/wp\/v2\/product_cat?post=106283"},{"taxonomy":"product_tag","embeddable":true,"href":"https:\/\/letrame.com\/catalogo\/wp-json\/wp\/v2\/product_tag?post=106283"}],"curies":[{"name":"wp","href":"https:\/\/api.w.org\/{rel}","templated":true}]}}