{"id":106277,"date":"2024-09-10T16:16:47","date_gmt":"2024-09-10T14:16:47","guid":{"rendered":"https:\/\/letrame.com\/catalogo\/?post_type=product&#038;p=106277"},"modified":"2024-09-10T16:16:47","modified_gmt":"2024-09-10T14:16:47","slug":"transforma-tu-fisico","status":"publish","type":"product","link":"https:\/\/letrame.com\/catalogo\/producto\/transforma-tu-fisico\/","title":{"rendered":"Transforma tu f\u00edsico"},"content":{"rendered":"<p class=\"p1\">ISBN:\u00a0978-84-1068-100-2<\/p>\n<p class=\"p1\">T\u00edtulo: Transforma tu f\u00edsico<\/p>\n<p class=\"p1\">A\u00f1o: 2024<\/p>\n<p class=\"p1\">P\u00e1ginas: 210<\/p>\n<p class=\"p1\">SINOPSIS<\/p>\n<p style=\"margin-bottom: .0001pt; text-align: justify; text-indent: 35.4pt; line-height: 150%;\"><span lang=\"ES\">En <i>Transforma tu f\u00edsico<\/i>, Daniel Garc\u00eda Huergo, entrenador personal y profesional del <i>fitness<\/i>, ofrece toda una serie de pautas y consejos para aquellas personas que quieran mejorar su condici\u00f3n f\u00edsica, bas\u00e1ndose en su experiencia personal <b><u>y<\/u><\/b> conocimientos te\u00f3ricos. Con un lenguaje claro, preciso y con algunos toques de humor, este libro est\u00e1 dirigido tanto a personas que buscan lucir un f\u00edsico bien definido muscularmente<b> <\/b>como a aquellas que simplemente tienen como objetivo verse mejor y ponerse en forma. <\/span><\/p>\n<p style=\"margin-bottom: .0001pt; text-align: justify; text-indent: 35.4pt; line-height: 150%;\"><span lang=\"ES\">Alej\u00e1ndose de las tradicionales dietas milagrosas que prometen resultados extraordinarios en tiempo r\u00e9cord y que suponen un castigo m\u00e1s que una motivaci\u00f3n, aqu\u00ed se nos ense\u00f1a a elaborar un plan nutricional que provoque, a diferencia de las dietas, adherencia a largo plazo, condici\u00f3n indispensable para lograr dichos prop\u00f3sitos. <\/span><\/p>\n<p style=\"margin-bottom: .0001pt; text-align: justify; text-indent: 35.4pt; line-height: 150%;\"><span lang=\"ES\">Se desmontar\u00e1n algunos mitos asociados convencionalmente a muchos tipos de alimentos o h\u00e1bitos alimenticios y se abordar\u00e1n conceptos como el <i>minicut<\/i>, la recomposici\u00f3n corporal, el balance energ\u00e9tico, el <i>refeed<\/i> o la suplementaci\u00f3n. En definitiva, se trata de una gu\u00eda muy completa para todas aquellas personas que quieran emprender un proceso de mejora corporal partiendo de una base s\u00f3lida, realista y efectiva.<\/span><\/p>\n","protected":false},"excerpt":{"rendered":"<p class=\"p1\">ISBN:\u00a0978-84-1068-100-2<\/p>\n<p class=\"p1\">SINOPSIS<\/p>\n<p style=\"margin-bottom: .0001pt; text-align: justify; text-indent: 35.4pt; line-height: 150%;\"><span lang=\"ES\">En <i>Transforma tu f\u00edsico<\/i>, Daniel Garc\u00eda Huergo, entrenador personal y profesional del <i>fitness<\/i>, ofrece toda una serie de pautas y consejos para aquellas personas que quieran mejorar su condici\u00f3n f\u00edsica, bas\u00e1ndose en su experiencia personal <b><u>y<\/u><\/b> conocimientos te\u00f3ricos. Con un lenguaje claro, preciso y con algunos toques de humor, este libro est\u00e1 dirigido tanto a personas que buscan lucir un f\u00edsico bien definido muscularmente<b> <\/b>como a aquellas que simplemente tienen como objetivo verse mejor y ponerse en forma. <\/span><\/p>\n<p style=\"margin-bottom: .0001pt; text-align: justify; text-indent: 35.4pt; line-height: 150%;\"><span lang=\"ES\">Alej\u00e1ndose de las tradicionales dietas milagrosas que prometen resultados extraordinarios en tiempo r\u00e9cord y que suponen un castigo m\u00e1s que una motivaci\u00f3n, aqu\u00ed se nos ense\u00f1a a elaborar un plan nutricional que provoque, a diferencia de las dietas, adherencia a largo plazo, condici\u00f3n indispensable para lograr dichos prop\u00f3sitos. <\/span><\/p>\n<p style=\"margin-bottom: .0001pt; text-align: justify; text-indent: 35.4pt; line-height: 150%;\"><span lang=\"ES\">Se desmontar\u00e1n algunos mitos asociados convencionalmente a muchos tipos de alimentos o h\u00e1bitos alimenticios y se abordar\u00e1n conceptos como el <i>minicut<\/i>, la recomposici\u00f3n corporal, el balance energ\u00e9tico, el <i>refeed<\/i> o la suplementaci\u00f3n. En definitiva, se trata de una gu\u00eda muy completa para todas aquellas personas que quieran emprender un proceso de mejora corporal partiendo de una base s\u00f3lida, realista y efectiva.<\/span><\/p>\n","protected":false},"featured_media":106280,"comment_status":"open","ping_status":"closed","template":"","meta":{"_acf_changed":false},"libro":[],"product_brand":[],"product_cat":[109],"product_tag":[],"class_list":{"0":"post-106277","1":"product","2":"type-product","3":"status-publish","4":"has-post-thumbnail","6":"product_cat-deporte","8":"first","9":"instock","10":"shipping-taxable","11":"product-type-simple"},"acf":{"autor":[106276],"enlace_de_compra":"https:\/\/amzn.to\/4edApgu"},"yoast_head":"<!-- This site is optimized with the Yoast SEO plugin v27.4 - https:\/\/yoast.com\/product\/yoast-seo-wordpress\/ -->\n<title>Transforma tu f\u00edsico - Catalogo | Letrame Grupo Editorial<\/title>\n<meta name=\"robots\" content=\"index, follow, max-snippet:-1, max-image-preview:large, max-video-preview:-1\" \/>\n<link rel=\"canonical\" href=\"https:\/\/letrame.com\/catalogo\/producto\/transforma-tu-fisico\/\" \/>\n<meta property=\"og:locale\" content=\"es_ES\" \/>\n<meta property=\"og:type\" content=\"article\" \/>\n<meta property=\"og:title\" content=\"Transforma tu f\u00edsico - Catalogo | Letrame Grupo Editorial\" \/>\n<meta property=\"og:description\" content=\"ISBN:\u00a0978-84-1068-100-2 SINOPSIS En Transforma tu f\u00edsico, Daniel Garc\u00eda Huergo, entrenador personal y profesional del fitness, ofrece toda una serie de pautas y consejos para aquellas personas que quieran mejorar su condici\u00f3n f\u00edsica, bas\u00e1ndose en su experiencia personal y conocimientos te\u00f3ricos. Con un lenguaje claro, preciso y con algunos toques de humor, este libro est\u00e1 dirigido tanto a personas que buscan lucir un f\u00edsico bien definido muscularmente como a aquellas que simplemente tienen como objetivo verse mejor y ponerse en forma.  Alej\u00e1ndose de las tradicionales dietas milagrosas que prometen resultados extraordinarios en tiempo r\u00e9cord y que suponen un castigo m\u00e1s que una motivaci\u00f3n, aqu\u00ed se nos ense\u00f1a a elaborar un plan nutricional que provoque, a diferencia de las dietas, adherencia a largo plazo, condici\u00f3n indispensable para lograr dichos prop\u00f3sitos.  Se desmontar\u00e1n algunos mitos asociados convencionalmente a muchos tipos de alimentos o h\u00e1bitos alimenticios y se abordar\u00e1n conceptos como el minicut, la recomposici\u00f3n corporal, el balance energ\u00e9tico, el refeed o la suplementaci\u00f3n. En definitiva, se trata de una gu\u00eda muy completa para todas aquellas personas que quieran emprender un proceso de mejora corporal partiendo de una base s\u00f3lida, realista y efectiva.\" \/>\n<meta property=\"og:url\" content=\"https:\/\/letrame.com\/catalogo\/producto\/transforma-tu-fisico\/\" \/>\n<meta property=\"og:site_name\" content=\"Catalogo | Letrame Grupo Editorial\" \/>\n<meta property=\"og:image\" content=\"https:\/\/letrame.com\/catalogo\/wp-content\/uploads\/2024\/09\/webp_transformatufisico_126mmm.jpg\" \/>\n\t<meta property=\"og:image:width\" content=\"950\" \/>\n\t<meta property=\"og:image:height\" content=\"1393\" \/>\n\t<meta property=\"og:image:type\" content=\"image\/jpeg\" \/>\n<meta name=\"twitter:card\" content=\"summary_large_image\" \/>\n<meta name=\"twitter:label1\" content=\"Tiempo de lectura\" \/>\n\t<meta name=\"twitter:data1\" content=\"2 minutos\" \/>\n<script type=\"application\/ld+json\" class=\"yoast-schema-graph\">{\"@context\":\"https:\\\/\\\/schema.org\",\"@graph\":[{\"@type\":\"WebPage\",\"@id\":\"https:\\\/\\\/letrame.com\\\/catalogo\\\/producto\\\/transforma-tu-fisico\\\/\",\"url\":\"https:\\\/\\\/letrame.com\\\/catalogo\\\/producto\\\/transforma-tu-fisico\\\/\",\"name\":\"Transforma tu f\u00edsico - Catalogo | Letrame Grupo Editorial\",\"isPartOf\":{\"@id\":\"https:\\\/\\\/letrame.com\\\/catalogo\\\/#website\"},\"primaryImageOfPage\":{\"@id\":\"https:\\\/\\\/letrame.com\\\/catalogo\\\/producto\\\/transforma-tu-fisico\\\/#primaryimage\"},\"image\":{\"@id\":\"https:\\\/\\\/letrame.com\\\/catalogo\\\/producto\\\/transforma-tu-fisico\\\/#primaryimage\"},\"thumbnailUrl\":\"https:\\\/\\\/letrame.com\\\/catalogo\\\/wp-content\\\/uploads\\\/2024\\\/09\\\/webp_transformatufisico_126mmm.jpg\",\"datePublished\":\"2024-09-10T14:16:47+00:00\",\"breadcrumb\":{\"@id\":\"https:\\\/\\\/letrame.com\\\/catalogo\\\/producto\\\/transforma-tu-fisico\\\/#breadcrumb\"},\"inLanguage\":\"es\",\"potentialAction\":[{\"@type\":\"ReadAction\",\"target\":[\"https:\\\/\\\/letrame.com\\\/catalogo\\\/producto\\\/transforma-tu-fisico\\\/\"]}]},{\"@type\":\"ImageObject\",\"inLanguage\":\"es\",\"@id\":\"https:\\\/\\\/letrame.com\\\/catalogo\\\/producto\\\/transforma-tu-fisico\\\/#primaryimage\",\"url\":\"https:\\\/\\\/letrame.com\\\/catalogo\\\/wp-content\\\/uploads\\\/2024\\\/09\\\/webp_transformatufisico_126mmm.jpg\",\"contentUrl\":\"https:\\\/\\\/letrame.com\\\/catalogo\\\/wp-content\\\/uploads\\\/2024\\\/09\\\/webp_transformatufisico_126mmm.jpg\",\"width\":950,\"height\":1393},{\"@type\":\"BreadcrumbList\",\"@id\":\"https:\\\/\\\/letrame.com\\\/catalogo\\\/producto\\\/transforma-tu-fisico\\\/#breadcrumb\",\"itemListElement\":[{\"@type\":\"ListItem\",\"position\":1,\"name\":\"Portada\",\"item\":\"https:\\\/\\\/letrame.com\\\/catalogo\\\/\"},{\"@type\":\"ListItem\",\"position\":2,\"name\":\"Cat\u00e1logo\",\"item\":\"https:\\\/\\\/letrame.com\\\/catalogo\\\/\"},{\"@type\":\"ListItem\",\"position\":3,\"name\":\"Transforma tu f\u00edsico\"}]},{\"@type\":\"WebSite\",\"@id\":\"https:\\\/\\\/letrame.com\\\/catalogo\\\/#website\",\"url\":\"https:\\\/\\\/letrame.com\\\/catalogo\\\/\",\"name\":\"Catalogo | Letrame Grupo Editorial\",\"description\":\"\",\"publisher\":{\"@id\":\"https:\\\/\\\/letrame.com\\\/catalogo\\\/#organization\"},\"potentialAction\":[{\"@type\":\"SearchAction\",\"target\":{\"@type\":\"EntryPoint\",\"urlTemplate\":\"https:\\\/\\\/letrame.com\\\/catalogo\\\/?s={search_term_string}\"},\"query-input\":{\"@type\":\"PropertyValueSpecification\",\"valueRequired\":true,\"valueName\":\"search_term_string\"}}],\"inLanguage\":\"es\"},{\"@type\":\"Organization\",\"@id\":\"https:\\\/\\\/letrame.com\\\/catalogo\\\/#organization\",\"name\":\"Catalogo | Letrame Grupo Editorial\",\"url\":\"https:\\\/\\\/letrame.com\\\/catalogo\\\/\",\"logo\":{\"@type\":\"ImageObject\",\"inLanguage\":\"es\",\"@id\":\"https:\\\/\\\/letrame.com\\\/catalogo\\\/#\\\/schema\\\/logo\\\/image\\\/\",\"url\":\"https:\\\/\\\/letrame.com\\\/catalogo\\\/wp-content\\\/uploads\\\/2024\\\/03\\\/logo2.webp\",\"contentUrl\":\"https:\\\/\\\/letrame.com\\\/catalogo\\\/wp-content\\\/uploads\\\/2024\\\/03\\\/logo2.webp\",\"width\":394,\"height\":128,\"caption\":\"Catalogo | Letrame Grupo Editorial\"},\"image\":{\"@id\":\"https:\\\/\\\/letrame.com\\\/catalogo\\\/#\\\/schema\\\/logo\\\/image\\\/\"}}]}<\/script>\n<!-- \/ Yoast SEO plugin. -->","yoast_head_json":{"title":"Transforma tu f\u00edsico - Catalogo | Letrame Grupo Editorial","robots":{"index":"index","follow":"follow","max-snippet":"max-snippet:-1","max-image-preview":"max-image-preview:large","max-video-preview":"max-video-preview:-1"},"canonical":"https:\/\/letrame.com\/catalogo\/producto\/transforma-tu-fisico\/","og_locale":"es_ES","og_type":"article","og_title":"Transforma tu f\u00edsico - Catalogo | Letrame Grupo Editorial","og_description":"ISBN:\u00a0978-84-1068-100-2 SINOPSIS En Transforma tu f\u00edsico, Daniel Garc\u00eda Huergo, entrenador personal y profesional del fitness, ofrece toda una serie de pautas y consejos para aquellas personas que quieran mejorar su condici\u00f3n f\u00edsica, bas\u00e1ndose en su experiencia personal y conocimientos te\u00f3ricos. Con un lenguaje claro, preciso y con algunos toques de humor, este libro est\u00e1 dirigido tanto a personas que buscan lucir un f\u00edsico bien definido muscularmente como a aquellas que simplemente tienen como objetivo verse mejor y ponerse en forma.  Alej\u00e1ndose de las tradicionales dietas milagrosas que prometen resultados extraordinarios en tiempo r\u00e9cord y que suponen un castigo m\u00e1s que una motivaci\u00f3n, aqu\u00ed se nos ense\u00f1a a elaborar un plan nutricional que provoque, a diferencia de las dietas, adherencia a largo plazo, condici\u00f3n indispensable para lograr dichos prop\u00f3sitos.  Se desmontar\u00e1n algunos mitos asociados convencionalmente a muchos tipos de alimentos o h\u00e1bitos alimenticios y se abordar\u00e1n conceptos como el minicut, la recomposici\u00f3n corporal, el balance energ\u00e9tico, el refeed o la suplementaci\u00f3n. En definitiva, se trata de una gu\u00eda muy completa para todas aquellas personas que quieran emprender un proceso de mejora corporal partiendo de una base s\u00f3lida, realista y efectiva.","og_url":"https:\/\/letrame.com\/catalogo\/producto\/transforma-tu-fisico\/","og_site_name":"Catalogo | Letrame Grupo Editorial","og_image":[{"width":950,"height":1393,"url":"https:\/\/letrame.com\/catalogo\/wp-content\/uploads\/2024\/09\/webp_transformatufisico_126mmm.jpg","type":"image\/jpeg"}],"twitter_card":"summary_large_image","twitter_misc":{"Tiempo de lectura":"2 minutos"},"schema":{"@context":"https:\/\/schema.org","@graph":[{"@type":"WebPage","@id":"https:\/\/letrame.com\/catalogo\/producto\/transforma-tu-fisico\/","url":"https:\/\/letrame.com\/catalogo\/producto\/transforma-tu-fisico\/","name":"Transforma tu f\u00edsico - Catalogo | Letrame Grupo Editorial","isPartOf":{"@id":"https:\/\/letrame.com\/catalogo\/#website"},"primaryImageOfPage":{"@id":"https:\/\/letrame.com\/catalogo\/producto\/transforma-tu-fisico\/#primaryimage"},"image":{"@id":"https:\/\/letrame.com\/catalogo\/producto\/transforma-tu-fisico\/#primaryimage"},"thumbnailUrl":"https:\/\/letrame.com\/catalogo\/wp-content\/uploads\/2024\/09\/webp_transformatufisico_126mmm.jpg","datePublished":"2024-09-10T14:16:47+00:00","breadcrumb":{"@id":"https:\/\/letrame.com\/catalogo\/producto\/transforma-tu-fisico\/#breadcrumb"},"inLanguage":"es","potentialAction":[{"@type":"ReadAction","target":["https:\/\/letrame.com\/catalogo\/producto\/transforma-tu-fisico\/"]}]},{"@type":"ImageObject","inLanguage":"es","@id":"https:\/\/letrame.com\/catalogo\/producto\/transforma-tu-fisico\/#primaryimage","url":"https:\/\/letrame.com\/catalogo\/wp-content\/uploads\/2024\/09\/webp_transformatufisico_126mmm.jpg","contentUrl":"https:\/\/letrame.com\/catalogo\/wp-content\/uploads\/2024\/09\/webp_transformatufisico_126mmm.jpg","width":950,"height":1393},{"@type":"BreadcrumbList","@id":"https:\/\/letrame.com\/catalogo\/producto\/transforma-tu-fisico\/#breadcrumb","itemListElement":[{"@type":"ListItem","position":1,"name":"Portada","item":"https:\/\/letrame.com\/catalogo\/"},{"@type":"ListItem","position":2,"name":"Cat\u00e1logo","item":"https:\/\/letrame.com\/catalogo\/"},{"@type":"ListItem","position":3,"name":"Transforma tu f\u00edsico"}]},{"@type":"WebSite","@id":"https:\/\/letrame.com\/catalogo\/#website","url":"https:\/\/letrame.com\/catalogo\/","name":"Catalogo | Letrame Grupo Editorial","description":"","publisher":{"@id":"https:\/\/letrame.com\/catalogo\/#organization"},"potentialAction":[{"@type":"SearchAction","target":{"@type":"EntryPoint","urlTemplate":"https:\/\/letrame.com\/catalogo\/?s={search_term_string}"},"query-input":{"@type":"PropertyValueSpecification","valueRequired":true,"valueName":"search_term_string"}}],"inLanguage":"es"},{"@type":"Organization","@id":"https:\/\/letrame.com\/catalogo\/#organization","name":"Catalogo | Letrame Grupo Editorial","url":"https:\/\/letrame.com\/catalogo\/","logo":{"@type":"ImageObject","inLanguage":"es","@id":"https:\/\/letrame.com\/catalogo\/#\/schema\/logo\/image\/","url":"https:\/\/letrame.com\/catalogo\/wp-content\/uploads\/2024\/03\/logo2.webp","contentUrl":"https:\/\/letrame.com\/catalogo\/wp-content\/uploads\/2024\/03\/logo2.webp","width":394,"height":128,"caption":"Catalogo | Letrame Grupo Editorial"},"image":{"@id":"https:\/\/letrame.com\/catalogo\/#\/schema\/logo\/image\/"}}]}},"_links":{"self":[{"href":"https:\/\/letrame.com\/catalogo\/wp-json\/wp\/v2\/product\/106277","targetHints":{"allow":["GET"]}}],"collection":[{"href":"https:\/\/letrame.com\/catalogo\/wp-json\/wp\/v2\/product"}],"about":[{"href":"https:\/\/letrame.com\/catalogo\/wp-json\/wp\/v2\/types\/product"}],"replies":[{"embeddable":true,"href":"https:\/\/letrame.com\/catalogo\/wp-json\/wp\/v2\/comments?post=106277"}],"acf:post":[{"embeddable":true,"href":"https:\/\/letrame.com\/catalogo\/wp-json\/wp\/v2\/author_book\/106276"}],"wp:featuredmedia":[{"embeddable":true,"href":"https:\/\/letrame.com\/catalogo\/wp-json\/wp\/v2\/media\/106280"}],"wp:attachment":[{"href":"https:\/\/letrame.com\/catalogo\/wp-json\/wp\/v2\/media?parent=106277"}],"wp:term":[{"taxonomy":"libro","embeddable":true,"href":"https:\/\/letrame.com\/catalogo\/wp-json\/wp\/v2\/libro?post=106277"},{"taxonomy":"product_brand","embeddable":true,"href":"https:\/\/letrame.com\/catalogo\/wp-json\/wp\/v2\/product_brand?post=106277"},{"taxonomy":"product_cat","embeddable":true,"href":"https:\/\/letrame.com\/catalogo\/wp-json\/wp\/v2\/product_cat?post=106277"},{"taxonomy":"product_tag","embeddable":true,"href":"https:\/\/letrame.com\/catalogo\/wp-json\/wp\/v2\/product_tag?post=106277"}],"curies":[{"name":"wp","href":"https:\/\/api.w.org\/{rel}","templated":true}]}}