{"id":106225,"date":"2024-09-04T16:26:16","date_gmt":"2024-09-04T14:26:16","guid":{"rendered":"https:\/\/letrame.com\/catalogo\/?post_type=product&#038;p=106225"},"modified":"2024-09-04T16:27:15","modified_gmt":"2024-09-04T14:27:15","slug":"gardenia","status":"publish","type":"product","link":"https:\/\/letrame.com\/catalogo\/producto\/gardenia\/","title":{"rendered":"Gardenia"},"content":{"rendered":"<p class=\"p1\">ISBN:\u00a0978-84-1068-544-4<\/p>\n<p class=\"p1\">T\u00edtulo: Gardenia<\/p>\n<p class=\"p1\">A\u00f1o: 2024<\/p>\n<p class=\"p1\">P\u00e1ginas: 364<\/p>\n<p class=\"p1\">SINOPSIS<\/p>\n<p>\u201c\u00abCuando te sientes perdido e incompleto es porque no te has encontrado a ti mismo\u00bb\u201d.<\/p>\n<p>Gardenia; es el primer libro de la Saga Ef\u00edmera, que representa lo fugaz que puede ser nuestra realidad, llena de sentimientos apresurados y; enraizados en nuestras cuatro protagonistas.<\/p>\n<p>La energ\u00e9tica Lilith, la impulsiva Bri, la bondadosa Nina y la perezosa Ann, se ven envueltas en un mundo que no es el suyo, donde deber\u00e1n luchar en b\u00fasqueda de su hogar y descifrar los diversos secretos en los que se ver\u00e1n sumergidas.<\/p>\n<p>En su b\u00fasqueda, aprender\u00e1n a adaptarse a este mundo lleno de magia y criaturas fantasiosas, contra el cual no solo deber\u00e1n luchar, sino que se volver\u00e1n parte de \u00e9l.<\/p>\n<p>Encontr\u00e1ndose en un camino lleno de enemigos, aliados que parecen lo que no, amores fugaces y sentimientos profundos.<\/p>\n<p>Una continua lucha en este destino incierto, lleno de deberes y responsabilidades que no esperaban, solo su amor y deseo de pertenecer juntas les ayudar\u00e1 a no temer.<\/p>\n<p>Una forma diferente de amar, de luchar contra la adversidad y buscar la felicidad.<\/p>\n<p>Un amor secreto.<\/p>\n<p>Una flor.<\/p>\n<p>Gardenia.<\/p>\n","protected":false},"excerpt":{"rendered":"<p class=\"p1\">ISBN:\u00a0978-84-1068-544-4<\/p>\n<p class=\"p1\">SINOPSIS<\/p>\n<p>\u201c\u00abCuando te sientes perdido e incompleto es porque no te has encontrado a ti mismo\u00bb\u201d.<\/p>\n<p>Gardenia; es el primer libro de la Saga Ef\u00edmera, que representa lo fugaz que puede ser nuestra realidad, llena de sentimientos apresurados y; enraizados en nuestras cuatro protagonistas.<\/p>\n<p>La energ\u00e9tica Lilith, la impulsiva Bri, la bondadosa Nina y la perezosa Ann, se ven envueltas en un mundo que no es el suyo, donde deber\u00e1n luchar en b\u00fasqueda de su hogar y descifrar los diversos secretos en los que se ver\u00e1n sumergidas.<\/p>\n<p>En su b\u00fasqueda, aprender\u00e1n a adaptarse a este mundo lleno de magia y criaturas fantasiosas, contra el cual no solo deber\u00e1n luchar, sino que se volver\u00e1n parte de \u00e9l.<\/p>\n<p>Encontr\u00e1ndose en un camino lleno de enemigos, aliados que parecen lo que no, amores fugaces y sentimientos profundos.<\/p>\n<p>Una continua lucha en este destino incierto, lleno de deberes y responsabilidades que no esperaban, solo su amor y deseo de pertenecer juntas les ayudar\u00e1 a no temer.<\/p>\n<p>Una forma diferente de amar, de luchar contra la adversidad y buscar la felicidad.<\/p>\n<p>Un amor secreto.<\/p>\n<p>Una flor.<\/p>\n<p>Gardenia.<\/p>\n","protected":false},"featured_media":106228,"comment_status":"open","ping_status":"closed","template":"","meta":{"_acf_changed":false},"libro":[],"product_brand":[],"product_cat":[118],"product_tag":[],"class_list":{"0":"post-106225","1":"product","2":"type-product","3":"status-publish","4":"has-post-thumbnail","6":"product_cat-fantasia","8":"first","9":"instock","10":"shipping-taxable","11":"product-type-simple"},"acf":{"autor":[106224],"enlace_de_compra":"https:\/\/amzn.to\/3XwgFiS"},"yoast_head":"<!-- This site is optimized with the Yoast SEO plugin v27.4 - https:\/\/yoast.com\/product\/yoast-seo-wordpress\/ -->\n<title>Gardenia - Catalogo | Letrame Grupo Editorial<\/title>\n<meta name=\"robots\" content=\"index, follow, max-snippet:-1, max-image-preview:large, max-video-preview:-1\" \/>\n<link rel=\"canonical\" href=\"https:\/\/letrame.com\/catalogo\/producto\/gardenia\/\" \/>\n<meta property=\"og:locale\" content=\"es_ES\" \/>\n<meta property=\"og:type\" content=\"article\" \/>\n<meta property=\"og:title\" content=\"Gardenia - Catalogo | Letrame Grupo Editorial\" \/>\n<meta property=\"og:description\" content=\"ISBN:\u00a0978-84-1068-544-4 SINOPSIS \u201c\u00abCuando te sientes perdido e incompleto es porque no te has encontrado a ti mismo\u00bb\u201d.  Gardenia; es el primer libro de la Saga Ef\u00edmera, que representa lo fugaz que puede ser nuestra realidad, llena de sentimientos apresurados y; enraizados en nuestras cuatro protagonistas.  La energ\u00e9tica Lilith, la impulsiva Bri, la bondadosa Nina y la perezosa Ann, se ven envueltas en un mundo que no es el suyo, donde deber\u00e1n luchar en b\u00fasqueda de su hogar y descifrar los diversos secretos en los que se ver\u00e1n sumergidas.  En su b\u00fasqueda, aprender\u00e1n a adaptarse a este mundo lleno de magia y criaturas fantasiosas, contra el cual no solo deber\u00e1n luchar, sino que se volver\u00e1n parte de \u00e9l.  Encontr\u00e1ndose en un camino lleno de enemigos, aliados que parecen lo que no, amores fugaces y sentimientos profundos.  Una continua lucha en este destino incierto, lleno de deberes y responsabilidades que no esperaban, solo su amor y deseo de pertenecer juntas les ayudar\u00e1 a no temer.  Una forma diferente de amar, de luchar contra la adversidad y buscar la felicidad.  Un amor secreto.  Una flor.  Gardenia.\" \/>\n<meta property=\"og:url\" content=\"https:\/\/letrame.com\/catalogo\/producto\/gardenia\/\" \/>\n<meta property=\"og:site_name\" content=\"Catalogo | Letrame Grupo Editorial\" \/>\n<meta property=\"article:modified_time\" content=\"2024-09-04T14:27:15+00:00\" \/>\n<meta property=\"og:image\" content=\"https:\/\/letrame.com\/catalogo\/wp-content\/uploads\/2024\/09\/zzgardenia_1786mm4.jpg\" \/>\n\t<meta property=\"og:image:width\" content=\"750\" \/>\n\t<meta property=\"og:image:height\" content=\"1050\" \/>\n\t<meta property=\"og:image:type\" content=\"image\/jpeg\" \/>\n<meta name=\"twitter:card\" content=\"summary_large_image\" \/>\n<meta name=\"twitter:label1\" content=\"Tiempo de lectura\" \/>\n\t<meta name=\"twitter:data1\" content=\"2 minutos\" \/>\n<script type=\"application\/ld+json\" class=\"yoast-schema-graph\">{\"@context\":\"https:\\\/\\\/schema.org\",\"@graph\":[{\"@type\":\"WebPage\",\"@id\":\"https:\\\/\\\/letrame.com\\\/catalogo\\\/producto\\\/gardenia\\\/\",\"url\":\"https:\\\/\\\/letrame.com\\\/catalogo\\\/producto\\\/gardenia\\\/\",\"name\":\"Gardenia - Catalogo | Letrame Grupo Editorial\",\"isPartOf\":{\"@id\":\"https:\\\/\\\/letrame.com\\\/catalogo\\\/#website\"},\"primaryImageOfPage\":{\"@id\":\"https:\\\/\\\/letrame.com\\\/catalogo\\\/producto\\\/gardenia\\\/#primaryimage\"},\"image\":{\"@id\":\"https:\\\/\\\/letrame.com\\\/catalogo\\\/producto\\\/gardenia\\\/#primaryimage\"},\"thumbnailUrl\":\"https:\\\/\\\/letrame.com\\\/catalogo\\\/wp-content\\\/uploads\\\/2024\\\/09\\\/zzgardenia_1786mm4.jpg\",\"datePublished\":\"2024-09-04T14:26:16+00:00\",\"dateModified\":\"2024-09-04T14:27:15+00:00\",\"breadcrumb\":{\"@id\":\"https:\\\/\\\/letrame.com\\\/catalogo\\\/producto\\\/gardenia\\\/#breadcrumb\"},\"inLanguage\":\"es\",\"potentialAction\":[{\"@type\":\"ReadAction\",\"target\":[\"https:\\\/\\\/letrame.com\\\/catalogo\\\/producto\\\/gardenia\\\/\"]}]},{\"@type\":\"ImageObject\",\"inLanguage\":\"es\",\"@id\":\"https:\\\/\\\/letrame.com\\\/catalogo\\\/producto\\\/gardenia\\\/#primaryimage\",\"url\":\"https:\\\/\\\/letrame.com\\\/catalogo\\\/wp-content\\\/uploads\\\/2024\\\/09\\\/zzgardenia_1786mm4.jpg\",\"contentUrl\":\"https:\\\/\\\/letrame.com\\\/catalogo\\\/wp-content\\\/uploads\\\/2024\\\/09\\\/zzgardenia_1786mm4.jpg\",\"width\":750,\"height\":1050},{\"@type\":\"BreadcrumbList\",\"@id\":\"https:\\\/\\\/letrame.com\\\/catalogo\\\/producto\\\/gardenia\\\/#breadcrumb\",\"itemListElement\":[{\"@type\":\"ListItem\",\"position\":1,\"name\":\"Portada\",\"item\":\"https:\\\/\\\/letrame.com\\\/catalogo\\\/\"},{\"@type\":\"ListItem\",\"position\":2,\"name\":\"Cat\u00e1logo\",\"item\":\"https:\\\/\\\/letrame.com\\\/catalogo\\\/\"},{\"@type\":\"ListItem\",\"position\":3,\"name\":\"Gardenia\"}]},{\"@type\":\"WebSite\",\"@id\":\"https:\\\/\\\/letrame.com\\\/catalogo\\\/#website\",\"url\":\"https:\\\/\\\/letrame.com\\\/catalogo\\\/\",\"name\":\"Catalogo | Letrame Grupo Editorial\",\"description\":\"\",\"publisher\":{\"@id\":\"https:\\\/\\\/letrame.com\\\/catalogo\\\/#organization\"},\"potentialAction\":[{\"@type\":\"SearchAction\",\"target\":{\"@type\":\"EntryPoint\",\"urlTemplate\":\"https:\\\/\\\/letrame.com\\\/catalogo\\\/?s={search_term_string}\"},\"query-input\":{\"@type\":\"PropertyValueSpecification\",\"valueRequired\":true,\"valueName\":\"search_term_string\"}}],\"inLanguage\":\"es\"},{\"@type\":\"Organization\",\"@id\":\"https:\\\/\\\/letrame.com\\\/catalogo\\\/#organization\",\"name\":\"Catalogo | Letrame Grupo Editorial\",\"url\":\"https:\\\/\\\/letrame.com\\\/catalogo\\\/\",\"logo\":{\"@type\":\"ImageObject\",\"inLanguage\":\"es\",\"@id\":\"https:\\\/\\\/letrame.com\\\/catalogo\\\/#\\\/schema\\\/logo\\\/image\\\/\",\"url\":\"https:\\\/\\\/letrame.com\\\/catalogo\\\/wp-content\\\/uploads\\\/2024\\\/03\\\/logo2.webp\",\"contentUrl\":\"https:\\\/\\\/letrame.com\\\/catalogo\\\/wp-content\\\/uploads\\\/2024\\\/03\\\/logo2.webp\",\"width\":394,\"height\":128,\"caption\":\"Catalogo | Letrame Grupo Editorial\"},\"image\":{\"@id\":\"https:\\\/\\\/letrame.com\\\/catalogo\\\/#\\\/schema\\\/logo\\\/image\\\/\"}}]}<\/script>\n<!-- \/ Yoast SEO plugin. -->","yoast_head_json":{"title":"Gardenia - Catalogo | Letrame Grupo Editorial","robots":{"index":"index","follow":"follow","max-snippet":"max-snippet:-1","max-image-preview":"max-image-preview:large","max-video-preview":"max-video-preview:-1"},"canonical":"https:\/\/letrame.com\/catalogo\/producto\/gardenia\/","og_locale":"es_ES","og_type":"article","og_title":"Gardenia - Catalogo | Letrame Grupo Editorial","og_description":"ISBN:\u00a0978-84-1068-544-4 SINOPSIS \u201c\u00abCuando te sientes perdido e incompleto es porque no te has encontrado a ti mismo\u00bb\u201d.  Gardenia; es el primer libro de la Saga Ef\u00edmera, que representa lo fugaz que puede ser nuestra realidad, llena de sentimientos apresurados y; enraizados en nuestras cuatro protagonistas.  La energ\u00e9tica Lilith, la impulsiva Bri, la bondadosa Nina y la perezosa Ann, se ven envueltas en un mundo que no es el suyo, donde deber\u00e1n luchar en b\u00fasqueda de su hogar y descifrar los diversos secretos en los que se ver\u00e1n sumergidas.  En su b\u00fasqueda, aprender\u00e1n a adaptarse a este mundo lleno de magia y criaturas fantasiosas, contra el cual no solo deber\u00e1n luchar, sino que se volver\u00e1n parte de \u00e9l.  Encontr\u00e1ndose en un camino lleno de enemigos, aliados que parecen lo que no, amores fugaces y sentimientos profundos.  Una continua lucha en este destino incierto, lleno de deberes y responsabilidades que no esperaban, solo su amor y deseo de pertenecer juntas les ayudar\u00e1 a no temer.  Una forma diferente de amar, de luchar contra la adversidad y buscar la felicidad.  Un amor secreto.  Una flor.  Gardenia.","og_url":"https:\/\/letrame.com\/catalogo\/producto\/gardenia\/","og_site_name":"Catalogo | Letrame Grupo Editorial","article_modified_time":"2024-09-04T14:27:15+00:00","og_image":[{"width":750,"height":1050,"url":"https:\/\/letrame.com\/catalogo\/wp-content\/uploads\/2024\/09\/zzgardenia_1786mm4.jpg","type":"image\/jpeg"}],"twitter_card":"summary_large_image","twitter_misc":{"Tiempo de lectura":"2 minutos"},"schema":{"@context":"https:\/\/schema.org","@graph":[{"@type":"WebPage","@id":"https:\/\/letrame.com\/catalogo\/producto\/gardenia\/","url":"https:\/\/letrame.com\/catalogo\/producto\/gardenia\/","name":"Gardenia - Catalogo | Letrame Grupo Editorial","isPartOf":{"@id":"https:\/\/letrame.com\/catalogo\/#website"},"primaryImageOfPage":{"@id":"https:\/\/letrame.com\/catalogo\/producto\/gardenia\/#primaryimage"},"image":{"@id":"https:\/\/letrame.com\/catalogo\/producto\/gardenia\/#primaryimage"},"thumbnailUrl":"https:\/\/letrame.com\/catalogo\/wp-content\/uploads\/2024\/09\/zzgardenia_1786mm4.jpg","datePublished":"2024-09-04T14:26:16+00:00","dateModified":"2024-09-04T14:27:15+00:00","breadcrumb":{"@id":"https:\/\/letrame.com\/catalogo\/producto\/gardenia\/#breadcrumb"},"inLanguage":"es","potentialAction":[{"@type":"ReadAction","target":["https:\/\/letrame.com\/catalogo\/producto\/gardenia\/"]}]},{"@type":"ImageObject","inLanguage":"es","@id":"https:\/\/letrame.com\/catalogo\/producto\/gardenia\/#primaryimage","url":"https:\/\/letrame.com\/catalogo\/wp-content\/uploads\/2024\/09\/zzgardenia_1786mm4.jpg","contentUrl":"https:\/\/letrame.com\/catalogo\/wp-content\/uploads\/2024\/09\/zzgardenia_1786mm4.jpg","width":750,"height":1050},{"@type":"BreadcrumbList","@id":"https:\/\/letrame.com\/catalogo\/producto\/gardenia\/#breadcrumb","itemListElement":[{"@type":"ListItem","position":1,"name":"Portada","item":"https:\/\/letrame.com\/catalogo\/"},{"@type":"ListItem","position":2,"name":"Cat\u00e1logo","item":"https:\/\/letrame.com\/catalogo\/"},{"@type":"ListItem","position":3,"name":"Gardenia"}]},{"@type":"WebSite","@id":"https:\/\/letrame.com\/catalogo\/#website","url":"https:\/\/letrame.com\/catalogo\/","name":"Catalogo | Letrame Grupo Editorial","description":"","publisher":{"@id":"https:\/\/letrame.com\/catalogo\/#organization"},"potentialAction":[{"@type":"SearchAction","target":{"@type":"EntryPoint","urlTemplate":"https:\/\/letrame.com\/catalogo\/?s={search_term_string}"},"query-input":{"@type":"PropertyValueSpecification","valueRequired":true,"valueName":"search_term_string"}}],"inLanguage":"es"},{"@type":"Organization","@id":"https:\/\/letrame.com\/catalogo\/#organization","name":"Catalogo | Letrame Grupo Editorial","url":"https:\/\/letrame.com\/catalogo\/","logo":{"@type":"ImageObject","inLanguage":"es","@id":"https:\/\/letrame.com\/catalogo\/#\/schema\/logo\/image\/","url":"https:\/\/letrame.com\/catalogo\/wp-content\/uploads\/2024\/03\/logo2.webp","contentUrl":"https:\/\/letrame.com\/catalogo\/wp-content\/uploads\/2024\/03\/logo2.webp","width":394,"height":128,"caption":"Catalogo | Letrame Grupo Editorial"},"image":{"@id":"https:\/\/letrame.com\/catalogo\/#\/schema\/logo\/image\/"}}]}},"_links":{"self":[{"href":"https:\/\/letrame.com\/catalogo\/wp-json\/wp\/v2\/product\/106225","targetHints":{"allow":["GET"]}}],"collection":[{"href":"https:\/\/letrame.com\/catalogo\/wp-json\/wp\/v2\/product"}],"about":[{"href":"https:\/\/letrame.com\/catalogo\/wp-json\/wp\/v2\/types\/product"}],"replies":[{"embeddable":true,"href":"https:\/\/letrame.com\/catalogo\/wp-json\/wp\/v2\/comments?post=106225"}],"acf:post":[{"embeddable":true,"href":"https:\/\/letrame.com\/catalogo\/wp-json\/wp\/v2\/author_book\/106224"}],"wp:featuredmedia":[{"embeddable":true,"href":"https:\/\/letrame.com\/catalogo\/wp-json\/wp\/v2\/media\/106228"}],"wp:attachment":[{"href":"https:\/\/letrame.com\/catalogo\/wp-json\/wp\/v2\/media?parent=106225"}],"wp:term":[{"taxonomy":"libro","embeddable":true,"href":"https:\/\/letrame.com\/catalogo\/wp-json\/wp\/v2\/libro?post=106225"},{"taxonomy":"product_brand","embeddable":true,"href":"https:\/\/letrame.com\/catalogo\/wp-json\/wp\/v2\/product_brand?post=106225"},{"taxonomy":"product_cat","embeddable":true,"href":"https:\/\/letrame.com\/catalogo\/wp-json\/wp\/v2\/product_cat?post=106225"},{"taxonomy":"product_tag","embeddable":true,"href":"https:\/\/letrame.com\/catalogo\/wp-json\/wp\/v2\/product_tag?post=106225"}],"curies":[{"name":"wp","href":"https:\/\/api.w.org\/{rel}","templated":true}]}}