{"id":106217,"date":"2024-09-04T16:06:39","date_gmt":"2024-09-04T14:06:39","guid":{"rendered":"https:\/\/letrame.com\/catalogo\/?post_type=product&#038;p=106217"},"modified":"2024-09-04T16:06:40","modified_gmt":"2024-09-04T14:06:40","slug":"blue-moon-un-cherokee-del-pirineo","status":"publish","type":"product","link":"https:\/\/letrame.com\/catalogo\/producto\/blue-moon-un-cherokee-del-pirineo\/","title":{"rendered":"Blue Moon &#038; un cherokee del Pirineo"},"content":{"rendered":"<p class=\"p1\">ISBN:\u00a0978-84-1068-695-3<\/p>\n<p class=\"p1\">T\u00edtulo: Blue Moon &amp; un cherokee del Pirineo<\/p>\n<p class=\"p1\">A\u00f1o: 2024<\/p>\n<p class=\"p1\">P\u00e1ginas: 370<\/p>\n<p class=\"p1\">SINOPSIS<\/p>\n<p>La realidad y la ficci\u00f3n nos acompa\u00f1an en esta novela. Con su lectura podr\u00e9is disfrutar de un viaje alrededor de medio mundo, acompa\u00f1ando a LLuc Ribatell, un joven del Pirineo, que persiguiendo un plato de garbanzos se encuentra envuelto en un pu\u00f1ado de aventuras inesperadas.<\/p>\n<p>El protagonista de esta historia es un chico que, sin medios econ\u00f3micos y con escasa preparaci\u00f3n cultural y profesional, se sube a la rueda de la vida y aprende a surcar las aguas turbias del mundo con astucia y decisi\u00f3n.<\/p>\n<p>En el Oriente Medio se ve envuelto en un tema religioso que se le complica con un conflicto armado y tiene que huir de los circuitos normales por donde transcurre la vida de la gente. Buscado por terrorista y por supuestamente haber insultado al islam. En su huida atraviesa \u00c1frica y navega por tres Oc\u00e9anos enrolado como mec\u00e1nico naval en tres petroleros. La casualidad y la astucia hacen que en Sud Am\u00e9rica haga fortuna en poco tiempo.<\/p>\n<p>Contin\u00faa su huida hasta los EE. UU. donde se topa con un hurac\u00e1n que le suelta un rayo de recuerdo. Acogido por una familia de la Cherokee Nation de Oklahoma conoce una tal Blue Moon nativa americana, que le cambia la vida para siempre al ser su esp\u00edritu coincidente. All\u00ed se da cuenta de lo peque\u00f1o y redondo que es nuestro mundo.<\/p>\n","protected":false},"excerpt":{"rendered":"<p class=\"p1\">ISBN:\u00a0978-84-1068-695-3<\/p>\n<p class=\"p1\">SINOPSIS<\/p>\n<p>La realidad y la ficci\u00f3n nos acompa\u00f1an en esta novela. Con su lectura podr\u00e9is disfrutar de un viaje alrededor de medio mundo, acompa\u00f1ando a LLuc Ribatell, un joven del Pirineo, que persiguiendo un plato de garbanzos se encuentra envuelto en un pu\u00f1ado de aventuras inesperadas.<\/p>\n<p>El protagonista de esta historia es un chico que, sin medios econ\u00f3micos y con escasa preparaci\u00f3n cultural y profesional, se sube a la rueda de la vida y aprende a surcar las aguas turbias del mundo con astucia y decisi\u00f3n.<\/p>\n<p>En el Oriente Medio se ve envuelto en un tema religioso que se le complica con un conflicto armado y tiene que huir de los circuitos normales por donde transcurre la vida de la gente. Buscado por terrorista y por supuestamente haber insultado al islam. En su huida atraviesa \u00c1frica y navega por tres Oc\u00e9anos enrolado como mec\u00e1nico naval en tres petroleros. La casualidad y la astucia hacen que en Sud Am\u00e9rica haga fortuna en poco tiempo.<\/p>\n<p>Contin\u00faa su huida hasta los EE. UU. donde se topa con un hurac\u00e1n que le suelta un rayo de recuerdo. Acogido por una familia de la Cherokee Nation de Oklahoma conoce una tal Blue Moon nativa americana, que le cambia la vida para siempre al ser su esp\u00edritu coincidente. All\u00ed se da cuenta de lo peque\u00f1o y redondo que es nuestro mundo.<\/p>\n","protected":false},"featured_media":106218,"comment_status":"open","ping_status":"closed","template":"","meta":{"_acf_changed":false},"libro":[],"product_brand":[],"product_cat":[16],"product_tag":[],"class_list":{"0":"post-106217","1":"product","2":"type-product","3":"status-publish","4":"has-post-thumbnail","6":"product_cat-novela","8":"first","9":"instock","10":"shipping-taxable","11":"product-type-simple"},"acf":{"autor":[102059],"enlace_de_compra":"https:\/\/amzn.to\/3ZamJP0"},"yoast_head":"<!-- This site is optimized with the Yoast SEO plugin v26.6 - https:\/\/yoast.com\/wordpress\/plugins\/seo\/ -->\n<title>Blue Moon &amp; un cherokee del Pirineo - Catalogo | Letrame Grupo Editorial<\/title>\n<meta name=\"robots\" content=\"index, follow, max-snippet:-1, max-image-preview:large, max-video-preview:-1\" \/>\n<link rel=\"canonical\" href=\"https:\/\/letrame.com\/catalogo\/producto\/blue-moon-un-cherokee-del-pirineo\/\" \/>\n<meta property=\"og:locale\" content=\"es_ES\" \/>\n<meta property=\"og:type\" content=\"article\" \/>\n<meta property=\"og:title\" content=\"Blue Moon &amp; un cherokee del Pirineo - Catalogo | Letrame Grupo Editorial\" \/>\n<meta property=\"og:description\" content=\"ISBN:\u00a0978-84-1068-695-3 SINOPSIS La realidad y la ficci\u00f3n nos acompa\u00f1an en esta novela. Con su lectura podr\u00e9is disfrutar de un viaje alrededor de medio mundo, acompa\u00f1ando a LLuc Ribatell, un joven del Pirineo, que persiguiendo un plato de garbanzos se encuentra envuelto en un pu\u00f1ado de aventuras inesperadas.  El protagonista de esta historia es un chico que, sin medios econ\u00f3micos y con escasa preparaci\u00f3n cultural y profesional, se sube a la rueda de la vida y aprende a surcar las aguas turbias del mundo con astucia y decisi\u00f3n.  En el Oriente Medio se ve envuelto en un tema religioso que se le complica con un conflicto armado y tiene que huir de los circuitos normales por donde transcurre la vida de la gente. Buscado por terrorista y por supuestamente haber insultado al islam. En su huida atraviesa \u00c1frica y navega por tres Oc\u00e9anos enrolado como mec\u00e1nico naval en tres petroleros. La casualidad y la astucia hacen que en Sud Am\u00e9rica haga fortuna en poco tiempo.  Contin\u00faa su huida hasta los EE. UU. donde se topa con un hurac\u00e1n que le suelta un rayo de recuerdo. Acogido por una familia de la Cherokee Nation de Oklahoma conoce una tal Blue Moon nativa americana, que le cambia la vida para siempre al ser su esp\u00edritu coincidente. All\u00ed se da cuenta de lo peque\u00f1o y redondo que es nuestro mundo.\" \/>\n<meta property=\"og:url\" content=\"https:\/\/letrame.com\/catalogo\/producto\/blue-moon-un-cherokee-del-pirineo\/\" \/>\n<meta property=\"og:site_name\" content=\"Catalogo | Letrame Grupo Editorial\" \/>\n<meta property=\"article:modified_time\" content=\"2024-09-04T14:06:40+00:00\" \/>\n<meta property=\"og:image\" content=\"https:\/\/letrame.com\/catalogo\/wp-content\/uploads\/2024\/09\/zzp_bluemoonespana_1813mm.jpg\" \/>\n\t<meta property=\"og:image:width\" content=\"900\" \/>\n\t<meta property=\"og:image:height\" content=\"1320\" \/>\n\t<meta property=\"og:image:type\" content=\"image\/jpeg\" \/>\n<meta name=\"twitter:card\" content=\"summary_large_image\" \/>\n<meta name=\"twitter:label1\" content=\"Tiempo de lectura\" \/>\n\t<meta name=\"twitter:data1\" content=\"2 minutos\" \/>\n<script type=\"application\/ld+json\" class=\"yoast-schema-graph\">{\"@context\":\"https:\/\/schema.org\",\"@graph\":[{\"@type\":\"WebPage\",\"@id\":\"https:\/\/letrame.com\/catalogo\/producto\/blue-moon-un-cherokee-del-pirineo\/\",\"url\":\"https:\/\/letrame.com\/catalogo\/producto\/blue-moon-un-cherokee-del-pirineo\/\",\"name\":\"Blue Moon & un cherokee del Pirineo - Catalogo | Letrame Grupo Editorial\",\"isPartOf\":{\"@id\":\"https:\/\/letrame.com\/catalogo\/#website\"},\"primaryImageOfPage\":{\"@id\":\"https:\/\/letrame.com\/catalogo\/producto\/blue-moon-un-cherokee-del-pirineo\/#primaryimage\"},\"image\":{\"@id\":\"https:\/\/letrame.com\/catalogo\/producto\/blue-moon-un-cherokee-del-pirineo\/#primaryimage\"},\"thumbnailUrl\":\"https:\/\/letrame.com\/catalogo\/wp-content\/uploads\/2024\/09\/zzp_bluemoonespana_1813mm.jpg\",\"datePublished\":\"2024-09-04T14:06:39+00:00\",\"dateModified\":\"2024-09-04T14:06:40+00:00\",\"breadcrumb\":{\"@id\":\"https:\/\/letrame.com\/catalogo\/producto\/blue-moon-un-cherokee-del-pirineo\/#breadcrumb\"},\"inLanguage\":\"es\",\"potentialAction\":[{\"@type\":\"ReadAction\",\"target\":[\"https:\/\/letrame.com\/catalogo\/producto\/blue-moon-un-cherokee-del-pirineo\/\"]}]},{\"@type\":\"ImageObject\",\"inLanguage\":\"es\",\"@id\":\"https:\/\/letrame.com\/catalogo\/producto\/blue-moon-un-cherokee-del-pirineo\/#primaryimage\",\"url\":\"https:\/\/letrame.com\/catalogo\/wp-content\/uploads\/2024\/09\/zzp_bluemoonespana_1813mm.jpg\",\"contentUrl\":\"https:\/\/letrame.com\/catalogo\/wp-content\/uploads\/2024\/09\/zzp_bluemoonespana_1813mm.jpg\",\"width\":900,\"height\":1320},{\"@type\":\"BreadcrumbList\",\"@id\":\"https:\/\/letrame.com\/catalogo\/producto\/blue-moon-un-cherokee-del-pirineo\/#breadcrumb\",\"itemListElement\":[{\"@type\":\"ListItem\",\"position\":1,\"name\":\"Portada\",\"item\":\"https:\/\/letrame.com\/catalogo\/\"},{\"@type\":\"ListItem\",\"position\":2,\"name\":\"Cat\u00e1logo\",\"item\":\"https:\/\/letrame.com\/catalogo\/\"},{\"@type\":\"ListItem\",\"position\":3,\"name\":\"Blue Moon &#038; un cherokee del Pirineo\"}]},{\"@type\":\"WebSite\",\"@id\":\"https:\/\/letrame.com\/catalogo\/#website\",\"url\":\"https:\/\/letrame.com\/catalogo\/\",\"name\":\"Catalogo | Letrame Grupo Editorial\",\"description\":\"\",\"publisher\":{\"@id\":\"https:\/\/letrame.com\/catalogo\/#organization\"},\"potentialAction\":[{\"@type\":\"SearchAction\",\"target\":{\"@type\":\"EntryPoint\",\"urlTemplate\":\"https:\/\/letrame.com\/catalogo\/?s={search_term_string}\"},\"query-input\":{\"@type\":\"PropertyValueSpecification\",\"valueRequired\":true,\"valueName\":\"search_term_string\"}}],\"inLanguage\":\"es\"},{\"@type\":\"Organization\",\"@id\":\"https:\/\/letrame.com\/catalogo\/#organization\",\"name\":\"Catalogo | Letrame Grupo Editorial\",\"url\":\"https:\/\/letrame.com\/catalogo\/\",\"logo\":{\"@type\":\"ImageObject\",\"inLanguage\":\"es\",\"@id\":\"https:\/\/letrame.com\/catalogo\/#\/schema\/logo\/image\/\",\"url\":\"https:\/\/letrame.com\/catalogo\/wp-content\/uploads\/2024\/03\/logo2.webp\",\"contentUrl\":\"https:\/\/letrame.com\/catalogo\/wp-content\/uploads\/2024\/03\/logo2.webp\",\"width\":394,\"height\":128,\"caption\":\"Catalogo | Letrame Grupo Editorial\"},\"image\":{\"@id\":\"https:\/\/letrame.com\/catalogo\/#\/schema\/logo\/image\/\"}}]}<\/script>\n<!-- \/ Yoast SEO plugin. -->","yoast_head_json":{"title":"Blue Moon & un cherokee del Pirineo - Catalogo | Letrame Grupo Editorial","robots":{"index":"index","follow":"follow","max-snippet":"max-snippet:-1","max-image-preview":"max-image-preview:large","max-video-preview":"max-video-preview:-1"},"canonical":"https:\/\/letrame.com\/catalogo\/producto\/blue-moon-un-cherokee-del-pirineo\/","og_locale":"es_ES","og_type":"article","og_title":"Blue Moon & un cherokee del Pirineo - Catalogo | Letrame Grupo Editorial","og_description":"ISBN:\u00a0978-84-1068-695-3 SINOPSIS La realidad y la ficci\u00f3n nos acompa\u00f1an en esta novela. Con su lectura podr\u00e9is disfrutar de un viaje alrededor de medio mundo, acompa\u00f1ando a LLuc Ribatell, un joven del Pirineo, que persiguiendo un plato de garbanzos se encuentra envuelto en un pu\u00f1ado de aventuras inesperadas.  El protagonista de esta historia es un chico que, sin medios econ\u00f3micos y con escasa preparaci\u00f3n cultural y profesional, se sube a la rueda de la vida y aprende a surcar las aguas turbias del mundo con astucia y decisi\u00f3n.  En el Oriente Medio se ve envuelto en un tema religioso que se le complica con un conflicto armado y tiene que huir de los circuitos normales por donde transcurre la vida de la gente. Buscado por terrorista y por supuestamente haber insultado al islam. En su huida atraviesa \u00c1frica y navega por tres Oc\u00e9anos enrolado como mec\u00e1nico naval en tres petroleros. La casualidad y la astucia hacen que en Sud Am\u00e9rica haga fortuna en poco tiempo.  Contin\u00faa su huida hasta los EE. UU. donde se topa con un hurac\u00e1n que le suelta un rayo de recuerdo. Acogido por una familia de la Cherokee Nation de Oklahoma conoce una tal Blue Moon nativa americana, que le cambia la vida para siempre al ser su esp\u00edritu coincidente. All\u00ed se da cuenta de lo peque\u00f1o y redondo que es nuestro mundo.","og_url":"https:\/\/letrame.com\/catalogo\/producto\/blue-moon-un-cherokee-del-pirineo\/","og_site_name":"Catalogo | Letrame Grupo Editorial","article_modified_time":"2024-09-04T14:06:40+00:00","og_image":[{"width":900,"height":1320,"url":"https:\/\/letrame.com\/catalogo\/wp-content\/uploads\/2024\/09\/zzp_bluemoonespana_1813mm.jpg","type":"image\/jpeg"}],"twitter_card":"summary_large_image","twitter_misc":{"Tiempo de lectura":"2 minutos"},"schema":{"@context":"https:\/\/schema.org","@graph":[{"@type":"WebPage","@id":"https:\/\/letrame.com\/catalogo\/producto\/blue-moon-un-cherokee-del-pirineo\/","url":"https:\/\/letrame.com\/catalogo\/producto\/blue-moon-un-cherokee-del-pirineo\/","name":"Blue Moon & un cherokee del Pirineo - Catalogo | Letrame Grupo Editorial","isPartOf":{"@id":"https:\/\/letrame.com\/catalogo\/#website"},"primaryImageOfPage":{"@id":"https:\/\/letrame.com\/catalogo\/producto\/blue-moon-un-cherokee-del-pirineo\/#primaryimage"},"image":{"@id":"https:\/\/letrame.com\/catalogo\/producto\/blue-moon-un-cherokee-del-pirineo\/#primaryimage"},"thumbnailUrl":"https:\/\/letrame.com\/catalogo\/wp-content\/uploads\/2024\/09\/zzp_bluemoonespana_1813mm.jpg","datePublished":"2024-09-04T14:06:39+00:00","dateModified":"2024-09-04T14:06:40+00:00","breadcrumb":{"@id":"https:\/\/letrame.com\/catalogo\/producto\/blue-moon-un-cherokee-del-pirineo\/#breadcrumb"},"inLanguage":"es","potentialAction":[{"@type":"ReadAction","target":["https:\/\/letrame.com\/catalogo\/producto\/blue-moon-un-cherokee-del-pirineo\/"]}]},{"@type":"ImageObject","inLanguage":"es","@id":"https:\/\/letrame.com\/catalogo\/producto\/blue-moon-un-cherokee-del-pirineo\/#primaryimage","url":"https:\/\/letrame.com\/catalogo\/wp-content\/uploads\/2024\/09\/zzp_bluemoonespana_1813mm.jpg","contentUrl":"https:\/\/letrame.com\/catalogo\/wp-content\/uploads\/2024\/09\/zzp_bluemoonespana_1813mm.jpg","width":900,"height":1320},{"@type":"BreadcrumbList","@id":"https:\/\/letrame.com\/catalogo\/producto\/blue-moon-un-cherokee-del-pirineo\/#breadcrumb","itemListElement":[{"@type":"ListItem","position":1,"name":"Portada","item":"https:\/\/letrame.com\/catalogo\/"},{"@type":"ListItem","position":2,"name":"Cat\u00e1logo","item":"https:\/\/letrame.com\/catalogo\/"},{"@type":"ListItem","position":3,"name":"Blue Moon &#038; un cherokee del Pirineo"}]},{"@type":"WebSite","@id":"https:\/\/letrame.com\/catalogo\/#website","url":"https:\/\/letrame.com\/catalogo\/","name":"Catalogo | Letrame Grupo Editorial","description":"","publisher":{"@id":"https:\/\/letrame.com\/catalogo\/#organization"},"potentialAction":[{"@type":"SearchAction","target":{"@type":"EntryPoint","urlTemplate":"https:\/\/letrame.com\/catalogo\/?s={search_term_string}"},"query-input":{"@type":"PropertyValueSpecification","valueRequired":true,"valueName":"search_term_string"}}],"inLanguage":"es"},{"@type":"Organization","@id":"https:\/\/letrame.com\/catalogo\/#organization","name":"Catalogo | Letrame Grupo Editorial","url":"https:\/\/letrame.com\/catalogo\/","logo":{"@type":"ImageObject","inLanguage":"es","@id":"https:\/\/letrame.com\/catalogo\/#\/schema\/logo\/image\/","url":"https:\/\/letrame.com\/catalogo\/wp-content\/uploads\/2024\/03\/logo2.webp","contentUrl":"https:\/\/letrame.com\/catalogo\/wp-content\/uploads\/2024\/03\/logo2.webp","width":394,"height":128,"caption":"Catalogo | Letrame Grupo Editorial"},"image":{"@id":"https:\/\/letrame.com\/catalogo\/#\/schema\/logo\/image\/"}}]}},"_links":{"self":[{"href":"https:\/\/letrame.com\/catalogo\/wp-json\/wp\/v2\/product\/106217","targetHints":{"allow":["GET"]}}],"collection":[{"href":"https:\/\/letrame.com\/catalogo\/wp-json\/wp\/v2\/product"}],"about":[{"href":"https:\/\/letrame.com\/catalogo\/wp-json\/wp\/v2\/types\/product"}],"replies":[{"embeddable":true,"href":"https:\/\/letrame.com\/catalogo\/wp-json\/wp\/v2\/comments?post=106217"}],"acf:post":[{"embeddable":true,"href":"https:\/\/letrame.com\/catalogo\/wp-json\/wp\/v2\/author_book\/102059"}],"wp:featuredmedia":[{"embeddable":true,"href":"https:\/\/letrame.com\/catalogo\/wp-json\/wp\/v2\/media\/106218"}],"wp:attachment":[{"href":"https:\/\/letrame.com\/catalogo\/wp-json\/wp\/v2\/media?parent=106217"}],"wp:term":[{"taxonomy":"libro","embeddable":true,"href":"https:\/\/letrame.com\/catalogo\/wp-json\/wp\/v2\/libro?post=106217"},{"taxonomy":"product_brand","embeddable":true,"href":"https:\/\/letrame.com\/catalogo\/wp-json\/wp\/v2\/product_brand?post=106217"},{"taxonomy":"product_cat","embeddable":true,"href":"https:\/\/letrame.com\/catalogo\/wp-json\/wp\/v2\/product_cat?post=106217"},{"taxonomy":"product_tag","embeddable":true,"href":"https:\/\/letrame.com\/catalogo\/wp-json\/wp\/v2\/product_tag?post=106217"}],"curies":[{"name":"wp","href":"https:\/\/api.w.org\/{rel}","templated":true}]}}