{"id":106172,"date":"2024-09-03T10:00:51","date_gmt":"2024-09-03T08:00:51","guid":{"rendered":"https:\/\/letrame.com\/catalogo\/?post_type=product&#038;p=106172"},"modified":"2024-09-03T10:00:52","modified_gmt":"2024-09-03T08:00:52","slug":"la-caja-musical-de-saib","status":"publish","type":"product","link":"https:\/\/letrame.com\/catalogo\/producto\/la-caja-musical-de-saib\/","title":{"rendered":"La caja musical de Saib"},"content":{"rendered":"<p class=\"p1\">ISBN:\u00a0978-84-1068-407-2<\/p>\n<p class=\"p1\">T\u00edtulo:\u00a0La caja musical de\u00a0Saib<\/p>\n<p class=\"p1\">Fecha: 2024<\/p>\n<p class=\"p1\">P\u00e1ginas: 288<\/p>\n<p class=\"p1\">SINOPSIS<\/p>\n<p>Durante una caminata en el estrecho vial de Delawar, habr\u00eda de sonre\u00edr mientras recordaba un episodio gratificante en lo que ha sido mi vida hasta ahora. En escena estaba un escritor sin ideas buscando ese verbo crucial para una obra digna de la cultura humana, un ejemplo de ello son las historias de los dioses y las millones de fabulas construidas alrededor de hombres poderosos e invencibles, ese d\u00eda se llev\u00f3 una sorpresa cuando le cont\u00e9 una historia que empezaba con un hombre arruinado\u2026.<\/p>\n<p>Saib, vendedora de artesanias (1931).<\/p>\n","protected":false},"excerpt":{"rendered":"<p class=\"p1\">ISBN:\u00a0978-84-1068-407-2<\/p>\n<p class=\"p1\">SINOPSIS<\/p>\n<p>Durante una caminata en el estrecho vial de Delawar, habr\u00eda de sonre\u00edr mientras recordaba un episodio gratificante en lo que ha sido mi vida hasta ahora. En escena estaba un escritor sin ideas buscando ese verbo crucial para una obra digna de la cultura humana, un ejemplo de ello son las historias de los dioses y las millones de fabulas construidas alrededor de hombres poderosos e invencibles, ese d\u00eda se llev\u00f3 una sorpresa cuando le cont\u00e9 una historia que empezaba con un hombre arruinado\u2026.<\/p>\n<p>Saib, vendedora de artesanias (1931).<\/p>\n","protected":false},"featured_media":106174,"comment_status":"open","ping_status":"closed","template":"","meta":{"_acf_changed":false},"libro":[],"product_brand":[],"product_cat":[111],"product_tag":[],"class_list":{"0":"post-106172","1":"product","2":"type-product","3":"status-publish","4":"has-post-thumbnail","6":"product_cat-thriller","8":"first","9":"instock","10":"shipping-taxable","11":"product-type-simple"},"acf":{"autor":[106171],"enlace_de_compra":"https:\/\/amzn.to\/4cSwZPk"},"yoast_head":"<!-- This site is optimized with the Yoast SEO plugin v26.6 - https:\/\/yoast.com\/wordpress\/plugins\/seo\/ -->\n<title>La caja musical de Saib - Catalogo | Letrame Grupo Editorial<\/title>\n<meta name=\"robots\" content=\"index, follow, max-snippet:-1, max-image-preview:large, max-video-preview:-1\" \/>\n<link rel=\"canonical\" href=\"https:\/\/letrame.com\/catalogo\/producto\/la-caja-musical-de-saib\/\" \/>\n<meta property=\"og:locale\" content=\"es_ES\" \/>\n<meta property=\"og:type\" content=\"article\" \/>\n<meta property=\"og:title\" content=\"La caja musical de Saib - Catalogo | Letrame Grupo Editorial\" \/>\n<meta property=\"og:description\" content=\"ISBN:\u00a0978-84-1068-407-2 SINOPSIS Durante una caminata en el estrecho vial de Delawar, habr\u00eda de sonre\u00edr mientras recordaba un episodio gratificante en lo que ha sido mi vida hasta ahora. En escena estaba un escritor sin ideas buscando ese verbo crucial para una obra digna de la cultura humana, un ejemplo de ello son las historias de los dioses y las millones de fabulas construidas alrededor de hombres poderosos e invencibles, ese d\u00eda se llev\u00f3 una sorpresa cuando le cont\u00e9 una historia que empezaba con un hombre arruinado\u2026.  Saib, vendedora de artesanias (1931).\" \/>\n<meta property=\"og:url\" content=\"https:\/\/letrame.com\/catalogo\/producto\/la-caja-musical-de-saib\/\" \/>\n<meta property=\"og:site_name\" content=\"Catalogo | Letrame Grupo Editorial\" \/>\n<meta property=\"article:modified_time\" content=\"2024-09-03T08:00:52+00:00\" \/>\n<meta property=\"og:image\" content=\"https:\/\/letrame.com\/catalogo\/wp-content\/uploads\/2024\/09\/lsdfs.jpg\" \/>\n\t<meta property=\"og:image:width\" content=\"775\" \/>\n\t<meta property=\"og:image:height\" content=\"1136\" \/>\n\t<meta property=\"og:image:type\" content=\"image\/jpeg\" \/>\n<meta name=\"twitter:card\" content=\"summary_large_image\" \/>\n<meta name=\"twitter:label1\" content=\"Tiempo de lectura\" \/>\n\t<meta name=\"twitter:data1\" content=\"1 minuto\" \/>\n<script type=\"application\/ld+json\" class=\"yoast-schema-graph\">{\"@context\":\"https:\/\/schema.org\",\"@graph\":[{\"@type\":\"WebPage\",\"@id\":\"https:\/\/letrame.com\/catalogo\/producto\/la-caja-musical-de-saib\/\",\"url\":\"https:\/\/letrame.com\/catalogo\/producto\/la-caja-musical-de-saib\/\",\"name\":\"La caja musical de Saib - Catalogo | Letrame Grupo Editorial\",\"isPartOf\":{\"@id\":\"https:\/\/letrame.com\/catalogo\/#website\"},\"primaryImageOfPage\":{\"@id\":\"https:\/\/letrame.com\/catalogo\/producto\/la-caja-musical-de-saib\/#primaryimage\"},\"image\":{\"@id\":\"https:\/\/letrame.com\/catalogo\/producto\/la-caja-musical-de-saib\/#primaryimage\"},\"thumbnailUrl\":\"https:\/\/letrame.com\/catalogo\/wp-content\/uploads\/2024\/09\/lsdfs.jpg\",\"datePublished\":\"2024-09-03T08:00:51+00:00\",\"dateModified\":\"2024-09-03T08:00:52+00:00\",\"breadcrumb\":{\"@id\":\"https:\/\/letrame.com\/catalogo\/producto\/la-caja-musical-de-saib\/#breadcrumb\"},\"inLanguage\":\"es\",\"potentialAction\":[{\"@type\":\"ReadAction\",\"target\":[\"https:\/\/letrame.com\/catalogo\/producto\/la-caja-musical-de-saib\/\"]}]},{\"@type\":\"ImageObject\",\"inLanguage\":\"es\",\"@id\":\"https:\/\/letrame.com\/catalogo\/producto\/la-caja-musical-de-saib\/#primaryimage\",\"url\":\"https:\/\/letrame.com\/catalogo\/wp-content\/uploads\/2024\/09\/lsdfs.jpg\",\"contentUrl\":\"https:\/\/letrame.com\/catalogo\/wp-content\/uploads\/2024\/09\/lsdfs.jpg\",\"width\":775,\"height\":1136},{\"@type\":\"BreadcrumbList\",\"@id\":\"https:\/\/letrame.com\/catalogo\/producto\/la-caja-musical-de-saib\/#breadcrumb\",\"itemListElement\":[{\"@type\":\"ListItem\",\"position\":1,\"name\":\"Portada\",\"item\":\"https:\/\/letrame.com\/catalogo\/\"},{\"@type\":\"ListItem\",\"position\":2,\"name\":\"Cat\u00e1logo\",\"item\":\"https:\/\/letrame.com\/catalogo\/\"},{\"@type\":\"ListItem\",\"position\":3,\"name\":\"La caja musical de Saib\"}]},{\"@type\":\"WebSite\",\"@id\":\"https:\/\/letrame.com\/catalogo\/#website\",\"url\":\"https:\/\/letrame.com\/catalogo\/\",\"name\":\"Catalogo | Letrame Grupo Editorial\",\"description\":\"\",\"publisher\":{\"@id\":\"https:\/\/letrame.com\/catalogo\/#organization\"},\"potentialAction\":[{\"@type\":\"SearchAction\",\"target\":{\"@type\":\"EntryPoint\",\"urlTemplate\":\"https:\/\/letrame.com\/catalogo\/?s={search_term_string}\"},\"query-input\":{\"@type\":\"PropertyValueSpecification\",\"valueRequired\":true,\"valueName\":\"search_term_string\"}}],\"inLanguage\":\"es\"},{\"@type\":\"Organization\",\"@id\":\"https:\/\/letrame.com\/catalogo\/#organization\",\"name\":\"Catalogo | Letrame Grupo Editorial\",\"url\":\"https:\/\/letrame.com\/catalogo\/\",\"logo\":{\"@type\":\"ImageObject\",\"inLanguage\":\"es\",\"@id\":\"https:\/\/letrame.com\/catalogo\/#\/schema\/logo\/image\/\",\"url\":\"https:\/\/letrame.com\/catalogo\/wp-content\/uploads\/2024\/03\/logo2.webp\",\"contentUrl\":\"https:\/\/letrame.com\/catalogo\/wp-content\/uploads\/2024\/03\/logo2.webp\",\"width\":394,\"height\":128,\"caption\":\"Catalogo | Letrame Grupo Editorial\"},\"image\":{\"@id\":\"https:\/\/letrame.com\/catalogo\/#\/schema\/logo\/image\/\"}}]}<\/script>\n<!-- \/ Yoast SEO plugin. -->","yoast_head_json":{"title":"La caja musical de Saib - Catalogo | Letrame Grupo Editorial","robots":{"index":"index","follow":"follow","max-snippet":"max-snippet:-1","max-image-preview":"max-image-preview:large","max-video-preview":"max-video-preview:-1"},"canonical":"https:\/\/letrame.com\/catalogo\/producto\/la-caja-musical-de-saib\/","og_locale":"es_ES","og_type":"article","og_title":"La caja musical de Saib - Catalogo | Letrame Grupo Editorial","og_description":"ISBN:\u00a0978-84-1068-407-2 SINOPSIS Durante una caminata en el estrecho vial de Delawar, habr\u00eda de sonre\u00edr mientras recordaba un episodio gratificante en lo que ha sido mi vida hasta ahora. En escena estaba un escritor sin ideas buscando ese verbo crucial para una obra digna de la cultura humana, un ejemplo de ello son las historias de los dioses y las millones de fabulas construidas alrededor de hombres poderosos e invencibles, ese d\u00eda se llev\u00f3 una sorpresa cuando le cont\u00e9 una historia que empezaba con un hombre arruinado\u2026.  Saib, vendedora de artesanias (1931).","og_url":"https:\/\/letrame.com\/catalogo\/producto\/la-caja-musical-de-saib\/","og_site_name":"Catalogo | Letrame Grupo Editorial","article_modified_time":"2024-09-03T08:00:52+00:00","og_image":[{"width":775,"height":1136,"url":"https:\/\/letrame.com\/catalogo\/wp-content\/uploads\/2024\/09\/lsdfs.jpg","type":"image\/jpeg"}],"twitter_card":"summary_large_image","twitter_misc":{"Tiempo de lectura":"1 minuto"},"schema":{"@context":"https:\/\/schema.org","@graph":[{"@type":"WebPage","@id":"https:\/\/letrame.com\/catalogo\/producto\/la-caja-musical-de-saib\/","url":"https:\/\/letrame.com\/catalogo\/producto\/la-caja-musical-de-saib\/","name":"La caja musical de Saib - Catalogo | Letrame Grupo Editorial","isPartOf":{"@id":"https:\/\/letrame.com\/catalogo\/#website"},"primaryImageOfPage":{"@id":"https:\/\/letrame.com\/catalogo\/producto\/la-caja-musical-de-saib\/#primaryimage"},"image":{"@id":"https:\/\/letrame.com\/catalogo\/producto\/la-caja-musical-de-saib\/#primaryimage"},"thumbnailUrl":"https:\/\/letrame.com\/catalogo\/wp-content\/uploads\/2024\/09\/lsdfs.jpg","datePublished":"2024-09-03T08:00:51+00:00","dateModified":"2024-09-03T08:00:52+00:00","breadcrumb":{"@id":"https:\/\/letrame.com\/catalogo\/producto\/la-caja-musical-de-saib\/#breadcrumb"},"inLanguage":"es","potentialAction":[{"@type":"ReadAction","target":["https:\/\/letrame.com\/catalogo\/producto\/la-caja-musical-de-saib\/"]}]},{"@type":"ImageObject","inLanguage":"es","@id":"https:\/\/letrame.com\/catalogo\/producto\/la-caja-musical-de-saib\/#primaryimage","url":"https:\/\/letrame.com\/catalogo\/wp-content\/uploads\/2024\/09\/lsdfs.jpg","contentUrl":"https:\/\/letrame.com\/catalogo\/wp-content\/uploads\/2024\/09\/lsdfs.jpg","width":775,"height":1136},{"@type":"BreadcrumbList","@id":"https:\/\/letrame.com\/catalogo\/producto\/la-caja-musical-de-saib\/#breadcrumb","itemListElement":[{"@type":"ListItem","position":1,"name":"Portada","item":"https:\/\/letrame.com\/catalogo\/"},{"@type":"ListItem","position":2,"name":"Cat\u00e1logo","item":"https:\/\/letrame.com\/catalogo\/"},{"@type":"ListItem","position":3,"name":"La caja musical de Saib"}]},{"@type":"WebSite","@id":"https:\/\/letrame.com\/catalogo\/#website","url":"https:\/\/letrame.com\/catalogo\/","name":"Catalogo | Letrame Grupo Editorial","description":"","publisher":{"@id":"https:\/\/letrame.com\/catalogo\/#organization"},"potentialAction":[{"@type":"SearchAction","target":{"@type":"EntryPoint","urlTemplate":"https:\/\/letrame.com\/catalogo\/?s={search_term_string}"},"query-input":{"@type":"PropertyValueSpecification","valueRequired":true,"valueName":"search_term_string"}}],"inLanguage":"es"},{"@type":"Organization","@id":"https:\/\/letrame.com\/catalogo\/#organization","name":"Catalogo | Letrame Grupo Editorial","url":"https:\/\/letrame.com\/catalogo\/","logo":{"@type":"ImageObject","inLanguage":"es","@id":"https:\/\/letrame.com\/catalogo\/#\/schema\/logo\/image\/","url":"https:\/\/letrame.com\/catalogo\/wp-content\/uploads\/2024\/03\/logo2.webp","contentUrl":"https:\/\/letrame.com\/catalogo\/wp-content\/uploads\/2024\/03\/logo2.webp","width":394,"height":128,"caption":"Catalogo | Letrame Grupo Editorial"},"image":{"@id":"https:\/\/letrame.com\/catalogo\/#\/schema\/logo\/image\/"}}]}},"_links":{"self":[{"href":"https:\/\/letrame.com\/catalogo\/wp-json\/wp\/v2\/product\/106172","targetHints":{"allow":["GET"]}}],"collection":[{"href":"https:\/\/letrame.com\/catalogo\/wp-json\/wp\/v2\/product"}],"about":[{"href":"https:\/\/letrame.com\/catalogo\/wp-json\/wp\/v2\/types\/product"}],"replies":[{"embeddable":true,"href":"https:\/\/letrame.com\/catalogo\/wp-json\/wp\/v2\/comments?post=106172"}],"acf:post":[{"embeddable":true,"href":"https:\/\/letrame.com\/catalogo\/wp-json\/wp\/v2\/author_book\/106171"}],"wp:featuredmedia":[{"embeddable":true,"href":"https:\/\/letrame.com\/catalogo\/wp-json\/wp\/v2\/media\/106174"}],"wp:attachment":[{"href":"https:\/\/letrame.com\/catalogo\/wp-json\/wp\/v2\/media?parent=106172"}],"wp:term":[{"taxonomy":"libro","embeddable":true,"href":"https:\/\/letrame.com\/catalogo\/wp-json\/wp\/v2\/libro?post=106172"},{"taxonomy":"product_brand","embeddable":true,"href":"https:\/\/letrame.com\/catalogo\/wp-json\/wp\/v2\/product_brand?post=106172"},{"taxonomy":"product_cat","embeddable":true,"href":"https:\/\/letrame.com\/catalogo\/wp-json\/wp\/v2\/product_cat?post=106172"},{"taxonomy":"product_tag","embeddable":true,"href":"https:\/\/letrame.com\/catalogo\/wp-json\/wp\/v2\/product_tag?post=106172"}],"curies":[{"name":"wp","href":"https:\/\/api.w.org\/{rel}","templated":true}]}}