{"id":106151,"date":"2024-09-03T09:08:37","date_gmt":"2024-09-03T07:08:37","guid":{"rendered":"https:\/\/letrame.com\/catalogo\/?post_type=product&#038;p=106151"},"modified":"2024-09-03T09:08:38","modified_gmt":"2024-09-03T07:08:38","slug":"ojala-tuviera-un-cliente","status":"publish","type":"product","link":"https:\/\/letrame.com\/catalogo\/producto\/ojala-tuviera-un-cliente\/","title":{"rendered":"Ojal\u00e1 tuviera un cliente"},"content":{"rendered":"<p class=\"p1\">ISBN:\u00a0978-84-1068-641-0<\/p>\n<p class=\"p1\">T\u00edtulo: Ojal\u00e1 tuviera un cliente<\/p>\n<p class=\"p1\">Fecha: 2024<\/p>\n<p class=\"p1\">P\u00e1ginas: 154<\/p>\n<p class=\"p1\">SINOPSIS<\/p>\n<p>Vive la revoluci\u00f3n AI y descubre c\u00f3mo implementar de manera pr\u00e1ctica la Inteligencia Artificial a favor de tus clientes, lleva tu negocio al siguiente nivel.<\/p>\n<p>Este libro de f\u00e1cil lectura te guiar\u00e1 a trav\u00e9s de un viaje transformador, donde aprender\u00e1s c\u00f3mo colocar al cliente en el centro de tu empresa y c\u00f3mo esto puede marcar la diferencia entre el \u00e9xito y el fracaso.<\/p>\n","protected":false},"excerpt":{"rendered":"<p class=\"p1\">ISBN:\u00a0978-84-1068-641-0<\/p>\n<p class=\"p1\">SINOPSIS<\/p>\n<p>Vive la revoluci\u00f3n AI y descubre c\u00f3mo implementar de manera pr\u00e1ctica la Inteligencia Artificial a favor de tus clientes, lleva tu negocio al siguiente nivel.<\/p>\n<p>Este libro de f\u00e1cil lectura te guiar\u00e1 a trav\u00e9s de un viaje transformador, donde aprender\u00e1s c\u00f3mo colocar al cliente en el centro de tu empresa y c\u00f3mo esto puede marcar la diferencia entre el \u00e9xito y el fracaso.<\/p>\n","protected":false},"featured_media":106153,"comment_status":"open","ping_status":"closed","template":"","meta":{"_acf_changed":false},"libro":[],"product_brand":[],"product_cat":[40],"product_tag":[],"class_list":{"0":"post-106151","1":"product","2":"type-product","3":"status-publish","4":"has-post-thumbnail","6":"product_cat-economia","8":"first","9":"instock","10":"shipping-taxable","11":"product-type-simple"},"acf":{"autor":[106150],"enlace_de_compra":"https:\/\/amzn.to\/4e9C8mW"},"yoast_head":"<!-- This site is optimized with the Yoast SEO plugin v26.6 - https:\/\/yoast.com\/wordpress\/plugins\/seo\/ -->\n<title>Ojal\u00e1 tuviera un cliente - Catalogo | Letrame Grupo Editorial<\/title>\n<meta name=\"robots\" content=\"index, follow, max-snippet:-1, max-image-preview:large, max-video-preview:-1\" \/>\n<link rel=\"canonical\" href=\"https:\/\/letrame.com\/catalogo\/producto\/ojala-tuviera-un-cliente\/\" \/>\n<meta property=\"og:locale\" content=\"es_ES\" \/>\n<meta property=\"og:type\" content=\"article\" \/>\n<meta property=\"og:title\" content=\"Ojal\u00e1 tuviera un cliente - Catalogo | Letrame Grupo Editorial\" \/>\n<meta property=\"og:description\" content=\"ISBN:\u00a0978-84-1068-641-0 SINOPSIS Vive la revoluci\u00f3n AI y descubre c\u00f3mo implementar de manera pr\u00e1ctica la Inteligencia Artificial a favor de tus clientes, lleva tu negocio al siguiente nivel.  Este libro de f\u00e1cil lectura te guiar\u00e1 a trav\u00e9s de un viaje transformador, donde aprender\u00e1s c\u00f3mo colocar al cliente en el centro de tu empresa y c\u00f3mo esto puede marcar la diferencia entre el \u00e9xito y el fracaso.\" \/>\n<meta property=\"og:url\" content=\"https:\/\/letrame.com\/catalogo\/producto\/ojala-tuviera-un-cliente\/\" \/>\n<meta property=\"og:site_name\" content=\"Catalogo | Letrame Grupo Editorial\" \/>\n<meta property=\"article:modified_time\" content=\"2024-09-03T07:08:38+00:00\" \/>\n<meta property=\"og:image\" content=\"https:\/\/letrame.com\/catalogo\/wp-content\/uploads\/2024\/09\/zojalatuviera_918mm4.jpg\" \/>\n\t<meta property=\"og:image:width\" content=\"1000\" \/>\n\t<meta property=\"og:image:height\" content=\"1400\" \/>\n\t<meta property=\"og:image:type\" content=\"image\/jpeg\" \/>\n<meta name=\"twitter:card\" content=\"summary_large_image\" \/>\n<meta name=\"twitter:label1\" content=\"Tiempo de lectura\" \/>\n\t<meta name=\"twitter:data1\" content=\"1 minuto\" \/>\n<script type=\"application\/ld+json\" class=\"yoast-schema-graph\">{\"@context\":\"https:\/\/schema.org\",\"@graph\":[{\"@type\":\"WebPage\",\"@id\":\"https:\/\/letrame.com\/catalogo\/producto\/ojala-tuviera-un-cliente\/\",\"url\":\"https:\/\/letrame.com\/catalogo\/producto\/ojala-tuviera-un-cliente\/\",\"name\":\"Ojal\u00e1 tuviera un cliente - Catalogo | Letrame Grupo Editorial\",\"isPartOf\":{\"@id\":\"https:\/\/letrame.com\/catalogo\/#website\"},\"primaryImageOfPage\":{\"@id\":\"https:\/\/letrame.com\/catalogo\/producto\/ojala-tuviera-un-cliente\/#primaryimage\"},\"image\":{\"@id\":\"https:\/\/letrame.com\/catalogo\/producto\/ojala-tuviera-un-cliente\/#primaryimage\"},\"thumbnailUrl\":\"https:\/\/letrame.com\/catalogo\/wp-content\/uploads\/2024\/09\/zojalatuviera_918mm4.jpg\",\"datePublished\":\"2024-09-03T07:08:37+00:00\",\"dateModified\":\"2024-09-03T07:08:38+00:00\",\"breadcrumb\":{\"@id\":\"https:\/\/letrame.com\/catalogo\/producto\/ojala-tuviera-un-cliente\/#breadcrumb\"},\"inLanguage\":\"es\",\"potentialAction\":[{\"@type\":\"ReadAction\",\"target\":[\"https:\/\/letrame.com\/catalogo\/producto\/ojala-tuviera-un-cliente\/\"]}]},{\"@type\":\"ImageObject\",\"inLanguage\":\"es\",\"@id\":\"https:\/\/letrame.com\/catalogo\/producto\/ojala-tuviera-un-cliente\/#primaryimage\",\"url\":\"https:\/\/letrame.com\/catalogo\/wp-content\/uploads\/2024\/09\/zojalatuviera_918mm4.jpg\",\"contentUrl\":\"https:\/\/letrame.com\/catalogo\/wp-content\/uploads\/2024\/09\/zojalatuviera_918mm4.jpg\",\"width\":1000,\"height\":1400},{\"@type\":\"BreadcrumbList\",\"@id\":\"https:\/\/letrame.com\/catalogo\/producto\/ojala-tuviera-un-cliente\/#breadcrumb\",\"itemListElement\":[{\"@type\":\"ListItem\",\"position\":1,\"name\":\"Portada\",\"item\":\"https:\/\/letrame.com\/catalogo\/\"},{\"@type\":\"ListItem\",\"position\":2,\"name\":\"Cat\u00e1logo\",\"item\":\"https:\/\/letrame.com\/catalogo\/\"},{\"@type\":\"ListItem\",\"position\":3,\"name\":\"Ojal\u00e1 tuviera un cliente\"}]},{\"@type\":\"WebSite\",\"@id\":\"https:\/\/letrame.com\/catalogo\/#website\",\"url\":\"https:\/\/letrame.com\/catalogo\/\",\"name\":\"Catalogo | Letrame Grupo Editorial\",\"description\":\"\",\"publisher\":{\"@id\":\"https:\/\/letrame.com\/catalogo\/#organization\"},\"potentialAction\":[{\"@type\":\"SearchAction\",\"target\":{\"@type\":\"EntryPoint\",\"urlTemplate\":\"https:\/\/letrame.com\/catalogo\/?s={search_term_string}\"},\"query-input\":{\"@type\":\"PropertyValueSpecification\",\"valueRequired\":true,\"valueName\":\"search_term_string\"}}],\"inLanguage\":\"es\"},{\"@type\":\"Organization\",\"@id\":\"https:\/\/letrame.com\/catalogo\/#organization\",\"name\":\"Catalogo | Letrame Grupo Editorial\",\"url\":\"https:\/\/letrame.com\/catalogo\/\",\"logo\":{\"@type\":\"ImageObject\",\"inLanguage\":\"es\",\"@id\":\"https:\/\/letrame.com\/catalogo\/#\/schema\/logo\/image\/\",\"url\":\"https:\/\/letrame.com\/catalogo\/wp-content\/uploads\/2024\/03\/logo2.webp\",\"contentUrl\":\"https:\/\/letrame.com\/catalogo\/wp-content\/uploads\/2024\/03\/logo2.webp\",\"width\":394,\"height\":128,\"caption\":\"Catalogo | Letrame Grupo Editorial\"},\"image\":{\"@id\":\"https:\/\/letrame.com\/catalogo\/#\/schema\/logo\/image\/\"}}]}<\/script>\n<!-- \/ Yoast SEO plugin. -->","yoast_head_json":{"title":"Ojal\u00e1 tuviera un cliente - Catalogo | Letrame Grupo Editorial","robots":{"index":"index","follow":"follow","max-snippet":"max-snippet:-1","max-image-preview":"max-image-preview:large","max-video-preview":"max-video-preview:-1"},"canonical":"https:\/\/letrame.com\/catalogo\/producto\/ojala-tuviera-un-cliente\/","og_locale":"es_ES","og_type":"article","og_title":"Ojal\u00e1 tuviera un cliente - Catalogo | Letrame Grupo Editorial","og_description":"ISBN:\u00a0978-84-1068-641-0 SINOPSIS Vive la revoluci\u00f3n AI y descubre c\u00f3mo implementar de manera pr\u00e1ctica la Inteligencia Artificial a favor de tus clientes, lleva tu negocio al siguiente nivel.  Este libro de f\u00e1cil lectura te guiar\u00e1 a trav\u00e9s de un viaje transformador, donde aprender\u00e1s c\u00f3mo colocar al cliente en el centro de tu empresa y c\u00f3mo esto puede marcar la diferencia entre el \u00e9xito y el fracaso.","og_url":"https:\/\/letrame.com\/catalogo\/producto\/ojala-tuviera-un-cliente\/","og_site_name":"Catalogo | Letrame Grupo Editorial","article_modified_time":"2024-09-03T07:08:38+00:00","og_image":[{"width":1000,"height":1400,"url":"https:\/\/letrame.com\/catalogo\/wp-content\/uploads\/2024\/09\/zojalatuviera_918mm4.jpg","type":"image\/jpeg"}],"twitter_card":"summary_large_image","twitter_misc":{"Tiempo de lectura":"1 minuto"},"schema":{"@context":"https:\/\/schema.org","@graph":[{"@type":"WebPage","@id":"https:\/\/letrame.com\/catalogo\/producto\/ojala-tuviera-un-cliente\/","url":"https:\/\/letrame.com\/catalogo\/producto\/ojala-tuviera-un-cliente\/","name":"Ojal\u00e1 tuviera un cliente - Catalogo | Letrame Grupo Editorial","isPartOf":{"@id":"https:\/\/letrame.com\/catalogo\/#website"},"primaryImageOfPage":{"@id":"https:\/\/letrame.com\/catalogo\/producto\/ojala-tuviera-un-cliente\/#primaryimage"},"image":{"@id":"https:\/\/letrame.com\/catalogo\/producto\/ojala-tuviera-un-cliente\/#primaryimage"},"thumbnailUrl":"https:\/\/letrame.com\/catalogo\/wp-content\/uploads\/2024\/09\/zojalatuviera_918mm4.jpg","datePublished":"2024-09-03T07:08:37+00:00","dateModified":"2024-09-03T07:08:38+00:00","breadcrumb":{"@id":"https:\/\/letrame.com\/catalogo\/producto\/ojala-tuviera-un-cliente\/#breadcrumb"},"inLanguage":"es","potentialAction":[{"@type":"ReadAction","target":["https:\/\/letrame.com\/catalogo\/producto\/ojala-tuviera-un-cliente\/"]}]},{"@type":"ImageObject","inLanguage":"es","@id":"https:\/\/letrame.com\/catalogo\/producto\/ojala-tuviera-un-cliente\/#primaryimage","url":"https:\/\/letrame.com\/catalogo\/wp-content\/uploads\/2024\/09\/zojalatuviera_918mm4.jpg","contentUrl":"https:\/\/letrame.com\/catalogo\/wp-content\/uploads\/2024\/09\/zojalatuviera_918mm4.jpg","width":1000,"height":1400},{"@type":"BreadcrumbList","@id":"https:\/\/letrame.com\/catalogo\/producto\/ojala-tuviera-un-cliente\/#breadcrumb","itemListElement":[{"@type":"ListItem","position":1,"name":"Portada","item":"https:\/\/letrame.com\/catalogo\/"},{"@type":"ListItem","position":2,"name":"Cat\u00e1logo","item":"https:\/\/letrame.com\/catalogo\/"},{"@type":"ListItem","position":3,"name":"Ojal\u00e1 tuviera un cliente"}]},{"@type":"WebSite","@id":"https:\/\/letrame.com\/catalogo\/#website","url":"https:\/\/letrame.com\/catalogo\/","name":"Catalogo | Letrame Grupo Editorial","description":"","publisher":{"@id":"https:\/\/letrame.com\/catalogo\/#organization"},"potentialAction":[{"@type":"SearchAction","target":{"@type":"EntryPoint","urlTemplate":"https:\/\/letrame.com\/catalogo\/?s={search_term_string}"},"query-input":{"@type":"PropertyValueSpecification","valueRequired":true,"valueName":"search_term_string"}}],"inLanguage":"es"},{"@type":"Organization","@id":"https:\/\/letrame.com\/catalogo\/#organization","name":"Catalogo | Letrame Grupo Editorial","url":"https:\/\/letrame.com\/catalogo\/","logo":{"@type":"ImageObject","inLanguage":"es","@id":"https:\/\/letrame.com\/catalogo\/#\/schema\/logo\/image\/","url":"https:\/\/letrame.com\/catalogo\/wp-content\/uploads\/2024\/03\/logo2.webp","contentUrl":"https:\/\/letrame.com\/catalogo\/wp-content\/uploads\/2024\/03\/logo2.webp","width":394,"height":128,"caption":"Catalogo | Letrame Grupo Editorial"},"image":{"@id":"https:\/\/letrame.com\/catalogo\/#\/schema\/logo\/image\/"}}]}},"_links":{"self":[{"href":"https:\/\/letrame.com\/catalogo\/wp-json\/wp\/v2\/product\/106151","targetHints":{"allow":["GET"]}}],"collection":[{"href":"https:\/\/letrame.com\/catalogo\/wp-json\/wp\/v2\/product"}],"about":[{"href":"https:\/\/letrame.com\/catalogo\/wp-json\/wp\/v2\/types\/product"}],"replies":[{"embeddable":true,"href":"https:\/\/letrame.com\/catalogo\/wp-json\/wp\/v2\/comments?post=106151"}],"acf:post":[{"embeddable":true,"href":"https:\/\/letrame.com\/catalogo\/wp-json\/wp\/v2\/author_book\/106150"}],"wp:featuredmedia":[{"embeddable":true,"href":"https:\/\/letrame.com\/catalogo\/wp-json\/wp\/v2\/media\/106153"}],"wp:attachment":[{"href":"https:\/\/letrame.com\/catalogo\/wp-json\/wp\/v2\/media?parent=106151"}],"wp:term":[{"taxonomy":"libro","embeddable":true,"href":"https:\/\/letrame.com\/catalogo\/wp-json\/wp\/v2\/libro?post=106151"},{"taxonomy":"product_brand","embeddable":true,"href":"https:\/\/letrame.com\/catalogo\/wp-json\/wp\/v2\/product_brand?post=106151"},{"taxonomy":"product_cat","embeddable":true,"href":"https:\/\/letrame.com\/catalogo\/wp-json\/wp\/v2\/product_cat?post=106151"},{"taxonomy":"product_tag","embeddable":true,"href":"https:\/\/letrame.com\/catalogo\/wp-json\/wp\/v2\/product_tag?post=106151"}],"curies":[{"name":"wp","href":"https:\/\/api.w.org\/{rel}","templated":true}]}}