{"id":106109,"date":"2024-08-27T16:03:07","date_gmt":"2024-08-27T14:03:07","guid":{"rendered":"https:\/\/letrame.com\/catalogo\/?post_type=product&#038;p=106109"},"modified":"2024-08-27T16:03:27","modified_gmt":"2024-08-27T14:03:27","slug":"el-volar-de-las-mariposas-2edicion","status":"publish","type":"product","link":"https:\/\/letrame.com\/catalogo\/producto\/el-volar-de-las-mariposas-2edicion\/","title":{"rendered":"El volar de las mariposas 2Edici\u00f3n"},"content":{"rendered":"<p class=\"p1\">ISBN:\u00a0978-84-1181-609-0<\/p>\n<p class=\"p1\">T\u00edtulo: El volar de las mariposas 2Edici\u00f3n<\/p>\n<p class=\"p1\">Fecha: 2023<\/p>\n<p class=\"p1\">P\u00e1ginas: 416<\/p>\n<p class=\"p1\">SINOPSIS<\/p>\n<p>Alex D. Hern\u00e1ndez, ALDHER en esta ocasi\u00f3n, ha escrito un libro autobiogr\u00e1fico en el que aborda y cuestiona cuatro aspectos principales que han marcado su vida. La\u00a0 mal llamada \u00absalida del armario\u00bb, las limitaciones reales\u00a0 que el concepto social del g\u00e9nero implica en la vida de las personas, especialmente en los hombres, el abuso narcisista del que fue v\u00edctima tanto en el \u00e1mbito laboral como personal\u00a0 y la maravillosa decisi\u00f3n de la vuelta a la vida rural en el campo, en su pueblo de toda la vida. Encontrar\u00e1s una historia real en la que todos los temas estar\u00e1n relacionados y tienen un sentido y un prop\u00f3sito; compartir para sanar y avanzar en el camino de la vida.<\/p>\n<p>Tambi\u00e9n encontrar\u00e1s numerosas herramientas y preguntas\u00a0 potentes que te servir\u00e1n de gu\u00eda para poder tomar consciencia y superar los procesos de duelo, especialmente en los casos de aceptaci\u00f3n y autoaceptaci\u00f3n de tu homosexualidad\u00a0 consiguiendo integrarlo positivamente y de manera natural en tu vida, as\u00ed como en tu entorno familiar y m\u00e1s\u00a0 pr\u00f3ximo.<\/p>\n<p>Si has sido o eres en estos momentos una v\u00edctima de abuso narcisista o psicop\u00e1tico en cualquier esfera de tu vida, este es un libro en el que tambi\u00e9n encontrar\u00e1s un mont\u00f3n de recursos, herramientas, explicaciones e informaci\u00f3n, adem\u00e1s de experiencias propias en dichos procesos que te permitir\u00e1n obtener un atisbo de luz\u00a0 para vislumbrar la salida del t\u00fanel.<\/p>\n<p>Como persona, \u00c1lex abre su coraz\u00f3n contando su historia y su verdad. Como Docente y Coach Zero experto en Entrenamiento y Acompa\u00f1amiento a v\u00edctimas de acoso y relaciones t\u00f3xicas,\u00a0 especialista en Inteligencia Emocional y PNL, propone un m\u00e9todo de trabajo estructurado con el objetivo de\u00a0 continuar\u00a0 avanzando y progresando en la vida, dejando atr\u00e1s los aspectos negativos del pasado, para aprender y reaprender\u00a0 a construir una nueva vida llena de paz, objetivos y prop\u00f3sitos.<\/p>\n","protected":false},"excerpt":{"rendered":"<p class=\"p1\">ISBN:\u00a0978-84-1181-609-0<\/p>\n<p class=\"p1\">SINOPSIS<\/p>\n<p>Alex D. Hern\u00e1ndez, ALDHER en esta ocasi\u00f3n, ha escrito un libro autobiogr\u00e1fico en el que aborda y cuestiona cuatro aspectos principales que han marcado su vida. La\u00a0 mal llamada \u00absalida del armario\u00bb, las limitaciones reales\u00a0 que el concepto social del g\u00e9nero implica en la vida de las personas, especialmente en los hombres, el abuso narcisista del que fue v\u00edctima tanto en el \u00e1mbito laboral como personal\u00a0 y la maravillosa decisi\u00f3n de la vuelta a la vida rural en el campo, en su pueblo de toda la vida. Encontrar\u00e1s una historia real en la que todos los temas estar\u00e1n relacionados y tienen un sentido y un prop\u00f3sito; compartir para sanar y avanzar en el camino de la vida.<\/p>\n<p>Tambi\u00e9n encontrar\u00e1s numerosas herramientas y preguntas\u00a0 potentes que te servir\u00e1n de gu\u00eda para poder tomar consciencia y superar los procesos de duelo, especialmente en los casos de aceptaci\u00f3n y autoaceptaci\u00f3n de tu homosexualidad\u00a0 consiguiendo integrarlo positivamente y de manera natural en tu vida, as\u00ed como en tu entorno familiar y m\u00e1s\u00a0 pr\u00f3ximo.<\/p>\n<p>Si has sido o eres en estos momentos una v\u00edctima de abuso narcisista o psicop\u00e1tico en cualquier esfera de tu vida, este es un libro en el que tambi\u00e9n encontrar\u00e1s un mont\u00f3n de recursos, herramientas, explicaciones e informaci\u00f3n, adem\u00e1s de experiencias propias en dichos procesos que te permitir\u00e1n obtener un atisbo de luz\u00a0 para vislumbrar la salida del t\u00fanel.<\/p>\n<p>Como persona, \u00c1lex abre su coraz\u00f3n contando su historia y su verdad. Como Docente y Coach Zero experto en Entrenamiento y Acompa\u00f1amiento a v\u00edctimas de acoso y relaciones t\u00f3xicas,\u00a0 especialista en Inteligencia Emocional y PNL, propone un m\u00e9todo de trabajo estructurado con el objetivo de\u00a0 continuar\u00a0 avanzando y progresando en la vida, dejando atr\u00e1s los aspectos negativos del pasado, para aprender y reaprender\u00a0 a construir una nueva vida llena de paz, objetivos y prop\u00f3sitos.<\/p>\n","protected":false},"featured_media":106112,"comment_status":"open","ping_status":"closed","template":"","meta":{"_acf_changed":false},"libro":[],"product_brand":[],"product_cat":[31],"product_tag":[],"class_list":{"0":"post-106109","1":"product","2":"type-product","3":"status-publish","4":"has-post-thumbnail","6":"product_cat-autobiografia","8":"first","9":"instock","10":"shipping-taxable","11":"product-type-simple"},"acf":{"autor":[106108],"enlace_de_compra":"https:\/\/amzn.to\/4dBehgf"},"yoast_head":"<!-- This site is optimized with the Yoast SEO plugin v26.6 - https:\/\/yoast.com\/wordpress\/plugins\/seo\/ -->\n<title>El volar de las mariposas 2Edici\u00f3n - Catalogo | Letrame Grupo Editorial<\/title>\n<meta name=\"robots\" content=\"index, follow, max-snippet:-1, max-image-preview:large, max-video-preview:-1\" \/>\n<link rel=\"canonical\" href=\"https:\/\/letrame.com\/catalogo\/producto\/el-volar-de-las-mariposas-2edicion\/\" \/>\n<meta property=\"og:locale\" content=\"es_ES\" \/>\n<meta property=\"og:type\" content=\"article\" \/>\n<meta property=\"og:title\" content=\"El volar de las mariposas 2Edici\u00f3n - Catalogo | Letrame Grupo Editorial\" \/>\n<meta property=\"og:description\" content=\"ISBN:\u00a0978-84-1181-609-0 SINOPSIS Alex D. Hern\u00e1ndez, ALDHER en esta ocasi\u00f3n, ha escrito un libro autobiogr\u00e1fico en el que aborda y cuestiona cuatro aspectos principales que han marcado su vida. La\u00a0 mal llamada \u00absalida del armario\u00bb, las limitaciones reales\u00a0 que el concepto social del g\u00e9nero implica en la vida de las personas, especialmente en los hombres, el abuso narcisista del que fue v\u00edctima tanto en el \u00e1mbito laboral como personal\u00a0 y la maravillosa decisi\u00f3n de la vuelta a la vida rural en el campo, en su pueblo de toda la vida. Encontrar\u00e1s una historia real en la que todos los temas estar\u00e1n relacionados y tienen un sentido y un prop\u00f3sito; compartir para sanar y avanzar en el camino de la vida.  Tambi\u00e9n encontrar\u00e1s numerosas herramientas y preguntas\u00a0 potentes que te servir\u00e1n de gu\u00eda para poder tomar consciencia y superar los procesos de duelo, especialmente en los casos de aceptaci\u00f3n y autoaceptaci\u00f3n de tu homosexualidad\u00a0 consiguiendo integrarlo positivamente y de manera natural en tu vida, as\u00ed como en tu entorno familiar y m\u00e1s\u00a0 pr\u00f3ximo.  Si has sido o eres en estos momentos una v\u00edctima de abuso narcisista o psicop\u00e1tico en cualquier esfera de tu vida, este es un libro en el que tambi\u00e9n encontrar\u00e1s un mont\u00f3n de recursos, herramientas, explicaciones e informaci\u00f3n, adem\u00e1s de experiencias propias en dichos procesos que te permitir\u00e1n obtener un atisbo de luz\u00a0 para vislumbrar la salida del t\u00fanel.  Como persona, \u00c1lex abre su coraz\u00f3n contando su historia y su verdad. Como Docente y Coach Zero experto en Entrenamiento y Acompa\u00f1amiento a v\u00edctimas de acoso y relaciones t\u00f3xicas,\u00a0 especialista en Inteligencia Emocional y PNL, propone un m\u00e9todo de trabajo estructurado con el objetivo de\u00a0 continuar\u00a0 avanzando y progresando en la vida, dejando atr\u00e1s los aspectos negativos del pasado, para aprender y reaprender\u00a0 a construir una nueva vida llena de paz, objetivos y prop\u00f3sitos.\" \/>\n<meta property=\"og:url\" content=\"https:\/\/letrame.com\/catalogo\/producto\/el-volar-de-las-mariposas-2edicion\/\" \/>\n<meta property=\"og:site_name\" content=\"Catalogo | Letrame Grupo Editorial\" \/>\n<meta property=\"article:modified_time\" content=\"2024-08-27T14:03:27+00:00\" \/>\n<meta property=\"og:image\" content=\"https:\/\/letrame.com\/catalogo\/wp-content\/uploads\/2024\/08\/webportada_elvolardelasmariposas_23mm.jpg\" \/>\n\t<meta property=\"og:image:width\" content=\"800\" \/>\n\t<meta property=\"og:image:height\" content=\"1129\" \/>\n\t<meta property=\"og:image:type\" content=\"image\/jpeg\" \/>\n<meta name=\"twitter:card\" content=\"summary_large_image\" \/>\n<meta name=\"twitter:label1\" content=\"Tiempo de lectura\" \/>\n\t<meta name=\"twitter:data1\" content=\"2 minutos\" \/>\n<script type=\"application\/ld+json\" class=\"yoast-schema-graph\">{\"@context\":\"https:\/\/schema.org\",\"@graph\":[{\"@type\":\"WebPage\",\"@id\":\"https:\/\/letrame.com\/catalogo\/producto\/el-volar-de-las-mariposas-2edicion\/\",\"url\":\"https:\/\/letrame.com\/catalogo\/producto\/el-volar-de-las-mariposas-2edicion\/\",\"name\":\"El volar de las mariposas 2Edici\u00f3n - Catalogo | Letrame Grupo Editorial\",\"isPartOf\":{\"@id\":\"https:\/\/letrame.com\/catalogo\/#website\"},\"primaryImageOfPage\":{\"@id\":\"https:\/\/letrame.com\/catalogo\/producto\/el-volar-de-las-mariposas-2edicion\/#primaryimage\"},\"image\":{\"@id\":\"https:\/\/letrame.com\/catalogo\/producto\/el-volar-de-las-mariposas-2edicion\/#primaryimage\"},\"thumbnailUrl\":\"https:\/\/letrame.com\/catalogo\/wp-content\/uploads\/2024\/08\/webportada_elvolardelasmariposas_23mm.jpg\",\"datePublished\":\"2024-08-27T14:03:07+00:00\",\"dateModified\":\"2024-08-27T14:03:27+00:00\",\"breadcrumb\":{\"@id\":\"https:\/\/letrame.com\/catalogo\/producto\/el-volar-de-las-mariposas-2edicion\/#breadcrumb\"},\"inLanguage\":\"es\",\"potentialAction\":[{\"@type\":\"ReadAction\",\"target\":[\"https:\/\/letrame.com\/catalogo\/producto\/el-volar-de-las-mariposas-2edicion\/\"]}]},{\"@type\":\"ImageObject\",\"inLanguage\":\"es\",\"@id\":\"https:\/\/letrame.com\/catalogo\/producto\/el-volar-de-las-mariposas-2edicion\/#primaryimage\",\"url\":\"https:\/\/letrame.com\/catalogo\/wp-content\/uploads\/2024\/08\/webportada_elvolardelasmariposas_23mm.jpg\",\"contentUrl\":\"https:\/\/letrame.com\/catalogo\/wp-content\/uploads\/2024\/08\/webportada_elvolardelasmariposas_23mm.jpg\",\"width\":800,\"height\":1129},{\"@type\":\"BreadcrumbList\",\"@id\":\"https:\/\/letrame.com\/catalogo\/producto\/el-volar-de-las-mariposas-2edicion\/#breadcrumb\",\"itemListElement\":[{\"@type\":\"ListItem\",\"position\":1,\"name\":\"Portada\",\"item\":\"https:\/\/letrame.com\/catalogo\/\"},{\"@type\":\"ListItem\",\"position\":2,\"name\":\"Cat\u00e1logo\",\"item\":\"https:\/\/letrame.com\/catalogo\/\"},{\"@type\":\"ListItem\",\"position\":3,\"name\":\"El volar de las mariposas 2Edici\u00f3n\"}]},{\"@type\":\"WebSite\",\"@id\":\"https:\/\/letrame.com\/catalogo\/#website\",\"url\":\"https:\/\/letrame.com\/catalogo\/\",\"name\":\"Catalogo | Letrame Grupo Editorial\",\"description\":\"\",\"publisher\":{\"@id\":\"https:\/\/letrame.com\/catalogo\/#organization\"},\"potentialAction\":[{\"@type\":\"SearchAction\",\"target\":{\"@type\":\"EntryPoint\",\"urlTemplate\":\"https:\/\/letrame.com\/catalogo\/?s={search_term_string}\"},\"query-input\":{\"@type\":\"PropertyValueSpecification\",\"valueRequired\":true,\"valueName\":\"search_term_string\"}}],\"inLanguage\":\"es\"},{\"@type\":\"Organization\",\"@id\":\"https:\/\/letrame.com\/catalogo\/#organization\",\"name\":\"Catalogo | Letrame Grupo Editorial\",\"url\":\"https:\/\/letrame.com\/catalogo\/\",\"logo\":{\"@type\":\"ImageObject\",\"inLanguage\":\"es\",\"@id\":\"https:\/\/letrame.com\/catalogo\/#\/schema\/logo\/image\/\",\"url\":\"https:\/\/letrame.com\/catalogo\/wp-content\/uploads\/2024\/03\/logo2.webp\",\"contentUrl\":\"https:\/\/letrame.com\/catalogo\/wp-content\/uploads\/2024\/03\/logo2.webp\",\"width\":394,\"height\":128,\"caption\":\"Catalogo | Letrame Grupo Editorial\"},\"image\":{\"@id\":\"https:\/\/letrame.com\/catalogo\/#\/schema\/logo\/image\/\"}}]}<\/script>\n<!-- \/ Yoast SEO plugin. -->","yoast_head_json":{"title":"El volar de las mariposas 2Edici\u00f3n - Catalogo | Letrame Grupo Editorial","robots":{"index":"index","follow":"follow","max-snippet":"max-snippet:-1","max-image-preview":"max-image-preview:large","max-video-preview":"max-video-preview:-1"},"canonical":"https:\/\/letrame.com\/catalogo\/producto\/el-volar-de-las-mariposas-2edicion\/","og_locale":"es_ES","og_type":"article","og_title":"El volar de las mariposas 2Edici\u00f3n - Catalogo | Letrame Grupo Editorial","og_description":"ISBN:\u00a0978-84-1181-609-0 SINOPSIS Alex D. Hern\u00e1ndez, ALDHER en esta ocasi\u00f3n, ha escrito un libro autobiogr\u00e1fico en el que aborda y cuestiona cuatro aspectos principales que han marcado su vida. La\u00a0 mal llamada \u00absalida del armario\u00bb, las limitaciones reales\u00a0 que el concepto social del g\u00e9nero implica en la vida de las personas, especialmente en los hombres, el abuso narcisista del que fue v\u00edctima tanto en el \u00e1mbito laboral como personal\u00a0 y la maravillosa decisi\u00f3n de la vuelta a la vida rural en el campo, en su pueblo de toda la vida. Encontrar\u00e1s una historia real en la que todos los temas estar\u00e1n relacionados y tienen un sentido y un prop\u00f3sito; compartir para sanar y avanzar en el camino de la vida.  Tambi\u00e9n encontrar\u00e1s numerosas herramientas y preguntas\u00a0 potentes que te servir\u00e1n de gu\u00eda para poder tomar consciencia y superar los procesos de duelo, especialmente en los casos de aceptaci\u00f3n y autoaceptaci\u00f3n de tu homosexualidad\u00a0 consiguiendo integrarlo positivamente y de manera natural en tu vida, as\u00ed como en tu entorno familiar y m\u00e1s\u00a0 pr\u00f3ximo.  Si has sido o eres en estos momentos una v\u00edctima de abuso narcisista o psicop\u00e1tico en cualquier esfera de tu vida, este es un libro en el que tambi\u00e9n encontrar\u00e1s un mont\u00f3n de recursos, herramientas, explicaciones e informaci\u00f3n, adem\u00e1s de experiencias propias en dichos procesos que te permitir\u00e1n obtener un atisbo de luz\u00a0 para vislumbrar la salida del t\u00fanel.  Como persona, \u00c1lex abre su coraz\u00f3n contando su historia y su verdad. Como Docente y Coach Zero experto en Entrenamiento y Acompa\u00f1amiento a v\u00edctimas de acoso y relaciones t\u00f3xicas,\u00a0 especialista en Inteligencia Emocional y PNL, propone un m\u00e9todo de trabajo estructurado con el objetivo de\u00a0 continuar\u00a0 avanzando y progresando en la vida, dejando atr\u00e1s los aspectos negativos del pasado, para aprender y reaprender\u00a0 a construir una nueva vida llena de paz, objetivos y prop\u00f3sitos.","og_url":"https:\/\/letrame.com\/catalogo\/producto\/el-volar-de-las-mariposas-2edicion\/","og_site_name":"Catalogo | Letrame Grupo Editorial","article_modified_time":"2024-08-27T14:03:27+00:00","og_image":[{"width":800,"height":1129,"url":"https:\/\/letrame.com\/catalogo\/wp-content\/uploads\/2024\/08\/webportada_elvolardelasmariposas_23mm.jpg","type":"image\/jpeg"}],"twitter_card":"summary_large_image","twitter_misc":{"Tiempo de lectura":"2 minutos"},"schema":{"@context":"https:\/\/schema.org","@graph":[{"@type":"WebPage","@id":"https:\/\/letrame.com\/catalogo\/producto\/el-volar-de-las-mariposas-2edicion\/","url":"https:\/\/letrame.com\/catalogo\/producto\/el-volar-de-las-mariposas-2edicion\/","name":"El volar de las mariposas 2Edici\u00f3n - Catalogo | Letrame Grupo Editorial","isPartOf":{"@id":"https:\/\/letrame.com\/catalogo\/#website"},"primaryImageOfPage":{"@id":"https:\/\/letrame.com\/catalogo\/producto\/el-volar-de-las-mariposas-2edicion\/#primaryimage"},"image":{"@id":"https:\/\/letrame.com\/catalogo\/producto\/el-volar-de-las-mariposas-2edicion\/#primaryimage"},"thumbnailUrl":"https:\/\/letrame.com\/catalogo\/wp-content\/uploads\/2024\/08\/webportada_elvolardelasmariposas_23mm.jpg","datePublished":"2024-08-27T14:03:07+00:00","dateModified":"2024-08-27T14:03:27+00:00","breadcrumb":{"@id":"https:\/\/letrame.com\/catalogo\/producto\/el-volar-de-las-mariposas-2edicion\/#breadcrumb"},"inLanguage":"es","potentialAction":[{"@type":"ReadAction","target":["https:\/\/letrame.com\/catalogo\/producto\/el-volar-de-las-mariposas-2edicion\/"]}]},{"@type":"ImageObject","inLanguage":"es","@id":"https:\/\/letrame.com\/catalogo\/producto\/el-volar-de-las-mariposas-2edicion\/#primaryimage","url":"https:\/\/letrame.com\/catalogo\/wp-content\/uploads\/2024\/08\/webportada_elvolardelasmariposas_23mm.jpg","contentUrl":"https:\/\/letrame.com\/catalogo\/wp-content\/uploads\/2024\/08\/webportada_elvolardelasmariposas_23mm.jpg","width":800,"height":1129},{"@type":"BreadcrumbList","@id":"https:\/\/letrame.com\/catalogo\/producto\/el-volar-de-las-mariposas-2edicion\/#breadcrumb","itemListElement":[{"@type":"ListItem","position":1,"name":"Portada","item":"https:\/\/letrame.com\/catalogo\/"},{"@type":"ListItem","position":2,"name":"Cat\u00e1logo","item":"https:\/\/letrame.com\/catalogo\/"},{"@type":"ListItem","position":3,"name":"El volar de las mariposas 2Edici\u00f3n"}]},{"@type":"WebSite","@id":"https:\/\/letrame.com\/catalogo\/#website","url":"https:\/\/letrame.com\/catalogo\/","name":"Catalogo | Letrame Grupo Editorial","description":"","publisher":{"@id":"https:\/\/letrame.com\/catalogo\/#organization"},"potentialAction":[{"@type":"SearchAction","target":{"@type":"EntryPoint","urlTemplate":"https:\/\/letrame.com\/catalogo\/?s={search_term_string}"},"query-input":{"@type":"PropertyValueSpecification","valueRequired":true,"valueName":"search_term_string"}}],"inLanguage":"es"},{"@type":"Organization","@id":"https:\/\/letrame.com\/catalogo\/#organization","name":"Catalogo | Letrame Grupo Editorial","url":"https:\/\/letrame.com\/catalogo\/","logo":{"@type":"ImageObject","inLanguage":"es","@id":"https:\/\/letrame.com\/catalogo\/#\/schema\/logo\/image\/","url":"https:\/\/letrame.com\/catalogo\/wp-content\/uploads\/2024\/03\/logo2.webp","contentUrl":"https:\/\/letrame.com\/catalogo\/wp-content\/uploads\/2024\/03\/logo2.webp","width":394,"height":128,"caption":"Catalogo | Letrame Grupo Editorial"},"image":{"@id":"https:\/\/letrame.com\/catalogo\/#\/schema\/logo\/image\/"}}]}},"_links":{"self":[{"href":"https:\/\/letrame.com\/catalogo\/wp-json\/wp\/v2\/product\/106109","targetHints":{"allow":["GET"]}}],"collection":[{"href":"https:\/\/letrame.com\/catalogo\/wp-json\/wp\/v2\/product"}],"about":[{"href":"https:\/\/letrame.com\/catalogo\/wp-json\/wp\/v2\/types\/product"}],"replies":[{"embeddable":true,"href":"https:\/\/letrame.com\/catalogo\/wp-json\/wp\/v2\/comments?post=106109"}],"acf:post":[{"embeddable":true,"href":"https:\/\/letrame.com\/catalogo\/wp-json\/wp\/v2\/author_book\/106108"}],"wp:featuredmedia":[{"embeddable":true,"href":"https:\/\/letrame.com\/catalogo\/wp-json\/wp\/v2\/media\/106112"}],"wp:attachment":[{"href":"https:\/\/letrame.com\/catalogo\/wp-json\/wp\/v2\/media?parent=106109"}],"wp:term":[{"taxonomy":"libro","embeddable":true,"href":"https:\/\/letrame.com\/catalogo\/wp-json\/wp\/v2\/libro?post=106109"},{"taxonomy":"product_brand","embeddable":true,"href":"https:\/\/letrame.com\/catalogo\/wp-json\/wp\/v2\/product_brand?post=106109"},{"taxonomy":"product_cat","embeddable":true,"href":"https:\/\/letrame.com\/catalogo\/wp-json\/wp\/v2\/product_cat?post=106109"},{"taxonomy":"product_tag","embeddable":true,"href":"https:\/\/letrame.com\/catalogo\/wp-json\/wp\/v2\/product_tag?post=106109"}],"curies":[{"name":"wp","href":"https:\/\/api.w.org\/{rel}","templated":true}]}}