{"id":106089,"date":"2024-08-26T16:12:18","date_gmt":"2024-08-26T14:12:18","guid":{"rendered":"https:\/\/letrame.com\/catalogo\/?post_type=product&#038;p=106089"},"modified":"2024-08-26T16:12:18","modified_gmt":"2024-08-26T14:12:18","slug":"mi-primera-vez-despues-de-ti","status":"publish","type":"product","link":"https:\/\/letrame.com\/catalogo\/producto\/mi-primera-vez-despues-de-ti\/","title":{"rendered":"Mi primera vez, despu\u00e9s de ti"},"content":{"rendered":"<p class=\"p1\">ISBN:\u00a0978-84-1181-808-7<\/p>\n<p class=\"p1\">T\u00edtulo:\u00a0Mi primera vez,\u00a0despu\u00e9s de ti<\/p>\n<p class=\"p1\">Fecha: 2023<\/p>\n<p class=\"p1\">P\u00e1ginas: 348<\/p>\n<p class=\"p1\">SINOPSIS<\/p>\n<p>A Paula, una so\u00f1adora treinta\u00f1era con un coraz\u00f3n sensible, la vida se le torna un laberinto sin sentido. Atada a una rutina asfixiante, se percibe como una espectadora pasiva de su propia existencia, incapaz de liberarse de las cadenas que le atan. Sin embargo, un destello de valent\u00eda ilumina su interior, llev\u00e1ndola a dar el primer paso para escapar de la monoton\u00eda: poner fin a su relaci\u00f3n con Rodrigo. Con el coraz\u00f3n temblando, Paula cierra el cap\u00edtulo de una conexi\u00f3n que promet\u00eda seguridad pero que, al mismo tiempo, le alejaba de su esencia. En este momento de metamorfosis, tres amigas entra\u00f1ables, enfrentando sus propias batallas internas, deciden ser compa\u00f1eras en este nuevo viaje hacia el autodescubrimiento.<\/p>\n<p>Paula se enfrenta a sus miedos, desafiando inseguridades y buscando su voz en un mundo en el que permaneci\u00f3 en silencio demasiado tiempo. En el transcurso de esta traves\u00eda, el destino le tiene reservada una sorpresa: Mart\u00edn, un hombre con una mochila cargada de fantasmas y heridas del pasado. A pesar de sus diferencias, descubren que comparten el anhelo de liberarse de las cadenas que les anclan, buscando la paz interior. Juntos, se sumergen en una historia de amor rebosante de primeras veces, desafiando las expectativas y descubriendo que la vida puede ser mucho m\u00e1s que una serie de eventos predecibles.<\/p>\n<p><em>Mi primera vez, despu\u00e9s de ti<\/em> es una cautivadora narrativa juvenil que invita a liberarse de las expectativas impuestas y a abrazar el v\u00e9rtigo emocionante de la autenticidad. Con personajes entra\u00f1ables y giros inesperados, esta historia inspira a los j\u00f3venes lectores a seguir el latido de sus propios corazones y a embarcarse en el emocionante viaje del autodescubrimiento y el amor verdadero.<\/p>\n","protected":false},"excerpt":{"rendered":"<p class=\"p1\">ISBN:\u00a0978-84-1181-808-7<\/p>\n<p class=\"p1\">SINOPSIS<\/p>\n<p>A Paula, una so\u00f1adora treinta\u00f1era con un coraz\u00f3n sensible, la vida se le torna un laberinto sin sentido. Atada a una rutina asfixiante, se percibe como una espectadora pasiva de su propia existencia, incapaz de liberarse de las cadenas que le atan. Sin embargo, un destello de valent\u00eda ilumina su interior, llev\u00e1ndola a dar el primer paso para escapar de la monoton\u00eda: poner fin a su relaci\u00f3n con Rodrigo. Con el coraz\u00f3n temblando, Paula cierra el cap\u00edtulo de una conexi\u00f3n que promet\u00eda seguridad pero que, al mismo tiempo, le alejaba de su esencia. En este momento de metamorfosis, tres amigas entra\u00f1ables, enfrentando sus propias batallas internas, deciden ser compa\u00f1eras en este nuevo viaje hacia el autodescubrimiento.<\/p>\n<p>Paula se enfrenta a sus miedos, desafiando inseguridades y buscando su voz en un mundo en el que permaneci\u00f3 en silencio demasiado tiempo. En el transcurso de esta traves\u00eda, el destino le tiene reservada una sorpresa: Mart\u00edn, un hombre con una mochila cargada de fantasmas y heridas del pasado. A pesar de sus diferencias, descubren que comparten el anhelo de liberarse de las cadenas que les anclan, buscando la paz interior. Juntos, se sumergen en una historia de amor rebosante de primeras veces, desafiando las expectativas y descubriendo que la vida puede ser mucho m\u00e1s que una serie de eventos predecibles.<\/p>\n<p><em>Mi primera vez, despu\u00e9s de ti<\/em> es una cautivadora narrativa juvenil que invita a liberarse de las expectativas impuestas y a abrazar el v\u00e9rtigo emocionante de la autenticidad. Con personajes entra\u00f1ables y giros inesperados, esta historia inspira a los j\u00f3venes lectores a seguir el latido de sus propios corazones y a embarcarse en el emocionante viaje del autodescubrimiento y el amor verdadero.<\/p>\n","protected":false},"featured_media":106092,"comment_status":"open","ping_status":"closed","template":"","meta":{"_acf_changed":false},"libro":[],"product_brand":[],"product_cat":[16],"product_tag":[],"class_list":{"0":"post-106089","1":"product","2":"type-product","3":"status-publish","4":"has-post-thumbnail","6":"product_cat-novela","8":"first","9":"instock","10":"shipping-taxable","11":"product-type-simple"},"acf":{"autor":[106088],"enlace_de_compra":"https:\/\/amzn.to\/3z2mfQj"},"yoast_head":"<!-- This site is optimized with the Yoast SEO plugin v27.4 - https:\/\/yoast.com\/product\/yoast-seo-wordpress\/ -->\n<title>Mi primera vez, despu\u00e9s de ti - Catalogo | Letrame Grupo Editorial<\/title>\n<meta name=\"robots\" content=\"index, follow, max-snippet:-1, max-image-preview:large, max-video-preview:-1\" \/>\n<link rel=\"canonical\" href=\"https:\/\/letrame.com\/catalogo\/producto\/mi-primera-vez-despues-de-ti\/\" \/>\n<meta property=\"og:locale\" content=\"es_ES\" \/>\n<meta property=\"og:type\" content=\"article\" \/>\n<meta property=\"og:title\" content=\"Mi primera vez, despu\u00e9s de ti - Catalogo | Letrame Grupo Editorial\" \/>\n<meta property=\"og:description\" content=\"ISBN:\u00a0978-84-1181-808-7 SINOPSIS A Paula, una so\u00f1adora treinta\u00f1era con un coraz\u00f3n sensible, la vida se le torna un laberinto sin sentido. Atada a una rutina asfixiante, se percibe como una espectadora pasiva de su propia existencia, incapaz de liberarse de las cadenas que le atan. Sin embargo, un destello de valent\u00eda ilumina su interior, llev\u00e1ndola a dar el primer paso para escapar de la monoton\u00eda: poner fin a su relaci\u00f3n con Rodrigo. Con el coraz\u00f3n temblando, Paula cierra el cap\u00edtulo de una conexi\u00f3n que promet\u00eda seguridad pero que, al mismo tiempo, le alejaba de su esencia. En este momento de metamorfosis, tres amigas entra\u00f1ables, enfrentando sus propias batallas internas, deciden ser compa\u00f1eras en este nuevo viaje hacia el autodescubrimiento.  Paula se enfrenta a sus miedos, desafiando inseguridades y buscando su voz en un mundo en el que permaneci\u00f3 en silencio demasiado tiempo. En el transcurso de esta traves\u00eda, el destino le tiene reservada una sorpresa: Mart\u00edn, un hombre con una mochila cargada de fantasmas y heridas del pasado. A pesar de sus diferencias, descubren que comparten el anhelo de liberarse de las cadenas que les anclan, buscando la paz interior. Juntos, se sumergen en una historia de amor rebosante de primeras veces, desafiando las expectativas y descubriendo que la vida puede ser mucho m\u00e1s que una serie de eventos predecibles.  Mi primera vez, despu\u00e9s de ti es una cautivadora narrativa juvenil que invita a liberarse de las expectativas impuestas y a abrazar el v\u00e9rtigo emocionante de la autenticidad. Con personajes entra\u00f1ables y giros inesperados, esta historia inspira a los j\u00f3venes lectores a seguir el latido de sus propios corazones y a embarcarse en el emocionante viaje del autodescubrimiento y el amor verdadero.\" \/>\n<meta property=\"og:url\" content=\"https:\/\/letrame.com\/catalogo\/producto\/mi-primera-vez-despues-de-ti\/\" \/>\n<meta property=\"og:site_name\" content=\"Catalogo | Letrame Grupo Editorial\" \/>\n<meta property=\"og:image\" content=\"https:\/\/letrame.com\/catalogo\/wp-content\/uploads\/2024\/08\/zzweb_miprimeravez_1712mm.jpg\" \/>\n\t<meta property=\"og:image:width\" content=\"650\" \/>\n\t<meta property=\"og:image:height\" content=\"953\" \/>\n\t<meta property=\"og:image:type\" content=\"image\/jpeg\" \/>\n<meta name=\"twitter:card\" content=\"summary_large_image\" \/>\n<meta name=\"twitter:label1\" content=\"Tiempo de lectura\" \/>\n\t<meta name=\"twitter:data1\" content=\"2 minutos\" \/>\n<script type=\"application\/ld+json\" class=\"yoast-schema-graph\">{\"@context\":\"https:\\\/\\\/schema.org\",\"@graph\":[{\"@type\":\"WebPage\",\"@id\":\"https:\\\/\\\/letrame.com\\\/catalogo\\\/producto\\\/mi-primera-vez-despues-de-ti\\\/\",\"url\":\"https:\\\/\\\/letrame.com\\\/catalogo\\\/producto\\\/mi-primera-vez-despues-de-ti\\\/\",\"name\":\"Mi primera vez, despu\u00e9s de ti - Catalogo | Letrame Grupo Editorial\",\"isPartOf\":{\"@id\":\"https:\\\/\\\/letrame.com\\\/catalogo\\\/#website\"},\"primaryImageOfPage\":{\"@id\":\"https:\\\/\\\/letrame.com\\\/catalogo\\\/producto\\\/mi-primera-vez-despues-de-ti\\\/#primaryimage\"},\"image\":{\"@id\":\"https:\\\/\\\/letrame.com\\\/catalogo\\\/producto\\\/mi-primera-vez-despues-de-ti\\\/#primaryimage\"},\"thumbnailUrl\":\"https:\\\/\\\/letrame.com\\\/catalogo\\\/wp-content\\\/uploads\\\/2024\\\/08\\\/zzweb_miprimeravez_1712mm.jpg\",\"datePublished\":\"2024-08-26T14:12:18+00:00\",\"breadcrumb\":{\"@id\":\"https:\\\/\\\/letrame.com\\\/catalogo\\\/producto\\\/mi-primera-vez-despues-de-ti\\\/#breadcrumb\"},\"inLanguage\":\"es\",\"potentialAction\":[{\"@type\":\"ReadAction\",\"target\":[\"https:\\\/\\\/letrame.com\\\/catalogo\\\/producto\\\/mi-primera-vez-despues-de-ti\\\/\"]}]},{\"@type\":\"ImageObject\",\"inLanguage\":\"es\",\"@id\":\"https:\\\/\\\/letrame.com\\\/catalogo\\\/producto\\\/mi-primera-vez-despues-de-ti\\\/#primaryimage\",\"url\":\"https:\\\/\\\/letrame.com\\\/catalogo\\\/wp-content\\\/uploads\\\/2024\\\/08\\\/zzweb_miprimeravez_1712mm.jpg\",\"contentUrl\":\"https:\\\/\\\/letrame.com\\\/catalogo\\\/wp-content\\\/uploads\\\/2024\\\/08\\\/zzweb_miprimeravez_1712mm.jpg\",\"width\":650,\"height\":953},{\"@type\":\"BreadcrumbList\",\"@id\":\"https:\\\/\\\/letrame.com\\\/catalogo\\\/producto\\\/mi-primera-vez-despues-de-ti\\\/#breadcrumb\",\"itemListElement\":[{\"@type\":\"ListItem\",\"position\":1,\"name\":\"Portada\",\"item\":\"https:\\\/\\\/letrame.com\\\/catalogo\\\/\"},{\"@type\":\"ListItem\",\"position\":2,\"name\":\"Cat\u00e1logo\",\"item\":\"https:\\\/\\\/letrame.com\\\/catalogo\\\/\"},{\"@type\":\"ListItem\",\"position\":3,\"name\":\"Mi primera vez, despu\u00e9s de ti\"}]},{\"@type\":\"WebSite\",\"@id\":\"https:\\\/\\\/letrame.com\\\/catalogo\\\/#website\",\"url\":\"https:\\\/\\\/letrame.com\\\/catalogo\\\/\",\"name\":\"Catalogo | Letrame Grupo Editorial\",\"description\":\"\",\"publisher\":{\"@id\":\"https:\\\/\\\/letrame.com\\\/catalogo\\\/#organization\"},\"potentialAction\":[{\"@type\":\"SearchAction\",\"target\":{\"@type\":\"EntryPoint\",\"urlTemplate\":\"https:\\\/\\\/letrame.com\\\/catalogo\\\/?s={search_term_string}\"},\"query-input\":{\"@type\":\"PropertyValueSpecification\",\"valueRequired\":true,\"valueName\":\"search_term_string\"}}],\"inLanguage\":\"es\"},{\"@type\":\"Organization\",\"@id\":\"https:\\\/\\\/letrame.com\\\/catalogo\\\/#organization\",\"name\":\"Catalogo | Letrame Grupo Editorial\",\"url\":\"https:\\\/\\\/letrame.com\\\/catalogo\\\/\",\"logo\":{\"@type\":\"ImageObject\",\"inLanguage\":\"es\",\"@id\":\"https:\\\/\\\/letrame.com\\\/catalogo\\\/#\\\/schema\\\/logo\\\/image\\\/\",\"url\":\"https:\\\/\\\/letrame.com\\\/catalogo\\\/wp-content\\\/uploads\\\/2024\\\/03\\\/logo2.webp\",\"contentUrl\":\"https:\\\/\\\/letrame.com\\\/catalogo\\\/wp-content\\\/uploads\\\/2024\\\/03\\\/logo2.webp\",\"width\":394,\"height\":128,\"caption\":\"Catalogo | Letrame Grupo Editorial\"},\"image\":{\"@id\":\"https:\\\/\\\/letrame.com\\\/catalogo\\\/#\\\/schema\\\/logo\\\/image\\\/\"}}]}<\/script>\n<!-- \/ Yoast SEO plugin. -->","yoast_head_json":{"title":"Mi primera vez, despu\u00e9s de ti - Catalogo | Letrame Grupo Editorial","robots":{"index":"index","follow":"follow","max-snippet":"max-snippet:-1","max-image-preview":"max-image-preview:large","max-video-preview":"max-video-preview:-1"},"canonical":"https:\/\/letrame.com\/catalogo\/producto\/mi-primera-vez-despues-de-ti\/","og_locale":"es_ES","og_type":"article","og_title":"Mi primera vez, despu\u00e9s de ti - Catalogo | Letrame Grupo Editorial","og_description":"ISBN:\u00a0978-84-1181-808-7 SINOPSIS A Paula, una so\u00f1adora treinta\u00f1era con un coraz\u00f3n sensible, la vida se le torna un laberinto sin sentido. Atada a una rutina asfixiante, se percibe como una espectadora pasiva de su propia existencia, incapaz de liberarse de las cadenas que le atan. Sin embargo, un destello de valent\u00eda ilumina su interior, llev\u00e1ndola a dar el primer paso para escapar de la monoton\u00eda: poner fin a su relaci\u00f3n con Rodrigo. Con el coraz\u00f3n temblando, Paula cierra el cap\u00edtulo de una conexi\u00f3n que promet\u00eda seguridad pero que, al mismo tiempo, le alejaba de su esencia. En este momento de metamorfosis, tres amigas entra\u00f1ables, enfrentando sus propias batallas internas, deciden ser compa\u00f1eras en este nuevo viaje hacia el autodescubrimiento.  Paula se enfrenta a sus miedos, desafiando inseguridades y buscando su voz en un mundo en el que permaneci\u00f3 en silencio demasiado tiempo. En el transcurso de esta traves\u00eda, el destino le tiene reservada una sorpresa: Mart\u00edn, un hombre con una mochila cargada de fantasmas y heridas del pasado. A pesar de sus diferencias, descubren que comparten el anhelo de liberarse de las cadenas que les anclan, buscando la paz interior. Juntos, se sumergen en una historia de amor rebosante de primeras veces, desafiando las expectativas y descubriendo que la vida puede ser mucho m\u00e1s que una serie de eventos predecibles.  Mi primera vez, despu\u00e9s de ti es una cautivadora narrativa juvenil que invita a liberarse de las expectativas impuestas y a abrazar el v\u00e9rtigo emocionante de la autenticidad. Con personajes entra\u00f1ables y giros inesperados, esta historia inspira a los j\u00f3venes lectores a seguir el latido de sus propios corazones y a embarcarse en el emocionante viaje del autodescubrimiento y el amor verdadero.","og_url":"https:\/\/letrame.com\/catalogo\/producto\/mi-primera-vez-despues-de-ti\/","og_site_name":"Catalogo | Letrame Grupo Editorial","og_image":[{"width":650,"height":953,"url":"https:\/\/letrame.com\/catalogo\/wp-content\/uploads\/2024\/08\/zzweb_miprimeravez_1712mm.jpg","type":"image\/jpeg"}],"twitter_card":"summary_large_image","twitter_misc":{"Tiempo de lectura":"2 minutos"},"schema":{"@context":"https:\/\/schema.org","@graph":[{"@type":"WebPage","@id":"https:\/\/letrame.com\/catalogo\/producto\/mi-primera-vez-despues-de-ti\/","url":"https:\/\/letrame.com\/catalogo\/producto\/mi-primera-vez-despues-de-ti\/","name":"Mi primera vez, despu\u00e9s de ti - Catalogo | Letrame Grupo Editorial","isPartOf":{"@id":"https:\/\/letrame.com\/catalogo\/#website"},"primaryImageOfPage":{"@id":"https:\/\/letrame.com\/catalogo\/producto\/mi-primera-vez-despues-de-ti\/#primaryimage"},"image":{"@id":"https:\/\/letrame.com\/catalogo\/producto\/mi-primera-vez-despues-de-ti\/#primaryimage"},"thumbnailUrl":"https:\/\/letrame.com\/catalogo\/wp-content\/uploads\/2024\/08\/zzweb_miprimeravez_1712mm.jpg","datePublished":"2024-08-26T14:12:18+00:00","breadcrumb":{"@id":"https:\/\/letrame.com\/catalogo\/producto\/mi-primera-vez-despues-de-ti\/#breadcrumb"},"inLanguage":"es","potentialAction":[{"@type":"ReadAction","target":["https:\/\/letrame.com\/catalogo\/producto\/mi-primera-vez-despues-de-ti\/"]}]},{"@type":"ImageObject","inLanguage":"es","@id":"https:\/\/letrame.com\/catalogo\/producto\/mi-primera-vez-despues-de-ti\/#primaryimage","url":"https:\/\/letrame.com\/catalogo\/wp-content\/uploads\/2024\/08\/zzweb_miprimeravez_1712mm.jpg","contentUrl":"https:\/\/letrame.com\/catalogo\/wp-content\/uploads\/2024\/08\/zzweb_miprimeravez_1712mm.jpg","width":650,"height":953},{"@type":"BreadcrumbList","@id":"https:\/\/letrame.com\/catalogo\/producto\/mi-primera-vez-despues-de-ti\/#breadcrumb","itemListElement":[{"@type":"ListItem","position":1,"name":"Portada","item":"https:\/\/letrame.com\/catalogo\/"},{"@type":"ListItem","position":2,"name":"Cat\u00e1logo","item":"https:\/\/letrame.com\/catalogo\/"},{"@type":"ListItem","position":3,"name":"Mi primera vez, despu\u00e9s de ti"}]},{"@type":"WebSite","@id":"https:\/\/letrame.com\/catalogo\/#website","url":"https:\/\/letrame.com\/catalogo\/","name":"Catalogo | Letrame Grupo Editorial","description":"","publisher":{"@id":"https:\/\/letrame.com\/catalogo\/#organization"},"potentialAction":[{"@type":"SearchAction","target":{"@type":"EntryPoint","urlTemplate":"https:\/\/letrame.com\/catalogo\/?s={search_term_string}"},"query-input":{"@type":"PropertyValueSpecification","valueRequired":true,"valueName":"search_term_string"}}],"inLanguage":"es"},{"@type":"Organization","@id":"https:\/\/letrame.com\/catalogo\/#organization","name":"Catalogo | Letrame Grupo Editorial","url":"https:\/\/letrame.com\/catalogo\/","logo":{"@type":"ImageObject","inLanguage":"es","@id":"https:\/\/letrame.com\/catalogo\/#\/schema\/logo\/image\/","url":"https:\/\/letrame.com\/catalogo\/wp-content\/uploads\/2024\/03\/logo2.webp","contentUrl":"https:\/\/letrame.com\/catalogo\/wp-content\/uploads\/2024\/03\/logo2.webp","width":394,"height":128,"caption":"Catalogo | Letrame Grupo Editorial"},"image":{"@id":"https:\/\/letrame.com\/catalogo\/#\/schema\/logo\/image\/"}}]}},"_links":{"self":[{"href":"https:\/\/letrame.com\/catalogo\/wp-json\/wp\/v2\/product\/106089","targetHints":{"allow":["GET"]}}],"collection":[{"href":"https:\/\/letrame.com\/catalogo\/wp-json\/wp\/v2\/product"}],"about":[{"href":"https:\/\/letrame.com\/catalogo\/wp-json\/wp\/v2\/types\/product"}],"replies":[{"embeddable":true,"href":"https:\/\/letrame.com\/catalogo\/wp-json\/wp\/v2\/comments?post=106089"}],"acf:post":[{"embeddable":true,"href":"https:\/\/letrame.com\/catalogo\/wp-json\/wp\/v2\/author_book\/106088"}],"wp:featuredmedia":[{"embeddable":true,"href":"https:\/\/letrame.com\/catalogo\/wp-json\/wp\/v2\/media\/106092"}],"wp:attachment":[{"href":"https:\/\/letrame.com\/catalogo\/wp-json\/wp\/v2\/media?parent=106089"}],"wp:term":[{"taxonomy":"libro","embeddable":true,"href":"https:\/\/letrame.com\/catalogo\/wp-json\/wp\/v2\/libro?post=106089"},{"taxonomy":"product_brand","embeddable":true,"href":"https:\/\/letrame.com\/catalogo\/wp-json\/wp\/v2\/product_brand?post=106089"},{"taxonomy":"product_cat","embeddable":true,"href":"https:\/\/letrame.com\/catalogo\/wp-json\/wp\/v2\/product_cat?post=106089"},{"taxonomy":"product_tag","embeddable":true,"href":"https:\/\/letrame.com\/catalogo\/wp-json\/wp\/v2\/product_tag?post=106089"}],"curies":[{"name":"wp","href":"https:\/\/api.w.org\/{rel}","templated":true}]}}