{"id":106044,"date":"2024-08-26T10:36:59","date_gmt":"2024-08-26T08:36:59","guid":{"rendered":"https:\/\/letrame.com\/catalogo\/?post_type=product&#038;p=106044"},"modified":"2024-08-26T11:15:41","modified_gmt":"2024-08-26T09:15:41","slug":"metodo-maitre","status":"publish","type":"product","link":"https:\/\/letrame.com\/catalogo\/producto\/metodo-maitre\/","title":{"rendered":"M\u00e9todo Ma\u00eetre"},"content":{"rendered":"<p class=\"p2\">ISBN:\u00a0978-84-1068-847-6<\/p>\n<p class=\"p2\">T\u00edtulo: M\u00e9todo Ma\u00eetre<\/p>\n<p class=\"p2\">Fecha: 2024<\/p>\n<p class=\"p2\">P\u00e1ginas:\u00a0 196<\/p>\n<p class=\"p2\">SINOPSIS<\/p>\n<p>La restauraci\u00f3n tras la pandemia ha sufrido cambios importantes a los que no todos han sabido adaptarse. No poder contar con personal cualificado para dar un correcto servicio de sala es, lamentablemente, una t\u00f3nica habitual. Entonces, m\u00e1s all\u00e1 de las condiciones laborales y de los aspectos econ\u00f3micos, se contrata a personal no cualificado.<\/p>\n<p><em>M\u00e9todo Ma\u00eetre<\/em> no es un libro que ayuda a encontrar trabajadores. Es un ensayo que proporciona las herramientas necesarias para poder formar un equipo de sala a partir de su m\u00e1ximo responsable: el ma\u00eetre.<\/p>\n<p>Javier Campo, un experimentado profesional de la sala y la docencia, nos muestra como abordar las principales realidades que vamos a encontrar en un restaurante, como es la gesti\u00f3n del servicio de sala, el trabajo que hay detr\u00e1s de una carta de vinos y su bodega, y la ejecuci\u00f3n del equipo de sala en los grandes eventos.<\/p>\n<p>Una obra dirigida a los integrantes de la sala de un restaurante, pero principalmente a la figura del jefe de sala y al restaurador inexperto que tiene un local, pero no sabe como gestionarlo. Un libro que aporta las claves necesarias para crear y gestionar un buen equipo de sala desde la preparaci\u00f3n.<\/p>\n","protected":false},"excerpt":{"rendered":"<p class=\"p2\">ISBN:\u00a0978-84-1068-847-6<\/p>\n<p class=\"p2\">SINOPSIS<\/p>\n<p>La restauraci\u00f3n tras la pandemia ha sufrido cambios importantes a los que no todos han sabido adaptarse. No poder contar con personal cualificado para dar un correcto servicio de sala es, lamentablemente, una t\u00f3nica habitual. Entonces, m\u00e1s all\u00e1 de las condiciones laborales y de los aspectos econ\u00f3micos, se contrata a personal no cualificado.<\/p>\n<p><em>M\u00e9todo Ma\u00eetre<\/em> no es un libro que ayuda a encontrar trabajadores. Es un ensayo que proporciona las herramientas necesarias para poder formar un equipo de sala a partir de su m\u00e1ximo responsable: el ma\u00eetre.<\/p>\n<p>Javier Campo, un experimentado profesional de la sala y la docencia, nos muestra como abordar las principales realidades que vamos a encontrar en un restaurante, como es la gesti\u00f3n del servicio de sala, el trabajo que hay detr\u00e1s de una carta de vinos y su bodega, y la ejecuci\u00f3n del equipo de sala en los grandes eventos.<\/p>\n<p>Una obra dirigida a los integrantes de la sala de un restaurante, pero principalmente a la figura del jefe de sala y al restaurador inexperto que tiene un local, pero no sabe como gestionarlo. Un libro que aporta las claves necesarias para crear y gestionar un buen equipo de sala desde la preparaci\u00f3n.<\/p>\n","protected":false},"featured_media":106049,"comment_status":"open","ping_status":"closed","template":"","meta":{"_acf_changed":false},"libro":[],"product_brand":[],"product_cat":[23],"product_tag":[],"class_list":{"0":"post-106044","1":"product","2":"type-product","3":"status-publish","4":"has-post-thumbnail","6":"product_cat-ensayos","8":"first","9":"instock","10":"shipping-taxable","11":"product-type-simple"},"acf":{"autor":[106046],"enlace_de_compra":"https:\/\/sumillercampo.wordpress.com\/comprar-metodo-maitre\/"},"yoast_head":"<!-- This site is optimized with the Yoast SEO plugin v27.4 - https:\/\/yoast.com\/product\/yoast-seo-wordpress\/ -->\n<title>M\u00e9todo Ma\u00eetre - Catalogo | Letrame Grupo Editorial<\/title>\n<meta name=\"robots\" content=\"index, follow, max-snippet:-1, max-image-preview:large, max-video-preview:-1\" \/>\n<link rel=\"canonical\" href=\"https:\/\/letrame.com\/catalogo\/producto\/metodo-maitre\/\" \/>\n<meta property=\"og:locale\" content=\"es_ES\" \/>\n<meta property=\"og:type\" content=\"article\" \/>\n<meta property=\"og:title\" content=\"M\u00e9todo Ma\u00eetre - Catalogo | Letrame Grupo Editorial\" \/>\n<meta property=\"og:description\" content=\"ISBN:\u00a0978-84-1068-847-6 SINOPSIS La restauraci\u00f3n tras la pandemia ha sufrido cambios importantes a los que no todos han sabido adaptarse. No poder contar con personal cualificado para dar un correcto servicio de sala es, lamentablemente, una t\u00f3nica habitual. Entonces, m\u00e1s all\u00e1 de las condiciones laborales y de los aspectos econ\u00f3micos, se contrata a personal no cualificado.  M\u00e9todo Ma\u00eetre no es un libro que ayuda a encontrar trabajadores. Es un ensayo que proporciona las herramientas necesarias para poder formar un equipo de sala a partir de su m\u00e1ximo responsable: el ma\u00eetre.  Javier Campo, un experimentado profesional de la sala y la docencia, nos muestra como abordar las principales realidades que vamos a encontrar en un restaurante, como es la gesti\u00f3n del servicio de sala, el trabajo que hay detr\u00e1s de una carta de vinos y su bodega, y la ejecuci\u00f3n del equipo de sala en los grandes eventos.  Una obra dirigida a los integrantes de la sala de un restaurante, pero principalmente a la figura del jefe de sala y al restaurador inexperto que tiene un local, pero no sabe como gestionarlo. Un libro que aporta las claves necesarias para crear y gestionar un buen equipo de sala desde la preparaci\u00f3n.\" \/>\n<meta property=\"og:url\" content=\"https:\/\/letrame.com\/catalogo\/producto\/metodo-maitre\/\" \/>\n<meta property=\"og:site_name\" content=\"Catalogo | Letrame Grupo Editorial\" \/>\n<meta property=\"article:modified_time\" content=\"2024-08-26T09:15:41+00:00\" \/>\n<meta property=\"og:image\" content=\"https:\/\/letrame.com\/catalogo\/wp-content\/uploads\/2024\/08\/metodomaitre_1045mm4-compressed-scaled.jpg\" \/>\n\t<meta property=\"og:image:width\" content=\"1813\" \/>\n\t<meta property=\"og:image:height\" content=\"2560\" \/>\n\t<meta property=\"og:image:type\" content=\"image\/jpeg\" \/>\n<meta name=\"twitter:card\" content=\"summary_large_image\" \/>\n<meta name=\"twitter:label1\" content=\"Tiempo de lectura\" \/>\n\t<meta name=\"twitter:data1\" content=\"2 minutos\" \/>\n<script type=\"application\/ld+json\" class=\"yoast-schema-graph\">{\"@context\":\"https:\\\/\\\/schema.org\",\"@graph\":[{\"@type\":\"WebPage\",\"@id\":\"https:\\\/\\\/letrame.com\\\/catalogo\\\/producto\\\/metodo-maitre\\\/\",\"url\":\"https:\\\/\\\/letrame.com\\\/catalogo\\\/producto\\\/metodo-maitre\\\/\",\"name\":\"M\u00e9todo Ma\u00eetre - Catalogo | Letrame Grupo Editorial\",\"isPartOf\":{\"@id\":\"https:\\\/\\\/letrame.com\\\/catalogo\\\/#website\"},\"primaryImageOfPage\":{\"@id\":\"https:\\\/\\\/letrame.com\\\/catalogo\\\/producto\\\/metodo-maitre\\\/#primaryimage\"},\"image\":{\"@id\":\"https:\\\/\\\/letrame.com\\\/catalogo\\\/producto\\\/metodo-maitre\\\/#primaryimage\"},\"thumbnailUrl\":\"https:\\\/\\\/letrame.com\\\/catalogo\\\/wp-content\\\/uploads\\\/2024\\\/08\\\/metodomaitre_1045mm4-compressed-scaled.jpg\",\"datePublished\":\"2024-08-26T08:36:59+00:00\",\"dateModified\":\"2024-08-26T09:15:41+00:00\",\"breadcrumb\":{\"@id\":\"https:\\\/\\\/letrame.com\\\/catalogo\\\/producto\\\/metodo-maitre\\\/#breadcrumb\"},\"inLanguage\":\"es\",\"potentialAction\":[{\"@type\":\"ReadAction\",\"target\":[\"https:\\\/\\\/letrame.com\\\/catalogo\\\/producto\\\/metodo-maitre\\\/\"]}]},{\"@type\":\"ImageObject\",\"inLanguage\":\"es\",\"@id\":\"https:\\\/\\\/letrame.com\\\/catalogo\\\/producto\\\/metodo-maitre\\\/#primaryimage\",\"url\":\"https:\\\/\\\/letrame.com\\\/catalogo\\\/wp-content\\\/uploads\\\/2024\\\/08\\\/metodomaitre_1045mm4-compressed-scaled.jpg\",\"contentUrl\":\"https:\\\/\\\/letrame.com\\\/catalogo\\\/wp-content\\\/uploads\\\/2024\\\/08\\\/metodomaitre_1045mm4-compressed-scaled.jpg\",\"width\":1813,\"height\":2560},{\"@type\":\"BreadcrumbList\",\"@id\":\"https:\\\/\\\/letrame.com\\\/catalogo\\\/producto\\\/metodo-maitre\\\/#breadcrumb\",\"itemListElement\":[{\"@type\":\"ListItem\",\"position\":1,\"name\":\"Portada\",\"item\":\"https:\\\/\\\/letrame.com\\\/catalogo\\\/\"},{\"@type\":\"ListItem\",\"position\":2,\"name\":\"Cat\u00e1logo\",\"item\":\"https:\\\/\\\/letrame.com\\\/catalogo\\\/\"},{\"@type\":\"ListItem\",\"position\":3,\"name\":\"M\u00e9todo Ma\u00eetre\"}]},{\"@type\":\"WebSite\",\"@id\":\"https:\\\/\\\/letrame.com\\\/catalogo\\\/#website\",\"url\":\"https:\\\/\\\/letrame.com\\\/catalogo\\\/\",\"name\":\"Catalogo | Letrame Grupo Editorial\",\"description\":\"\",\"publisher\":{\"@id\":\"https:\\\/\\\/letrame.com\\\/catalogo\\\/#organization\"},\"potentialAction\":[{\"@type\":\"SearchAction\",\"target\":{\"@type\":\"EntryPoint\",\"urlTemplate\":\"https:\\\/\\\/letrame.com\\\/catalogo\\\/?s={search_term_string}\"},\"query-input\":{\"@type\":\"PropertyValueSpecification\",\"valueRequired\":true,\"valueName\":\"search_term_string\"}}],\"inLanguage\":\"es\"},{\"@type\":\"Organization\",\"@id\":\"https:\\\/\\\/letrame.com\\\/catalogo\\\/#organization\",\"name\":\"Catalogo | Letrame Grupo Editorial\",\"url\":\"https:\\\/\\\/letrame.com\\\/catalogo\\\/\",\"logo\":{\"@type\":\"ImageObject\",\"inLanguage\":\"es\",\"@id\":\"https:\\\/\\\/letrame.com\\\/catalogo\\\/#\\\/schema\\\/logo\\\/image\\\/\",\"url\":\"https:\\\/\\\/letrame.com\\\/catalogo\\\/wp-content\\\/uploads\\\/2024\\\/03\\\/logo2.webp\",\"contentUrl\":\"https:\\\/\\\/letrame.com\\\/catalogo\\\/wp-content\\\/uploads\\\/2024\\\/03\\\/logo2.webp\",\"width\":394,\"height\":128,\"caption\":\"Catalogo | Letrame Grupo Editorial\"},\"image\":{\"@id\":\"https:\\\/\\\/letrame.com\\\/catalogo\\\/#\\\/schema\\\/logo\\\/image\\\/\"}}]}<\/script>\n<!-- \/ Yoast SEO plugin. -->","yoast_head_json":{"title":"M\u00e9todo Ma\u00eetre - Catalogo | Letrame Grupo Editorial","robots":{"index":"index","follow":"follow","max-snippet":"max-snippet:-1","max-image-preview":"max-image-preview:large","max-video-preview":"max-video-preview:-1"},"canonical":"https:\/\/letrame.com\/catalogo\/producto\/metodo-maitre\/","og_locale":"es_ES","og_type":"article","og_title":"M\u00e9todo Ma\u00eetre - Catalogo | Letrame Grupo Editorial","og_description":"ISBN:\u00a0978-84-1068-847-6 SINOPSIS La restauraci\u00f3n tras la pandemia ha sufrido cambios importantes a los que no todos han sabido adaptarse. No poder contar con personal cualificado para dar un correcto servicio de sala es, lamentablemente, una t\u00f3nica habitual. Entonces, m\u00e1s all\u00e1 de las condiciones laborales y de los aspectos econ\u00f3micos, se contrata a personal no cualificado.  M\u00e9todo Ma\u00eetre no es un libro que ayuda a encontrar trabajadores. Es un ensayo que proporciona las herramientas necesarias para poder formar un equipo de sala a partir de su m\u00e1ximo responsable: el ma\u00eetre.  Javier Campo, un experimentado profesional de la sala y la docencia, nos muestra como abordar las principales realidades que vamos a encontrar en un restaurante, como es la gesti\u00f3n del servicio de sala, el trabajo que hay detr\u00e1s de una carta de vinos y su bodega, y la ejecuci\u00f3n del equipo de sala en los grandes eventos.  Una obra dirigida a los integrantes de la sala de un restaurante, pero principalmente a la figura del jefe de sala y al restaurador inexperto que tiene un local, pero no sabe como gestionarlo. Un libro que aporta las claves necesarias para crear y gestionar un buen equipo de sala desde la preparaci\u00f3n.","og_url":"https:\/\/letrame.com\/catalogo\/producto\/metodo-maitre\/","og_site_name":"Catalogo | Letrame Grupo Editorial","article_modified_time":"2024-08-26T09:15:41+00:00","og_image":[{"width":1813,"height":2560,"url":"https:\/\/letrame.com\/catalogo\/wp-content\/uploads\/2024\/08\/metodomaitre_1045mm4-compressed-scaled.jpg","type":"image\/jpeg"}],"twitter_card":"summary_large_image","twitter_misc":{"Tiempo de lectura":"2 minutos"},"schema":{"@context":"https:\/\/schema.org","@graph":[{"@type":"WebPage","@id":"https:\/\/letrame.com\/catalogo\/producto\/metodo-maitre\/","url":"https:\/\/letrame.com\/catalogo\/producto\/metodo-maitre\/","name":"M\u00e9todo Ma\u00eetre - Catalogo | Letrame Grupo Editorial","isPartOf":{"@id":"https:\/\/letrame.com\/catalogo\/#website"},"primaryImageOfPage":{"@id":"https:\/\/letrame.com\/catalogo\/producto\/metodo-maitre\/#primaryimage"},"image":{"@id":"https:\/\/letrame.com\/catalogo\/producto\/metodo-maitre\/#primaryimage"},"thumbnailUrl":"https:\/\/letrame.com\/catalogo\/wp-content\/uploads\/2024\/08\/metodomaitre_1045mm4-compressed-scaled.jpg","datePublished":"2024-08-26T08:36:59+00:00","dateModified":"2024-08-26T09:15:41+00:00","breadcrumb":{"@id":"https:\/\/letrame.com\/catalogo\/producto\/metodo-maitre\/#breadcrumb"},"inLanguage":"es","potentialAction":[{"@type":"ReadAction","target":["https:\/\/letrame.com\/catalogo\/producto\/metodo-maitre\/"]}]},{"@type":"ImageObject","inLanguage":"es","@id":"https:\/\/letrame.com\/catalogo\/producto\/metodo-maitre\/#primaryimage","url":"https:\/\/letrame.com\/catalogo\/wp-content\/uploads\/2024\/08\/metodomaitre_1045mm4-compressed-scaled.jpg","contentUrl":"https:\/\/letrame.com\/catalogo\/wp-content\/uploads\/2024\/08\/metodomaitre_1045mm4-compressed-scaled.jpg","width":1813,"height":2560},{"@type":"BreadcrumbList","@id":"https:\/\/letrame.com\/catalogo\/producto\/metodo-maitre\/#breadcrumb","itemListElement":[{"@type":"ListItem","position":1,"name":"Portada","item":"https:\/\/letrame.com\/catalogo\/"},{"@type":"ListItem","position":2,"name":"Cat\u00e1logo","item":"https:\/\/letrame.com\/catalogo\/"},{"@type":"ListItem","position":3,"name":"M\u00e9todo Ma\u00eetre"}]},{"@type":"WebSite","@id":"https:\/\/letrame.com\/catalogo\/#website","url":"https:\/\/letrame.com\/catalogo\/","name":"Catalogo | Letrame Grupo Editorial","description":"","publisher":{"@id":"https:\/\/letrame.com\/catalogo\/#organization"},"potentialAction":[{"@type":"SearchAction","target":{"@type":"EntryPoint","urlTemplate":"https:\/\/letrame.com\/catalogo\/?s={search_term_string}"},"query-input":{"@type":"PropertyValueSpecification","valueRequired":true,"valueName":"search_term_string"}}],"inLanguage":"es"},{"@type":"Organization","@id":"https:\/\/letrame.com\/catalogo\/#organization","name":"Catalogo | Letrame Grupo Editorial","url":"https:\/\/letrame.com\/catalogo\/","logo":{"@type":"ImageObject","inLanguage":"es","@id":"https:\/\/letrame.com\/catalogo\/#\/schema\/logo\/image\/","url":"https:\/\/letrame.com\/catalogo\/wp-content\/uploads\/2024\/03\/logo2.webp","contentUrl":"https:\/\/letrame.com\/catalogo\/wp-content\/uploads\/2024\/03\/logo2.webp","width":394,"height":128,"caption":"Catalogo | Letrame Grupo Editorial"},"image":{"@id":"https:\/\/letrame.com\/catalogo\/#\/schema\/logo\/image\/"}}]}},"_links":{"self":[{"href":"https:\/\/letrame.com\/catalogo\/wp-json\/wp\/v2\/product\/106044","targetHints":{"allow":["GET"]}}],"collection":[{"href":"https:\/\/letrame.com\/catalogo\/wp-json\/wp\/v2\/product"}],"about":[{"href":"https:\/\/letrame.com\/catalogo\/wp-json\/wp\/v2\/types\/product"}],"replies":[{"embeddable":true,"href":"https:\/\/letrame.com\/catalogo\/wp-json\/wp\/v2\/comments?post=106044"}],"acf:post":[{"embeddable":true,"href":"https:\/\/letrame.com\/catalogo\/wp-json\/wp\/v2\/author_book\/106046"}],"wp:featuredmedia":[{"embeddable":true,"href":"https:\/\/letrame.com\/catalogo\/wp-json\/wp\/v2\/media\/106049"}],"wp:attachment":[{"href":"https:\/\/letrame.com\/catalogo\/wp-json\/wp\/v2\/media?parent=106044"}],"wp:term":[{"taxonomy":"libro","embeddable":true,"href":"https:\/\/letrame.com\/catalogo\/wp-json\/wp\/v2\/libro?post=106044"},{"taxonomy":"product_brand","embeddable":true,"href":"https:\/\/letrame.com\/catalogo\/wp-json\/wp\/v2\/product_brand?post=106044"},{"taxonomy":"product_cat","embeddable":true,"href":"https:\/\/letrame.com\/catalogo\/wp-json\/wp\/v2\/product_cat?post=106044"},{"taxonomy":"product_tag","embeddable":true,"href":"https:\/\/letrame.com\/catalogo\/wp-json\/wp\/v2\/product_tag?post=106044"}],"curies":[{"name":"wp","href":"https:\/\/api.w.org\/{rel}","templated":true}]}}