{"id":106018,"date":"2024-08-23T09:33:49","date_gmt":"2024-08-23T07:33:49","guid":{"rendered":"https:\/\/letrame.com\/catalogo\/?post_type=product&#038;p=106018"},"modified":"2024-08-23T09:33:49","modified_gmt":"2024-08-23T07:33:49","slug":"la-tormenta-final","status":"publish","type":"product","link":"https:\/\/letrame.com\/catalogo\/producto\/la-tormenta-final\/","title":{"rendered":"La tormenta final"},"content":{"rendered":"<p class=\"p1\">ISBN:\u00a0978-84-1181-802-5<\/p>\n<p class=\"p1\">T\u00edtulo: La tormenta final<\/p>\n<p class=\"p1\">Fecha: 2023<\/p>\n<p class=\"p1\">P\u00e1ginas: 370<\/p>\n<p class=\"p1\">SINOPSIS<\/p>\n<p>Despu\u00e9s de la lluvia, la tormenta llega con todas sus fuerzas.<\/p>\n<p>La traici\u00f3n ha creado un nuevo enemigo que har\u00e1 que Shadow vuelva a revivir su propio infierno.<\/p>\n<p>\u00bfQui\u00e9n ser\u00e1 m\u00e1s r\u00e1pido? \u00bfQui\u00e9n lograr\u00e1 sobrevivir a las mortales trampas que les tiene preparado el destino?<\/p>\n<p>Una vez m\u00e1s, Shadow y los agentes del FBI deber\u00e1n atrapar al emisario de los cuervos. Pero el l\u00edder de los Bleed siempre ir\u00e1 un paso por delante.<\/p>\n<p>Secretos, misterios, dolor\u2026<\/p>\n<p>En una carrera contra reloj, Shadow deber\u00e1 luchar contra la propia muerte antes de que todo lo que ama desaparezca.<\/p>\n","protected":false},"excerpt":{"rendered":"<p class=\"p1\">ISBN:\u00a0978-84-1181-802-5<\/p>\n<p class=\"p1\">SINOPSIS<\/p>\n<p>Despu\u00e9s de la lluvia, la tormenta llega con todas sus fuerzas.<\/p>\n<p>La traici\u00f3n ha creado un nuevo enemigo que har\u00e1 que Shadow vuelva a revivir su propio infierno.<\/p>\n<p>\u00bfQui\u00e9n ser\u00e1 m\u00e1s r\u00e1pido? \u00bfQui\u00e9n lograr\u00e1 sobrevivir a las mortales trampas que les tiene preparado el destino?<\/p>\n<p>Una vez m\u00e1s, Shadow y los agentes del FBI deber\u00e1n atrapar al emisario de los cuervos. Pero el l\u00edder de los Bleed siempre ir\u00e1 un paso por delante.<\/p>\n<p>Secretos, misterios, dolor\u2026<\/p>\n<p>En una carrera contra reloj, Shadow deber\u00e1 luchar contra la propia muerte antes de que todo lo que ama desaparezca.<\/p>\n","protected":false},"featured_media":106019,"comment_status":"open","ping_status":"closed","template":"","meta":{"_acf_changed":false},"libro":[],"product_brand":[],"product_cat":[16],"product_tag":[],"class_list":{"0":"post-106018","1":"product","2":"type-product","3":"status-publish","4":"has-post-thumbnail","6":"product_cat-novela","8":"first","9":"instock","10":"shipping-taxable","11":"product-type-simple"},"acf":{"autor":[75059],"enlace_de_compra":"https:\/\/amzn.to\/4dY2c4B"},"yoast_head":"<!-- This site is optimized with the Yoast SEO plugin v26.6 - https:\/\/yoast.com\/wordpress\/plugins\/seo\/ -->\n<title>La tormenta final - Catalogo | Letrame Grupo Editorial<\/title>\n<meta name=\"robots\" content=\"index, follow, max-snippet:-1, max-image-preview:large, max-video-preview:-1\" \/>\n<link rel=\"canonical\" href=\"https:\/\/letrame.com\/catalogo\/producto\/la-tormenta-final\/\" \/>\n<meta property=\"og:locale\" content=\"es_ES\" \/>\n<meta property=\"og:type\" content=\"article\" \/>\n<meta property=\"og:title\" content=\"La tormenta final - Catalogo | Letrame Grupo Editorial\" \/>\n<meta property=\"og:description\" content=\"ISBN:\u00a0978-84-1181-802-5 SINOPSIS Despu\u00e9s de la lluvia, la tormenta llega con todas sus fuerzas.  La traici\u00f3n ha creado un nuevo enemigo que har\u00e1 que Shadow vuelva a revivir su propio infierno.  \u00bfQui\u00e9n ser\u00e1 m\u00e1s r\u00e1pido? \u00bfQui\u00e9n lograr\u00e1 sobrevivir a las mortales trampas que les tiene preparado el destino?  Una vez m\u00e1s, Shadow y los agentes del FBI deber\u00e1n atrapar al emisario de los cuervos. Pero el l\u00edder de los Bleed siempre ir\u00e1 un paso por delante.  Secretos, misterios, dolor\u2026  En una carrera contra reloj, Shadow deber\u00e1 luchar contra la propia muerte antes de que todo lo que ama desaparezca.\" \/>\n<meta property=\"og:url\" content=\"https:\/\/letrame.com\/catalogo\/producto\/la-tormenta-final\/\" \/>\n<meta property=\"og:site_name\" content=\"Catalogo | Letrame Grupo Editorial\" \/>\n<meta property=\"og:image\" content=\"https:\/\/letrame.com\/catalogo\/wp-content\/uploads\/2024\/08\/zzwebp_latormentafinal_1813mm.jpg\" \/>\n\t<meta property=\"og:image:width\" content=\"700\" \/>\n\t<meta property=\"og:image:height\" content=\"1026\" \/>\n\t<meta property=\"og:image:type\" content=\"image\/jpeg\" \/>\n<meta name=\"twitter:card\" content=\"summary_large_image\" \/>\n<meta name=\"twitter:label1\" content=\"Tiempo de lectura\" \/>\n\t<meta name=\"twitter:data1\" content=\"1 minuto\" \/>\n<script type=\"application\/ld+json\" class=\"yoast-schema-graph\">{\"@context\":\"https:\/\/schema.org\",\"@graph\":[{\"@type\":\"WebPage\",\"@id\":\"https:\/\/letrame.com\/catalogo\/producto\/la-tormenta-final\/\",\"url\":\"https:\/\/letrame.com\/catalogo\/producto\/la-tormenta-final\/\",\"name\":\"La tormenta final - Catalogo | Letrame Grupo Editorial\",\"isPartOf\":{\"@id\":\"https:\/\/letrame.com\/catalogo\/#website\"},\"primaryImageOfPage\":{\"@id\":\"https:\/\/letrame.com\/catalogo\/producto\/la-tormenta-final\/#primaryimage\"},\"image\":{\"@id\":\"https:\/\/letrame.com\/catalogo\/producto\/la-tormenta-final\/#primaryimage\"},\"thumbnailUrl\":\"https:\/\/letrame.com\/catalogo\/wp-content\/uploads\/2024\/08\/zzwebp_latormentafinal_1813mm.jpg\",\"datePublished\":\"2024-08-23T07:33:49+00:00\",\"breadcrumb\":{\"@id\":\"https:\/\/letrame.com\/catalogo\/producto\/la-tormenta-final\/#breadcrumb\"},\"inLanguage\":\"es\",\"potentialAction\":[{\"@type\":\"ReadAction\",\"target\":[\"https:\/\/letrame.com\/catalogo\/producto\/la-tormenta-final\/\"]}]},{\"@type\":\"ImageObject\",\"inLanguage\":\"es\",\"@id\":\"https:\/\/letrame.com\/catalogo\/producto\/la-tormenta-final\/#primaryimage\",\"url\":\"https:\/\/letrame.com\/catalogo\/wp-content\/uploads\/2024\/08\/zzwebp_latormentafinal_1813mm.jpg\",\"contentUrl\":\"https:\/\/letrame.com\/catalogo\/wp-content\/uploads\/2024\/08\/zzwebp_latormentafinal_1813mm.jpg\",\"width\":700,\"height\":1026},{\"@type\":\"BreadcrumbList\",\"@id\":\"https:\/\/letrame.com\/catalogo\/producto\/la-tormenta-final\/#breadcrumb\",\"itemListElement\":[{\"@type\":\"ListItem\",\"position\":1,\"name\":\"Portada\",\"item\":\"https:\/\/letrame.com\/catalogo\/\"},{\"@type\":\"ListItem\",\"position\":2,\"name\":\"Cat\u00e1logo\",\"item\":\"https:\/\/letrame.com\/catalogo\/\"},{\"@type\":\"ListItem\",\"position\":3,\"name\":\"La tormenta final\"}]},{\"@type\":\"WebSite\",\"@id\":\"https:\/\/letrame.com\/catalogo\/#website\",\"url\":\"https:\/\/letrame.com\/catalogo\/\",\"name\":\"Catalogo | Letrame Grupo Editorial\",\"description\":\"\",\"publisher\":{\"@id\":\"https:\/\/letrame.com\/catalogo\/#organization\"},\"potentialAction\":[{\"@type\":\"SearchAction\",\"target\":{\"@type\":\"EntryPoint\",\"urlTemplate\":\"https:\/\/letrame.com\/catalogo\/?s={search_term_string}\"},\"query-input\":{\"@type\":\"PropertyValueSpecification\",\"valueRequired\":true,\"valueName\":\"search_term_string\"}}],\"inLanguage\":\"es\"},{\"@type\":\"Organization\",\"@id\":\"https:\/\/letrame.com\/catalogo\/#organization\",\"name\":\"Catalogo | Letrame Grupo Editorial\",\"url\":\"https:\/\/letrame.com\/catalogo\/\",\"logo\":{\"@type\":\"ImageObject\",\"inLanguage\":\"es\",\"@id\":\"https:\/\/letrame.com\/catalogo\/#\/schema\/logo\/image\/\",\"url\":\"https:\/\/letrame.com\/catalogo\/wp-content\/uploads\/2024\/03\/logo2.webp\",\"contentUrl\":\"https:\/\/letrame.com\/catalogo\/wp-content\/uploads\/2024\/03\/logo2.webp\",\"width\":394,\"height\":128,\"caption\":\"Catalogo | Letrame Grupo Editorial\"},\"image\":{\"@id\":\"https:\/\/letrame.com\/catalogo\/#\/schema\/logo\/image\/\"}}]}<\/script>\n<!-- \/ Yoast SEO plugin. -->","yoast_head_json":{"title":"La tormenta final - Catalogo | Letrame Grupo Editorial","robots":{"index":"index","follow":"follow","max-snippet":"max-snippet:-1","max-image-preview":"max-image-preview:large","max-video-preview":"max-video-preview:-1"},"canonical":"https:\/\/letrame.com\/catalogo\/producto\/la-tormenta-final\/","og_locale":"es_ES","og_type":"article","og_title":"La tormenta final - Catalogo | Letrame Grupo Editorial","og_description":"ISBN:\u00a0978-84-1181-802-5 SINOPSIS Despu\u00e9s de la lluvia, la tormenta llega con todas sus fuerzas.  La traici\u00f3n ha creado un nuevo enemigo que har\u00e1 que Shadow vuelva a revivir su propio infierno.  \u00bfQui\u00e9n ser\u00e1 m\u00e1s r\u00e1pido? \u00bfQui\u00e9n lograr\u00e1 sobrevivir a las mortales trampas que les tiene preparado el destino?  Una vez m\u00e1s, Shadow y los agentes del FBI deber\u00e1n atrapar al emisario de los cuervos. Pero el l\u00edder de los Bleed siempre ir\u00e1 un paso por delante.  Secretos, misterios, dolor\u2026  En una carrera contra reloj, Shadow deber\u00e1 luchar contra la propia muerte antes de que todo lo que ama desaparezca.","og_url":"https:\/\/letrame.com\/catalogo\/producto\/la-tormenta-final\/","og_site_name":"Catalogo | Letrame Grupo Editorial","og_image":[{"width":700,"height":1026,"url":"https:\/\/letrame.com\/catalogo\/wp-content\/uploads\/2024\/08\/zzwebp_latormentafinal_1813mm.jpg","type":"image\/jpeg"}],"twitter_card":"summary_large_image","twitter_misc":{"Tiempo de lectura":"1 minuto"},"schema":{"@context":"https:\/\/schema.org","@graph":[{"@type":"WebPage","@id":"https:\/\/letrame.com\/catalogo\/producto\/la-tormenta-final\/","url":"https:\/\/letrame.com\/catalogo\/producto\/la-tormenta-final\/","name":"La tormenta final - Catalogo | Letrame Grupo Editorial","isPartOf":{"@id":"https:\/\/letrame.com\/catalogo\/#website"},"primaryImageOfPage":{"@id":"https:\/\/letrame.com\/catalogo\/producto\/la-tormenta-final\/#primaryimage"},"image":{"@id":"https:\/\/letrame.com\/catalogo\/producto\/la-tormenta-final\/#primaryimage"},"thumbnailUrl":"https:\/\/letrame.com\/catalogo\/wp-content\/uploads\/2024\/08\/zzwebp_latormentafinal_1813mm.jpg","datePublished":"2024-08-23T07:33:49+00:00","breadcrumb":{"@id":"https:\/\/letrame.com\/catalogo\/producto\/la-tormenta-final\/#breadcrumb"},"inLanguage":"es","potentialAction":[{"@type":"ReadAction","target":["https:\/\/letrame.com\/catalogo\/producto\/la-tormenta-final\/"]}]},{"@type":"ImageObject","inLanguage":"es","@id":"https:\/\/letrame.com\/catalogo\/producto\/la-tormenta-final\/#primaryimage","url":"https:\/\/letrame.com\/catalogo\/wp-content\/uploads\/2024\/08\/zzwebp_latormentafinal_1813mm.jpg","contentUrl":"https:\/\/letrame.com\/catalogo\/wp-content\/uploads\/2024\/08\/zzwebp_latormentafinal_1813mm.jpg","width":700,"height":1026},{"@type":"BreadcrumbList","@id":"https:\/\/letrame.com\/catalogo\/producto\/la-tormenta-final\/#breadcrumb","itemListElement":[{"@type":"ListItem","position":1,"name":"Portada","item":"https:\/\/letrame.com\/catalogo\/"},{"@type":"ListItem","position":2,"name":"Cat\u00e1logo","item":"https:\/\/letrame.com\/catalogo\/"},{"@type":"ListItem","position":3,"name":"La tormenta final"}]},{"@type":"WebSite","@id":"https:\/\/letrame.com\/catalogo\/#website","url":"https:\/\/letrame.com\/catalogo\/","name":"Catalogo | Letrame Grupo Editorial","description":"","publisher":{"@id":"https:\/\/letrame.com\/catalogo\/#organization"},"potentialAction":[{"@type":"SearchAction","target":{"@type":"EntryPoint","urlTemplate":"https:\/\/letrame.com\/catalogo\/?s={search_term_string}"},"query-input":{"@type":"PropertyValueSpecification","valueRequired":true,"valueName":"search_term_string"}}],"inLanguage":"es"},{"@type":"Organization","@id":"https:\/\/letrame.com\/catalogo\/#organization","name":"Catalogo | Letrame Grupo Editorial","url":"https:\/\/letrame.com\/catalogo\/","logo":{"@type":"ImageObject","inLanguage":"es","@id":"https:\/\/letrame.com\/catalogo\/#\/schema\/logo\/image\/","url":"https:\/\/letrame.com\/catalogo\/wp-content\/uploads\/2024\/03\/logo2.webp","contentUrl":"https:\/\/letrame.com\/catalogo\/wp-content\/uploads\/2024\/03\/logo2.webp","width":394,"height":128,"caption":"Catalogo | Letrame Grupo Editorial"},"image":{"@id":"https:\/\/letrame.com\/catalogo\/#\/schema\/logo\/image\/"}}]}},"_links":{"self":[{"href":"https:\/\/letrame.com\/catalogo\/wp-json\/wp\/v2\/product\/106018","targetHints":{"allow":["GET"]}}],"collection":[{"href":"https:\/\/letrame.com\/catalogo\/wp-json\/wp\/v2\/product"}],"about":[{"href":"https:\/\/letrame.com\/catalogo\/wp-json\/wp\/v2\/types\/product"}],"replies":[{"embeddable":true,"href":"https:\/\/letrame.com\/catalogo\/wp-json\/wp\/v2\/comments?post=106018"}],"acf:post":[{"embeddable":true,"href":"https:\/\/letrame.com\/catalogo\/wp-json\/wp\/v2\/author_book\/75059"}],"wp:featuredmedia":[{"embeddable":true,"href":"https:\/\/letrame.com\/catalogo\/wp-json\/wp\/v2\/media\/106019"}],"wp:attachment":[{"href":"https:\/\/letrame.com\/catalogo\/wp-json\/wp\/v2\/media?parent=106018"}],"wp:term":[{"taxonomy":"libro","embeddable":true,"href":"https:\/\/letrame.com\/catalogo\/wp-json\/wp\/v2\/libro?post=106018"},{"taxonomy":"product_brand","embeddable":true,"href":"https:\/\/letrame.com\/catalogo\/wp-json\/wp\/v2\/product_brand?post=106018"},{"taxonomy":"product_cat","embeddable":true,"href":"https:\/\/letrame.com\/catalogo\/wp-json\/wp\/v2\/product_cat?post=106018"},{"taxonomy":"product_tag","embeddable":true,"href":"https:\/\/letrame.com\/catalogo\/wp-json\/wp\/v2\/product_tag?post=106018"}],"curies":[{"name":"wp","href":"https:\/\/api.w.org\/{rel}","templated":true}]}}