{"id":106001,"date":"2024-08-23T09:11:17","date_gmt":"2024-08-23T07:11:17","guid":{"rendered":"https:\/\/letrame.com\/catalogo\/?post_type=product&#038;p=106001"},"modified":"2024-08-23T09:11:18","modified_gmt":"2024-08-23T07:11:18","slug":"en-mi-oscuridad","status":"publish","type":"product","link":"https:\/\/letrame.com\/catalogo\/producto\/en-mi-oscuridad\/","title":{"rendered":"En mi oscuridad"},"content":{"rendered":"<p class=\"p1\">ISBN:\u00a0978-84-1181-748-6<\/p>\n<p class=\"p1\">T\u00edtulo: En mi oscuridad<\/p>\n<p class=\"p1\">Fecha: 2023<\/p>\n<p class=\"p1\">P\u00e1ginas: 208<\/p>\n<p class=\"p1\">SINOPSIS<\/p>\n<p>\u00bfTe imaginas asistiendo a una exposici\u00f3n macabra repleta de cad\u00e1veres? No es apta para todos los est\u00f3magos, pero seguro que disfrutas de los escalofr\u00edos que van recorriendo tu cuerpo mientras lees estas p\u00e1ginas llenas de terror y horrores. Tal vez prefieras adentrarte en una casa donde hace mucho tiempo alguien se ahorc\u00f3 y desentra\u00f1ar el misterio al mismo tiempo que el protagonista del relato. O puede que sea mejor averiguar qui\u00e9nes vivieron antes en tu domicilio actual; solo por si acaso. \u00bfY qu\u00e9 me dices de vivir una Noche de San Juan inolvidable?<\/p>\n<p>En estos relatos de terror y misterio encontrar\u00e1s mil y un motivos para enfrentarte a tus miedos m\u00e1s profundos. La fantas\u00eda como ant\u00eddoto contra la horrible realidad. Historias de misterio que pudieron ser verdad y que te atrapar\u00e1n desde la primera p\u00e1gina. Har\u00e1s frente a la inquietud, al desasosiego, a la angustia porque no podr\u00e1s parar de leer hasta llegar al final. All\u00ed es donde encontrar\u00e1s la verdad.<\/p>\n","protected":false},"excerpt":{"rendered":"<p class=\"p1\">ISBN:\u00a0978-84-1181-748-6<\/p>\n<p class=\"p1\">SINOPSIS<\/p>\n<p>\u00bfTe imaginas asistiendo a una exposici\u00f3n macabra repleta de cad\u00e1veres? No es apta para todos los est\u00f3magos, pero seguro que disfrutas de los escalofr\u00edos que van recorriendo tu cuerpo mientras lees estas p\u00e1ginas llenas de terror y horrores. Tal vez prefieras adentrarte en una casa donde hace mucho tiempo alguien se ahorc\u00f3 y desentra\u00f1ar el misterio al mismo tiempo que el protagonista del relato. O puede que sea mejor averiguar qui\u00e9nes vivieron antes en tu domicilio actual; solo por si acaso. \u00bfY qu\u00e9 me dices de vivir una Noche de San Juan inolvidable?<\/p>\n<p>En estos relatos de terror y misterio encontrar\u00e1s mil y un motivos para enfrentarte a tus miedos m\u00e1s profundos. La fantas\u00eda como ant\u00eddoto contra la horrible realidad. Historias de misterio que pudieron ser verdad y que te atrapar\u00e1n desde la primera p\u00e1gina. Har\u00e1s frente a la inquietud, al desasosiego, a la angustia porque no podr\u00e1s parar de leer hasta llegar al final. All\u00ed es donde encontrar\u00e1s la verdad.<\/p>\n","protected":false},"featured_media":106003,"comment_status":"open","ping_status":"closed","template":"","meta":{"_acf_changed":false},"libro":[],"product_brand":[],"product_cat":[111],"product_tag":[],"class_list":{"0":"post-106001","1":"product","2":"type-product","3":"status-publish","4":"has-post-thumbnail","6":"product_cat-thriller","8":"first","9":"instock","10":"shipping-taxable","11":"product-type-simple"},"acf":{"autor":[77022],"enlace_de_compra":"https:\/\/amzn.to\/3WVjyZ2"},"yoast_head":"<!-- This site is optimized with the Yoast SEO plugin v27.4 - https:\/\/yoast.com\/product\/yoast-seo-wordpress\/ -->\n<title>En mi oscuridad - Catalogo | Letrame Grupo Editorial<\/title>\n<meta name=\"robots\" content=\"index, follow, max-snippet:-1, max-image-preview:large, max-video-preview:-1\" \/>\n<link rel=\"canonical\" href=\"https:\/\/letrame.com\/catalogo\/producto\/en-mi-oscuridad\/\" \/>\n<meta property=\"og:locale\" content=\"es_ES\" \/>\n<meta property=\"og:type\" content=\"article\" \/>\n<meta property=\"og:title\" content=\"En mi oscuridad - Catalogo | Letrame Grupo Editorial\" \/>\n<meta property=\"og:description\" content=\"ISBN:\u00a0978-84-1181-748-6 SINOPSIS \u00bfTe imaginas asistiendo a una exposici\u00f3n macabra repleta de cad\u00e1veres? No es apta para todos los est\u00f3magos, pero seguro que disfrutas de los escalofr\u00edos que van recorriendo tu cuerpo mientras lees estas p\u00e1ginas llenas de terror y horrores. Tal vez prefieras adentrarte en una casa donde hace mucho tiempo alguien se ahorc\u00f3 y desentra\u00f1ar el misterio al mismo tiempo que el protagonista del relato. O puede que sea mejor averiguar qui\u00e9nes vivieron antes en tu domicilio actual; solo por si acaso. \u00bfY qu\u00e9 me dices de vivir una Noche de San Juan inolvidable?  En estos relatos de terror y misterio encontrar\u00e1s mil y un motivos para enfrentarte a tus miedos m\u00e1s profundos. La fantas\u00eda como ant\u00eddoto contra la horrible realidad. Historias de misterio que pudieron ser verdad y que te atrapar\u00e1n desde la primera p\u00e1gina. Har\u00e1s frente a la inquietud, al desasosiego, a la angustia porque no podr\u00e1s parar de leer hasta llegar al final. All\u00ed es donde encontrar\u00e1s la verdad.\" \/>\n<meta property=\"og:url\" content=\"https:\/\/letrame.com\/catalogo\/producto\/en-mi-oscuridad\/\" \/>\n<meta property=\"og:site_name\" content=\"Catalogo | Letrame Grupo Editorial\" \/>\n<meta property=\"article:modified_time\" content=\"2024-08-23T07:11:18+00:00\" \/>\n<meta property=\"og:image\" content=\"https:\/\/letrame.com\/catalogo\/wp-content\/uploads\/2024\/08\/zwebp_enmioscuridad_1188mm.jpg\" \/>\n\t<meta property=\"og:image:width\" content=\"700\" \/>\n\t<meta property=\"og:image:height\" content=\"980\" \/>\n\t<meta property=\"og:image:type\" content=\"image\/jpeg\" \/>\n<meta name=\"twitter:card\" content=\"summary_large_image\" \/>\n<meta name=\"twitter:label1\" content=\"Tiempo de lectura\" \/>\n\t<meta name=\"twitter:data1\" content=\"1 minuto\" \/>\n<script type=\"application\/ld+json\" class=\"yoast-schema-graph\">{\"@context\":\"https:\\\/\\\/schema.org\",\"@graph\":[{\"@type\":\"WebPage\",\"@id\":\"https:\\\/\\\/letrame.com\\\/catalogo\\\/producto\\\/en-mi-oscuridad\\\/\",\"url\":\"https:\\\/\\\/letrame.com\\\/catalogo\\\/producto\\\/en-mi-oscuridad\\\/\",\"name\":\"En mi oscuridad - Catalogo | Letrame Grupo Editorial\",\"isPartOf\":{\"@id\":\"https:\\\/\\\/letrame.com\\\/catalogo\\\/#website\"},\"primaryImageOfPage\":{\"@id\":\"https:\\\/\\\/letrame.com\\\/catalogo\\\/producto\\\/en-mi-oscuridad\\\/#primaryimage\"},\"image\":{\"@id\":\"https:\\\/\\\/letrame.com\\\/catalogo\\\/producto\\\/en-mi-oscuridad\\\/#primaryimage\"},\"thumbnailUrl\":\"https:\\\/\\\/letrame.com\\\/catalogo\\\/wp-content\\\/uploads\\\/2024\\\/08\\\/zwebp_enmioscuridad_1188mm.jpg\",\"datePublished\":\"2024-08-23T07:11:17+00:00\",\"dateModified\":\"2024-08-23T07:11:18+00:00\",\"breadcrumb\":{\"@id\":\"https:\\\/\\\/letrame.com\\\/catalogo\\\/producto\\\/en-mi-oscuridad\\\/#breadcrumb\"},\"inLanguage\":\"es\",\"potentialAction\":[{\"@type\":\"ReadAction\",\"target\":[\"https:\\\/\\\/letrame.com\\\/catalogo\\\/producto\\\/en-mi-oscuridad\\\/\"]}]},{\"@type\":\"ImageObject\",\"inLanguage\":\"es\",\"@id\":\"https:\\\/\\\/letrame.com\\\/catalogo\\\/producto\\\/en-mi-oscuridad\\\/#primaryimage\",\"url\":\"https:\\\/\\\/letrame.com\\\/catalogo\\\/wp-content\\\/uploads\\\/2024\\\/08\\\/zwebp_enmioscuridad_1188mm.jpg\",\"contentUrl\":\"https:\\\/\\\/letrame.com\\\/catalogo\\\/wp-content\\\/uploads\\\/2024\\\/08\\\/zwebp_enmioscuridad_1188mm.jpg\",\"width\":700,\"height\":980},{\"@type\":\"BreadcrumbList\",\"@id\":\"https:\\\/\\\/letrame.com\\\/catalogo\\\/producto\\\/en-mi-oscuridad\\\/#breadcrumb\",\"itemListElement\":[{\"@type\":\"ListItem\",\"position\":1,\"name\":\"Portada\",\"item\":\"https:\\\/\\\/letrame.com\\\/catalogo\\\/\"},{\"@type\":\"ListItem\",\"position\":2,\"name\":\"Cat\u00e1logo\",\"item\":\"https:\\\/\\\/letrame.com\\\/catalogo\\\/\"},{\"@type\":\"ListItem\",\"position\":3,\"name\":\"En mi oscuridad\"}]},{\"@type\":\"WebSite\",\"@id\":\"https:\\\/\\\/letrame.com\\\/catalogo\\\/#website\",\"url\":\"https:\\\/\\\/letrame.com\\\/catalogo\\\/\",\"name\":\"Catalogo | Letrame Grupo Editorial\",\"description\":\"\",\"publisher\":{\"@id\":\"https:\\\/\\\/letrame.com\\\/catalogo\\\/#organization\"},\"potentialAction\":[{\"@type\":\"SearchAction\",\"target\":{\"@type\":\"EntryPoint\",\"urlTemplate\":\"https:\\\/\\\/letrame.com\\\/catalogo\\\/?s={search_term_string}\"},\"query-input\":{\"@type\":\"PropertyValueSpecification\",\"valueRequired\":true,\"valueName\":\"search_term_string\"}}],\"inLanguage\":\"es\"},{\"@type\":\"Organization\",\"@id\":\"https:\\\/\\\/letrame.com\\\/catalogo\\\/#organization\",\"name\":\"Catalogo | Letrame Grupo Editorial\",\"url\":\"https:\\\/\\\/letrame.com\\\/catalogo\\\/\",\"logo\":{\"@type\":\"ImageObject\",\"inLanguage\":\"es\",\"@id\":\"https:\\\/\\\/letrame.com\\\/catalogo\\\/#\\\/schema\\\/logo\\\/image\\\/\",\"url\":\"https:\\\/\\\/letrame.com\\\/catalogo\\\/wp-content\\\/uploads\\\/2024\\\/03\\\/logo2.webp\",\"contentUrl\":\"https:\\\/\\\/letrame.com\\\/catalogo\\\/wp-content\\\/uploads\\\/2024\\\/03\\\/logo2.webp\",\"width\":394,\"height\":128,\"caption\":\"Catalogo | Letrame Grupo Editorial\"},\"image\":{\"@id\":\"https:\\\/\\\/letrame.com\\\/catalogo\\\/#\\\/schema\\\/logo\\\/image\\\/\"}}]}<\/script>\n<!-- \/ Yoast SEO plugin. -->","yoast_head_json":{"title":"En mi oscuridad - Catalogo | Letrame Grupo Editorial","robots":{"index":"index","follow":"follow","max-snippet":"max-snippet:-1","max-image-preview":"max-image-preview:large","max-video-preview":"max-video-preview:-1"},"canonical":"https:\/\/letrame.com\/catalogo\/producto\/en-mi-oscuridad\/","og_locale":"es_ES","og_type":"article","og_title":"En mi oscuridad - Catalogo | Letrame Grupo Editorial","og_description":"ISBN:\u00a0978-84-1181-748-6 SINOPSIS \u00bfTe imaginas asistiendo a una exposici\u00f3n macabra repleta de cad\u00e1veres? No es apta para todos los est\u00f3magos, pero seguro que disfrutas de los escalofr\u00edos que van recorriendo tu cuerpo mientras lees estas p\u00e1ginas llenas de terror y horrores. Tal vez prefieras adentrarte en una casa donde hace mucho tiempo alguien se ahorc\u00f3 y desentra\u00f1ar el misterio al mismo tiempo que el protagonista del relato. O puede que sea mejor averiguar qui\u00e9nes vivieron antes en tu domicilio actual; solo por si acaso. \u00bfY qu\u00e9 me dices de vivir una Noche de San Juan inolvidable?  En estos relatos de terror y misterio encontrar\u00e1s mil y un motivos para enfrentarte a tus miedos m\u00e1s profundos. La fantas\u00eda como ant\u00eddoto contra la horrible realidad. Historias de misterio que pudieron ser verdad y que te atrapar\u00e1n desde la primera p\u00e1gina. Har\u00e1s frente a la inquietud, al desasosiego, a la angustia porque no podr\u00e1s parar de leer hasta llegar al final. All\u00ed es donde encontrar\u00e1s la verdad.","og_url":"https:\/\/letrame.com\/catalogo\/producto\/en-mi-oscuridad\/","og_site_name":"Catalogo | Letrame Grupo Editorial","article_modified_time":"2024-08-23T07:11:18+00:00","og_image":[{"width":700,"height":980,"url":"https:\/\/letrame.com\/catalogo\/wp-content\/uploads\/2024\/08\/zwebp_enmioscuridad_1188mm.jpg","type":"image\/jpeg"}],"twitter_card":"summary_large_image","twitter_misc":{"Tiempo de lectura":"1 minuto"},"schema":{"@context":"https:\/\/schema.org","@graph":[{"@type":"WebPage","@id":"https:\/\/letrame.com\/catalogo\/producto\/en-mi-oscuridad\/","url":"https:\/\/letrame.com\/catalogo\/producto\/en-mi-oscuridad\/","name":"En mi oscuridad - Catalogo | Letrame Grupo Editorial","isPartOf":{"@id":"https:\/\/letrame.com\/catalogo\/#website"},"primaryImageOfPage":{"@id":"https:\/\/letrame.com\/catalogo\/producto\/en-mi-oscuridad\/#primaryimage"},"image":{"@id":"https:\/\/letrame.com\/catalogo\/producto\/en-mi-oscuridad\/#primaryimage"},"thumbnailUrl":"https:\/\/letrame.com\/catalogo\/wp-content\/uploads\/2024\/08\/zwebp_enmioscuridad_1188mm.jpg","datePublished":"2024-08-23T07:11:17+00:00","dateModified":"2024-08-23T07:11:18+00:00","breadcrumb":{"@id":"https:\/\/letrame.com\/catalogo\/producto\/en-mi-oscuridad\/#breadcrumb"},"inLanguage":"es","potentialAction":[{"@type":"ReadAction","target":["https:\/\/letrame.com\/catalogo\/producto\/en-mi-oscuridad\/"]}]},{"@type":"ImageObject","inLanguage":"es","@id":"https:\/\/letrame.com\/catalogo\/producto\/en-mi-oscuridad\/#primaryimage","url":"https:\/\/letrame.com\/catalogo\/wp-content\/uploads\/2024\/08\/zwebp_enmioscuridad_1188mm.jpg","contentUrl":"https:\/\/letrame.com\/catalogo\/wp-content\/uploads\/2024\/08\/zwebp_enmioscuridad_1188mm.jpg","width":700,"height":980},{"@type":"BreadcrumbList","@id":"https:\/\/letrame.com\/catalogo\/producto\/en-mi-oscuridad\/#breadcrumb","itemListElement":[{"@type":"ListItem","position":1,"name":"Portada","item":"https:\/\/letrame.com\/catalogo\/"},{"@type":"ListItem","position":2,"name":"Cat\u00e1logo","item":"https:\/\/letrame.com\/catalogo\/"},{"@type":"ListItem","position":3,"name":"En mi oscuridad"}]},{"@type":"WebSite","@id":"https:\/\/letrame.com\/catalogo\/#website","url":"https:\/\/letrame.com\/catalogo\/","name":"Catalogo | Letrame Grupo Editorial","description":"","publisher":{"@id":"https:\/\/letrame.com\/catalogo\/#organization"},"potentialAction":[{"@type":"SearchAction","target":{"@type":"EntryPoint","urlTemplate":"https:\/\/letrame.com\/catalogo\/?s={search_term_string}"},"query-input":{"@type":"PropertyValueSpecification","valueRequired":true,"valueName":"search_term_string"}}],"inLanguage":"es"},{"@type":"Organization","@id":"https:\/\/letrame.com\/catalogo\/#organization","name":"Catalogo | Letrame Grupo Editorial","url":"https:\/\/letrame.com\/catalogo\/","logo":{"@type":"ImageObject","inLanguage":"es","@id":"https:\/\/letrame.com\/catalogo\/#\/schema\/logo\/image\/","url":"https:\/\/letrame.com\/catalogo\/wp-content\/uploads\/2024\/03\/logo2.webp","contentUrl":"https:\/\/letrame.com\/catalogo\/wp-content\/uploads\/2024\/03\/logo2.webp","width":394,"height":128,"caption":"Catalogo | Letrame Grupo Editorial"},"image":{"@id":"https:\/\/letrame.com\/catalogo\/#\/schema\/logo\/image\/"}}]}},"_links":{"self":[{"href":"https:\/\/letrame.com\/catalogo\/wp-json\/wp\/v2\/product\/106001","targetHints":{"allow":["GET"]}}],"collection":[{"href":"https:\/\/letrame.com\/catalogo\/wp-json\/wp\/v2\/product"}],"about":[{"href":"https:\/\/letrame.com\/catalogo\/wp-json\/wp\/v2\/types\/product"}],"replies":[{"embeddable":true,"href":"https:\/\/letrame.com\/catalogo\/wp-json\/wp\/v2\/comments?post=106001"}],"acf:post":[{"embeddable":true,"href":"https:\/\/letrame.com\/catalogo\/wp-json\/wp\/v2\/author_book\/77022"}],"wp:featuredmedia":[{"embeddable":true,"href":"https:\/\/letrame.com\/catalogo\/wp-json\/wp\/v2\/media\/106003"}],"wp:attachment":[{"href":"https:\/\/letrame.com\/catalogo\/wp-json\/wp\/v2\/media?parent=106001"}],"wp:term":[{"taxonomy":"libro","embeddable":true,"href":"https:\/\/letrame.com\/catalogo\/wp-json\/wp\/v2\/libro?post=106001"},{"taxonomy":"product_brand","embeddable":true,"href":"https:\/\/letrame.com\/catalogo\/wp-json\/wp\/v2\/product_brand?post=106001"},{"taxonomy":"product_cat","embeddable":true,"href":"https:\/\/letrame.com\/catalogo\/wp-json\/wp\/v2\/product_cat?post=106001"},{"taxonomy":"product_tag","embeddable":true,"href":"https:\/\/letrame.com\/catalogo\/wp-json\/wp\/v2\/product_tag?post=106001"}],"curies":[{"name":"wp","href":"https:\/\/api.w.org\/{rel}","templated":true}]}}