{"id":105988,"date":"2024-08-23T08:49:48","date_gmt":"2024-08-23T06:49:48","guid":{"rendered":"https:\/\/letrame.com\/catalogo\/?post_type=product&#038;p=105988"},"modified":"2024-08-23T08:50:28","modified_gmt":"2024-08-23T06:50:28","slug":"farruto-el-demonio-que-toca-el-clarinete","status":"publish","type":"product","link":"https:\/\/letrame.com\/catalogo\/producto\/farruto-el-demonio-que-toca-el-clarinete\/","title":{"rendered":"Farruto. El demonio que toca el clarinete"},"content":{"rendered":"<p class=\"p1\">ISBN:\u00a0978-84-1181-753-0<\/p>\n<p class=\"p1\">T\u00edtulo: Farruto. El demonio que toca el clarinete<\/p>\n<p class=\"p1\">Fecha: 2023<\/p>\n<p class=\"p1\">P\u00e1ginas: 486<\/p>\n<p class=\"p1\">SINOPSIS<\/p>\n<p>A lo largo de <em>Farruto, el demonio que toca el clarinete<\/em> nos encontramos con una obra literaria que se despliega en m\u00faltiples dimensiones, desafiando cualquier intento de definirla de manera convencional. Es innegable que esta narrativa es una metaficci\u00f3n autorreferencial. Desde su origen con la llegada del demonio Farruto, el narrador de la historia, hasta la muerte del escriba en el Ahora y su tr\u00e1nsito a Siempre.<\/p>\n<p>Durante la narraci\u00f3n de la historia ambos la interrumpen para debatir sobre estrategias narrativas, insertando referencias, lenguaje y personajes anacr\u00f3nicos que contribuyen al juego metanarrativo. Este constante cuestionamiento de los l\u00edmites entre la ficci\u00f3n y la realidad crea el escenario ideal para explorar disquisiciones filos\u00f3fico-teol\u00f3gicas, y la psicolog\u00eda de los personajes, tanto los humanos como los animales y tambi\u00e9n los fant\u00e1sticos.<\/p>\n<p>Estamos ante un libro tan polifac\u00e9tico que seguramente alguna de sus facetas te cautivar\u00e1. Esta estupenda composici\u00f3n rebosa de aventuras, saltos en el tiempo y en la geograf\u00eda, y de vivencias que te encogen el coraz\u00f3n o te saltan la risa y te dejar\u00e1n con los ojos abiertos, ansioso por la siguiente, mientras exploras los paisajes y gastronom\u00eda de los caminos y la historia del momento.<\/p>\n<p>La sonoridad y las im\u00e1genes te mantendr\u00e1n absorto en el relato.<\/p>\n<p>Los animales parlantes adquieren un papel vital en esta historia, desde las luci\u00e9rnagas hasta el monstruo del lago creado a partir del cieno. Cobran vida de manera tan v\u00edvida que el libro ser\u00eda inconcebible sin su presencia.<\/p>\n<p>Desde intrigas divertidas hasta tremendos dramas, esta obra abarca todas las facetas del ser humano, sin duda dejando una huella profunda en los lectores.<\/p>\n<p>Los personajes revelan su esencia humana a lo largo de la narraci\u00f3n, permitiendo al lector disfrutar de este libro de aventuras a trav\u00e9s de la lente de la experiencia humana de cada uno de ellos.<\/p>\n<p>\u00a1Buen viaje!<\/p>\n","protected":false},"excerpt":{"rendered":"<p class=\"p1\">ISBN:\u00a0978-84-1181-753-0<\/p>\n<p class=\"p1\">SINOPSIS<\/p>\n<p>A lo largo de <em>Farruto, el demonio que toca el clarinete<\/em> nos encontramos con una obra literaria que se despliega en m\u00faltiples dimensiones, desafiando cualquier intento de definirla de manera convencional. Es innegable que esta narrativa es una metaficci\u00f3n autorreferencial. Desde su origen con la llegada del demonio Farruto, el narrador de la historia, hasta la muerte del escriba en el Ahora y su tr\u00e1nsito a Siempre.<\/p>\n<p>Durante la narraci\u00f3n de la historia ambos la interrumpen para debatir sobre estrategias narrativas, insertando referencias, lenguaje y personajes anacr\u00f3nicos que contribuyen al juego metanarrativo. Este constante cuestionamiento de los l\u00edmites entre la ficci\u00f3n y la realidad crea el escenario ideal para explorar disquisiciones filos\u00f3fico-teol\u00f3gicas, y la psicolog\u00eda de los personajes, tanto los humanos como los animales y tambi\u00e9n los fant\u00e1sticos.<\/p>\n<p>Estamos ante un libro tan polifac\u00e9tico que seguramente alguna de sus facetas te cautivar\u00e1. Esta estupenda composici\u00f3n rebosa de aventuras, saltos en el tiempo y en la geograf\u00eda, y de vivencias que te encogen el coraz\u00f3n o te saltan la risa y te dejar\u00e1n con los ojos abiertos, ansioso por la siguiente, mientras exploras los paisajes y gastronom\u00eda de los caminos y la historia del momento.<\/p>\n<p>La sonoridad y las im\u00e1genes te mantendr\u00e1n absorto en el relato.<\/p>\n<p>Los animales parlantes adquieren un papel vital en esta historia, desde las luci\u00e9rnagas hasta el monstruo del lago creado a partir del cieno. Cobran vida de manera tan v\u00edvida que el libro ser\u00eda inconcebible sin su presencia.<\/p>\n<p>Desde intrigas divertidas hasta tremendos dramas, esta obra abarca todas las facetas del ser humano, sin duda dejando una huella profunda en los lectores.<\/p>\n<p>Los personajes revelan su esencia humana a lo largo de la narraci\u00f3n, permitiendo al lector disfrutar de este libro de aventuras a trav\u00e9s de la lente de la experiencia humana de cada uno de ellos.<\/p>\n<p>\u00a1Buen viaje!<\/p>\n","protected":false},"featured_media":105990,"comment_status":"open","ping_status":"closed","template":"","meta":{"_acf_changed":false},"libro":[],"product_brand":[],"product_cat":[16],"product_tag":[],"class_list":{"0":"post-105988","1":"product","2":"type-product","3":"status-publish","4":"has-post-thumbnail","6":"product_cat-novela","8":"first","9":"instock","10":"shipping-taxable","11":"product-type-simple"},"acf":{"autor":[105987],"enlace_de_compra":"https:\/\/amzn.to\/4dCqT6W"},"yoast_head":"<!-- This site is optimized with the Yoast SEO plugin v26.6 - https:\/\/yoast.com\/wordpress\/plugins\/seo\/ -->\n<title>Farruto. El demonio que toca el clarinete - Catalogo | Letrame Grupo Editorial<\/title>\n<meta name=\"robots\" content=\"index, follow, max-snippet:-1, max-image-preview:large, max-video-preview:-1\" \/>\n<link rel=\"canonical\" href=\"https:\/\/letrame.com\/catalogo\/producto\/farruto-el-demonio-que-toca-el-clarinete\/\" \/>\n<meta property=\"og:locale\" content=\"es_ES\" \/>\n<meta property=\"og:type\" content=\"article\" \/>\n<meta property=\"og:title\" content=\"Farruto. El demonio que toca el clarinete - Catalogo | Letrame Grupo Editorial\" \/>\n<meta property=\"og:description\" content=\"ISBN:\u00a0978-84-1181-753-0 SINOPSIS A lo largo de Farruto, el demonio que toca el clarinete nos encontramos con una obra literaria que se despliega en m\u00faltiples dimensiones, desafiando cualquier intento de definirla de manera convencional. Es innegable que esta narrativa es una metaficci\u00f3n autorreferencial. Desde su origen con la llegada del demonio Farruto, el narrador de la historia, hasta la muerte del escriba en el Ahora y su tr\u00e1nsito a Siempre.  Durante la narraci\u00f3n de la historia ambos la interrumpen para debatir sobre estrategias narrativas, insertando referencias, lenguaje y personajes anacr\u00f3nicos que contribuyen al juego metanarrativo. Este constante cuestionamiento de los l\u00edmites entre la ficci\u00f3n y la realidad crea el escenario ideal para explorar disquisiciones filos\u00f3fico-teol\u00f3gicas, y la psicolog\u00eda de los personajes, tanto los humanos como los animales y tambi\u00e9n los fant\u00e1sticos.  Estamos ante un libro tan polifac\u00e9tico que seguramente alguna de sus facetas te cautivar\u00e1. Esta estupenda composici\u00f3n rebosa de aventuras, saltos en el tiempo y en la geograf\u00eda, y de vivencias que te encogen el coraz\u00f3n o te saltan la risa y te dejar\u00e1n con los ojos abiertos, ansioso por la siguiente, mientras exploras los paisajes y gastronom\u00eda de los caminos y la historia del momento.  La sonoridad y las im\u00e1genes te mantendr\u00e1n absorto en el relato.  Los animales parlantes adquieren un papel vital en esta historia, desde las luci\u00e9rnagas hasta el monstruo del lago creado a partir del cieno. Cobran vida de manera tan v\u00edvida que el libro ser\u00eda inconcebible sin su presencia.  Desde intrigas divertidas hasta tremendos dramas, esta obra abarca todas las facetas del ser humano, sin duda dejando una huella profunda en los lectores.  Los personajes revelan su esencia humana a lo largo de la narraci\u00f3n, permitiendo al lector disfrutar de este libro de aventuras a trav\u00e9s de la lente de la experiencia humana de cada uno de ellos.  \u00a1Buen viaje!\" \/>\n<meta property=\"og:url\" content=\"https:\/\/letrame.com\/catalogo\/producto\/farruto-el-demonio-que-toca-el-clarinete\/\" \/>\n<meta property=\"og:site_name\" content=\"Catalogo | Letrame Grupo Editorial\" \/>\n<meta property=\"article:modified_time\" content=\"2024-08-23T06:50:28+00:00\" \/>\n<meta property=\"og:image\" content=\"https:\/\/letrame.com\/catalogo\/wp-content\/uploads\/2024\/08\/webp_farruto_2339mm-compressed-scaled.jpg\" \/>\n\t<meta property=\"og:image:width\" content=\"1746\" \/>\n\t<meta property=\"og:image:height\" content=\"2560\" \/>\n\t<meta property=\"og:image:type\" content=\"image\/jpeg\" \/>\n<meta name=\"twitter:card\" content=\"summary_large_image\" \/>\n<meta name=\"twitter:label1\" content=\"Tiempo de lectura\" \/>\n\t<meta name=\"twitter:data1\" content=\"2 minutos\" \/>\n<script type=\"application\/ld+json\" class=\"yoast-schema-graph\">{\"@context\":\"https:\/\/schema.org\",\"@graph\":[{\"@type\":\"WebPage\",\"@id\":\"https:\/\/letrame.com\/catalogo\/producto\/farruto-el-demonio-que-toca-el-clarinete\/\",\"url\":\"https:\/\/letrame.com\/catalogo\/producto\/farruto-el-demonio-que-toca-el-clarinete\/\",\"name\":\"Farruto. El demonio que toca el clarinete - Catalogo | Letrame Grupo Editorial\",\"isPartOf\":{\"@id\":\"https:\/\/letrame.com\/catalogo\/#website\"},\"primaryImageOfPage\":{\"@id\":\"https:\/\/letrame.com\/catalogo\/producto\/farruto-el-demonio-que-toca-el-clarinete\/#primaryimage\"},\"image\":{\"@id\":\"https:\/\/letrame.com\/catalogo\/producto\/farruto-el-demonio-que-toca-el-clarinete\/#primaryimage\"},\"thumbnailUrl\":\"https:\/\/letrame.com\/catalogo\/wp-content\/uploads\/2024\/08\/webp_farruto_2339mm-compressed-scaled.jpg\",\"datePublished\":\"2024-08-23T06:49:48+00:00\",\"dateModified\":\"2024-08-23T06:50:28+00:00\",\"breadcrumb\":{\"@id\":\"https:\/\/letrame.com\/catalogo\/producto\/farruto-el-demonio-que-toca-el-clarinete\/#breadcrumb\"},\"inLanguage\":\"es\",\"potentialAction\":[{\"@type\":\"ReadAction\",\"target\":[\"https:\/\/letrame.com\/catalogo\/producto\/farruto-el-demonio-que-toca-el-clarinete\/\"]}]},{\"@type\":\"ImageObject\",\"inLanguage\":\"es\",\"@id\":\"https:\/\/letrame.com\/catalogo\/producto\/farruto-el-demonio-que-toca-el-clarinete\/#primaryimage\",\"url\":\"https:\/\/letrame.com\/catalogo\/wp-content\/uploads\/2024\/08\/webp_farruto_2339mm-compressed-scaled.jpg\",\"contentUrl\":\"https:\/\/letrame.com\/catalogo\/wp-content\/uploads\/2024\/08\/webp_farruto_2339mm-compressed-scaled.jpg\",\"width\":1746,\"height\":2560},{\"@type\":\"BreadcrumbList\",\"@id\":\"https:\/\/letrame.com\/catalogo\/producto\/farruto-el-demonio-que-toca-el-clarinete\/#breadcrumb\",\"itemListElement\":[{\"@type\":\"ListItem\",\"position\":1,\"name\":\"Portada\",\"item\":\"https:\/\/letrame.com\/catalogo\/\"},{\"@type\":\"ListItem\",\"position\":2,\"name\":\"Cat\u00e1logo\",\"item\":\"https:\/\/letrame.com\/catalogo\/\"},{\"@type\":\"ListItem\",\"position\":3,\"name\":\"Farruto. El demonio que toca el clarinete\"}]},{\"@type\":\"WebSite\",\"@id\":\"https:\/\/letrame.com\/catalogo\/#website\",\"url\":\"https:\/\/letrame.com\/catalogo\/\",\"name\":\"Catalogo | Letrame Grupo Editorial\",\"description\":\"\",\"publisher\":{\"@id\":\"https:\/\/letrame.com\/catalogo\/#organization\"},\"potentialAction\":[{\"@type\":\"SearchAction\",\"target\":{\"@type\":\"EntryPoint\",\"urlTemplate\":\"https:\/\/letrame.com\/catalogo\/?s={search_term_string}\"},\"query-input\":{\"@type\":\"PropertyValueSpecification\",\"valueRequired\":true,\"valueName\":\"search_term_string\"}}],\"inLanguage\":\"es\"},{\"@type\":\"Organization\",\"@id\":\"https:\/\/letrame.com\/catalogo\/#organization\",\"name\":\"Catalogo | Letrame Grupo Editorial\",\"url\":\"https:\/\/letrame.com\/catalogo\/\",\"logo\":{\"@type\":\"ImageObject\",\"inLanguage\":\"es\",\"@id\":\"https:\/\/letrame.com\/catalogo\/#\/schema\/logo\/image\/\",\"url\":\"https:\/\/letrame.com\/catalogo\/wp-content\/uploads\/2024\/03\/logo2.webp\",\"contentUrl\":\"https:\/\/letrame.com\/catalogo\/wp-content\/uploads\/2024\/03\/logo2.webp\",\"width\":394,\"height\":128,\"caption\":\"Catalogo | Letrame Grupo Editorial\"},\"image\":{\"@id\":\"https:\/\/letrame.com\/catalogo\/#\/schema\/logo\/image\/\"}}]}<\/script>\n<!-- \/ Yoast SEO plugin. -->","yoast_head_json":{"title":"Farruto. El demonio que toca el clarinete - Catalogo | Letrame Grupo Editorial","robots":{"index":"index","follow":"follow","max-snippet":"max-snippet:-1","max-image-preview":"max-image-preview:large","max-video-preview":"max-video-preview:-1"},"canonical":"https:\/\/letrame.com\/catalogo\/producto\/farruto-el-demonio-que-toca-el-clarinete\/","og_locale":"es_ES","og_type":"article","og_title":"Farruto. El demonio que toca el clarinete - Catalogo | Letrame Grupo Editorial","og_description":"ISBN:\u00a0978-84-1181-753-0 SINOPSIS A lo largo de Farruto, el demonio que toca el clarinete nos encontramos con una obra literaria que se despliega en m\u00faltiples dimensiones, desafiando cualquier intento de definirla de manera convencional. Es innegable que esta narrativa es una metaficci\u00f3n autorreferencial. Desde su origen con la llegada del demonio Farruto, el narrador de la historia, hasta la muerte del escriba en el Ahora y su tr\u00e1nsito a Siempre.  Durante la narraci\u00f3n de la historia ambos la interrumpen para debatir sobre estrategias narrativas, insertando referencias, lenguaje y personajes anacr\u00f3nicos que contribuyen al juego metanarrativo. Este constante cuestionamiento de los l\u00edmites entre la ficci\u00f3n y la realidad crea el escenario ideal para explorar disquisiciones filos\u00f3fico-teol\u00f3gicas, y la psicolog\u00eda de los personajes, tanto los humanos como los animales y tambi\u00e9n los fant\u00e1sticos.  Estamos ante un libro tan polifac\u00e9tico que seguramente alguna de sus facetas te cautivar\u00e1. Esta estupenda composici\u00f3n rebosa de aventuras, saltos en el tiempo y en la geograf\u00eda, y de vivencias que te encogen el coraz\u00f3n o te saltan la risa y te dejar\u00e1n con los ojos abiertos, ansioso por la siguiente, mientras exploras los paisajes y gastronom\u00eda de los caminos y la historia del momento.  La sonoridad y las im\u00e1genes te mantendr\u00e1n absorto en el relato.  Los animales parlantes adquieren un papel vital en esta historia, desde las luci\u00e9rnagas hasta el monstruo del lago creado a partir del cieno. Cobran vida de manera tan v\u00edvida que el libro ser\u00eda inconcebible sin su presencia.  Desde intrigas divertidas hasta tremendos dramas, esta obra abarca todas las facetas del ser humano, sin duda dejando una huella profunda en los lectores.  Los personajes revelan su esencia humana a lo largo de la narraci\u00f3n, permitiendo al lector disfrutar de este libro de aventuras a trav\u00e9s de la lente de la experiencia humana de cada uno de ellos.  \u00a1Buen viaje!","og_url":"https:\/\/letrame.com\/catalogo\/producto\/farruto-el-demonio-que-toca-el-clarinete\/","og_site_name":"Catalogo | Letrame Grupo Editorial","article_modified_time":"2024-08-23T06:50:28+00:00","og_image":[{"width":1746,"height":2560,"url":"https:\/\/letrame.com\/catalogo\/wp-content\/uploads\/2024\/08\/webp_farruto_2339mm-compressed-scaled.jpg","type":"image\/jpeg"}],"twitter_card":"summary_large_image","twitter_misc":{"Tiempo de lectura":"2 minutos"},"schema":{"@context":"https:\/\/schema.org","@graph":[{"@type":"WebPage","@id":"https:\/\/letrame.com\/catalogo\/producto\/farruto-el-demonio-que-toca-el-clarinete\/","url":"https:\/\/letrame.com\/catalogo\/producto\/farruto-el-demonio-que-toca-el-clarinete\/","name":"Farruto. El demonio que toca el clarinete - Catalogo | Letrame Grupo Editorial","isPartOf":{"@id":"https:\/\/letrame.com\/catalogo\/#website"},"primaryImageOfPage":{"@id":"https:\/\/letrame.com\/catalogo\/producto\/farruto-el-demonio-que-toca-el-clarinete\/#primaryimage"},"image":{"@id":"https:\/\/letrame.com\/catalogo\/producto\/farruto-el-demonio-que-toca-el-clarinete\/#primaryimage"},"thumbnailUrl":"https:\/\/letrame.com\/catalogo\/wp-content\/uploads\/2024\/08\/webp_farruto_2339mm-compressed-scaled.jpg","datePublished":"2024-08-23T06:49:48+00:00","dateModified":"2024-08-23T06:50:28+00:00","breadcrumb":{"@id":"https:\/\/letrame.com\/catalogo\/producto\/farruto-el-demonio-que-toca-el-clarinete\/#breadcrumb"},"inLanguage":"es","potentialAction":[{"@type":"ReadAction","target":["https:\/\/letrame.com\/catalogo\/producto\/farruto-el-demonio-que-toca-el-clarinete\/"]}]},{"@type":"ImageObject","inLanguage":"es","@id":"https:\/\/letrame.com\/catalogo\/producto\/farruto-el-demonio-que-toca-el-clarinete\/#primaryimage","url":"https:\/\/letrame.com\/catalogo\/wp-content\/uploads\/2024\/08\/webp_farruto_2339mm-compressed-scaled.jpg","contentUrl":"https:\/\/letrame.com\/catalogo\/wp-content\/uploads\/2024\/08\/webp_farruto_2339mm-compressed-scaled.jpg","width":1746,"height":2560},{"@type":"BreadcrumbList","@id":"https:\/\/letrame.com\/catalogo\/producto\/farruto-el-demonio-que-toca-el-clarinete\/#breadcrumb","itemListElement":[{"@type":"ListItem","position":1,"name":"Portada","item":"https:\/\/letrame.com\/catalogo\/"},{"@type":"ListItem","position":2,"name":"Cat\u00e1logo","item":"https:\/\/letrame.com\/catalogo\/"},{"@type":"ListItem","position":3,"name":"Farruto. El demonio que toca el clarinete"}]},{"@type":"WebSite","@id":"https:\/\/letrame.com\/catalogo\/#website","url":"https:\/\/letrame.com\/catalogo\/","name":"Catalogo | Letrame Grupo Editorial","description":"","publisher":{"@id":"https:\/\/letrame.com\/catalogo\/#organization"},"potentialAction":[{"@type":"SearchAction","target":{"@type":"EntryPoint","urlTemplate":"https:\/\/letrame.com\/catalogo\/?s={search_term_string}"},"query-input":{"@type":"PropertyValueSpecification","valueRequired":true,"valueName":"search_term_string"}}],"inLanguage":"es"},{"@type":"Organization","@id":"https:\/\/letrame.com\/catalogo\/#organization","name":"Catalogo | Letrame Grupo Editorial","url":"https:\/\/letrame.com\/catalogo\/","logo":{"@type":"ImageObject","inLanguage":"es","@id":"https:\/\/letrame.com\/catalogo\/#\/schema\/logo\/image\/","url":"https:\/\/letrame.com\/catalogo\/wp-content\/uploads\/2024\/03\/logo2.webp","contentUrl":"https:\/\/letrame.com\/catalogo\/wp-content\/uploads\/2024\/03\/logo2.webp","width":394,"height":128,"caption":"Catalogo | Letrame Grupo Editorial"},"image":{"@id":"https:\/\/letrame.com\/catalogo\/#\/schema\/logo\/image\/"}}]}},"_links":{"self":[{"href":"https:\/\/letrame.com\/catalogo\/wp-json\/wp\/v2\/product\/105988","targetHints":{"allow":["GET"]}}],"collection":[{"href":"https:\/\/letrame.com\/catalogo\/wp-json\/wp\/v2\/product"}],"about":[{"href":"https:\/\/letrame.com\/catalogo\/wp-json\/wp\/v2\/types\/product"}],"replies":[{"embeddable":true,"href":"https:\/\/letrame.com\/catalogo\/wp-json\/wp\/v2\/comments?post=105988"}],"acf:post":[{"embeddable":true,"href":"https:\/\/letrame.com\/catalogo\/wp-json\/wp\/v2\/author_book\/105987"}],"wp:featuredmedia":[{"embeddable":true,"href":"https:\/\/letrame.com\/catalogo\/wp-json\/wp\/v2\/media\/105990"}],"wp:attachment":[{"href":"https:\/\/letrame.com\/catalogo\/wp-json\/wp\/v2\/media?parent=105988"}],"wp:term":[{"taxonomy":"libro","embeddable":true,"href":"https:\/\/letrame.com\/catalogo\/wp-json\/wp\/v2\/libro?post=105988"},{"taxonomy":"product_brand","embeddable":true,"href":"https:\/\/letrame.com\/catalogo\/wp-json\/wp\/v2\/product_brand?post=105988"},{"taxonomy":"product_cat","embeddable":true,"href":"https:\/\/letrame.com\/catalogo\/wp-json\/wp\/v2\/product_cat?post=105988"},{"taxonomy":"product_tag","embeddable":true,"href":"https:\/\/letrame.com\/catalogo\/wp-json\/wp\/v2\/product_tag?post=105988"}],"curies":[{"name":"wp","href":"https:\/\/api.w.org\/{rel}","templated":true}]}}