{"id":105970,"date":"2024-08-23T08:25:46","date_gmt":"2024-08-23T06:25:46","guid":{"rendered":"https:\/\/letrame.com\/catalogo\/?post_type=product&#038;p=105970"},"modified":"2024-08-23T08:28:19","modified_gmt":"2024-08-23T06:28:19","slug":"unidos","status":"publish","type":"product","link":"https:\/\/letrame.com\/catalogo\/producto\/unidos\/","title":{"rendered":"Unidos"},"content":{"rendered":"<p class=\"p1\">ISBN:\u00a0978-84-1181-680-9<\/p>\n<p class=\"p1\">T\u00edtulo: Unidos<\/p>\n<p class=\"p1\">Fecha: 2023<\/p>\n<p class=\"p1\">P\u00e1ginas: 130<\/p>\n<p class=\"p1\">SINOPSIS<\/p>\n<p>Zacar\u00edas sol\u00eda ser un joven deprimido y sin rumbo en la vida, viviendo en un hogar un tanto ca\u00f3tico y bajo el yugo de el fanatismo religioso de su pueblo; adem\u00e1s, un grupo criminal llamado Los Coyotes aterrorizaban al pueblo. Pero pronto todo esto cambiar\u00e1 pues, a partir de un terrible acontecimiento ocurrido la noche de Halloween, la vida de Zacar\u00edas tomar\u00e1 un rumbo completamente diferente al tener que compartir su cuerpo con un divino hu\u00e9sped inesperado. Ahora, Zacar\u00edas deber\u00e1 tomar las riendas de su vida y tratar de solucionar los problemas del pueblo mientras trata de descubrir quien es realmente.<\/p>\n<p>&nbsp;<\/p>\n<p>\u00ab\u00a1Yo soy t\u00fa! \u00a1T\u00fa eres yo! \u00a1Ahora somos uno! \u00a1Nosotros somos Kanaima!\u00bb<\/p>\n","protected":false},"excerpt":{"rendered":"<p class=\"p1\">ISBN:\u00a0978-84-1181-680-9<\/p>\n<p class=\"p1\">SINOPSIS<\/p>\n<p>Zacar\u00edas sol\u00eda ser un joven deprimido y sin rumbo en la vida, viviendo en un hogar un tanto ca\u00f3tico y bajo el yugo de el fanatismo religioso de su pueblo; adem\u00e1s, un grupo criminal llamado Los Coyotes aterrorizaban al pueblo. Pero pronto todo esto cambiar\u00e1 pues, a partir de un terrible acontecimiento ocurrido la noche de Halloween, la vida de Zacar\u00edas tomar\u00e1 un rumbo completamente diferente al tener que compartir su cuerpo con un divino hu\u00e9sped inesperado. Ahora, Zacar\u00edas deber\u00e1 tomar las riendas de su vida y tratar de solucionar los problemas del pueblo mientras trata de descubrir quien es realmente.<\/p>\n<p>&nbsp;<\/p>\n<p>\u00ab\u00a1Yo soy t\u00fa! \u00a1T\u00fa eres yo! \u00a1Ahora somos uno! \u00a1Nosotros somos Kanaima!\u00bb<\/p>\n","protected":false},"featured_media":105973,"comment_status":"open","ping_status":"closed","template":"","meta":{"_acf_changed":false},"libro":[],"product_brand":[],"product_cat":[47],"product_tag":[],"class_list":{"0":"post-105970","1":"product","2":"type-product","3":"status-publish","4":"has-post-thumbnail","6":"product_cat-ciencia-ficcion-misterio","8":"first","9":"instock","10":"shipping-taxable","11":"product-type-simple"},"acf":{"autor":[105969],"enlace_de_compra":"https:\/\/amzn.to\/3Mgew47"},"yoast_head":"<!-- This site is optimized with the Yoast SEO plugin v26.6 - https:\/\/yoast.com\/wordpress\/plugins\/seo\/ -->\n<title>Unidos - Catalogo | Letrame Grupo Editorial<\/title>\n<meta name=\"robots\" content=\"index, follow, max-snippet:-1, max-image-preview:large, max-video-preview:-1\" \/>\n<link rel=\"canonical\" href=\"https:\/\/letrame.com\/catalogo\/producto\/unidos\/\" \/>\n<meta property=\"og:locale\" content=\"es_ES\" \/>\n<meta property=\"og:type\" content=\"article\" \/>\n<meta property=\"og:title\" content=\"Unidos - Catalogo | Letrame Grupo Editorial\" \/>\n<meta property=\"og:description\" content=\"ISBN:\u00a0978-84-1181-680-9 SINOPSIS Zacar\u00edas sol\u00eda ser un joven deprimido y sin rumbo en la vida, viviendo en un hogar un tanto ca\u00f3tico y bajo el yugo de el fanatismo religioso de su pueblo; adem\u00e1s, un grupo criminal llamado Los Coyotes aterrorizaban al pueblo. Pero pronto todo esto cambiar\u00e1 pues, a partir de un terrible acontecimiento ocurrido la noche de Halloween, la vida de Zacar\u00edas tomar\u00e1 un rumbo completamente diferente al tener que compartir su cuerpo con un divino hu\u00e9sped inesperado. Ahora, Zacar\u00edas deber\u00e1 tomar las riendas de su vida y tratar de solucionar los problemas del pueblo mientras trata de descubrir quien es realmente.  &nbsp;  \u00ab\u00a1Yo soy t\u00fa! \u00a1T\u00fa eres yo! \u00a1Ahora somos uno! \u00a1Nosotros somos Kanaima!\u00bb\" \/>\n<meta property=\"og:url\" content=\"https:\/\/letrame.com\/catalogo\/producto\/unidos\/\" \/>\n<meta property=\"og:site_name\" content=\"Catalogo | Letrame Grupo Editorial\" \/>\n<meta property=\"article:modified_time\" content=\"2024-08-23T06:28:19+00:00\" \/>\n<meta property=\"og:image\" content=\"https:\/\/letrame.com\/catalogo\/wp-content\/uploads\/2024\/08\/webp_unidos_783mm-compressed.jpg\" \/>\n\t<meta property=\"og:image:width\" content=\"1772\" \/>\n\t<meta property=\"og:image:height\" content=\"2480\" \/>\n\t<meta property=\"og:image:type\" content=\"image\/jpeg\" \/>\n<meta name=\"twitter:card\" content=\"summary_large_image\" \/>\n<meta name=\"twitter:label1\" content=\"Tiempo de lectura\" \/>\n\t<meta name=\"twitter:data1\" content=\"1 minuto\" \/>\n<script type=\"application\/ld+json\" class=\"yoast-schema-graph\">{\"@context\":\"https:\/\/schema.org\",\"@graph\":[{\"@type\":\"WebPage\",\"@id\":\"https:\/\/letrame.com\/catalogo\/producto\/unidos\/\",\"url\":\"https:\/\/letrame.com\/catalogo\/producto\/unidos\/\",\"name\":\"Unidos - Catalogo | Letrame Grupo Editorial\",\"isPartOf\":{\"@id\":\"https:\/\/letrame.com\/catalogo\/#website\"},\"primaryImageOfPage\":{\"@id\":\"https:\/\/letrame.com\/catalogo\/producto\/unidos\/#primaryimage\"},\"image\":{\"@id\":\"https:\/\/letrame.com\/catalogo\/producto\/unidos\/#primaryimage\"},\"thumbnailUrl\":\"https:\/\/letrame.com\/catalogo\/wp-content\/uploads\/2024\/08\/webp_unidos_783mm-compressed.jpg\",\"datePublished\":\"2024-08-23T06:25:46+00:00\",\"dateModified\":\"2024-08-23T06:28:19+00:00\",\"breadcrumb\":{\"@id\":\"https:\/\/letrame.com\/catalogo\/producto\/unidos\/#breadcrumb\"},\"inLanguage\":\"es\",\"potentialAction\":[{\"@type\":\"ReadAction\",\"target\":[\"https:\/\/letrame.com\/catalogo\/producto\/unidos\/\"]}]},{\"@type\":\"ImageObject\",\"inLanguage\":\"es\",\"@id\":\"https:\/\/letrame.com\/catalogo\/producto\/unidos\/#primaryimage\",\"url\":\"https:\/\/letrame.com\/catalogo\/wp-content\/uploads\/2024\/08\/webp_unidos_783mm-compressed.jpg\",\"contentUrl\":\"https:\/\/letrame.com\/catalogo\/wp-content\/uploads\/2024\/08\/webp_unidos_783mm-compressed.jpg\",\"width\":1772,\"height\":2480},{\"@type\":\"BreadcrumbList\",\"@id\":\"https:\/\/letrame.com\/catalogo\/producto\/unidos\/#breadcrumb\",\"itemListElement\":[{\"@type\":\"ListItem\",\"position\":1,\"name\":\"Portada\",\"item\":\"https:\/\/letrame.com\/catalogo\/\"},{\"@type\":\"ListItem\",\"position\":2,\"name\":\"Cat\u00e1logo\",\"item\":\"https:\/\/letrame.com\/catalogo\/\"},{\"@type\":\"ListItem\",\"position\":3,\"name\":\"Unidos\"}]},{\"@type\":\"WebSite\",\"@id\":\"https:\/\/letrame.com\/catalogo\/#website\",\"url\":\"https:\/\/letrame.com\/catalogo\/\",\"name\":\"Catalogo | Letrame Grupo Editorial\",\"description\":\"\",\"publisher\":{\"@id\":\"https:\/\/letrame.com\/catalogo\/#organization\"},\"potentialAction\":[{\"@type\":\"SearchAction\",\"target\":{\"@type\":\"EntryPoint\",\"urlTemplate\":\"https:\/\/letrame.com\/catalogo\/?s={search_term_string}\"},\"query-input\":{\"@type\":\"PropertyValueSpecification\",\"valueRequired\":true,\"valueName\":\"search_term_string\"}}],\"inLanguage\":\"es\"},{\"@type\":\"Organization\",\"@id\":\"https:\/\/letrame.com\/catalogo\/#organization\",\"name\":\"Catalogo | Letrame Grupo Editorial\",\"url\":\"https:\/\/letrame.com\/catalogo\/\",\"logo\":{\"@type\":\"ImageObject\",\"inLanguage\":\"es\",\"@id\":\"https:\/\/letrame.com\/catalogo\/#\/schema\/logo\/image\/\",\"url\":\"https:\/\/letrame.com\/catalogo\/wp-content\/uploads\/2024\/03\/logo2.webp\",\"contentUrl\":\"https:\/\/letrame.com\/catalogo\/wp-content\/uploads\/2024\/03\/logo2.webp\",\"width\":394,\"height\":128,\"caption\":\"Catalogo | Letrame Grupo Editorial\"},\"image\":{\"@id\":\"https:\/\/letrame.com\/catalogo\/#\/schema\/logo\/image\/\"}}]}<\/script>\n<!-- \/ Yoast SEO plugin. -->","yoast_head_json":{"title":"Unidos - Catalogo | Letrame Grupo Editorial","robots":{"index":"index","follow":"follow","max-snippet":"max-snippet:-1","max-image-preview":"max-image-preview:large","max-video-preview":"max-video-preview:-1"},"canonical":"https:\/\/letrame.com\/catalogo\/producto\/unidos\/","og_locale":"es_ES","og_type":"article","og_title":"Unidos - Catalogo | Letrame Grupo Editorial","og_description":"ISBN:\u00a0978-84-1181-680-9 SINOPSIS Zacar\u00edas sol\u00eda ser un joven deprimido y sin rumbo en la vida, viviendo en un hogar un tanto ca\u00f3tico y bajo el yugo de el fanatismo religioso de su pueblo; adem\u00e1s, un grupo criminal llamado Los Coyotes aterrorizaban al pueblo. Pero pronto todo esto cambiar\u00e1 pues, a partir de un terrible acontecimiento ocurrido la noche de Halloween, la vida de Zacar\u00edas tomar\u00e1 un rumbo completamente diferente al tener que compartir su cuerpo con un divino hu\u00e9sped inesperado. Ahora, Zacar\u00edas deber\u00e1 tomar las riendas de su vida y tratar de solucionar los problemas del pueblo mientras trata de descubrir quien es realmente.  &nbsp;  \u00ab\u00a1Yo soy t\u00fa! \u00a1T\u00fa eres yo! \u00a1Ahora somos uno! \u00a1Nosotros somos Kanaima!\u00bb","og_url":"https:\/\/letrame.com\/catalogo\/producto\/unidos\/","og_site_name":"Catalogo | Letrame Grupo Editorial","article_modified_time":"2024-08-23T06:28:19+00:00","og_image":[{"width":1772,"height":2480,"url":"https:\/\/letrame.com\/catalogo\/wp-content\/uploads\/2024\/08\/webp_unidos_783mm-compressed.jpg","type":"image\/jpeg"}],"twitter_card":"summary_large_image","twitter_misc":{"Tiempo de lectura":"1 minuto"},"schema":{"@context":"https:\/\/schema.org","@graph":[{"@type":"WebPage","@id":"https:\/\/letrame.com\/catalogo\/producto\/unidos\/","url":"https:\/\/letrame.com\/catalogo\/producto\/unidos\/","name":"Unidos - Catalogo | Letrame Grupo Editorial","isPartOf":{"@id":"https:\/\/letrame.com\/catalogo\/#website"},"primaryImageOfPage":{"@id":"https:\/\/letrame.com\/catalogo\/producto\/unidos\/#primaryimage"},"image":{"@id":"https:\/\/letrame.com\/catalogo\/producto\/unidos\/#primaryimage"},"thumbnailUrl":"https:\/\/letrame.com\/catalogo\/wp-content\/uploads\/2024\/08\/webp_unidos_783mm-compressed.jpg","datePublished":"2024-08-23T06:25:46+00:00","dateModified":"2024-08-23T06:28:19+00:00","breadcrumb":{"@id":"https:\/\/letrame.com\/catalogo\/producto\/unidos\/#breadcrumb"},"inLanguage":"es","potentialAction":[{"@type":"ReadAction","target":["https:\/\/letrame.com\/catalogo\/producto\/unidos\/"]}]},{"@type":"ImageObject","inLanguage":"es","@id":"https:\/\/letrame.com\/catalogo\/producto\/unidos\/#primaryimage","url":"https:\/\/letrame.com\/catalogo\/wp-content\/uploads\/2024\/08\/webp_unidos_783mm-compressed.jpg","contentUrl":"https:\/\/letrame.com\/catalogo\/wp-content\/uploads\/2024\/08\/webp_unidos_783mm-compressed.jpg","width":1772,"height":2480},{"@type":"BreadcrumbList","@id":"https:\/\/letrame.com\/catalogo\/producto\/unidos\/#breadcrumb","itemListElement":[{"@type":"ListItem","position":1,"name":"Portada","item":"https:\/\/letrame.com\/catalogo\/"},{"@type":"ListItem","position":2,"name":"Cat\u00e1logo","item":"https:\/\/letrame.com\/catalogo\/"},{"@type":"ListItem","position":3,"name":"Unidos"}]},{"@type":"WebSite","@id":"https:\/\/letrame.com\/catalogo\/#website","url":"https:\/\/letrame.com\/catalogo\/","name":"Catalogo | Letrame Grupo Editorial","description":"","publisher":{"@id":"https:\/\/letrame.com\/catalogo\/#organization"},"potentialAction":[{"@type":"SearchAction","target":{"@type":"EntryPoint","urlTemplate":"https:\/\/letrame.com\/catalogo\/?s={search_term_string}"},"query-input":{"@type":"PropertyValueSpecification","valueRequired":true,"valueName":"search_term_string"}}],"inLanguage":"es"},{"@type":"Organization","@id":"https:\/\/letrame.com\/catalogo\/#organization","name":"Catalogo | Letrame Grupo Editorial","url":"https:\/\/letrame.com\/catalogo\/","logo":{"@type":"ImageObject","inLanguage":"es","@id":"https:\/\/letrame.com\/catalogo\/#\/schema\/logo\/image\/","url":"https:\/\/letrame.com\/catalogo\/wp-content\/uploads\/2024\/03\/logo2.webp","contentUrl":"https:\/\/letrame.com\/catalogo\/wp-content\/uploads\/2024\/03\/logo2.webp","width":394,"height":128,"caption":"Catalogo | Letrame Grupo Editorial"},"image":{"@id":"https:\/\/letrame.com\/catalogo\/#\/schema\/logo\/image\/"}}]}},"_links":{"self":[{"href":"https:\/\/letrame.com\/catalogo\/wp-json\/wp\/v2\/product\/105970","targetHints":{"allow":["GET"]}}],"collection":[{"href":"https:\/\/letrame.com\/catalogo\/wp-json\/wp\/v2\/product"}],"about":[{"href":"https:\/\/letrame.com\/catalogo\/wp-json\/wp\/v2\/types\/product"}],"replies":[{"embeddable":true,"href":"https:\/\/letrame.com\/catalogo\/wp-json\/wp\/v2\/comments?post=105970"}],"acf:post":[{"embeddable":true,"href":"https:\/\/letrame.com\/catalogo\/wp-json\/wp\/v2\/author_book\/105969"}],"wp:featuredmedia":[{"embeddable":true,"href":"https:\/\/letrame.com\/catalogo\/wp-json\/wp\/v2\/media\/105973"}],"wp:attachment":[{"href":"https:\/\/letrame.com\/catalogo\/wp-json\/wp\/v2\/media?parent=105970"}],"wp:term":[{"taxonomy":"libro","embeddable":true,"href":"https:\/\/letrame.com\/catalogo\/wp-json\/wp\/v2\/libro?post=105970"},{"taxonomy":"product_brand","embeddable":true,"href":"https:\/\/letrame.com\/catalogo\/wp-json\/wp\/v2\/product_brand?post=105970"},{"taxonomy":"product_cat","embeddable":true,"href":"https:\/\/letrame.com\/catalogo\/wp-json\/wp\/v2\/product_cat?post=105970"},{"taxonomy":"product_tag","embeddable":true,"href":"https:\/\/letrame.com\/catalogo\/wp-json\/wp\/v2\/product_tag?post=105970"}],"curies":[{"name":"wp","href":"https:\/\/api.w.org\/{rel}","templated":true}]}}