{"id":105955,"date":"2024-08-21T13:56:55","date_gmt":"2024-08-21T11:56:55","guid":{"rendered":"https:\/\/letrame.com\/catalogo\/?post_type=product&#038;p=105955"},"modified":"2024-08-21T13:56:55","modified_gmt":"2024-08-21T11:56:55","slug":"asesinatos-reyertas-y-otras-historias","status":"publish","type":"product","link":"https:\/\/letrame.com\/catalogo\/producto\/asesinatos-reyertas-y-otras-historias\/","title":{"rendered":"Asesinatos, reyertas y otras historias"},"content":{"rendered":"<p class=\"p1\">ISBN:\u00a0978-84-1068-670-0<\/p>\n<p class=\"p1\">T\u00edtulo: Asesinatos, reyertas y otras historias<\/p>\n<p class=\"p1\">Fecha: 2024<\/p>\n<p class=\"p1\">P\u00e1ginas: 207<\/p>\n<p class=\"p1\">SINOPSIS<\/p>\n<p>En <em>Asesinatos, reyertas y otras historias<\/em>, el autor nos muestra una serie de relatos que no dejar\u00e1n a nadie indiferente. Con una narrativa cruda y directa que evoca una serie de emociones intensas en el lector, nos transportar\u00e1, a trav\u00e9s de la oscuridad y la violencia, a situaciones l\u00edmites, punzantes, creando im\u00e1genes impactantes en la mente de todo aquel que lo lea.<\/p>\n<p>El autor explora la psicolog\u00eda y el oscuro universo mental de los personajes, especialmente de Ra\u00fal, fiel seguidor de uno de los asesinos m\u00e1s atroces de la historia.<\/p>\n<p>Violencia de g\u00e9nero, asesinatos, autopsias, hematofilia, ajustes de cuentas, esquizofrenia, sexo, violaciones, disputas generacionales en ambientes rurales, peleas de perros&#8230; todo confluye aqu\u00ed. Todo.<\/p>\n<p>Estos relatos invitan a reflexionar sobre la naturaleza humana y sus facetas m\u00e1s rec\u00f3nditas y oscuras.<\/p>\n<p>Que Dios os pille confesados.<\/p>\n","protected":false},"excerpt":{"rendered":"<p class=\"p1\">ISBN:\u00a0978-84-1068-670-0<\/p>\n<p class=\"p1\">SINOPSIS<\/p>\n<p>En <em>Asesinatos, reyertas y otras historias<\/em>, el autor nos muestra una serie de relatos que no dejar\u00e1n a nadie indiferente. Con una narrativa cruda y directa que evoca una serie de emociones intensas en el lector, nos transportar\u00e1, a trav\u00e9s de la oscuridad y la violencia, a situaciones l\u00edmites, punzantes, creando im\u00e1genes impactantes en la mente de todo aquel que lo lea.<\/p>\n<p>El autor explora la psicolog\u00eda y el oscuro universo mental de los personajes, especialmente de Ra\u00fal, fiel seguidor de uno de los asesinos m\u00e1s atroces de la historia.<\/p>\n<p>Violencia de g\u00e9nero, asesinatos, autopsias, hematofilia, ajustes de cuentas, esquizofrenia, sexo, violaciones, disputas generacionales en ambientes rurales, peleas de perros&#8230; todo confluye aqu\u00ed. Todo.<\/p>\n<p>Estos relatos invitan a reflexionar sobre la naturaleza humana y sus facetas m\u00e1s rec\u00f3nditas y oscuras.<\/p>\n<p>Que Dios os pille confesados.<\/p>\n","protected":false},"featured_media":105958,"comment_status":"open","ping_status":"closed","template":"","meta":{"_acf_changed":false},"libro":[],"product_brand":[],"product_cat":[51],"product_tag":[],"class_list":{"0":"post-105955","1":"product","2":"type-product","3":"status-publish","4":"has-post-thumbnail","6":"product_cat-novela-negra","8":"first","9":"instock","10":"shipping-taxable","11":"product-type-simple"},"acf":{"autor":[105954],"enlace_de_compra":"https:\/\/amzn.to\/3AATSJB"},"yoast_head":"<!-- This site is optimized with the Yoast SEO plugin v27.4 - https:\/\/yoast.com\/product\/yoast-seo-wordpress\/ -->\n<title>Asesinatos, reyertas y otras historias - Catalogo | Letrame Grupo Editorial<\/title>\n<meta name=\"robots\" content=\"index, follow, max-snippet:-1, max-image-preview:large, max-video-preview:-1\" \/>\n<link rel=\"canonical\" href=\"https:\/\/letrame.com\/catalogo\/producto\/asesinatos-reyertas-y-otras-historias\/\" \/>\n<meta property=\"og:locale\" content=\"es_ES\" \/>\n<meta property=\"og:type\" content=\"article\" \/>\n<meta property=\"og:title\" content=\"Asesinatos, reyertas y otras historias - Catalogo | Letrame Grupo Editorial\" \/>\n<meta property=\"og:description\" content=\"ISBN:\u00a0978-84-1068-670-0 SINOPSIS En Asesinatos, reyertas y otras historias, el autor nos muestra una serie de relatos que no dejar\u00e1n a nadie indiferente. Con una narrativa cruda y directa que evoca una serie de emociones intensas en el lector, nos transportar\u00e1, a trav\u00e9s de la oscuridad y la violencia, a situaciones l\u00edmites, punzantes, creando im\u00e1genes impactantes en la mente de todo aquel que lo lea.  El autor explora la psicolog\u00eda y el oscuro universo mental de los personajes, especialmente de Ra\u00fal, fiel seguidor de uno de los asesinos m\u00e1s atroces de la historia.  Violencia de g\u00e9nero, asesinatos, autopsias, hematofilia, ajustes de cuentas, esquizofrenia, sexo, violaciones, disputas generacionales en ambientes rurales, peleas de perros... todo confluye aqu\u00ed. Todo.  Estos relatos invitan a reflexionar sobre la naturaleza humana y sus facetas m\u00e1s rec\u00f3nditas y oscuras.  Que Dios os pille confesados.\" \/>\n<meta property=\"og:url\" content=\"https:\/\/letrame.com\/catalogo\/producto\/asesinatos-reyertas-y-otras-historias\/\" \/>\n<meta property=\"og:site_name\" content=\"Catalogo | Letrame Grupo Editorial\" \/>\n<meta property=\"og:image\" content=\"https:\/\/letrame.com\/catalogo\/wp-content\/uploads\/2024\/08\/asesinatosreyertas_1183mm4-compressed.jpg\" \/>\n\t<meta property=\"og:image:width\" content=\"1748\" \/>\n\t<meta property=\"og:image:height\" content=\"2480\" \/>\n\t<meta property=\"og:image:type\" content=\"image\/jpeg\" \/>\n<meta name=\"twitter:card\" content=\"summary_large_image\" \/>\n<meta name=\"twitter:label1\" content=\"Tiempo de lectura\" \/>\n\t<meta name=\"twitter:data1\" content=\"1 minuto\" \/>\n<script type=\"application\/ld+json\" class=\"yoast-schema-graph\">{\"@context\":\"https:\\\/\\\/schema.org\",\"@graph\":[{\"@type\":\"WebPage\",\"@id\":\"https:\\\/\\\/letrame.com\\\/catalogo\\\/producto\\\/asesinatos-reyertas-y-otras-historias\\\/\",\"url\":\"https:\\\/\\\/letrame.com\\\/catalogo\\\/producto\\\/asesinatos-reyertas-y-otras-historias\\\/\",\"name\":\"Asesinatos, reyertas y otras historias - Catalogo | Letrame Grupo Editorial\",\"isPartOf\":{\"@id\":\"https:\\\/\\\/letrame.com\\\/catalogo\\\/#website\"},\"primaryImageOfPage\":{\"@id\":\"https:\\\/\\\/letrame.com\\\/catalogo\\\/producto\\\/asesinatos-reyertas-y-otras-historias\\\/#primaryimage\"},\"image\":{\"@id\":\"https:\\\/\\\/letrame.com\\\/catalogo\\\/producto\\\/asesinatos-reyertas-y-otras-historias\\\/#primaryimage\"},\"thumbnailUrl\":\"https:\\\/\\\/letrame.com\\\/catalogo\\\/wp-content\\\/uploads\\\/2024\\\/08\\\/asesinatosreyertas_1183mm4-compressed.jpg\",\"datePublished\":\"2024-08-21T11:56:55+00:00\",\"breadcrumb\":{\"@id\":\"https:\\\/\\\/letrame.com\\\/catalogo\\\/producto\\\/asesinatos-reyertas-y-otras-historias\\\/#breadcrumb\"},\"inLanguage\":\"es\",\"potentialAction\":[{\"@type\":\"ReadAction\",\"target\":[\"https:\\\/\\\/letrame.com\\\/catalogo\\\/producto\\\/asesinatos-reyertas-y-otras-historias\\\/\"]}]},{\"@type\":\"ImageObject\",\"inLanguage\":\"es\",\"@id\":\"https:\\\/\\\/letrame.com\\\/catalogo\\\/producto\\\/asesinatos-reyertas-y-otras-historias\\\/#primaryimage\",\"url\":\"https:\\\/\\\/letrame.com\\\/catalogo\\\/wp-content\\\/uploads\\\/2024\\\/08\\\/asesinatosreyertas_1183mm4-compressed.jpg\",\"contentUrl\":\"https:\\\/\\\/letrame.com\\\/catalogo\\\/wp-content\\\/uploads\\\/2024\\\/08\\\/asesinatosreyertas_1183mm4-compressed.jpg\",\"width\":1748,\"height\":2480},{\"@type\":\"BreadcrumbList\",\"@id\":\"https:\\\/\\\/letrame.com\\\/catalogo\\\/producto\\\/asesinatos-reyertas-y-otras-historias\\\/#breadcrumb\",\"itemListElement\":[{\"@type\":\"ListItem\",\"position\":1,\"name\":\"Portada\",\"item\":\"https:\\\/\\\/letrame.com\\\/catalogo\\\/\"},{\"@type\":\"ListItem\",\"position\":2,\"name\":\"Cat\u00e1logo\",\"item\":\"https:\\\/\\\/letrame.com\\\/catalogo\\\/\"},{\"@type\":\"ListItem\",\"position\":3,\"name\":\"Asesinatos, reyertas y otras historias\"}]},{\"@type\":\"WebSite\",\"@id\":\"https:\\\/\\\/letrame.com\\\/catalogo\\\/#website\",\"url\":\"https:\\\/\\\/letrame.com\\\/catalogo\\\/\",\"name\":\"Catalogo | Letrame Grupo Editorial\",\"description\":\"\",\"publisher\":{\"@id\":\"https:\\\/\\\/letrame.com\\\/catalogo\\\/#organization\"},\"potentialAction\":[{\"@type\":\"SearchAction\",\"target\":{\"@type\":\"EntryPoint\",\"urlTemplate\":\"https:\\\/\\\/letrame.com\\\/catalogo\\\/?s={search_term_string}\"},\"query-input\":{\"@type\":\"PropertyValueSpecification\",\"valueRequired\":true,\"valueName\":\"search_term_string\"}}],\"inLanguage\":\"es\"},{\"@type\":\"Organization\",\"@id\":\"https:\\\/\\\/letrame.com\\\/catalogo\\\/#organization\",\"name\":\"Catalogo | Letrame Grupo Editorial\",\"url\":\"https:\\\/\\\/letrame.com\\\/catalogo\\\/\",\"logo\":{\"@type\":\"ImageObject\",\"inLanguage\":\"es\",\"@id\":\"https:\\\/\\\/letrame.com\\\/catalogo\\\/#\\\/schema\\\/logo\\\/image\\\/\",\"url\":\"https:\\\/\\\/letrame.com\\\/catalogo\\\/wp-content\\\/uploads\\\/2024\\\/03\\\/logo2.webp\",\"contentUrl\":\"https:\\\/\\\/letrame.com\\\/catalogo\\\/wp-content\\\/uploads\\\/2024\\\/03\\\/logo2.webp\",\"width\":394,\"height\":128,\"caption\":\"Catalogo | Letrame Grupo Editorial\"},\"image\":{\"@id\":\"https:\\\/\\\/letrame.com\\\/catalogo\\\/#\\\/schema\\\/logo\\\/image\\\/\"}}]}<\/script>\n<!-- \/ Yoast SEO plugin. -->","yoast_head_json":{"title":"Asesinatos, reyertas y otras historias - Catalogo | Letrame Grupo Editorial","robots":{"index":"index","follow":"follow","max-snippet":"max-snippet:-1","max-image-preview":"max-image-preview:large","max-video-preview":"max-video-preview:-1"},"canonical":"https:\/\/letrame.com\/catalogo\/producto\/asesinatos-reyertas-y-otras-historias\/","og_locale":"es_ES","og_type":"article","og_title":"Asesinatos, reyertas y otras historias - Catalogo | Letrame Grupo Editorial","og_description":"ISBN:\u00a0978-84-1068-670-0 SINOPSIS En Asesinatos, reyertas y otras historias, el autor nos muestra una serie de relatos que no dejar\u00e1n a nadie indiferente. Con una narrativa cruda y directa que evoca una serie de emociones intensas en el lector, nos transportar\u00e1, a trav\u00e9s de la oscuridad y la violencia, a situaciones l\u00edmites, punzantes, creando im\u00e1genes impactantes en la mente de todo aquel que lo lea.  El autor explora la psicolog\u00eda y el oscuro universo mental de los personajes, especialmente de Ra\u00fal, fiel seguidor de uno de los asesinos m\u00e1s atroces de la historia.  Violencia de g\u00e9nero, asesinatos, autopsias, hematofilia, ajustes de cuentas, esquizofrenia, sexo, violaciones, disputas generacionales en ambientes rurales, peleas de perros... todo confluye aqu\u00ed. Todo.  Estos relatos invitan a reflexionar sobre la naturaleza humana y sus facetas m\u00e1s rec\u00f3nditas y oscuras.  Que Dios os pille confesados.","og_url":"https:\/\/letrame.com\/catalogo\/producto\/asesinatos-reyertas-y-otras-historias\/","og_site_name":"Catalogo | Letrame Grupo Editorial","og_image":[{"width":1748,"height":2480,"url":"https:\/\/letrame.com\/catalogo\/wp-content\/uploads\/2024\/08\/asesinatosreyertas_1183mm4-compressed.jpg","type":"image\/jpeg"}],"twitter_card":"summary_large_image","twitter_misc":{"Tiempo de lectura":"1 minuto"},"schema":{"@context":"https:\/\/schema.org","@graph":[{"@type":"WebPage","@id":"https:\/\/letrame.com\/catalogo\/producto\/asesinatos-reyertas-y-otras-historias\/","url":"https:\/\/letrame.com\/catalogo\/producto\/asesinatos-reyertas-y-otras-historias\/","name":"Asesinatos, reyertas y otras historias - Catalogo | Letrame Grupo Editorial","isPartOf":{"@id":"https:\/\/letrame.com\/catalogo\/#website"},"primaryImageOfPage":{"@id":"https:\/\/letrame.com\/catalogo\/producto\/asesinatos-reyertas-y-otras-historias\/#primaryimage"},"image":{"@id":"https:\/\/letrame.com\/catalogo\/producto\/asesinatos-reyertas-y-otras-historias\/#primaryimage"},"thumbnailUrl":"https:\/\/letrame.com\/catalogo\/wp-content\/uploads\/2024\/08\/asesinatosreyertas_1183mm4-compressed.jpg","datePublished":"2024-08-21T11:56:55+00:00","breadcrumb":{"@id":"https:\/\/letrame.com\/catalogo\/producto\/asesinatos-reyertas-y-otras-historias\/#breadcrumb"},"inLanguage":"es","potentialAction":[{"@type":"ReadAction","target":["https:\/\/letrame.com\/catalogo\/producto\/asesinatos-reyertas-y-otras-historias\/"]}]},{"@type":"ImageObject","inLanguage":"es","@id":"https:\/\/letrame.com\/catalogo\/producto\/asesinatos-reyertas-y-otras-historias\/#primaryimage","url":"https:\/\/letrame.com\/catalogo\/wp-content\/uploads\/2024\/08\/asesinatosreyertas_1183mm4-compressed.jpg","contentUrl":"https:\/\/letrame.com\/catalogo\/wp-content\/uploads\/2024\/08\/asesinatosreyertas_1183mm4-compressed.jpg","width":1748,"height":2480},{"@type":"BreadcrumbList","@id":"https:\/\/letrame.com\/catalogo\/producto\/asesinatos-reyertas-y-otras-historias\/#breadcrumb","itemListElement":[{"@type":"ListItem","position":1,"name":"Portada","item":"https:\/\/letrame.com\/catalogo\/"},{"@type":"ListItem","position":2,"name":"Cat\u00e1logo","item":"https:\/\/letrame.com\/catalogo\/"},{"@type":"ListItem","position":3,"name":"Asesinatos, reyertas y otras historias"}]},{"@type":"WebSite","@id":"https:\/\/letrame.com\/catalogo\/#website","url":"https:\/\/letrame.com\/catalogo\/","name":"Catalogo | Letrame Grupo Editorial","description":"","publisher":{"@id":"https:\/\/letrame.com\/catalogo\/#organization"},"potentialAction":[{"@type":"SearchAction","target":{"@type":"EntryPoint","urlTemplate":"https:\/\/letrame.com\/catalogo\/?s={search_term_string}"},"query-input":{"@type":"PropertyValueSpecification","valueRequired":true,"valueName":"search_term_string"}}],"inLanguage":"es"},{"@type":"Organization","@id":"https:\/\/letrame.com\/catalogo\/#organization","name":"Catalogo | Letrame Grupo Editorial","url":"https:\/\/letrame.com\/catalogo\/","logo":{"@type":"ImageObject","inLanguage":"es","@id":"https:\/\/letrame.com\/catalogo\/#\/schema\/logo\/image\/","url":"https:\/\/letrame.com\/catalogo\/wp-content\/uploads\/2024\/03\/logo2.webp","contentUrl":"https:\/\/letrame.com\/catalogo\/wp-content\/uploads\/2024\/03\/logo2.webp","width":394,"height":128,"caption":"Catalogo | Letrame Grupo Editorial"},"image":{"@id":"https:\/\/letrame.com\/catalogo\/#\/schema\/logo\/image\/"}}]}},"_links":{"self":[{"href":"https:\/\/letrame.com\/catalogo\/wp-json\/wp\/v2\/product\/105955","targetHints":{"allow":["GET"]}}],"collection":[{"href":"https:\/\/letrame.com\/catalogo\/wp-json\/wp\/v2\/product"}],"about":[{"href":"https:\/\/letrame.com\/catalogo\/wp-json\/wp\/v2\/types\/product"}],"replies":[{"embeddable":true,"href":"https:\/\/letrame.com\/catalogo\/wp-json\/wp\/v2\/comments?post=105955"}],"acf:post":[{"embeddable":true,"href":"https:\/\/letrame.com\/catalogo\/wp-json\/wp\/v2\/author_book\/105954"}],"wp:featuredmedia":[{"embeddable":true,"href":"https:\/\/letrame.com\/catalogo\/wp-json\/wp\/v2\/media\/105958"}],"wp:attachment":[{"href":"https:\/\/letrame.com\/catalogo\/wp-json\/wp\/v2\/media?parent=105955"}],"wp:term":[{"taxonomy":"libro","embeddable":true,"href":"https:\/\/letrame.com\/catalogo\/wp-json\/wp\/v2\/libro?post=105955"},{"taxonomy":"product_brand","embeddable":true,"href":"https:\/\/letrame.com\/catalogo\/wp-json\/wp\/v2\/product_brand?post=105955"},{"taxonomy":"product_cat","embeddable":true,"href":"https:\/\/letrame.com\/catalogo\/wp-json\/wp\/v2\/product_cat?post=105955"},{"taxonomy":"product_tag","embeddable":true,"href":"https:\/\/letrame.com\/catalogo\/wp-json\/wp\/v2\/product_tag?post=105955"}],"curies":[{"name":"wp","href":"https:\/\/api.w.org\/{rel}","templated":true}]}}