{"id":105949,"date":"2024-08-21T13:49:00","date_gmt":"2024-08-21T11:49:00","guid":{"rendered":"https:\/\/letrame.com\/catalogo\/?post_type=product&#038;p=105949"},"modified":"2024-08-21T13:49:52","modified_gmt":"2024-08-21T11:49:52","slug":"entre-desgracias-y-circo","status":"publish","type":"product","link":"https:\/\/letrame.com\/catalogo\/producto\/entre-desgracias-y-circo\/","title":{"rendered":"Entre (des)gracias y circo"},"content":{"rendered":"<p class=\"p1\">ISBN: 978-84-1068-024-1<\/p>\n<p class=\"p1\">T\u00edtulo:\u00a0Entre (des)gracias y circo<\/p>\n<p class=\"p1\">Fecha: 2024<\/p>\n<p class=\"p1\">P\u00e1ginas: 282<\/p>\n<p class=\"p1\">SINOPSIS<\/p>\n<p>El doctor Alirio Alberto Mu\u00f1oz es el alcalde municipal. Casado con una ejemplar dama cuyo prop\u00f3sito de vida es amarlo y acompa\u00f1arlo en las decisiones que \u2014por el bien com\u00fan\u2014 su esposo deba tomar. Vivencian una feliz y ejemplar vida de pareja; pero mueren, y su muerte es lo que da vida y comicidad literaria a <em>Entre<\/em> (des)gracias y circo.<\/p>\n<p>Asimismo, la historia de algunos personajes \u00absecundarios\u00bb se entrelaza, admirablemente, para dar locuacidad expresiva al corpus del relato. Monse\u00f1or Pagan\u00f3, Inocencia y sor Analina llegan a amarse \u2014y a pecar\u2014 con dogm\u00e1tica religiosidad. El abogado Espriella, la sin par Katherine y la doctora Eugenia crean un tri\u00e1ngulo amoroso cuyo inicio, intriga y desenlace puede ser considerada una historia dis\u00edmil, pero trascendental dentro de la propia novela.<\/p>\n<p>A trav\u00e9s de sus entretenidas p\u00e1ginas identificar\u00e1s, al desnudo, el oscuro y controversial actuar de una clase pol\u00edtica y religiosa que el autor no pretende criticar, pero s\u00ed exhibir \u2014sin tapujo alguno\u2014 ante la ceguedad de militantes y feligreses, quienes, con votos y diezmos, avalan sus acciones. <em>Entre (des)gracias y circo<\/em> es, sin mayor exordio, la historia social (a\u00fan imperante) en el contexto del propio escritor.<\/p>\n<p>Una obra escrita durante el transcurso de m\u00e1s de mil cuatrocientos sesenta d\u00edas (con gran parte de sus noches y alboradas); tiempo en el cual, el autor, Jhon \u00c1nderson Cer\u00f3n Apache, pudo consolidar su pretensi\u00f3n particular de legar, a sus conciudadanos, una obra atrayente, de calidad y significancia intelectual.<\/p>\n<p>&nbsp;<\/p>\n","protected":false},"excerpt":{"rendered":"<p class=\"p1\">ISBN: 978-84-1068-024-1<\/p>\n<p class=\"p1\">SINOPSIS<\/p>\n<p>El doctor Alirio Alberto Mu\u00f1oz es el alcalde municipal. Casado con una ejemplar dama cuyo prop\u00f3sito de vida es amarlo y acompa\u00f1arlo en las decisiones que \u2014por el bien com\u00fan\u2014 su esposo deba tomar. Vivencian una feliz y ejemplar vida de pareja; pero mueren, y su muerte es lo que da vida y comicidad literaria a <em>Entre<\/em> (des)gracias y circo.<\/p>\n<p>Asimismo, la historia de algunos personajes \u00absecundarios\u00bb se entrelaza, admirablemente, para dar locuacidad expresiva al corpus del relato. Monse\u00f1or Pagan\u00f3, Inocencia y sor Analina llegan a amarse \u2014y a pecar\u2014 con dogm\u00e1tica religiosidad. El abogado Espriella, la sin par Katherine y la doctora Eugenia crean un tri\u00e1ngulo amoroso cuyo inicio, intriga y desenlace puede ser considerada una historia dis\u00edmil, pero trascendental dentro de la propia novela.<\/p>\n<p>A trav\u00e9s de sus entretenidas p\u00e1ginas identificar\u00e1s, al desnudo, el oscuro y controversial actuar de una clase pol\u00edtica y religiosa que el autor no pretende criticar, pero s\u00ed exhibir \u2014sin tapujo alguno\u2014 ante la ceguedad de militantes y feligreses, quienes, con votos y diezmos, avalan sus acciones. <em>Entre (des)gracias y circo<\/em> es, sin mayor exordio, la historia social (a\u00fan imperante) en el contexto del propio escritor.<\/p>\n<p>Una obra escrita durante el transcurso de m\u00e1s de mil cuatrocientos sesenta d\u00edas (con gran parte de sus noches y alboradas); tiempo en el cual, el autor, Jhon \u00c1nderson Cer\u00f3n Apache, pudo consolidar su pretensi\u00f3n particular de legar, a sus conciudadanos, una obra atrayente, de calidad y significancia intelectual.<\/p>\n<p>&nbsp;<\/p>\n","protected":false},"featured_media":105952,"comment_status":"open","ping_status":"closed","template":"","meta":{"_acf_changed":false},"libro":[],"product_brand":[],"product_cat":[47],"product_tag":[],"class_list":{"0":"post-105949","1":"product","2":"type-product","3":"status-publish","4":"has-post-thumbnail","6":"product_cat-ciencia-ficcion-misterio","8":"first","9":"instock","10":"shipping-taxable","11":"product-type-simple"},"acf":{"autor":[105948],"enlace_de_compra":"https:\/\/amzn.to\/3XczzuO"},"yoast_head":"<!-- This site is optimized with the Yoast SEO plugin v26.6 - https:\/\/yoast.com\/wordpress\/plugins\/seo\/ -->\n<title>Entre (des)gracias y circo - Catalogo | Letrame Grupo Editorial<\/title>\n<meta name=\"robots\" content=\"index, follow, max-snippet:-1, max-image-preview:large, max-video-preview:-1\" \/>\n<link rel=\"canonical\" href=\"https:\/\/letrame.com\/catalogo\/producto\/entre-desgracias-y-circo\/\" \/>\n<meta property=\"og:locale\" content=\"es_ES\" \/>\n<meta property=\"og:type\" content=\"article\" \/>\n<meta property=\"og:title\" content=\"Entre (des)gracias y circo - Catalogo | Letrame Grupo Editorial\" \/>\n<meta property=\"og:description\" content=\"ISBN: 978-84-1068-024-1 SINOPSIS El doctor Alirio Alberto Mu\u00f1oz es el alcalde municipal. Casado con una ejemplar dama cuyo prop\u00f3sito de vida es amarlo y acompa\u00f1arlo en las decisiones que \u2014por el bien com\u00fan\u2014 su esposo deba tomar. Vivencian una feliz y ejemplar vida de pareja; pero mueren, y su muerte es lo que da vida y comicidad literaria a Entre (des)gracias y circo.  Asimismo, la historia de algunos personajes \u00absecundarios\u00bb se entrelaza, admirablemente, para dar locuacidad expresiva al corpus del relato. Monse\u00f1or Pagan\u00f3, Inocencia y sor Analina llegan a amarse \u2014y a pecar\u2014 con dogm\u00e1tica religiosidad. El abogado Espriella, la sin par Katherine y la doctora Eugenia crean un tri\u00e1ngulo amoroso cuyo inicio, intriga y desenlace puede ser considerada una historia dis\u00edmil, pero trascendental dentro de la propia novela.  A trav\u00e9s de sus entretenidas p\u00e1ginas identificar\u00e1s, al desnudo, el oscuro y controversial actuar de una clase pol\u00edtica y religiosa que el autor no pretende criticar, pero s\u00ed exhibir \u2014sin tapujo alguno\u2014 ante la ceguedad de militantes y feligreses, quienes, con votos y diezmos, avalan sus acciones. Entre (des)gracias y circo es, sin mayor exordio, la historia social (a\u00fan imperante) en el contexto del propio escritor.  Una obra escrita durante el transcurso de m\u00e1s de mil cuatrocientos sesenta d\u00edas (con gran parte de sus noches y alboradas); tiempo en el cual, el autor, Jhon \u00c1nderson Cer\u00f3n Apache, pudo consolidar su pretensi\u00f3n particular de legar, a sus conciudadanos, una obra atrayente, de calidad y significancia intelectual.  &nbsp;\" \/>\n<meta property=\"og:url\" content=\"https:\/\/letrame.com\/catalogo\/producto\/entre-desgracias-y-circo\/\" \/>\n<meta property=\"og:site_name\" content=\"Catalogo | Letrame Grupo Editorial\" \/>\n<meta property=\"article:modified_time\" content=\"2024-08-21T11:49:52+00:00\" \/>\n<meta property=\"og:image\" content=\"https:\/\/letrame.com\/catalogo\/wp-content\/uploads\/2024\/08\/entredes_1426mm4-compressed-scaled.jpg\" \/>\n\t<meta property=\"og:image:width\" content=\"1746\" \/>\n\t<meta property=\"og:image:height\" content=\"2560\" \/>\n\t<meta property=\"og:image:type\" content=\"image\/jpeg\" \/>\n<meta name=\"twitter:card\" content=\"summary_large_image\" \/>\n<meta name=\"twitter:label1\" content=\"Tiempo de lectura\" \/>\n\t<meta name=\"twitter:data1\" content=\"2 minutos\" \/>\n<script type=\"application\/ld+json\" class=\"yoast-schema-graph\">{\"@context\":\"https:\/\/schema.org\",\"@graph\":[{\"@type\":\"WebPage\",\"@id\":\"https:\/\/letrame.com\/catalogo\/producto\/entre-desgracias-y-circo\/\",\"url\":\"https:\/\/letrame.com\/catalogo\/producto\/entre-desgracias-y-circo\/\",\"name\":\"Entre (des)gracias y circo - Catalogo | Letrame Grupo Editorial\",\"isPartOf\":{\"@id\":\"https:\/\/letrame.com\/catalogo\/#website\"},\"primaryImageOfPage\":{\"@id\":\"https:\/\/letrame.com\/catalogo\/producto\/entre-desgracias-y-circo\/#primaryimage\"},\"image\":{\"@id\":\"https:\/\/letrame.com\/catalogo\/producto\/entre-desgracias-y-circo\/#primaryimage\"},\"thumbnailUrl\":\"https:\/\/letrame.com\/catalogo\/wp-content\/uploads\/2024\/08\/entredes_1426mm4-compressed-scaled.jpg\",\"datePublished\":\"2024-08-21T11:49:00+00:00\",\"dateModified\":\"2024-08-21T11:49:52+00:00\",\"breadcrumb\":{\"@id\":\"https:\/\/letrame.com\/catalogo\/producto\/entre-desgracias-y-circo\/#breadcrumb\"},\"inLanguage\":\"es\",\"potentialAction\":[{\"@type\":\"ReadAction\",\"target\":[\"https:\/\/letrame.com\/catalogo\/producto\/entre-desgracias-y-circo\/\"]}]},{\"@type\":\"ImageObject\",\"inLanguage\":\"es\",\"@id\":\"https:\/\/letrame.com\/catalogo\/producto\/entre-desgracias-y-circo\/#primaryimage\",\"url\":\"https:\/\/letrame.com\/catalogo\/wp-content\/uploads\/2024\/08\/entredes_1426mm4-compressed-scaled.jpg\",\"contentUrl\":\"https:\/\/letrame.com\/catalogo\/wp-content\/uploads\/2024\/08\/entredes_1426mm4-compressed-scaled.jpg\",\"width\":1746,\"height\":2560},{\"@type\":\"BreadcrumbList\",\"@id\":\"https:\/\/letrame.com\/catalogo\/producto\/entre-desgracias-y-circo\/#breadcrumb\",\"itemListElement\":[{\"@type\":\"ListItem\",\"position\":1,\"name\":\"Portada\",\"item\":\"https:\/\/letrame.com\/catalogo\/\"},{\"@type\":\"ListItem\",\"position\":2,\"name\":\"Cat\u00e1logo\",\"item\":\"https:\/\/letrame.com\/catalogo\/\"},{\"@type\":\"ListItem\",\"position\":3,\"name\":\"Entre (des)gracias y circo\"}]},{\"@type\":\"WebSite\",\"@id\":\"https:\/\/letrame.com\/catalogo\/#website\",\"url\":\"https:\/\/letrame.com\/catalogo\/\",\"name\":\"Catalogo | Letrame Grupo Editorial\",\"description\":\"\",\"publisher\":{\"@id\":\"https:\/\/letrame.com\/catalogo\/#organization\"},\"potentialAction\":[{\"@type\":\"SearchAction\",\"target\":{\"@type\":\"EntryPoint\",\"urlTemplate\":\"https:\/\/letrame.com\/catalogo\/?s={search_term_string}\"},\"query-input\":{\"@type\":\"PropertyValueSpecification\",\"valueRequired\":true,\"valueName\":\"search_term_string\"}}],\"inLanguage\":\"es\"},{\"@type\":\"Organization\",\"@id\":\"https:\/\/letrame.com\/catalogo\/#organization\",\"name\":\"Catalogo | Letrame Grupo Editorial\",\"url\":\"https:\/\/letrame.com\/catalogo\/\",\"logo\":{\"@type\":\"ImageObject\",\"inLanguage\":\"es\",\"@id\":\"https:\/\/letrame.com\/catalogo\/#\/schema\/logo\/image\/\",\"url\":\"https:\/\/letrame.com\/catalogo\/wp-content\/uploads\/2024\/03\/logo2.webp\",\"contentUrl\":\"https:\/\/letrame.com\/catalogo\/wp-content\/uploads\/2024\/03\/logo2.webp\",\"width\":394,\"height\":128,\"caption\":\"Catalogo | Letrame Grupo Editorial\"},\"image\":{\"@id\":\"https:\/\/letrame.com\/catalogo\/#\/schema\/logo\/image\/\"}}]}<\/script>\n<!-- \/ Yoast SEO plugin. -->","yoast_head_json":{"title":"Entre (des)gracias y circo - Catalogo | Letrame Grupo Editorial","robots":{"index":"index","follow":"follow","max-snippet":"max-snippet:-1","max-image-preview":"max-image-preview:large","max-video-preview":"max-video-preview:-1"},"canonical":"https:\/\/letrame.com\/catalogo\/producto\/entre-desgracias-y-circo\/","og_locale":"es_ES","og_type":"article","og_title":"Entre (des)gracias y circo - Catalogo | Letrame Grupo Editorial","og_description":"ISBN: 978-84-1068-024-1 SINOPSIS El doctor Alirio Alberto Mu\u00f1oz es el alcalde municipal. Casado con una ejemplar dama cuyo prop\u00f3sito de vida es amarlo y acompa\u00f1arlo en las decisiones que \u2014por el bien com\u00fan\u2014 su esposo deba tomar. Vivencian una feliz y ejemplar vida de pareja; pero mueren, y su muerte es lo que da vida y comicidad literaria a Entre (des)gracias y circo.  Asimismo, la historia de algunos personajes \u00absecundarios\u00bb se entrelaza, admirablemente, para dar locuacidad expresiva al corpus del relato. Monse\u00f1or Pagan\u00f3, Inocencia y sor Analina llegan a amarse \u2014y a pecar\u2014 con dogm\u00e1tica religiosidad. El abogado Espriella, la sin par Katherine y la doctora Eugenia crean un tri\u00e1ngulo amoroso cuyo inicio, intriga y desenlace puede ser considerada una historia dis\u00edmil, pero trascendental dentro de la propia novela.  A trav\u00e9s de sus entretenidas p\u00e1ginas identificar\u00e1s, al desnudo, el oscuro y controversial actuar de una clase pol\u00edtica y religiosa que el autor no pretende criticar, pero s\u00ed exhibir \u2014sin tapujo alguno\u2014 ante la ceguedad de militantes y feligreses, quienes, con votos y diezmos, avalan sus acciones. Entre (des)gracias y circo es, sin mayor exordio, la historia social (a\u00fan imperante) en el contexto del propio escritor.  Una obra escrita durante el transcurso de m\u00e1s de mil cuatrocientos sesenta d\u00edas (con gran parte de sus noches y alboradas); tiempo en el cual, el autor, Jhon \u00c1nderson Cer\u00f3n Apache, pudo consolidar su pretensi\u00f3n particular de legar, a sus conciudadanos, una obra atrayente, de calidad y significancia intelectual.  &nbsp;","og_url":"https:\/\/letrame.com\/catalogo\/producto\/entre-desgracias-y-circo\/","og_site_name":"Catalogo | Letrame Grupo Editorial","article_modified_time":"2024-08-21T11:49:52+00:00","og_image":[{"width":1746,"height":2560,"url":"https:\/\/letrame.com\/catalogo\/wp-content\/uploads\/2024\/08\/entredes_1426mm4-compressed-scaled.jpg","type":"image\/jpeg"}],"twitter_card":"summary_large_image","twitter_misc":{"Tiempo de lectura":"2 minutos"},"schema":{"@context":"https:\/\/schema.org","@graph":[{"@type":"WebPage","@id":"https:\/\/letrame.com\/catalogo\/producto\/entre-desgracias-y-circo\/","url":"https:\/\/letrame.com\/catalogo\/producto\/entre-desgracias-y-circo\/","name":"Entre (des)gracias y circo - Catalogo | Letrame Grupo Editorial","isPartOf":{"@id":"https:\/\/letrame.com\/catalogo\/#website"},"primaryImageOfPage":{"@id":"https:\/\/letrame.com\/catalogo\/producto\/entre-desgracias-y-circo\/#primaryimage"},"image":{"@id":"https:\/\/letrame.com\/catalogo\/producto\/entre-desgracias-y-circo\/#primaryimage"},"thumbnailUrl":"https:\/\/letrame.com\/catalogo\/wp-content\/uploads\/2024\/08\/entredes_1426mm4-compressed-scaled.jpg","datePublished":"2024-08-21T11:49:00+00:00","dateModified":"2024-08-21T11:49:52+00:00","breadcrumb":{"@id":"https:\/\/letrame.com\/catalogo\/producto\/entre-desgracias-y-circo\/#breadcrumb"},"inLanguage":"es","potentialAction":[{"@type":"ReadAction","target":["https:\/\/letrame.com\/catalogo\/producto\/entre-desgracias-y-circo\/"]}]},{"@type":"ImageObject","inLanguage":"es","@id":"https:\/\/letrame.com\/catalogo\/producto\/entre-desgracias-y-circo\/#primaryimage","url":"https:\/\/letrame.com\/catalogo\/wp-content\/uploads\/2024\/08\/entredes_1426mm4-compressed-scaled.jpg","contentUrl":"https:\/\/letrame.com\/catalogo\/wp-content\/uploads\/2024\/08\/entredes_1426mm4-compressed-scaled.jpg","width":1746,"height":2560},{"@type":"BreadcrumbList","@id":"https:\/\/letrame.com\/catalogo\/producto\/entre-desgracias-y-circo\/#breadcrumb","itemListElement":[{"@type":"ListItem","position":1,"name":"Portada","item":"https:\/\/letrame.com\/catalogo\/"},{"@type":"ListItem","position":2,"name":"Cat\u00e1logo","item":"https:\/\/letrame.com\/catalogo\/"},{"@type":"ListItem","position":3,"name":"Entre (des)gracias y circo"}]},{"@type":"WebSite","@id":"https:\/\/letrame.com\/catalogo\/#website","url":"https:\/\/letrame.com\/catalogo\/","name":"Catalogo | Letrame Grupo Editorial","description":"","publisher":{"@id":"https:\/\/letrame.com\/catalogo\/#organization"},"potentialAction":[{"@type":"SearchAction","target":{"@type":"EntryPoint","urlTemplate":"https:\/\/letrame.com\/catalogo\/?s={search_term_string}"},"query-input":{"@type":"PropertyValueSpecification","valueRequired":true,"valueName":"search_term_string"}}],"inLanguage":"es"},{"@type":"Organization","@id":"https:\/\/letrame.com\/catalogo\/#organization","name":"Catalogo | Letrame Grupo Editorial","url":"https:\/\/letrame.com\/catalogo\/","logo":{"@type":"ImageObject","inLanguage":"es","@id":"https:\/\/letrame.com\/catalogo\/#\/schema\/logo\/image\/","url":"https:\/\/letrame.com\/catalogo\/wp-content\/uploads\/2024\/03\/logo2.webp","contentUrl":"https:\/\/letrame.com\/catalogo\/wp-content\/uploads\/2024\/03\/logo2.webp","width":394,"height":128,"caption":"Catalogo | Letrame Grupo Editorial"},"image":{"@id":"https:\/\/letrame.com\/catalogo\/#\/schema\/logo\/image\/"}}]}},"_links":{"self":[{"href":"https:\/\/letrame.com\/catalogo\/wp-json\/wp\/v2\/product\/105949","targetHints":{"allow":["GET"]}}],"collection":[{"href":"https:\/\/letrame.com\/catalogo\/wp-json\/wp\/v2\/product"}],"about":[{"href":"https:\/\/letrame.com\/catalogo\/wp-json\/wp\/v2\/types\/product"}],"replies":[{"embeddable":true,"href":"https:\/\/letrame.com\/catalogo\/wp-json\/wp\/v2\/comments?post=105949"}],"acf:post":[{"embeddable":true,"href":"https:\/\/letrame.com\/catalogo\/wp-json\/wp\/v2\/author_book\/105948"}],"wp:featuredmedia":[{"embeddable":true,"href":"https:\/\/letrame.com\/catalogo\/wp-json\/wp\/v2\/media\/105952"}],"wp:attachment":[{"href":"https:\/\/letrame.com\/catalogo\/wp-json\/wp\/v2\/media?parent=105949"}],"wp:term":[{"taxonomy":"libro","embeddable":true,"href":"https:\/\/letrame.com\/catalogo\/wp-json\/wp\/v2\/libro?post=105949"},{"taxonomy":"product_brand","embeddable":true,"href":"https:\/\/letrame.com\/catalogo\/wp-json\/wp\/v2\/product_brand?post=105949"},{"taxonomy":"product_cat","embeddable":true,"href":"https:\/\/letrame.com\/catalogo\/wp-json\/wp\/v2\/product_cat?post=105949"},{"taxonomy":"product_tag","embeddable":true,"href":"https:\/\/letrame.com\/catalogo\/wp-json\/wp\/v2\/product_tag?post=105949"}],"curies":[{"name":"wp","href":"https:\/\/api.w.org\/{rel}","templated":true}]}}