{"id":105942,"date":"2024-08-21T13:42:05","date_gmt":"2024-08-21T11:42:05","guid":{"rendered":"https:\/\/letrame.com\/catalogo\/?post_type=product&#038;p=105942"},"modified":"2024-08-21T13:42:05","modified_gmt":"2024-08-21T11:42:05","slug":"itvci","status":"publish","type":"product","link":"https:\/\/letrame.com\/catalogo\/producto\/itvci\/","title":{"rendered":"ITVCI"},"content":{"rendered":"<p class=\"p1\">ISBN:\u00a0978-84-1068-675-5<\/p>\n<p class=\"p1\">T\u00edtulo: ITVCI<\/p>\n<p class=\"p1\">Fecha: 2024<\/p>\n<p class=\"p1\">P\u00e1ginas: 360<\/p>\n<p class=\"p1\">SINOPSIS<\/p>\n<p>La ciudad ibero\/romana de Tucci\/Ituci, ahora conocida como Torreparedones en Baena, C\u00f3rdoba, es una ciudad real y milenaria situada en lo m\u00e1s alto de la campi\u00f1a cordobesa. Su situaci\u00f3n de privilegio le permiti\u00f3 sobrevivir, durante siglos, al convulso mundo \u00edbero del alto Guadalquivir y ser, al mismo tiempo, un baluarte de contenci\u00f3n de las tribus turdetanas contra los continuos ataques de otras tribus enemigas.<\/p>\n<p>A Tucci, la ciudad \u00edbera precursora de la Ituci romana, vuelve Amanus, un guerrero ibero que, durante casi treinta a\u00f1os, acompa\u00f1\u00f3 a Anibal en su lucha contra Roma; la que conocemos como la segunda guerra p\u00fanica. Vuelve a su ciudad, esperando conocer la paz y el sosiego, en la que \u00e9l considera la \u00faltima etapa de su vida. Sin embargo, encontrar\u00e1 guerras, envidias y traiciones, agravadas con la llegada de las legiones romanas a su mundo, pero tambi\u00e9n conocer\u00e1 el amor, la familia y la riqueza que nunca esper\u00f3 encontrar.<\/p>\n<p>En este complejo y desconocido contexto de principios del siglo II a. C. se desarrolla este relato, que trata de acercar al lector a la vida de una ciudad y de unos personajes, algunos de los cuales fueron reales y otros bien pudieron serlo. Al mismo tiempo, tiene como objetivo favorecer el conocimiento de un mundo casi olvidado, procurando que su lectura sea amena y entretenida para cualquiera que se aventure en sus p\u00e1ginas.<\/p>\n","protected":false},"excerpt":{"rendered":"<p class=\"p1\">ISBN:\u00a0978-84-1068-675-5<\/p>\n<p class=\"p1\">SINOPSIS<\/p>\n<p>La ciudad ibero\/romana de Tucci\/Ituci, ahora conocida como Torreparedones en Baena, C\u00f3rdoba, es una ciudad real y milenaria situada en lo m\u00e1s alto de la campi\u00f1a cordobesa. Su situaci\u00f3n de privilegio le permiti\u00f3 sobrevivir, durante siglos, al convulso mundo \u00edbero del alto Guadalquivir y ser, al mismo tiempo, un baluarte de contenci\u00f3n de las tribus turdetanas contra los continuos ataques de otras tribus enemigas.<\/p>\n<p>A Tucci, la ciudad \u00edbera precursora de la Ituci romana, vuelve Amanus, un guerrero ibero que, durante casi treinta a\u00f1os, acompa\u00f1\u00f3 a Anibal en su lucha contra Roma; la que conocemos como la segunda guerra p\u00fanica. Vuelve a su ciudad, esperando conocer la paz y el sosiego, en la que \u00e9l considera la \u00faltima etapa de su vida. Sin embargo, encontrar\u00e1 guerras, envidias y traiciones, agravadas con la llegada de las legiones romanas a su mundo, pero tambi\u00e9n conocer\u00e1 el amor, la familia y la riqueza que nunca esper\u00f3 encontrar.<\/p>\n<p>En este complejo y desconocido contexto de principios del siglo II a. C. se desarrolla este relato, que trata de acercar al lector a la vida de una ciudad y de unos personajes, algunos de los cuales fueron reales y otros bien pudieron serlo. Al mismo tiempo, tiene como objetivo favorecer el conocimiento de un mundo casi olvidado, procurando que su lectura sea amena y entretenida para cualquiera que se aventure en sus p\u00e1ginas.<\/p>\n","protected":false},"featured_media":105946,"comment_status":"open","ping_status":"closed","template":"","meta":{"_acf_changed":false},"libro":[],"product_brand":[],"product_cat":[62],"product_tag":[],"class_list":{"0":"post-105942","1":"product","2":"type-product","3":"status-publish","4":"has-post-thumbnail","6":"product_cat-historico","8":"first","9":"instock","10":"shipping-taxable","11":"product-type-simple"},"acf":{"autor":[105941],"enlace_de_compra":"https:\/\/amzn.to\/46TAkwa"},"yoast_head":"<!-- This site is optimized with the Yoast SEO plugin v26.6 - https:\/\/yoast.com\/wordpress\/plugins\/seo\/ -->\n<title>ITVCI - Catalogo | Letrame Grupo Editorial<\/title>\n<meta name=\"robots\" content=\"index, follow, max-snippet:-1, max-image-preview:large, max-video-preview:-1\" \/>\n<link rel=\"canonical\" href=\"https:\/\/letrame.com\/catalogo\/producto\/itvci\/\" \/>\n<meta property=\"og:locale\" content=\"es_ES\" \/>\n<meta property=\"og:type\" content=\"article\" \/>\n<meta property=\"og:title\" content=\"ITVCI - Catalogo | Letrame Grupo Editorial\" \/>\n<meta property=\"og:description\" content=\"ISBN:\u00a0978-84-1068-675-5 SINOPSIS La ciudad ibero\/romana de Tucci\/Ituci, ahora conocida como Torreparedones en Baena, C\u00f3rdoba, es una ciudad real y milenaria situada en lo m\u00e1s alto de la campi\u00f1a cordobesa. Su situaci\u00f3n de privilegio le permiti\u00f3 sobrevivir, durante siglos, al convulso mundo \u00edbero del alto Guadalquivir y ser, al mismo tiempo, un baluarte de contenci\u00f3n de las tribus turdetanas contra los continuos ataques de otras tribus enemigas.  A Tucci, la ciudad \u00edbera precursora de la Ituci romana, vuelve Amanus, un guerrero ibero que, durante casi treinta a\u00f1os, acompa\u00f1\u00f3 a Anibal en su lucha contra Roma; la que conocemos como la segunda guerra p\u00fanica. Vuelve a su ciudad, esperando conocer la paz y el sosiego, en la que \u00e9l considera la \u00faltima etapa de su vida. Sin embargo, encontrar\u00e1 guerras, envidias y traiciones, agravadas con la llegada de las legiones romanas a su mundo, pero tambi\u00e9n conocer\u00e1 el amor, la familia y la riqueza que nunca esper\u00f3 encontrar.  En este complejo y desconocido contexto de principios del siglo II a. C. se desarrolla este relato, que trata de acercar al lector a la vida de una ciudad y de unos personajes, algunos de los cuales fueron reales y otros bien pudieron serlo. Al mismo tiempo, tiene como objetivo favorecer el conocimiento de un mundo casi olvidado, procurando que su lectura sea amena y entretenida para cualquiera que se aventure en sus p\u00e1ginas.\" \/>\n<meta property=\"og:url\" content=\"https:\/\/letrame.com\/catalogo\/producto\/itvci\/\" \/>\n<meta property=\"og:site_name\" content=\"Catalogo | Letrame Grupo Editorial\" \/>\n<meta property=\"og:image\" content=\"https:\/\/letrame.com\/catalogo\/wp-content\/uploads\/2024\/08\/zITVCV_1767mm4.jpg\" \/>\n\t<meta property=\"og:image:width\" content=\"425\" \/>\n\t<meta property=\"og:image:height\" content=\"595\" \/>\n\t<meta property=\"og:image:type\" content=\"image\/jpeg\" \/>\n<meta name=\"twitter:card\" content=\"summary_large_image\" \/>\n<meta name=\"twitter:label1\" content=\"Tiempo de lectura\" \/>\n\t<meta name=\"twitter:data1\" content=\"2 minutos\" \/>\n<script type=\"application\/ld+json\" class=\"yoast-schema-graph\">{\"@context\":\"https:\/\/schema.org\",\"@graph\":[{\"@type\":\"WebPage\",\"@id\":\"https:\/\/letrame.com\/catalogo\/producto\/itvci\/\",\"url\":\"https:\/\/letrame.com\/catalogo\/producto\/itvci\/\",\"name\":\"ITVCI - Catalogo | Letrame Grupo Editorial\",\"isPartOf\":{\"@id\":\"https:\/\/letrame.com\/catalogo\/#website\"},\"primaryImageOfPage\":{\"@id\":\"https:\/\/letrame.com\/catalogo\/producto\/itvci\/#primaryimage\"},\"image\":{\"@id\":\"https:\/\/letrame.com\/catalogo\/producto\/itvci\/#primaryimage\"},\"thumbnailUrl\":\"https:\/\/letrame.com\/catalogo\/wp-content\/uploads\/2024\/08\/zITVCV_1767mm4.jpg\",\"datePublished\":\"2024-08-21T11:42:05+00:00\",\"breadcrumb\":{\"@id\":\"https:\/\/letrame.com\/catalogo\/producto\/itvci\/#breadcrumb\"},\"inLanguage\":\"es\",\"potentialAction\":[{\"@type\":\"ReadAction\",\"target\":[\"https:\/\/letrame.com\/catalogo\/producto\/itvci\/\"]}]},{\"@type\":\"ImageObject\",\"inLanguage\":\"es\",\"@id\":\"https:\/\/letrame.com\/catalogo\/producto\/itvci\/#primaryimage\",\"url\":\"https:\/\/letrame.com\/catalogo\/wp-content\/uploads\/2024\/08\/zITVCV_1767mm4.jpg\",\"contentUrl\":\"https:\/\/letrame.com\/catalogo\/wp-content\/uploads\/2024\/08\/zITVCV_1767mm4.jpg\",\"width\":425,\"height\":595},{\"@type\":\"BreadcrumbList\",\"@id\":\"https:\/\/letrame.com\/catalogo\/producto\/itvci\/#breadcrumb\",\"itemListElement\":[{\"@type\":\"ListItem\",\"position\":1,\"name\":\"Portada\",\"item\":\"https:\/\/letrame.com\/catalogo\/\"},{\"@type\":\"ListItem\",\"position\":2,\"name\":\"Cat\u00e1logo\",\"item\":\"https:\/\/letrame.com\/catalogo\/\"},{\"@type\":\"ListItem\",\"position\":3,\"name\":\"ITVCI\"}]},{\"@type\":\"WebSite\",\"@id\":\"https:\/\/letrame.com\/catalogo\/#website\",\"url\":\"https:\/\/letrame.com\/catalogo\/\",\"name\":\"Catalogo | Letrame Grupo Editorial\",\"description\":\"\",\"publisher\":{\"@id\":\"https:\/\/letrame.com\/catalogo\/#organization\"},\"potentialAction\":[{\"@type\":\"SearchAction\",\"target\":{\"@type\":\"EntryPoint\",\"urlTemplate\":\"https:\/\/letrame.com\/catalogo\/?s={search_term_string}\"},\"query-input\":{\"@type\":\"PropertyValueSpecification\",\"valueRequired\":true,\"valueName\":\"search_term_string\"}}],\"inLanguage\":\"es\"},{\"@type\":\"Organization\",\"@id\":\"https:\/\/letrame.com\/catalogo\/#organization\",\"name\":\"Catalogo | Letrame Grupo Editorial\",\"url\":\"https:\/\/letrame.com\/catalogo\/\",\"logo\":{\"@type\":\"ImageObject\",\"inLanguage\":\"es\",\"@id\":\"https:\/\/letrame.com\/catalogo\/#\/schema\/logo\/image\/\",\"url\":\"https:\/\/letrame.com\/catalogo\/wp-content\/uploads\/2024\/03\/logo2.webp\",\"contentUrl\":\"https:\/\/letrame.com\/catalogo\/wp-content\/uploads\/2024\/03\/logo2.webp\",\"width\":394,\"height\":128,\"caption\":\"Catalogo | Letrame Grupo Editorial\"},\"image\":{\"@id\":\"https:\/\/letrame.com\/catalogo\/#\/schema\/logo\/image\/\"}}]}<\/script>\n<!-- \/ Yoast SEO plugin. -->","yoast_head_json":{"title":"ITVCI - Catalogo | Letrame Grupo Editorial","robots":{"index":"index","follow":"follow","max-snippet":"max-snippet:-1","max-image-preview":"max-image-preview:large","max-video-preview":"max-video-preview:-1"},"canonical":"https:\/\/letrame.com\/catalogo\/producto\/itvci\/","og_locale":"es_ES","og_type":"article","og_title":"ITVCI - Catalogo | Letrame Grupo Editorial","og_description":"ISBN:\u00a0978-84-1068-675-5 SINOPSIS La ciudad ibero\/romana de Tucci\/Ituci, ahora conocida como Torreparedones en Baena, C\u00f3rdoba, es una ciudad real y milenaria situada en lo m\u00e1s alto de la campi\u00f1a cordobesa. Su situaci\u00f3n de privilegio le permiti\u00f3 sobrevivir, durante siglos, al convulso mundo \u00edbero del alto Guadalquivir y ser, al mismo tiempo, un baluarte de contenci\u00f3n de las tribus turdetanas contra los continuos ataques de otras tribus enemigas.  A Tucci, la ciudad \u00edbera precursora de la Ituci romana, vuelve Amanus, un guerrero ibero que, durante casi treinta a\u00f1os, acompa\u00f1\u00f3 a Anibal en su lucha contra Roma; la que conocemos como la segunda guerra p\u00fanica. Vuelve a su ciudad, esperando conocer la paz y el sosiego, en la que \u00e9l considera la \u00faltima etapa de su vida. Sin embargo, encontrar\u00e1 guerras, envidias y traiciones, agravadas con la llegada de las legiones romanas a su mundo, pero tambi\u00e9n conocer\u00e1 el amor, la familia y la riqueza que nunca esper\u00f3 encontrar.  En este complejo y desconocido contexto de principios del siglo II a. C. se desarrolla este relato, que trata de acercar al lector a la vida de una ciudad y de unos personajes, algunos de los cuales fueron reales y otros bien pudieron serlo. Al mismo tiempo, tiene como objetivo favorecer el conocimiento de un mundo casi olvidado, procurando que su lectura sea amena y entretenida para cualquiera que se aventure en sus p\u00e1ginas.","og_url":"https:\/\/letrame.com\/catalogo\/producto\/itvci\/","og_site_name":"Catalogo | Letrame Grupo Editorial","og_image":[{"width":425,"height":595,"url":"https:\/\/letrame.com\/catalogo\/wp-content\/uploads\/2024\/08\/zITVCV_1767mm4.jpg","type":"image\/jpeg"}],"twitter_card":"summary_large_image","twitter_misc":{"Tiempo de lectura":"2 minutos"},"schema":{"@context":"https:\/\/schema.org","@graph":[{"@type":"WebPage","@id":"https:\/\/letrame.com\/catalogo\/producto\/itvci\/","url":"https:\/\/letrame.com\/catalogo\/producto\/itvci\/","name":"ITVCI - Catalogo | Letrame Grupo Editorial","isPartOf":{"@id":"https:\/\/letrame.com\/catalogo\/#website"},"primaryImageOfPage":{"@id":"https:\/\/letrame.com\/catalogo\/producto\/itvci\/#primaryimage"},"image":{"@id":"https:\/\/letrame.com\/catalogo\/producto\/itvci\/#primaryimage"},"thumbnailUrl":"https:\/\/letrame.com\/catalogo\/wp-content\/uploads\/2024\/08\/zITVCV_1767mm4.jpg","datePublished":"2024-08-21T11:42:05+00:00","breadcrumb":{"@id":"https:\/\/letrame.com\/catalogo\/producto\/itvci\/#breadcrumb"},"inLanguage":"es","potentialAction":[{"@type":"ReadAction","target":["https:\/\/letrame.com\/catalogo\/producto\/itvci\/"]}]},{"@type":"ImageObject","inLanguage":"es","@id":"https:\/\/letrame.com\/catalogo\/producto\/itvci\/#primaryimage","url":"https:\/\/letrame.com\/catalogo\/wp-content\/uploads\/2024\/08\/zITVCV_1767mm4.jpg","contentUrl":"https:\/\/letrame.com\/catalogo\/wp-content\/uploads\/2024\/08\/zITVCV_1767mm4.jpg","width":425,"height":595},{"@type":"BreadcrumbList","@id":"https:\/\/letrame.com\/catalogo\/producto\/itvci\/#breadcrumb","itemListElement":[{"@type":"ListItem","position":1,"name":"Portada","item":"https:\/\/letrame.com\/catalogo\/"},{"@type":"ListItem","position":2,"name":"Cat\u00e1logo","item":"https:\/\/letrame.com\/catalogo\/"},{"@type":"ListItem","position":3,"name":"ITVCI"}]},{"@type":"WebSite","@id":"https:\/\/letrame.com\/catalogo\/#website","url":"https:\/\/letrame.com\/catalogo\/","name":"Catalogo | Letrame Grupo Editorial","description":"","publisher":{"@id":"https:\/\/letrame.com\/catalogo\/#organization"},"potentialAction":[{"@type":"SearchAction","target":{"@type":"EntryPoint","urlTemplate":"https:\/\/letrame.com\/catalogo\/?s={search_term_string}"},"query-input":{"@type":"PropertyValueSpecification","valueRequired":true,"valueName":"search_term_string"}}],"inLanguage":"es"},{"@type":"Organization","@id":"https:\/\/letrame.com\/catalogo\/#organization","name":"Catalogo | Letrame Grupo Editorial","url":"https:\/\/letrame.com\/catalogo\/","logo":{"@type":"ImageObject","inLanguage":"es","@id":"https:\/\/letrame.com\/catalogo\/#\/schema\/logo\/image\/","url":"https:\/\/letrame.com\/catalogo\/wp-content\/uploads\/2024\/03\/logo2.webp","contentUrl":"https:\/\/letrame.com\/catalogo\/wp-content\/uploads\/2024\/03\/logo2.webp","width":394,"height":128,"caption":"Catalogo | Letrame Grupo Editorial"},"image":{"@id":"https:\/\/letrame.com\/catalogo\/#\/schema\/logo\/image\/"}}]}},"_links":{"self":[{"href":"https:\/\/letrame.com\/catalogo\/wp-json\/wp\/v2\/product\/105942","targetHints":{"allow":["GET"]}}],"collection":[{"href":"https:\/\/letrame.com\/catalogo\/wp-json\/wp\/v2\/product"}],"about":[{"href":"https:\/\/letrame.com\/catalogo\/wp-json\/wp\/v2\/types\/product"}],"replies":[{"embeddable":true,"href":"https:\/\/letrame.com\/catalogo\/wp-json\/wp\/v2\/comments?post=105942"}],"acf:post":[{"embeddable":true,"href":"https:\/\/letrame.com\/catalogo\/wp-json\/wp\/v2\/author_book\/105941"}],"wp:featuredmedia":[{"embeddable":true,"href":"https:\/\/letrame.com\/catalogo\/wp-json\/wp\/v2\/media\/105946"}],"wp:attachment":[{"href":"https:\/\/letrame.com\/catalogo\/wp-json\/wp\/v2\/media?parent=105942"}],"wp:term":[{"taxonomy":"libro","embeddable":true,"href":"https:\/\/letrame.com\/catalogo\/wp-json\/wp\/v2\/libro?post=105942"},{"taxonomy":"product_brand","embeddable":true,"href":"https:\/\/letrame.com\/catalogo\/wp-json\/wp\/v2\/product_brand?post=105942"},{"taxonomy":"product_cat","embeddable":true,"href":"https:\/\/letrame.com\/catalogo\/wp-json\/wp\/v2\/product_cat?post=105942"},{"taxonomy":"product_tag","embeddable":true,"href":"https:\/\/letrame.com\/catalogo\/wp-json\/wp\/v2\/product_tag?post=105942"}],"curies":[{"name":"wp","href":"https:\/\/api.w.org\/{rel}","templated":true}]}}