{"id":105936,"date":"2024-08-21T13:21:19","date_gmt":"2024-08-21T11:21:19","guid":{"rendered":"https:\/\/letrame.com\/catalogo\/?post_type=product&#038;p=105936"},"modified":"2024-08-21T13:21:19","modified_gmt":"2024-08-21T11:21:19","slug":"el-general-espartero","status":"publish","type":"product","link":"https:\/\/letrame.com\/catalogo\/producto\/el-general-espartero\/","title":{"rendered":"El General Espartero"},"content":{"rendered":"<p class=\"p1\">ISBN: 978-84-1068-495-9<\/p>\n<p class=\"p1\">T\u00edtulo: El General Espartero<\/p>\n<p class=\"p1\">Fecha: 2024<\/p>\n<p class=\"p1\">P\u00e1ginas: 1016<\/p>\n<p class=\"p1\">SINOPSIS<\/p>\n<p>A pesar de su decisiva participaci\u00f3n en la historia pol\u00edtica y militar de Espa\u00f1a en los albores de la Edad Contempor\u00e1nea, la figura de Baldomero Espartero (1973-1879) sigue sin estudiarse con una atenci\u00f3n proporcional a su importancia. Hasta ahora no se dispon\u00eda de una biograf\u00eda completa y moderna del militar que negoci\u00f3 el fin de la Primera Guerra Carlista,\u00a0 fue regente y dos veces presidente del Consejo de Ministros.<\/p>\n<p>El objetivo de esta extensa biograf\u00eda no es aportar nuevos datos o tesis, ni quedarse en la mera descripci\u00f3n laudatoria de las haza\u00f1as de Espartero: mediante una exhaustiva revisi\u00f3n y s\u00edntesis de otras obras y numerosas fuentes historiogr\u00e1ficas, este monogr\u00e1fico pretende restaurar en el lugar que le corresponde en la historia al hombre de origen humilde que pudo incluso llegar a ser rey de Espa\u00f1a y rehus\u00f3 serlo.<\/p>\n","protected":false},"excerpt":{"rendered":"<p class=\"p1\">ISBN: 978-84-1068-495-9<\/p>\n<p class=\"p1\">SINOPSIS<\/p>\n<p>A pesar de su decisiva participaci\u00f3n en la historia pol\u00edtica y militar de Espa\u00f1a en los albores de la Edad Contempor\u00e1nea, la figura de Baldomero Espartero (1973-1879) sigue sin estudiarse con una atenci\u00f3n proporcional a su importancia. Hasta ahora no se dispon\u00eda de una biograf\u00eda completa y moderna del militar que negoci\u00f3 el fin de la Primera Guerra Carlista,\u00a0 fue regente y dos veces presidente del Consejo de Ministros.<\/p>\n<p>El objetivo de esta extensa biograf\u00eda no es aportar nuevos datos o tesis, ni quedarse en la mera descripci\u00f3n laudatoria de las haza\u00f1as de Espartero: mediante una exhaustiva revisi\u00f3n y s\u00edntesis de otras obras y numerosas fuentes historiogr\u00e1ficas, este monogr\u00e1fico pretende restaurar en el lugar que le corresponde en la historia al hombre de origen humilde que pudo incluso llegar a ser rey de Espa\u00f1a y rehus\u00f3 serlo.<\/p>\n","protected":false},"featured_media":105939,"comment_status":"open","ping_status":"closed","template":"","meta":{"_acf_changed":false},"libro":[],"product_brand":[],"product_cat":[62],"product_tag":[],"class_list":{"0":"post-105936","1":"product","2":"type-product","3":"status-publish","4":"has-post-thumbnail","6":"product_cat-historico","8":"first","9":"instock","10":"shipping-taxable","11":"product-type-simple"},"acf":{"autor":[105935],"enlace_de_compra":"https:\/\/www.fnac.es\/livre-numerique\/a11156368\/El-general-espartero"},"yoast_head":"<!-- This site is optimized with the Yoast SEO plugin v27.4 - https:\/\/yoast.com\/product\/yoast-seo-wordpress\/ -->\n<title>El General Espartero - Catalogo | Letrame Grupo Editorial<\/title>\n<meta name=\"robots\" content=\"index, follow, max-snippet:-1, max-image-preview:large, max-video-preview:-1\" \/>\n<link rel=\"canonical\" href=\"https:\/\/letrame.com\/catalogo\/producto\/el-general-espartero\/\" \/>\n<meta property=\"og:locale\" content=\"es_ES\" \/>\n<meta property=\"og:type\" content=\"article\" \/>\n<meta property=\"og:title\" content=\"El General Espartero - Catalogo | Letrame Grupo Editorial\" \/>\n<meta property=\"og:description\" content=\"ISBN: 978-84-1068-495-9 SINOPSIS A pesar de su decisiva participaci\u00f3n en la historia pol\u00edtica y militar de Espa\u00f1a en los albores de la Edad Contempor\u00e1nea, la figura de Baldomero Espartero (1973-1879) sigue sin estudiarse con una atenci\u00f3n proporcional a su importancia. Hasta ahora no se dispon\u00eda de una biograf\u00eda completa y moderna del militar que negoci\u00f3 el fin de la Primera Guerra Carlista,\u00a0 fue regente y dos veces presidente del Consejo de Ministros.  El objetivo de esta extensa biograf\u00eda no es aportar nuevos datos o tesis, ni quedarse en la mera descripci\u00f3n laudatoria de las haza\u00f1as de Espartero: mediante una exhaustiva revisi\u00f3n y s\u00edntesis de otras obras y numerosas fuentes historiogr\u00e1ficas, este monogr\u00e1fico pretende restaurar en el lugar que le corresponde en la historia al hombre de origen humilde que pudo incluso llegar a ser rey de Espa\u00f1a y rehus\u00f3 serlo.\" \/>\n<meta property=\"og:url\" content=\"https:\/\/letrame.com\/catalogo\/producto\/el-general-espartero\/\" \/>\n<meta property=\"og:site_name\" content=\"Catalogo | Letrame Grupo Editorial\" \/>\n<meta property=\"og:image\" content=\"https:\/\/letrame.com\/catalogo\/wp-content\/uploads\/2024\/08\/elgeneralespartero_4797mm4-compressed-scaled.jpg\" \/>\n\t<meta property=\"og:image:width\" content=\"1813\" \/>\n\t<meta property=\"og:image:height\" content=\"2560\" \/>\n\t<meta property=\"og:image:type\" content=\"image\/jpeg\" \/>\n<meta name=\"twitter:card\" content=\"summary_large_image\" \/>\n<meta name=\"twitter:label1\" content=\"Tiempo de lectura\" \/>\n\t<meta name=\"twitter:data1\" content=\"1 minuto\" \/>\n<script type=\"application\/ld+json\" class=\"yoast-schema-graph\">{\"@context\":\"https:\\\/\\\/schema.org\",\"@graph\":[{\"@type\":\"WebPage\",\"@id\":\"https:\\\/\\\/letrame.com\\\/catalogo\\\/producto\\\/el-general-espartero\\\/\",\"url\":\"https:\\\/\\\/letrame.com\\\/catalogo\\\/producto\\\/el-general-espartero\\\/\",\"name\":\"El General Espartero - Catalogo | Letrame Grupo Editorial\",\"isPartOf\":{\"@id\":\"https:\\\/\\\/letrame.com\\\/catalogo\\\/#website\"},\"primaryImageOfPage\":{\"@id\":\"https:\\\/\\\/letrame.com\\\/catalogo\\\/producto\\\/el-general-espartero\\\/#primaryimage\"},\"image\":{\"@id\":\"https:\\\/\\\/letrame.com\\\/catalogo\\\/producto\\\/el-general-espartero\\\/#primaryimage\"},\"thumbnailUrl\":\"https:\\\/\\\/letrame.com\\\/catalogo\\\/wp-content\\\/uploads\\\/2024\\\/08\\\/elgeneralespartero_4797mm4-compressed-scaled.jpg\",\"datePublished\":\"2024-08-21T11:21:19+00:00\",\"breadcrumb\":{\"@id\":\"https:\\\/\\\/letrame.com\\\/catalogo\\\/producto\\\/el-general-espartero\\\/#breadcrumb\"},\"inLanguage\":\"es\",\"potentialAction\":[{\"@type\":\"ReadAction\",\"target\":[\"https:\\\/\\\/letrame.com\\\/catalogo\\\/producto\\\/el-general-espartero\\\/\"]}]},{\"@type\":\"ImageObject\",\"inLanguage\":\"es\",\"@id\":\"https:\\\/\\\/letrame.com\\\/catalogo\\\/producto\\\/el-general-espartero\\\/#primaryimage\",\"url\":\"https:\\\/\\\/letrame.com\\\/catalogo\\\/wp-content\\\/uploads\\\/2024\\\/08\\\/elgeneralespartero_4797mm4-compressed-scaled.jpg\",\"contentUrl\":\"https:\\\/\\\/letrame.com\\\/catalogo\\\/wp-content\\\/uploads\\\/2024\\\/08\\\/elgeneralespartero_4797mm4-compressed-scaled.jpg\",\"width\":1813,\"height\":2560},{\"@type\":\"BreadcrumbList\",\"@id\":\"https:\\\/\\\/letrame.com\\\/catalogo\\\/producto\\\/el-general-espartero\\\/#breadcrumb\",\"itemListElement\":[{\"@type\":\"ListItem\",\"position\":1,\"name\":\"Portada\",\"item\":\"https:\\\/\\\/letrame.com\\\/catalogo\\\/\"},{\"@type\":\"ListItem\",\"position\":2,\"name\":\"Cat\u00e1logo\",\"item\":\"https:\\\/\\\/letrame.com\\\/catalogo\\\/\"},{\"@type\":\"ListItem\",\"position\":3,\"name\":\"El General Espartero\"}]},{\"@type\":\"WebSite\",\"@id\":\"https:\\\/\\\/letrame.com\\\/catalogo\\\/#website\",\"url\":\"https:\\\/\\\/letrame.com\\\/catalogo\\\/\",\"name\":\"Catalogo | Letrame Grupo Editorial\",\"description\":\"\",\"publisher\":{\"@id\":\"https:\\\/\\\/letrame.com\\\/catalogo\\\/#organization\"},\"potentialAction\":[{\"@type\":\"SearchAction\",\"target\":{\"@type\":\"EntryPoint\",\"urlTemplate\":\"https:\\\/\\\/letrame.com\\\/catalogo\\\/?s={search_term_string}\"},\"query-input\":{\"@type\":\"PropertyValueSpecification\",\"valueRequired\":true,\"valueName\":\"search_term_string\"}}],\"inLanguage\":\"es\"},{\"@type\":\"Organization\",\"@id\":\"https:\\\/\\\/letrame.com\\\/catalogo\\\/#organization\",\"name\":\"Catalogo | Letrame Grupo Editorial\",\"url\":\"https:\\\/\\\/letrame.com\\\/catalogo\\\/\",\"logo\":{\"@type\":\"ImageObject\",\"inLanguage\":\"es\",\"@id\":\"https:\\\/\\\/letrame.com\\\/catalogo\\\/#\\\/schema\\\/logo\\\/image\\\/\",\"url\":\"https:\\\/\\\/letrame.com\\\/catalogo\\\/wp-content\\\/uploads\\\/2024\\\/03\\\/logo2.webp\",\"contentUrl\":\"https:\\\/\\\/letrame.com\\\/catalogo\\\/wp-content\\\/uploads\\\/2024\\\/03\\\/logo2.webp\",\"width\":394,\"height\":128,\"caption\":\"Catalogo | Letrame Grupo Editorial\"},\"image\":{\"@id\":\"https:\\\/\\\/letrame.com\\\/catalogo\\\/#\\\/schema\\\/logo\\\/image\\\/\"}}]}<\/script>\n<!-- \/ Yoast SEO plugin. -->","yoast_head_json":{"title":"El General Espartero - Catalogo | Letrame Grupo Editorial","robots":{"index":"index","follow":"follow","max-snippet":"max-snippet:-1","max-image-preview":"max-image-preview:large","max-video-preview":"max-video-preview:-1"},"canonical":"https:\/\/letrame.com\/catalogo\/producto\/el-general-espartero\/","og_locale":"es_ES","og_type":"article","og_title":"El General Espartero - Catalogo | Letrame Grupo Editorial","og_description":"ISBN: 978-84-1068-495-9 SINOPSIS A pesar de su decisiva participaci\u00f3n en la historia pol\u00edtica y militar de Espa\u00f1a en los albores de la Edad Contempor\u00e1nea, la figura de Baldomero Espartero (1973-1879) sigue sin estudiarse con una atenci\u00f3n proporcional a su importancia. Hasta ahora no se dispon\u00eda de una biograf\u00eda completa y moderna del militar que negoci\u00f3 el fin de la Primera Guerra Carlista,\u00a0 fue regente y dos veces presidente del Consejo de Ministros.  El objetivo de esta extensa biograf\u00eda no es aportar nuevos datos o tesis, ni quedarse en la mera descripci\u00f3n laudatoria de las haza\u00f1as de Espartero: mediante una exhaustiva revisi\u00f3n y s\u00edntesis de otras obras y numerosas fuentes historiogr\u00e1ficas, este monogr\u00e1fico pretende restaurar en el lugar que le corresponde en la historia al hombre de origen humilde que pudo incluso llegar a ser rey de Espa\u00f1a y rehus\u00f3 serlo.","og_url":"https:\/\/letrame.com\/catalogo\/producto\/el-general-espartero\/","og_site_name":"Catalogo | Letrame Grupo Editorial","og_image":[{"width":1813,"height":2560,"url":"https:\/\/letrame.com\/catalogo\/wp-content\/uploads\/2024\/08\/elgeneralespartero_4797mm4-compressed-scaled.jpg","type":"image\/jpeg"}],"twitter_card":"summary_large_image","twitter_misc":{"Tiempo de lectura":"1 minuto"},"schema":{"@context":"https:\/\/schema.org","@graph":[{"@type":"WebPage","@id":"https:\/\/letrame.com\/catalogo\/producto\/el-general-espartero\/","url":"https:\/\/letrame.com\/catalogo\/producto\/el-general-espartero\/","name":"El General Espartero - Catalogo | Letrame Grupo Editorial","isPartOf":{"@id":"https:\/\/letrame.com\/catalogo\/#website"},"primaryImageOfPage":{"@id":"https:\/\/letrame.com\/catalogo\/producto\/el-general-espartero\/#primaryimage"},"image":{"@id":"https:\/\/letrame.com\/catalogo\/producto\/el-general-espartero\/#primaryimage"},"thumbnailUrl":"https:\/\/letrame.com\/catalogo\/wp-content\/uploads\/2024\/08\/elgeneralespartero_4797mm4-compressed-scaled.jpg","datePublished":"2024-08-21T11:21:19+00:00","breadcrumb":{"@id":"https:\/\/letrame.com\/catalogo\/producto\/el-general-espartero\/#breadcrumb"},"inLanguage":"es","potentialAction":[{"@type":"ReadAction","target":["https:\/\/letrame.com\/catalogo\/producto\/el-general-espartero\/"]}]},{"@type":"ImageObject","inLanguage":"es","@id":"https:\/\/letrame.com\/catalogo\/producto\/el-general-espartero\/#primaryimage","url":"https:\/\/letrame.com\/catalogo\/wp-content\/uploads\/2024\/08\/elgeneralespartero_4797mm4-compressed-scaled.jpg","contentUrl":"https:\/\/letrame.com\/catalogo\/wp-content\/uploads\/2024\/08\/elgeneralespartero_4797mm4-compressed-scaled.jpg","width":1813,"height":2560},{"@type":"BreadcrumbList","@id":"https:\/\/letrame.com\/catalogo\/producto\/el-general-espartero\/#breadcrumb","itemListElement":[{"@type":"ListItem","position":1,"name":"Portada","item":"https:\/\/letrame.com\/catalogo\/"},{"@type":"ListItem","position":2,"name":"Cat\u00e1logo","item":"https:\/\/letrame.com\/catalogo\/"},{"@type":"ListItem","position":3,"name":"El General Espartero"}]},{"@type":"WebSite","@id":"https:\/\/letrame.com\/catalogo\/#website","url":"https:\/\/letrame.com\/catalogo\/","name":"Catalogo | Letrame Grupo Editorial","description":"","publisher":{"@id":"https:\/\/letrame.com\/catalogo\/#organization"},"potentialAction":[{"@type":"SearchAction","target":{"@type":"EntryPoint","urlTemplate":"https:\/\/letrame.com\/catalogo\/?s={search_term_string}"},"query-input":{"@type":"PropertyValueSpecification","valueRequired":true,"valueName":"search_term_string"}}],"inLanguage":"es"},{"@type":"Organization","@id":"https:\/\/letrame.com\/catalogo\/#organization","name":"Catalogo | Letrame Grupo Editorial","url":"https:\/\/letrame.com\/catalogo\/","logo":{"@type":"ImageObject","inLanguage":"es","@id":"https:\/\/letrame.com\/catalogo\/#\/schema\/logo\/image\/","url":"https:\/\/letrame.com\/catalogo\/wp-content\/uploads\/2024\/03\/logo2.webp","contentUrl":"https:\/\/letrame.com\/catalogo\/wp-content\/uploads\/2024\/03\/logo2.webp","width":394,"height":128,"caption":"Catalogo | Letrame Grupo Editorial"},"image":{"@id":"https:\/\/letrame.com\/catalogo\/#\/schema\/logo\/image\/"}}]}},"_links":{"self":[{"href":"https:\/\/letrame.com\/catalogo\/wp-json\/wp\/v2\/product\/105936","targetHints":{"allow":["GET"]}}],"collection":[{"href":"https:\/\/letrame.com\/catalogo\/wp-json\/wp\/v2\/product"}],"about":[{"href":"https:\/\/letrame.com\/catalogo\/wp-json\/wp\/v2\/types\/product"}],"replies":[{"embeddable":true,"href":"https:\/\/letrame.com\/catalogo\/wp-json\/wp\/v2\/comments?post=105936"}],"acf:post":[{"embeddable":true,"href":"https:\/\/letrame.com\/catalogo\/wp-json\/wp\/v2\/author_book\/105935"}],"wp:featuredmedia":[{"embeddable":true,"href":"https:\/\/letrame.com\/catalogo\/wp-json\/wp\/v2\/media\/105939"}],"wp:attachment":[{"href":"https:\/\/letrame.com\/catalogo\/wp-json\/wp\/v2\/media?parent=105936"}],"wp:term":[{"taxonomy":"libro","embeddable":true,"href":"https:\/\/letrame.com\/catalogo\/wp-json\/wp\/v2\/libro?post=105936"},{"taxonomy":"product_brand","embeddable":true,"href":"https:\/\/letrame.com\/catalogo\/wp-json\/wp\/v2\/product_brand?post=105936"},{"taxonomy":"product_cat","embeddable":true,"href":"https:\/\/letrame.com\/catalogo\/wp-json\/wp\/v2\/product_cat?post=105936"},{"taxonomy":"product_tag","embeddable":true,"href":"https:\/\/letrame.com\/catalogo\/wp-json\/wp\/v2\/product_tag?post=105936"}],"curies":[{"name":"wp","href":"https:\/\/api.w.org\/{rel}","templated":true}]}}