{"id":105877,"date":"2024-08-21T09:34:30","date_gmt":"2024-08-21T07:34:30","guid":{"rendered":"https:\/\/letrame.com\/catalogo\/?post_type=product&#038;p=105877"},"modified":"2024-08-21T09:35:10","modified_gmt":"2024-08-21T07:35:10","slug":"a-cristo-por-quetzalcoatl","status":"publish","type":"product","link":"https:\/\/letrame.com\/catalogo\/producto\/a-cristo-por-quetzalcoatl\/","title":{"rendered":"A cristo por Quetzalc\u00f3atl"},"content":{"rendered":"<p class=\"p1\">ISBN:\u00a0978-84-1068-654-0<\/p>\n<p class=\"p1\">T\u00edtulo: A cristo por Quetzalc\u00f3atl<\/p>\n<p class=\"p1\">Fecha: 2024<\/p>\n<p class=\"p1\">P\u00e1ginas: 182<\/p>\n<p class=\"p1\">SINOPSIS<\/p>\n<p>Un libro dif\u00edcil\u2026 No te cuenta una historia ficticia, te acerca a tu mayor temor, t\u00fa mismo.<\/p>\n<p>Te invita a sacudirte, a seguir los pasos del autor y ponerte frente al espejo y reconocerte, a encararte contigo mismo y darte cuenta que eres fruto de tu historia y tu cultura y que en tus manos est\u00e1s.<\/p>\n<p>Para leer este libro, tienes que estar preparado para no volver a ser la misma persona, tienes que estar preparado para conocerte. No te apresures ni pienses que es f\u00e1cil, ya ver\u00e1s como no somos conscientes de nuestra naturaleza.<\/p>\n<p>Te dar\u00e1s cuenta, \u00a1si te atreves!, de que exist\u00edas mucho antes de lo que piensas y que est\u00e1s lleno de secretos.<\/p>\n<p>\u00bfVerdad que no sabes por qu\u00e9 piensas lo que piensas?<\/p>\n<p>\u00bfSabes por qu\u00e9 crees en lo que crees?<\/p>\n<p>\u00bfSabes que nos une como seres en el tiempo y espacio?<\/p>\n<p>\u00bfSabes que formas parte de un mundo interconectado?<\/p>\n<p>\u00bfSabes que tienes hermanos por todo el mundo?<\/p>\n<p>Este libro viene a sacarte del estado aletargado en el que est\u00e1s, a recordarte que puedes gobernar tu propio ser, investigando en tu interior y conectando con el todo.<\/p>\n<p>Te muestra un m\u00e9todo que te ayuda a ser capaz de percibirte, te muestra EL CAMINO en este VIAJE DE VIVIR.<\/p>\n<p>\u00a1Este no es un simple libro, es un recordatorio de que existes dentro de ti!<\/p>\n<p>&nbsp;<\/p>\n<p>Miyuki G\u00f3mez<\/p>\n","protected":false},"excerpt":{"rendered":"<p class=\"p1\">ISBN:\u00a0978-84-1068-654-0<\/p>\n<p class=\"p1\">SINOPSIS<\/p>\n<p>Un libro dif\u00edcil\u2026 No te cuenta una historia ficticia, te acerca a tu mayor temor, t\u00fa mismo.<\/p>\n<p>Te invita a sacudirte, a seguir los pasos del autor y ponerte frente al espejo y reconocerte, a encararte contigo mismo y darte cuenta que eres fruto de tu historia y tu cultura y que en tus manos est\u00e1s.<\/p>\n<p>Para leer este libro, tienes que estar preparado para no volver a ser la misma persona, tienes que estar preparado para conocerte. No te apresures ni pienses que es f\u00e1cil, ya ver\u00e1s como no somos conscientes de nuestra naturaleza.<\/p>\n<p>Te dar\u00e1s cuenta, \u00a1si te atreves!, de que exist\u00edas mucho antes de lo que piensas y que est\u00e1s lleno de secretos.<\/p>\n<p>\u00bfVerdad que no sabes por qu\u00e9 piensas lo que piensas?<\/p>\n<p>\u00bfSabes por qu\u00e9 crees en lo que crees?<\/p>\n<p>\u00bfSabes que nos une como seres en el tiempo y espacio?<\/p>\n<p>\u00bfSabes que formas parte de un mundo interconectado?<\/p>\n<p>\u00bfSabes que tienes hermanos por todo el mundo?<\/p>\n<p>Este libro viene a sacarte del estado aletargado en el que est\u00e1s, a recordarte que puedes gobernar tu propio ser, investigando en tu interior y conectando con el todo.<\/p>\n<p>Te muestra un m\u00e9todo que te ayuda a ser capaz de percibirte, te muestra EL CAMINO en este VIAJE DE VIVIR.<\/p>\n<p>\u00a1Este no es un simple libro, es un recordatorio de que existes dentro de ti!<\/p>\n<p>&nbsp;<\/p>\n<p>Miyuki G\u00f3mez<\/p>\n","protected":false},"featured_media":105880,"comment_status":"open","ping_status":"closed","template":"","meta":{"_acf_changed":false},"libro":[],"product_brand":[],"product_cat":[25],"product_tag":[],"class_list":{"0":"post-105877","1":"product","2":"type-product","3":"status-publish","4":"has-post-thumbnail","6":"product_cat-religion-y-espiritualidad","8":"first","9":"instock","10":"shipping-taxable","11":"product-type-simple"},"acf":{"autor":[77138],"enlace_de_compra":"https:\/\/amzn.to\/3SYUKxR"},"yoast_head":"<!-- This site is optimized with the Yoast SEO plugin v26.6 - https:\/\/yoast.com\/wordpress\/plugins\/seo\/ -->\n<title>A cristo por Quetzalc\u00f3atl - Catalogo | Letrame Grupo Editorial<\/title>\n<meta name=\"robots\" content=\"index, follow, max-snippet:-1, max-image-preview:large, max-video-preview:-1\" \/>\n<link rel=\"canonical\" href=\"https:\/\/letrame.com\/catalogo\/producto\/a-cristo-por-quetzalcoatl\/\" \/>\n<meta property=\"og:locale\" content=\"es_ES\" \/>\n<meta property=\"og:type\" content=\"article\" \/>\n<meta property=\"og:title\" content=\"A cristo por Quetzalc\u00f3atl - Catalogo | Letrame Grupo Editorial\" \/>\n<meta property=\"og:description\" content=\"ISBN:\u00a0978-84-1068-654-0 SINOPSIS Un libro dif\u00edcil\u2026 No te cuenta una historia ficticia, te acerca a tu mayor temor, t\u00fa mismo.  Te invita a sacudirte, a seguir los pasos del autor y ponerte frente al espejo y reconocerte, a encararte contigo mismo y darte cuenta que eres fruto de tu historia y tu cultura y que en tus manos est\u00e1s.  Para leer este libro, tienes que estar preparado para no volver a ser la misma persona, tienes que estar preparado para conocerte. No te apresures ni pienses que es f\u00e1cil, ya ver\u00e1s como no somos conscientes de nuestra naturaleza.  Te dar\u00e1s cuenta, \u00a1si te atreves!, de que exist\u00edas mucho antes de lo que piensas y que est\u00e1s lleno de secretos.  \u00bfVerdad que no sabes por qu\u00e9 piensas lo que piensas?  \u00bfSabes por qu\u00e9 crees en lo que crees?  \u00bfSabes que nos une como seres en el tiempo y espacio?  \u00bfSabes que formas parte de un mundo interconectado?  \u00bfSabes que tienes hermanos por todo el mundo?  Este libro viene a sacarte del estado aletargado en el que est\u00e1s, a recordarte que puedes gobernar tu propio ser, investigando en tu interior y conectando con el todo.  Te muestra un m\u00e9todo que te ayuda a ser capaz de percibirte, te muestra EL CAMINO en este VIAJE DE VIVIR.  \u00a1Este no es un simple libro, es un recordatorio de que existes dentro de ti!  &nbsp;  Miyuki G\u00f3mez\" \/>\n<meta property=\"og:url\" content=\"https:\/\/letrame.com\/catalogo\/producto\/a-cristo-por-quetzalcoatl\/\" \/>\n<meta property=\"og:site_name\" content=\"Catalogo | Letrame Grupo Editorial\" \/>\n<meta property=\"article:modified_time\" content=\"2024-08-21T07:35:10+00:00\" \/>\n<meta property=\"og:image\" content=\"https:\/\/letrame.com\/catalogo\/wp-content\/uploads\/2024\/08\/acristopor_947mm4-compressed-scaled.jpg\" \/>\n\t<meta property=\"og:image:width\" content=\"1746\" \/>\n\t<meta property=\"og:image:height\" content=\"2560\" \/>\n\t<meta property=\"og:image:type\" content=\"image\/jpeg\" \/>\n<meta name=\"twitter:card\" content=\"summary_large_image\" \/>\n<meta name=\"twitter:label1\" content=\"Tiempo de lectura\" \/>\n\t<meta name=\"twitter:data1\" content=\"2 minutos\" \/>\n<script type=\"application\/ld+json\" class=\"yoast-schema-graph\">{\"@context\":\"https:\/\/schema.org\",\"@graph\":[{\"@type\":\"WebPage\",\"@id\":\"https:\/\/letrame.com\/catalogo\/producto\/a-cristo-por-quetzalcoatl\/\",\"url\":\"https:\/\/letrame.com\/catalogo\/producto\/a-cristo-por-quetzalcoatl\/\",\"name\":\"A cristo por Quetzalc\u00f3atl - Catalogo | Letrame Grupo Editorial\",\"isPartOf\":{\"@id\":\"https:\/\/letrame.com\/catalogo\/#website\"},\"primaryImageOfPage\":{\"@id\":\"https:\/\/letrame.com\/catalogo\/producto\/a-cristo-por-quetzalcoatl\/#primaryimage\"},\"image\":{\"@id\":\"https:\/\/letrame.com\/catalogo\/producto\/a-cristo-por-quetzalcoatl\/#primaryimage\"},\"thumbnailUrl\":\"https:\/\/letrame.com\/catalogo\/wp-content\/uploads\/2024\/08\/acristopor_947mm4-compressed-scaled.jpg\",\"datePublished\":\"2024-08-21T07:34:30+00:00\",\"dateModified\":\"2024-08-21T07:35:10+00:00\",\"breadcrumb\":{\"@id\":\"https:\/\/letrame.com\/catalogo\/producto\/a-cristo-por-quetzalcoatl\/#breadcrumb\"},\"inLanguage\":\"es\",\"potentialAction\":[{\"@type\":\"ReadAction\",\"target\":[\"https:\/\/letrame.com\/catalogo\/producto\/a-cristo-por-quetzalcoatl\/\"]}]},{\"@type\":\"ImageObject\",\"inLanguage\":\"es\",\"@id\":\"https:\/\/letrame.com\/catalogo\/producto\/a-cristo-por-quetzalcoatl\/#primaryimage\",\"url\":\"https:\/\/letrame.com\/catalogo\/wp-content\/uploads\/2024\/08\/acristopor_947mm4-compressed-scaled.jpg\",\"contentUrl\":\"https:\/\/letrame.com\/catalogo\/wp-content\/uploads\/2024\/08\/acristopor_947mm4-compressed-scaled.jpg\",\"width\":1746,\"height\":2560},{\"@type\":\"BreadcrumbList\",\"@id\":\"https:\/\/letrame.com\/catalogo\/producto\/a-cristo-por-quetzalcoatl\/#breadcrumb\",\"itemListElement\":[{\"@type\":\"ListItem\",\"position\":1,\"name\":\"Portada\",\"item\":\"https:\/\/letrame.com\/catalogo\/\"},{\"@type\":\"ListItem\",\"position\":2,\"name\":\"Cat\u00e1logo\",\"item\":\"https:\/\/letrame.com\/catalogo\/\"},{\"@type\":\"ListItem\",\"position\":3,\"name\":\"A cristo por Quetzalc\u00f3atl\"}]},{\"@type\":\"WebSite\",\"@id\":\"https:\/\/letrame.com\/catalogo\/#website\",\"url\":\"https:\/\/letrame.com\/catalogo\/\",\"name\":\"Catalogo | Letrame Grupo Editorial\",\"description\":\"\",\"publisher\":{\"@id\":\"https:\/\/letrame.com\/catalogo\/#organization\"},\"potentialAction\":[{\"@type\":\"SearchAction\",\"target\":{\"@type\":\"EntryPoint\",\"urlTemplate\":\"https:\/\/letrame.com\/catalogo\/?s={search_term_string}\"},\"query-input\":{\"@type\":\"PropertyValueSpecification\",\"valueRequired\":true,\"valueName\":\"search_term_string\"}}],\"inLanguage\":\"es\"},{\"@type\":\"Organization\",\"@id\":\"https:\/\/letrame.com\/catalogo\/#organization\",\"name\":\"Catalogo | Letrame Grupo Editorial\",\"url\":\"https:\/\/letrame.com\/catalogo\/\",\"logo\":{\"@type\":\"ImageObject\",\"inLanguage\":\"es\",\"@id\":\"https:\/\/letrame.com\/catalogo\/#\/schema\/logo\/image\/\",\"url\":\"https:\/\/letrame.com\/catalogo\/wp-content\/uploads\/2024\/03\/logo2.webp\",\"contentUrl\":\"https:\/\/letrame.com\/catalogo\/wp-content\/uploads\/2024\/03\/logo2.webp\",\"width\":394,\"height\":128,\"caption\":\"Catalogo | Letrame Grupo Editorial\"},\"image\":{\"@id\":\"https:\/\/letrame.com\/catalogo\/#\/schema\/logo\/image\/\"}}]}<\/script>\n<!-- \/ Yoast SEO plugin. -->","yoast_head_json":{"title":"A cristo por Quetzalc\u00f3atl - Catalogo | Letrame Grupo Editorial","robots":{"index":"index","follow":"follow","max-snippet":"max-snippet:-1","max-image-preview":"max-image-preview:large","max-video-preview":"max-video-preview:-1"},"canonical":"https:\/\/letrame.com\/catalogo\/producto\/a-cristo-por-quetzalcoatl\/","og_locale":"es_ES","og_type":"article","og_title":"A cristo por Quetzalc\u00f3atl - Catalogo | Letrame Grupo Editorial","og_description":"ISBN:\u00a0978-84-1068-654-0 SINOPSIS Un libro dif\u00edcil\u2026 No te cuenta una historia ficticia, te acerca a tu mayor temor, t\u00fa mismo.  Te invita a sacudirte, a seguir los pasos del autor y ponerte frente al espejo y reconocerte, a encararte contigo mismo y darte cuenta que eres fruto de tu historia y tu cultura y que en tus manos est\u00e1s.  Para leer este libro, tienes que estar preparado para no volver a ser la misma persona, tienes que estar preparado para conocerte. No te apresures ni pienses que es f\u00e1cil, ya ver\u00e1s como no somos conscientes de nuestra naturaleza.  Te dar\u00e1s cuenta, \u00a1si te atreves!, de que exist\u00edas mucho antes de lo que piensas y que est\u00e1s lleno de secretos.  \u00bfVerdad que no sabes por qu\u00e9 piensas lo que piensas?  \u00bfSabes por qu\u00e9 crees en lo que crees?  \u00bfSabes que nos une como seres en el tiempo y espacio?  \u00bfSabes que formas parte de un mundo interconectado?  \u00bfSabes que tienes hermanos por todo el mundo?  Este libro viene a sacarte del estado aletargado en el que est\u00e1s, a recordarte que puedes gobernar tu propio ser, investigando en tu interior y conectando con el todo.  Te muestra un m\u00e9todo que te ayuda a ser capaz de percibirte, te muestra EL CAMINO en este VIAJE DE VIVIR.  \u00a1Este no es un simple libro, es un recordatorio de que existes dentro de ti!  &nbsp;  Miyuki G\u00f3mez","og_url":"https:\/\/letrame.com\/catalogo\/producto\/a-cristo-por-quetzalcoatl\/","og_site_name":"Catalogo | Letrame Grupo Editorial","article_modified_time":"2024-08-21T07:35:10+00:00","og_image":[{"width":1746,"height":2560,"url":"https:\/\/letrame.com\/catalogo\/wp-content\/uploads\/2024\/08\/acristopor_947mm4-compressed-scaled.jpg","type":"image\/jpeg"}],"twitter_card":"summary_large_image","twitter_misc":{"Tiempo de lectura":"2 minutos"},"schema":{"@context":"https:\/\/schema.org","@graph":[{"@type":"WebPage","@id":"https:\/\/letrame.com\/catalogo\/producto\/a-cristo-por-quetzalcoatl\/","url":"https:\/\/letrame.com\/catalogo\/producto\/a-cristo-por-quetzalcoatl\/","name":"A cristo por Quetzalc\u00f3atl - Catalogo | Letrame Grupo Editorial","isPartOf":{"@id":"https:\/\/letrame.com\/catalogo\/#website"},"primaryImageOfPage":{"@id":"https:\/\/letrame.com\/catalogo\/producto\/a-cristo-por-quetzalcoatl\/#primaryimage"},"image":{"@id":"https:\/\/letrame.com\/catalogo\/producto\/a-cristo-por-quetzalcoatl\/#primaryimage"},"thumbnailUrl":"https:\/\/letrame.com\/catalogo\/wp-content\/uploads\/2024\/08\/acristopor_947mm4-compressed-scaled.jpg","datePublished":"2024-08-21T07:34:30+00:00","dateModified":"2024-08-21T07:35:10+00:00","breadcrumb":{"@id":"https:\/\/letrame.com\/catalogo\/producto\/a-cristo-por-quetzalcoatl\/#breadcrumb"},"inLanguage":"es","potentialAction":[{"@type":"ReadAction","target":["https:\/\/letrame.com\/catalogo\/producto\/a-cristo-por-quetzalcoatl\/"]}]},{"@type":"ImageObject","inLanguage":"es","@id":"https:\/\/letrame.com\/catalogo\/producto\/a-cristo-por-quetzalcoatl\/#primaryimage","url":"https:\/\/letrame.com\/catalogo\/wp-content\/uploads\/2024\/08\/acristopor_947mm4-compressed-scaled.jpg","contentUrl":"https:\/\/letrame.com\/catalogo\/wp-content\/uploads\/2024\/08\/acristopor_947mm4-compressed-scaled.jpg","width":1746,"height":2560},{"@type":"BreadcrumbList","@id":"https:\/\/letrame.com\/catalogo\/producto\/a-cristo-por-quetzalcoatl\/#breadcrumb","itemListElement":[{"@type":"ListItem","position":1,"name":"Portada","item":"https:\/\/letrame.com\/catalogo\/"},{"@type":"ListItem","position":2,"name":"Cat\u00e1logo","item":"https:\/\/letrame.com\/catalogo\/"},{"@type":"ListItem","position":3,"name":"A cristo por Quetzalc\u00f3atl"}]},{"@type":"WebSite","@id":"https:\/\/letrame.com\/catalogo\/#website","url":"https:\/\/letrame.com\/catalogo\/","name":"Catalogo | Letrame Grupo Editorial","description":"","publisher":{"@id":"https:\/\/letrame.com\/catalogo\/#organization"},"potentialAction":[{"@type":"SearchAction","target":{"@type":"EntryPoint","urlTemplate":"https:\/\/letrame.com\/catalogo\/?s={search_term_string}"},"query-input":{"@type":"PropertyValueSpecification","valueRequired":true,"valueName":"search_term_string"}}],"inLanguage":"es"},{"@type":"Organization","@id":"https:\/\/letrame.com\/catalogo\/#organization","name":"Catalogo | Letrame Grupo Editorial","url":"https:\/\/letrame.com\/catalogo\/","logo":{"@type":"ImageObject","inLanguage":"es","@id":"https:\/\/letrame.com\/catalogo\/#\/schema\/logo\/image\/","url":"https:\/\/letrame.com\/catalogo\/wp-content\/uploads\/2024\/03\/logo2.webp","contentUrl":"https:\/\/letrame.com\/catalogo\/wp-content\/uploads\/2024\/03\/logo2.webp","width":394,"height":128,"caption":"Catalogo | Letrame Grupo Editorial"},"image":{"@id":"https:\/\/letrame.com\/catalogo\/#\/schema\/logo\/image\/"}}]}},"_links":{"self":[{"href":"https:\/\/letrame.com\/catalogo\/wp-json\/wp\/v2\/product\/105877","targetHints":{"allow":["GET"]}}],"collection":[{"href":"https:\/\/letrame.com\/catalogo\/wp-json\/wp\/v2\/product"}],"about":[{"href":"https:\/\/letrame.com\/catalogo\/wp-json\/wp\/v2\/types\/product"}],"replies":[{"embeddable":true,"href":"https:\/\/letrame.com\/catalogo\/wp-json\/wp\/v2\/comments?post=105877"}],"acf:post":[{"embeddable":true,"href":"https:\/\/letrame.com\/catalogo\/wp-json\/wp\/v2\/author_book\/77138"}],"wp:featuredmedia":[{"embeddable":true,"href":"https:\/\/letrame.com\/catalogo\/wp-json\/wp\/v2\/media\/105880"}],"wp:attachment":[{"href":"https:\/\/letrame.com\/catalogo\/wp-json\/wp\/v2\/media?parent=105877"}],"wp:term":[{"taxonomy":"libro","embeddable":true,"href":"https:\/\/letrame.com\/catalogo\/wp-json\/wp\/v2\/libro?post=105877"},{"taxonomy":"product_brand","embeddable":true,"href":"https:\/\/letrame.com\/catalogo\/wp-json\/wp\/v2\/product_brand?post=105877"},{"taxonomy":"product_cat","embeddable":true,"href":"https:\/\/letrame.com\/catalogo\/wp-json\/wp\/v2\/product_cat?post=105877"},{"taxonomy":"product_tag","embeddable":true,"href":"https:\/\/letrame.com\/catalogo\/wp-json\/wp\/v2\/product_tag?post=105877"}],"curies":[{"name":"wp","href":"https:\/\/api.w.org\/{rel}","templated":true}]}}