{"id":105865,"date":"2024-08-21T09:19:18","date_gmt":"2024-08-21T07:19:18","guid":{"rendered":"https:\/\/letrame.com\/catalogo\/?post_type=product&#038;p=105865"},"modified":"2024-08-21T09:19:19","modified_gmt":"2024-08-21T07:19:19","slug":"el-secreto-de-luna-y-mishi","status":"publish","type":"product","link":"https:\/\/letrame.com\/catalogo\/producto\/el-secreto-de-luna-y-mishi\/","title":{"rendered":"El secreto de Luna y Mishi"},"content":{"rendered":"<p class=\"p1\">ISBN: 978-84-1068-693-9<\/p>\n<p class=\"p1\">T\u00edtulo: El secreto de Luna y Mishi<\/p>\n<p class=\"p1\">Fecha: 2024<\/p>\n<p class=\"p1\">P\u00e1ginas:\u00a0 76<\/p>\n<p class=\"p1\">SINOPSIS<\/p>\n<p>Acompa\u00f1a a Luna y su amigo Mishi en un viaje m\u00e1gico y educativo a trav\u00e9s de las emociones. Descubre c\u00f3mo manejar la tristeza, la ira, el miedo y la alegr\u00eda con herramientas sencillas y pr\u00e1cticas. Un cuento entra\u00f1able para ni\u00f1os y padres que desean explorar el mundo de las emociones juntos.<\/p>\n","protected":false},"excerpt":{"rendered":"<p class=\"p1\">ISBN: 978-84-1068-693-9<\/p>\n<p class=\"p1\">SINOPSIS<\/p>\n<p>Acompa\u00f1a a Luna y su amigo Mishi en un viaje m\u00e1gico y educativo a trav\u00e9s de las emociones. Descubre c\u00f3mo manejar la tristeza, la ira, el miedo y la alegr\u00eda con herramientas sencillas y pr\u00e1cticas. Un cuento entra\u00f1able para ni\u00f1os y padres que desean explorar el mundo de las emociones juntos.<\/p>\n","protected":false},"featured_media":105868,"comment_status":"open","ping_status":"closed","template":"","meta":{"_acf_changed":false},"libro":[],"product_brand":[],"product_cat":[17],"product_tag":[],"class_list":{"0":"post-105865","1":"product","2":"type-product","3":"status-publish","4":"has-post-thumbnail","6":"product_cat-infantil","8":"first","9":"instock","10":"shipping-taxable","11":"product-type-simple"},"acf":{"autor":[105864],"enlace_de_compra":"https:\/\/amzn.to\/3ST1q0D"},"yoast_head":"<!-- This site is optimized with the Yoast SEO plugin v26.6 - https:\/\/yoast.com\/wordpress\/plugins\/seo\/ -->\n<title>El secreto de Luna y Mishi - Catalogo | Letrame Grupo Editorial<\/title>\n<meta name=\"robots\" content=\"index, follow, max-snippet:-1, max-image-preview:large, max-video-preview:-1\" \/>\n<link rel=\"canonical\" href=\"https:\/\/letrame.com\/catalogo\/producto\/el-secreto-de-luna-y-mishi\/\" \/>\n<meta property=\"og:locale\" content=\"es_ES\" \/>\n<meta property=\"og:type\" content=\"article\" \/>\n<meta property=\"og:title\" content=\"El secreto de Luna y Mishi - Catalogo | Letrame Grupo Editorial\" \/>\n<meta property=\"og:description\" content=\"ISBN: 978-84-1068-693-9 SINOPSIS Acompa\u00f1a a Luna y su amigo Mishi en un viaje m\u00e1gico y educativo a trav\u00e9s de las emociones. Descubre c\u00f3mo manejar la tristeza, la ira, el miedo y la alegr\u00eda con herramientas sencillas y pr\u00e1cticas. Un cuento entra\u00f1able para ni\u00f1os y padres que desean explorar el mundo de las emociones juntos.\" \/>\n<meta property=\"og:url\" content=\"https:\/\/letrame.com\/catalogo\/producto\/el-secreto-de-luna-y-mishi\/\" \/>\n<meta property=\"og:site_name\" content=\"Catalogo | Letrame Grupo Editorial\" \/>\n<meta property=\"article:modified_time\" content=\"2024-08-21T07:19:19+00:00\" \/>\n<meta property=\"og:image\" content=\"https:\/\/letrame.com\/catalogo\/wp-content\/uploads\/2024\/08\/elsecretodeluna_635mm4-compressed.jpg\" \/>\n\t<meta property=\"og:image:width\" content=\"1476\" \/>\n\t<meta property=\"og:image:height\" content=\"2244\" \/>\n\t<meta property=\"og:image:type\" content=\"image\/jpeg\" \/>\n<meta name=\"twitter:card\" content=\"summary_large_image\" \/>\n<meta name=\"twitter:label1\" content=\"Tiempo de lectura\" \/>\n\t<meta name=\"twitter:data1\" content=\"1 minuto\" \/>\n<script type=\"application\/ld+json\" class=\"yoast-schema-graph\">{\"@context\":\"https:\/\/schema.org\",\"@graph\":[{\"@type\":\"WebPage\",\"@id\":\"https:\/\/letrame.com\/catalogo\/producto\/el-secreto-de-luna-y-mishi\/\",\"url\":\"https:\/\/letrame.com\/catalogo\/producto\/el-secreto-de-luna-y-mishi\/\",\"name\":\"El secreto de Luna y Mishi - Catalogo | Letrame Grupo Editorial\",\"isPartOf\":{\"@id\":\"https:\/\/letrame.com\/catalogo\/#website\"},\"primaryImageOfPage\":{\"@id\":\"https:\/\/letrame.com\/catalogo\/producto\/el-secreto-de-luna-y-mishi\/#primaryimage\"},\"image\":{\"@id\":\"https:\/\/letrame.com\/catalogo\/producto\/el-secreto-de-luna-y-mishi\/#primaryimage\"},\"thumbnailUrl\":\"https:\/\/letrame.com\/catalogo\/wp-content\/uploads\/2024\/08\/elsecretodeluna_635mm4-compressed.jpg\",\"datePublished\":\"2024-08-21T07:19:18+00:00\",\"dateModified\":\"2024-08-21T07:19:19+00:00\",\"breadcrumb\":{\"@id\":\"https:\/\/letrame.com\/catalogo\/producto\/el-secreto-de-luna-y-mishi\/#breadcrumb\"},\"inLanguage\":\"es\",\"potentialAction\":[{\"@type\":\"ReadAction\",\"target\":[\"https:\/\/letrame.com\/catalogo\/producto\/el-secreto-de-luna-y-mishi\/\"]}]},{\"@type\":\"ImageObject\",\"inLanguage\":\"es\",\"@id\":\"https:\/\/letrame.com\/catalogo\/producto\/el-secreto-de-luna-y-mishi\/#primaryimage\",\"url\":\"https:\/\/letrame.com\/catalogo\/wp-content\/uploads\/2024\/08\/elsecretodeluna_635mm4-compressed.jpg\",\"contentUrl\":\"https:\/\/letrame.com\/catalogo\/wp-content\/uploads\/2024\/08\/elsecretodeluna_635mm4-compressed.jpg\",\"width\":1476,\"height\":2244},{\"@type\":\"BreadcrumbList\",\"@id\":\"https:\/\/letrame.com\/catalogo\/producto\/el-secreto-de-luna-y-mishi\/#breadcrumb\",\"itemListElement\":[{\"@type\":\"ListItem\",\"position\":1,\"name\":\"Portada\",\"item\":\"https:\/\/letrame.com\/catalogo\/\"},{\"@type\":\"ListItem\",\"position\":2,\"name\":\"Cat\u00e1logo\",\"item\":\"https:\/\/letrame.com\/catalogo\/\"},{\"@type\":\"ListItem\",\"position\":3,\"name\":\"El secreto de Luna y Mishi\"}]},{\"@type\":\"WebSite\",\"@id\":\"https:\/\/letrame.com\/catalogo\/#website\",\"url\":\"https:\/\/letrame.com\/catalogo\/\",\"name\":\"Catalogo | Letrame Grupo Editorial\",\"description\":\"\",\"publisher\":{\"@id\":\"https:\/\/letrame.com\/catalogo\/#organization\"},\"potentialAction\":[{\"@type\":\"SearchAction\",\"target\":{\"@type\":\"EntryPoint\",\"urlTemplate\":\"https:\/\/letrame.com\/catalogo\/?s={search_term_string}\"},\"query-input\":{\"@type\":\"PropertyValueSpecification\",\"valueRequired\":true,\"valueName\":\"search_term_string\"}}],\"inLanguage\":\"es\"},{\"@type\":\"Organization\",\"@id\":\"https:\/\/letrame.com\/catalogo\/#organization\",\"name\":\"Catalogo | Letrame Grupo Editorial\",\"url\":\"https:\/\/letrame.com\/catalogo\/\",\"logo\":{\"@type\":\"ImageObject\",\"inLanguage\":\"es\",\"@id\":\"https:\/\/letrame.com\/catalogo\/#\/schema\/logo\/image\/\",\"url\":\"https:\/\/letrame.com\/catalogo\/wp-content\/uploads\/2024\/03\/logo2.webp\",\"contentUrl\":\"https:\/\/letrame.com\/catalogo\/wp-content\/uploads\/2024\/03\/logo2.webp\",\"width\":394,\"height\":128,\"caption\":\"Catalogo | Letrame Grupo Editorial\"},\"image\":{\"@id\":\"https:\/\/letrame.com\/catalogo\/#\/schema\/logo\/image\/\"}}]}<\/script>\n<!-- \/ Yoast SEO plugin. -->","yoast_head_json":{"title":"El secreto de Luna y Mishi - Catalogo | Letrame Grupo Editorial","robots":{"index":"index","follow":"follow","max-snippet":"max-snippet:-1","max-image-preview":"max-image-preview:large","max-video-preview":"max-video-preview:-1"},"canonical":"https:\/\/letrame.com\/catalogo\/producto\/el-secreto-de-luna-y-mishi\/","og_locale":"es_ES","og_type":"article","og_title":"El secreto de Luna y Mishi - Catalogo | Letrame Grupo Editorial","og_description":"ISBN: 978-84-1068-693-9 SINOPSIS Acompa\u00f1a a Luna y su amigo Mishi en un viaje m\u00e1gico y educativo a trav\u00e9s de las emociones. Descubre c\u00f3mo manejar la tristeza, la ira, el miedo y la alegr\u00eda con herramientas sencillas y pr\u00e1cticas. Un cuento entra\u00f1able para ni\u00f1os y padres que desean explorar el mundo de las emociones juntos.","og_url":"https:\/\/letrame.com\/catalogo\/producto\/el-secreto-de-luna-y-mishi\/","og_site_name":"Catalogo | Letrame Grupo Editorial","article_modified_time":"2024-08-21T07:19:19+00:00","og_image":[{"width":1476,"height":2244,"url":"https:\/\/letrame.com\/catalogo\/wp-content\/uploads\/2024\/08\/elsecretodeluna_635mm4-compressed.jpg","type":"image\/jpeg"}],"twitter_card":"summary_large_image","twitter_misc":{"Tiempo de lectura":"1 minuto"},"schema":{"@context":"https:\/\/schema.org","@graph":[{"@type":"WebPage","@id":"https:\/\/letrame.com\/catalogo\/producto\/el-secreto-de-luna-y-mishi\/","url":"https:\/\/letrame.com\/catalogo\/producto\/el-secreto-de-luna-y-mishi\/","name":"El secreto de Luna y Mishi - Catalogo | Letrame Grupo Editorial","isPartOf":{"@id":"https:\/\/letrame.com\/catalogo\/#website"},"primaryImageOfPage":{"@id":"https:\/\/letrame.com\/catalogo\/producto\/el-secreto-de-luna-y-mishi\/#primaryimage"},"image":{"@id":"https:\/\/letrame.com\/catalogo\/producto\/el-secreto-de-luna-y-mishi\/#primaryimage"},"thumbnailUrl":"https:\/\/letrame.com\/catalogo\/wp-content\/uploads\/2024\/08\/elsecretodeluna_635mm4-compressed.jpg","datePublished":"2024-08-21T07:19:18+00:00","dateModified":"2024-08-21T07:19:19+00:00","breadcrumb":{"@id":"https:\/\/letrame.com\/catalogo\/producto\/el-secreto-de-luna-y-mishi\/#breadcrumb"},"inLanguage":"es","potentialAction":[{"@type":"ReadAction","target":["https:\/\/letrame.com\/catalogo\/producto\/el-secreto-de-luna-y-mishi\/"]}]},{"@type":"ImageObject","inLanguage":"es","@id":"https:\/\/letrame.com\/catalogo\/producto\/el-secreto-de-luna-y-mishi\/#primaryimage","url":"https:\/\/letrame.com\/catalogo\/wp-content\/uploads\/2024\/08\/elsecretodeluna_635mm4-compressed.jpg","contentUrl":"https:\/\/letrame.com\/catalogo\/wp-content\/uploads\/2024\/08\/elsecretodeluna_635mm4-compressed.jpg","width":1476,"height":2244},{"@type":"BreadcrumbList","@id":"https:\/\/letrame.com\/catalogo\/producto\/el-secreto-de-luna-y-mishi\/#breadcrumb","itemListElement":[{"@type":"ListItem","position":1,"name":"Portada","item":"https:\/\/letrame.com\/catalogo\/"},{"@type":"ListItem","position":2,"name":"Cat\u00e1logo","item":"https:\/\/letrame.com\/catalogo\/"},{"@type":"ListItem","position":3,"name":"El secreto de Luna y Mishi"}]},{"@type":"WebSite","@id":"https:\/\/letrame.com\/catalogo\/#website","url":"https:\/\/letrame.com\/catalogo\/","name":"Catalogo | Letrame Grupo Editorial","description":"","publisher":{"@id":"https:\/\/letrame.com\/catalogo\/#organization"},"potentialAction":[{"@type":"SearchAction","target":{"@type":"EntryPoint","urlTemplate":"https:\/\/letrame.com\/catalogo\/?s={search_term_string}"},"query-input":{"@type":"PropertyValueSpecification","valueRequired":true,"valueName":"search_term_string"}}],"inLanguage":"es"},{"@type":"Organization","@id":"https:\/\/letrame.com\/catalogo\/#organization","name":"Catalogo | Letrame Grupo Editorial","url":"https:\/\/letrame.com\/catalogo\/","logo":{"@type":"ImageObject","inLanguage":"es","@id":"https:\/\/letrame.com\/catalogo\/#\/schema\/logo\/image\/","url":"https:\/\/letrame.com\/catalogo\/wp-content\/uploads\/2024\/03\/logo2.webp","contentUrl":"https:\/\/letrame.com\/catalogo\/wp-content\/uploads\/2024\/03\/logo2.webp","width":394,"height":128,"caption":"Catalogo | Letrame Grupo Editorial"},"image":{"@id":"https:\/\/letrame.com\/catalogo\/#\/schema\/logo\/image\/"}}]}},"_links":{"self":[{"href":"https:\/\/letrame.com\/catalogo\/wp-json\/wp\/v2\/product\/105865","targetHints":{"allow":["GET"]}}],"collection":[{"href":"https:\/\/letrame.com\/catalogo\/wp-json\/wp\/v2\/product"}],"about":[{"href":"https:\/\/letrame.com\/catalogo\/wp-json\/wp\/v2\/types\/product"}],"replies":[{"embeddable":true,"href":"https:\/\/letrame.com\/catalogo\/wp-json\/wp\/v2\/comments?post=105865"}],"acf:post":[{"embeddable":true,"href":"https:\/\/letrame.com\/catalogo\/wp-json\/wp\/v2\/author_book\/105864"}],"wp:featuredmedia":[{"embeddable":true,"href":"https:\/\/letrame.com\/catalogo\/wp-json\/wp\/v2\/media\/105868"}],"wp:attachment":[{"href":"https:\/\/letrame.com\/catalogo\/wp-json\/wp\/v2\/media?parent=105865"}],"wp:term":[{"taxonomy":"libro","embeddable":true,"href":"https:\/\/letrame.com\/catalogo\/wp-json\/wp\/v2\/libro?post=105865"},{"taxonomy":"product_brand","embeddable":true,"href":"https:\/\/letrame.com\/catalogo\/wp-json\/wp\/v2\/product_brand?post=105865"},{"taxonomy":"product_cat","embeddable":true,"href":"https:\/\/letrame.com\/catalogo\/wp-json\/wp\/v2\/product_cat?post=105865"},{"taxonomy":"product_tag","embeddable":true,"href":"https:\/\/letrame.com\/catalogo\/wp-json\/wp\/v2\/product_tag?post=105865"}],"curies":[{"name":"wp","href":"https:\/\/api.w.org\/{rel}","templated":true}]}}