{"id":105854,"date":"2024-08-20T12:27:41","date_gmt":"2024-08-20T10:27:41","guid":{"rendered":"https:\/\/letrame.com\/catalogo\/?post_type=product&#038;p=105854"},"modified":"2024-08-20T12:28:26","modified_gmt":"2024-08-20T10:28:26","slug":"el-microbio-blanco","status":"publish","type":"product","link":"https:\/\/letrame.com\/catalogo\/producto\/el-microbio-blanco\/","title":{"rendered":"El microbio blanco"},"content":{"rendered":"<p class=\"p1\">ISBN:\u00a0978-84-1068-566-6<\/p>\n<p class=\"p1\">T\u00edtulo:\u00a0El microbio blanco<\/p>\n<p class=\"p1\">Fecha: 2024<\/p>\n<p class=\"p1\">P\u00e1ginas: 420<\/p>\n<p class=\"p1\">SINOPSIS<\/p>\n<p>Rub\u00e9n Mirabet, un m\u00e9dico en la cincuentena desencantado por las miserias humanas, repasa los recuerdos de su juventud. Junto a sus dos colegas, Flores-Smith y Armando Salinas, reflexiona sobre el sentido de la vida y las relaciones de pareja.<\/p>\n<p>Casi por curiosidad, se sumerge en un periplo de relaciones sexuales, la mayor\u00eda grotescas e insatisfactorias, que solo consiguen aumentar su desd\u00e9n por la sociedad. Entonces conoce a M\u00f3nica, una joven estudiante de medicina, despierta e idealista, que arrastra turbulentos conflictos interiores. Lo que empez\u00f3 como una aventura m\u00e1s, se transforma en un romance que pone al protagonista frente a las cuerdas de sus principios. Y llega la pandemia de COVID.<\/p>\n<p>Mirabet, poco propenso a la monoton\u00eda, se pone a la cabeza de un equipo para combatir el virus en primera l\u00ednea. Con crudeza se van desvelando los detalles m\u00e1s dram\u00e1ticos de esos d\u00edas.<\/p>\n<p>En sus cavilaciones, Mirabet retrata los nuevos tiempos que pasan a toda prisa y obligan a generaciones a cambiar su manera de vivir y de entender el mundo, en busca de una identidad perdida.<\/p>\n<p>Escrita en primera persona, la novela cuenta, desde la fina iron\u00eda que caracteriza al mis\u00e1ntropo protagonista, detalles desconocidos sobre la clase m\u00e9dica, los hospitales y la sanidad p\u00fablica. En realidad, el tono reflexivo y sarc\u00e1stico del personaje esconde un grito desesperado frente a las edades de la vida y los procesos que han preocupado desde siempre al ser humano: la muerte, el paso del tiempo, el amor, la soledad, el sexo o la amistad.<\/p>\n","protected":false},"excerpt":{"rendered":"<p class=\"p1\">ISBN:\u00a0978-84-1068-566-6<\/p>\n<p class=\"p1\">SINOPSIS<\/p>\n<p>Rub\u00e9n Mirabet, un m\u00e9dico en la cincuentena desencantado por las miserias humanas, repasa los recuerdos de su juventud. Junto a sus dos colegas, Flores-Smith y Armando Salinas, reflexiona sobre el sentido de la vida y las relaciones de pareja.<\/p>\n<p>Casi por curiosidad, se sumerge en un periplo de relaciones sexuales, la mayor\u00eda grotescas e insatisfactorias, que solo consiguen aumentar su desd\u00e9n por la sociedad. Entonces conoce a M\u00f3nica, una joven estudiante de medicina, despierta e idealista, que arrastra turbulentos conflictos interiores. Lo que empez\u00f3 como una aventura m\u00e1s, se transforma en un romance que pone al protagonista frente a las cuerdas de sus principios. Y llega la pandemia de COVID.<\/p>\n<p>Mirabet, poco propenso a la monoton\u00eda, se pone a la cabeza de un equipo para combatir el virus en primera l\u00ednea. Con crudeza se van desvelando los detalles m\u00e1s dram\u00e1ticos de esos d\u00edas.<\/p>\n<p>En sus cavilaciones, Mirabet retrata los nuevos tiempos que pasan a toda prisa y obligan a generaciones a cambiar su manera de vivir y de entender el mundo, en busca de una identidad perdida.<\/p>\n<p>Escrita en primera persona, la novela cuenta, desde la fina iron\u00eda que caracteriza al mis\u00e1ntropo protagonista, detalles desconocidos sobre la clase m\u00e9dica, los hospitales y la sanidad p\u00fablica. En realidad, el tono reflexivo y sarc\u00e1stico del personaje esconde un grito desesperado frente a las edades de la vida y los procesos que han preocupado desde siempre al ser humano: la muerte, el paso del tiempo, el amor, la soledad, el sexo o la amistad.<\/p>\n","protected":false},"featured_media":105858,"comment_status":"open","ping_status":"closed","template":"","meta":{"_acf_changed":false},"libro":[],"product_brand":[],"product_cat":[47],"product_tag":[],"class_list":{"0":"post-105854","1":"product","2":"type-product","3":"status-publish","4":"has-post-thumbnail","6":"product_cat-ciencia-ficcion-misterio","8":"first","9":"instock","10":"shipping-taxable","11":"product-type-simple"},"acf":{"autor":[105855],"enlace_de_compra":"https:\/\/amzn.to\/3yTiOeI"},"yoast_head":"<!-- This site is optimized with the Yoast SEO plugin v26.6 - https:\/\/yoast.com\/wordpress\/plugins\/seo\/ -->\n<title>El microbio blanco - Catalogo | Letrame Grupo Editorial<\/title>\n<meta name=\"robots\" content=\"index, follow, max-snippet:-1, max-image-preview:large, max-video-preview:-1\" \/>\n<link rel=\"canonical\" href=\"https:\/\/letrame.com\/catalogo\/producto\/el-microbio-blanco\/\" \/>\n<meta property=\"og:locale\" content=\"es_ES\" \/>\n<meta property=\"og:type\" content=\"article\" \/>\n<meta property=\"og:title\" content=\"El microbio blanco - Catalogo | Letrame Grupo Editorial\" \/>\n<meta property=\"og:description\" content=\"ISBN:\u00a0978-84-1068-566-6 SINOPSIS Rub\u00e9n Mirabet, un m\u00e9dico en la cincuentena desencantado por las miserias humanas, repasa los recuerdos de su juventud. Junto a sus dos colegas, Flores-Smith y Armando Salinas, reflexiona sobre el sentido de la vida y las relaciones de pareja.  Casi por curiosidad, se sumerge en un periplo de relaciones sexuales, la mayor\u00eda grotescas e insatisfactorias, que solo consiguen aumentar su desd\u00e9n por la sociedad. Entonces conoce a M\u00f3nica, una joven estudiante de medicina, despierta e idealista, que arrastra turbulentos conflictos interiores. Lo que empez\u00f3 como una aventura m\u00e1s, se transforma en un romance que pone al protagonista frente a las cuerdas de sus principios. Y llega la pandemia de COVID.  Mirabet, poco propenso a la monoton\u00eda, se pone a la cabeza de un equipo para combatir el virus en primera l\u00ednea. Con crudeza se van desvelando los detalles m\u00e1s dram\u00e1ticos de esos d\u00edas.  En sus cavilaciones, Mirabet retrata los nuevos tiempos que pasan a toda prisa y obligan a generaciones a cambiar su manera de vivir y de entender el mundo, en busca de una identidad perdida.  Escrita en primera persona, la novela cuenta, desde la fina iron\u00eda que caracteriza al mis\u00e1ntropo protagonista, detalles desconocidos sobre la clase m\u00e9dica, los hospitales y la sanidad p\u00fablica. En realidad, el tono reflexivo y sarc\u00e1stico del personaje esconde un grito desesperado frente a las edades de la vida y los procesos que han preocupado desde siempre al ser humano: la muerte, el paso del tiempo, el amor, la soledad, el sexo o la amistad.\" \/>\n<meta property=\"og:url\" content=\"https:\/\/letrame.com\/catalogo\/producto\/el-microbio-blanco\/\" \/>\n<meta property=\"og:site_name\" content=\"Catalogo | Letrame Grupo Editorial\" \/>\n<meta property=\"article:modified_time\" content=\"2024-08-20T10:28:26+00:00\" \/>\n<meta property=\"og:image\" content=\"https:\/\/letrame.com\/catalogo\/wp-content\/uploads\/2024\/08\/elmicrobio_2651mm4-compressed-scaled.jpg\" \/>\n\t<meta property=\"og:image:width\" content=\"1746\" \/>\n\t<meta property=\"og:image:height\" content=\"2560\" \/>\n\t<meta property=\"og:image:type\" content=\"image\/jpeg\" \/>\n<meta name=\"twitter:card\" content=\"summary_large_image\" \/>\n<meta name=\"twitter:label1\" content=\"Tiempo de lectura\" \/>\n\t<meta name=\"twitter:data1\" content=\"2 minutos\" \/>\n<script type=\"application\/ld+json\" class=\"yoast-schema-graph\">{\"@context\":\"https:\/\/schema.org\",\"@graph\":[{\"@type\":\"WebPage\",\"@id\":\"https:\/\/letrame.com\/catalogo\/producto\/el-microbio-blanco\/\",\"url\":\"https:\/\/letrame.com\/catalogo\/producto\/el-microbio-blanco\/\",\"name\":\"El microbio blanco - Catalogo | Letrame Grupo Editorial\",\"isPartOf\":{\"@id\":\"https:\/\/letrame.com\/catalogo\/#website\"},\"primaryImageOfPage\":{\"@id\":\"https:\/\/letrame.com\/catalogo\/producto\/el-microbio-blanco\/#primaryimage\"},\"image\":{\"@id\":\"https:\/\/letrame.com\/catalogo\/producto\/el-microbio-blanco\/#primaryimage\"},\"thumbnailUrl\":\"https:\/\/letrame.com\/catalogo\/wp-content\/uploads\/2024\/08\/elmicrobio_2651mm4-compressed-scaled.jpg\",\"datePublished\":\"2024-08-20T10:27:41+00:00\",\"dateModified\":\"2024-08-20T10:28:26+00:00\",\"breadcrumb\":{\"@id\":\"https:\/\/letrame.com\/catalogo\/producto\/el-microbio-blanco\/#breadcrumb\"},\"inLanguage\":\"es\",\"potentialAction\":[{\"@type\":\"ReadAction\",\"target\":[\"https:\/\/letrame.com\/catalogo\/producto\/el-microbio-blanco\/\"]}]},{\"@type\":\"ImageObject\",\"inLanguage\":\"es\",\"@id\":\"https:\/\/letrame.com\/catalogo\/producto\/el-microbio-blanco\/#primaryimage\",\"url\":\"https:\/\/letrame.com\/catalogo\/wp-content\/uploads\/2024\/08\/elmicrobio_2651mm4-compressed-scaled.jpg\",\"contentUrl\":\"https:\/\/letrame.com\/catalogo\/wp-content\/uploads\/2024\/08\/elmicrobio_2651mm4-compressed-scaled.jpg\",\"width\":1746,\"height\":2560},{\"@type\":\"BreadcrumbList\",\"@id\":\"https:\/\/letrame.com\/catalogo\/producto\/el-microbio-blanco\/#breadcrumb\",\"itemListElement\":[{\"@type\":\"ListItem\",\"position\":1,\"name\":\"Portada\",\"item\":\"https:\/\/letrame.com\/catalogo\/\"},{\"@type\":\"ListItem\",\"position\":2,\"name\":\"Cat\u00e1logo\",\"item\":\"https:\/\/letrame.com\/catalogo\/\"},{\"@type\":\"ListItem\",\"position\":3,\"name\":\"El microbio blanco\"}]},{\"@type\":\"WebSite\",\"@id\":\"https:\/\/letrame.com\/catalogo\/#website\",\"url\":\"https:\/\/letrame.com\/catalogo\/\",\"name\":\"Catalogo | Letrame Grupo Editorial\",\"description\":\"\",\"publisher\":{\"@id\":\"https:\/\/letrame.com\/catalogo\/#organization\"},\"potentialAction\":[{\"@type\":\"SearchAction\",\"target\":{\"@type\":\"EntryPoint\",\"urlTemplate\":\"https:\/\/letrame.com\/catalogo\/?s={search_term_string}\"},\"query-input\":{\"@type\":\"PropertyValueSpecification\",\"valueRequired\":true,\"valueName\":\"search_term_string\"}}],\"inLanguage\":\"es\"},{\"@type\":\"Organization\",\"@id\":\"https:\/\/letrame.com\/catalogo\/#organization\",\"name\":\"Catalogo | Letrame Grupo Editorial\",\"url\":\"https:\/\/letrame.com\/catalogo\/\",\"logo\":{\"@type\":\"ImageObject\",\"inLanguage\":\"es\",\"@id\":\"https:\/\/letrame.com\/catalogo\/#\/schema\/logo\/image\/\",\"url\":\"https:\/\/letrame.com\/catalogo\/wp-content\/uploads\/2024\/03\/logo2.webp\",\"contentUrl\":\"https:\/\/letrame.com\/catalogo\/wp-content\/uploads\/2024\/03\/logo2.webp\",\"width\":394,\"height\":128,\"caption\":\"Catalogo | Letrame Grupo Editorial\"},\"image\":{\"@id\":\"https:\/\/letrame.com\/catalogo\/#\/schema\/logo\/image\/\"}}]}<\/script>\n<!-- \/ Yoast SEO plugin. -->","yoast_head_json":{"title":"El microbio blanco - Catalogo | Letrame Grupo Editorial","robots":{"index":"index","follow":"follow","max-snippet":"max-snippet:-1","max-image-preview":"max-image-preview:large","max-video-preview":"max-video-preview:-1"},"canonical":"https:\/\/letrame.com\/catalogo\/producto\/el-microbio-blanco\/","og_locale":"es_ES","og_type":"article","og_title":"El microbio blanco - Catalogo | Letrame Grupo Editorial","og_description":"ISBN:\u00a0978-84-1068-566-6 SINOPSIS Rub\u00e9n Mirabet, un m\u00e9dico en la cincuentena desencantado por las miserias humanas, repasa los recuerdos de su juventud. Junto a sus dos colegas, Flores-Smith y Armando Salinas, reflexiona sobre el sentido de la vida y las relaciones de pareja.  Casi por curiosidad, se sumerge en un periplo de relaciones sexuales, la mayor\u00eda grotescas e insatisfactorias, que solo consiguen aumentar su desd\u00e9n por la sociedad. Entonces conoce a M\u00f3nica, una joven estudiante de medicina, despierta e idealista, que arrastra turbulentos conflictos interiores. Lo que empez\u00f3 como una aventura m\u00e1s, se transforma en un romance que pone al protagonista frente a las cuerdas de sus principios. Y llega la pandemia de COVID.  Mirabet, poco propenso a la monoton\u00eda, se pone a la cabeza de un equipo para combatir el virus en primera l\u00ednea. Con crudeza se van desvelando los detalles m\u00e1s dram\u00e1ticos de esos d\u00edas.  En sus cavilaciones, Mirabet retrata los nuevos tiempos que pasan a toda prisa y obligan a generaciones a cambiar su manera de vivir y de entender el mundo, en busca de una identidad perdida.  Escrita en primera persona, la novela cuenta, desde la fina iron\u00eda que caracteriza al mis\u00e1ntropo protagonista, detalles desconocidos sobre la clase m\u00e9dica, los hospitales y la sanidad p\u00fablica. En realidad, el tono reflexivo y sarc\u00e1stico del personaje esconde un grito desesperado frente a las edades de la vida y los procesos que han preocupado desde siempre al ser humano: la muerte, el paso del tiempo, el amor, la soledad, el sexo o la amistad.","og_url":"https:\/\/letrame.com\/catalogo\/producto\/el-microbio-blanco\/","og_site_name":"Catalogo | Letrame Grupo Editorial","article_modified_time":"2024-08-20T10:28:26+00:00","og_image":[{"width":1746,"height":2560,"url":"https:\/\/letrame.com\/catalogo\/wp-content\/uploads\/2024\/08\/elmicrobio_2651mm4-compressed-scaled.jpg","type":"image\/jpeg"}],"twitter_card":"summary_large_image","twitter_misc":{"Tiempo de lectura":"2 minutos"},"schema":{"@context":"https:\/\/schema.org","@graph":[{"@type":"WebPage","@id":"https:\/\/letrame.com\/catalogo\/producto\/el-microbio-blanco\/","url":"https:\/\/letrame.com\/catalogo\/producto\/el-microbio-blanco\/","name":"El microbio blanco - Catalogo | Letrame Grupo Editorial","isPartOf":{"@id":"https:\/\/letrame.com\/catalogo\/#website"},"primaryImageOfPage":{"@id":"https:\/\/letrame.com\/catalogo\/producto\/el-microbio-blanco\/#primaryimage"},"image":{"@id":"https:\/\/letrame.com\/catalogo\/producto\/el-microbio-blanco\/#primaryimage"},"thumbnailUrl":"https:\/\/letrame.com\/catalogo\/wp-content\/uploads\/2024\/08\/elmicrobio_2651mm4-compressed-scaled.jpg","datePublished":"2024-08-20T10:27:41+00:00","dateModified":"2024-08-20T10:28:26+00:00","breadcrumb":{"@id":"https:\/\/letrame.com\/catalogo\/producto\/el-microbio-blanco\/#breadcrumb"},"inLanguage":"es","potentialAction":[{"@type":"ReadAction","target":["https:\/\/letrame.com\/catalogo\/producto\/el-microbio-blanco\/"]}]},{"@type":"ImageObject","inLanguage":"es","@id":"https:\/\/letrame.com\/catalogo\/producto\/el-microbio-blanco\/#primaryimage","url":"https:\/\/letrame.com\/catalogo\/wp-content\/uploads\/2024\/08\/elmicrobio_2651mm4-compressed-scaled.jpg","contentUrl":"https:\/\/letrame.com\/catalogo\/wp-content\/uploads\/2024\/08\/elmicrobio_2651mm4-compressed-scaled.jpg","width":1746,"height":2560},{"@type":"BreadcrumbList","@id":"https:\/\/letrame.com\/catalogo\/producto\/el-microbio-blanco\/#breadcrumb","itemListElement":[{"@type":"ListItem","position":1,"name":"Portada","item":"https:\/\/letrame.com\/catalogo\/"},{"@type":"ListItem","position":2,"name":"Cat\u00e1logo","item":"https:\/\/letrame.com\/catalogo\/"},{"@type":"ListItem","position":3,"name":"El microbio blanco"}]},{"@type":"WebSite","@id":"https:\/\/letrame.com\/catalogo\/#website","url":"https:\/\/letrame.com\/catalogo\/","name":"Catalogo | Letrame Grupo Editorial","description":"","publisher":{"@id":"https:\/\/letrame.com\/catalogo\/#organization"},"potentialAction":[{"@type":"SearchAction","target":{"@type":"EntryPoint","urlTemplate":"https:\/\/letrame.com\/catalogo\/?s={search_term_string}"},"query-input":{"@type":"PropertyValueSpecification","valueRequired":true,"valueName":"search_term_string"}}],"inLanguage":"es"},{"@type":"Organization","@id":"https:\/\/letrame.com\/catalogo\/#organization","name":"Catalogo | Letrame Grupo Editorial","url":"https:\/\/letrame.com\/catalogo\/","logo":{"@type":"ImageObject","inLanguage":"es","@id":"https:\/\/letrame.com\/catalogo\/#\/schema\/logo\/image\/","url":"https:\/\/letrame.com\/catalogo\/wp-content\/uploads\/2024\/03\/logo2.webp","contentUrl":"https:\/\/letrame.com\/catalogo\/wp-content\/uploads\/2024\/03\/logo2.webp","width":394,"height":128,"caption":"Catalogo | Letrame Grupo Editorial"},"image":{"@id":"https:\/\/letrame.com\/catalogo\/#\/schema\/logo\/image\/"}}]}},"_links":{"self":[{"href":"https:\/\/letrame.com\/catalogo\/wp-json\/wp\/v2\/product\/105854","targetHints":{"allow":["GET"]}}],"collection":[{"href":"https:\/\/letrame.com\/catalogo\/wp-json\/wp\/v2\/product"}],"about":[{"href":"https:\/\/letrame.com\/catalogo\/wp-json\/wp\/v2\/types\/product"}],"replies":[{"embeddable":true,"href":"https:\/\/letrame.com\/catalogo\/wp-json\/wp\/v2\/comments?post=105854"}],"acf:post":[{"embeddable":true,"href":"https:\/\/letrame.com\/catalogo\/wp-json\/wp\/v2\/author_book\/105855"}],"wp:featuredmedia":[{"embeddable":true,"href":"https:\/\/letrame.com\/catalogo\/wp-json\/wp\/v2\/media\/105858"}],"wp:attachment":[{"href":"https:\/\/letrame.com\/catalogo\/wp-json\/wp\/v2\/media?parent=105854"}],"wp:term":[{"taxonomy":"libro","embeddable":true,"href":"https:\/\/letrame.com\/catalogo\/wp-json\/wp\/v2\/libro?post=105854"},{"taxonomy":"product_brand","embeddable":true,"href":"https:\/\/letrame.com\/catalogo\/wp-json\/wp\/v2\/product_brand?post=105854"},{"taxonomy":"product_cat","embeddable":true,"href":"https:\/\/letrame.com\/catalogo\/wp-json\/wp\/v2\/product_cat?post=105854"},{"taxonomy":"product_tag","embeddable":true,"href":"https:\/\/letrame.com\/catalogo\/wp-json\/wp\/v2\/product_tag?post=105854"}],"curies":[{"name":"wp","href":"https:\/\/api.w.org\/{rel}","templated":true}]}}