{"id":105844,"date":"2024-08-20T11:09:52","date_gmt":"2024-08-20T09:09:52","guid":{"rendered":"https:\/\/letrame.com\/catalogo\/?post_type=product&#038;p=105844"},"modified":"2024-08-20T11:09:52","modified_gmt":"2024-08-20T09:09:52","slug":"unified-horizons-in-search-of-the-new-world-order","status":"publish","type":"product","link":"https:\/\/letrame.com\/catalogo\/producto\/unified-horizons-in-search-of-the-new-world-order\/","title":{"rendered":"Unified horizons in search of the new world order"},"content":{"rendered":"<p class=\"p1\">ISBN:\u00a0978-84-1068-634-2<\/p>\n<p class=\"p1\">T\u00edtulo: Unified horizons in search of the new world order<\/p>\n<p class=\"p1\">Fecha: 2024<\/p>\n<p class=\"p1\">P\u00e1ginas: 190<\/p>\n<p class=\"p1\">SINOPSIS<\/p>\n<p>Damas y caballeros, p\u00fablico en general, el d\u00eda de hoy es un d\u00eda hist\u00f3rico para toda la civilizaci\u00f3n humana, me honro al presentar un ideal y un proyecto global que muchas generaciones pasadas han deseado volver una realidad tangible para las futuras generaciones. En las siguientes p\u00e1ginas, se despliega ante nuestros ojos un mundo que solo existe en los m\u00e1s audaces sue\u00f1os de la humanidad, la instauraci\u00f3n de un nuevo gobierno unificado que ha logrado eliminar las guerras, la corrupci\u00f3n, la violencia social, la injusticia, las diferencias sociales, religiosas, la pobreza y las fronteras entre los pa\u00edses; un gobierno basado en la ciencia y la tecnolog\u00eda, que ha adquirido el poder de transformar nuestra civilizaci\u00f3n humana de manera profunda y significativa.<\/p>\n<p>Con cada l\u00ednea trazada en este libro, se dibuja un horizonte lleno de esperanza y promesas, un horizonte en el que nuestros anhelos m\u00e1s profundos son finalmente satisfechos, en estas primeras p\u00e1ginas, descubrir\u00e1s una visi\u00f3n de futuro en la que la humanidad ha aprendido las lecciones del pasado y ha forjado un camino hacia la justicia, la paz y la seguridad para todo.<\/p>\n","protected":false},"excerpt":{"rendered":"<p class=\"p1\">ISBN:\u00a0978-84-1068-634-2<\/p>\n<p class=\"p1\">SINOPSIS<\/p>\n<p>Damas y caballeros, p\u00fablico en general, el d\u00eda de hoy es un d\u00eda hist\u00f3rico para toda la civilizaci\u00f3n humana, me honro al presentar un ideal y un proyecto global que muchas generaciones pasadas han deseado volver una realidad tangible para las futuras generaciones. En las siguientes p\u00e1ginas, se despliega ante nuestros ojos un mundo que solo existe en los m\u00e1s audaces sue\u00f1os de la humanidad, la instauraci\u00f3n de un nuevo gobierno unificado que ha logrado eliminar las guerras, la corrupci\u00f3n, la violencia social, la injusticia, las diferencias sociales, religiosas, la pobreza y las fronteras entre los pa\u00edses; un gobierno basado en la ciencia y la tecnolog\u00eda, que ha adquirido el poder de transformar nuestra civilizaci\u00f3n humana de manera profunda y significativa.<\/p>\n<p>Con cada l\u00ednea trazada en este libro, se dibuja un horizonte lleno de esperanza y promesas, un horizonte en el que nuestros anhelos m\u00e1s profundos son finalmente satisfechos, en estas primeras p\u00e1ginas, descubrir\u00e1s una visi\u00f3n de futuro en la que la humanidad ha aprendido las lecciones del pasado y ha forjado un camino hacia la justicia, la paz y la seguridad para todo.<\/p>\n","protected":false},"featured_media":105846,"comment_status":"open","ping_status":"closed","template":"","meta":{"_acf_changed":false},"libro":[],"product_brand":[],"product_cat":[47],"product_tag":[],"class_list":{"0":"post-105844","1":"product","2":"type-product","3":"status-publish","4":"has-post-thumbnail","6":"product_cat-ciencia-ficcion-misterio","8":"first","9":"instock","10":"shipping-taxable","11":"product-type-simple"},"acf":{"autor":[105843],"enlace_de_compra":"https:\/\/amzn.to\/4dTdPtD"},"yoast_head":"<!-- This site is optimized with the Yoast SEO plugin v27.4 - https:\/\/yoast.com\/product\/yoast-seo-wordpress\/ -->\n<title>Unified horizons in search of the new world order - Catalogo | Letrame Grupo Editorial<\/title>\n<meta name=\"robots\" content=\"index, follow, max-snippet:-1, max-image-preview:large, max-video-preview:-1\" \/>\n<link rel=\"canonical\" href=\"https:\/\/letrame.com\/catalogo\/producto\/unified-horizons-in-search-of-the-new-world-order\/\" \/>\n<meta property=\"og:locale\" content=\"es_ES\" \/>\n<meta property=\"og:type\" content=\"article\" \/>\n<meta property=\"og:title\" content=\"Unified horizons in search of the new world order - Catalogo | Letrame Grupo Editorial\" \/>\n<meta property=\"og:description\" content=\"ISBN:\u00a0978-84-1068-634-2 SINOPSIS Damas y caballeros, p\u00fablico en general, el d\u00eda de hoy es un d\u00eda hist\u00f3rico para toda la civilizaci\u00f3n humana, me honro al presentar un ideal y un proyecto global que muchas generaciones pasadas han deseado volver una realidad tangible para las futuras generaciones. En las siguientes p\u00e1ginas, se despliega ante nuestros ojos un mundo que solo existe en los m\u00e1s audaces sue\u00f1os de la humanidad, la instauraci\u00f3n de un nuevo gobierno unificado que ha logrado eliminar las guerras, la corrupci\u00f3n, la violencia social, la injusticia, las diferencias sociales, religiosas, la pobreza y las fronteras entre los pa\u00edses; un gobierno basado en la ciencia y la tecnolog\u00eda, que ha adquirido el poder de transformar nuestra civilizaci\u00f3n humana de manera profunda y significativa.  Con cada l\u00ednea trazada en este libro, se dibuja un horizonte lleno de esperanza y promesas, un horizonte en el que nuestros anhelos m\u00e1s profundos son finalmente satisfechos, en estas primeras p\u00e1ginas, descubrir\u00e1s una visi\u00f3n de futuro en la que la humanidad ha aprendido las lecciones del pasado y ha forjado un camino hacia la justicia, la paz y la seguridad para todo.\" \/>\n<meta property=\"og:url\" content=\"https:\/\/letrame.com\/catalogo\/producto\/unified-horizons-in-search-of-the-new-world-order\/\" \/>\n<meta property=\"og:site_name\" content=\"Catalogo | Letrame Grupo Editorial\" \/>\n<meta property=\"og:image\" content=\"https:\/\/letrame.com\/catalogo\/wp-content\/uploads\/2024\/08\/portada-urgente-compressed-scaled.jpg\" \/>\n\t<meta property=\"og:image:width\" content=\"1744\" \/>\n\t<meta property=\"og:image:height\" content=\"2560\" \/>\n\t<meta property=\"og:image:type\" content=\"image\/jpeg\" \/>\n<meta name=\"twitter:card\" content=\"summary_large_image\" \/>\n<meta name=\"twitter:label1\" content=\"Tiempo de lectura\" \/>\n\t<meta name=\"twitter:data1\" content=\"2 minutos\" \/>\n<script type=\"application\/ld+json\" class=\"yoast-schema-graph\">{\"@context\":\"https:\\\/\\\/schema.org\",\"@graph\":[{\"@type\":\"WebPage\",\"@id\":\"https:\\\/\\\/letrame.com\\\/catalogo\\\/producto\\\/unified-horizons-in-search-of-the-new-world-order\\\/\",\"url\":\"https:\\\/\\\/letrame.com\\\/catalogo\\\/producto\\\/unified-horizons-in-search-of-the-new-world-order\\\/\",\"name\":\"Unified horizons in search of the new world order - Catalogo | Letrame Grupo Editorial\",\"isPartOf\":{\"@id\":\"https:\\\/\\\/letrame.com\\\/catalogo\\\/#website\"},\"primaryImageOfPage\":{\"@id\":\"https:\\\/\\\/letrame.com\\\/catalogo\\\/producto\\\/unified-horizons-in-search-of-the-new-world-order\\\/#primaryimage\"},\"image\":{\"@id\":\"https:\\\/\\\/letrame.com\\\/catalogo\\\/producto\\\/unified-horizons-in-search-of-the-new-world-order\\\/#primaryimage\"},\"thumbnailUrl\":\"https:\\\/\\\/letrame.com\\\/catalogo\\\/wp-content\\\/uploads\\\/2024\\\/08\\\/portada-urgente-compressed-scaled.jpg\",\"datePublished\":\"2024-08-20T09:09:52+00:00\",\"breadcrumb\":{\"@id\":\"https:\\\/\\\/letrame.com\\\/catalogo\\\/producto\\\/unified-horizons-in-search-of-the-new-world-order\\\/#breadcrumb\"},\"inLanguage\":\"es\",\"potentialAction\":[{\"@type\":\"ReadAction\",\"target\":[\"https:\\\/\\\/letrame.com\\\/catalogo\\\/producto\\\/unified-horizons-in-search-of-the-new-world-order\\\/\"]}]},{\"@type\":\"ImageObject\",\"inLanguage\":\"es\",\"@id\":\"https:\\\/\\\/letrame.com\\\/catalogo\\\/producto\\\/unified-horizons-in-search-of-the-new-world-order\\\/#primaryimage\",\"url\":\"https:\\\/\\\/letrame.com\\\/catalogo\\\/wp-content\\\/uploads\\\/2024\\\/08\\\/portada-urgente-compressed-scaled.jpg\",\"contentUrl\":\"https:\\\/\\\/letrame.com\\\/catalogo\\\/wp-content\\\/uploads\\\/2024\\\/08\\\/portada-urgente-compressed-scaled.jpg\",\"width\":1744,\"height\":2560},{\"@type\":\"BreadcrumbList\",\"@id\":\"https:\\\/\\\/letrame.com\\\/catalogo\\\/producto\\\/unified-horizons-in-search-of-the-new-world-order\\\/#breadcrumb\",\"itemListElement\":[{\"@type\":\"ListItem\",\"position\":1,\"name\":\"Portada\",\"item\":\"https:\\\/\\\/letrame.com\\\/catalogo\\\/\"},{\"@type\":\"ListItem\",\"position\":2,\"name\":\"Cat\u00e1logo\",\"item\":\"https:\\\/\\\/letrame.com\\\/catalogo\\\/\"},{\"@type\":\"ListItem\",\"position\":3,\"name\":\"Unified horizons in search of the new world order\"}]},{\"@type\":\"WebSite\",\"@id\":\"https:\\\/\\\/letrame.com\\\/catalogo\\\/#website\",\"url\":\"https:\\\/\\\/letrame.com\\\/catalogo\\\/\",\"name\":\"Catalogo | Letrame Grupo Editorial\",\"description\":\"\",\"publisher\":{\"@id\":\"https:\\\/\\\/letrame.com\\\/catalogo\\\/#organization\"},\"potentialAction\":[{\"@type\":\"SearchAction\",\"target\":{\"@type\":\"EntryPoint\",\"urlTemplate\":\"https:\\\/\\\/letrame.com\\\/catalogo\\\/?s={search_term_string}\"},\"query-input\":{\"@type\":\"PropertyValueSpecification\",\"valueRequired\":true,\"valueName\":\"search_term_string\"}}],\"inLanguage\":\"es\"},{\"@type\":\"Organization\",\"@id\":\"https:\\\/\\\/letrame.com\\\/catalogo\\\/#organization\",\"name\":\"Catalogo | Letrame Grupo Editorial\",\"url\":\"https:\\\/\\\/letrame.com\\\/catalogo\\\/\",\"logo\":{\"@type\":\"ImageObject\",\"inLanguage\":\"es\",\"@id\":\"https:\\\/\\\/letrame.com\\\/catalogo\\\/#\\\/schema\\\/logo\\\/image\\\/\",\"url\":\"https:\\\/\\\/letrame.com\\\/catalogo\\\/wp-content\\\/uploads\\\/2024\\\/03\\\/logo2.webp\",\"contentUrl\":\"https:\\\/\\\/letrame.com\\\/catalogo\\\/wp-content\\\/uploads\\\/2024\\\/03\\\/logo2.webp\",\"width\":394,\"height\":128,\"caption\":\"Catalogo | Letrame Grupo Editorial\"},\"image\":{\"@id\":\"https:\\\/\\\/letrame.com\\\/catalogo\\\/#\\\/schema\\\/logo\\\/image\\\/\"}}]}<\/script>\n<!-- \/ Yoast SEO plugin. -->","yoast_head_json":{"title":"Unified horizons in search of the new world order - Catalogo | Letrame Grupo Editorial","robots":{"index":"index","follow":"follow","max-snippet":"max-snippet:-1","max-image-preview":"max-image-preview:large","max-video-preview":"max-video-preview:-1"},"canonical":"https:\/\/letrame.com\/catalogo\/producto\/unified-horizons-in-search-of-the-new-world-order\/","og_locale":"es_ES","og_type":"article","og_title":"Unified horizons in search of the new world order - Catalogo | Letrame Grupo Editorial","og_description":"ISBN:\u00a0978-84-1068-634-2 SINOPSIS Damas y caballeros, p\u00fablico en general, el d\u00eda de hoy es un d\u00eda hist\u00f3rico para toda la civilizaci\u00f3n humana, me honro al presentar un ideal y un proyecto global que muchas generaciones pasadas han deseado volver una realidad tangible para las futuras generaciones. En las siguientes p\u00e1ginas, se despliega ante nuestros ojos un mundo que solo existe en los m\u00e1s audaces sue\u00f1os de la humanidad, la instauraci\u00f3n de un nuevo gobierno unificado que ha logrado eliminar las guerras, la corrupci\u00f3n, la violencia social, la injusticia, las diferencias sociales, religiosas, la pobreza y las fronteras entre los pa\u00edses; un gobierno basado en la ciencia y la tecnolog\u00eda, que ha adquirido el poder de transformar nuestra civilizaci\u00f3n humana de manera profunda y significativa.  Con cada l\u00ednea trazada en este libro, se dibuja un horizonte lleno de esperanza y promesas, un horizonte en el que nuestros anhelos m\u00e1s profundos son finalmente satisfechos, en estas primeras p\u00e1ginas, descubrir\u00e1s una visi\u00f3n de futuro en la que la humanidad ha aprendido las lecciones del pasado y ha forjado un camino hacia la justicia, la paz y la seguridad para todo.","og_url":"https:\/\/letrame.com\/catalogo\/producto\/unified-horizons-in-search-of-the-new-world-order\/","og_site_name":"Catalogo | Letrame Grupo Editorial","og_image":[{"width":1744,"height":2560,"url":"https:\/\/letrame.com\/catalogo\/wp-content\/uploads\/2024\/08\/portada-urgente-compressed-scaled.jpg","type":"image\/jpeg"}],"twitter_card":"summary_large_image","twitter_misc":{"Tiempo de lectura":"2 minutos"},"schema":{"@context":"https:\/\/schema.org","@graph":[{"@type":"WebPage","@id":"https:\/\/letrame.com\/catalogo\/producto\/unified-horizons-in-search-of-the-new-world-order\/","url":"https:\/\/letrame.com\/catalogo\/producto\/unified-horizons-in-search-of-the-new-world-order\/","name":"Unified horizons in search of the new world order - Catalogo | Letrame Grupo Editorial","isPartOf":{"@id":"https:\/\/letrame.com\/catalogo\/#website"},"primaryImageOfPage":{"@id":"https:\/\/letrame.com\/catalogo\/producto\/unified-horizons-in-search-of-the-new-world-order\/#primaryimage"},"image":{"@id":"https:\/\/letrame.com\/catalogo\/producto\/unified-horizons-in-search-of-the-new-world-order\/#primaryimage"},"thumbnailUrl":"https:\/\/letrame.com\/catalogo\/wp-content\/uploads\/2024\/08\/portada-urgente-compressed-scaled.jpg","datePublished":"2024-08-20T09:09:52+00:00","breadcrumb":{"@id":"https:\/\/letrame.com\/catalogo\/producto\/unified-horizons-in-search-of-the-new-world-order\/#breadcrumb"},"inLanguage":"es","potentialAction":[{"@type":"ReadAction","target":["https:\/\/letrame.com\/catalogo\/producto\/unified-horizons-in-search-of-the-new-world-order\/"]}]},{"@type":"ImageObject","inLanguage":"es","@id":"https:\/\/letrame.com\/catalogo\/producto\/unified-horizons-in-search-of-the-new-world-order\/#primaryimage","url":"https:\/\/letrame.com\/catalogo\/wp-content\/uploads\/2024\/08\/portada-urgente-compressed-scaled.jpg","contentUrl":"https:\/\/letrame.com\/catalogo\/wp-content\/uploads\/2024\/08\/portada-urgente-compressed-scaled.jpg","width":1744,"height":2560},{"@type":"BreadcrumbList","@id":"https:\/\/letrame.com\/catalogo\/producto\/unified-horizons-in-search-of-the-new-world-order\/#breadcrumb","itemListElement":[{"@type":"ListItem","position":1,"name":"Portada","item":"https:\/\/letrame.com\/catalogo\/"},{"@type":"ListItem","position":2,"name":"Cat\u00e1logo","item":"https:\/\/letrame.com\/catalogo\/"},{"@type":"ListItem","position":3,"name":"Unified horizons in search of the new world order"}]},{"@type":"WebSite","@id":"https:\/\/letrame.com\/catalogo\/#website","url":"https:\/\/letrame.com\/catalogo\/","name":"Catalogo | Letrame Grupo Editorial","description":"","publisher":{"@id":"https:\/\/letrame.com\/catalogo\/#organization"},"potentialAction":[{"@type":"SearchAction","target":{"@type":"EntryPoint","urlTemplate":"https:\/\/letrame.com\/catalogo\/?s={search_term_string}"},"query-input":{"@type":"PropertyValueSpecification","valueRequired":true,"valueName":"search_term_string"}}],"inLanguage":"es"},{"@type":"Organization","@id":"https:\/\/letrame.com\/catalogo\/#organization","name":"Catalogo | Letrame Grupo Editorial","url":"https:\/\/letrame.com\/catalogo\/","logo":{"@type":"ImageObject","inLanguage":"es","@id":"https:\/\/letrame.com\/catalogo\/#\/schema\/logo\/image\/","url":"https:\/\/letrame.com\/catalogo\/wp-content\/uploads\/2024\/03\/logo2.webp","contentUrl":"https:\/\/letrame.com\/catalogo\/wp-content\/uploads\/2024\/03\/logo2.webp","width":394,"height":128,"caption":"Catalogo | Letrame Grupo Editorial"},"image":{"@id":"https:\/\/letrame.com\/catalogo\/#\/schema\/logo\/image\/"}}]}},"_links":{"self":[{"href":"https:\/\/letrame.com\/catalogo\/wp-json\/wp\/v2\/product\/105844","targetHints":{"allow":["GET"]}}],"collection":[{"href":"https:\/\/letrame.com\/catalogo\/wp-json\/wp\/v2\/product"}],"about":[{"href":"https:\/\/letrame.com\/catalogo\/wp-json\/wp\/v2\/types\/product"}],"replies":[{"embeddable":true,"href":"https:\/\/letrame.com\/catalogo\/wp-json\/wp\/v2\/comments?post=105844"}],"acf:post":[{"embeddable":true,"href":"https:\/\/letrame.com\/catalogo\/wp-json\/wp\/v2\/author_book\/105843"}],"wp:featuredmedia":[{"embeddable":true,"href":"https:\/\/letrame.com\/catalogo\/wp-json\/wp\/v2\/media\/105846"}],"wp:attachment":[{"href":"https:\/\/letrame.com\/catalogo\/wp-json\/wp\/v2\/media?parent=105844"}],"wp:term":[{"taxonomy":"libro","embeddable":true,"href":"https:\/\/letrame.com\/catalogo\/wp-json\/wp\/v2\/libro?post=105844"},{"taxonomy":"product_brand","embeddable":true,"href":"https:\/\/letrame.com\/catalogo\/wp-json\/wp\/v2\/product_brand?post=105844"},{"taxonomy":"product_cat","embeddable":true,"href":"https:\/\/letrame.com\/catalogo\/wp-json\/wp\/v2\/product_cat?post=105844"},{"taxonomy":"product_tag","embeddable":true,"href":"https:\/\/letrame.com\/catalogo\/wp-json\/wp\/v2\/product_tag?post=105844"}],"curies":[{"name":"wp","href":"https:\/\/api.w.org\/{rel}","templated":true}]}}